{"id":1466931,"date":"2025-11-11T12:01:19","date_gmt":"2025-11-11T12:01:19","guid":{"rendered":"https:\/\/talkpal.ai\/albanian-kielioppi\/"},"modified":"2025-12-30T15:37:51","modified_gmt":"2025-12-30T15:37:51","slug":"albanian-kielioppi","status":"publish","type":"page","link":"https:\/\/talkpal.ai\/fi\/albanian-kielioppi\/","title":{"rendered":"Albanian kielioppi"},"content":{"rendered":"\r\n\r\n\r\n<section class=\"languageChallengeSection\">\r\n    <div class=\"languageInfoWrapper\">\r\n        \r\n        <h1>Albanian kielioppi<\/h1>\r\n        <p><a href=\"https:\/\/talkpal.ai\/learn-albanian\/\">Albanian<\/a> kielioppi saattaa aluksi tuntua haastavalta, mutta sen ainutlaatuiset ominaisuudet tekev\u00e4t kielen oppimisesta palkitsevan kokemuksen. Tutustumalla sen aakkosiin, mutaatioihin ja kielioppis\u00e4\u00e4nt\u00f6ihin saat k\u00e4sityksen rikkaasta kieliperinteest\u00e4. Aloita matkasi ja tutustu <a href=\"https:\/\/talkpal.ai\/learn-albanian\/\">albanian<\/a> kauneuteen!<\/p>\r\n\r\n                            <a class=\"getStartedHidden\" href=\"https:\/\/app.talkpal.ai\/fi\/signup?lng=\">Aloita<\/a>\r\n        \r\n    <\/div>\r\n\r\n    <figure>\r\n    <img decoding=\"async\" width=\"768\" height=\"768\" src=\"https:\/\/talkpal.ai\/wp-content\/uploads\/2023\/06\/welsh-768x768.png\" class=\"languageImage no-lazy\" alt=\"Default alt text\" fetchpriority=\"high\" sizes=\"(max-width: 768px) 150px, 768px\" srcset=\"https:\/\/talkpal.ai\/wp-content\/uploads\/2023\/06\/welsh-768x768.png 768w, https:\/\/talkpal.ai\/wp-content\/uploads\/2023\/06\/welsh-300x300.png 300w\" \/>\r\n    \r\n\r\n    <\/figure>\r\n\r\n            <a class=\"getStartedVisible\" href=\"https:\/\/app.talkpal.ai\/fi\/signup?lng=\">Aloita<\/a>\r\n    \r\n<\/section><section class=\"promotionalBanner\">\r\n    <p class=\"promotionalText\">Tehokkain tapa oppia kielt\u00e4<\/p>\r\n    <a class=\"promotionalLink\" href=\"https:\/\/app.talkpal.ai\/fi\/signup?lng=\">Kokeile Talkpal ilmaiseksi<\/a>\r\n<\/section>\n<div class=\"wp-block-group pageContainerStyle\"><div class=\"wp-block-group__inner-container is-layout-constrained wp-block-group-is-layout-constrained\">\n<h2 class=\"wp-block-heading\" id=\"h-navigating-the-intricacies-of-albanian-grammar\">Navigointi albanian kieliopin monimutkaisuudessa<\/h2>\n\n\n\n<p><a href=\"https:\/\/talkpal.ai\/fi\/opi-albaniaa\/\">Albania<\/a>, indoeurooppalainen kieli, jolla on selke\u00e4 haara ja syv\u00e4t kulttuuriset juuret, tarjoaa palkitsevan matkan oppijoille, jotka ovat kiinnostuneita sen ainutlaatuisesta kielioppi- ja \u00e4\u00e4nij\u00e4rjestelm\u00e4st\u00e4. Kun tutkit albaniaa, laajennat kielellist\u00e4 ty\u00f6kalupakkiasi ja olet samalla yhteydess\u00e4 Albanian kulttuuriin ja laajempaan albaniankieliseen maailmaan. Albanian kielioppi voi aluksi n\u00e4ytt\u00e4\u00e4 monimutkaiselta, mutta sen jakaminen ydinosiin tekee etenemisest\u00e4 suoraviivaista. Alla on kohdennettu opas olennaisiin asioihin ja vinkkej\u00e4, joiden avulla voit hallita ne.<\/p>\n\n\n\n<h3 class=\"wp-block-heading\" id=\"h-1-albanian-alphabet-and-phonetics\">1. Albanian aakkoset ja fonetiikka<\/h3>\n\n\n\n<p>Albanialaisessa aakkosessa on 36 kirjainta, joista useat kirjoitetaan digrafeina, mutta lasketaan yksitt\u00e4isiksi kirjaimiksi, kuten dh, gj, ll, nj, rr, sh, th, xh, zh. Se k\u00e4ytt\u00e4\u00e4 my\u00f6s \u00e7 ja \u00eb, ja vokaali y edustaa l\u00e4heist\u00e4 py\u00f6ristetty\u00e4 \u00e4\u00e4nnett\u00e4. R:n ja rr:n v\u00e4linen kontrasti on merkityksellinen, ja q ja gj ovat kitalaen pys\u00e4hdyksi\u00e4, jotka eroavat k:sta ja g:st\u00e4. N\u00e4ihin \u00e4\u00e4niin ja kirjaimiin tottuminen \u00e4\u00e4neen lukemisen ja kuunteluharjoittelun avulla on t\u00e4rke\u00e4 ensimm\u00e4inen askel.<\/p>\n\n\n\n<h3 class=\"wp-block-heading\" id=\"h-2-definite-articles-and-linkers-a-distinctive-albanian-feature\">2. M\u00e4\u00e4r\u00e4iset artikkelit ja linkit: Albanian erottuva piirre<\/h3>\n\n\n\n<p>Albanian tunnusmerkki on m\u00e4\u00e4r\u00e4inen artikkeli, joka liittyy substantiiveihin ja vaihtelee sukupuolen ja numeron mukaan. Toinen merkitt\u00e4v\u00e4 piirre on substantiivilausekkeen yhdist\u00e4v\u00e4 partikkeli, tyypillisesti i <a href=\"https:\/\/talkpal.ai\/learn-thai\/\">tai<\/a> e ep\u00e4m\u00e4\u00e4r\u00e4isess\u00e4 ja t\u00eb tai s\u00eb m\u00e4\u00e4r\u00e4isess\u00e4 ja sijaisessa kontekstissa, jota k\u00e4ytet\u00e4\u00e4n ennen adjektiiveja ja joitakin m\u00e4\u00e4reit\u00e4. Tarkan albaniakielisen viestinn\u00e4n kannalta on t\u00e4rke\u00e4\u00e4 ymm\u00e4rt\u00e4\u00e4, milloin ja miten t\u00e4sm\u00e4llisyys ja linkitt\u00e4j\u00e4 esiintyv\u00e4t.<\/p>\n\n\n\n<h3 class=\"wp-block-heading\" id=\"h-3-nouns-and-pronouns-gender-and-cases\">3. Substantiivit ja pronominit: sukupuoli ja tapaukset<\/h3>\n\n\n\n<p>Albanian substantiiveilla on kieliopillinen sukupuoli (maskuliininen tai feminiini) ja ne noudattavat erilaisia monikkomuodostusmalleja. Kieli merkitsee substantiivilausekkeessa sijasuhteita, yleiskieless\u00e4 perinteisesti viisi sijamuotoa. Pronominit sis\u00e4lt\u00e4v\u00e4t persoonallisia, omistus-, refleksiivisi\u00e4, demonstratiivisia ja kysyvi\u00e4 muotoja sek\u00e4 verbiin kiinnittyvi\u00e4 objektiklitiikkoja. N\u00e4ihin pronomineihin ja niiden sijoitteluun tutustuminen parantaa merkitt\u00e4v\u00e4sti ymm\u00e4rryst\u00e4si albanian kieliopista.<\/p>\n\n\n\n<h3 class=\"wp-block-heading\" id=\"h-4-verbs-structure-and-conjugation\">4. Verbit: rakenne ja taivutus<\/h3>\n\n\n\n<p>Albanian verbit noudattavat selke\u00e4\u00e4 rakennetta ja taivutusmallia aikamuodosta, mielialasta ja henkil\u00f6st\u00e4 riippuen. Olennaisia aikamuotoja ovat nykyisyys, <a href=\"https:\/\/talkpal.ai\/fi\/grammar\/yksinkertainen-menneisyys-azerbaidzanin-kielioppissa\/\">yksinkertainen menneisyys<\/a>, ep\u00e4t\u00e4ydellinen ja yhdistelm\u00e4perfekti sek\u00e4 tulevaisuus, joka muodostetaan do t\u00eb ja konjunktiivilla. <a href=\"https:\/\/talkpal.ai\/locations\/language-courses-in-albania\/\">Albania<\/a> k\u00e4ytt\u00e4\u00e4 my\u00f6s laajasti konjunktiivia, ja se sis\u00e4lt\u00e4\u00e4 konditionaalisia ja imperatiivisia moodeja. Yleisten verbien taivutuss\u00e4\u00e4nt\u00f6jen oppiminen parantaa kyky\u00e4si kommunikoida tehokkaasti albaniaksi.<\/p>\n\n\n\n<h3 class=\"wp-block-heading\" id=\"h-5-adjectives-agreement-and-placement\">5. Adjektiivit: sopimus ja sijoitus<\/h3>\n\n\n\n<p>Albanian kieliopissa adjektiivit seuraavat tyypillisesti muokkaamaansa substantiivia ja sopivat yhdist\u00e4v\u00e4n partikkelin kautta, joka osoittaa sukupuolen ja numeron. Joillakin adjektiiveilla on ep\u00e4s\u00e4\u00e4nn\u00f6llisi\u00e4 komparatiivi- ja superlatiiveja, ja komparatiivit k\u00e4ytt\u00e4v\u00e4t usein m\u00eb ja adjektiivia, kun taas superlatiivit lis\u00e4\u00e4v\u00e4t samaa mielt\u00e4 olevan artikkelin. Sopimuksen ja sijoittelun hallitseminen auttaa sinua kuulostamaan luonnolliselta.<\/p>\n\n\n\n<p><strong>Esimerkkej\u00e4:<\/strong><\/p>\n\n\n\n<p><strong>\u2013 Dashuri e Madhe (Suuri rakkaus)<\/strong><\/p>\n\n\n\n<p><strong>\u2013 f\u00ebmij\u00eb t\u00eb vegj\u00ebl (pienet lapset)<\/strong><\/p>\n\n\n\n<h3 class=\"wp-block-heading\" id=\"h-6-engaging-with-the-language\">6. Sitoutuminen kieleen<\/h3>\n\n\n\n<p>Tehokkain tapa ymm\u00e4rt\u00e4\u00e4 ja sis\u00e4ist\u00e4\u00e4 albanian kielioppi on olla johdonmukaisesti tekemisiss\u00e4 kielen kanssa. Lukemalla albanialaista kirjallisuutta, katsomalla albanialaisia elokuvia tai televisiosarjoja, seuraamalla uutisia ja podcasteja sek\u00e4 kommunikoimalla aktiivisesti \u00e4idinkielen\u00e4\u00e4n puhuvien kanssa vahvistat kieliopin ymm\u00e4rryst\u00e4si ja laajennat sanavarastoasi.<\/p>\n\n\n\n<h3 class=\"wp-block-heading\" id=\"h-conclusion\">P\u00e4\u00e4telm\u00e4<\/h3>\n\n\n\n<p>Vaikka albanian kielioppi saattaa tuntua monimutkaiselta, voit oppia t\u00e4m\u00e4n kauniin kielen omistautumalla, harjoittelemalla ja innolla. Keskittym\u00e4ll\u00e4 peruss\u00e4\u00e4nt\u00f6ihin ja osallistumalla kieleen eri yhteyksiss\u00e4 parannat nopeasti albanian <a href=\"https:\/\/talkpal.ai\/fi\/kielioppi\/\">kielioppitaitojasi<\/a>. Suksese albanian kielen matkallasi ja nauti albanian kieliopin ilmeikk\u00e4\u00e4n ja kiehtovan maailman purkamisesta.<\/p>\n<\/div><\/div>\n\r\n<section class=\"learnNavigationSection\">\r\n            \r\n        <a href=\"https:\/\/talkpal.ai\/fi\/opi-albaniaa\/\">\r\n            <div class=\"learnNavigationWrapper\">\r\n                <div class=\"learnNavigationContent\">\r\n                    <img decoding=\"async\" src=\"https:\/\/talkpal.ai\/wp-content\/uploads\/2025\/11\/Albanian.png\" alt=\"Albanian Flag\">\r\n                    <div>\r\n                        <h4>Tietoja albanian kielen oppimisesta<\/h4>\r\n                        <p>Ota selv\u00e4\u00e4 albanian kieliopista.<\/p>\r\n                    <\/div>\r\n                <\/div>\r\n            <\/div>\r\n        <\/a>\r\n\r\n        \r\n        <a href=\"https:\/\/talkpal.ai\/fi\/albanian-kielioppiharjoitukset\/\">\r\n            <div class=\"learnNavigationWrapper\">\r\n                <div class=\"learnNavigationContent\">\r\n                    <img decoding=\"async\" src=\"https:\/\/talkpal.ai\/wp-content\/uploads\/2025\/11\/Albanian.png\" alt=\"Albanian Flag\">\r\n                    <div>\r\n                        <h4>Albanian kielioppiharjoitus<\/h4>\r\n                        <p>Harjoittele albanian kielioppia.<\/p>\r\n                    <\/div>\r\n                <\/div>\r\n            <\/div>\r\n        <\/a>\r\n\r\n            <\/section>","protected":false},"excerpt":{"rendered":"<p>Navigointi albanian kieliopin monimutkaisuudessa Albania, indoeurooppalainen kieli, jolla on selke\u00e4 haara ja syv\u00e4t kulttuuriset juuret, tarjoaa palkitsevan matkan oppijoille, jotka ovat kiinnostuneita sen ainutlaatuisesta kielioppi- ja \u00e4\u00e4nij\u00e4rjestelm\u00e4st\u00e4. Kun tutkit albaniaa, laajennat kielellist\u00e4 ty\u00f6kalupakkiasi ja olet samalla yhteydess\u00e4 Albanian kulttuuriin ja laajempaan albaniankieliseen maailmaan. Albanian kielioppi voi aluksi n\u00e4ytt\u00e4\u00e4 monimutkaiselta, mutta sen jakaminen ydinosiin tekee etenemisest\u00e4 [&hellip;]<\/p>\n","protected":false},"author":20,"featured_media":0,"parent":0,"menu_order":0,"comment_status":"closed","ping_status":"closed","template":"LearningContentPage.php","meta":{"_acf_changed":false,"footnotes":""},"class_list":["post-1466931","page","type-page","status-publish","hentry"],"acf":[],"yoast_head":"<!-- This site is optimized with the Yoast SEO Premium plugin v27.2 (Yoast SEO v27.2) - https:\/\/yoast.com\/product\/yoast-seo-premium-wordpress\/ -->\n<title>Albanian kielioppi - Talkpal<\/title>\n<meta name=\"description\" content=\"Opettele albanian kieliopin keskeiset asiat, kuten tapaukset ja verbit, Talkpalin interaktiivisen teko\u00e4lyn avulla.\" \/>\n<meta name=\"robots\" content=\"index, follow, max-snippet:-1, max-image-preview:large, max-video-preview:-1\" \/>\n<link rel=\"canonical\" href=\"https:\/\/talkpal.ai\/fi\/albanian-kielioppi\/\" \/>\n<meta property=\"og:locale\" content=\"fi_FI\" \/>\n<meta property=\"og:type\" content=\"article\" \/>\n<meta property=\"og:title\" content=\"Albanian kielioppi\" \/>\n<meta property=\"og:description\" content=\"Navigointi albanian kieliopin monimutkaisuudessa Albania, indoeurooppalainen kieli, jolla on selke\u00e4 haara ja syv\u00e4t kulttuuriset juuret, tarjoaa\" \/>\n<meta property=\"og:url\" content=\"https:\/\/talkpal.ai\/fi\/albanian-kielioppi\/\" \/>\n<meta property=\"og:site_name\" content=\"Talkpal\" \/>\n<meta property=\"article:publisher\" content=\"https:\/\/www.facebook.com\/profile.php?id=100090733639311\" \/>\n<meta property=\"article:modified_time\" content=\"2025-12-30T15:37:51+00:00\" \/>\n<meta property=\"og:image\" content=\"https:\/\/talkpal.ai\/wp-content\/uploads\/2025\/02\/Progress-tab-16_9.png\" \/>\n\t<meta property=\"og:image:width\" content=\"2880\" \/>\n\t<meta property=\"og:image:height\" content=\"1620\" \/>\n\t<meta property=\"og:image:type\" content=\"image\/png\" \/>\n<meta name=\"twitter:card\" content=\"summary_large_image\" \/>\n<meta name=\"twitter:site\" content=\"@talkpalai\" \/>\n<meta name=\"twitter:label1\" content=\"Arvioitu lukuaika\" \/>\n\t<meta name=\"twitter:data1\" content=\"3 minuuttia\" \/>\n<script type=\"application\/ld+json\" class=\"yoast-schema-graph\">{\"@context\":\"https:\/\/schema.org\",\"@graph\":[{\"@type\":\"WebPage\",\"@id\":\"https:\/\/talkpal.ai\/fi\/albanian-kielioppi\/\",\"url\":\"https:\/\/talkpal.ai\/fi\/albanian-kielioppi\/\",\"name\":\"Albanian kielioppi - Talkpal\",\"isPartOf\":{\"@id\":\"https:\/\/talkpal.ai\/fi\/#website\"},\"datePublished\":\"2025-11-11T12:01:19+00:00\",\"dateModified\":\"2025-12-30T15:37:51+00:00\",\"description\":\"Opettele albanian kieliopin keskeiset asiat, kuten tapaukset ja verbit, Talkpalin interaktiivisen teko\u00e4lyn avulla.\",\"breadcrumb\":{\"@id\":\"https:\/\/talkpal.ai\/fi\/albanian-kielioppi\/#breadcrumb\"},\"inLanguage\":\"fi\",\"potentialAction\":[{\"@type\":\"ReadAction\",\"target\":[\"https:\/\/talkpal.ai\/fi\/albanian-kielioppi\/\"]}]},{\"@type\":\"BreadcrumbList\",\"@id\":\"https:\/\/talkpal.ai\/fi\/albanian-kielioppi\/#breadcrumb\",\"itemListElement\":[{\"@type\":\"ListItem\",\"position\":1,\"name\":\"Homepage\",\"item\":\"https:\/\/talkpal.ai\/fi\/\"},{\"@type\":\"ListItem\",\"position\":2,\"name\":\"Albanian kielioppi\"}]},{\"@type\":\"WebSite\",\"@id\":\"https:\/\/talkpal.ai\/fi\/#website\",\"url\":\"https:\/\/talkpal.ai\/fi\/\",\"name\":\"Talkpal\",\"description\":\"AI Language Learning\",\"publisher\":{\"@id\":\"https:\/\/talkpal.ai\/fi\/#organization\"},\"alternateName\":\"Talkpal AI\",\"potentialAction\":[{\"@type\":\"SearchAction\",\"target\":{\"@type\":\"EntryPoint\",\"urlTemplate\":\"https:\/\/talkpal.ai\/fi\/?s={search_term_string}\"},\"query-input\":{\"@type\":\"PropertyValueSpecification\",\"valueRequired\":true,\"valueName\":\"search_term_string\"}}],\"inLanguage\":\"fi\"},{\"@type\":\"Organization\",\"@id\":\"https:\/\/talkpal.ai\/fi\/#organization\",\"name\":\"Talkpal, Inc.\",\"alternateName\":\"Talkpal AI\",\"url\":\"https:\/\/talkpal.ai\/fi\/\",\"logo\":{\"@type\":\"ImageObject\",\"inLanguage\":\"fi\",\"@id\":\"https:\/\/talkpal.ai\/fi\/#\/schema\/logo\/image\/\",\"url\":\"https:\/\/talkpal.ai\/wp-content\/uploads\/2024\/03\/Talkpal-Logo-Icon.png\",\"contentUrl\":\"https:\/\/talkpal.ai\/wp-content\/uploads\/2024\/03\/Talkpal-Logo-Icon.png\",\"width\":2880,\"height\":2880,\"caption\":\"Talkpal, Inc.\"},\"image\":{\"@id\":\"https:\/\/talkpal.ai\/fi\/#\/schema\/logo\/image\/\"},\"sameAs\":[\"https:\/\/www.facebook.com\/profile.php?id=100090733639311\",\"https:\/\/x.com\/talkpalai\",\"https:\/\/www.linkedin.com\/company\/talkpal\/\",\"https:\/\/www.youtube.com\/@TalkPal\/\",\"https:\/\/www.tiktok.com\/@talkpal\",\"https:\/\/www.instagram.com\/talkpal_ai\/\",\"https:\/\/www.crunchbase.com\/organization\/talkpal-9cde\",\"https:\/\/www.g2.com\/products\/talkpal-for-business\/\",\"https:\/\/www.trustpilot.com\/review\/talkpal.ai\",\"https:\/\/www.capterra.com\/p\/10006800\/TalkPal\/\"],\"description\":\"Talkpal is a language learning web and mobile education app, powered by the latest AI technologies, that provides engaging experiences to its customers in many different languages to help them improve their language skills. Users can chat about unlimited amount of topics with the app and use other modes to practice their language learning.\",\"email\":\"support@talkpal.ai\",\"legalName\":\"Talkpal, Inc.\",\"foundingDate\":\"2023-04-03\",\"duns\":\"118989042\",\"numberOfEmployees\":{\"@type\":\"QuantitativeValue\",\"minValue\":\"11\",\"maxValue\":\"50\"},\"publishingPrinciples\":\"https:\/\/talkpal.ai\/publishing-principles\/\",\"actionableFeedbackPolicy\":\"https:\/\/talkpal.ai\/actionable-feedback-policy\/\",\"correctionsPolicy\":\"https:\/\/talkpal.ai\/corrections-policy\/\",\"ethicsPolicy\":\"https:\/\/talkpal.ai\/ethics-policy\/\",\"diversityPolicy\":\"https:\/\/talkpal.ai\/diversity-policy\/\",\"diversityStaffingReport\":\"https:\/\/talkpal.ai\/diversity-policy\/\"}]}<\/script>\n<!-- \/ Yoast SEO Premium plugin. -->","yoast_head_json":{"title":"Albanian kielioppi - Talkpal","description":"Opettele albanian kieliopin keskeiset asiat, kuten tapaukset ja verbit, Talkpalin interaktiivisen teko\u00e4lyn avulla.","robots":{"index":"index","follow":"follow","max-snippet":"max-snippet:-1","max-image-preview":"max-image-preview:large","max-video-preview":"max-video-preview:-1"},"canonical":"https:\/\/talkpal.ai\/fi\/albanian-kielioppi\/","og_locale":"fi_FI","og_type":"article","og_title":"Albanian kielioppi","og_description":"Navigointi albanian kieliopin monimutkaisuudessa Albania, indoeurooppalainen kieli, jolla on selke\u00e4 haara ja syv\u00e4t kulttuuriset juuret, tarjoaa","og_url":"https:\/\/talkpal.ai\/fi\/albanian-kielioppi\/","og_site_name":"Talkpal","article_publisher":"https:\/\/www.facebook.com\/profile.php?id=100090733639311","article_modified_time":"2025-12-30T15:37:51+00:00","og_image":[{"width":2880,"height":1620,"url":"https:\/\/talkpal.ai\/wp-content\/uploads\/2025\/02\/Progress-tab-16_9.png","type":"image\/png"}],"twitter_card":"summary_large_image","twitter_site":"@talkpalai","twitter_misc":{"Arvioitu lukuaika":"3 minuuttia"},"schema":{"@context":"https:\/\/schema.org","@graph":[{"@type":"WebPage","@id":"https:\/\/talkpal.ai\/fi\/albanian-kielioppi\/","url":"https:\/\/talkpal.ai\/fi\/albanian-kielioppi\/","name":"Albanian kielioppi - Talkpal","isPartOf":{"@id":"https:\/\/talkpal.ai\/fi\/#website"},"datePublished":"2025-11-11T12:01:19+00:00","dateModified":"2025-12-30T15:37:51+00:00","description":"Opettele albanian kieliopin keskeiset asiat, kuten tapaukset ja verbit, Talkpalin interaktiivisen teko\u00e4lyn avulla.","breadcrumb":{"@id":"https:\/\/talkpal.ai\/fi\/albanian-kielioppi\/#breadcrumb"},"inLanguage":"fi","potentialAction":[{"@type":"ReadAction","target":["https:\/\/talkpal.ai\/fi\/albanian-kielioppi\/"]}]},{"@type":"BreadcrumbList","@id":"https:\/\/talkpal.ai\/fi\/albanian-kielioppi\/#breadcrumb","itemListElement":[{"@type":"ListItem","position":1,"name":"Homepage","item":"https:\/\/talkpal.ai\/fi\/"},{"@type":"ListItem","position":2,"name":"Albanian kielioppi"}]},{"@type":"WebSite","@id":"https:\/\/talkpal.ai\/fi\/#website","url":"https:\/\/talkpal.ai\/fi\/","name":"Talkpal","description":"AI Language Learning","publisher":{"@id":"https:\/\/talkpal.ai\/fi\/#organization"},"alternateName":"Talkpal AI","potentialAction":[{"@type":"SearchAction","target":{"@type":"EntryPoint","urlTemplate":"https:\/\/talkpal.ai\/fi\/?s={search_term_string}"},"query-input":{"@type":"PropertyValueSpecification","valueRequired":true,"valueName":"search_term_string"}}],"inLanguage":"fi"},{"@type":"Organization","@id":"https:\/\/talkpal.ai\/fi\/#organization","name":"Talkpal, Inc.","alternateName":"Talkpal AI","url":"https:\/\/talkpal.ai\/fi\/","logo":{"@type":"ImageObject","inLanguage":"fi","@id":"https:\/\/talkpal.ai\/fi\/#\/schema\/logo\/image\/","url":"https:\/\/talkpal.ai\/wp-content\/uploads\/2024\/03\/Talkpal-Logo-Icon.png","contentUrl":"https:\/\/talkpal.ai\/wp-content\/uploads\/2024\/03\/Talkpal-Logo-Icon.png","width":2880,"height":2880,"caption":"Talkpal, Inc."},"image":{"@id":"https:\/\/talkpal.ai\/fi\/#\/schema\/logo\/image\/"},"sameAs":["https:\/\/www.facebook.com\/profile.php?id=100090733639311","https:\/\/x.com\/talkpalai","https:\/\/www.linkedin.com\/company\/talkpal\/","https:\/\/www.youtube.com\/@TalkPal\/","https:\/\/www.tiktok.com\/@talkpal","https:\/\/www.instagram.com\/talkpal_ai\/","https:\/\/www.crunchbase.com\/organization\/talkpal-9cde","https:\/\/www.g2.com\/products\/talkpal-for-business\/","https:\/\/www.trustpilot.com\/review\/talkpal.ai","https:\/\/www.capterra.com\/p\/10006800\/TalkPal\/"],"description":"Talkpal is a language learning web and mobile education app, powered by the latest AI technologies, that provides engaging experiences to its customers in many different languages to help them improve their language skills. Users can chat about unlimited amount of topics with the app and use other modes to practice their language learning.","email":"support@talkpal.ai","legalName":"Talkpal, Inc.","foundingDate":"2023-04-03","duns":"118989042","numberOfEmployees":{"@type":"QuantitativeValue","minValue":"11","maxValue":"50"},"publishingPrinciples":"https:\/\/talkpal.ai\/publishing-principles\/","actionableFeedbackPolicy":"https:\/\/talkpal.ai\/actionable-feedback-policy\/","correctionsPolicy":"https:\/\/talkpal.ai\/corrections-policy\/","ethicsPolicy":"https:\/\/talkpal.ai\/ethics-policy\/","diversityPolicy":"https:\/\/talkpal.ai\/diversity-policy\/","diversityStaffingReport":"https:\/\/talkpal.ai\/diversity-policy\/"}]}},"_links":{"self":[{"href":"https:\/\/talkpal.ai\/fi\/wp-json\/wp\/v2\/pages\/1466931","targetHints":{"allow":["GET"]}}],"collection":[{"href":"https:\/\/talkpal.ai\/fi\/wp-json\/wp\/v2\/pages"}],"about":[{"href":"https:\/\/talkpal.ai\/fi\/wp-json\/wp\/v2\/types\/page"}],"author":[{"embeddable":true,"href":"https:\/\/talkpal.ai\/fi\/wp-json\/wp\/v2\/users\/20"}],"replies":[{"embeddable":true,"href":"https:\/\/talkpal.ai\/fi\/wp-json\/wp\/v2\/comments?post=1466931"}],"version-history":[{"count":0,"href":"https:\/\/talkpal.ai\/fi\/wp-json\/wp\/v2\/pages\/1466931\/revisions"}],"wp:attachment":[{"href":"https:\/\/talkpal.ai\/fi\/wp-json\/wp\/v2\/media?parent=1466931"}],"curies":[{"name":"wp","href":"https:\/\/api.w.org\/{rel}","templated":true}]}}