{"id":1466929,"date":"2025-11-11T12:32:58","date_gmt":"2025-11-11T12:32:58","guid":{"rendered":"https:\/\/talkpal.ai\/albanian-kielioppiharjoitukset\/"},"modified":"2025-12-30T15:40:01","modified_gmt":"2025-12-30T15:40:01","slug":"albanian-kielioppiharjoitukset","status":"publish","type":"page","link":"https:\/\/talkpal.ai\/fi\/albanian-kielioppiharjoitukset\/","title":{"rendered":"Albanian kielioppiharjoitukset"},"content":{"rendered":"\r\n\r\n\r\n<section class=\"languageChallengeSection\">\r\n    <div class=\"languageInfoWrapper\">\r\n        \r\n        <h1>Albanian kielioppiharjoitukset<\/h1>\r\n        <p>Oletko valmis sukeltamaan <a href=\"https:\/\/talkpal.ai\/learn-albanian\/\">albanian<\/a> kielioppiin? Muutamien perusasioiden harjoittelu auttaa sinua oppimaan t\u00e4m\u00e4n ainutlaatuisen ja kauniin kielen. Kokeile n\u00e4it\u00e4 harjoituksia itseluottamuksen lis\u00e4\u00e4miseksi ja pid\u00e4 hauskaa matkan varrella!<\/p>\r\n\r\n                            <a class=\"getStartedHidden\" href=\"https:\/\/app.talkpal.ai\/fi\/signup?lng=\">Aloita<\/a>\r\n        \r\n    <\/div>\r\n\r\n    <figure>\r\n    <img decoding=\"async\" width=\"768\" height=\"768\" src=\"https:\/\/talkpal.ai\/wp-content\/uploads\/2023\/06\/welsh-768x768.png\" class=\"languageImage no-lazy\" alt=\"Default alt text\" fetchpriority=\"high\" sizes=\"(max-width: 768px) 150px, 768px\" srcset=\"https:\/\/talkpal.ai\/wp-content\/uploads\/2023\/06\/welsh-768x768.png 768w, https:\/\/talkpal.ai\/wp-content\/uploads\/2023\/06\/welsh-300x300.png 300w\" \/>\r\n    \r\n\r\n    <\/figure>\r\n\r\n            <a class=\"getStartedVisible\" href=\"https:\/\/app.talkpal.ai\/fi\/signup?lng=\">Aloita<\/a>\r\n    \r\n<\/section><section class=\"promotionalBanner\">\r\n    <p class=\"promotionalText\">Tehokkain tapa oppia kielt\u00e4<\/p>\r\n    <a class=\"promotionalLink\" href=\"https:\/\/app.talkpal.ai\/fi\/signup?lng=\">Kokeile Talkpal ilmaiseksi<\/a>\r\n<\/section>\n<div class=\"wp-block-group pageContainerStyle\"><div class=\"wp-block-group__inner-container is-layout-constrained wp-block-group-is-layout-constrained\">\n<h2 class=\"wp-block-heading\" id=\"h-albanian-grammar-topics\">Albanian kielioppiaiheet<\/h2>\n\n\n\n<p><a href=\"https:\/\/talkpal.ai\/fi\/suurimmat-virheet-joita-kannattaa-valttaa-uuden-kielen-oppimisessa\/\">Uuden kielen oppiminen<\/a> voi olla haastavaa mutta palkitsevaa yrityst\u00e4. <a href=\"https:\/\/talkpal.ai\/locations\/language-courses-in-albania\/\">Albania<\/a>, indoeurooppalainen kieli, jota puhutaan p\u00e4\u00e4asiassa Albaniassa, ei ole poikkeus. Ainutlaatuisten ominaisuuksiensa ja rakenteidensa ansiosta <a href=\"https:\/\/talkpal.ai\/learn-albanian\/\">albanian<\/a> <a href=\"https:\/\/talkpal.ai\/fi\/talkpal-for-education\/\">oppiminen<\/a> vaatii systemaattista l\u00e4hestymistapaa sen rikkaan kieliopin ymm\u00e4rt\u00e4miseen. T\u00e4m\u00e4 opas hahmottelee <a href=\"https:\/\/talkpal.ai\/fi\/albanian-kielioppi\/\">albanian kieliopin<\/a> keskeiset osa-alueet <a href=\"https:\/\/talkpal.ai\/fi\/tekoaly-chatbot-kielten-oppimiseen\/\">kieltenoppimisen<\/a> loogisessa j\u00e4rjestyksess\u00e4 alkaen perusasioista, kuten substantiiveista ja artikkeleista, ja etenem\u00e4ll\u00e4 monimutkaisempiin alueisiin, kuten aikamuotoihin ja lauseenrakenteisiin.<\/p>\n\n\n\n<h3 class=\"wp-block-heading\" id=\"h-1-nouns\">1. Substantiivit:<\/h3>\n\n\n\n<p>Aloita albanian kielen matkasi opettelemalla substantiiveja. T\u00e4m\u00e4 sis\u00e4lt\u00e4\u00e4 sukupuolen ja numeron, yleisten ja erisnimien sek\u00e4 niiden monikkomuotojen ymm\u00e4rt\u00e4misen. Albanian substantiivit taivuttavat my\u00f6s sijamuotoa, ja niill\u00e4 on sek\u00e4 ep\u00e4m\u00e4\u00e4r\u00e4isi\u00e4 ett\u00e4 m\u00e4\u00e4r\u00e4isi\u00e4 muotoja, ja m\u00e4\u00e4r\u00e4isyys on usein merkitty substantiiviin liitetyll\u00e4 p\u00e4\u00e4tteell\u00e4.<\/p>\n\n\n\n<h3 class=\"wp-block-heading\" id=\"h-2-articles\">2. Artiklat:<\/h3>\n\n\n\n<p>Albaniankieliset artikkelit toimivat eri tavalla kuin <a href=\"https:\/\/talkpal.ai\/ai-english-speaking-practice\/\">englanninkieliset<\/a>. M\u00e4\u00e4r\u00e4inen artikkeli on tyypillisesti substantiiviin lis\u00e4tty p\u00e4\u00e4te, kun taas <a href=\"https:\/\/talkpal.ai\/fi\/grammar\/epamaarainen-artikkeli-bosnian-kielioppissa\/\">ep\u00e4m\u00e4\u00e4r\u00e4inen artikkeli<\/a> on erillinen sana nj\u00eb yksik\u00f6ss\u00e4. Albania k\u00e4ytt\u00e4\u00e4 my\u00f6s linkitt\u00e4v\u00e4\u00e4 artikkelia ennen adjektiiveja ja tietyiss\u00e4 genetiivirakenteissa, jotka ovat sukupuolen ja numeron suhteen yhtenev\u00e4isi\u00e4.<\/p>\n\n\n\n<h3 class=\"wp-block-heading\" id=\"h-3-adjectives\">3. Adjektiivit:<\/h3>\n\n\n\n<p>Albanian adjektiivit seuraavat yleens\u00e4 substantiivejaan. Yksimielisyys n\u00e4kyy adjektiivin eteen sijoitetulla linkitt\u00e4v\u00e4ll\u00e4 artikkelilla, joka kuvastaa substantiivin sukupuolta, numeroa ja kirjainkokoa. Opi muodostamaan komparatiivit ja superlatiivit, yleens\u00e4 m\u00eb komparatiiville ja m\u00e4\u00e4r\u00e4inen muoto superlatiiville.<\/p>\n\n\n\n<h3 class=\"wp-block-heading\" id=\"h-4-pronouns-determiners\">4. Pronominit\/m\u00e4\u00e4ritteet:<\/h3>\n\n\n\n<p>Pronominit ja determinaattorit ovat v\u00e4ltt\u00e4m\u00e4tt\u00f6mi\u00e4 albaniassa; Ne korvaavat substantiivit ja antavat tietoa henkil\u00f6st\u00e4, hallussapidosta, m\u00e4\u00e4r\u00e4st\u00e4 ja muusta. Kiinnit\u00e4 erityist\u00e4 huomiota kliittisiin objektipronomineihin, jotka esiintyv\u00e4t usein ennen verbi\u00e4, ja possessiivisiin m\u00e4\u00e4ritteisiin, jotka ovat sopusoinnussa niiden muokkaaman substantiivin kanssa.<\/p>\n\n\n\n<h3 class=\"wp-block-heading\" id=\"h-5-verbs\">5. Verbit:<\/h3>\n\n\n\n<p>Albanian verbit muuttavat persoonan ja numeron muotoa, ja niit\u00e4 k\u00e4ytet\u00e4\u00e4n useissa tunnelmissa, kuten indikatiivissa, konjunktiivissa, imperatiivissa, konditionaalisessa ja ihailevassa. Aloita preesensist\u00e4 ja yleisist\u00e4 menneisyyden muodoista ja laajenna sitten muihin tunnelmiin ja \u00e4\u00e4niin, mukaan lukien passiiviset muodostelmat.<\/p>\n\n\n\n<h3 class=\"wp-block-heading\" id=\"h-6-tenses\">6. Aikamuodot:<\/h3>\n\n\n\n<p>Kun olet oppinut verbimuodot, syvenny albanian aikamuotoihin. Avainmuotoja ovat preesens, ep\u00e4t\u00e4ydellinen, aoristi, perfekti, pluperfekti ja tulevaisuus. Lue, miten kutakin aikamuotoa k\u00e4ytet\u00e4\u00e4n kontekstissa ilmaisemaan suoritettuja toimintoja, meneill\u00e4\u00e4n olevia menneit\u00e4 toimintoja ja tulevia tapahtumia.<\/p>\n\n\n\n<h3 class=\"wp-block-heading\" id=\"h-7-tense-comparison\">7. J\u00e4nnittynyt vertailu:<\/h3>\n\n\n\n<p>Albanian aikamuotojen vertailu auttaa ymm\u00e4rt\u00e4m\u00e4\u00e4n tapahtumien j\u00e4rjestyst\u00e4 ja n\u00e4k\u00f6kulmaa. Vertaa aoristi nykyiseen t\u00e4ydelliseen ja ep\u00e4t\u00e4ydellist\u00e4 aoristiin n\u00e4hd\u00e4ksesi, kuinka albania erottaa yksitt\u00e4iset suoritetut teot, meneill\u00e4\u00e4n olevat teot ja nykyisen merkityksen.<\/p>\n\n\n\n<h3 class=\"wp-block-heading\" id=\"h-8-progressive\">8. Progressiivinen:<\/h3>\n\n\n\n<p>Albanian kieless\u00e4 progressiivinen aspekti ilmaistaan yleens\u00e4 p-partikkelilla po ennen \u00e4\u00e4rellist\u00e4 verbi\u00e4 <a href=\"https:\/\/talkpal.ai\/learn-thai\/\">tai<\/a> rakenteella jam duke, jota seuraa verbisubstantiivi tai partisiippi. K\u00e4yt\u00e4 niit\u00e4 ilmaisemaan meneill\u00e4\u00e4n olevia toimia nykyisyydess\u00e4 tai menneisyydess\u00e4.<\/p>\n\n\n\n<h3 class=\"wp-block-heading\" id=\"h-9-perfect-progressive\">9. T\u00e4ydellinen progressiivinen:<\/h3>\n\n\n\n<p>T\u00e4t\u00e4 n\u00e4k\u00f6kulmaa k\u00e4ytet\u00e4\u00e4n ilmaisemaan toimia, jotka ovat olleet k\u00e4ynniss\u00e4 tiettyyn pisteeseen <a href=\"https:\/\/talkpal.ai\/locations\/language-courses-in-asti\/\">asti<\/a>. Albanian kieless\u00e4 se muodostetaan kam qen\u00eb herttualla, jota seuraa partisiippi nykyhetken t\u00e4ydellisest\u00e4 progressiivisesta ja kisha qen\u00eb duke menneisyyden t\u00e4ydellisest\u00e4 progressiivisesta.<\/p>\n\n\n\n<h3 class=\"wp-block-heading\" id=\"h-10-conditionals\">10. Konditionaalit:<\/h3>\n\n\n\n<p>Konditionaalit ilmaisevat hypoteettisia tilanteita ja niiden mahdollisia tuloksia. Albania k\u00e4ytt\u00e4\u00e4 muotoja, joissa on do t\u00eb sek\u00e4 sopiva verbimuoto mahdollisille tai ep\u00e4todellisille tilanteille, ja if-lauseita, jotka esitell\u00e4\u00e4n n\u00ebse tai po t\u00eb. N\u00e4iden hallitseminen lis\u00e4\u00e4 vivahteita kielitaitoosi.<\/p>\n\n\n\n<h3 class=\"wp-block-heading\" id=\"h-11-adverbs\">11. Adverbit:<\/h3>\n\n\n\n<p>Albanian <a href=\"https:\/\/talkpal.ai\/fi\/grammar\/paikan-tsekin-kielioppi-adverbit\/\">adverbit<\/a> muokkaavat verbej\u00e4, adjektiiveja tai muita adverbej\u00e4. Ne tarjoavat tietoa tavasta, paikasta, ajasta, asteesta ja muusta, usein k\u00e4ytt\u00e4en muotoja, jotka ovat identtisi\u00e4 adjektiivien tai kiinteiden adverbiaalisanojen, kuten tani, dje, k\u00ebtu ja atje, kanssa.<\/p>\n\n\n\n<h3 class=\"wp-block-heading\" id=\"h-12-prepositions\">12. Prepositiot:<\/h3>\n\n\n\n<p>Prepositiot yhdist\u00e4v\u00e4t sanat ja lauseet toisiinsa. Ne ilmaisevat ajan, paikan, suunnan ja muiden suhteita k\u00e4ytt\u00e4m\u00e4ll\u00e4 yleisi\u00e4 esineit\u00e4, kuten n\u00eb, te, tek, me, pa, p\u00ebr, nga, mbi, n\u00ebn, para ja pas. Lue, miten ne yhdistyv\u00e4t sijainoihin ja linkitt\u00e4v\u00e4\u00e4n artikkeliin substantiivilausekkeissa.<\/p>\n\n\n\n<h3 class=\"wp-block-heading\" id=\"h-13-sentences\">13. Lauseet:<\/h3>\n\n\n\n<p>Lopuksi harjoittele lauseiden rakentamista. Albaniassa on tyypillisesti joustava sanaj\u00e4rjestys, jossa on yhteinen SVO-kuvio, se k\u00e4ytt\u00e4\u00e4 kliittisi\u00e4 pronomineja ennen verbi\u00e4, kielt\u00e4\u00e4 nukilla ja muodostaa kysymyksi\u00e4 intonaatiolla tai a:lla. Kaikkien aiemmin opittujen kielioppikohtien k\u00e4ytt\u00e4minen kontekstissa varmistaa albanian kielen kattavan ymm\u00e4rt\u00e4misen.<\/p>\n<\/div><\/div>\n\r\n<section class=\"learnNavigationSection\">\r\n            \r\n        <a href=\"https:\/\/talkpal.ai\/fi\/opi-albaniaa\/\">\r\n            <div class=\"learnNavigationWrapper\">\r\n                <div class=\"learnNavigationContent\">\r\n                    <img decoding=\"async\" src=\"https:\/\/talkpal.ai\/wp-content\/uploads\/2025\/11\/Albanian.png\" alt=\"Albanian Flag\">\r\n                    <div>\r\n                        <h4>Tietoja albanian kielen oppimisesta<\/h4>\r\n                        <p>Ota selv\u00e4\u00e4 albanian kieliopista.<\/p>\r\n                    <\/div>\r\n                <\/div>\r\n            <\/div>\r\n        <\/a>\r\n\r\n        \r\n        <a href=\"https:\/\/talkpal.ai\/fi\/albanian-kielioppi\/\">\r\n            <div class=\"learnNavigationWrapper\">\r\n                <div class=\"learnNavigationContent\">\r\n                    <img decoding=\"async\" src=\"https:\/\/talkpal.ai\/wp-content\/uploads\/2025\/11\/Albanian.png\" alt=\"Albanian Flag\">\r\n                    <div>\r\n                        <h4>Albanian kieliopin oppitunnit<\/h4>\r\n                        <p>Harjoittele albanian kielioppia.<\/p>\r\n                    <\/div>\r\n                <\/div>\r\n            <\/div>\r\n        <\/a>\r\n\r\n            <\/section>","protected":false},"excerpt":{"rendered":"<p>Albanian kielioppiaiheet Uuden kielen oppiminen voi olla haastavaa mutta palkitsevaa yrityst\u00e4. Albania, indoeurooppalainen kieli, jota puhutaan p\u00e4\u00e4asiassa Albaniassa, ei ole poikkeus. Ainutlaatuisten ominaisuuksiensa ja rakenteidensa ansiosta albanian oppiminen vaatii systemaattista l\u00e4hestymistapaa sen rikkaan kieliopin ymm\u00e4rt\u00e4miseen. T\u00e4m\u00e4 opas hahmottelee albanian kieliopin keskeiset osa-alueet kieltenoppimisen loogisessa j\u00e4rjestyksess\u00e4 alkaen perusasioista, kuten substantiiveista ja artikkeleista, ja etenem\u00e4ll\u00e4 monimutkaisempiin alueisiin, [&hellip;]<\/p>\n","protected":false},"author":20,"featured_media":0,"parent":0,"menu_order":0,"comment_status":"closed","ping_status":"closed","template":"LearningContentPage.php","meta":{"_acf_changed":false,"footnotes":""},"class_list":["post-1466929","page","type-page","status-publish","hentry"],"acf":[],"yoast_head":"<!-- This site is optimized with the Yoast SEO Premium plugin v27.2 (Yoast SEO v27.2) - https:\/\/yoast.com\/product\/yoast-seo-premium-wordpress\/ -->\n<title>Albanian kielioppiharjoitukset - Talkpal<\/title>\n<meta name=\"description\" content=\"Paranna albanian kielen taitojasi Talkpalin interaktiivisten kielioppiharjoitusten avulla, jotka kattavat substantiivit, verbit, aikamuodot ja lauserakenteet.\" \/>\n<meta name=\"robots\" content=\"index, follow, max-snippet:-1, max-image-preview:large, max-video-preview:-1\" \/>\n<link rel=\"canonical\" href=\"https:\/\/talkpal.ai\/fi\/albanian-kielioppiharjoitukset\/\" \/>\n<meta property=\"og:locale\" content=\"fi_FI\" \/>\n<meta property=\"og:type\" content=\"article\" \/>\n<meta property=\"og:title\" content=\"Albanian kielioppiharjoitukset\" \/>\n<meta property=\"og:description\" content=\"Albanian kielioppiaiheet Uuden kielen oppiminen voi olla haastavaa mutta palkitsevaa yrityst\u00e4. Albania, indoeurooppalainen kieli, jota puhutaan p\u00e4\u00e4asiassa\" \/>\n<meta property=\"og:url\" content=\"https:\/\/talkpal.ai\/fi\/albanian-kielioppiharjoitukset\/\" \/>\n<meta property=\"og:site_name\" content=\"Talkpal\" \/>\n<meta property=\"article:publisher\" content=\"https:\/\/www.facebook.com\/profile.php?id=100090733639311\" \/>\n<meta property=\"article:modified_time\" content=\"2025-12-30T15:40:01+00:00\" \/>\n<meta property=\"og:image\" content=\"https:\/\/talkpal.ai\/wp-content\/uploads\/2025\/02\/Progress-tab-16_9.png\" \/>\n\t<meta property=\"og:image:width\" content=\"2880\" \/>\n\t<meta property=\"og:image:height\" content=\"1620\" \/>\n\t<meta property=\"og:image:type\" content=\"image\/png\" \/>\n<meta name=\"twitter:card\" content=\"summary_large_image\" \/>\n<meta name=\"twitter:site\" content=\"@talkpalai\" \/>\n<meta name=\"twitter:label1\" content=\"Arvioitu lukuaika\" \/>\n\t<meta name=\"twitter:data1\" content=\"3 minuuttia\" \/>\n<script type=\"application\/ld+json\" class=\"yoast-schema-graph\">{\"@context\":\"https:\/\/schema.org\",\"@graph\":[{\"@type\":\"WebPage\",\"@id\":\"https:\/\/talkpal.ai\/fi\/albanian-kielioppiharjoitukset\/\",\"url\":\"https:\/\/talkpal.ai\/fi\/albanian-kielioppiharjoitukset\/\",\"name\":\"Albanian kielioppiharjoitukset - Talkpal\",\"isPartOf\":{\"@id\":\"https:\/\/talkpal.ai\/fi\/#website\"},\"datePublished\":\"2025-11-11T12:32:58+00:00\",\"dateModified\":\"2025-12-30T15:40:01+00:00\",\"description\":\"Paranna albanian kielen taitojasi Talkpalin interaktiivisten kielioppiharjoitusten avulla, jotka kattavat substantiivit, verbit, aikamuodot ja lauserakenteet.\",\"breadcrumb\":{\"@id\":\"https:\/\/talkpal.ai\/fi\/albanian-kielioppiharjoitukset\/#breadcrumb\"},\"inLanguage\":\"fi\",\"potentialAction\":[{\"@type\":\"ReadAction\",\"target\":[\"https:\/\/talkpal.ai\/fi\/albanian-kielioppiharjoitukset\/\"]}]},{\"@type\":\"BreadcrumbList\",\"@id\":\"https:\/\/talkpal.ai\/fi\/albanian-kielioppiharjoitukset\/#breadcrumb\",\"itemListElement\":[{\"@type\":\"ListItem\",\"position\":1,\"name\":\"Homepage\",\"item\":\"https:\/\/talkpal.ai\/fi\/\"},{\"@type\":\"ListItem\",\"position\":2,\"name\":\"Albanian kielioppiharjoitukset\"}]},{\"@type\":\"WebSite\",\"@id\":\"https:\/\/talkpal.ai\/fi\/#website\",\"url\":\"https:\/\/talkpal.ai\/fi\/\",\"name\":\"Talkpal\",\"description\":\"AI Language Learning\",\"publisher\":{\"@id\":\"https:\/\/talkpal.ai\/fi\/#organization\"},\"alternateName\":\"Talkpal AI\",\"potentialAction\":[{\"@type\":\"SearchAction\",\"target\":{\"@type\":\"EntryPoint\",\"urlTemplate\":\"https:\/\/talkpal.ai\/fi\/?s={search_term_string}\"},\"query-input\":{\"@type\":\"PropertyValueSpecification\",\"valueRequired\":true,\"valueName\":\"search_term_string\"}}],\"inLanguage\":\"fi\"},{\"@type\":\"Organization\",\"@id\":\"https:\/\/talkpal.ai\/fi\/#organization\",\"name\":\"Talkpal, Inc.\",\"alternateName\":\"Talkpal AI\",\"url\":\"https:\/\/talkpal.ai\/fi\/\",\"logo\":{\"@type\":\"ImageObject\",\"inLanguage\":\"fi\",\"@id\":\"https:\/\/talkpal.ai\/fi\/#\/schema\/logo\/image\/\",\"url\":\"https:\/\/talkpal.ai\/wp-content\/uploads\/2024\/03\/Talkpal-Logo-Icon.png\",\"contentUrl\":\"https:\/\/talkpal.ai\/wp-content\/uploads\/2024\/03\/Talkpal-Logo-Icon.png\",\"width\":2880,\"height\":2880,\"caption\":\"Talkpal, Inc.\"},\"image\":{\"@id\":\"https:\/\/talkpal.ai\/fi\/#\/schema\/logo\/image\/\"},\"sameAs\":[\"https:\/\/www.facebook.com\/profile.php?id=100090733639311\",\"https:\/\/x.com\/talkpalai\",\"https:\/\/www.linkedin.com\/company\/talkpal\/\",\"https:\/\/www.youtube.com\/@TalkPal\/\",\"https:\/\/www.tiktok.com\/@talkpal\",\"https:\/\/www.instagram.com\/talkpal_ai\/\",\"https:\/\/www.crunchbase.com\/organization\/talkpal-9cde\",\"https:\/\/www.g2.com\/products\/talkpal-for-business\/\",\"https:\/\/www.trustpilot.com\/review\/talkpal.ai\",\"https:\/\/www.capterra.com\/p\/10006800\/TalkPal\/\"],\"description\":\"Talkpal is a language learning web and mobile education app, powered by the latest AI technologies, that provides engaging experiences to its customers in many different languages to help them improve their language skills. Users can chat about unlimited amount of topics with the app and use other modes to practice their language learning.\",\"email\":\"support@talkpal.ai\",\"legalName\":\"Talkpal, Inc.\",\"foundingDate\":\"2023-04-03\",\"duns\":\"118989042\",\"numberOfEmployees\":{\"@type\":\"QuantitativeValue\",\"minValue\":\"11\",\"maxValue\":\"50\"},\"publishingPrinciples\":\"https:\/\/talkpal.ai\/publishing-principles\/\",\"actionableFeedbackPolicy\":\"https:\/\/talkpal.ai\/actionable-feedback-policy\/\",\"correctionsPolicy\":\"https:\/\/talkpal.ai\/corrections-policy\/\",\"ethicsPolicy\":\"https:\/\/talkpal.ai\/ethics-policy\/\",\"diversityPolicy\":\"https:\/\/talkpal.ai\/diversity-policy\/\",\"diversityStaffingReport\":\"https:\/\/talkpal.ai\/diversity-policy\/\"}]}<\/script>\n<!-- \/ Yoast SEO Premium plugin. -->","yoast_head_json":{"title":"Albanian kielioppiharjoitukset - Talkpal","description":"Paranna albanian kielen taitojasi Talkpalin interaktiivisten kielioppiharjoitusten avulla, jotka kattavat substantiivit, verbit, aikamuodot ja lauserakenteet.","robots":{"index":"index","follow":"follow","max-snippet":"max-snippet:-1","max-image-preview":"max-image-preview:large","max-video-preview":"max-video-preview:-1"},"canonical":"https:\/\/talkpal.ai\/fi\/albanian-kielioppiharjoitukset\/","og_locale":"fi_FI","og_type":"article","og_title":"Albanian kielioppiharjoitukset","og_description":"Albanian kielioppiaiheet Uuden kielen oppiminen voi olla haastavaa mutta palkitsevaa yrityst\u00e4. Albania, indoeurooppalainen kieli, jota puhutaan p\u00e4\u00e4asiassa","og_url":"https:\/\/talkpal.ai\/fi\/albanian-kielioppiharjoitukset\/","og_site_name":"Talkpal","article_publisher":"https:\/\/www.facebook.com\/profile.php?id=100090733639311","article_modified_time":"2025-12-30T15:40:01+00:00","og_image":[{"width":2880,"height":1620,"url":"https:\/\/talkpal.ai\/wp-content\/uploads\/2025\/02\/Progress-tab-16_9.png","type":"image\/png"}],"twitter_card":"summary_large_image","twitter_site":"@talkpalai","twitter_misc":{"Arvioitu lukuaika":"3 minuuttia"},"schema":{"@context":"https:\/\/schema.org","@graph":[{"@type":"WebPage","@id":"https:\/\/talkpal.ai\/fi\/albanian-kielioppiharjoitukset\/","url":"https:\/\/talkpal.ai\/fi\/albanian-kielioppiharjoitukset\/","name":"Albanian kielioppiharjoitukset - Talkpal","isPartOf":{"@id":"https:\/\/talkpal.ai\/fi\/#website"},"datePublished":"2025-11-11T12:32:58+00:00","dateModified":"2025-12-30T15:40:01+00:00","description":"Paranna albanian kielen taitojasi Talkpalin interaktiivisten kielioppiharjoitusten avulla, jotka kattavat substantiivit, verbit, aikamuodot ja lauserakenteet.","breadcrumb":{"@id":"https:\/\/talkpal.ai\/fi\/albanian-kielioppiharjoitukset\/#breadcrumb"},"inLanguage":"fi","potentialAction":[{"@type":"ReadAction","target":["https:\/\/talkpal.ai\/fi\/albanian-kielioppiharjoitukset\/"]}]},{"@type":"BreadcrumbList","@id":"https:\/\/talkpal.ai\/fi\/albanian-kielioppiharjoitukset\/#breadcrumb","itemListElement":[{"@type":"ListItem","position":1,"name":"Homepage","item":"https:\/\/talkpal.ai\/fi\/"},{"@type":"ListItem","position":2,"name":"Albanian kielioppiharjoitukset"}]},{"@type":"WebSite","@id":"https:\/\/talkpal.ai\/fi\/#website","url":"https:\/\/talkpal.ai\/fi\/","name":"Talkpal","description":"AI Language Learning","publisher":{"@id":"https:\/\/talkpal.ai\/fi\/#organization"},"alternateName":"Talkpal AI","potentialAction":[{"@type":"SearchAction","target":{"@type":"EntryPoint","urlTemplate":"https:\/\/talkpal.ai\/fi\/?s={search_term_string}"},"query-input":{"@type":"PropertyValueSpecification","valueRequired":true,"valueName":"search_term_string"}}],"inLanguage":"fi"},{"@type":"Organization","@id":"https:\/\/talkpal.ai\/fi\/#organization","name":"Talkpal, Inc.","alternateName":"Talkpal AI","url":"https:\/\/talkpal.ai\/fi\/","logo":{"@type":"ImageObject","inLanguage":"fi","@id":"https:\/\/talkpal.ai\/fi\/#\/schema\/logo\/image\/","url":"https:\/\/talkpal.ai\/wp-content\/uploads\/2024\/03\/Talkpal-Logo-Icon.png","contentUrl":"https:\/\/talkpal.ai\/wp-content\/uploads\/2024\/03\/Talkpal-Logo-Icon.png","width":2880,"height":2880,"caption":"Talkpal, Inc."},"image":{"@id":"https:\/\/talkpal.ai\/fi\/#\/schema\/logo\/image\/"},"sameAs":["https:\/\/www.facebook.com\/profile.php?id=100090733639311","https:\/\/x.com\/talkpalai","https:\/\/www.linkedin.com\/company\/talkpal\/","https:\/\/www.youtube.com\/@TalkPal\/","https:\/\/www.tiktok.com\/@talkpal","https:\/\/www.instagram.com\/talkpal_ai\/","https:\/\/www.crunchbase.com\/organization\/talkpal-9cde","https:\/\/www.g2.com\/products\/talkpal-for-business\/","https:\/\/www.trustpilot.com\/review\/talkpal.ai","https:\/\/www.capterra.com\/p\/10006800\/TalkPal\/"],"description":"Talkpal is a language learning web and mobile education app, powered by the latest AI technologies, that provides engaging experiences to its customers in many different languages to help them improve their language skills. Users can chat about unlimited amount of topics with the app and use other modes to practice their language learning.","email":"support@talkpal.ai","legalName":"Talkpal, Inc.","foundingDate":"2023-04-03","duns":"118989042","numberOfEmployees":{"@type":"QuantitativeValue","minValue":"11","maxValue":"50"},"publishingPrinciples":"https:\/\/talkpal.ai\/publishing-principles\/","actionableFeedbackPolicy":"https:\/\/talkpal.ai\/actionable-feedback-policy\/","correctionsPolicy":"https:\/\/talkpal.ai\/corrections-policy\/","ethicsPolicy":"https:\/\/talkpal.ai\/ethics-policy\/","diversityPolicy":"https:\/\/talkpal.ai\/diversity-policy\/","diversityStaffingReport":"https:\/\/talkpal.ai\/diversity-policy\/"}]}},"_links":{"self":[{"href":"https:\/\/talkpal.ai\/fi\/wp-json\/wp\/v2\/pages\/1466929","targetHints":{"allow":["GET"]}}],"collection":[{"href":"https:\/\/talkpal.ai\/fi\/wp-json\/wp\/v2\/pages"}],"about":[{"href":"https:\/\/talkpal.ai\/fi\/wp-json\/wp\/v2\/types\/page"}],"author":[{"embeddable":true,"href":"https:\/\/talkpal.ai\/fi\/wp-json\/wp\/v2\/users\/20"}],"replies":[{"embeddable":true,"href":"https:\/\/talkpal.ai\/fi\/wp-json\/wp\/v2\/comments?post=1466929"}],"version-history":[{"count":0,"href":"https:\/\/talkpal.ai\/fi\/wp-json\/wp\/v2\/pages\/1466929\/revisions"}],"wp:attachment":[{"href":"https:\/\/talkpal.ai\/fi\/wp-json\/wp\/v2\/media?parent=1466929"}],"curies":[{"name":"wp","href":"https:\/\/api.w.org\/{rel}","templated":true}]}}