{"id":1465683,"date":"2025-11-12T17:13:26","date_gmt":"2025-11-12T17:13:26","guid":{"rendered":"https:\/\/talkpal.ai\/telugun-kielioppiharjoitukset\/"},"modified":"2025-12-30T13:39:15","modified_gmt":"2025-12-30T13:39:15","slug":"telugun-kielioppiharjoitukset","status":"publish","type":"page","link":"https:\/\/talkpal.ai\/fi\/telugun-kielioppiharjoitukset\/","title":{"rendered":"Telugun kielioppiharjoitukset"},"content":{"rendered":"\r\n\r\n\r\n<section class=\"languageChallengeSection\">\r\n    <div class=\"languageInfoWrapper\">\r\n        \r\n        <h1>Telugun kielioppiharjoitukset<\/h1>\r\n        <p>Oletko valmis sukeltamaan telugun kielioppiin? Muutamien perusasioiden harjoittelu auttaa sinua oppimaan t\u00e4m\u00e4n ainutlaatuisen ja kauniin kielen. Kokeile n\u00e4it\u00e4 harjoituksia itseluottamuksen lis\u00e4\u00e4miseksi ja pid\u00e4 hauskaa matkan varrella!<\/p>\r\n\r\n                            <a class=\"getStartedHidden\" href=\"https:\/\/app.talkpal.ai\/fi\/signup?lng=\">Aloita<\/a>\r\n        \r\n    <\/div>\r\n\r\n    <figure>\r\n    <img decoding=\"async\" width=\"768\" height=\"768\" src=\"https:\/\/talkpal.ai\/wp-content\/uploads\/2023\/06\/welsh-768x768.png\" class=\"languageImage no-lazy\" alt=\"Default alt text\" fetchpriority=\"high\" sizes=\"(max-width: 768px) 150px, 768px\" srcset=\"https:\/\/talkpal.ai\/wp-content\/uploads\/2023\/06\/welsh-768x768.png 768w, https:\/\/talkpal.ai\/wp-content\/uploads\/2023\/06\/welsh-300x300.png 300w\" \/>\r\n    \r\n\r\n    <\/figure>\r\n\r\n            <a class=\"getStartedVisible\" href=\"https:\/\/app.talkpal.ai\/fi\/signup?lng=\">Aloita<\/a>\r\n    \r\n<\/section><section class=\"promotionalBanner\">\r\n    <p class=\"promotionalText\">Tehokkain tapa oppia kielt\u00e4<\/p>\r\n    <a class=\"promotionalLink\" href=\"https:\/\/app.talkpal.ai\/fi\/signup?lng=\">Kokeile Talkpal ilmaiseksi<\/a>\r\n<\/section>\n<div class=\"wp-block-group pageContainerStyle\"><div class=\"wp-block-group__inner-container is-layout-constrained wp-block-group-is-layout-constrained\">\n<h2 class=\"wp-block-heading\" id=\"h-telugu-grammar-topics\">Telugun kieliopin aiheet<\/h2>\n\n\n\n<p><a href=\"https:\/\/talkpal.ai\/fi\/suurimmat-virheet-joita-kannattaa-valttaa-uuden-kielen-oppimisessa\/\">Uuden kielen oppiminen <\/a>voi olla haastavaa mutta palkitsevaa yrityst\u00e4. <a href=\"https:\/\/talkpal.ai\/learn-telugu\/\">Telugu<\/a>, dravidakieli, jota puhutaan p\u00e4\u00e4asiassa Intian Andhra Pradeshin ja Telanganan osavaltioissa, ei ole poikkeus. Ainutlaatuisten ominaisuuksiensa ja rakenteidensa ansiosta telugun <a href=\"https:\/\/talkpal.ai\/fi\/talkpal-for-education\/\">oppiminen<\/a> vaatii systemaattista l\u00e4hestymistapaa sen kieliopin ymm\u00e4rt\u00e4miseen. T\u00e4ss\u00e4 oppaassa hahmotellaan <a href=\"https:\/\/talkpal.ai\/fi\/telugun-kielioppi\/\">telugun kieliopin<\/a> avainalueet <a href=\"https:\/\/talkpal.ai\/fi\/talkpal-for-education\/\">kielenoppimisen<\/a> loogisessa j\u00e4rjestyksess\u00e4 alkaen perusasioista, kuten substantiiveista ja artikkeleista, ja etenem\u00e4ll\u00e4 monimutkaisempiin alueisiin, kuten aikamuotoihin ja lauseenrakenteeseen.<\/p>\n\n\n\n<h3 class=\"wp-block-heading\" id=\"h-1-nouns\">1. Substantiivit:<\/h3>\n\n\n\n<p>Aloita telugun kielen matkasi oppimalla substantiivit. T\u00e4m\u00e4 sis\u00e4lt\u00e4\u00e4 substantiivien eri luokkien, kuten yleisten ja erisnimien, niiden yksikk\u00f6- ja monikkomuotojen, ymm\u00e4rt\u00e4misen sek\u00e4 sen, miten sijamerkit kiinnittyv\u00e4t substantiiveihin osoittamaan suhteita, kuten objektia, hallussapitoa, sijaintia ja suuntaa.<\/p>\n\n\n\n<h3 class=\"wp-block-heading\" id=\"h-2-articles\">2. Artiklat:<\/h3>\n\n\n\n<p>Telugu ei k\u00e4yt\u00e4 m\u00e4\u00e4r\u00e4isi\u00e4 <a href=\"https:\/\/talkpal.ai\/learn-thai\/\">tai<\/a> ep\u00e4m\u00e4\u00e4r\u00e4isi\u00e4 artikkeleita kuten <a href=\"https:\/\/talkpal.ai\/ai-english-speaking-practice\/\">englanti<\/a> . M\u00e4\u00e4r\u00e4isyys ja ep\u00e4m\u00e4\u00e4r\u00e4isyys ilmaistaan kontekstin kautta tai k\u00e4ytt\u00e4m\u00e4ll\u00e4 demonstratiiveja, kuten sit\u00e4 ja t\u00e4t\u00e4, ja numero yksi voi toimia kuin <a href=\"https:\/\/talkpal.ai\/fi\/grammar\/epamaarainen-artikkeli-bosnian-kielioppissa\/\">ep\u00e4m\u00e4\u00e4r\u00e4inen artikkeli<\/a>.<\/p>\n\n\n\n<h3 class=\"wp-block-heading\" id=\"h-3-adjectives\">3. Adjektiivit:<\/h3>\n\n\n\n<p>Telugussa adjektiivit edelt\u00e4v\u00e4t tyypillisesti muokkaamiaan substantiiveja. Opi yleisi\u00e4 adjektiivimuotoja, adjektiivipartisiipej\u00e4 ja vertailemaan sanoja kuten enemm\u00e4n ja kuin, sek\u00e4 superlatiiveja k\u00e4ytt\u00e4m\u00e4ll\u00e4 ilmaisuja, kuten hyvin tai eniten ryhm\u00e4ss\u00e4.<\/p>\n\n\n\n<h3 class=\"wp-block-heading\" id=\"h-4-pronouns-determiners\">4. Pronominit\/m\u00e4\u00e4ritteet:<\/h3>\n\n\n\n<p>Pronominit ja m\u00e4\u00e4rittimet ovat v\u00e4ltt\u00e4m\u00e4tt\u00f6mi\u00e4 telugussa. Tutki persoonallisia, demonstratiivisia ja kysyvi\u00e4 pronomineja sek\u00e4 kvantifioijia ja possessiiveja. Hallussapito osoitetaan genetiivimerkeill\u00e4 tai omistusmuodoilla, ja oikea k\u00e4ytt\u00f6 on v\u00e4ltt\u00e4m\u00e4t\u00f6nt\u00e4 tehokkaan viestinn\u00e4n ja asianmukaisten kunniatasojen kannalta.<\/p>\n\n\n\n<h3 class=\"wp-block-heading\" id=\"h-5-verbs\">5. Verbit:<\/h3>\n\n\n\n<p>Telugu-verbit vaihtavat muotoa aikamuodon, aspektin, mielialan, henkil\u00f6n, numeron ja joskus sukupuolen tai kunniatason mukaan. Aloita perusverbivartaloista ja nykyisen, menneisyyden ja tulevaisuuden muodoista ja opettele sitten yleisi\u00e4 imperatiiveja ja verbaalisia substantiiveja, joita k\u00e4ytet\u00e4\u00e4n infinitiivin kaltaisissa funktioissa.<\/p>\n\n\n\n<h3 class=\"wp-block-heading\" id=\"h-6-tenses\">6. Aikamuodot:<\/h3>\n\n\n\n<p>Kun olet oppinut verbin perusmuodot, syvenny telugun aikamuotoon ja aspektiin. Ymm\u00e4rr\u00e4, miten preesens, menneisyys ja tulevaisuus toimivat sek\u00e4 perfektiiviset ja tavanomaiset merkitykset ja miten apuelementit vaikuttavat vivahteisiin.<\/p>\n\n\n\n<h3 class=\"wp-block-heading\" id=\"h-7-tense-comparison\">7. J\u00e4nnittynyt vertailu:<\/h3>\n\n\n\n<p>Telugun aikamuotojen vertailu auttaa ymm\u00e4rt\u00e4m\u00e4\u00e4n tapahtumien j\u00e4rjestyst\u00e4 ja n\u00e4k\u00f6kohtia. Saman verbin taivuttaminen nykyisyydess\u00e4, menneisyydess\u00e4, tulevaisuudessa ja perfektiivisess\u00e4 tai tavanomaisessa k\u00e4yt\u00f6ss\u00e4 antaa selke\u00e4mm\u00e4n k\u00e4sityksen siit\u00e4, kuinka telugu ilmaisee aikaa.<\/p>\n\n\n\n<h3 class=\"wp-block-heading\" id=\"h-8-progressive\">8. Progressiivinen:<\/h3>\n\n\n\n<p>Telugun progressiivinen ilmaisee meneill\u00e4\u00e4n olevia toimia, ja se muodostetaan verbivartalosta sek\u00e4 progressiivisesta merkist\u00e4 ja persoonallisista p\u00e4\u00e4tteist\u00e4. Esimerkiksi I am coming on muodostettu progressiivisella varrella ja sopivalla p\u00e4\u00e4tteell\u00e4.<\/p>\n\n\n\n<h3 class=\"wp-block-heading\" id=\"h-9-perfect-progressive\">9. T\u00e4ydellinen progressiivinen:<\/h3>\n\n\n\n<p>Tiettyyn pisteeseen <a href=\"https:\/\/talkpal.ai\/locations\/language-courses-in-asti\/\">asti<\/a> k\u00e4ynniss\u00e4 olleet teot ilmaistaan yleens\u00e4 k\u00e4ytt\u00e4m\u00e4ll\u00e4 progressiivista muotoa yhdess\u00e4 aikalausekkeiden, kuten since, kanssa, tai yhdist\u00e4m\u00e4ll\u00e4 progressiivinen apumerkitykseen ollakseen sopivassa aikamuodossa.<\/p>\n\n\n\n<h3 class=\"wp-block-heading\" id=\"h-10-conditionals\">10. Konditionaalit:<\/h3>\n\n\n\n<p>Konditionaalit ilmaisevat hypoteettisia tilanteita ja niiden mahdollisia tuloksia. Telugu k\u00e4ytt\u00e4\u00e4 ehdollisia p\u00e4\u00e4tteit\u00e4 ja partikkeleita, jotka tarkoittavat jos, jotka ovat t\u00e4rkeit\u00e4 vivahteikkaampien lauseiden rakentamisessa.<\/p>\n\n\n\n<h3 class=\"wp-block-heading\" id=\"h-11-adverbs\">11. Adverbit:<\/h3>\n\n\n\n<p>Telugun <a href=\"https:\/\/talkpal.ai\/fi\/grammar\/paikan-tsekin-kielioppi-adverbit\/\">adverbit<\/a> muokkaavat verbej\u00e4, adjektiiveja tai muita adverbej\u00e4. Ne tarjoavat tietoa tavasta, paikasta, ajasta, asteesta ja muusta, ja monet niist\u00e4 on muodostettu adjektiiveista, joissa on oma adverbiaalinen p\u00e4\u00e4te.<\/p>\n\n\n\n<h3 class=\"wp-block-heading\" id=\"h-12-prepositions\">12. Prepositiot:<\/h3>\n\n\n\n<p>Telugu k\u00e4ytt\u00e4\u00e4 ensisijaisesti positioita prepositioiden sijaan. N\u00e4m\u00e4 seuraavat substantiivia tai substantiivilausekkeita ja ilmaisevat ajan, paikan, suunnan, s\u00e4estyksen ja muiden suhteita, usein yhdess\u00e4 sijamerkkien kanssa.<\/p>\n\n\n\n<h3 class=\"wp-block-heading\" id=\"h-13-sentences\">13. Lauseet:<\/h3>\n\n\n\n<p>Lopuksi harjoittele lauseiden rakentamista. Telugu noudattaa yleens\u00e4 subjektin objektin verbij\u00e4rjestyst\u00e4, ja lauseiden rakentamiseen kuuluu kaikkien aiemmin opittujen kielioppikohtien k\u00e4ytt\u00e4minen kontekstissa, mik\u00e4 varmistaa kielen kattavan ymm\u00e4rt\u00e4misen.<\/p>\n<\/div><\/div>\n\r\n<section class=\"learnNavigationSection\">\r\n            \r\n        <a href=\"https:\/\/talkpal.ai\/fi\/opi-telugua\/\">\r\n            <div class=\"learnNavigationWrapper\">\r\n                <div class=\"learnNavigationContent\">\r\n                    <img decoding=\"async\" src=\"https:\/\/talkpal.ai\/wp-content\/uploads\/2025\/11\/Telugu.png\" alt=\"Indian Simplified Flag\">\r\n                    <div>\r\n                        <h4>Tietoja telugun oppimisesta<\/h4>\r\n                        <p>Ota selv\u00e4\u00e4 kaiken telugun kieliopista.<\/p>\r\n                    <\/div>\r\n                <\/div>\r\n            <\/div>\r\n        <\/a>\r\n\r\n        \r\n        <a href=\"https:\/\/talkpal.ai\/fi\/telugun-kielioppi\/\">\r\n            <div class=\"learnNavigationWrapper\">\r\n                <div class=\"learnNavigationContent\">\r\n                    <img decoding=\"async\" src=\"https:\/\/talkpal.ai\/wp-content\/uploads\/2025\/11\/Telugu.png\" alt=\"Indian Simplified Flag\">\r\n                    <div>\r\n                        <h4>Telugun kieliopin oppitunnit<\/h4>\r\n                        <p>Harjoittele telugun kielioppia.<\/p>\r\n                    <\/div>\r\n                <\/div>\r\n            <\/div>\r\n        <\/a>\r\n\r\n            <\/section>","protected":false},"excerpt":{"rendered":"<p>Telugun kieliopin aiheet Uuden kielen oppiminen voi olla haastavaa mutta palkitsevaa yrityst\u00e4. Telugu, dravidakieli, jota puhutaan p\u00e4\u00e4asiassa Intian Andhra Pradeshin ja Telanganan osavaltioissa, ei ole poikkeus. Ainutlaatuisten ominaisuuksiensa ja rakenteidensa ansiosta telugun oppiminen vaatii systemaattista l\u00e4hestymistapaa sen kieliopin ymm\u00e4rt\u00e4miseen. T\u00e4ss\u00e4 oppaassa hahmotellaan telugun kieliopin avainalueet kielenoppimisen loogisessa j\u00e4rjestyksess\u00e4 alkaen perusasioista, kuten substantiiveista ja artikkeleista, ja [&hellip;]<\/p>\n","protected":false},"author":20,"featured_media":0,"parent":0,"menu_order":0,"comment_status":"closed","ping_status":"closed","template":"LearningContentPage.php","meta":{"_acf_changed":false,"footnotes":""},"class_list":["post-1465683","page","type-page","status-publish","hentry"],"acf":[],"yoast_head":"<!-- This site is optimized with the Yoast SEO Premium plugin v27.2 (Yoast SEO v27.2) - https:\/\/yoast.com\/product\/yoast-seo-premium-wordpress\/ -->\n<title>Telugun kielioppiharjoitukset - Talkpal<\/title>\n<meta name=\"description\" content=\"Opettele telugun kielioppi teko\u00e4lyll\u00e4 toimivien harjoitusteht\u00e4vien avulla, jotka kattavat substantiivit, verbit, aikamuodot ja lauserakenteet, jotta oppiminen olisi tehokasta.\" \/>\n<meta name=\"robots\" content=\"index, follow, max-snippet:-1, max-image-preview:large, max-video-preview:-1\" \/>\n<link rel=\"canonical\" href=\"https:\/\/talkpal.ai\/fi\/telugun-kielioppiharjoitukset\/\" \/>\n<meta property=\"og:locale\" content=\"fi_FI\" \/>\n<meta property=\"og:type\" content=\"article\" \/>\n<meta property=\"og:title\" content=\"Telugun kielioppiharjoitukset\" \/>\n<meta property=\"og:description\" content=\"Telugun kieliopin aiheet Uuden kielen oppiminen voi olla haastavaa mutta palkitsevaa yrityst\u00e4. Telugu, dravidakieli, jota puhutaan p\u00e4\u00e4asiassa Intian\" \/>\n<meta property=\"og:url\" content=\"https:\/\/talkpal.ai\/fi\/telugun-kielioppiharjoitukset\/\" \/>\n<meta property=\"og:site_name\" content=\"Talkpal\" \/>\n<meta property=\"article:publisher\" content=\"https:\/\/www.facebook.com\/profile.php?id=100090733639311\" \/>\n<meta property=\"article:modified_time\" content=\"2025-12-30T13:39:15+00:00\" \/>\n<meta property=\"og:image\" content=\"https:\/\/talkpal.ai\/wp-content\/uploads\/2025\/02\/Progress-tab-16_9.png\" \/>\n\t<meta property=\"og:image:width\" content=\"2880\" \/>\n\t<meta property=\"og:image:height\" content=\"1620\" \/>\n\t<meta property=\"og:image:type\" content=\"image\/png\" \/>\n<meta name=\"twitter:card\" content=\"summary_large_image\" \/>\n<meta name=\"twitter:site\" content=\"@talkpalai\" \/>\n<meta name=\"twitter:label1\" content=\"Arvioitu lukuaika\" \/>\n\t<meta name=\"twitter:data1\" content=\"3 minuuttia\" \/>\n<script type=\"application\/ld+json\" class=\"yoast-schema-graph\">{\"@context\":\"https:\/\/schema.org\",\"@graph\":[{\"@type\":\"WebPage\",\"@id\":\"https:\/\/talkpal.ai\/fi\/telugun-kielioppiharjoitukset\/\",\"url\":\"https:\/\/talkpal.ai\/fi\/telugun-kielioppiharjoitukset\/\",\"name\":\"Telugun kielioppiharjoitukset - Talkpal\",\"isPartOf\":{\"@id\":\"https:\/\/talkpal.ai\/fi\/#website\"},\"datePublished\":\"2025-11-12T17:13:26+00:00\",\"dateModified\":\"2025-12-30T13:39:15+00:00\",\"description\":\"Opettele telugun kielioppi teko\u00e4lyll\u00e4 toimivien harjoitusteht\u00e4vien avulla, jotka kattavat substantiivit, verbit, aikamuodot ja lauserakenteet, jotta oppiminen olisi tehokasta.\",\"breadcrumb\":{\"@id\":\"https:\/\/talkpal.ai\/fi\/telugun-kielioppiharjoitukset\/#breadcrumb\"},\"inLanguage\":\"fi\",\"potentialAction\":[{\"@type\":\"ReadAction\",\"target\":[\"https:\/\/talkpal.ai\/fi\/telugun-kielioppiharjoitukset\/\"]}]},{\"@type\":\"BreadcrumbList\",\"@id\":\"https:\/\/talkpal.ai\/fi\/telugun-kielioppiharjoitukset\/#breadcrumb\",\"itemListElement\":[{\"@type\":\"ListItem\",\"position\":1,\"name\":\"Homepage\",\"item\":\"https:\/\/talkpal.ai\/fi\/\"},{\"@type\":\"ListItem\",\"position\":2,\"name\":\"Telugun kielioppiharjoitukset\"}]},{\"@type\":\"WebSite\",\"@id\":\"https:\/\/talkpal.ai\/fi\/#website\",\"url\":\"https:\/\/talkpal.ai\/fi\/\",\"name\":\"Talkpal\",\"description\":\"AI Language Learning\",\"publisher\":{\"@id\":\"https:\/\/talkpal.ai\/fi\/#organization\"},\"alternateName\":\"Talkpal AI\",\"potentialAction\":[{\"@type\":\"SearchAction\",\"target\":{\"@type\":\"EntryPoint\",\"urlTemplate\":\"https:\/\/talkpal.ai\/fi\/?s={search_term_string}\"},\"query-input\":{\"@type\":\"PropertyValueSpecification\",\"valueRequired\":true,\"valueName\":\"search_term_string\"}}],\"inLanguage\":\"fi\"},{\"@type\":\"Organization\",\"@id\":\"https:\/\/talkpal.ai\/fi\/#organization\",\"name\":\"Talkpal, Inc.\",\"alternateName\":\"Talkpal AI\",\"url\":\"https:\/\/talkpal.ai\/fi\/\",\"logo\":{\"@type\":\"ImageObject\",\"inLanguage\":\"fi\",\"@id\":\"https:\/\/talkpal.ai\/fi\/#\/schema\/logo\/image\/\",\"url\":\"https:\/\/talkpal.ai\/wp-content\/uploads\/2024\/03\/Talkpal-Logo-Icon.png\",\"contentUrl\":\"https:\/\/talkpal.ai\/wp-content\/uploads\/2024\/03\/Talkpal-Logo-Icon.png\",\"width\":2880,\"height\":2880,\"caption\":\"Talkpal, Inc.\"},\"image\":{\"@id\":\"https:\/\/talkpal.ai\/fi\/#\/schema\/logo\/image\/\"},\"sameAs\":[\"https:\/\/www.facebook.com\/profile.php?id=100090733639311\",\"https:\/\/x.com\/talkpalai\",\"https:\/\/www.linkedin.com\/company\/talkpal\/\",\"https:\/\/www.youtube.com\/@TalkPal\/\",\"https:\/\/www.tiktok.com\/@talkpal\",\"https:\/\/www.instagram.com\/talkpal_ai\/\",\"https:\/\/www.crunchbase.com\/organization\/talkpal-9cde\",\"https:\/\/www.g2.com\/products\/talkpal-for-business\/\",\"https:\/\/www.trustpilot.com\/review\/talkpal.ai\",\"https:\/\/www.capterra.com\/p\/10006800\/TalkPal\/\"],\"description\":\"Talkpal is a language learning web and mobile education app, powered by the latest AI technologies, that provides engaging experiences to its customers in many different languages to help them improve their language skills. Users can chat about unlimited amount of topics with the app and use other modes to practice their language learning.\",\"email\":\"support@talkpal.ai\",\"legalName\":\"Talkpal, Inc.\",\"foundingDate\":\"2023-04-03\",\"duns\":\"118989042\",\"numberOfEmployees\":{\"@type\":\"QuantitativeValue\",\"minValue\":\"11\",\"maxValue\":\"50\"},\"publishingPrinciples\":\"https:\/\/talkpal.ai\/publishing-principles\/\",\"actionableFeedbackPolicy\":\"https:\/\/talkpal.ai\/actionable-feedback-policy\/\",\"correctionsPolicy\":\"https:\/\/talkpal.ai\/corrections-policy\/\",\"ethicsPolicy\":\"https:\/\/talkpal.ai\/ethics-policy\/\",\"diversityPolicy\":\"https:\/\/talkpal.ai\/diversity-policy\/\",\"diversityStaffingReport\":\"https:\/\/talkpal.ai\/diversity-policy\/\"}]}<\/script>\n<!-- \/ Yoast SEO Premium plugin. -->","yoast_head_json":{"title":"Telugun kielioppiharjoitukset - Talkpal","description":"Opettele telugun kielioppi teko\u00e4lyll\u00e4 toimivien harjoitusteht\u00e4vien avulla, jotka kattavat substantiivit, verbit, aikamuodot ja lauserakenteet, jotta oppiminen olisi tehokasta.","robots":{"index":"index","follow":"follow","max-snippet":"max-snippet:-1","max-image-preview":"max-image-preview:large","max-video-preview":"max-video-preview:-1"},"canonical":"https:\/\/talkpal.ai\/fi\/telugun-kielioppiharjoitukset\/","og_locale":"fi_FI","og_type":"article","og_title":"Telugun kielioppiharjoitukset","og_description":"Telugun kieliopin aiheet Uuden kielen oppiminen voi olla haastavaa mutta palkitsevaa yrityst\u00e4. Telugu, dravidakieli, jota puhutaan p\u00e4\u00e4asiassa Intian","og_url":"https:\/\/talkpal.ai\/fi\/telugun-kielioppiharjoitukset\/","og_site_name":"Talkpal","article_publisher":"https:\/\/www.facebook.com\/profile.php?id=100090733639311","article_modified_time":"2025-12-30T13:39:15+00:00","og_image":[{"width":2880,"height":1620,"url":"https:\/\/talkpal.ai\/wp-content\/uploads\/2025\/02\/Progress-tab-16_9.png","type":"image\/png"}],"twitter_card":"summary_large_image","twitter_site":"@talkpalai","twitter_misc":{"Arvioitu lukuaika":"3 minuuttia"},"schema":{"@context":"https:\/\/schema.org","@graph":[{"@type":"WebPage","@id":"https:\/\/talkpal.ai\/fi\/telugun-kielioppiharjoitukset\/","url":"https:\/\/talkpal.ai\/fi\/telugun-kielioppiharjoitukset\/","name":"Telugun kielioppiharjoitukset - Talkpal","isPartOf":{"@id":"https:\/\/talkpal.ai\/fi\/#website"},"datePublished":"2025-11-12T17:13:26+00:00","dateModified":"2025-12-30T13:39:15+00:00","description":"Opettele telugun kielioppi teko\u00e4lyll\u00e4 toimivien harjoitusteht\u00e4vien avulla, jotka kattavat substantiivit, verbit, aikamuodot ja lauserakenteet, jotta oppiminen olisi tehokasta.","breadcrumb":{"@id":"https:\/\/talkpal.ai\/fi\/telugun-kielioppiharjoitukset\/#breadcrumb"},"inLanguage":"fi","potentialAction":[{"@type":"ReadAction","target":["https:\/\/talkpal.ai\/fi\/telugun-kielioppiharjoitukset\/"]}]},{"@type":"BreadcrumbList","@id":"https:\/\/talkpal.ai\/fi\/telugun-kielioppiharjoitukset\/#breadcrumb","itemListElement":[{"@type":"ListItem","position":1,"name":"Homepage","item":"https:\/\/talkpal.ai\/fi\/"},{"@type":"ListItem","position":2,"name":"Telugun kielioppiharjoitukset"}]},{"@type":"WebSite","@id":"https:\/\/talkpal.ai\/fi\/#website","url":"https:\/\/talkpal.ai\/fi\/","name":"Talkpal","description":"AI Language Learning","publisher":{"@id":"https:\/\/talkpal.ai\/fi\/#organization"},"alternateName":"Talkpal AI","potentialAction":[{"@type":"SearchAction","target":{"@type":"EntryPoint","urlTemplate":"https:\/\/talkpal.ai\/fi\/?s={search_term_string}"},"query-input":{"@type":"PropertyValueSpecification","valueRequired":true,"valueName":"search_term_string"}}],"inLanguage":"fi"},{"@type":"Organization","@id":"https:\/\/talkpal.ai\/fi\/#organization","name":"Talkpal, Inc.","alternateName":"Talkpal AI","url":"https:\/\/talkpal.ai\/fi\/","logo":{"@type":"ImageObject","inLanguage":"fi","@id":"https:\/\/talkpal.ai\/fi\/#\/schema\/logo\/image\/","url":"https:\/\/talkpal.ai\/wp-content\/uploads\/2024\/03\/Talkpal-Logo-Icon.png","contentUrl":"https:\/\/talkpal.ai\/wp-content\/uploads\/2024\/03\/Talkpal-Logo-Icon.png","width":2880,"height":2880,"caption":"Talkpal, Inc."},"image":{"@id":"https:\/\/talkpal.ai\/fi\/#\/schema\/logo\/image\/"},"sameAs":["https:\/\/www.facebook.com\/profile.php?id=100090733639311","https:\/\/x.com\/talkpalai","https:\/\/www.linkedin.com\/company\/talkpal\/","https:\/\/www.youtube.com\/@TalkPal\/","https:\/\/www.tiktok.com\/@talkpal","https:\/\/www.instagram.com\/talkpal_ai\/","https:\/\/www.crunchbase.com\/organization\/talkpal-9cde","https:\/\/www.g2.com\/products\/talkpal-for-business\/","https:\/\/www.trustpilot.com\/review\/talkpal.ai","https:\/\/www.capterra.com\/p\/10006800\/TalkPal\/"],"description":"Talkpal is a language learning web and mobile education app, powered by the latest AI technologies, that provides engaging experiences to its customers in many different languages to help them improve their language skills. Users can chat about unlimited amount of topics with the app and use other modes to practice their language learning.","email":"support@talkpal.ai","legalName":"Talkpal, Inc.","foundingDate":"2023-04-03","duns":"118989042","numberOfEmployees":{"@type":"QuantitativeValue","minValue":"11","maxValue":"50"},"publishingPrinciples":"https:\/\/talkpal.ai\/publishing-principles\/","actionableFeedbackPolicy":"https:\/\/talkpal.ai\/actionable-feedback-policy\/","correctionsPolicy":"https:\/\/talkpal.ai\/corrections-policy\/","ethicsPolicy":"https:\/\/talkpal.ai\/ethics-policy\/","diversityPolicy":"https:\/\/talkpal.ai\/diversity-policy\/","diversityStaffingReport":"https:\/\/talkpal.ai\/diversity-policy\/"}]}},"_links":{"self":[{"href":"https:\/\/talkpal.ai\/fi\/wp-json\/wp\/v2\/pages\/1465683","targetHints":{"allow":["GET"]}}],"collection":[{"href":"https:\/\/talkpal.ai\/fi\/wp-json\/wp\/v2\/pages"}],"about":[{"href":"https:\/\/talkpal.ai\/fi\/wp-json\/wp\/v2\/types\/page"}],"author":[{"embeddable":true,"href":"https:\/\/talkpal.ai\/fi\/wp-json\/wp\/v2\/users\/20"}],"replies":[{"embeddable":true,"href":"https:\/\/talkpal.ai\/fi\/wp-json\/wp\/v2\/comments?post=1465683"}],"version-history":[{"count":0,"href":"https:\/\/talkpal.ai\/fi\/wp-json\/wp\/v2\/pages\/1465683\/revisions"}],"wp:attachment":[{"href":"https:\/\/talkpal.ai\/fi\/wp-json\/wp\/v2\/media?parent=1465683"}],"curies":[{"name":"wp","href":"https:\/\/api.w.org\/{rel}","templated":true}]}}