{"id":1465618,"date":"2025-11-12T16:31:52","date_gmt":"2025-11-12T16:31:52","guid":{"rendered":"https:\/\/talkpal.ai\/punjabin-kielioppi\/"},"modified":"2025-12-30T11:36:07","modified_gmt":"2025-12-30T11:36:07","slug":"punjabin-kielioppi","status":"publish","type":"page","link":"https:\/\/talkpal.ai\/fi\/punjabin-kielioppi\/","title":{"rendered":"Punjabin kielioppi"},"content":{"rendered":"\r\n\r\n\r\n<section class=\"languageChallengeSection\">\r\n    <div class=\"languageInfoWrapper\">\r\n        \r\n        <h1>Punjabin kielioppi<\/h1>\r\n        <p><a href=\"https:\/\/talkpal.ai\/punjabi-grammar\/\">Punjabin kielioppi<\/a> saattaa aluksi tuntua haastavalta, mutta sen ainutlaatuiset ominaisuudet tekev\u00e4t kielen oppimisesta palkitsevan kokemuksen. Tutustumalla sen aakkosiin, mutaatioihin ja kielioppis\u00e4\u00e4nt\u00f6ihin saat k\u00e4sityksen rikkaasta kieliperinteest\u00e4. Aloita matkasi ja tutustu Punjabin kauneuteen!<\/p>\r\n\r\n                            <a class=\"getStartedHidden\" href=\"https:\/\/app.talkpal.ai\/fi\/signup?lng=\">Aloita<\/a>\r\n        \r\n    <\/div>\r\n\r\n    <figure>\r\n    <img decoding=\"async\" width=\"768\" height=\"768\" src=\"https:\/\/talkpal.ai\/wp-content\/uploads\/2023\/06\/welsh-768x768.png\" class=\"languageImage no-lazy\" alt=\"Default alt text\" fetchpriority=\"high\" sizes=\"(max-width: 768px) 150px, 768px\" srcset=\"https:\/\/talkpal.ai\/wp-content\/uploads\/2023\/06\/welsh-768x768.png 768w, https:\/\/talkpal.ai\/wp-content\/uploads\/2023\/06\/welsh-300x300.png 300w\" \/>\r\n    \r\n\r\n    <\/figure>\r\n\r\n            <a class=\"getStartedVisible\" href=\"https:\/\/app.talkpal.ai\/fi\/signup?lng=\">Aloita<\/a>\r\n    \r\n<\/section><section class=\"promotionalBanner\">\r\n    <p class=\"promotionalText\">Tehokkain tapa oppia kielt\u00e4<\/p>\r\n    <a class=\"promotionalLink\" href=\"https:\/\/app.talkpal.ai\/fi\/signup?lng=\">Kokeile Talkpal ilmaiseksi<\/a>\r\n<\/section>\n<div class=\"wp-block-group pageContainerStyle\"><div class=\"wp-block-group__inner-container is-layout-constrained wp-block-group-is-layout-constrained\">\n<h2 class=\"wp-block-heading\" id=\"h-navigating-the-intricacies-of-punjabi-grammar\">Punjabin kieliopin monimutkaisuudessa navigointi<\/h2>\n\n\n\n<p><a href=\"https:\/\/talkpal.ai\/fi\/opi-punjabia\/\">Punjabi<\/a>, indoarjalainen kieli, jolla on rikas historia ja kulttuurinen merkitys, tarjoaa j\u00e4nnitt\u00e4v\u00e4n kielellisen kokemuksen niille, jotka haluavat tutustua sen ainutlaatuiseen kielioppij\u00e4rjestelm\u00e4\u00e4n. Kun uskaltaudut Punjabin valtakuntaan, et vain rikasta kielellist\u00e4 repertuaariasi, vaan my\u00f6s omaksut kiehtovan kulttuurimatkan. Vaikka punjabin kielioppi saattaa aluksi tuntua monimutkaiselta, sen jakaminen ydinkomponentteihin tekee kielen oppimisesta helpommin l\u00e4hestytt\u00e4v\u00e4\u00e4. T\u00e4ss\u00e4 artikkelissa tutkimme punjabin kieliopin kiehtovaa maailmaa ja annamme vinkkej\u00e4 sen monimutkaisuuden hallitsemiseen.<\/p>\n\n\n\n<h3 class=\"wp-block-heading\" id=\"h-1-punjabi-alphabet-and-phonetics\">1. Punjabin aakkoset ja fonetiikka<\/h3>\n\n\n\n<p>Punjabin kirjoitusj\u00e4rjestelm\u00e4ss\u00e4 k\u00e4ytet\u00e4\u00e4n ensisijaisesti gurmukhi-kirjoitusta, joka sis\u00e4lt\u00e4\u00e4 itsen\u00e4isi\u00e4 vokaaleja, konsonantteja, vokaalimerkkej\u00e4, joita kutsutaan matroiksi, nasalisointimerkkej\u00e4, kuten bind\u012b ja \u1e6dipp\u012b, sek\u00e4 addakia, joka osoittaa konsonanttien kaksinkertaistumista. Punjabia kirjoitetaan my\u00f6s Shahmukhi-kirjoituksella Pakistanissa. Punjabin kieliopin oppimiseksi on t\u00e4rke\u00e4\u00e4 tutustua gurmukhiin harjoittelemalla lukemista ja kirjoittamista punjabin kielell\u00e4.<\/p>\n\n\n\n<h3 class=\"wp-block-heading\" id=\"h-2-tones-a-distinctive-punjabi-feature\">2. S\u00e4vyt: erottuva punjabilainen piirre<\/h3>\n\n\n\n<p>Yksi punjabin silmiinpist\u00e4vimmist\u00e4 puolista on sen s\u00e4vyn k\u00e4ytt\u00f6, joka voi muuttaa sanojen merkityst\u00e4. Punjabissa kuvataan yleisesti olevan kolme s\u00e4velt\u00e4, ja ne liittyv\u00e4t usein historiallisiin \u00e4\u00e4nnemuutoksiin, joita ei ole suoraan merkitty nykyaikaisessa kirjoitusasussa. \u00c4\u00e4nen toiminnan ymm\u00e4rt\u00e4minen ja tarkan \u00e4\u00e4nt\u00e4misen harjoittaminen on elint\u00e4rke\u00e4\u00e4 selke\u00e4n ja tarkan viestinn\u00e4n kannalta punjabissa.<\/p>\n\n\n\n<h3 class=\"wp-block-heading\" id=\"h-3-nouns-and-pronouns-gender-and-cases\">3. Substantiivit ja pronominit: sukupuoli ja tapaukset<\/h3>\n\n\n\n<p>Punjabi-substantiiveilla on kieliopillinen sukupuoli, maskuliininen <a href=\"https:\/\/talkpal.ai\/learn-thai\/\">tai<\/a> feminiini, ja monikkomuodot noudattavat malleja, jotka vaihtelevat substantiivityypin mukaan. Monet maskuliiniset substantiivit muodostavat monikkomuodon -e:ss\u00e4 ja monet feminiiniset substantiivit -\u0101\u1e41ssa, vaikka niiss\u00e4 onkin ep\u00e4s\u00e4\u00e4nn\u00f6llisyyksi\u00e4. <a href=\"https:\/\/talkpal.ai\/learn-punjabi\/\">Punjabi<\/a> k\u00e4ytt\u00e4\u00e4 vinoa sijamuotoa ennen postpositioita, jotka seuraavat substantiivia tai pronominia. Pronominit sis\u00e4lt\u00e4v\u00e4t persoonalliset, possessiiviset, refleksiiviset, demonstratiiviset ja kysyv\u00e4t joukot, kuten \u0a2e\u0a48\u0a02, \u0a24\u0a42\u0a70, \u0a09\u0a39, \u0a2e\u0a47\u0a30\u0a3e, \u0a06\u0a2a\u0a23\u0a3e, \u0a07\u0a39, \u0a09\u0a39, \u0a15\u0a4c\u0a23 ja \u0a15\u0a40. N\u00e4ihin pronomineihin ja niiden muotoihin tutustuminen parantaa merkitt\u00e4v\u00e4sti ymm\u00e4rryst\u00e4si punjabin kieliopista.<\/p>\n\n\n\n<h3 class=\"wp-block-heading\" id=\"h-4-verbs-structure-and-conjugation\">4. Verbit: rakenne ja taivutus<\/h3>\n\n\n\n<p>Punjabi-verbit osoittavat n\u00e4k\u00f6kulmaa ja yksimielisyytt\u00e4, ja niiss\u00e4 k\u00e4ytet\u00e4\u00e4n tyypillisesti partisiipej\u00e4 yhdistettyn\u00e4 apuverbiin \u0a39\u0a4b\u0a23\u0a3e ilmaisemaan aikamuotoa ja tunnelmaa. Keskeisi\u00e4 eroja ovat nykyisyys, tavanomainen, menneisyyden perfektiivinen ja tulevaisuus sek\u00e4 ehdolliset ja imperatiiviset mielialat. Sopivuus riippuu usein sukupuolesta ja numerosta, ja monissa perfektiivisiss\u00e4 transitiivilauseissa punjabi merkitsee subjektin \u0a28\u0a47:ll\u00e4, kun taas verbi on sopusoinnussa objektin kanssa. T\u00e4rkeimpien taivutusmallien ja apuk\u00e4yt\u00f6n oppiminen parantaa kyky\u00e4si kommunikoida tehokkaasti punjabin kielell\u00e4.<\/p>\n\n\n\n<h3 class=\"wp-block-heading\" id=\"h-5-adjectives-agreement-and-placement\">5. Adjektiivit: sopimus ja sijoitus<\/h3>\n\n\n\n<p>Punjabin kieliopissa adjektiivit edelt\u00e4v\u00e4t tyypillisesti muokkaamaansa substantiivia, ja kun ne on merkitty, ne ovat sukupuolen ja lukum\u00e4\u00e4r\u00e4n suhteen samaa mielt\u00e4 substantiivin kanssa. Monet adjektiivit ovat muuttumattomia mutta yleiset kuvaavat adjektiivit osoittavat maskuliinisia, feminiinisi\u00e4 ja monikkomuotoja. Vertailevat ja superlatiivit muodostetaan usein analyyttisesti, kun \u0a39\u0a4b\u0a30 tarkoittaa enemm\u00e4n ja \u0a38\u0a2d \u0a24\u0a4b\u0a02 useimmille.<\/p>\n\n\n\n<p><strong>Esimerkkej\u00e4:<\/strong><\/p>\n\n\n\n<p><strong>\u2013 \u0a35\u0a71\u0a21\u0a3e \u0a2a\u0a3f\u0a06\u0a30 (iso rakkaus)<\/strong><\/p>\n\n\n\n<p><strong>\u2013 \u0a1b\u0a4b\u0a1f\u0a47 \u0a2c\u0a71\u0a1a\u0a47 (pienet lapset)<\/strong><\/p>\n\n\n\n<h3 class=\"wp-block-heading\" id=\"h-6-engaging-with-the-language\">6. Sitoutuminen kieleen<\/h3>\n\n\n\n<p>Tehokkain tapa ymm\u00e4rt\u00e4\u00e4 ja sis\u00e4ist\u00e4\u00e4 punjabin kielioppi on olla johdonmukaisesti tekemisiss\u00e4 kielen kanssa. Lukemalla punjabilaista kirjallisuutta, katsomalla punjabilaisia elokuvia tai televisiosarjoja, kuuntelemalla musiikkia ja runoutta sek\u00e4 kommunikoimalla aktiivisesti \u00e4idinkielen\u00e4\u00e4n puhuvien kanssa vahvistat ymm\u00e4rryst\u00e4si kieliopista ja laajennat sanavarastoasi.<\/p>\n\n\n\n<h3 class=\"wp-block-heading\" id=\"h-conclusion\">P\u00e4\u00e4telm\u00e4<\/h3>\n\n\n\n<p>Vaikka punjabin kielioppi saattaa tuntua monimutkaiselta, voit oppia t\u00e4m\u00e4n kauniin kielen omistautumalla, harjoittelemalla ja innolla. Keskittym\u00e4ll\u00e4 peruss\u00e4\u00e4nt\u00f6ihin ja osallistumalla kieleen eri yhteyksiss\u00e4 parannat nopeasti punjabin <a href=\"https:\/\/talkpal.ai\/fi\/kielioppi\/\">kielioppitaitojasi<\/a>. \u0a38\u0a3c\u0a41\u0a2d \u0a15\u0a3e\u0a2e\u0a28\u0a3e\u0a35\u0a3e\u0a02 (onnea) punjabin kielimatkallesi ja nauti punjabin kieliopin dynaamisen ja kiehtovan maailman purkamisesta!<\/p>\n<\/div><\/div>\n\r\n<section class=\"learnNavigationSection\">\r\n            \r\n        <a href=\"https:\/\/talkpal.ai\/fi\/opi-punjabia\/\">\r\n            <div class=\"learnNavigationWrapper\">\r\n                <div class=\"learnNavigationContent\">\r\n                    <img decoding=\"async\" src=\"https:\/\/talkpal.ai\/wp-content\/uploads\/2025\/11\/Punjabi.png\" alt=\"Indian Simplified Flag\">\r\n                    <div>\r\n                        <h4>Tietoja Punjabi Learningista<\/h4>\r\n                        <p>Ota selv\u00e4\u00e4 Punjabin kieliopista.<\/p>\r\n                    <\/div>\r\n                <\/div>\r\n            <\/div>\r\n        <\/a>\r\n\r\n        \r\n        <a href=\"https:\/\/talkpal.ai\/fi\/punjabin-kielioppiharjoitukset\/\">\r\n            <div class=\"learnNavigationWrapper\">\r\n                <div class=\"learnNavigationContent\">\r\n                    <img decoding=\"async\" src=\"https:\/\/talkpal.ai\/wp-content\/uploads\/2025\/11\/Punjabi.png\" alt=\"Indian Simplified Flag\">\r\n                    <div>\r\n                        <h4>Punjabin kielioppiharjoitus<\/h4>\r\n                        <p>Harjoittele punjabin kielioppia.<\/p>\r\n                    <\/div>\r\n                <\/div>\r\n            <\/div>\r\n        <\/a>\r\n\r\n            <\/section>","protected":false},"excerpt":{"rendered":"<p>Punjabin kieliopin monimutkaisuudessa navigointi Punjabi, indoarjalainen kieli, jolla on rikas historia ja kulttuurinen merkitys, tarjoaa j\u00e4nnitt\u00e4v\u00e4n kielellisen kokemuksen niille, jotka haluavat tutustua sen ainutlaatuiseen kielioppij\u00e4rjestelm\u00e4\u00e4n. Kun uskaltaudut Punjabin valtakuntaan, et vain rikasta kielellist\u00e4 repertuaariasi, vaan my\u00f6s omaksut kiehtovan kulttuurimatkan. Vaikka punjabin kielioppi saattaa aluksi tuntua monimutkaiselta, sen jakaminen ydinkomponentteihin tekee kielen oppimisesta helpommin l\u00e4hestytt\u00e4v\u00e4\u00e4. T\u00e4ss\u00e4 [&hellip;]<\/p>\n","protected":false},"author":20,"featured_media":0,"parent":0,"menu_order":0,"comment_status":"closed","ping_status":"closed","template":"LearningContentPage.php","meta":{"_acf_changed":false,"footnotes":""},"class_list":["post-1465618","page","type-page","status-publish","hentry"],"acf":[],"yoast_head":"<!-- This site is optimized with the Yoast SEO Premium plugin v27.2 (Yoast SEO v27.2) - https:\/\/yoast.com\/product\/yoast-seo-premium-wordpress\/ -->\n<title>Punjabin kielioppi - Talkpal<\/title>\n<meta name=\"description\" content=\"Opettele Punjabin kieliopin perusteet kattavan oppaamme avulla ja paranna kielitaitoasi jo t\u00e4n\u00e4\u00e4n.\" \/>\n<meta name=\"robots\" content=\"index, follow, max-snippet:-1, max-image-preview:large, max-video-preview:-1\" \/>\n<link rel=\"canonical\" href=\"https:\/\/talkpal.ai\/fi\/punjabin-kielioppi\/\" \/>\n<meta property=\"og:locale\" content=\"fi_FI\" \/>\n<meta property=\"og:type\" content=\"article\" \/>\n<meta property=\"og:title\" content=\"Punjabin kielioppi\" \/>\n<meta property=\"og:description\" content=\"Punjabin kieliopin monimutkaisuudessa navigointi Punjabi, indoarjalainen kieli, jolla on rikas historia ja kulttuurinen merkitys, tarjoaa j\u00e4nnitt\u00e4v\u00e4n\" \/>\n<meta property=\"og:url\" content=\"https:\/\/talkpal.ai\/fi\/punjabin-kielioppi\/\" \/>\n<meta property=\"og:site_name\" content=\"Talkpal\" \/>\n<meta property=\"article:publisher\" content=\"https:\/\/www.facebook.com\/profile.php?id=100090733639311\" \/>\n<meta property=\"article:modified_time\" content=\"2025-12-30T11:36:07+00:00\" \/>\n<meta property=\"og:image\" content=\"https:\/\/talkpal.ai\/wp-content\/uploads\/2025\/02\/Progress-tab-16_9.png\" \/>\n\t<meta property=\"og:image:width\" content=\"2880\" \/>\n\t<meta property=\"og:image:height\" content=\"1620\" \/>\n\t<meta property=\"og:image:type\" content=\"image\/png\" \/>\n<meta name=\"twitter:card\" content=\"summary_large_image\" \/>\n<meta name=\"twitter:site\" content=\"@talkpalai\" \/>\n<meta name=\"twitter:label1\" content=\"Arvioitu lukuaika\" \/>\n\t<meta name=\"twitter:data1\" content=\"3 minuuttia\" \/>\n<script type=\"application\/ld+json\" class=\"yoast-schema-graph\">{\"@context\":\"https:\/\/schema.org\",\"@graph\":[{\"@type\":\"WebPage\",\"@id\":\"https:\/\/talkpal.ai\/fi\/punjabin-kielioppi\/\",\"url\":\"https:\/\/talkpal.ai\/fi\/punjabin-kielioppi\/\",\"name\":\"Punjabin kielioppi - Talkpal\",\"isPartOf\":{\"@id\":\"https:\/\/talkpal.ai\/fi\/#website\"},\"datePublished\":\"2025-11-12T16:31:52+00:00\",\"dateModified\":\"2025-12-30T11:36:07+00:00\",\"description\":\"Opettele Punjabin kieliopin perusteet kattavan oppaamme avulla ja paranna kielitaitoasi jo t\u00e4n\u00e4\u00e4n.\",\"breadcrumb\":{\"@id\":\"https:\/\/talkpal.ai\/fi\/punjabin-kielioppi\/#breadcrumb\"},\"inLanguage\":\"fi\",\"potentialAction\":[{\"@type\":\"ReadAction\",\"target\":[\"https:\/\/talkpal.ai\/fi\/punjabin-kielioppi\/\"]}]},{\"@type\":\"BreadcrumbList\",\"@id\":\"https:\/\/talkpal.ai\/fi\/punjabin-kielioppi\/#breadcrumb\",\"itemListElement\":[{\"@type\":\"ListItem\",\"position\":1,\"name\":\"Homepage\",\"item\":\"https:\/\/talkpal.ai\/fi\/\"},{\"@type\":\"ListItem\",\"position\":2,\"name\":\"Punjabin kielioppi\"}]},{\"@type\":\"WebSite\",\"@id\":\"https:\/\/talkpal.ai\/fi\/#website\",\"url\":\"https:\/\/talkpal.ai\/fi\/\",\"name\":\"Talkpal\",\"description\":\"AI Language Learning\",\"publisher\":{\"@id\":\"https:\/\/talkpal.ai\/fi\/#organization\"},\"alternateName\":\"Talkpal AI\",\"potentialAction\":[{\"@type\":\"SearchAction\",\"target\":{\"@type\":\"EntryPoint\",\"urlTemplate\":\"https:\/\/talkpal.ai\/fi\/?s={search_term_string}\"},\"query-input\":{\"@type\":\"PropertyValueSpecification\",\"valueRequired\":true,\"valueName\":\"search_term_string\"}}],\"inLanguage\":\"fi\"},{\"@type\":\"Organization\",\"@id\":\"https:\/\/talkpal.ai\/fi\/#organization\",\"name\":\"Talkpal, Inc.\",\"alternateName\":\"Talkpal AI\",\"url\":\"https:\/\/talkpal.ai\/fi\/\",\"logo\":{\"@type\":\"ImageObject\",\"inLanguage\":\"fi\",\"@id\":\"https:\/\/talkpal.ai\/fi\/#\/schema\/logo\/image\/\",\"url\":\"https:\/\/talkpal.ai\/wp-content\/uploads\/2024\/03\/Talkpal-Logo-Icon.png\",\"contentUrl\":\"https:\/\/talkpal.ai\/wp-content\/uploads\/2024\/03\/Talkpal-Logo-Icon.png\",\"width\":2880,\"height\":2880,\"caption\":\"Talkpal, Inc.\"},\"image\":{\"@id\":\"https:\/\/talkpal.ai\/fi\/#\/schema\/logo\/image\/\"},\"sameAs\":[\"https:\/\/www.facebook.com\/profile.php?id=100090733639311\",\"https:\/\/x.com\/talkpalai\",\"https:\/\/www.linkedin.com\/company\/talkpal\/\",\"https:\/\/www.youtube.com\/@TalkPal\/\",\"https:\/\/www.tiktok.com\/@talkpal\",\"https:\/\/www.instagram.com\/talkpal_ai\/\",\"https:\/\/www.crunchbase.com\/organization\/talkpal-9cde\",\"https:\/\/www.g2.com\/products\/talkpal-for-business\/\",\"https:\/\/www.trustpilot.com\/review\/talkpal.ai\",\"https:\/\/www.capterra.com\/p\/10006800\/TalkPal\/\"],\"description\":\"Talkpal is a language learning web and mobile education app, powered by the latest AI technologies, that provides engaging experiences to its customers in many different languages to help them improve their language skills. Users can chat about unlimited amount of topics with the app and use other modes to practice their language learning.\",\"email\":\"support@talkpal.ai\",\"legalName\":\"Talkpal, Inc.\",\"foundingDate\":\"2023-04-03\",\"duns\":\"118989042\",\"numberOfEmployees\":{\"@type\":\"QuantitativeValue\",\"minValue\":\"11\",\"maxValue\":\"50\"},\"publishingPrinciples\":\"https:\/\/talkpal.ai\/publishing-principles\/\",\"actionableFeedbackPolicy\":\"https:\/\/talkpal.ai\/actionable-feedback-policy\/\",\"correctionsPolicy\":\"https:\/\/talkpal.ai\/corrections-policy\/\",\"ethicsPolicy\":\"https:\/\/talkpal.ai\/ethics-policy\/\",\"diversityPolicy\":\"https:\/\/talkpal.ai\/diversity-policy\/\",\"diversityStaffingReport\":\"https:\/\/talkpal.ai\/diversity-policy\/\"}]}<\/script>\n<!-- \/ Yoast SEO Premium plugin. -->","yoast_head_json":{"title":"Punjabin kielioppi - Talkpal","description":"Opettele Punjabin kieliopin perusteet kattavan oppaamme avulla ja paranna kielitaitoasi jo t\u00e4n\u00e4\u00e4n.","robots":{"index":"index","follow":"follow","max-snippet":"max-snippet:-1","max-image-preview":"max-image-preview:large","max-video-preview":"max-video-preview:-1"},"canonical":"https:\/\/talkpal.ai\/fi\/punjabin-kielioppi\/","og_locale":"fi_FI","og_type":"article","og_title":"Punjabin kielioppi","og_description":"Punjabin kieliopin monimutkaisuudessa navigointi Punjabi, indoarjalainen kieli, jolla on rikas historia ja kulttuurinen merkitys, tarjoaa j\u00e4nnitt\u00e4v\u00e4n","og_url":"https:\/\/talkpal.ai\/fi\/punjabin-kielioppi\/","og_site_name":"Talkpal","article_publisher":"https:\/\/www.facebook.com\/profile.php?id=100090733639311","article_modified_time":"2025-12-30T11:36:07+00:00","og_image":[{"width":2880,"height":1620,"url":"https:\/\/talkpal.ai\/wp-content\/uploads\/2025\/02\/Progress-tab-16_9.png","type":"image\/png"}],"twitter_card":"summary_large_image","twitter_site":"@talkpalai","twitter_misc":{"Arvioitu lukuaika":"3 minuuttia"},"schema":{"@context":"https:\/\/schema.org","@graph":[{"@type":"WebPage","@id":"https:\/\/talkpal.ai\/fi\/punjabin-kielioppi\/","url":"https:\/\/talkpal.ai\/fi\/punjabin-kielioppi\/","name":"Punjabin kielioppi - Talkpal","isPartOf":{"@id":"https:\/\/talkpal.ai\/fi\/#website"},"datePublished":"2025-11-12T16:31:52+00:00","dateModified":"2025-12-30T11:36:07+00:00","description":"Opettele Punjabin kieliopin perusteet kattavan oppaamme avulla ja paranna kielitaitoasi jo t\u00e4n\u00e4\u00e4n.","breadcrumb":{"@id":"https:\/\/talkpal.ai\/fi\/punjabin-kielioppi\/#breadcrumb"},"inLanguage":"fi","potentialAction":[{"@type":"ReadAction","target":["https:\/\/talkpal.ai\/fi\/punjabin-kielioppi\/"]}]},{"@type":"BreadcrumbList","@id":"https:\/\/talkpal.ai\/fi\/punjabin-kielioppi\/#breadcrumb","itemListElement":[{"@type":"ListItem","position":1,"name":"Homepage","item":"https:\/\/talkpal.ai\/fi\/"},{"@type":"ListItem","position":2,"name":"Punjabin kielioppi"}]},{"@type":"WebSite","@id":"https:\/\/talkpal.ai\/fi\/#website","url":"https:\/\/talkpal.ai\/fi\/","name":"Talkpal","description":"AI Language Learning","publisher":{"@id":"https:\/\/talkpal.ai\/fi\/#organization"},"alternateName":"Talkpal AI","potentialAction":[{"@type":"SearchAction","target":{"@type":"EntryPoint","urlTemplate":"https:\/\/talkpal.ai\/fi\/?s={search_term_string}"},"query-input":{"@type":"PropertyValueSpecification","valueRequired":true,"valueName":"search_term_string"}}],"inLanguage":"fi"},{"@type":"Organization","@id":"https:\/\/talkpal.ai\/fi\/#organization","name":"Talkpal, Inc.","alternateName":"Talkpal AI","url":"https:\/\/talkpal.ai\/fi\/","logo":{"@type":"ImageObject","inLanguage":"fi","@id":"https:\/\/talkpal.ai\/fi\/#\/schema\/logo\/image\/","url":"https:\/\/talkpal.ai\/wp-content\/uploads\/2024\/03\/Talkpal-Logo-Icon.png","contentUrl":"https:\/\/talkpal.ai\/wp-content\/uploads\/2024\/03\/Talkpal-Logo-Icon.png","width":2880,"height":2880,"caption":"Talkpal, Inc."},"image":{"@id":"https:\/\/talkpal.ai\/fi\/#\/schema\/logo\/image\/"},"sameAs":["https:\/\/www.facebook.com\/profile.php?id=100090733639311","https:\/\/x.com\/talkpalai","https:\/\/www.linkedin.com\/company\/talkpal\/","https:\/\/www.youtube.com\/@TalkPal\/","https:\/\/www.tiktok.com\/@talkpal","https:\/\/www.instagram.com\/talkpal_ai\/","https:\/\/www.crunchbase.com\/organization\/talkpal-9cde","https:\/\/www.g2.com\/products\/talkpal-for-business\/","https:\/\/www.trustpilot.com\/review\/talkpal.ai","https:\/\/www.capterra.com\/p\/10006800\/TalkPal\/"],"description":"Talkpal is a language learning web and mobile education app, powered by the latest AI technologies, that provides engaging experiences to its customers in many different languages to help them improve their language skills. Users can chat about unlimited amount of topics with the app and use other modes to practice their language learning.","email":"support@talkpal.ai","legalName":"Talkpal, Inc.","foundingDate":"2023-04-03","duns":"118989042","numberOfEmployees":{"@type":"QuantitativeValue","minValue":"11","maxValue":"50"},"publishingPrinciples":"https:\/\/talkpal.ai\/publishing-principles\/","actionableFeedbackPolicy":"https:\/\/talkpal.ai\/actionable-feedback-policy\/","correctionsPolicy":"https:\/\/talkpal.ai\/corrections-policy\/","ethicsPolicy":"https:\/\/talkpal.ai\/ethics-policy\/","diversityPolicy":"https:\/\/talkpal.ai\/diversity-policy\/","diversityStaffingReport":"https:\/\/talkpal.ai\/diversity-policy\/"}]}},"_links":{"self":[{"href":"https:\/\/talkpal.ai\/fi\/wp-json\/wp\/v2\/pages\/1465618","targetHints":{"allow":["GET"]}}],"collection":[{"href":"https:\/\/talkpal.ai\/fi\/wp-json\/wp\/v2\/pages"}],"about":[{"href":"https:\/\/talkpal.ai\/fi\/wp-json\/wp\/v2\/types\/page"}],"author":[{"embeddable":true,"href":"https:\/\/talkpal.ai\/fi\/wp-json\/wp\/v2\/users\/20"}],"replies":[{"embeddable":true,"href":"https:\/\/talkpal.ai\/fi\/wp-json\/wp\/v2\/comments?post=1465618"}],"version-history":[{"count":0,"href":"https:\/\/talkpal.ai\/fi\/wp-json\/wp\/v2\/pages\/1465618\/revisions"}],"wp:attachment":[{"href":"https:\/\/talkpal.ai\/fi\/wp-json\/wp\/v2\/media?parent=1465618"}],"curies":[{"name":"wp","href":"https:\/\/api.w.org\/{rel}","templated":true}]}}