{"id":1465569,"date":"2025-11-12T16:20:16","date_gmt":"2025-11-12T16:20:16","guid":{"rendered":"https:\/\/talkpal.ai\/paston-kielioppi\/"},"modified":"2025-12-30T11:44:03","modified_gmt":"2025-12-30T11:44:03","slug":"paston-kielioppi","status":"publish","type":"page","link":"https:\/\/talkpal.ai\/fi\/paston-kielioppi\/","title":{"rendered":"Pa\u0161ton kielioppi"},"content":{"rendered":"\r\n\r\n\r\n<section class=\"languageChallengeSection\">\r\n    <div class=\"languageInfoWrapper\">\r\n        \r\n        <h1>Pa\u0161ton kielioppi<\/h1>\r\n        <p>Pa\u0161ton kielioppi saattaa aluksi tuntua haastavalta, mutta sen ainutlaatuiset ominaisuudet tekev\u00e4t kielen oppimisesta palkitsevan kokemuksen. Tutustumalla sen aakkosiin, mutaatioihin ja kielioppis\u00e4\u00e4nt\u00f6ihin saat k\u00e4sityksen rikkaasta kieliperinteest\u00e4. Aloita matkasi ja tutustu pashton kauneuteen!<\/p>\r\n\r\n                            <a class=\"getStartedHidden\" href=\"https:\/\/app.talkpal.ai\/fi\/signup?lng=\">Aloita<\/a>\r\n        \r\n    <\/div>\r\n\r\n    <figure>\r\n    <img decoding=\"async\" width=\"768\" height=\"768\" src=\"https:\/\/talkpal.ai\/wp-content\/uploads\/2023\/06\/welsh-768x768.png\" class=\"languageImage no-lazy\" alt=\"Default alt text\" fetchpriority=\"high\" sizes=\"(max-width: 768px) 150px, 768px\" srcset=\"https:\/\/talkpal.ai\/wp-content\/uploads\/2023\/06\/welsh-768x768.png 768w, https:\/\/talkpal.ai\/wp-content\/uploads\/2023\/06\/welsh-300x300.png 300w\" \/>\r\n    \r\n\r\n    <\/figure>\r\n\r\n            <a class=\"getStartedVisible\" href=\"https:\/\/app.talkpal.ai\/fi\/signup?lng=\">Aloita<\/a>\r\n    \r\n<\/section><section class=\"promotionalBanner\">\r\n    <p class=\"promotionalText\">Tehokkain tapa oppia kielt\u00e4<\/p>\r\n    <a class=\"promotionalLink\" href=\"https:\/\/app.talkpal.ai\/fi\/signup?lng=\">Kokeile Talkpal ilmaiseksi<\/a>\r\n<\/section>\n<div class=\"wp-block-group pageContainerStyle\"><div class=\"wp-block-group__inner-container is-layout-constrained wp-block-group-is-layout-constrained\">\n<h2 class=\"wp-block-heading\" id=\"h-navigating-the-intricacies-of-pashto-grammar\">Navigointi pa\u0161ton kieliopin koukeroiden keskell\u00e4<\/h2>\n\n\n\n<p><a href=\"https:\/\/talkpal.ai\/fi\/opi-pashtua\/\">Pa\u0161tu<\/a>, it\u00e4iranilainen kieli, jolla on rikas historia ja kulttuurinen merkitys Afganistanissa ja Pakistanissa, tarjoaa j\u00e4nnitt\u00e4v\u00e4n kielellisen kokemuksen niille, jotka haluavat tutustua sen ainutlaatuiseen kielioppij\u00e4rjestelm\u00e4\u00e4n. Kun uskaltaudut pa\u0161ton valtakuntaan, et vain rikasta kielellist\u00e4 repertuaariasi, vaan my\u00f6s omaksut kiehtovan kulttuurimatkan. Vaikka pa\u0161ton kielioppi saattaa aluksi tuntua monimutkaiselta, sen jakaminen ydinosiin tekee kielen oppimisesta helpommin l\u00e4hestytt\u00e4v\u00e4\u00e4. T\u00e4ss\u00e4 artikkelissa tutkimme pa\u0161ton kieliopin kiehtovaa maailmaa ja annamme vinkkej\u00e4 sen monimutkaisuuden hallitsemiseen.<\/p>\n\n\n\n<h3 class=\"wp-block-heading\" id=\"h-1-pashto-alphabet-and-phonetics\">1. Pa\u0161tujen aakkoset ja fonetiikka<\/h3>\n\n\n\n<p><a href=\"https:\/\/talkpal.ai\/learn-pashto\/\">Pa\u0161tu<\/a>-kirjoitusj\u00e4rjestelm\u00e4 perustuu persialais-arabialaiseen kirjoitusj\u00e4rjestelm\u00e4\u00e4n ja sis\u00e4lt\u00e4\u00e4 muita pa\u0161ton kielelle ominaisia kirjaimia, kuten \u067c, \u0689, \u0693, \u06bc, \u0685, \u0681, \u069a, \u0696 ja \u06ab. Pa\u0161tun kieliopin oppimiseksi on t\u00e4rke\u00e4\u00e4 tutustua t\u00e4h\u00e4n erottuvaan kirjoitusj\u00e4rjestelm\u00e4\u00e4n ja pa\u0161ton \u00e4\u00e4nij\u00e4rjestelm\u00e4\u00e4n, jossa on retroflex- ja aspiroituja konsonantteja sek\u00e4 tyypillisi\u00e4 vokaalikontrasteja.<\/p>\n\n\n\n<h3 class=\"wp-block-heading\" id=\"h-2-split-ergativity-a-peculiar-pashto-feature\">2. Jaettu ergatiivisuus: erikoinen pa\u0161tu-ominaisuus<\/h3>\n\n\n\n<p>Yksi pa\u0161ton kieliopin silmiinpist\u00e4vimmist\u00e4 piirteist\u00e4 on sen jakautunut ergatiivisuus monissa menneess\u00e4 transitiivisissa lauseissa. N\u00e4iss\u00e4 yhteyksiss\u00e4 toimija esiintyy vinossa sijamuodossa ja verbill\u00e4 on taipumus olla sopusoinnussa suoran objektin kanssa sukupuolen ja numeron suhteen pikemminkin kuin agentin kanssa. On t\u00e4rke\u00e4\u00e4 ymm\u00e4rt\u00e4\u00e4, milloin t\u00e4m\u00e4 linjausmalli p\u00e4tee ja miten sopimus toimii, jotta viestint\u00e4 olisi tarkkaa pa\u0161tuksiksi.<\/p>\n\n\n\n<h3 class=\"wp-block-heading\" id=\"h-3-nouns-and-pronouns-gender-and-cases\">3. Substantiivit ja pronominit: sukupuoli ja tapaukset<\/h3>\n\n\n\n<p><a href=\"https:\/\/talkpal.ai\/learn-pashto\/\">Pa\u0161tu<\/a>-substantiiveilla on kieliopillinen sukupuoli (maskuliininen <a href=\"https:\/\/talkpal.ai\/learn-thai\/\">tai<\/a> feminiini) ja ne noudattavat useita monikkomuodostusmalleja, jotka vaihtelevat substantiiviluokan mukaan. Pa\u0161tu erottaa my\u00f6s suorat ja vinot sijamuodot, jotka vaikuttavat substantiivien ja pronominien k\u00e4ytt\u00e4ytymiseen postpositioiden ja tiettyjen verbirakenteiden kanssa. Pa\u0161ton pronominit sis\u00e4lt\u00e4v\u00e4t persoonallisia, omistus-, refleksiivisi\u00e4, demonstratiivisia ja kysyvi\u00e4 muotoja, joissa on sek\u00e4 itsen\u00e4isi\u00e4 ett\u00e4 enkliittisi\u00e4 muunnelmia. N\u00e4ihin muotoihin ja niiden sijaeroihin tutustuminen parantaa merkitt\u00e4v\u00e4sti k\u00e4sityst\u00e4si pa\u0161ton kieliopista.<\/p>\n\n\n\n<h3 class=\"wp-block-heading\" id=\"h-4-verbs-structure-and-conjugation\">4. Verbit: rakenne ja taivutus<\/h3>\n\n\n\n<p>Pa\u0161tuverbit noudattavat erottuvaa j\u00e4rjestelm\u00e4\u00e4, joka on j\u00e4rjestetty aspektin ja aikamuodon ymp\u00e4rille, persoonan ja numeron kanssa. Ydinaikamuotoja ovat nykyisyys, menneisyys ja tulevaisuus, ja tulevaisuus merkit\u00e4\u00e4n yleisesti hiukkasella ba. Pa\u0161tu k\u00e4ytt\u00e4\u00e4 my\u00f6s voimakkaasti tunnelmia, kuten konditionaalista, konjunktiivia ja imperatiivia, ja k\u00e4ytt\u00e4\u00e4 negaatiopartikkeleita, jotka eroavat lauseiden ja k\u00e4skyjen v\u00e4lill\u00e4. Taivutuskuvioiden oppiminen, mukaan lukien perfektiiviset ja imperfektiiviset varret, parantaa kyky\u00e4si kommunikoida tehokkaasti pa\u0161tuksi.<\/p>\n\n\n\n<h3 class=\"wp-block-heading\" id=\"h-5-adjectives-agreement-and-placement\">5. Adjektiivit: sopimus ja sijoitus<\/h3>\n\n\n\n<p>Pa\u0161ton kieliopissa adjektiivit edelt\u00e4v\u00e4t tyypillisesti muokkaamaansa substantiivia, ja monet adjektiivit eiv\u00e4t muuta sukupuolen tai numeron muotoa. Jotkut adjektiivit muodostavat vertailevia ja superlatiivisia merkityksi\u00e4 ep\u00e4s\u00e4\u00e4nn\u00f6llisesti tai m\u00e4\u00e4r\u00e4ttyjen ilmaisujen kautta, jotka ovat v\u00e4ltt\u00e4m\u00e4tt\u00f6mi\u00e4 luonnollisemman kommunikoinnin oppimiseksi.<\/p>\n\n\n\n<p><strong>Esimerkkej\u00e4:<\/strong><\/p>\n\n\n\n<p><strong>\u2013 Loy Kor (iso talo)<\/strong><\/p>\n\n\n\n<p><strong>\u2013 Kuchni Mashuman (pienet lapset)<\/strong><\/p>\n\n\n\n<h3 class=\"wp-block-heading\" id=\"h-6-engaging-with-the-language\">6. Sitoutuminen kieleen<\/h3>\n\n\n\n<p>Tehokkain tapa ymm\u00e4rt\u00e4\u00e4 ja sis\u00e4ist\u00e4\u00e4 t\u00e4ysin pa\u0161ton kielioppi on olla johdonmukaisesti tekemisiss\u00e4 kielen kanssa. Lukemalla pa\u0161tukirjallisuutta, katsomalla pa\u0161tuelokuvia tai televisiosarjoja, kuuntelemalla radiota ja musiikkia sek\u00e4 kommunikoimalla aktiivisesti \u00e4idinkielen\u00e4\u00e4n puhuvien kanssa vahvistat ymm\u00e4rryst\u00e4si kieliopista ja laajennat sanavarastoasi.<\/p>\n\n\n\n<h3 class=\"wp-block-heading\" id=\"h-conclusion\">P\u00e4\u00e4telm\u00e4<\/h3>\n\n\n\n<p>Vaikka pa\u0161ton kielioppi saattaa tuntua monimutkaiselta, voit oppia t\u00e4m\u00e4n kauniin kielen omistautumalla, harjoittelemalla ja innostuneesti. Keskittym\u00e4ll\u00e4 peruss\u00e4\u00e4nt\u00f6ihin ja osallistumalla kieleen eri yhteyksiss\u00e4 parannat nopeasti pa\u0161ton <a href=\"https:\/\/talkpal.ai\/fi\/kielioppi\/\">kielioppitaitojasi<\/a>. Kha bakht (onnea) pa\u0161ton kielimatkallesi ja nauti pashton kieliopin arvoituksellisen mutta kiehtovan maailman selvitt\u00e4misest\u00e4!<\/p>\n<\/div><\/div>\n\r\n<section class=\"learnNavigationSection\">\r\n            \r\n        <a href=\"https:\/\/talkpal.ai\/fi\/opi-pashtua\/\">\r\n            <div class=\"learnNavigationWrapper\">\r\n                <div class=\"learnNavigationContent\">\r\n                    <img decoding=\"async\" src=\"https:\/\/talkpal.ai\/wp-content\/uploads\/2025\/11\/Pashto.png\" alt=\"Afghan Flag\">\r\n                    <div>\r\n                        <h4>Tietoja pashton oppimisesta<\/h4>\r\n                        <p>Ota selv\u00e4\u00e4 pashton kieliopista.<\/p>\r\n                    <\/div>\r\n                <\/div>\r\n            <\/div>\r\n        <\/a>\r\n\r\n        \r\n        <a href=\"https:\/\/talkpal.ai\/fi\/paston-kielioppiharjoitukset\/\">\r\n            <div class=\"learnNavigationWrapper\">\r\n                <div class=\"learnNavigationContent\">\r\n                    <img decoding=\"async\" src=\"https:\/\/talkpal.ai\/wp-content\/uploads\/2025\/11\/Pashto.png\" alt=\"Afghan Flag\">\r\n                    <div>\r\n                        <h4>Pa\u0161ton kielioppiharjoitus<\/h4>\r\n                        <p>Harjoittele pa\u0161tua.<\/p>\r\n                    <\/div>\r\n                <\/div>\r\n            <\/div>\r\n        <\/a>\r\n\r\n            <\/section>","protected":false},"excerpt":{"rendered":"<p>Navigointi pa\u0161ton kieliopin koukeroiden keskell\u00e4 Pa\u0161tu, it\u00e4iranilainen kieli, jolla on rikas historia ja kulttuurinen merkitys Afganistanissa ja Pakistanissa, tarjoaa j\u00e4nnitt\u00e4v\u00e4n kielellisen kokemuksen niille, jotka haluavat tutustua sen ainutlaatuiseen kielioppij\u00e4rjestelm\u00e4\u00e4n. Kun uskaltaudut pa\u0161ton valtakuntaan, et vain rikasta kielellist\u00e4 repertuaariasi, vaan my\u00f6s omaksut kiehtovan kulttuurimatkan. Vaikka pa\u0161ton kielioppi saattaa aluksi tuntua monimutkaiselta, sen jakaminen ydinosiin tekee kielen [&hellip;]<\/p>\n","protected":false},"author":20,"featured_media":0,"parent":0,"menu_order":0,"comment_status":"closed","ping_status":"closed","template":"LearningContentPage.php","meta":{"_acf_changed":false,"footnotes":""},"class_list":["post-1465569","page","type-page","status-publish","hentry"],"acf":[],"yoast_head":"<!-- This site is optimized with the Yoast SEO Premium plugin v27.2 (Yoast SEO v27.2) - https:\/\/yoast.com\/product\/yoast-seo-premium-wordpress\/ -->\n<title>Pa\u0161ton kielioppi - Talkpal<\/title>\n<meta name=\"description\" content=\"Hallitse pashtun kielioppi t\u00e4m\u00e4n kattavan oppaan avulla, joka kattaa aakkoset, fonetiikan, jaetun ergatiivin, substantiivit, pronominit, verbit ja adjektiivit.\" \/>\n<meta name=\"robots\" content=\"index, follow, max-snippet:-1, max-image-preview:large, max-video-preview:-1\" \/>\n<link rel=\"canonical\" href=\"https:\/\/talkpal.ai\/fi\/paston-kielioppi\/\" \/>\n<meta property=\"og:locale\" content=\"fi_FI\" \/>\n<meta property=\"og:type\" content=\"article\" \/>\n<meta property=\"og:title\" content=\"Pa\u0161ton kielioppi\" \/>\n<meta property=\"og:description\" content=\"Navigointi pa\u0161ton kieliopin koukeroiden keskell\u00e4 Pa\u0161tu, it\u00e4iranilainen kieli, jolla on rikas historia ja kulttuurinen merkitys Afganistanissa ja\" \/>\n<meta property=\"og:url\" content=\"https:\/\/talkpal.ai\/fi\/paston-kielioppi\/\" \/>\n<meta property=\"og:site_name\" content=\"Talkpal\" \/>\n<meta property=\"article:publisher\" content=\"https:\/\/www.facebook.com\/profile.php?id=100090733639311\" \/>\n<meta property=\"article:modified_time\" content=\"2025-12-30T11:44:03+00:00\" \/>\n<meta property=\"og:image\" content=\"https:\/\/talkpal.ai\/wp-content\/uploads\/2025\/02\/Progress-tab-16_9.png\" \/>\n\t<meta property=\"og:image:width\" content=\"2880\" \/>\n\t<meta property=\"og:image:height\" content=\"1620\" \/>\n\t<meta property=\"og:image:type\" content=\"image\/png\" \/>\n<meta name=\"twitter:card\" content=\"summary_large_image\" \/>\n<meta name=\"twitter:site\" content=\"@talkpalai\" \/>\n<meta name=\"twitter:label1\" content=\"Arvioitu lukuaika\" \/>\n\t<meta name=\"twitter:data1\" content=\"3 minuuttia\" \/>\n<script type=\"application\/ld+json\" class=\"yoast-schema-graph\">{\"@context\":\"https:\/\/schema.org\",\"@graph\":[{\"@type\":\"WebPage\",\"@id\":\"https:\/\/talkpal.ai\/fi\/paston-kielioppi\/\",\"url\":\"https:\/\/talkpal.ai\/fi\/paston-kielioppi\/\",\"name\":\"Pa\u0161ton kielioppi - Talkpal\",\"isPartOf\":{\"@id\":\"https:\/\/talkpal.ai\/fi\/#website\"},\"datePublished\":\"2025-11-12T16:20:16+00:00\",\"dateModified\":\"2025-12-30T11:44:03+00:00\",\"description\":\"Hallitse pashtun kielioppi t\u00e4m\u00e4n kattavan oppaan avulla, joka kattaa aakkoset, fonetiikan, jaetun ergatiivin, substantiivit, pronominit, verbit ja adjektiivit.\",\"breadcrumb\":{\"@id\":\"https:\/\/talkpal.ai\/fi\/paston-kielioppi\/#breadcrumb\"},\"inLanguage\":\"fi\",\"potentialAction\":[{\"@type\":\"ReadAction\",\"target\":[\"https:\/\/talkpal.ai\/fi\/paston-kielioppi\/\"]}]},{\"@type\":\"BreadcrumbList\",\"@id\":\"https:\/\/talkpal.ai\/fi\/paston-kielioppi\/#breadcrumb\",\"itemListElement\":[{\"@type\":\"ListItem\",\"position\":1,\"name\":\"Homepage\",\"item\":\"https:\/\/talkpal.ai\/fi\/\"},{\"@type\":\"ListItem\",\"position\":2,\"name\":\"Pa\u0161ton kielioppi\"}]},{\"@type\":\"WebSite\",\"@id\":\"https:\/\/talkpal.ai\/fi\/#website\",\"url\":\"https:\/\/talkpal.ai\/fi\/\",\"name\":\"Talkpal\",\"description\":\"AI Language Learning\",\"publisher\":{\"@id\":\"https:\/\/talkpal.ai\/fi\/#organization\"},\"alternateName\":\"Talkpal AI\",\"potentialAction\":[{\"@type\":\"SearchAction\",\"target\":{\"@type\":\"EntryPoint\",\"urlTemplate\":\"https:\/\/talkpal.ai\/fi\/?s={search_term_string}\"},\"query-input\":{\"@type\":\"PropertyValueSpecification\",\"valueRequired\":true,\"valueName\":\"search_term_string\"}}],\"inLanguage\":\"fi\"},{\"@type\":\"Organization\",\"@id\":\"https:\/\/talkpal.ai\/fi\/#organization\",\"name\":\"Talkpal, Inc.\",\"alternateName\":\"Talkpal AI\",\"url\":\"https:\/\/talkpal.ai\/fi\/\",\"logo\":{\"@type\":\"ImageObject\",\"inLanguage\":\"fi\",\"@id\":\"https:\/\/talkpal.ai\/fi\/#\/schema\/logo\/image\/\",\"url\":\"https:\/\/talkpal.ai\/wp-content\/uploads\/2024\/03\/Talkpal-Logo-Icon.png\",\"contentUrl\":\"https:\/\/talkpal.ai\/wp-content\/uploads\/2024\/03\/Talkpal-Logo-Icon.png\",\"width\":2880,\"height\":2880,\"caption\":\"Talkpal, Inc.\"},\"image\":{\"@id\":\"https:\/\/talkpal.ai\/fi\/#\/schema\/logo\/image\/\"},\"sameAs\":[\"https:\/\/www.facebook.com\/profile.php?id=100090733639311\",\"https:\/\/x.com\/talkpalai\",\"https:\/\/www.linkedin.com\/company\/talkpal\/\",\"https:\/\/www.youtube.com\/@TalkPal\/\",\"https:\/\/www.tiktok.com\/@talkpal\",\"https:\/\/www.instagram.com\/talkpal_ai\/\",\"https:\/\/www.crunchbase.com\/organization\/talkpal-9cde\",\"https:\/\/www.g2.com\/products\/talkpal-for-business\/\",\"https:\/\/www.trustpilot.com\/review\/talkpal.ai\",\"https:\/\/www.capterra.com\/p\/10006800\/TalkPal\/\"],\"description\":\"Talkpal is a language learning web and mobile education app, powered by the latest AI technologies, that provides engaging experiences to its customers in many different languages to help them improve their language skills. Users can chat about unlimited amount of topics with the app and use other modes to practice their language learning.\",\"email\":\"support@talkpal.ai\",\"legalName\":\"Talkpal, Inc.\",\"foundingDate\":\"2023-04-03\",\"duns\":\"118989042\",\"numberOfEmployees\":{\"@type\":\"QuantitativeValue\",\"minValue\":\"11\",\"maxValue\":\"50\"},\"publishingPrinciples\":\"https:\/\/talkpal.ai\/publishing-principles\/\",\"actionableFeedbackPolicy\":\"https:\/\/talkpal.ai\/actionable-feedback-policy\/\",\"correctionsPolicy\":\"https:\/\/talkpal.ai\/corrections-policy\/\",\"ethicsPolicy\":\"https:\/\/talkpal.ai\/ethics-policy\/\",\"diversityPolicy\":\"https:\/\/talkpal.ai\/diversity-policy\/\",\"diversityStaffingReport\":\"https:\/\/talkpal.ai\/diversity-policy\/\"}]}<\/script>\n<!-- \/ Yoast SEO Premium plugin. -->","yoast_head_json":{"title":"Pa\u0161ton kielioppi - Talkpal","description":"Hallitse pashtun kielioppi t\u00e4m\u00e4n kattavan oppaan avulla, joka kattaa aakkoset, fonetiikan, jaetun ergatiivin, substantiivit, pronominit, verbit ja adjektiivit.","robots":{"index":"index","follow":"follow","max-snippet":"max-snippet:-1","max-image-preview":"max-image-preview:large","max-video-preview":"max-video-preview:-1"},"canonical":"https:\/\/talkpal.ai\/fi\/paston-kielioppi\/","og_locale":"fi_FI","og_type":"article","og_title":"Pa\u0161ton kielioppi","og_description":"Navigointi pa\u0161ton kieliopin koukeroiden keskell\u00e4 Pa\u0161tu, it\u00e4iranilainen kieli, jolla on rikas historia ja kulttuurinen merkitys Afganistanissa ja","og_url":"https:\/\/talkpal.ai\/fi\/paston-kielioppi\/","og_site_name":"Talkpal","article_publisher":"https:\/\/www.facebook.com\/profile.php?id=100090733639311","article_modified_time":"2025-12-30T11:44:03+00:00","og_image":[{"width":2880,"height":1620,"url":"https:\/\/talkpal.ai\/wp-content\/uploads\/2025\/02\/Progress-tab-16_9.png","type":"image\/png"}],"twitter_card":"summary_large_image","twitter_site":"@talkpalai","twitter_misc":{"Arvioitu lukuaika":"3 minuuttia"},"schema":{"@context":"https:\/\/schema.org","@graph":[{"@type":"WebPage","@id":"https:\/\/talkpal.ai\/fi\/paston-kielioppi\/","url":"https:\/\/talkpal.ai\/fi\/paston-kielioppi\/","name":"Pa\u0161ton kielioppi - Talkpal","isPartOf":{"@id":"https:\/\/talkpal.ai\/fi\/#website"},"datePublished":"2025-11-12T16:20:16+00:00","dateModified":"2025-12-30T11:44:03+00:00","description":"Hallitse pashtun kielioppi t\u00e4m\u00e4n kattavan oppaan avulla, joka kattaa aakkoset, fonetiikan, jaetun ergatiivin, substantiivit, pronominit, verbit ja adjektiivit.","breadcrumb":{"@id":"https:\/\/talkpal.ai\/fi\/paston-kielioppi\/#breadcrumb"},"inLanguage":"fi","potentialAction":[{"@type":"ReadAction","target":["https:\/\/talkpal.ai\/fi\/paston-kielioppi\/"]}]},{"@type":"BreadcrumbList","@id":"https:\/\/talkpal.ai\/fi\/paston-kielioppi\/#breadcrumb","itemListElement":[{"@type":"ListItem","position":1,"name":"Homepage","item":"https:\/\/talkpal.ai\/fi\/"},{"@type":"ListItem","position":2,"name":"Pa\u0161ton kielioppi"}]},{"@type":"WebSite","@id":"https:\/\/talkpal.ai\/fi\/#website","url":"https:\/\/talkpal.ai\/fi\/","name":"Talkpal","description":"AI Language Learning","publisher":{"@id":"https:\/\/talkpal.ai\/fi\/#organization"},"alternateName":"Talkpal AI","potentialAction":[{"@type":"SearchAction","target":{"@type":"EntryPoint","urlTemplate":"https:\/\/talkpal.ai\/fi\/?s={search_term_string}"},"query-input":{"@type":"PropertyValueSpecification","valueRequired":true,"valueName":"search_term_string"}}],"inLanguage":"fi"},{"@type":"Organization","@id":"https:\/\/talkpal.ai\/fi\/#organization","name":"Talkpal, Inc.","alternateName":"Talkpal AI","url":"https:\/\/talkpal.ai\/fi\/","logo":{"@type":"ImageObject","inLanguage":"fi","@id":"https:\/\/talkpal.ai\/fi\/#\/schema\/logo\/image\/","url":"https:\/\/talkpal.ai\/wp-content\/uploads\/2024\/03\/Talkpal-Logo-Icon.png","contentUrl":"https:\/\/talkpal.ai\/wp-content\/uploads\/2024\/03\/Talkpal-Logo-Icon.png","width":2880,"height":2880,"caption":"Talkpal, Inc."},"image":{"@id":"https:\/\/talkpal.ai\/fi\/#\/schema\/logo\/image\/"},"sameAs":["https:\/\/www.facebook.com\/profile.php?id=100090733639311","https:\/\/x.com\/talkpalai","https:\/\/www.linkedin.com\/company\/talkpal\/","https:\/\/www.youtube.com\/@TalkPal\/","https:\/\/www.tiktok.com\/@talkpal","https:\/\/www.instagram.com\/talkpal_ai\/","https:\/\/www.crunchbase.com\/organization\/talkpal-9cde","https:\/\/www.g2.com\/products\/talkpal-for-business\/","https:\/\/www.trustpilot.com\/review\/talkpal.ai","https:\/\/www.capterra.com\/p\/10006800\/TalkPal\/"],"description":"Talkpal is a language learning web and mobile education app, powered by the latest AI technologies, that provides engaging experiences to its customers in many different languages to help them improve their language skills. Users can chat about unlimited amount of topics with the app and use other modes to practice their language learning.","email":"support@talkpal.ai","legalName":"Talkpal, Inc.","foundingDate":"2023-04-03","duns":"118989042","numberOfEmployees":{"@type":"QuantitativeValue","minValue":"11","maxValue":"50"},"publishingPrinciples":"https:\/\/talkpal.ai\/publishing-principles\/","actionableFeedbackPolicy":"https:\/\/talkpal.ai\/actionable-feedback-policy\/","correctionsPolicy":"https:\/\/talkpal.ai\/corrections-policy\/","ethicsPolicy":"https:\/\/talkpal.ai\/ethics-policy\/","diversityPolicy":"https:\/\/talkpal.ai\/diversity-policy\/","diversityStaffingReport":"https:\/\/talkpal.ai\/diversity-policy\/"}]}},"_links":{"self":[{"href":"https:\/\/talkpal.ai\/fi\/wp-json\/wp\/v2\/pages\/1465569","targetHints":{"allow":["GET"]}}],"collection":[{"href":"https:\/\/talkpal.ai\/fi\/wp-json\/wp\/v2\/pages"}],"about":[{"href":"https:\/\/talkpal.ai\/fi\/wp-json\/wp\/v2\/types\/page"}],"author":[{"embeddable":true,"href":"https:\/\/talkpal.ai\/fi\/wp-json\/wp\/v2\/users\/20"}],"replies":[{"embeddable":true,"href":"https:\/\/talkpal.ai\/fi\/wp-json\/wp\/v2\/comments?post=1465569"}],"version-history":[{"count":0,"href":"https:\/\/talkpal.ai\/fi\/wp-json\/wp\/v2\/pages\/1465569\/revisions"}],"wp:attachment":[{"href":"https:\/\/talkpal.ai\/fi\/wp-json\/wp\/v2\/media?parent=1465569"}],"curies":[{"name":"wp","href":"https:\/\/api.w.org\/{rel}","templated":true}]}}