{"id":1465522,"date":"2025-11-12T16:07:26","date_gmt":"2025-11-12T16:07:26","guid":{"rendered":"https:\/\/talkpal.ai\/oriyan-kielioppi\/"},"modified":"2025-12-30T12:45:42","modified_gmt":"2025-12-30T12:45:42","slug":"oriyan-kielioppi","status":"publish","type":"page","link":"https:\/\/talkpal.ai\/fi\/oriyan-kielioppi\/","title":{"rendered":"Odia-kielioppi"},"content":{"rendered":"\r\n\r\n\r\n<section class=\"languageChallengeSection\">\r\n    <div class=\"languageInfoWrapper\">\r\n        \r\n        <h1>Odia-kielioppi<\/h1>\r\n        <p><a href=\"https:\/\/talkpal.ai\/odia-grammar\/\">Odian kielioppi<\/a> saattaa aluksi tuntua haastavalta, mutta sen ainutlaatuiset piirteet tekev\u00e4t kielen oppimisesta palkitsevan kokemuksen. Tutustumalla sen aakkosiin, mutaatioihin ja kielioppis\u00e4\u00e4nt\u00f6ihin saat k\u00e4sityksen rikkaasta kieliperinteest\u00e4. Aloita matkasi ja l\u00f6yd\u00e4 Odian kauneus!<\/p>\r\n\r\n                            <a class=\"getStartedHidden\" href=\"https:\/\/app.talkpal.ai\/fi\/signup?lng=\">Aloita<\/a>\r\n        \r\n    <\/div>\r\n\r\n    <figure>\r\n    <img decoding=\"async\" width=\"768\" height=\"768\" src=\"https:\/\/talkpal.ai\/wp-content\/uploads\/2023\/06\/welsh-768x768.png\" class=\"languageImage no-lazy\" alt=\"Default alt text\" fetchpriority=\"high\" sizes=\"(max-width: 768px) 150px, 768px\" srcset=\"https:\/\/talkpal.ai\/wp-content\/uploads\/2023\/06\/welsh-768x768.png 768w, https:\/\/talkpal.ai\/wp-content\/uploads\/2023\/06\/welsh-300x300.png 300w\" \/>\r\n    \r\n\r\n    <\/figure>\r\n\r\n            <a class=\"getStartedVisible\" href=\"https:\/\/app.talkpal.ai\/fi\/signup?lng=\">Aloita<\/a>\r\n    \r\n<\/section><section class=\"promotionalBanner\">\r\n    <p class=\"promotionalText\">Tehokkain tapa oppia kielt\u00e4<\/p>\r\n    <a class=\"promotionalLink\" href=\"https:\/\/app.talkpal.ai\/fi\/signup?lng=\">Kokeile Talkpal ilmaiseksi<\/a>\r\n<\/section>\n<div class=\"wp-block-group pageContainerStyle\"><div class=\"wp-block-group__inner-container is-layout-constrained wp-block-group-is-layout-constrained\">\n<h2 class=\"wp-block-heading\" id=\"h-navigating-the-intricacies-of-odia-grammar\">Odia-kieliopin monimutkaisuuksien l\u00e4pik\u00e4yminen<\/h2>\n\n\n\n<p><a href=\"https:\/\/talkpal.ai\/learn-oriya\/\">Odia<\/a>, joka tunnetaan my\u00f6s nimell\u00e4 <a href=\"https:\/\/talkpal.ai\/learn-odia\/\">Odia<\/a>, on indoarjalainen kieli, jolla on rikas kirjallinen perinne ja syv\u00e4t kulttuuriset juuret It\u00e4-Intiassa. Se tarjoaa j\u00e4nnitt\u00e4v\u00e4n kielellisen kokemuksen oppijoille, jotka haluavat tutustua sen omaleimaiseen kielioppij\u00e4rjestelm\u00e4\u00e4n. Kun astut Odian valtakuntaan, rikastutat paitsi kielirepertuaariasi, my\u00f6s omaksut kiehtovan kulttuurisen matkan. Vaikka Odian kielioppi saattaa aluksi vaikuttaa monimutkaiselta, sen jakaminen ydinosiin tekee kielen oppimisesta helpommin l\u00e4hestytt\u00e4v\u00e4\u00e4. T\u00e4ss\u00e4 artikkelissa tutkimme Odian kieliopin kiehtovaa maailmaa ja annamme vinkkej\u00e4 sen monimutkaisuuksien hallintaan.<\/p>\n\n\n\n<h3 class=\"wp-block-heading\" id=\"h-1-odia-alphabet-and-phonetics\">1. Odia-aakkostot ja foneetiikka<\/h3>\n\n\n\n<p>Odian kirjoitusj\u00e4rjestelm\u00e4 on abugida, jossa on 11 vokaalia ja noin 35 konsonanttia, sek\u00e4 diakriittiset ja konjunktiset konsonantit. Se sis\u00e4lt\u00e4\u00e4 retroflex- ja aspiroituja \u00e4\u00e4nteit\u00e4, jotka ovat ominaisia indoarjalaisille kielille. Kirjoitustaidon, vokaalimerkkien ja konjunktiklustereiden tuntemus on ratkaisevan t\u00e4rke\u00e4\u00e4 \u00e4\u00e4nt\u00e4misen ja lukemisen hallitsemiseksi. Harjoittele lukemalla ja kirjoittamalla Odiaksi, jotta sis\u00e4ist\u00e4t \u00e4\u00e4ni\u2013symboli-vastaavuuden.<\/p>\n\n\n\n<h3 class=\"wp-block-heading\" id=\"h-2-case-markers-and-postpositions-a-distinctive-odia-feature\">2. Kotelomerkinn\u00e4t ja postpositiot: Odian tunnusmerkki<\/h3>\n\n\n\n<p>Odian kieliopin silmiinpist\u00e4v\u00e4 piirre on sijamerkkien ja postpositioiden k\u00e4ytt\u00f6 prepositioiden sijaan. Yleisi\u00e4 markkereita ovat ku akkusatiiville ja datiivirooleille, ra genetiiville, re lokaalille, ru ablatiiville, saha komitatiiville, dwara instrumentaalille <a href=\"https:\/\/talkpal.ai\/learn-thai\/\">tai<\/a> agentiiviselle ja pain tarkoitukselle. On t\u00e4rke\u00e4\u00e4 ymm\u00e4rt\u00e4\u00e4, miten n\u00e4m\u00e4 merkit kiinnittyv\u00e4t substantiiveihin ja pronomineihin, jotta Odiassa kommunikoidaan oikein.<\/p>\n\n\n\n<h3 class=\"wp-block-heading\" id=\"h-3-nouns-and-pronouns-gender-and-cases\">3. Substantiivit ja pronominit: sukupuoli ja tapaukset<\/h3>\n\n\n\n<p>Odia-substantiiveilla ei ole kieliopillista sukupuolta, ja monikko vaihtelee substantiivityypin ja kontekstin mukaan. Ihmis- ja elolliset substantiivit k\u00e4ytt\u00e4v\u00e4t usein monikkop\u00e4\u00e4tett\u00e4 -mane, kun taas elottomat substantiivit voivat k\u00e4ytt\u00e4\u00e4 -gudikaa tai j\u00e4\u00e4d\u00e4 merkitsem\u00e4tt\u00e4, kun monikko on selv\u00e4 asiayhteydest\u00e4. Pronominit sis\u00e4lt\u00e4v\u00e4t persoonallisia, omistus-, refleksiivisi\u00e4, demonstratiivisia ja kysyvi\u00e4 joukkoja, joissa on kunniallisia eroja: mu I, tume you informal, apana you kohtelias, se h\u00e4n tai she, semane they. Omistusmuotoja ovat <a href=\"https:\/\/talkpal.ai\/locations\/language-courses-in-mora\/\">mora<\/a> my, tora ur, apanangkara kohteliaisuutesi, tara h\u00e4nen. N\u00e4iden muotojen ja niiden sijalla merkittyjen muunnelmien tunteminen parantaa merkitt\u00e4v\u00e4sti odian kieliopin ymm\u00e4rryst\u00e4si.<\/p>\n\n\n\n<h3 class=\"wp-block-heading\" id=\"h-4-verbs-structure-and-conjugation\">4. Verbit: rakenne ja taivutus<\/h3>\n\n\n\n<p>Odia-verbit taivuttavat aikamuodon, aspektin, mielialan ja sopimuksen suhteen, ja kunnioittavat tasot vaikuttavat verbimuotoihin. Ydinaikamuodostelmia ovat preesens-progressiivinen -uchissa, <a href=\"https:\/\/talkpal.ai\/fi\/grammar\/yksinkertainen-menneisyys-azerbaidzanin-kielioppissa\/\">yksinkertainen menneisyys<\/a> -ilassa ja tulevaisuus -ibassa yhdistelm\u00e4rakenteiden ja apulausekkeiden ohella. Ehdollisia ja imperatiivisia tunnelmia k\u00e4ytet\u00e4\u00e4n aktiivisesti. Konjugaatiomallien oppiminen ja niiden vuorovaikutus henkil\u00f6n ja kohteliaisuuden kanssa parantaa kyky\u00e4si kommunikoida tehokkaasti Odiassa.<\/p>\n\n\n\n<h3 class=\"wp-block-heading\" id=\"h-5-adjectives-agreement-and-placement\">5. Adjektiivit: sopimus ja sijoitus<\/h3>\n\n\n\n<p>Odian kieliopissa adjektiivit yleens\u00e4 edelt\u00e4v\u00e4t substantiivia, joita ne muuttavat, eiv\u00e4tk\u00e4 yleens\u00e4 muutu numeron tai sukupuolen mukaan. Vertailevat ja superlatiivit muodostetaan yleisesti <a href=\"https:\/\/talkpal.ai\/ar\/grammar_exercises\/adverbien-%d8%aa%d9%85%d8%a7%d8%b1%d9%8a%d9%86-%d9%84%d9%84%d9%82%d9%88%d8%a7%d8%b9%d8%af-%d8%a7%d9%84%d8%a3%d9%84%d9%85%d8%a7%d9%86%d9%8a%d8%a9\/\">adverbien<\/a>, kuten adhika more ja sabutharu most, kanssa, vaikka tatsama-muodot voivat k\u00e4ytt\u00e4\u00e4 my\u00f6s p\u00e4\u00e4tteit\u00e4 muodollisissa rekistereiss\u00e4. N\u00e4iden mallien hallitseminen auttaa puhetta kuulostamaan luonnolliselta ja idiomaattiselta.<\/p>\n\n\n\n<p><strong>Esimerkkej\u00e4:<\/strong><\/p>\n\n\n\n<p><strong>\u2013 Bada Prema (Iso rakkaus)  <\/strong><\/p>\n\n\n\n<p><strong>\u2013 chhota pilamane (pienet lapset)<\/strong><\/p>\n\n\n\n<h3 class=\"wp-block-heading\" id=\"h-6-engaging-with-the-language\">6. Sitoutuminen kieleen<\/h3>\n\n\n\n<p>Tehokkain tapa ymm\u00e4rt\u00e4\u00e4 ja sis\u00e4ist\u00e4\u00e4 Odian kielioppi t\u00e4ysin on johdonmukaisesti sitoutua kieleen. Lukemalla Odian kirjallisuutta, katsomalla Odia-elokuvia tai televisiosarjoja, seuraamalla Odian uutisia ja aktiivisesti kommunikoimalla \u00e4idinkielen\u00e4\u00e4n puhuvien kanssa, vahvistat kieliopin ymm\u00e4rryst\u00e4si samalla kun laajennat sanavarastoasi.<\/p>\n\n\n\n<h3 class=\"wp-block-heading\" id=\"h-conclusion\">P\u00e4\u00e4telm\u00e4<\/h3>\n\n\n\n<p>Vaikka Odian kielioppi saattaa vaikuttaa monimutkaiselta, voit oppia t\u00e4m\u00e4n kauniin kielen omistautumisella, harjoittelulla ja innolla. Keskittym\u00e4ll\u00e4 peruss\u00e4\u00e4nt\u00f6ihin ja osallistumalla kielen kanssa eri yhteyksiin kehit\u00e4t nopeasti Odian <a href=\"https:\/\/talkpal.ai\/fi\/kielioppi\/\">kielioppitaitojasi<\/a>. Subha kamana (onnea) Odian kielimatkallesi ja nauti Odian kieliopin elegantin mutta kiehtovan maailman avaamisesta!<\/p>\n<\/div><\/div>\n\r\n<section class=\"learnNavigationSection\">\r\n            \r\n        <a href=\"https:\/\/talkpal.ai\/fi\/opi-oriya\/\">\r\n            <div class=\"learnNavigationWrapper\">\r\n                <div class=\"learnNavigationContent\">\r\n                    <img decoding=\"async\" src=\"https:\/\/talkpal.ai\/wp-content\/uploads\/2025\/11\/Oriya.png\" alt=\"Indian Simplified Flag\">\r\n                    <div>\r\n                        <h4>Tietoa Odia Learningista<\/h4>\r\n                        <p>Lue kaikki Odia Grammarista.<\/p>\r\n                    <\/div>\r\n                <\/div>\r\n            <\/div>\r\n        <\/a>\r\n\r\n        \r\n        <a href=\"https:\/\/talkpal.ai\/fi\/oriyan-kielioppiharjoitukset\/\">\r\n            <div class=\"learnNavigationWrapper\">\r\n                <div class=\"learnNavigationContent\">\r\n                    <img decoding=\"async\" src=\"https:\/\/talkpal.ai\/wp-content\/uploads\/2025\/11\/Oriya.png\" alt=\"Indian Simplified Flag\">\r\n                    <div>\r\n                        <h4>Odia-kielioppiharjoitus<\/h4>\r\n                        <p>Harjoittele Odian kielioppia.<\/p>\r\n                    <\/div>\r\n                <\/div>\r\n            <\/div>\r\n        <\/a>\r\n\r\n            <\/section>","protected":false},"excerpt":{"rendered":"<p>Odia-kieliopin monimutkaisuuksien l\u00e4pik\u00e4yminen Odia, joka tunnetaan my\u00f6s nimell\u00e4 Odia, on indoarjalainen kieli, jolla on rikas kirjallinen perinne ja syv\u00e4t kulttuuriset juuret It\u00e4-Intiassa. Se tarjoaa j\u00e4nnitt\u00e4v\u00e4n kielellisen kokemuksen oppijoille, jotka haluavat tutustua sen omaleimaiseen kielioppij\u00e4rjestelm\u00e4\u00e4n. Kun astut Odian valtakuntaan, rikastutat paitsi kielirepertuaariasi, my\u00f6s omaksut kiehtovan kulttuurisen matkan. Vaikka Odian kielioppi saattaa aluksi vaikuttaa monimutkaiselta, sen jakaminen [&hellip;]<\/p>\n","protected":false},"author":20,"featured_media":0,"parent":0,"menu_order":0,"comment_status":"closed","ping_status":"closed","template":"LearningContentPage.php","meta":{"_acf_changed":false,"footnotes":""},"class_list":["post-1465522","page","type-page","status-publish","hentry"],"acf":[],"yoast_head":"<!-- This site is optimized with the Yoast SEO Premium plugin v27.2 (Yoast SEO v27.2) - https:\/\/yoast.com\/product\/yoast-seo-premium-wordpress\/ -->\n<title>Odia-kielioppi - Talkpal<\/title>\n<meta name=\"description\" content=\"Opettele odian kieliopin keskeiset asiat, kuten aakkoset, tapausmerkinn\u00e4t ja verbit, kattavan kielenoppaamme avulla.\" \/>\n<meta name=\"robots\" content=\"index, follow, max-snippet:-1, max-image-preview:large, max-video-preview:-1\" \/>\n<link rel=\"canonical\" href=\"https:\/\/talkpal.ai\/fi\/oriyan-kielioppi\/\" \/>\n<meta property=\"og:locale\" content=\"fi_FI\" \/>\n<meta property=\"og:type\" content=\"article\" \/>\n<meta property=\"og:title\" content=\"Odia-kielioppi\" \/>\n<meta property=\"og:description\" content=\"Odia-kieliopin monimutkaisuuksien l\u00e4pik\u00e4yminen Odia, joka tunnetaan my\u00f6s nimell\u00e4 Odia, on indoarjalainen kieli, jolla on rikas kirjallinen perinne ja\" \/>\n<meta property=\"og:url\" content=\"https:\/\/talkpal.ai\/fi\/oriyan-kielioppi\/\" \/>\n<meta property=\"og:site_name\" content=\"Talkpal\" \/>\n<meta property=\"article:publisher\" content=\"https:\/\/www.facebook.com\/profile.php?id=100090733639311\" \/>\n<meta property=\"article:modified_time\" content=\"2025-12-30T12:45:42+00:00\" \/>\n<meta property=\"og:image\" content=\"https:\/\/talkpal.ai\/wp-content\/uploads\/2025\/02\/Progress-tab-16_9.png\" \/>\n\t<meta property=\"og:image:width\" content=\"2880\" \/>\n\t<meta property=\"og:image:height\" content=\"1620\" \/>\n\t<meta property=\"og:image:type\" content=\"image\/png\" \/>\n<meta name=\"twitter:card\" content=\"summary_large_image\" \/>\n<meta name=\"twitter:site\" content=\"@talkpalai\" \/>\n<meta name=\"twitter:label1\" content=\"Arvioitu lukuaika\" \/>\n\t<meta name=\"twitter:data1\" content=\"3 minuuttia\" \/>\n<script type=\"application\/ld+json\" class=\"yoast-schema-graph\">{\"@context\":\"https:\/\/schema.org\",\"@graph\":[{\"@type\":\"WebPage\",\"@id\":\"https:\/\/talkpal.ai\/fi\/oriyan-kielioppi\/\",\"url\":\"https:\/\/talkpal.ai\/fi\/oriyan-kielioppi\/\",\"name\":\"Odia-kielioppi - Talkpal\",\"isPartOf\":{\"@id\":\"https:\/\/talkpal.ai\/fi\/#website\"},\"datePublished\":\"2025-11-12T16:07:26+00:00\",\"dateModified\":\"2025-12-30T12:45:42+00:00\",\"description\":\"Opettele odian kieliopin keskeiset asiat, kuten aakkoset, tapausmerkinn\u00e4t ja verbit, kattavan kielenoppaamme avulla.\",\"breadcrumb\":{\"@id\":\"https:\/\/talkpal.ai\/fi\/oriyan-kielioppi\/#breadcrumb\"},\"inLanguage\":\"fi\",\"potentialAction\":[{\"@type\":\"ReadAction\",\"target\":[\"https:\/\/talkpal.ai\/fi\/oriyan-kielioppi\/\"]}]},{\"@type\":\"BreadcrumbList\",\"@id\":\"https:\/\/talkpal.ai\/fi\/oriyan-kielioppi\/#breadcrumb\",\"itemListElement\":[{\"@type\":\"ListItem\",\"position\":1,\"name\":\"Homepage\",\"item\":\"https:\/\/talkpal.ai\/fi\/\"},{\"@type\":\"ListItem\",\"position\":2,\"name\":\"Odia-kielioppi\"}]},{\"@type\":\"WebSite\",\"@id\":\"https:\/\/talkpal.ai\/fi\/#website\",\"url\":\"https:\/\/talkpal.ai\/fi\/\",\"name\":\"Talkpal\",\"description\":\"AI Language Learning\",\"publisher\":{\"@id\":\"https:\/\/talkpal.ai\/fi\/#organization\"},\"alternateName\":\"Talkpal AI\",\"potentialAction\":[{\"@type\":\"SearchAction\",\"target\":{\"@type\":\"EntryPoint\",\"urlTemplate\":\"https:\/\/talkpal.ai\/fi\/?s={search_term_string}\"},\"query-input\":{\"@type\":\"PropertyValueSpecification\",\"valueRequired\":true,\"valueName\":\"search_term_string\"}}],\"inLanguage\":\"fi\"},{\"@type\":\"Organization\",\"@id\":\"https:\/\/talkpal.ai\/fi\/#organization\",\"name\":\"Talkpal, Inc.\",\"alternateName\":\"Talkpal AI\",\"url\":\"https:\/\/talkpal.ai\/fi\/\",\"logo\":{\"@type\":\"ImageObject\",\"inLanguage\":\"fi\",\"@id\":\"https:\/\/talkpal.ai\/fi\/#\/schema\/logo\/image\/\",\"url\":\"https:\/\/talkpal.ai\/wp-content\/uploads\/2024\/03\/Talkpal-Logo-Icon.png\",\"contentUrl\":\"https:\/\/talkpal.ai\/wp-content\/uploads\/2024\/03\/Talkpal-Logo-Icon.png\",\"width\":2880,\"height\":2880,\"caption\":\"Talkpal, Inc.\"},\"image\":{\"@id\":\"https:\/\/talkpal.ai\/fi\/#\/schema\/logo\/image\/\"},\"sameAs\":[\"https:\/\/www.facebook.com\/profile.php?id=100090733639311\",\"https:\/\/x.com\/talkpalai\",\"https:\/\/www.linkedin.com\/company\/talkpal\/\",\"https:\/\/www.youtube.com\/@TalkPal\/\",\"https:\/\/www.tiktok.com\/@talkpal\",\"https:\/\/www.instagram.com\/talkpal_ai\/\",\"https:\/\/www.crunchbase.com\/organization\/talkpal-9cde\",\"https:\/\/www.g2.com\/products\/talkpal-for-business\/\",\"https:\/\/www.trustpilot.com\/review\/talkpal.ai\",\"https:\/\/www.capterra.com\/p\/10006800\/TalkPal\/\"],\"description\":\"Talkpal is a language learning web and mobile education app, powered by the latest AI technologies, that provides engaging experiences to its customers in many different languages to help them improve their language skills. Users can chat about unlimited amount of topics with the app and use other modes to practice their language learning.\",\"email\":\"support@talkpal.ai\",\"legalName\":\"Talkpal, Inc.\",\"foundingDate\":\"2023-04-03\",\"duns\":\"118989042\",\"numberOfEmployees\":{\"@type\":\"QuantitativeValue\",\"minValue\":\"11\",\"maxValue\":\"50\"},\"publishingPrinciples\":\"https:\/\/talkpal.ai\/publishing-principles\/\",\"actionableFeedbackPolicy\":\"https:\/\/talkpal.ai\/actionable-feedback-policy\/\",\"correctionsPolicy\":\"https:\/\/talkpal.ai\/corrections-policy\/\",\"ethicsPolicy\":\"https:\/\/talkpal.ai\/ethics-policy\/\",\"diversityPolicy\":\"https:\/\/talkpal.ai\/diversity-policy\/\",\"diversityStaffingReport\":\"https:\/\/talkpal.ai\/diversity-policy\/\"}]}<\/script>\n<!-- \/ Yoast SEO Premium plugin. -->","yoast_head_json":{"title":"Odia-kielioppi - Talkpal","description":"Opettele odian kieliopin keskeiset asiat, kuten aakkoset, tapausmerkinn\u00e4t ja verbit, kattavan kielenoppaamme avulla.","robots":{"index":"index","follow":"follow","max-snippet":"max-snippet:-1","max-image-preview":"max-image-preview:large","max-video-preview":"max-video-preview:-1"},"canonical":"https:\/\/talkpal.ai\/fi\/oriyan-kielioppi\/","og_locale":"fi_FI","og_type":"article","og_title":"Odia-kielioppi","og_description":"Odia-kieliopin monimutkaisuuksien l\u00e4pik\u00e4yminen Odia, joka tunnetaan my\u00f6s nimell\u00e4 Odia, on indoarjalainen kieli, jolla on rikas kirjallinen perinne ja","og_url":"https:\/\/talkpal.ai\/fi\/oriyan-kielioppi\/","og_site_name":"Talkpal","article_publisher":"https:\/\/www.facebook.com\/profile.php?id=100090733639311","article_modified_time":"2025-12-30T12:45:42+00:00","og_image":[{"width":2880,"height":1620,"url":"https:\/\/talkpal.ai\/wp-content\/uploads\/2025\/02\/Progress-tab-16_9.png","type":"image\/png"}],"twitter_card":"summary_large_image","twitter_site":"@talkpalai","twitter_misc":{"Arvioitu lukuaika":"3 minuuttia"},"schema":{"@context":"https:\/\/schema.org","@graph":[{"@type":"WebPage","@id":"https:\/\/talkpal.ai\/fi\/oriyan-kielioppi\/","url":"https:\/\/talkpal.ai\/fi\/oriyan-kielioppi\/","name":"Odia-kielioppi - Talkpal","isPartOf":{"@id":"https:\/\/talkpal.ai\/fi\/#website"},"datePublished":"2025-11-12T16:07:26+00:00","dateModified":"2025-12-30T12:45:42+00:00","description":"Opettele odian kieliopin keskeiset asiat, kuten aakkoset, tapausmerkinn\u00e4t ja verbit, kattavan kielenoppaamme avulla.","breadcrumb":{"@id":"https:\/\/talkpal.ai\/fi\/oriyan-kielioppi\/#breadcrumb"},"inLanguage":"fi","potentialAction":[{"@type":"ReadAction","target":["https:\/\/talkpal.ai\/fi\/oriyan-kielioppi\/"]}]},{"@type":"BreadcrumbList","@id":"https:\/\/talkpal.ai\/fi\/oriyan-kielioppi\/#breadcrumb","itemListElement":[{"@type":"ListItem","position":1,"name":"Homepage","item":"https:\/\/talkpal.ai\/fi\/"},{"@type":"ListItem","position":2,"name":"Odia-kielioppi"}]},{"@type":"WebSite","@id":"https:\/\/talkpal.ai\/fi\/#website","url":"https:\/\/talkpal.ai\/fi\/","name":"Talkpal","description":"AI Language Learning","publisher":{"@id":"https:\/\/talkpal.ai\/fi\/#organization"},"alternateName":"Talkpal AI","potentialAction":[{"@type":"SearchAction","target":{"@type":"EntryPoint","urlTemplate":"https:\/\/talkpal.ai\/fi\/?s={search_term_string}"},"query-input":{"@type":"PropertyValueSpecification","valueRequired":true,"valueName":"search_term_string"}}],"inLanguage":"fi"},{"@type":"Organization","@id":"https:\/\/talkpal.ai\/fi\/#organization","name":"Talkpal, Inc.","alternateName":"Talkpal AI","url":"https:\/\/talkpal.ai\/fi\/","logo":{"@type":"ImageObject","inLanguage":"fi","@id":"https:\/\/talkpal.ai\/fi\/#\/schema\/logo\/image\/","url":"https:\/\/talkpal.ai\/wp-content\/uploads\/2024\/03\/Talkpal-Logo-Icon.png","contentUrl":"https:\/\/talkpal.ai\/wp-content\/uploads\/2024\/03\/Talkpal-Logo-Icon.png","width":2880,"height":2880,"caption":"Talkpal, Inc."},"image":{"@id":"https:\/\/talkpal.ai\/fi\/#\/schema\/logo\/image\/"},"sameAs":["https:\/\/www.facebook.com\/profile.php?id=100090733639311","https:\/\/x.com\/talkpalai","https:\/\/www.linkedin.com\/company\/talkpal\/","https:\/\/www.youtube.com\/@TalkPal\/","https:\/\/www.tiktok.com\/@talkpal","https:\/\/www.instagram.com\/talkpal_ai\/","https:\/\/www.crunchbase.com\/organization\/talkpal-9cde","https:\/\/www.g2.com\/products\/talkpal-for-business\/","https:\/\/www.trustpilot.com\/review\/talkpal.ai","https:\/\/www.capterra.com\/p\/10006800\/TalkPal\/"],"description":"Talkpal is a language learning web and mobile education app, powered by the latest AI technologies, that provides engaging experiences to its customers in many different languages to help them improve their language skills. Users can chat about unlimited amount of topics with the app and use other modes to practice their language learning.","email":"support@talkpal.ai","legalName":"Talkpal, Inc.","foundingDate":"2023-04-03","duns":"118989042","numberOfEmployees":{"@type":"QuantitativeValue","minValue":"11","maxValue":"50"},"publishingPrinciples":"https:\/\/talkpal.ai\/publishing-principles\/","actionableFeedbackPolicy":"https:\/\/talkpal.ai\/actionable-feedback-policy\/","correctionsPolicy":"https:\/\/talkpal.ai\/corrections-policy\/","ethicsPolicy":"https:\/\/talkpal.ai\/ethics-policy\/","diversityPolicy":"https:\/\/talkpal.ai\/diversity-policy\/","diversityStaffingReport":"https:\/\/talkpal.ai\/diversity-policy\/"}]}},"_links":{"self":[{"href":"https:\/\/talkpal.ai\/fi\/wp-json\/wp\/v2\/pages\/1465522","targetHints":{"allow":["GET"]}}],"collection":[{"href":"https:\/\/talkpal.ai\/fi\/wp-json\/wp\/v2\/pages"}],"about":[{"href":"https:\/\/talkpal.ai\/fi\/wp-json\/wp\/v2\/types\/page"}],"author":[{"embeddable":true,"href":"https:\/\/talkpal.ai\/fi\/wp-json\/wp\/v2\/users\/20"}],"replies":[{"embeddable":true,"href":"https:\/\/talkpal.ai\/fi\/wp-json\/wp\/v2\/comments?post=1465522"}],"version-history":[{"count":0,"href":"https:\/\/talkpal.ai\/fi\/wp-json\/wp\/v2\/pages\/1465522\/revisions"}],"wp:attachment":[{"href":"https:\/\/talkpal.ai\/fi\/wp-json\/wp\/v2\/media?parent=1465522"}],"curies":[{"name":"wp","href":"https:\/\/api.w.org\/{rel}","templated":true}]}}