{"id":1465447,"date":"2025-11-12T15:39:07","date_gmt":"2025-11-12T15:39:07","guid":{"rendered":"https:\/\/talkpal.ai\/maltan-kielioppi\/"},"modified":"2025-12-30T14:00:18","modified_gmt":"2025-12-30T14:00:18","slug":"maltan-kielioppi","status":"publish","type":"page","link":"https:\/\/talkpal.ai\/fi\/maltan-kielioppi\/","title":{"rendered":"Maltan kielioppi"},"content":{"rendered":"\r\n\r\n\r\n<section class=\"languageChallengeSection\">\r\n    <div class=\"languageInfoWrapper\">\r\n        \r\n        <h1>Maltan kielioppi<\/h1>\r\n        <p><a href=\"https:\/\/talkpal.ai\/learn-maltese\/\">Maltan<\/a> kielioppi saattaa aluksi tuntua haastavalta, mutta sen ainutlaatuiset ominaisuudet tekev\u00e4t kielen oppimisesta palkitsevan kokemuksen. Tutustumalla sen aakkosiin, mutaatioihin ja kielioppis\u00e4\u00e4nt\u00f6ihin saat k\u00e4sityksen rikkaasta kieliperinteest\u00e4. Aloita matkasi ja tutustu maltan kauneuteen!<\/p>\r\n\r\n                            <a class=\"getStartedHidden\" href=\"https:\/\/app.talkpal.ai\/fi\/signup?lng=\">Aloita<\/a>\r\n        \r\n    <\/div>\r\n\r\n    <figure>\r\n    <img decoding=\"async\" width=\"768\" height=\"768\" src=\"https:\/\/talkpal.ai\/wp-content\/uploads\/2023\/06\/welsh-768x768.png\" class=\"languageImage no-lazy\" alt=\"Default alt text\" fetchpriority=\"high\" sizes=\"(max-width: 768px) 150px, 768px\" srcset=\"https:\/\/talkpal.ai\/wp-content\/uploads\/2023\/06\/welsh-768x768.png 768w, https:\/\/talkpal.ai\/wp-content\/uploads\/2023\/06\/welsh-300x300.png 300w\" \/>\r\n    \r\n\r\n    <\/figure>\r\n\r\n            <a class=\"getStartedVisible\" href=\"https:\/\/app.talkpal.ai\/fi\/signup?lng=\">Aloita<\/a>\r\n    \r\n<\/section><section class=\"promotionalBanner\">\r\n    <p class=\"promotionalText\">Tehokkain tapa oppia kielt\u00e4<\/p>\r\n    <a class=\"promotionalLink\" href=\"https:\/\/app.talkpal.ai\/fi\/signup?lng=\">Kokeile Talkpal ilmaiseksi<\/a>\r\n<\/section>\n<div class=\"wp-block-group pageContainerStyle\"><div class=\"wp-block-group__inner-container is-layout-constrained wp-block-group-is-layout-constrained\">\n<h2 class=\"wp-block-heading\" id=\"h-navigating-the-intricacies-of-maltese-grammar\">Navigointi maltan kieliopin koukeroiden keskell\u00e4<\/h2>\n\n\n\n<p><a href=\"https:\/\/talkpal.ai\/fi\/opi-maltaa\/\">Malta,<\/a> seemil\u00e4inen kieli, jolla on syv\u00e4t V\u00e4limeren juuret ja eloisa kulttuurinen merkitys, tarjoaa j\u00e4nnitt\u00e4v\u00e4n kielellisen kokemuksen niille, jotka haluavat tutustua sen ainutlaatuiseen kielioppij\u00e4rjestelm\u00e4\u00e4n. Kun uskaltaudut maltan valtakuntaan, et vain rikasta kielellist\u00e4 repertuaariasi, vaan my\u00f6s omaksut kiehtovan kulttuurimatkan. Vaikka maltan kielioppi saattaa aluksi tuntua monimutkaiselta, sen jakaminen ydinosiin tekee kielen oppimisesta helpommin l\u00e4hestytt\u00e4v\u00e4\u00e4. T\u00e4ss\u00e4 artikkelissa tutkimme maltan kieliopin kiehtovaa maailmaa ja annamme vinkkej\u00e4 sen monimutkaisuuden hallitsemiseen.<\/p>\n\n\n\n<h3 class=\"wp-block-heading\" id=\"h-1-maltese-alphabet-and-phonetics\">1. Maltan aakkoset ja fonetiikka<\/h3>\n\n\n\n<p>Maltan aakkoset koostuvat 30 kirjaimesta, joista useat ovat ainutlaatuisia kielelle, kuten &#8221;g\u0127&#8221;, &#8221;\u0127&#8221;, &#8221;q&#8221;, &#8221;\u010b&#8221;, &#8221;\u0121&#8221;, &#8221;\u017c&#8221; ja &#8221;x&#8221;. Maltan kieliopin oppimiseksi on t\u00e4rke\u00e4\u00e4 tutustua t\u00e4h\u00e4n omaleimaiseen kirjoitusj\u00e4rjestelm\u00e4\u00e4n harjoittelemalla lukemista ja kirjoittamista maltaksi.<\/p>\n\n\n\n<h3 class=\"wp-block-heading\" id=\"h-2-assimilation-a-peculiar-maltese-feature\">2. Assimilaatio: erikoinen maltalainen piirre<\/h3>\n\n\n\n<p>Yksi maltan kieliopin erityispiirre on m\u00e4\u00e4r\u00e4isen artikkelin omaksuminen ja siihen liittyv\u00e4t \u00e4\u00e4nnemuutokset. Artikkeli &#8221;il-&#8221; <a href=\"https:\/\/talkpal.ai\/learn-thai\/\">tai<\/a> &#8221;l-&#8221; assimiloituu usein tiettyjen substantiivien alkukonsonanttiin ja tuottaa kaksinkertaisen \u00e4\u00e4nteen, kuten il + ra\u0121el = ir-ra\u0121el ja il + sieg\u0127a = is-sieg\u0127a. <a href=\"https:\/\/talkpal.ai\/fi\/grammar\/kohdan-kannadan-kieliopissa-prepositiot\/\">Prepositiot<\/a> ja artikkeli muodostavat my\u00f6s supistuksia, kuten ta&#8217; + il = tal. Sen ymm\u00e4rt\u00e4minen, milloin ja miten n\u00e4m\u00e4 assimilaatiot ja supistukset tapahtuvat, on elint\u00e4rke\u00e4\u00e4 tarkan maltan kielen viestinn\u00e4n kannalta.<\/p>\n\n\n\n<h3 class=\"wp-block-heading\" id=\"h-3-nouns-and-pronouns-gender-and-cases\">3. Substantiivit ja pronominit: sukupuoli ja tapaukset<\/h3>\n\n\n\n<p>Maltan substantiiveilla on kieliopillinen sukupuoli (maskuliininen tai feminiini) ja niiss\u00e4 k\u00e4ytet\u00e4\u00e4n erilaisia monikkomuodostusstrategioita, mukaan lukien p\u00e4\u00e4tteet kuten -i ja -ijiet sek\u00e4 sis\u00e4isten vokaalimuutosten muodostamat katkenneet monikkomuodot. Maltan kielen pronomineja ovat persoonalliset (jien, inti, hu, hi, a\u0127na, intom, huma), omistusmuodot, jotka on usein rakennettu ta&#8217;- tai pronominaalisilla p\u00e4\u00e4tteill\u00e4, refleksiiviset ja painokkaat muodot, demonstratiivit (dan, din, dawn, dak, dik, dawk) ja kysyv\u00e4t (min, x&#8217;, fejn, meta). N\u00e4ihin pronomineihin ja niiden muotoihin tutustuminen parantaa merkitt\u00e4v\u00e4sti ymm\u00e4rryst\u00e4si maltan kieliopista.<\/p>\n\n\n\n<h3 class=\"wp-block-heading\" id=\"h-4-verbs-structure-and-conjugation\">4. Verbit: rakenne ja taivutus<\/h3>\n\n\n\n<p>Maltan verbit rakentuvat juurille ja malleille ja konjugoituvat persoonalle, numerolle ja joskus sukupuolelle. Ydinvarret merkitsev\u00e4t menneisyytt\u00e4 ja ei-menneisyytt\u00e4, ja tulevaisuus on usein merkitty hiukkasella se. Muita elementtej\u00e4 ovat konditionaali kieku- ja imperatiiviset muodot. Objektipronominit voivat liitty\u00e4 verbeihin, kuten rajtek (n\u00e4in sinut). Verbien taivutuskuvioiden, partikkelien ja negaation oppiminen ma&#8230; x parantaa kyky\u00e4si kommunikoida tehokkaasti maltan kielell\u00e4.<\/p>\n\n\n\n<h3 class=\"wp-block-heading\" id=\"h-5-adjectives-agreement-and-placement\">5. Adjektiivit: sopimus ja sijoitus<\/h3>\n\n\n\n<p>Maltan kieliopissa adjektiivit seuraavat tyypillisesti muokkaamaansa substantiivia ja ovat sukupuolen ja numeron suhteen samaa mielt\u00e4 substantiivin kanssa. Monet adjektiivit muodostavat feminiinisi\u00e4 ja monikkomuunnelmia, ja komparatiivit ja superlatiivit ilmaistaan yleens\u00e4 aktarilla tai i\u017cjedill\u00e4 sek\u00e4 muutamilla ep\u00e4s\u00e4\u00e4nn\u00f6llisill\u00e4 muodoilla, kuten a\u0127jar ja ag\u0127ar, jotka ovat v\u00e4ltt\u00e4m\u00e4tt\u00f6mi\u00e4 luonnollisemman kommunikoinnin oppimiseksi.<\/p>\n\n\n\n<p><strong>Esimerkkej\u00e4:<\/strong><\/p>\n\n\n\n<p><strong>\u2013 im\u0127abba kbira (iso rakkaus)<\/strong><\/p>\n\n\n\n<p><strong>\u2013 tfal \u017cg\u0127ar (pienet lapset)<\/strong><\/p>\n\n\n\n<h3 class=\"wp-block-heading\" id=\"h-6-engaging-with-the-language\">6. Sitoutuminen kieleen<\/h3>\n\n\n\n<p>Tehokkain tapa ymm\u00e4rt\u00e4\u00e4 ja sis\u00e4ist\u00e4\u00e4 maltan kielioppi on olla johdonmukaisesti tekemisiss\u00e4 kielen kanssa. Lukemalla maltalaista kirjallisuutta, katsomalla maltalaisia elokuvia tai televisiosarjoja ja kommunikoimalla aktiivisesti \u00e4idinkielen\u00e4\u00e4n puhuvien kanssa vahvistat kieliopin ymm\u00e4rryst\u00e4si ja laajennat sanavarastoasi.<\/p>\n\n\n\n<h3 class=\"wp-block-heading\" id=\"h-conclusion\">P\u00e4\u00e4telm\u00e4<\/h3>\n\n\n\n<p>Vaikka maltan kielioppi saattaa tuntua monimutkaiselta, voit oppia t\u00e4m\u00e4n kauniin kielen omistautumalla, harjoittelemalla ja innolla. Keskittym\u00e4ll\u00e4 peruss\u00e4\u00e4nt\u00f6ihin ja osallistumalla kieleen eri yhteyksiss\u00e4 parannat nopeasti maltan <a href=\"https:\/\/talkpal.ai\/fi\/kielioppi\/\">kielioppitaitojasi<\/a>. Xorti tajba (onnea) maltan kielen matkallesi ja nauti Maltan kieliopin arvoituksellisen mutta kiehtovan maailman selvitt\u00e4misest\u00e4!<\/p>\n<\/div><\/div>\n\r\n<section class=\"learnNavigationSection\">\r\n            \r\n        <a href=\"https:\/\/talkpal.ai\/fi\/opi-maltaa\/\">\r\n            <div class=\"learnNavigationWrapper\">\r\n                <div class=\"learnNavigationContent\">\r\n                    <img decoding=\"async\" src=\"https:\/\/talkpal.ai\/wp-content\/uploads\/2025\/11\/Maltese.png\" alt=\"Maltese Flag\">\r\n                    <div>\r\n                        <h4>Tietoja maltan kielen oppimisesta<\/h4>\r\n                        <p>Ota selv\u00e4\u00e4 maltan kieliopista.<\/p>\r\n                    <\/div>\r\n                <\/div>\r\n            <\/div>\r\n        <\/a>\r\n\r\n        \r\n        <a href=\"https:\/\/talkpal.ai\/fi\/maltan-kielioppiharjoitukset\/\">\r\n            <div class=\"learnNavigationWrapper\">\r\n                <div class=\"learnNavigationContent\">\r\n                    <img decoding=\"async\" src=\"https:\/\/talkpal.ai\/wp-content\/uploads\/2025\/11\/Maltese.png\" alt=\"Maltese Flag\">\r\n                    <div>\r\n                        <h4>Maltan kielioppiharjoitus<\/h4>\r\n                        <p>Harjoittele maltan kielioppia.<\/p>\r\n                    <\/div>\r\n                <\/div>\r\n            <\/div>\r\n        <\/a>\r\n\r\n            <\/section>","protected":false},"excerpt":{"rendered":"<p>Navigointi maltan kieliopin koukeroiden keskell\u00e4 Malta, seemil\u00e4inen kieli, jolla on syv\u00e4t V\u00e4limeren juuret ja eloisa kulttuurinen merkitys, tarjoaa j\u00e4nnitt\u00e4v\u00e4n kielellisen kokemuksen niille, jotka haluavat tutustua sen ainutlaatuiseen kielioppij\u00e4rjestelm\u00e4\u00e4n. Kun uskaltaudut maltan valtakuntaan, et vain rikasta kielellist\u00e4 repertuaariasi, vaan my\u00f6s omaksut kiehtovan kulttuurimatkan. Vaikka maltan kielioppi saattaa aluksi tuntua monimutkaiselta, sen jakaminen ydinosiin tekee kielen oppimisesta [&hellip;]<\/p>\n","protected":false},"author":20,"featured_media":0,"parent":0,"menu_order":0,"comment_status":"closed","ping_status":"closed","template":"LearningContentPage.php","meta":{"_acf_changed":false,"footnotes":""},"class_list":["post-1465447","page","type-page","status-publish","hentry"],"acf":[],"yoast_head":"<!-- This site is optimized with the Yoast SEO Premium plugin v27.2 (Yoast SEO v27.2) - https:\/\/yoast.com\/product\/yoast-seo-premium-wordpress\/ -->\n<title>Maltan kielioppi - Talkpal<\/title>\n<meta name=\"description\" content=\"Avaa maltan kieliopin salaisuudet hallitsemalla aakkoset, fonetiikka, verbikuviot ja sujuvuuden kannalta olennaiset s\u00e4\u00e4nn\u00f6t.\" \/>\n<meta name=\"robots\" content=\"index, follow, max-snippet:-1, max-image-preview:large, max-video-preview:-1\" \/>\n<link rel=\"canonical\" href=\"https:\/\/talkpal.ai\/fi\/maltan-kielioppi\/\" \/>\n<meta property=\"og:locale\" content=\"fi_FI\" \/>\n<meta property=\"og:type\" content=\"article\" \/>\n<meta property=\"og:title\" content=\"Maltan kielioppi\" \/>\n<meta property=\"og:description\" content=\"Navigointi maltan kieliopin koukeroiden keskell\u00e4 Malta, seemil\u00e4inen kieli, jolla on syv\u00e4t V\u00e4limeren juuret ja eloisa kulttuurinen merkitys, tarjoaa\" \/>\n<meta property=\"og:url\" content=\"https:\/\/talkpal.ai\/fi\/maltan-kielioppi\/\" \/>\n<meta property=\"og:site_name\" content=\"Talkpal\" \/>\n<meta property=\"article:publisher\" content=\"https:\/\/www.facebook.com\/profile.php?id=100090733639311\" \/>\n<meta property=\"article:modified_time\" content=\"2025-12-30T14:00:18+00:00\" \/>\n<meta property=\"og:image\" content=\"https:\/\/talkpal.ai\/wp-content\/uploads\/2025\/02\/Progress-tab-16_9.png\" \/>\n\t<meta property=\"og:image:width\" content=\"2880\" \/>\n\t<meta property=\"og:image:height\" content=\"1620\" \/>\n\t<meta property=\"og:image:type\" content=\"image\/png\" \/>\n<meta name=\"twitter:card\" content=\"summary_large_image\" \/>\n<meta name=\"twitter:site\" content=\"@talkpalai\" \/>\n<meta name=\"twitter:label1\" content=\"Arvioitu lukuaika\" \/>\n\t<meta name=\"twitter:data1\" content=\"3 minuuttia\" \/>\n<script type=\"application\/ld+json\" class=\"yoast-schema-graph\">{\"@context\":\"https:\/\/schema.org\",\"@graph\":[{\"@type\":\"WebPage\",\"@id\":\"https:\/\/talkpal.ai\/fi\/maltan-kielioppi\/\",\"url\":\"https:\/\/talkpal.ai\/fi\/maltan-kielioppi\/\",\"name\":\"Maltan kielioppi - Talkpal\",\"isPartOf\":{\"@id\":\"https:\/\/talkpal.ai\/fi\/#website\"},\"datePublished\":\"2025-11-12T15:39:07+00:00\",\"dateModified\":\"2025-12-30T14:00:18+00:00\",\"description\":\"Avaa maltan kieliopin salaisuudet hallitsemalla aakkoset, fonetiikka, verbikuviot ja sujuvuuden kannalta olennaiset s\u00e4\u00e4nn\u00f6t.\",\"breadcrumb\":{\"@id\":\"https:\/\/talkpal.ai\/fi\/maltan-kielioppi\/#breadcrumb\"},\"inLanguage\":\"fi\",\"potentialAction\":[{\"@type\":\"ReadAction\",\"target\":[\"https:\/\/talkpal.ai\/fi\/maltan-kielioppi\/\"]}]},{\"@type\":\"BreadcrumbList\",\"@id\":\"https:\/\/talkpal.ai\/fi\/maltan-kielioppi\/#breadcrumb\",\"itemListElement\":[{\"@type\":\"ListItem\",\"position\":1,\"name\":\"Homepage\",\"item\":\"https:\/\/talkpal.ai\/fi\/\"},{\"@type\":\"ListItem\",\"position\":2,\"name\":\"Maltan kielioppi\"}]},{\"@type\":\"WebSite\",\"@id\":\"https:\/\/talkpal.ai\/fi\/#website\",\"url\":\"https:\/\/talkpal.ai\/fi\/\",\"name\":\"Talkpal\",\"description\":\"AI Language Learning\",\"publisher\":{\"@id\":\"https:\/\/talkpal.ai\/fi\/#organization\"},\"alternateName\":\"Talkpal AI\",\"potentialAction\":[{\"@type\":\"SearchAction\",\"target\":{\"@type\":\"EntryPoint\",\"urlTemplate\":\"https:\/\/talkpal.ai\/fi\/?s={search_term_string}\"},\"query-input\":{\"@type\":\"PropertyValueSpecification\",\"valueRequired\":true,\"valueName\":\"search_term_string\"}}],\"inLanguage\":\"fi\"},{\"@type\":\"Organization\",\"@id\":\"https:\/\/talkpal.ai\/fi\/#organization\",\"name\":\"Talkpal, Inc.\",\"alternateName\":\"Talkpal AI\",\"url\":\"https:\/\/talkpal.ai\/fi\/\",\"logo\":{\"@type\":\"ImageObject\",\"inLanguage\":\"fi\",\"@id\":\"https:\/\/talkpal.ai\/fi\/#\/schema\/logo\/image\/\",\"url\":\"https:\/\/talkpal.ai\/wp-content\/uploads\/2024\/03\/Talkpal-Logo-Icon.png\",\"contentUrl\":\"https:\/\/talkpal.ai\/wp-content\/uploads\/2024\/03\/Talkpal-Logo-Icon.png\",\"width\":2880,\"height\":2880,\"caption\":\"Talkpal, Inc.\"},\"image\":{\"@id\":\"https:\/\/talkpal.ai\/fi\/#\/schema\/logo\/image\/\"},\"sameAs\":[\"https:\/\/www.facebook.com\/profile.php?id=100090733639311\",\"https:\/\/x.com\/talkpalai\",\"https:\/\/www.linkedin.com\/company\/talkpal\/\",\"https:\/\/www.youtube.com\/@TalkPal\/\",\"https:\/\/www.tiktok.com\/@talkpal\",\"https:\/\/www.instagram.com\/talkpal_ai\/\",\"https:\/\/www.crunchbase.com\/organization\/talkpal-9cde\",\"https:\/\/www.g2.com\/products\/talkpal-for-business\/\",\"https:\/\/www.trustpilot.com\/review\/talkpal.ai\",\"https:\/\/www.capterra.com\/p\/10006800\/TalkPal\/\"],\"description\":\"Talkpal is a language learning web and mobile education app, powered by the latest AI technologies, that provides engaging experiences to its customers in many different languages to help them improve their language skills. Users can chat about unlimited amount of topics with the app and use other modes to practice their language learning.\",\"email\":\"support@talkpal.ai\",\"legalName\":\"Talkpal, Inc.\",\"foundingDate\":\"2023-04-03\",\"duns\":\"118989042\",\"numberOfEmployees\":{\"@type\":\"QuantitativeValue\",\"minValue\":\"11\",\"maxValue\":\"50\"},\"publishingPrinciples\":\"https:\/\/talkpal.ai\/publishing-principles\/\",\"actionableFeedbackPolicy\":\"https:\/\/talkpal.ai\/actionable-feedback-policy\/\",\"correctionsPolicy\":\"https:\/\/talkpal.ai\/corrections-policy\/\",\"ethicsPolicy\":\"https:\/\/talkpal.ai\/ethics-policy\/\",\"diversityPolicy\":\"https:\/\/talkpal.ai\/diversity-policy\/\",\"diversityStaffingReport\":\"https:\/\/talkpal.ai\/diversity-policy\/\"}]}<\/script>\n<!-- \/ Yoast SEO Premium plugin. -->","yoast_head_json":{"title":"Maltan kielioppi - Talkpal","description":"Avaa maltan kieliopin salaisuudet hallitsemalla aakkoset, fonetiikka, verbikuviot ja sujuvuuden kannalta olennaiset s\u00e4\u00e4nn\u00f6t.","robots":{"index":"index","follow":"follow","max-snippet":"max-snippet:-1","max-image-preview":"max-image-preview:large","max-video-preview":"max-video-preview:-1"},"canonical":"https:\/\/talkpal.ai\/fi\/maltan-kielioppi\/","og_locale":"fi_FI","og_type":"article","og_title":"Maltan kielioppi","og_description":"Navigointi maltan kieliopin koukeroiden keskell\u00e4 Malta, seemil\u00e4inen kieli, jolla on syv\u00e4t V\u00e4limeren juuret ja eloisa kulttuurinen merkitys, tarjoaa","og_url":"https:\/\/talkpal.ai\/fi\/maltan-kielioppi\/","og_site_name":"Talkpal","article_publisher":"https:\/\/www.facebook.com\/profile.php?id=100090733639311","article_modified_time":"2025-12-30T14:00:18+00:00","og_image":[{"width":2880,"height":1620,"url":"https:\/\/talkpal.ai\/wp-content\/uploads\/2025\/02\/Progress-tab-16_9.png","type":"image\/png"}],"twitter_card":"summary_large_image","twitter_site":"@talkpalai","twitter_misc":{"Arvioitu lukuaika":"3 minuuttia"},"schema":{"@context":"https:\/\/schema.org","@graph":[{"@type":"WebPage","@id":"https:\/\/talkpal.ai\/fi\/maltan-kielioppi\/","url":"https:\/\/talkpal.ai\/fi\/maltan-kielioppi\/","name":"Maltan kielioppi - Talkpal","isPartOf":{"@id":"https:\/\/talkpal.ai\/fi\/#website"},"datePublished":"2025-11-12T15:39:07+00:00","dateModified":"2025-12-30T14:00:18+00:00","description":"Avaa maltan kieliopin salaisuudet hallitsemalla aakkoset, fonetiikka, verbikuviot ja sujuvuuden kannalta olennaiset s\u00e4\u00e4nn\u00f6t.","breadcrumb":{"@id":"https:\/\/talkpal.ai\/fi\/maltan-kielioppi\/#breadcrumb"},"inLanguage":"fi","potentialAction":[{"@type":"ReadAction","target":["https:\/\/talkpal.ai\/fi\/maltan-kielioppi\/"]}]},{"@type":"BreadcrumbList","@id":"https:\/\/talkpal.ai\/fi\/maltan-kielioppi\/#breadcrumb","itemListElement":[{"@type":"ListItem","position":1,"name":"Homepage","item":"https:\/\/talkpal.ai\/fi\/"},{"@type":"ListItem","position":2,"name":"Maltan kielioppi"}]},{"@type":"WebSite","@id":"https:\/\/talkpal.ai\/fi\/#website","url":"https:\/\/talkpal.ai\/fi\/","name":"Talkpal","description":"AI Language Learning","publisher":{"@id":"https:\/\/talkpal.ai\/fi\/#organization"},"alternateName":"Talkpal AI","potentialAction":[{"@type":"SearchAction","target":{"@type":"EntryPoint","urlTemplate":"https:\/\/talkpal.ai\/fi\/?s={search_term_string}"},"query-input":{"@type":"PropertyValueSpecification","valueRequired":true,"valueName":"search_term_string"}}],"inLanguage":"fi"},{"@type":"Organization","@id":"https:\/\/talkpal.ai\/fi\/#organization","name":"Talkpal, Inc.","alternateName":"Talkpal AI","url":"https:\/\/talkpal.ai\/fi\/","logo":{"@type":"ImageObject","inLanguage":"fi","@id":"https:\/\/talkpal.ai\/fi\/#\/schema\/logo\/image\/","url":"https:\/\/talkpal.ai\/wp-content\/uploads\/2024\/03\/Talkpal-Logo-Icon.png","contentUrl":"https:\/\/talkpal.ai\/wp-content\/uploads\/2024\/03\/Talkpal-Logo-Icon.png","width":2880,"height":2880,"caption":"Talkpal, Inc."},"image":{"@id":"https:\/\/talkpal.ai\/fi\/#\/schema\/logo\/image\/"},"sameAs":["https:\/\/www.facebook.com\/profile.php?id=100090733639311","https:\/\/x.com\/talkpalai","https:\/\/www.linkedin.com\/company\/talkpal\/","https:\/\/www.youtube.com\/@TalkPal\/","https:\/\/www.tiktok.com\/@talkpal","https:\/\/www.instagram.com\/talkpal_ai\/","https:\/\/www.crunchbase.com\/organization\/talkpal-9cde","https:\/\/www.g2.com\/products\/talkpal-for-business\/","https:\/\/www.trustpilot.com\/review\/talkpal.ai","https:\/\/www.capterra.com\/p\/10006800\/TalkPal\/"],"description":"Talkpal is a language learning web and mobile education app, powered by the latest AI technologies, that provides engaging experiences to its customers in many different languages to help them improve their language skills. Users can chat about unlimited amount of topics with the app and use other modes to practice their language learning.","email":"support@talkpal.ai","legalName":"Talkpal, Inc.","foundingDate":"2023-04-03","duns":"118989042","numberOfEmployees":{"@type":"QuantitativeValue","minValue":"11","maxValue":"50"},"publishingPrinciples":"https:\/\/talkpal.ai\/publishing-principles\/","actionableFeedbackPolicy":"https:\/\/talkpal.ai\/actionable-feedback-policy\/","correctionsPolicy":"https:\/\/talkpal.ai\/corrections-policy\/","ethicsPolicy":"https:\/\/talkpal.ai\/ethics-policy\/","diversityPolicy":"https:\/\/talkpal.ai\/diversity-policy\/","diversityStaffingReport":"https:\/\/talkpal.ai\/diversity-policy\/"}]}},"_links":{"self":[{"href":"https:\/\/talkpal.ai\/fi\/wp-json\/wp\/v2\/pages\/1465447","targetHints":{"allow":["GET"]}}],"collection":[{"href":"https:\/\/talkpal.ai\/fi\/wp-json\/wp\/v2\/pages"}],"about":[{"href":"https:\/\/talkpal.ai\/fi\/wp-json\/wp\/v2\/types\/page"}],"author":[{"embeddable":true,"href":"https:\/\/talkpal.ai\/fi\/wp-json\/wp\/v2\/users\/20"}],"replies":[{"embeddable":true,"href":"https:\/\/talkpal.ai\/fi\/wp-json\/wp\/v2\/comments?post=1465447"}],"version-history":[{"count":0,"href":"https:\/\/talkpal.ai\/fi\/wp-json\/wp\/v2\/pages\/1465447\/revisions"}],"wp:attachment":[{"href":"https:\/\/talkpal.ai\/fi\/wp-json\/wp\/v2\/media?parent=1465447"}],"curies":[{"name":"wp","href":"https:\/\/api.w.org\/{rel}","templated":true}]}}