{"id":1465416,"date":"2025-11-12T12:26:29","date_gmt":"2025-11-12T12:26:29","guid":{"rendered":"https:\/\/talkpal.ai\/malayalamin-kielioppi\/"},"modified":"2025-12-30T13:58:52","modified_gmt":"2025-12-30T13:58:52","slug":"malayalamin-kielioppi","status":"publish","type":"page","link":"https:\/\/talkpal.ai\/fi\/malayalamin-kielioppi\/","title":{"rendered":"Malayalamin kielioppi"},"content":{"rendered":"\r\n\r\n\r\n<section class=\"languageChallengeSection\">\r\n    <div class=\"languageInfoWrapper\">\r\n        \r\n        <h1>Malayalamin kielioppi<\/h1>\r\n        <p>Malayalamin kielioppi saattaa aluksi tuntua haastavalta, mutta sen ainutlaatuiset ominaisuudet tekev\u00e4t kielen oppimisesta palkitsevan kokemuksen. Tutustumalla sen aakkosiin, mutaatioihin ja kielioppis\u00e4\u00e4nt\u00f6ihin saat k\u00e4sityksen rikkaasta kieliperinteest\u00e4. Aloita matkasi ja tutustu Malayalamin kauneuteen!<\/p>\r\n\r\n                            <a class=\"getStartedHidden\" href=\"https:\/\/app.talkpal.ai\/fi\/signup?lng=\">Aloita<\/a>\r\n        \r\n    <\/div>\r\n\r\n    <figure>\r\n    <img decoding=\"async\" width=\"768\" height=\"768\" src=\"https:\/\/talkpal.ai\/wp-content\/uploads\/2023\/06\/welsh-768x768.png\" class=\"languageImage no-lazy\" alt=\"Default alt text\" fetchpriority=\"high\" sizes=\"(max-width: 768px) 150px, 768px\" srcset=\"https:\/\/talkpal.ai\/wp-content\/uploads\/2023\/06\/welsh-768x768.png 768w, https:\/\/talkpal.ai\/wp-content\/uploads\/2023\/06\/welsh-300x300.png 300w\" \/>\r\n    \r\n\r\n    <\/figure>\r\n\r\n            <a class=\"getStartedVisible\" href=\"https:\/\/app.talkpal.ai\/fi\/signup?lng=\">Aloita<\/a>\r\n    \r\n<\/section><section class=\"promotionalBanner\">\r\n    <p class=\"promotionalText\">Tehokkain tapa oppia kielt\u00e4<\/p>\r\n    <a class=\"promotionalLink\" href=\"https:\/\/app.talkpal.ai\/fi\/signup?lng=\">Kokeile Talkpal ilmaiseksi<\/a>\r\n<\/section>\n<div class=\"wp-block-group pageContainerStyle\"><div class=\"wp-block-group__inner-container is-layout-constrained wp-block-group-is-layout-constrained\">\n<h2 class=\"wp-block-heading\" id=\"h-navigating-the-intricacies-of-malayalam-grammar\">Navigointi malajalamin kieliopin monimutkaisuudessa<\/h2>\n\n\n\n<p><a href=\"https:\/\/talkpal.ai\/fi\/opi-malajalamia\/\">Malayalam<\/a>, dravidakieli, jolla on rikas historia ja syv\u00e4t kulttuuriset juuret Keralassa ja diasporassa, tarjoaa j\u00e4nnitt\u00e4v\u00e4n kielellisen kokemuksen niille, jotka haluavat tutustua sen ainutlaatuiseen kielioppij\u00e4rjestelm\u00e4\u00e4n. Kun uskaltaudut malajalamin valtakuntaan, et vain rikasta kielellist\u00e4 repertuaariasi, vaan my\u00f6s omaksut kiehtovan kulttuurimatkan. Vaikka malayalamin kielioppi saattaa aluksi tuntua monimutkaiselta, sen jakaminen ydinkomponentteihin tekee kielen oppimisesta helpommin l\u00e4hestytt\u00e4v\u00e4\u00e4. T\u00e4ss\u00e4 artikkelissa tutkimme malajalamin kieliopin kiehtovaa maailmaa ja annamme vinkkej\u00e4 sen monimutkaisuuden hallitsemiseen.<\/p>\n\n\n\n<h3 class=\"wp-block-heading\" id=\"h-1-malayalam-alphabet-and-phonetics\">1. Malayalamin aakkoset ja fonetiikka<\/h3>\n\n\n\n<p>Malayalam-kirjoitus on abugida, jossa on itsen\u00e4isi\u00e4 vokaaleja, konsonantteja, joissa on luontaisia vokaaleja, ja riippuvaisia vokaalimerkkej\u00e4. Oppijoiden tulee tutustua sen vokaaleihin ja konsonantteihin, mukaan lukien erottuvat \u00e4\u00e4nteet, kuten retroflex-konsonantit ja merkitt\u00e4v\u00e4 &#8221;zh&#8221;-\u00e4\u00e4nne. Keskeisi\u00e4 kirjoitusk\u00e4sitteit\u00e4 ovat luontainen vokaali a, virama-merkki nimelt\u00e4 chandrakkala vokaalien tukahduttamiseksi, konjunktiset konsonantit ja erityiset chillu-kirjaimet. Malayalamin kieliopin oppimiseksi on t\u00e4rke\u00e4\u00e4 <a href=\"https:\/\/talkpal.ai\/improve-reading\/\">harjoitella lukemista<\/a> ja kirjoittamista malajalamin kielell\u00e4.<\/p>\n\n\n\n<h3 class=\"wp-block-heading\" id=\"h-2-sandhi-and-assimilation-a-peculiar-malayalam-feature\">2. Sandhi ja assimilaatio: erikoinen malajalamin piirre<\/h3>\n\n\n\n<p>Yksi malajalamin fonologian silmiinpist\u00e4vimmist\u00e4 puolista on sandhin, assimilaation ja konsonanttien geminaatioiden yleisyys morfeemien ja sanojen rajoilla. \u00c4\u00e4nteet voivat muuttua, kun j\u00e4lkiliitteit\u00e4 lis\u00e4t\u00e4\u00e4n <a href=\"https:\/\/talkpal.ai\/learn-thai\/\">tai<\/a> kun sanat yhdistyv\u00e4t yhdyssanoiksi, ja nasaalit sulautuvat usein seuraaviin konsonantteihin. N\u00e4iden muutosten luonnollisen \u00e4\u00e4nt\u00e4misen ja tarkan viestinn\u00e4n ymm\u00e4rt\u00e4minen on elint\u00e4rke\u00e4\u00e4 malajalamin luonnollisen \u00e4\u00e4nt\u00e4misen ja tarkan viestinn\u00e4n kannalta.<\/p>\n\n\n\n<h3 class=\"wp-block-heading\" id=\"h-3-nouns-and-pronouns-gender-and-cases\">3. Substantiivit ja pronominit: sukupuoli ja tapaukset<\/h3>\n\n\n\n<p>Malajalamilaiset substantiivit eiv\u00e4t tyypillisesti merkitse kieliopillista sukupuolta, ja monikkomuodostuksessa k\u00e4ytet\u00e4\u00e4n usein p\u00e4\u00e4tett\u00e4 -kal, joillakin ep\u00e4s\u00e4\u00e4nn\u00f6llisyyksill\u00e4 ja vaihtoehdoilla. Sijasuhteita ilmaistaan j\u00e4lkiliitteill\u00e4 ja postpositioilla, kuten akkusatiivi -e, datiivi -kku tai -inu, genetiivi -ude, instrumentaali -al, lokatiivi -il, ablatiivi -il ninnu, sosiatiivi -ote ja vokatiivi -e. Malayalamin pronomineihin kuuluvat persoonapronominit, kuten njan, ni, ningal, nammal, avan, aval ja kunniallinen avar, sek\u00e4 possessiiviset muodot genetiivin, refleksiivisen tanen tai tannen kautta, demonstratiivit kuten i ja aa sek\u00e4 kysyv\u00e4t muodot, kuten aar, entu, evate ja eppol. N\u00e4ihin pronomineihin ja niiden muotoihin tutustuminen parantaa merkitt\u00e4v\u00e4sti k\u00e4sityst\u00e4si malajalamin kieliopista.<\/p>\n\n\n\n<h3 class=\"wp-block-heading\" id=\"h-4-verbs-structure-and-conjugation\">4. Verbit: rakenne ja taivutus<\/h3>\n\n\n\n<p>Malayalam-verbit taivuttavat ensisijaisesti aikamuotoa, aspektia, mielialaa ja polariteettia, eiv\u00e4t henkil\u00f6\u00e4 tai numeroa. Ydinaikamuotoja ovat nykyhetken progressiivinen -unnu, menneisyys -i tai -u ja tulevaisuus -um. Negaatio muodostetaan yleens\u00e4 -illalla, ja t\u00e4rkeit\u00e4 tunnelmia ovat imperatiivi ja konditionaali, jotka usein rakennetaan konnektioilla, kuten -enkil tai -al. Apuverbit ja <a href=\"https:\/\/talkpal.ai\/fi\/grammar\/partiisiipit-valkovenajan-kielioppissa\/\">partisiipit<\/a> ovat keskeisi\u00e4 kieless\u00e4, ja muotoja, kuten -unna, -iya ja -aya, k\u00e4ytet\u00e4\u00e4n relatiivilauseiden ja perifrastisten rakenteiden luomiseen. N\u00e4iden mallien oppiminen parantaa kyky\u00e4si kommunikoida tehokkaasti malajalamin kielell\u00e4.<\/p>\n\n\n\n<h3 class=\"wp-block-heading\" id=\"h-5-adjectives-agreement-and-placement\">5. Adjektiivit: sopimus ja sijoitus<\/h3>\n\n\n\n<p>Malayalamin kieliopissa adjektiivit edelt\u00e4v\u00e4t tyypillisesti muokkaamaansa substantiivia, eiv\u00e4tk\u00e4 ne ole sukupuolen tai lukum\u00e4\u00e4r\u00e4n suhteen samaa mielt\u00e4 substantiivin kanssa. Monet kuvailevat merkitykset ilmaistaan partisiippi- tai genetiivirakenteiden kautta, ja komparatiivit ja superlatiivit muodostetaan usein analyyttisesti, esimerkiksi kooduthal vertailevalle ja etavum superlatiiville. N\u00e4iden mallien ymm\u00e4rt\u00e4minen on v\u00e4ltt\u00e4m\u00e4t\u00f6nt\u00e4 luonnollisemman viestinn\u00e4n kannalta.<\/p>\n\n\n\n<p><strong>Esimerkkej\u00e4:<\/strong><\/p>\n\n\n\n<p><strong>\u2013 Valiya Sneham (Iso rakkaus)<\/strong><\/p>\n\n\n\n<p><strong>\u2013 Cheriya Kuttikal (pienet lapset)<\/strong><\/p>\n\n\n\n<h3 class=\"wp-block-heading\" id=\"h-6-engaging-with-the-language\">6. Sitoutuminen kieleen<\/h3>\n\n\n\n<p>Tehokkain tapa ymm\u00e4rt\u00e4\u00e4 ja sis\u00e4ist\u00e4\u00e4 <a href=\"https:\/\/talkpal.ai\/malayalam-grammar\/\">malajalamin kielioppi<\/a> on olla johdonmukaisesti tekemisiss\u00e4 kielen kanssa. Lukemalla malajalaminkielist\u00e4 kirjallisuutta ja sanomalehti\u00e4, katsomalla malayalam-elokuvia tai televisiosarjoja, kuuntelemalla kappaleita ja radiota sek\u00e4 kommunikoimalla aktiivisesti \u00e4idinkielen\u00e4\u00e4n puhuvien kanssa vahvistat kieliopin ymm\u00e4rryst\u00e4si ja laajennat sanavarastoasi.<\/p>\n\n\n\n<h3 class=\"wp-block-heading\" id=\"h-conclusion\">P\u00e4\u00e4telm\u00e4<\/h3>\n\n\n\n<p>Vaikka malajalamin kielioppi saattaa tuntua monimutkaiselta, voit oppia t\u00e4m\u00e4n kauniin kielen omistautumalla, harjoittelemalla ja innolla. Keskittym\u00e4ll\u00e4 peruss\u00e4\u00e4nt\u00f6ihin ja osallistumalla kieleen eri yhteyksiss\u00e4 parannat nopeasti malajalamin <a href=\"https:\/\/talkpal.ai\/fi\/kielioppi\/\">kielioppitaitojasi<\/a>. Ashamsakal (onnea) malajalamin kielimatkallesi ja nauti malajalamin kieliopin arvoituksellisen mutta kiehtovan maailman selvitt\u00e4misest\u00e4!<\/p>\n<\/div><\/div>\n\r\n<section class=\"learnNavigationSection\">\r\n            \r\n        <a href=\"https:\/\/talkpal.ai\/fi\/opi-malajalamia\/\">\r\n            <div class=\"learnNavigationWrapper\">\r\n                <div class=\"learnNavigationContent\">\r\n                    <img decoding=\"async\" src=\"https:\/\/talkpal.ai\/wp-content\/uploads\/2025\/11\/Malayalam.png\" alt=\"Indian Simplified Flag\">\r\n                    <div>\r\n                        <h4>Tietoja Malayalam Learningista<\/h4>\r\n                        <p>Ota selv\u00e4\u00e4 Malayalamin kieliopista.<\/p>\r\n                    <\/div>\r\n                <\/div>\r\n            <\/div>\r\n        <\/a>\r\n\r\n        \r\n        <a href=\"https:\/\/talkpal.ai\/fi\/malayalamin-kielioppiharjoitukset\/\">\r\n            <div class=\"learnNavigationWrapper\">\r\n                <div class=\"learnNavigationContent\">\r\n                    <img decoding=\"async\" src=\"https:\/\/talkpal.ai\/wp-content\/uploads\/2025\/11\/Malayalam.png\" alt=\"Indian Simplified Flag\">\r\n                    <div>\r\n                        <h4>Malayalamin kielioppiharjoitus<\/h4>\r\n                        <p>Harjoittele malajalamin kielioppia.<\/p>\r\n                    <\/div>\r\n                <\/div>\r\n            <\/div>\r\n        <\/a>\r\n\r\n            <\/section>","protected":false},"excerpt":{"rendered":"<p>Navigointi malajalamin kieliopin monimutkaisuudessa Malayalam, dravidakieli, jolla on rikas historia ja syv\u00e4t kulttuuriset juuret Keralassa ja diasporassa, tarjoaa j\u00e4nnitt\u00e4v\u00e4n kielellisen kokemuksen niille, jotka haluavat tutustua sen ainutlaatuiseen kielioppij\u00e4rjestelm\u00e4\u00e4n. Kun uskaltaudut malajalamin valtakuntaan, et vain rikasta kielellist\u00e4 repertuaariasi, vaan my\u00f6s omaksut kiehtovan kulttuurimatkan. Vaikka malayalamin kielioppi saattaa aluksi tuntua monimutkaiselta, sen jakaminen ydinkomponentteihin tekee kielen oppimisesta [&hellip;]<\/p>\n","protected":false},"author":20,"featured_media":0,"parent":0,"menu_order":0,"comment_status":"closed","ping_status":"closed","template":"LearningContentPage.php","meta":{"_acf_changed":false,"footnotes":""},"class_list":["post-1465416","page","type-page","status-publish","hentry"],"acf":[],"yoast_head":"<!-- This site is optimized with the Yoast SEO Premium plugin v27.2 (Yoast SEO v27.2) - https:\/\/yoast.com\/product\/yoast-seo-premium-wordpress\/ -->\n<title>Malayalamin kielioppi - Talkpal<\/title>\n<meta name=\"description\" content=\"Opettele malayalamin kielioppis\u00e4\u00e4nn\u00f6t, mukaan lukien aakkoset, substantiivit ja verbit, kattavan teko\u00e4lykielen oppaan avulla.\" \/>\n<meta name=\"robots\" content=\"index, follow, max-snippet:-1, max-image-preview:large, max-video-preview:-1\" \/>\n<link rel=\"canonical\" href=\"https:\/\/talkpal.ai\/fi\/malayalamin-kielioppi\/\" \/>\n<meta property=\"og:locale\" content=\"fi_FI\" \/>\n<meta property=\"og:type\" content=\"article\" \/>\n<meta property=\"og:title\" content=\"Malayalamin kielioppi\" \/>\n<meta property=\"og:description\" content=\"Navigointi malajalamin kieliopin monimutkaisuudessa Malayalam, dravidakieli, jolla on rikas historia ja syv\u00e4t kulttuuriset juuret Keralassa ja\" \/>\n<meta property=\"og:url\" content=\"https:\/\/talkpal.ai\/fi\/malayalamin-kielioppi\/\" \/>\n<meta property=\"og:site_name\" content=\"Talkpal\" \/>\n<meta property=\"article:publisher\" content=\"https:\/\/www.facebook.com\/profile.php?id=100090733639311\" \/>\n<meta property=\"article:modified_time\" content=\"2025-12-30T13:58:52+00:00\" \/>\n<meta property=\"og:image\" content=\"https:\/\/talkpal.ai\/wp-content\/uploads\/2025\/02\/Progress-tab-16_9.png\" \/>\n\t<meta property=\"og:image:width\" content=\"2880\" \/>\n\t<meta property=\"og:image:height\" content=\"1620\" \/>\n\t<meta property=\"og:image:type\" content=\"image\/png\" \/>\n<meta name=\"twitter:card\" content=\"summary_large_image\" \/>\n<meta name=\"twitter:site\" content=\"@talkpalai\" \/>\n<meta name=\"twitter:label1\" content=\"Arvioitu lukuaika\" \/>\n\t<meta name=\"twitter:data1\" content=\"3 minuuttia\" \/>\n<script type=\"application\/ld+json\" class=\"yoast-schema-graph\">{\"@context\":\"https:\/\/schema.org\",\"@graph\":[{\"@type\":\"WebPage\",\"@id\":\"https:\/\/talkpal.ai\/fi\/malayalamin-kielioppi\/\",\"url\":\"https:\/\/talkpal.ai\/fi\/malayalamin-kielioppi\/\",\"name\":\"Malayalamin kielioppi - Talkpal\",\"isPartOf\":{\"@id\":\"https:\/\/talkpal.ai\/fi\/#website\"},\"datePublished\":\"2025-11-12T12:26:29+00:00\",\"dateModified\":\"2025-12-30T13:58:52+00:00\",\"description\":\"Opettele malayalamin kielioppis\u00e4\u00e4nn\u00f6t, mukaan lukien aakkoset, substantiivit ja verbit, kattavan teko\u00e4lykielen oppaan avulla.\",\"breadcrumb\":{\"@id\":\"https:\/\/talkpal.ai\/fi\/malayalamin-kielioppi\/#breadcrumb\"},\"inLanguage\":\"fi\",\"potentialAction\":[{\"@type\":\"ReadAction\",\"target\":[\"https:\/\/talkpal.ai\/fi\/malayalamin-kielioppi\/\"]}]},{\"@type\":\"BreadcrumbList\",\"@id\":\"https:\/\/talkpal.ai\/fi\/malayalamin-kielioppi\/#breadcrumb\",\"itemListElement\":[{\"@type\":\"ListItem\",\"position\":1,\"name\":\"Homepage\",\"item\":\"https:\/\/talkpal.ai\/fi\/\"},{\"@type\":\"ListItem\",\"position\":2,\"name\":\"Malayalamin kielioppi\"}]},{\"@type\":\"WebSite\",\"@id\":\"https:\/\/talkpal.ai\/fi\/#website\",\"url\":\"https:\/\/talkpal.ai\/fi\/\",\"name\":\"Talkpal\",\"description\":\"AI Language Learning\",\"publisher\":{\"@id\":\"https:\/\/talkpal.ai\/fi\/#organization\"},\"alternateName\":\"Talkpal AI\",\"potentialAction\":[{\"@type\":\"SearchAction\",\"target\":{\"@type\":\"EntryPoint\",\"urlTemplate\":\"https:\/\/talkpal.ai\/fi\/?s={search_term_string}\"},\"query-input\":{\"@type\":\"PropertyValueSpecification\",\"valueRequired\":true,\"valueName\":\"search_term_string\"}}],\"inLanguage\":\"fi\"},{\"@type\":\"Organization\",\"@id\":\"https:\/\/talkpal.ai\/fi\/#organization\",\"name\":\"Talkpal, Inc.\",\"alternateName\":\"Talkpal AI\",\"url\":\"https:\/\/talkpal.ai\/fi\/\",\"logo\":{\"@type\":\"ImageObject\",\"inLanguage\":\"fi\",\"@id\":\"https:\/\/talkpal.ai\/fi\/#\/schema\/logo\/image\/\",\"url\":\"https:\/\/talkpal.ai\/wp-content\/uploads\/2024\/03\/Talkpal-Logo-Icon.png\",\"contentUrl\":\"https:\/\/talkpal.ai\/wp-content\/uploads\/2024\/03\/Talkpal-Logo-Icon.png\",\"width\":2880,\"height\":2880,\"caption\":\"Talkpal, Inc.\"},\"image\":{\"@id\":\"https:\/\/talkpal.ai\/fi\/#\/schema\/logo\/image\/\"},\"sameAs\":[\"https:\/\/www.facebook.com\/profile.php?id=100090733639311\",\"https:\/\/x.com\/talkpalai\",\"https:\/\/www.linkedin.com\/company\/talkpal\/\",\"https:\/\/www.youtube.com\/@TalkPal\/\",\"https:\/\/www.tiktok.com\/@talkpal\",\"https:\/\/www.instagram.com\/talkpal_ai\/\",\"https:\/\/www.crunchbase.com\/organization\/talkpal-9cde\",\"https:\/\/www.g2.com\/products\/talkpal-for-business\/\",\"https:\/\/www.trustpilot.com\/review\/talkpal.ai\",\"https:\/\/www.capterra.com\/p\/10006800\/TalkPal\/\"],\"description\":\"Talkpal is a language learning web and mobile education app, powered by the latest AI technologies, that provides engaging experiences to its customers in many different languages to help them improve their language skills. Users can chat about unlimited amount of topics with the app and use other modes to practice their language learning.\",\"email\":\"support@talkpal.ai\",\"legalName\":\"Talkpal, Inc.\",\"foundingDate\":\"2023-04-03\",\"duns\":\"118989042\",\"numberOfEmployees\":{\"@type\":\"QuantitativeValue\",\"minValue\":\"11\",\"maxValue\":\"50\"},\"publishingPrinciples\":\"https:\/\/talkpal.ai\/publishing-principles\/\",\"actionableFeedbackPolicy\":\"https:\/\/talkpal.ai\/actionable-feedback-policy\/\",\"correctionsPolicy\":\"https:\/\/talkpal.ai\/corrections-policy\/\",\"ethicsPolicy\":\"https:\/\/talkpal.ai\/ethics-policy\/\",\"diversityPolicy\":\"https:\/\/talkpal.ai\/diversity-policy\/\",\"diversityStaffingReport\":\"https:\/\/talkpal.ai\/diversity-policy\/\"}]}<\/script>\n<!-- \/ Yoast SEO Premium plugin. -->","yoast_head_json":{"title":"Malayalamin kielioppi - Talkpal","description":"Opettele malayalamin kielioppis\u00e4\u00e4nn\u00f6t, mukaan lukien aakkoset, substantiivit ja verbit, kattavan teko\u00e4lykielen oppaan avulla.","robots":{"index":"index","follow":"follow","max-snippet":"max-snippet:-1","max-image-preview":"max-image-preview:large","max-video-preview":"max-video-preview:-1"},"canonical":"https:\/\/talkpal.ai\/fi\/malayalamin-kielioppi\/","og_locale":"fi_FI","og_type":"article","og_title":"Malayalamin kielioppi","og_description":"Navigointi malajalamin kieliopin monimutkaisuudessa Malayalam, dravidakieli, jolla on rikas historia ja syv\u00e4t kulttuuriset juuret Keralassa ja","og_url":"https:\/\/talkpal.ai\/fi\/malayalamin-kielioppi\/","og_site_name":"Talkpal","article_publisher":"https:\/\/www.facebook.com\/profile.php?id=100090733639311","article_modified_time":"2025-12-30T13:58:52+00:00","og_image":[{"width":2880,"height":1620,"url":"https:\/\/talkpal.ai\/wp-content\/uploads\/2025\/02\/Progress-tab-16_9.png","type":"image\/png"}],"twitter_card":"summary_large_image","twitter_site":"@talkpalai","twitter_misc":{"Arvioitu lukuaika":"3 minuuttia"},"schema":{"@context":"https:\/\/schema.org","@graph":[{"@type":"WebPage","@id":"https:\/\/talkpal.ai\/fi\/malayalamin-kielioppi\/","url":"https:\/\/talkpal.ai\/fi\/malayalamin-kielioppi\/","name":"Malayalamin kielioppi - Talkpal","isPartOf":{"@id":"https:\/\/talkpal.ai\/fi\/#website"},"datePublished":"2025-11-12T12:26:29+00:00","dateModified":"2025-12-30T13:58:52+00:00","description":"Opettele malayalamin kielioppis\u00e4\u00e4nn\u00f6t, mukaan lukien aakkoset, substantiivit ja verbit, kattavan teko\u00e4lykielen oppaan avulla.","breadcrumb":{"@id":"https:\/\/talkpal.ai\/fi\/malayalamin-kielioppi\/#breadcrumb"},"inLanguage":"fi","potentialAction":[{"@type":"ReadAction","target":["https:\/\/talkpal.ai\/fi\/malayalamin-kielioppi\/"]}]},{"@type":"BreadcrumbList","@id":"https:\/\/talkpal.ai\/fi\/malayalamin-kielioppi\/#breadcrumb","itemListElement":[{"@type":"ListItem","position":1,"name":"Homepage","item":"https:\/\/talkpal.ai\/fi\/"},{"@type":"ListItem","position":2,"name":"Malayalamin kielioppi"}]},{"@type":"WebSite","@id":"https:\/\/talkpal.ai\/fi\/#website","url":"https:\/\/talkpal.ai\/fi\/","name":"Talkpal","description":"AI Language Learning","publisher":{"@id":"https:\/\/talkpal.ai\/fi\/#organization"},"alternateName":"Talkpal AI","potentialAction":[{"@type":"SearchAction","target":{"@type":"EntryPoint","urlTemplate":"https:\/\/talkpal.ai\/fi\/?s={search_term_string}"},"query-input":{"@type":"PropertyValueSpecification","valueRequired":true,"valueName":"search_term_string"}}],"inLanguage":"fi"},{"@type":"Organization","@id":"https:\/\/talkpal.ai\/fi\/#organization","name":"Talkpal, Inc.","alternateName":"Talkpal AI","url":"https:\/\/talkpal.ai\/fi\/","logo":{"@type":"ImageObject","inLanguage":"fi","@id":"https:\/\/talkpal.ai\/fi\/#\/schema\/logo\/image\/","url":"https:\/\/talkpal.ai\/wp-content\/uploads\/2024\/03\/Talkpal-Logo-Icon.png","contentUrl":"https:\/\/talkpal.ai\/wp-content\/uploads\/2024\/03\/Talkpal-Logo-Icon.png","width":2880,"height":2880,"caption":"Talkpal, Inc."},"image":{"@id":"https:\/\/talkpal.ai\/fi\/#\/schema\/logo\/image\/"},"sameAs":["https:\/\/www.facebook.com\/profile.php?id=100090733639311","https:\/\/x.com\/talkpalai","https:\/\/www.linkedin.com\/company\/talkpal\/","https:\/\/www.youtube.com\/@TalkPal\/","https:\/\/www.tiktok.com\/@talkpal","https:\/\/www.instagram.com\/talkpal_ai\/","https:\/\/www.crunchbase.com\/organization\/talkpal-9cde","https:\/\/www.g2.com\/products\/talkpal-for-business\/","https:\/\/www.trustpilot.com\/review\/talkpal.ai","https:\/\/www.capterra.com\/p\/10006800\/TalkPal\/"],"description":"Talkpal is a language learning web and mobile education app, powered by the latest AI technologies, that provides engaging experiences to its customers in many different languages to help them improve their language skills. Users can chat about unlimited amount of topics with the app and use other modes to practice their language learning.","email":"support@talkpal.ai","legalName":"Talkpal, Inc.","foundingDate":"2023-04-03","duns":"118989042","numberOfEmployees":{"@type":"QuantitativeValue","minValue":"11","maxValue":"50"},"publishingPrinciples":"https:\/\/talkpal.ai\/publishing-principles\/","actionableFeedbackPolicy":"https:\/\/talkpal.ai\/actionable-feedback-policy\/","correctionsPolicy":"https:\/\/talkpal.ai\/corrections-policy\/","ethicsPolicy":"https:\/\/talkpal.ai\/ethics-policy\/","diversityPolicy":"https:\/\/talkpal.ai\/diversity-policy\/","diversityStaffingReport":"https:\/\/talkpal.ai\/diversity-policy\/"}]}},"_links":{"self":[{"href":"https:\/\/talkpal.ai\/fi\/wp-json\/wp\/v2\/pages\/1465416","targetHints":{"allow":["GET"]}}],"collection":[{"href":"https:\/\/talkpal.ai\/fi\/wp-json\/wp\/v2\/pages"}],"about":[{"href":"https:\/\/talkpal.ai\/fi\/wp-json\/wp\/v2\/types\/page"}],"author":[{"embeddable":true,"href":"https:\/\/talkpal.ai\/fi\/wp-json\/wp\/v2\/users\/20"}],"replies":[{"embeddable":true,"href":"https:\/\/talkpal.ai\/fi\/wp-json\/wp\/v2\/comments?post=1465416"}],"version-history":[{"count":0,"href":"https:\/\/talkpal.ai\/fi\/wp-json\/wp\/v2\/pages\/1465416\/revisions"}],"wp:attachment":[{"href":"https:\/\/talkpal.ai\/fi\/wp-json\/wp\/v2\/media?parent=1465416"}],"curies":[{"name":"wp","href":"https:\/\/api.w.org\/{rel}","templated":true}]}}