{"id":1465352,"date":"2025-11-12T12:14:52","date_gmt":"2025-11-12T12:14:52","guid":{"rendered":"https:\/\/talkpal.ai\/laosin-kielioppi\/"},"modified":"2025-12-30T14:12:51","modified_gmt":"2025-12-30T14:12:51","slug":"laosin-kielioppi","status":"publish","type":"page","link":"https:\/\/talkpal.ai\/fi\/laosin-kielioppi\/","title":{"rendered":"Laosin kielioppi"},"content":{"rendered":"\r\n\r\n\r\n<section class=\"languageChallengeSection\">\r\n    <div class=\"languageInfoWrapper\">\r\n        \r\n        <h1>Laosin kielioppi<\/h1>\r\n        <p>Laosin kielioppi saattaa aluksi tuntua haastavalta, mutta sen ainutlaatuiset ominaisuudet tekev\u00e4t kielen oppimisesta palkitsevan kokemuksen. Tutustumalla sen aakkosiin, mutaatioihin ja kielioppis\u00e4\u00e4nt\u00f6ihin saat k\u00e4sityksen rikkaasta kieliperinteest\u00e4. Aloita matkasi ja tutustu Laon kauneuteen!<\/p>\r\n\r\n                            <a class=\"getStartedHidden\" href=\"https:\/\/app.talkpal.ai\/fi\/signup?lng=\">Aloita<\/a>\r\n        \r\n    <\/div>\r\n\r\n    <figure>\r\n    <img decoding=\"async\" width=\"768\" height=\"768\" src=\"https:\/\/talkpal.ai\/wp-content\/uploads\/2023\/06\/welsh-768x768.png\" class=\"languageImage no-lazy\" alt=\"Default alt text\" fetchpriority=\"high\" sizes=\"(max-width: 768px) 150px, 768px\" srcset=\"https:\/\/talkpal.ai\/wp-content\/uploads\/2023\/06\/welsh-768x768.png 768w, https:\/\/talkpal.ai\/wp-content\/uploads\/2023\/06\/welsh-300x300.png 300w\" \/>\r\n    \r\n\r\n    <\/figure>\r\n\r\n            <a class=\"getStartedVisible\" href=\"https:\/\/app.talkpal.ai\/fi\/signup?lng=\">Aloita<\/a>\r\n    \r\n<\/section><section class=\"promotionalBanner\">\r\n    <p class=\"promotionalText\">Tehokkain tapa oppia kielt\u00e4<\/p>\r\n    <a class=\"promotionalLink\" href=\"https:\/\/app.talkpal.ai\/fi\/signup?lng=\">Kokeile Talkpal ilmaiseksi<\/a>\r\n<\/section>\n<div class=\"wp-block-group pageContainerStyle\"><div class=\"wp-block-group__inner-container is-layout-constrained wp-block-group-is-layout-constrained\">\n<h2 class=\"wp-block-heading\" id=\"h-navigating-the-intricacies-of-lao-grammar\">Navigointi Laosin kieliopin koukeroiden keskell\u00e4<\/h2>\n\n\n\n<p><a href=\"https:\/\/talkpal.ai\/fi\/opi-lao\/\">Lao,<\/a> tai-kadai-kieli, jolla on rikas historia ja kulttuurinen merkitys, tarjoaa j\u00e4nnitt\u00e4v\u00e4n kielellisen kokemuksen niille, jotka haluavat tutustua sen ainutlaatuiseen kielioppij\u00e4rjestelm\u00e4\u00e4n. Kun uskaltaudut Laon valtakuntaan, et vain rikasta kielellist\u00e4 repertuaariasi, vaan my\u00f6s omaksut kiehtovan kulttuurimatkan. Vaikka laosin kielioppi saattaa aluksi tuntua vieraalta, sen jakaminen ydinkomponentteihin tekee kielen oppimisesta helpommin l\u00e4hestytt\u00e4v\u00e4\u00e4. T\u00e4ss\u00e4 artikkelissa tutkimme Laosin kieliopin kiehtovaa maailmaa ja annamme vinkkej\u00e4 sen monimutkaisuuden hallitsemiseen.<\/p>\n\n\n\n<h3 class=\"wp-block-heading\" id=\"h-1-lao-alphabet-and-phonetics\">1. Laosin aakkoset ja fonetiikka<\/h3>\n\n\n\n<p>Laosin kirjoitus k\u00e4ytt\u00e4\u00e4 27 konsonanttikirjainta, lukuisia vokaalimerkkej\u00e4 ja nelj\u00e4\u00e4 s\u00e4velmerkki\u00e4. <a href=\"https:\/\/talkpal.ai\/learn-lao\/\">Laos<\/a> on tonaalinen, ja siin\u00e4 on viisi s\u00e4velt\u00e4 Vientianen tavanomaisessa murteessa. Laosin kieliopin oppimiseksi on t\u00e4rke\u00e4\u00e4 tutustua t\u00e4h\u00e4n erottuvaan kirjoitusj\u00e4rjestelm\u00e4\u00e4n harjoittelemalla lukemista ja kirjoittamista laoksi.<\/p>\n\n\n\n<h3 class=\"wp-block-heading\" id=\"h-2-tone-system-a-defining-lao-feature\">2. \u00c4\u00e4nij\u00e4rjestelm\u00e4: Laosin m\u00e4\u00e4rittelev\u00e4 ominaisuus<\/h3>\n\n\n\n<p>Yksi Laosin kieliopin silmiinpist\u00e4vimmist\u00e4 piirteist\u00e4 on sen s\u00e4vyj\u00e4rjestelm\u00e4. Konsonantit on ryhmitelty korkeisiin, keski- ja mataliin luokkiin, jotka ovat vuorovaikutuksessa s\u00e4velmerkkien, vokaalien pituuden ja tavutyypin kanssa s\u00e4vyn m\u00e4\u00e4ritt\u00e4miseksi. Sen ymm\u00e4rt\u00e4minen, miten konsonanttiliokat ja s\u00e4velmerkit muokkaavat \u00e4\u00e4nt\u00e4mist\u00e4, on elint\u00e4rke\u00e4\u00e4 tarkan viestinn\u00e4n kannalta laossa.<\/p>\n\n\n\n<h3 class=\"wp-block-heading\" id=\"h-3-nouns-and-pronouns-classifiers-and-politeness\">3. Substantiivit ja pronominit: luokittelijat ja kohteliaisuus<\/h3>\n\n\n\n<p>Laosin substantiiveilla ei ole kieliopillista sukupuolta <a href=\"https:\/\/talkpal.ai\/learn-thai\/\">tai<\/a> sijamuotoa, ja monikko ilmaistaan yleens\u00e4 sanoilla, kuten &#8221;monta&#8221; tai luokitteluilla taivutuksen sijaan. Laosin pronominit sis\u00e4lt\u00e4v\u00e4t henkil\u00f6kohtaisia, omistus-, refleksiivisi\u00e4, demonstratiivisia ja kysyvi\u00e4 muotoja, ja monet valinnat muovautuvat i\u00e4n, aseman ja kohteliaisuuden mukaan. N\u00e4ihin pronomineihin, luokittelijoihin ja omistusmerkkiin &#8221;khong&#8221; tutustuminen parantaa merkitt\u00e4v\u00e4sti k\u00e4sityst\u00e4si Laosin kieliopista.<\/p>\n\n\n\n<h3 class=\"wp-block-heading\" id=\"h-4-verbs-structure-and-conjugation\">4. Verbit: rakenne ja taivutus<\/h3>\n\n\n\n<p>Laosin verbit eiv\u00e4t taivuta aikamuotoa, tunnelmaa tai persoonaa. Aika ja aspekti ilmaistaan hiukkasilla, kuten &#8221;kamlang&#8221; progressiiviselle, &#8221;laew&#8221; suoritetulle toiminnalle ja &#8221;si&#8221; tulevaisuudelle. Ehdolliset ja imperatiiviset merkitykset muodostuvat hiukkasista ja kontekstista. Kun opit kuinka <a href=\"https:\/\/talkpal.ai\/learn-lao\/\">lao<\/a> k\u00e4ytt\u00e4\u00e4 partikkeleita, sarjaverbej\u00e4 ja kopuloja, kuten &#8221;kyn\u00e4&#8221; identiteetille ja &#8221;yu&#8221; sijainnille, parannat kyky\u00e4si kommunikoida tehokkaasti laoksi.<\/p>\n\n\n\n<h3 class=\"wp-block-heading\" id=\"h-5-adjectives-agreement-and-placement\">5. Adjektiivit: sopimus ja sijoitus<\/h3>\n\n\n\n<p>Laosin kieliopissa adjektiivit seuraavat tyypillisesti muokkaamaansa substantiivia, eiv\u00e4tk\u00e4 ne ole samaa sukupuolta tai numeroa. Vertailevat ja superlatiivit rakentuvat hiukkasista, kuten &#8221;kwaa&#8221; tarkoittaa &#8221;enemm\u00e4n kuin&#8221; ja &#8221;thi sut&#8221; &#8221;eniten&#8221;, jotka ovat v\u00e4ltt\u00e4m\u00e4tt\u00f6mi\u00e4 luonnollisemman kommunikoinnin oppimiseksi.<\/p>\n\n\n\n<p><strong>Esimerkkej\u00e4:<\/strong><\/p>\n\n\n\n<p><strong>\u2013 Khw\u0101m Hak Nyai (Suuri rakkaus)<\/strong><\/p>\n\n\n\n<p><strong>\u2013 dek n\u00f2i (pienet lapset)<\/strong><\/p>\n\n\n\n<h3 class=\"wp-block-heading\" id=\"h-6-engaging-with-the-language\">6. Sitoutuminen kieleen<\/h3>\n\n\n\n<p>Tehokkain tapa ymm\u00e4rt\u00e4\u00e4 ja sis\u00e4ist\u00e4\u00e4 Laosin kielioppi on olla johdonmukaisesti tekemisiss\u00e4 kielen kanssa. Lukemalla laolaista kirjallisuutta, katsomalla laosilaisia elokuvia tai televisiosarjoja ja kommunikoimalla aktiivisesti \u00e4idinkielen\u00e4\u00e4n puhuvien kanssa vahvistat ymm\u00e4rryst\u00e4si kieliopista ja laajennat sanavarastoasi.<\/p>\n\n\n\n<h3 class=\"wp-block-heading\" id=\"h-conclusion\">P\u00e4\u00e4telm\u00e4<\/h3>\n\n\n\n<p>Vaikka Laosin kielioppi saattaa tuntua monimutkaiselta, voit oppia hallitsemaan t\u00e4t\u00e4 kaunista kielt\u00e4 omistautumalla, harjoittelemalla ja innostuneesti. Keskittym\u00e4ll\u00e4 peruss\u00e4\u00e4nt\u00f6ihin ja osallistumalla kieleen eri yhteyksiss\u00e4 parannat nopeasti laosin <a href=\"https:\/\/talkpal.ai\/fi\/kielioppi\/\">kielioppitaitojasi<\/a>. Sok dii (onnea) laosin kielimatkallesi ja nauti Laosin kieliopin arvoituksellisen mutta kiehtovan maailman selvitt\u00e4misest\u00e4!<\/p>\n<\/div><\/div>\n\r\n<section class=\"learnNavigationSection\">\r\n            \r\n        <a href=\"https:\/\/talkpal.ai\/fi\/opi-lao\/\">\r\n            <div class=\"learnNavigationWrapper\">\r\n                <div class=\"learnNavigationContent\">\r\n                    <img decoding=\"async\" src=\"https:\/\/talkpal.ai\/wp-content\/uploads\/2025\/11\/Lao-1.png\" alt=\"Laotian Flag\">\r\n                    <div>\r\n                        <h4>Tietoja Lao Learningista<\/h4>\r\n                        <p>Ota selv\u00e4\u00e4 Laosin kieliopista.<\/p>\r\n                    <\/div>\r\n                <\/div>\r\n            <\/div>\r\n        <\/a>\r\n\r\n        \r\n        <a href=\"https:\/\/talkpal.ai\/fi\/laosin-kielioppiharjoitukset\/\">\r\n            <div class=\"learnNavigationWrapper\">\r\n                <div class=\"learnNavigationContent\">\r\n                    <img decoding=\"async\" src=\"https:\/\/talkpal.ai\/wp-content\/uploads\/2025\/11\/Lao-1.png\" alt=\"Laotian Flag\">\r\n                    <div>\r\n                        <h4>Laosin kielioppiharjoitus<\/h4>\r\n                        <p>Harjoittele Laosin kielioppia.<\/p>\r\n                    <\/div>\r\n                <\/div>\r\n            <\/div>\r\n        <\/a>\r\n\r\n            <\/section>","protected":false},"excerpt":{"rendered":"<p>Navigointi Laosin kieliopin koukeroiden keskell\u00e4 Lao, tai-kadai-kieli, jolla on rikas historia ja kulttuurinen merkitys, tarjoaa j\u00e4nnitt\u00e4v\u00e4n kielellisen kokemuksen niille, jotka haluavat tutustua sen ainutlaatuiseen kielioppij\u00e4rjestelm\u00e4\u00e4n. Kun uskaltaudut Laon valtakuntaan, et vain rikasta kielellist\u00e4 repertuaariasi, vaan my\u00f6s omaksut kiehtovan kulttuurimatkan. Vaikka laosin kielioppi saattaa aluksi tuntua vieraalta, sen jakaminen ydinkomponentteihin tekee kielen oppimisesta helpommin l\u00e4hestytt\u00e4v\u00e4\u00e4. T\u00e4ss\u00e4 [&hellip;]<\/p>\n","protected":false},"author":20,"featured_media":0,"parent":0,"menu_order":0,"comment_status":"closed","ping_status":"closed","template":"LearningContentPage.php","meta":{"_acf_changed":false,"footnotes":""},"class_list":["post-1465352","page","type-page","status-publish","hentry"],"acf":[],"yoast_head":"<!-- This site is optimized with the Yoast SEO Premium plugin v27.2 (Yoast SEO v27.2) - https:\/\/yoast.com\/product\/yoast-seo-premium-wordpress\/ -->\n<title>Laosin kielioppi - Talkpal<\/title>\n<meta name=\"description\" content=\"Opettele laosin kieliopin perusteet, mukaan lukien \u00e4\u00e4nnej\u00e4rjestelm\u00e4 ja lauserakenne, jotta voit parantaa kielitaitoasi Talkpalin avulla.\" \/>\n<meta name=\"robots\" content=\"index, follow, max-snippet:-1, max-image-preview:large, max-video-preview:-1\" \/>\n<link rel=\"canonical\" href=\"https:\/\/talkpal.ai\/fi\/laosin-kielioppi\/\" \/>\n<meta property=\"og:locale\" content=\"fi_FI\" \/>\n<meta property=\"og:type\" content=\"article\" \/>\n<meta property=\"og:title\" content=\"Laosin kielioppi\" \/>\n<meta property=\"og:description\" content=\"Navigointi Laosin kieliopin koukeroiden keskell\u00e4 Lao, tai-kadai-kieli, jolla on rikas historia ja kulttuurinen merkitys, tarjoaa j\u00e4nnitt\u00e4v\u00e4n kielellisen\" \/>\n<meta property=\"og:url\" content=\"https:\/\/talkpal.ai\/fi\/laosin-kielioppi\/\" \/>\n<meta property=\"og:site_name\" content=\"Talkpal\" \/>\n<meta property=\"article:publisher\" content=\"https:\/\/www.facebook.com\/profile.php?id=100090733639311\" \/>\n<meta property=\"article:modified_time\" content=\"2025-12-30T14:12:51+00:00\" \/>\n<meta property=\"og:image\" content=\"https:\/\/talkpal.ai\/wp-content\/uploads\/2025\/02\/Progress-tab-16_9.png\" \/>\n\t<meta property=\"og:image:width\" content=\"2880\" \/>\n\t<meta property=\"og:image:height\" content=\"1620\" \/>\n\t<meta property=\"og:image:type\" content=\"image\/png\" \/>\n<meta name=\"twitter:card\" content=\"summary_large_image\" \/>\n<meta name=\"twitter:site\" content=\"@talkpalai\" \/>\n<meta name=\"twitter:label1\" content=\"Arvioitu lukuaika\" \/>\n\t<meta name=\"twitter:data1\" content=\"2 minuuttia\" \/>\n<script type=\"application\/ld+json\" class=\"yoast-schema-graph\">{\"@context\":\"https:\/\/schema.org\",\"@graph\":[{\"@type\":\"WebPage\",\"@id\":\"https:\/\/talkpal.ai\/fi\/laosin-kielioppi\/\",\"url\":\"https:\/\/talkpal.ai\/fi\/laosin-kielioppi\/\",\"name\":\"Laosin kielioppi - Talkpal\",\"isPartOf\":{\"@id\":\"https:\/\/talkpal.ai\/fi\/#website\"},\"datePublished\":\"2025-11-12T12:14:52+00:00\",\"dateModified\":\"2025-12-30T14:12:51+00:00\",\"description\":\"Opettele laosin kieliopin perusteet, mukaan lukien \u00e4\u00e4nnej\u00e4rjestelm\u00e4 ja lauserakenne, jotta voit parantaa kielitaitoasi Talkpalin avulla.\",\"breadcrumb\":{\"@id\":\"https:\/\/talkpal.ai\/fi\/laosin-kielioppi\/#breadcrumb\"},\"inLanguage\":\"fi\",\"potentialAction\":[{\"@type\":\"ReadAction\",\"target\":[\"https:\/\/talkpal.ai\/fi\/laosin-kielioppi\/\"]}]},{\"@type\":\"BreadcrumbList\",\"@id\":\"https:\/\/talkpal.ai\/fi\/laosin-kielioppi\/#breadcrumb\",\"itemListElement\":[{\"@type\":\"ListItem\",\"position\":1,\"name\":\"Homepage\",\"item\":\"https:\/\/talkpal.ai\/fi\/\"},{\"@type\":\"ListItem\",\"position\":2,\"name\":\"Laosin kielioppi\"}]},{\"@type\":\"WebSite\",\"@id\":\"https:\/\/talkpal.ai\/fi\/#website\",\"url\":\"https:\/\/talkpal.ai\/fi\/\",\"name\":\"Talkpal\",\"description\":\"AI Language Learning\",\"publisher\":{\"@id\":\"https:\/\/talkpal.ai\/fi\/#organization\"},\"alternateName\":\"Talkpal AI\",\"potentialAction\":[{\"@type\":\"SearchAction\",\"target\":{\"@type\":\"EntryPoint\",\"urlTemplate\":\"https:\/\/talkpal.ai\/fi\/?s={search_term_string}\"},\"query-input\":{\"@type\":\"PropertyValueSpecification\",\"valueRequired\":true,\"valueName\":\"search_term_string\"}}],\"inLanguage\":\"fi\"},{\"@type\":\"Organization\",\"@id\":\"https:\/\/talkpal.ai\/fi\/#organization\",\"name\":\"Talkpal, Inc.\",\"alternateName\":\"Talkpal AI\",\"url\":\"https:\/\/talkpal.ai\/fi\/\",\"logo\":{\"@type\":\"ImageObject\",\"inLanguage\":\"fi\",\"@id\":\"https:\/\/talkpal.ai\/fi\/#\/schema\/logo\/image\/\",\"url\":\"https:\/\/talkpal.ai\/wp-content\/uploads\/2024\/03\/Talkpal-Logo-Icon.png\",\"contentUrl\":\"https:\/\/talkpal.ai\/wp-content\/uploads\/2024\/03\/Talkpal-Logo-Icon.png\",\"width\":2880,\"height\":2880,\"caption\":\"Talkpal, Inc.\"},\"image\":{\"@id\":\"https:\/\/talkpal.ai\/fi\/#\/schema\/logo\/image\/\"},\"sameAs\":[\"https:\/\/www.facebook.com\/profile.php?id=100090733639311\",\"https:\/\/x.com\/talkpalai\",\"https:\/\/www.linkedin.com\/company\/talkpal\/\",\"https:\/\/www.youtube.com\/@TalkPal\/\",\"https:\/\/www.tiktok.com\/@talkpal\",\"https:\/\/www.instagram.com\/talkpal_ai\/\",\"https:\/\/www.crunchbase.com\/organization\/talkpal-9cde\",\"https:\/\/www.g2.com\/products\/talkpal-for-business\/\",\"https:\/\/www.trustpilot.com\/review\/talkpal.ai\",\"https:\/\/www.capterra.com\/p\/10006800\/TalkPal\/\"],\"description\":\"Talkpal is a language learning web and mobile education app, powered by the latest AI technologies, that provides engaging experiences to its customers in many different languages to help them improve their language skills. Users can chat about unlimited amount of topics with the app and use other modes to practice their language learning.\",\"email\":\"support@talkpal.ai\",\"legalName\":\"Talkpal, Inc.\",\"foundingDate\":\"2023-04-03\",\"duns\":\"118989042\",\"numberOfEmployees\":{\"@type\":\"QuantitativeValue\",\"minValue\":\"11\",\"maxValue\":\"50\"},\"publishingPrinciples\":\"https:\/\/talkpal.ai\/publishing-principles\/\",\"actionableFeedbackPolicy\":\"https:\/\/talkpal.ai\/actionable-feedback-policy\/\",\"correctionsPolicy\":\"https:\/\/talkpal.ai\/corrections-policy\/\",\"ethicsPolicy\":\"https:\/\/talkpal.ai\/ethics-policy\/\",\"diversityPolicy\":\"https:\/\/talkpal.ai\/diversity-policy\/\",\"diversityStaffingReport\":\"https:\/\/talkpal.ai\/diversity-policy\/\"}]}<\/script>\n<!-- \/ Yoast SEO Premium plugin. -->","yoast_head_json":{"title":"Laosin kielioppi - Talkpal","description":"Opettele laosin kieliopin perusteet, mukaan lukien \u00e4\u00e4nnej\u00e4rjestelm\u00e4 ja lauserakenne, jotta voit parantaa kielitaitoasi Talkpalin avulla.","robots":{"index":"index","follow":"follow","max-snippet":"max-snippet:-1","max-image-preview":"max-image-preview:large","max-video-preview":"max-video-preview:-1"},"canonical":"https:\/\/talkpal.ai\/fi\/laosin-kielioppi\/","og_locale":"fi_FI","og_type":"article","og_title":"Laosin kielioppi","og_description":"Navigointi Laosin kieliopin koukeroiden keskell\u00e4 Lao, tai-kadai-kieli, jolla on rikas historia ja kulttuurinen merkitys, tarjoaa j\u00e4nnitt\u00e4v\u00e4n kielellisen","og_url":"https:\/\/talkpal.ai\/fi\/laosin-kielioppi\/","og_site_name":"Talkpal","article_publisher":"https:\/\/www.facebook.com\/profile.php?id=100090733639311","article_modified_time":"2025-12-30T14:12:51+00:00","og_image":[{"width":2880,"height":1620,"url":"https:\/\/talkpal.ai\/wp-content\/uploads\/2025\/02\/Progress-tab-16_9.png","type":"image\/png"}],"twitter_card":"summary_large_image","twitter_site":"@talkpalai","twitter_misc":{"Arvioitu lukuaika":"2 minuuttia"},"schema":{"@context":"https:\/\/schema.org","@graph":[{"@type":"WebPage","@id":"https:\/\/talkpal.ai\/fi\/laosin-kielioppi\/","url":"https:\/\/talkpal.ai\/fi\/laosin-kielioppi\/","name":"Laosin kielioppi - Talkpal","isPartOf":{"@id":"https:\/\/talkpal.ai\/fi\/#website"},"datePublished":"2025-11-12T12:14:52+00:00","dateModified":"2025-12-30T14:12:51+00:00","description":"Opettele laosin kieliopin perusteet, mukaan lukien \u00e4\u00e4nnej\u00e4rjestelm\u00e4 ja lauserakenne, jotta voit parantaa kielitaitoasi Talkpalin avulla.","breadcrumb":{"@id":"https:\/\/talkpal.ai\/fi\/laosin-kielioppi\/#breadcrumb"},"inLanguage":"fi","potentialAction":[{"@type":"ReadAction","target":["https:\/\/talkpal.ai\/fi\/laosin-kielioppi\/"]}]},{"@type":"BreadcrumbList","@id":"https:\/\/talkpal.ai\/fi\/laosin-kielioppi\/#breadcrumb","itemListElement":[{"@type":"ListItem","position":1,"name":"Homepage","item":"https:\/\/talkpal.ai\/fi\/"},{"@type":"ListItem","position":2,"name":"Laosin kielioppi"}]},{"@type":"WebSite","@id":"https:\/\/talkpal.ai\/fi\/#website","url":"https:\/\/talkpal.ai\/fi\/","name":"Talkpal","description":"AI Language Learning","publisher":{"@id":"https:\/\/talkpal.ai\/fi\/#organization"},"alternateName":"Talkpal AI","potentialAction":[{"@type":"SearchAction","target":{"@type":"EntryPoint","urlTemplate":"https:\/\/talkpal.ai\/fi\/?s={search_term_string}"},"query-input":{"@type":"PropertyValueSpecification","valueRequired":true,"valueName":"search_term_string"}}],"inLanguage":"fi"},{"@type":"Organization","@id":"https:\/\/talkpal.ai\/fi\/#organization","name":"Talkpal, Inc.","alternateName":"Talkpal AI","url":"https:\/\/talkpal.ai\/fi\/","logo":{"@type":"ImageObject","inLanguage":"fi","@id":"https:\/\/talkpal.ai\/fi\/#\/schema\/logo\/image\/","url":"https:\/\/talkpal.ai\/wp-content\/uploads\/2024\/03\/Talkpal-Logo-Icon.png","contentUrl":"https:\/\/talkpal.ai\/wp-content\/uploads\/2024\/03\/Talkpal-Logo-Icon.png","width":2880,"height":2880,"caption":"Talkpal, Inc."},"image":{"@id":"https:\/\/talkpal.ai\/fi\/#\/schema\/logo\/image\/"},"sameAs":["https:\/\/www.facebook.com\/profile.php?id=100090733639311","https:\/\/x.com\/talkpalai","https:\/\/www.linkedin.com\/company\/talkpal\/","https:\/\/www.youtube.com\/@TalkPal\/","https:\/\/www.tiktok.com\/@talkpal","https:\/\/www.instagram.com\/talkpal_ai\/","https:\/\/www.crunchbase.com\/organization\/talkpal-9cde","https:\/\/www.g2.com\/products\/talkpal-for-business\/","https:\/\/www.trustpilot.com\/review\/talkpal.ai","https:\/\/www.capterra.com\/p\/10006800\/TalkPal\/"],"description":"Talkpal is a language learning web and mobile education app, powered by the latest AI technologies, that provides engaging experiences to its customers in many different languages to help them improve their language skills. Users can chat about unlimited amount of topics with the app and use other modes to practice their language learning.","email":"support@talkpal.ai","legalName":"Talkpal, Inc.","foundingDate":"2023-04-03","duns":"118989042","numberOfEmployees":{"@type":"QuantitativeValue","minValue":"11","maxValue":"50"},"publishingPrinciples":"https:\/\/talkpal.ai\/publishing-principles\/","actionableFeedbackPolicy":"https:\/\/talkpal.ai\/actionable-feedback-policy\/","correctionsPolicy":"https:\/\/talkpal.ai\/corrections-policy\/","ethicsPolicy":"https:\/\/talkpal.ai\/ethics-policy\/","diversityPolicy":"https:\/\/talkpal.ai\/diversity-policy\/","diversityStaffingReport":"https:\/\/talkpal.ai\/diversity-policy\/"}]}},"_links":{"self":[{"href":"https:\/\/talkpal.ai\/fi\/wp-json\/wp\/v2\/pages\/1465352","targetHints":{"allow":["GET"]}}],"collection":[{"href":"https:\/\/talkpal.ai\/fi\/wp-json\/wp\/v2\/pages"}],"about":[{"href":"https:\/\/talkpal.ai\/fi\/wp-json\/wp\/v2\/types\/page"}],"author":[{"embeddable":true,"href":"https:\/\/talkpal.ai\/fi\/wp-json\/wp\/v2\/users\/20"}],"replies":[{"embeddable":true,"href":"https:\/\/talkpal.ai\/fi\/wp-json\/wp\/v2\/comments?post=1465352"}],"version-history":[{"count":0,"href":"https:\/\/talkpal.ai\/fi\/wp-json\/wp\/v2\/pages\/1465352\/revisions"}],"wp:attachment":[{"href":"https:\/\/talkpal.ai\/fi\/wp-json\/wp\/v2\/media?parent=1465352"}],"curies":[{"name":"wp","href":"https:\/\/api.w.org\/{rel}","templated":true}]}}