{"id":1465283,"date":"2025-11-12T11:25:16","date_gmt":"2025-11-12T11:25:16","guid":{"rendered":"https:\/\/talkpal.ai\/khmerien-kielioppi\/"},"modified":"2025-12-30T14:41:57","modified_gmt":"2025-12-30T14:41:57","slug":"khmerien-kielioppi","status":"publish","type":"page","link":"https:\/\/talkpal.ai\/fi\/khmerien-kielioppi\/","title":{"rendered":"Khmerien kielioppi"},"content":{"rendered":"\r\n\r\n\r\n<section class=\"languageChallengeSection\">\r\n    <div class=\"languageInfoWrapper\">\r\n        \r\n        <h1>Khmerien kielioppi<\/h1>\r\n        <p>Khmerien kielioppi saattaa aluksi tuntua haastavalta, mutta sen ainutlaatuiset ominaisuudet tekev\u00e4t kielen oppimisesta palkitsevan kokemuksen. Tutustumalla sen aakkosiin, mutaatioihin ja kielioppis\u00e4\u00e4nt\u00f6ihin saat k\u00e4sityksen rikkaasta kieliperinteest\u00e4. Aloita matkasi ja tutustu khmerin kauneuteen!<\/p>\r\n\r\n                            <a class=\"getStartedHidden\" href=\"https:\/\/app.talkpal.ai\/fi\/signup?lng=\">Aloita<\/a>\r\n        \r\n    <\/div>\r\n\r\n    <figure>\r\n    <img decoding=\"async\" width=\"768\" height=\"768\" src=\"https:\/\/talkpal.ai\/wp-content\/uploads\/2023\/06\/welsh-768x768.png\" class=\"languageImage no-lazy\" alt=\"Default alt text\" fetchpriority=\"high\" sizes=\"(max-width: 768px) 150px, 768px\" srcset=\"https:\/\/talkpal.ai\/wp-content\/uploads\/2023\/06\/welsh-768x768.png 768w, https:\/\/talkpal.ai\/wp-content\/uploads\/2023\/06\/welsh-300x300.png 300w\" \/>\r\n    \r\n\r\n    <\/figure>\r\n\r\n            <a class=\"getStartedVisible\" href=\"https:\/\/app.talkpal.ai\/fi\/signup?lng=\">Aloita<\/a>\r\n    \r\n<\/section><section class=\"promotionalBanner\">\r\n    <p class=\"promotionalText\">Tehokkain tapa oppia kielt\u00e4<\/p>\r\n    <a class=\"promotionalLink\" href=\"https:\/\/app.talkpal.ai\/fi\/signup?lng=\">Kokeile Talkpal ilmaiseksi<\/a>\r\n<\/section>\n<div class=\"wp-block-group pageContainerStyle\"><div class=\"wp-block-group__inner-container is-layout-constrained wp-block-group-is-layout-constrained\">\n<h2 class=\"wp-block-heading\" id=\"h-navigating-the-intricacies-of-khmer-grammar\">Khmerien kieliopin koukeroiden navigointi<\/h2>\n\n\n\n<p><a href=\"https:\/\/talkpal.ai\/fi\/opi-khmeria\/\">Khmer,<\/a> Kambod\u017ean kansalliskieli ja merkitt\u00e4v\u00e4 it\u00e4valtalainen kieli, jolla on syv\u00e4 kirjallinen perinne, tarjoaa j\u00e4nnitt\u00e4v\u00e4n kielellisen kokemuksen niille, jotka haluavat tutustua sen ainutlaatuiseen kielioppij\u00e4rjestelm\u00e4\u00e4n. Kun uskaltaudut khmerien valtakuntaan, et vain rikasta kielellist\u00e4 repertuaariasi, vaan my\u00f6s omaksut kiehtovan kulttuurimatkan. Vaikka khmerien kielioppi saattaa aluksi tuntua vieraalta, sen jakaminen ydinkomponentteihin tekee kielen oppimisesta helpommin l\u00e4hestytt\u00e4v\u00e4\u00e4. T\u00e4ss\u00e4 artikkelissa tutkimme khmerien kieliopin kiehtovaa maailmaa ja annamme vinkkej\u00e4 sen monimutkaisuuden hallitsemiseen.<\/p>\n\n\n\n<h3 class=\"wp-block-heading\" id=\"h-1-khmer-alphabet-and-phonetics\">1. Khmerin aakkoset ja fonetiikka<\/h3>\n\n\n\n<p>Khmerin kirjoitusj\u00e4rjestelm\u00e4 on abugida, joka koostuu 33 konsonantista, 23 riippuvaisesta vokaalista ja 12 itsen\u00e4isest\u00e4 vokaalista. Konsonantteja on kahta sarjaa, jotka vaikuttavat vokaalien laatuun, ja vokaalisymbolit muuttavat \u00e4\u00e4nt\u00e4mist\u00e4\u00e4n konsonanttisarjan mukaan. Khmerin kieliopin oppimiseksi on t\u00e4rke\u00e4\u00e4 tutustua t\u00e4h\u00e4n erottuvaan kirjoitusj\u00e4rjestelm\u00e4\u00e4n harjoittelemalla khmerin lukemista ja kirjoittamista.<\/p>\n\n\n\n<h3 class=\"wp-block-heading\" id=\"h-2-consonant-series-a-peculiar-khmer-feature\">2. Konsonanttisarja: Erikoinen khmer-ominaisuus<\/h3>\n\n\n\n<p>Yksi khmerin silmiinpist\u00e4vimmist\u00e4 piirteist\u00e4 on sen kaksi konsonanttisarjaa, joita usein kutsutaan rekistereiksi ja jotka vaikuttavat riippuvaisten vokaalien \u00e4\u00e4nt\u00e4miseen. A- ja O-sarjan konsonantit aiheuttavat saman vokaalisymbolin lukemisen eri tavalla. N\u00e4iden sarjojen toiminnan ymm\u00e4rt\u00e4minen yhdess\u00e4 yleisten diakriittisten merkkien kanssa on elint\u00e4rke\u00e4\u00e4 khmerin tarkan \u00e4\u00e4nt\u00e4misen ja kirjoittamisen kannalta.<\/p>\n\n\n\n<h3 class=\"wp-block-heading\" id=\"h-3-nouns-and-pronouns-gender-and-cases\">3. Substantiivit ja pronominit: sukupuoli ja tapaukset<\/h3>\n\n\n\n<p>Khmerien substantiiveilla ei ole kieliopillista sukupuolta, eiv\u00e4tk\u00e4 ne taivuta sijamuotoa. Monikko ilmaistaan usein kontekstilla, duplikaatiolla <a href=\"https:\/\/talkpal.ai\/learn-thai\/\">tai<\/a> sanoilla, kuten \u1785\u17d2\u179a\u17be\u1793. Khmerin pronominit sis\u00e4lt\u00e4v\u00e4t persoonallisia, omistus-, refleksiivisi\u00e4, demonstratiivisia ja kysyvi\u00e4 muotoja, ja ne vaihtelevat kohteliaisuuden ja sosiaalisen kontekstin mukaan. Tutustuminen n\u00e4ihin pronomineihin ja partikkeleihin, kuten \u179a\u1794\u179f\u17cb hallussapitoon, parantaa merkitt\u00e4v\u00e4sti ymm\u00e4rryst\u00e4si khmerien kieliopista.<\/p>\n\n\n\n<h3 class=\"wp-block-heading\" id=\"h-4-verbs-structure-and-conjugation\">4. Verbit: rakenne ja taivutus<\/h3>\n\n\n\n<p>Khmer-verbit eiv\u00e4t taivuta aikamuotoa, persoonaa tai numeroa. Sen sijaan aika ja aspekti ilmaistaan partikkeleilla ja adverbeill\u00e4, kuten \u1780\u17c6\u1796\u17bb\u1784 progressiiviselle, \u1794\u17b6\u1793 p\u00e4\u00e4ttyneelle menneisyydelle ja \u1793\u17b9\u1784 tulevaisuudelle. Mielialaa voidaan ilmaista sanoilla, kuten \u179f\u17bc\u1798 tai \u1785\u17bc\u179a kohteliaita k\u00e4skyj\u00e4 varten ja \u1780\u17bb\u17c6 kieltoja varten. N\u00e4iden partikkelien ja yleisten sarjaverbirakenteiden oppiminen parantaa kyky\u00e4si kommunikoida tehokkaasti khmerin kielell\u00e4.<\/p>\n\n\n\n<h3 class=\"wp-block-heading\" id=\"h-5-adjectives-agreement-and-placement\">5. Adjektiivit: sopimus ja sijoitus<\/h3>\n\n\n\n<p>Khmerin kieliopissa adjektiivit seuraavat tyypillisesti muokkaamaansa substantiivia, eiv\u00e4tk\u00e4 ne ole samaa mielt\u00e4 lukum\u00e4\u00e4r\u00e4st\u00e4 tai sukupuolesta. Vertailevat ja superlatiivit muodostetaan analyyttisesti, usein k\u00e4ytt\u00e4m\u00e4ll\u00e4 \u1787\u17b6\u1784 vertailuun ja \u1787\u17b6\u1784\u1782\u17c1 tai \u1794\u17c6\u1795\u17bb\u178f superlatiiveihin.<\/p>\n\n\n\n<p><strong>Esimerkkej\u00e4:<\/strong><\/p>\n\n\n\n<p><strong>\u2013 \u179f\u17c1\u1785\u1780\u17d2\u178f\u17b8\u179f\u17d2\u179a\u17a1\u17b6\u1789\u17cb \u1792\u17c6 (iso rakkaus)<\/strong><\/p>\n\n\n\n<p><strong>\u2013 \u1780\u17bc\u1793\u1780\u17d2\u1798\u17c1\u1784 \u178f\u17bc\u1785 (pienet lapset)<\/strong><\/p>\n\n\n\n<h3 class=\"wp-block-heading\" id=\"h-6-engaging-with-the-language\">6. Sitoutuminen kieleen<\/h3>\n\n\n\n<p>Tehokkain tapa ymm\u00e4rt\u00e4\u00e4 ja sis\u00e4ist\u00e4\u00e4 khmerien kielioppi on olla johdonmukaisesti tekemisiss\u00e4 kielen kanssa. Lukemalla khmer-kirjallisuutta, katsomalla khmer-elokuvia tai televisiosarjoja, kuuntelemalla khmer-musiikkia ja kommunikoimalla aktiivisesti \u00e4idinkielen\u00e4\u00e4n puhuvien kanssa vahvistat ymm\u00e4rryst\u00e4si kieliopista ja laajennat sanavarastoasi.<\/p>\n\n\n\n<h3 class=\"wp-block-heading\" id=\"h-conclusion\">P\u00e4\u00e4telm\u00e4<\/h3>\n\n\n\n<p>Vaikka <a href=\"https:\/\/talkpal.ai\/khmer-grammar\/\">khmerin kielioppi<\/a> saattaa tuntua monimutkaiselta, voit oppia t\u00e4m\u00e4n kauniin kielen omistautumalla, harjoittelemalla ja innolla. Keskittym\u00e4ll\u00e4 peruss\u00e4\u00e4nt\u00f6ihin ja osallistumalla kieleen eri yhteyksiss\u00e4 parannat nopeasti khmerien <a href=\"https:\/\/talkpal.ai\/fi\/kielioppi\/\">kielioppitaitojasi<\/a>. Somnang laor (onnea) khmerin kielimatkallesi ja nauti khmerien kieliopin arvoituksellisen mutta kiehtovan maailman selvitt\u00e4misest\u00e4!<\/p>\n<\/div><\/div>\n\r\n<section class=\"learnNavigationSection\">\r\n            \r\n        <a href=\"https:\/\/talkpal.ai\/fi\/opi-khmeria\/\">\r\n            <div class=\"learnNavigationWrapper\">\r\n                <div class=\"learnNavigationContent\">\r\n                    <img decoding=\"async\" src=\"https:\/\/talkpal.ai\/wp-content\/uploads\/2025\/11\/Khmer.png\" alt=\"Cambodian Flag\">\r\n                    <div>\r\n                        <h4>Tietoja Khmer Learningista<\/h4>\r\n                        <p>Ota selv\u00e4\u00e4 khmerien kieliopista.<\/p>\r\n                    <\/div>\r\n                <\/div>\r\n            <\/div>\r\n        <\/a>\r\n\r\n        \r\n        <a href=\"https:\/\/talkpal.ai\/fi\/khmerien-kielioppiharjoitukset\/\">\r\n            <div class=\"learnNavigationWrapper\">\r\n                <div class=\"learnNavigationContent\">\r\n                    <img decoding=\"async\" src=\"https:\/\/talkpal.ai\/wp-content\/uploads\/2025\/11\/Khmer.png\" alt=\"Cambodian Flag\">\r\n                    <div>\r\n                        <h4>Khmerien kielioppiharjoitus<\/h4>\r\n                        <p>Harjoittele khmerien kielioppia.<\/p>\r\n                    <\/div>\r\n                <\/div>\r\n            <\/div>\r\n        <\/a>\r\n\r\n            <\/section>","protected":false},"excerpt":{"rendered":"<p>Khmerien kieliopin koukeroiden navigointi Khmer, Kambod\u017ean kansalliskieli ja merkitt\u00e4v\u00e4 it\u00e4valtalainen kieli, jolla on syv\u00e4 kirjallinen perinne, tarjoaa j\u00e4nnitt\u00e4v\u00e4n kielellisen kokemuksen niille, jotka haluavat tutustua sen ainutlaatuiseen kielioppij\u00e4rjestelm\u00e4\u00e4n. Kun uskaltaudut khmerien valtakuntaan, et vain rikasta kielellist\u00e4 repertuaariasi, vaan my\u00f6s omaksut kiehtovan kulttuurimatkan. Vaikka khmerien kielioppi saattaa aluksi tuntua vieraalta, sen jakaminen ydinkomponentteihin tekee kielen oppimisesta helpommin [&hellip;]<\/p>\n","protected":false},"author":20,"featured_media":0,"parent":0,"menu_order":0,"comment_status":"closed","ping_status":"closed","template":"LearningContentPage.php","meta":{"_acf_changed":false,"footnotes":""},"class_list":["post-1465283","page","type-page","status-publish","hentry"],"acf":[],"yoast_head":"<!-- This site is optimized with the Yoast SEO Premium plugin v27.2 (Yoast SEO v27.2) - https:\/\/yoast.com\/product\/yoast-seo-premium-wordpress\/ -->\n<title>Khmerien kielioppi - Talkpal<\/title>\n<meta name=\"description\" content=\"Opettele khmerin kielioppi, mukaan lukien aakkoset, fonetiikka ja lauserakenne, kattavan kielenoppaamme avulla.\" \/>\n<meta name=\"robots\" content=\"index, follow, max-snippet:-1, max-image-preview:large, max-video-preview:-1\" \/>\n<link rel=\"canonical\" href=\"https:\/\/talkpal.ai\/fi\/khmerien-kielioppi\/\" \/>\n<meta property=\"og:locale\" content=\"fi_FI\" \/>\n<meta property=\"og:type\" content=\"article\" \/>\n<meta property=\"og:title\" content=\"Khmerien kielioppi\" \/>\n<meta property=\"og:description\" content=\"Khmerien kieliopin koukeroiden navigointi Khmer, Kambod\u017ean kansalliskieli ja merkitt\u00e4v\u00e4 it\u00e4valtalainen kieli, jolla on syv\u00e4 kirjallinen perinne, tarjoaa\" \/>\n<meta property=\"og:url\" content=\"https:\/\/talkpal.ai\/fi\/khmerien-kielioppi\/\" \/>\n<meta property=\"og:site_name\" content=\"Talkpal\" \/>\n<meta property=\"article:publisher\" content=\"https:\/\/www.facebook.com\/profile.php?id=100090733639311\" \/>\n<meta property=\"article:modified_time\" content=\"2025-12-30T14:41:57+00:00\" \/>\n<meta property=\"og:image\" content=\"https:\/\/talkpal.ai\/wp-content\/uploads\/2025\/02\/Progress-tab-16_9.png\" \/>\n\t<meta property=\"og:image:width\" content=\"2880\" \/>\n\t<meta property=\"og:image:height\" content=\"1620\" \/>\n\t<meta property=\"og:image:type\" content=\"image\/png\" \/>\n<meta name=\"twitter:card\" content=\"summary_large_image\" \/>\n<meta name=\"twitter:site\" content=\"@talkpalai\" \/>\n<meta name=\"twitter:label1\" content=\"Arvioitu lukuaika\" \/>\n\t<meta name=\"twitter:data1\" content=\"2 minuuttia\" \/>\n<script type=\"application\/ld+json\" class=\"yoast-schema-graph\">{\"@context\":\"https:\/\/schema.org\",\"@graph\":[{\"@type\":\"WebPage\",\"@id\":\"https:\/\/talkpal.ai\/fi\/khmerien-kielioppi\/\",\"url\":\"https:\/\/talkpal.ai\/fi\/khmerien-kielioppi\/\",\"name\":\"Khmerien kielioppi - Talkpal\",\"isPartOf\":{\"@id\":\"https:\/\/talkpal.ai\/fi\/#website\"},\"datePublished\":\"2025-11-12T11:25:16+00:00\",\"dateModified\":\"2025-12-30T14:41:57+00:00\",\"description\":\"Opettele khmerin kielioppi, mukaan lukien aakkoset, fonetiikka ja lauserakenne, kattavan kielenoppaamme avulla.\",\"breadcrumb\":{\"@id\":\"https:\/\/talkpal.ai\/fi\/khmerien-kielioppi\/#breadcrumb\"},\"inLanguage\":\"fi\",\"potentialAction\":[{\"@type\":\"ReadAction\",\"target\":[\"https:\/\/talkpal.ai\/fi\/khmerien-kielioppi\/\"]}]},{\"@type\":\"BreadcrumbList\",\"@id\":\"https:\/\/talkpal.ai\/fi\/khmerien-kielioppi\/#breadcrumb\",\"itemListElement\":[{\"@type\":\"ListItem\",\"position\":1,\"name\":\"Homepage\",\"item\":\"https:\/\/talkpal.ai\/fi\/\"},{\"@type\":\"ListItem\",\"position\":2,\"name\":\"Khmerien kielioppi\"}]},{\"@type\":\"WebSite\",\"@id\":\"https:\/\/talkpal.ai\/fi\/#website\",\"url\":\"https:\/\/talkpal.ai\/fi\/\",\"name\":\"Talkpal\",\"description\":\"AI Language Learning\",\"publisher\":{\"@id\":\"https:\/\/talkpal.ai\/fi\/#organization\"},\"alternateName\":\"Talkpal AI\",\"potentialAction\":[{\"@type\":\"SearchAction\",\"target\":{\"@type\":\"EntryPoint\",\"urlTemplate\":\"https:\/\/talkpal.ai\/fi\/?s={search_term_string}\"},\"query-input\":{\"@type\":\"PropertyValueSpecification\",\"valueRequired\":true,\"valueName\":\"search_term_string\"}}],\"inLanguage\":\"fi\"},{\"@type\":\"Organization\",\"@id\":\"https:\/\/talkpal.ai\/fi\/#organization\",\"name\":\"Talkpal, Inc.\",\"alternateName\":\"Talkpal AI\",\"url\":\"https:\/\/talkpal.ai\/fi\/\",\"logo\":{\"@type\":\"ImageObject\",\"inLanguage\":\"fi\",\"@id\":\"https:\/\/talkpal.ai\/fi\/#\/schema\/logo\/image\/\",\"url\":\"https:\/\/talkpal.ai\/wp-content\/uploads\/2024\/03\/Talkpal-Logo-Icon.png\",\"contentUrl\":\"https:\/\/talkpal.ai\/wp-content\/uploads\/2024\/03\/Talkpal-Logo-Icon.png\",\"width\":2880,\"height\":2880,\"caption\":\"Talkpal, Inc.\"},\"image\":{\"@id\":\"https:\/\/talkpal.ai\/fi\/#\/schema\/logo\/image\/\"},\"sameAs\":[\"https:\/\/www.facebook.com\/profile.php?id=100090733639311\",\"https:\/\/x.com\/talkpalai\",\"https:\/\/www.linkedin.com\/company\/talkpal\/\",\"https:\/\/www.youtube.com\/@TalkPal\/\",\"https:\/\/www.tiktok.com\/@talkpal\",\"https:\/\/www.instagram.com\/talkpal_ai\/\",\"https:\/\/www.crunchbase.com\/organization\/talkpal-9cde\",\"https:\/\/www.g2.com\/products\/talkpal-for-business\/\",\"https:\/\/www.trustpilot.com\/review\/talkpal.ai\",\"https:\/\/www.capterra.com\/p\/10006800\/TalkPal\/\"],\"description\":\"Talkpal is a language learning web and mobile education app, powered by the latest AI technologies, that provides engaging experiences to its customers in many different languages to help them improve their language skills. Users can chat about unlimited amount of topics with the app and use other modes to practice their language learning.\",\"email\":\"support@talkpal.ai\",\"legalName\":\"Talkpal, Inc.\",\"foundingDate\":\"2023-04-03\",\"duns\":\"118989042\",\"numberOfEmployees\":{\"@type\":\"QuantitativeValue\",\"minValue\":\"11\",\"maxValue\":\"50\"},\"publishingPrinciples\":\"https:\/\/talkpal.ai\/publishing-principles\/\",\"actionableFeedbackPolicy\":\"https:\/\/talkpal.ai\/actionable-feedback-policy\/\",\"correctionsPolicy\":\"https:\/\/talkpal.ai\/corrections-policy\/\",\"ethicsPolicy\":\"https:\/\/talkpal.ai\/ethics-policy\/\",\"diversityPolicy\":\"https:\/\/talkpal.ai\/diversity-policy\/\",\"diversityStaffingReport\":\"https:\/\/talkpal.ai\/diversity-policy\/\"}]}<\/script>\n<!-- \/ Yoast SEO Premium plugin. -->","yoast_head_json":{"title":"Khmerien kielioppi - Talkpal","description":"Opettele khmerin kielioppi, mukaan lukien aakkoset, fonetiikka ja lauserakenne, kattavan kielenoppaamme avulla.","robots":{"index":"index","follow":"follow","max-snippet":"max-snippet:-1","max-image-preview":"max-image-preview:large","max-video-preview":"max-video-preview:-1"},"canonical":"https:\/\/talkpal.ai\/fi\/khmerien-kielioppi\/","og_locale":"fi_FI","og_type":"article","og_title":"Khmerien kielioppi","og_description":"Khmerien kieliopin koukeroiden navigointi Khmer, Kambod\u017ean kansalliskieli ja merkitt\u00e4v\u00e4 it\u00e4valtalainen kieli, jolla on syv\u00e4 kirjallinen perinne, tarjoaa","og_url":"https:\/\/talkpal.ai\/fi\/khmerien-kielioppi\/","og_site_name":"Talkpal","article_publisher":"https:\/\/www.facebook.com\/profile.php?id=100090733639311","article_modified_time":"2025-12-30T14:41:57+00:00","og_image":[{"width":2880,"height":1620,"url":"https:\/\/talkpal.ai\/wp-content\/uploads\/2025\/02\/Progress-tab-16_9.png","type":"image\/png"}],"twitter_card":"summary_large_image","twitter_site":"@talkpalai","twitter_misc":{"Arvioitu lukuaika":"2 minuuttia"},"schema":{"@context":"https:\/\/schema.org","@graph":[{"@type":"WebPage","@id":"https:\/\/talkpal.ai\/fi\/khmerien-kielioppi\/","url":"https:\/\/talkpal.ai\/fi\/khmerien-kielioppi\/","name":"Khmerien kielioppi - Talkpal","isPartOf":{"@id":"https:\/\/talkpal.ai\/fi\/#website"},"datePublished":"2025-11-12T11:25:16+00:00","dateModified":"2025-12-30T14:41:57+00:00","description":"Opettele khmerin kielioppi, mukaan lukien aakkoset, fonetiikka ja lauserakenne, kattavan kielenoppaamme avulla.","breadcrumb":{"@id":"https:\/\/talkpal.ai\/fi\/khmerien-kielioppi\/#breadcrumb"},"inLanguage":"fi","potentialAction":[{"@type":"ReadAction","target":["https:\/\/talkpal.ai\/fi\/khmerien-kielioppi\/"]}]},{"@type":"BreadcrumbList","@id":"https:\/\/talkpal.ai\/fi\/khmerien-kielioppi\/#breadcrumb","itemListElement":[{"@type":"ListItem","position":1,"name":"Homepage","item":"https:\/\/talkpal.ai\/fi\/"},{"@type":"ListItem","position":2,"name":"Khmerien kielioppi"}]},{"@type":"WebSite","@id":"https:\/\/talkpal.ai\/fi\/#website","url":"https:\/\/talkpal.ai\/fi\/","name":"Talkpal","description":"AI Language Learning","publisher":{"@id":"https:\/\/talkpal.ai\/fi\/#organization"},"alternateName":"Talkpal AI","potentialAction":[{"@type":"SearchAction","target":{"@type":"EntryPoint","urlTemplate":"https:\/\/talkpal.ai\/fi\/?s={search_term_string}"},"query-input":{"@type":"PropertyValueSpecification","valueRequired":true,"valueName":"search_term_string"}}],"inLanguage":"fi"},{"@type":"Organization","@id":"https:\/\/talkpal.ai\/fi\/#organization","name":"Talkpal, Inc.","alternateName":"Talkpal AI","url":"https:\/\/talkpal.ai\/fi\/","logo":{"@type":"ImageObject","inLanguage":"fi","@id":"https:\/\/talkpal.ai\/fi\/#\/schema\/logo\/image\/","url":"https:\/\/talkpal.ai\/wp-content\/uploads\/2024\/03\/Talkpal-Logo-Icon.png","contentUrl":"https:\/\/talkpal.ai\/wp-content\/uploads\/2024\/03\/Talkpal-Logo-Icon.png","width":2880,"height":2880,"caption":"Talkpal, Inc."},"image":{"@id":"https:\/\/talkpal.ai\/fi\/#\/schema\/logo\/image\/"},"sameAs":["https:\/\/www.facebook.com\/profile.php?id=100090733639311","https:\/\/x.com\/talkpalai","https:\/\/www.linkedin.com\/company\/talkpal\/","https:\/\/www.youtube.com\/@TalkPal\/","https:\/\/www.tiktok.com\/@talkpal","https:\/\/www.instagram.com\/talkpal_ai\/","https:\/\/www.crunchbase.com\/organization\/talkpal-9cde","https:\/\/www.g2.com\/products\/talkpal-for-business\/","https:\/\/www.trustpilot.com\/review\/talkpal.ai","https:\/\/www.capterra.com\/p\/10006800\/TalkPal\/"],"description":"Talkpal is a language learning web and mobile education app, powered by the latest AI technologies, that provides engaging experiences to its customers in many different languages to help them improve their language skills. Users can chat about unlimited amount of topics with the app and use other modes to practice their language learning.","email":"support@talkpal.ai","legalName":"Talkpal, Inc.","foundingDate":"2023-04-03","duns":"118989042","numberOfEmployees":{"@type":"QuantitativeValue","minValue":"11","maxValue":"50"},"publishingPrinciples":"https:\/\/talkpal.ai\/publishing-principles\/","actionableFeedbackPolicy":"https:\/\/talkpal.ai\/actionable-feedback-policy\/","correctionsPolicy":"https:\/\/talkpal.ai\/corrections-policy\/","ethicsPolicy":"https:\/\/talkpal.ai\/ethics-policy\/","diversityPolicy":"https:\/\/talkpal.ai\/diversity-policy\/","diversityStaffingReport":"https:\/\/talkpal.ai\/diversity-policy\/"}]}},"_links":{"self":[{"href":"https:\/\/talkpal.ai\/fi\/wp-json\/wp\/v2\/pages\/1465283","targetHints":{"allow":["GET"]}}],"collection":[{"href":"https:\/\/talkpal.ai\/fi\/wp-json\/wp\/v2\/pages"}],"about":[{"href":"https:\/\/talkpal.ai\/fi\/wp-json\/wp\/v2\/types\/page"}],"author":[{"embeddable":true,"href":"https:\/\/talkpal.ai\/fi\/wp-json\/wp\/v2\/users\/20"}],"replies":[{"embeddable":true,"href":"https:\/\/talkpal.ai\/fi\/wp-json\/wp\/v2\/comments?post=1465283"}],"version-history":[{"count":0,"href":"https:\/\/talkpal.ai\/fi\/wp-json\/wp\/v2\/pages\/1465283\/revisions"}],"wp:attachment":[{"href":"https:\/\/talkpal.ai\/fi\/wp-json\/wp\/v2\/media?parent=1465283"}],"curies":[{"name":"wp","href":"https:\/\/api.w.org\/{rel}","templated":true}]}}