{"id":1465157,"date":"2025-11-12T17:24:56","date_gmt":"2025-11-12T17:24:56","guid":{"rendered":"https:\/\/talkpal.ai\/uzbekistanin-kielioppiharjoitukset\/"},"modified":"2025-12-30T13:32:14","modified_gmt":"2025-12-30T13:32:14","slug":"uzbekistanin-kielioppiharjoitukset","status":"publish","type":"page","link":"https:\/\/talkpal.ai\/fi\/uzbekistanin-kielioppiharjoitukset\/","title":{"rendered":"Uzbekistanin kielioppiharjoitukset"},"content":{"rendered":"\r\n\r\n\r\n<section class=\"languageChallengeSection\">\r\n    <div class=\"languageInfoWrapper\">\r\n        \r\n        <h1>Uzbekistanin kielioppiharjoitukset<\/h1>\r\n        <p>Oletko valmis sukeltamaan uzbekistanin kielioppiin? Muutamien perusasioiden harjoittelu auttaa sinua oppimaan t\u00e4m\u00e4n ainutlaatuisen ja kauniin kielen. Kokeile n\u00e4it\u00e4 harjoituksia itseluottamuksen lis\u00e4\u00e4miseksi ja pid\u00e4 hauskaa matkan varrella!<\/p>\r\n\r\n                            <a class=\"getStartedHidden\" href=\"https:\/\/app.talkpal.ai\/fi\/signup?lng=\">Aloita<\/a>\r\n        \r\n    <\/div>\r\n\r\n    <figure>\r\n    <img decoding=\"async\" width=\"768\" height=\"768\" src=\"https:\/\/talkpal.ai\/wp-content\/uploads\/2023\/06\/welsh-768x768.png\" class=\"languageImage no-lazy\" alt=\"Default alt text\" fetchpriority=\"high\" sizes=\"(max-width: 768px) 150px, 768px\" srcset=\"https:\/\/talkpal.ai\/wp-content\/uploads\/2023\/06\/welsh-768x768.png 768w, https:\/\/talkpal.ai\/wp-content\/uploads\/2023\/06\/welsh-300x300.png 300w\" \/>\r\n    \r\n\r\n    <\/figure>\r\n\r\n            <a class=\"getStartedVisible\" href=\"https:\/\/app.talkpal.ai\/fi\/signup?lng=\">Aloita<\/a>\r\n    \r\n<\/section><section class=\"promotionalBanner\">\r\n    <p class=\"promotionalText\">Tehokkain tapa oppia kielt\u00e4<\/p>\r\n    <a class=\"promotionalLink\" href=\"https:\/\/app.talkpal.ai\/fi\/signup?lng=\">Kokeile Talkpal ilmaiseksi<\/a>\r\n<\/section>\n<div class=\"wp-block-group pageContainerStyle\"><div class=\"wp-block-group__inner-container is-layout-constrained wp-block-group-is-layout-constrained\">\n<h2 class=\"wp-block-heading\" id=\"h-uzbek-grammar-topics\">Uzbekistanin kielioppiaiheet<\/h2>\n\n\n\n<p><a href=\"https:\/\/talkpal.ai\/fi\/suurimmat-virheet-joita-kannattaa-valttaa-uuden-kielen-oppimisessa\/\">Uuden kielen oppiminen<\/a> voi olla haastavaa mutta palkitsevaa yrityst\u00e4. Uzbekista, <a href=\"https:\/\/talkpal.ai\/learn-turkish\/\">turkkilainen<\/a> kieli, jota puhutaan p\u00e4\u00e4asiassa Uzbekistanissa ja l\u00e4hialueilla, ei ole poikkeus. Agglutinatiivisten ominaisuuksiensa ja rakenteidensa ansiosta uzbekin <a href=\"https:\/\/talkpal.ai\/fi\/talkpal-for-education\/\">kielen oppiminen<\/a> vaatii systemaattista l\u00e4hestymistapaa sen kieliopin ymm\u00e4rt\u00e4miseen. T\u00e4ss\u00e4 oppaassa hahmotellaan <a href=\"https:\/\/talkpal.ai\/fi\/uzbekistanin-kielioppi\/\">uzbekistanin kieliopin<\/a> avainalueet <a href=\"https:\/\/talkpal.ai\/fi\/talkpal-for-education\/\">kieltenoppimisen<\/a> loogisessa j\u00e4rjestyksess\u00e4 alkaen perusasioista, kuten substantiiveista ja artikkeleista, ja etenem\u00e4ll\u00e4 monimutkaisempiin alueisiin, kuten aikamuotoihin ja lauseiden rakentamiseen.<\/p>\n\n\n\n<h3 class=\"wp-block-heading\" id=\"h-1-nouns\">1. Substantiivit:<\/h3>\n\n\n\n<p>Aloita uzbekistanin kielen matkasi oppimalla substantiivit. T\u00e4h\u00e4n sis\u00e4ltyy substantiivien eri kategorioiden ymm\u00e4rt\u00e4minen, kuten yleiset ja erisnimet sek\u00e4 niiden monikkomuodot. Opettele monikkop\u00e4\u00e4te -lar ja p\u00e4\u00e4tteet kuten -ni, -ga, -da, -dan ja -ning.<\/p>\n\n\n\n<h3 class=\"wp-block-heading\" id=\"h-2-articles\">2. Artiklat:<\/h3>\n\n\n\n<p>Uzbekistanilla ei ole artikkeleita. Lauseen rakentamisessa on ratkaisevan t\u00e4rke\u00e4\u00e4 ymm\u00e4rt\u00e4\u00e4, miten m\u00e4\u00e4r\u00e4isyytt\u00e4 ilmaistaan kontekstilla, sanaj\u00e4rjestyksell\u00e4 ja suoralla objektimerkill\u00e4 -ni.<\/p>\n\n\n\n<h3 class=\"wp-block-heading\" id=\"h-3-adjectives\">3. Adjektiivit:<\/h3>\n\n\n\n<p>Uzbekistanin adjektiivit edelt\u00e4v\u00e4t tyypillisesti substantiivejaan, toisin kuin englannissa joissakin tapauksissa. He eiv\u00e4t ole samaa mielt\u00e4 sukupuolesta <a href=\"https:\/\/talkpal.ai\/learn-thai\/\">tai<\/a> lukum\u00e4\u00e4r\u00e4st\u00e4. Opi muodostamaan komparatiivit ja superlatiivit -roqin ja engin avulla ja miten juudan kaltaiset tehostajat vaikuttavat merkitykseen.<\/p>\n\n\n\n<h3 class=\"wp-block-heading\" id=\"h-4-pronouns-determiners\">4. Pronominit\/m\u00e4\u00e4ritteet:<\/h3>\n\n\n\n<p>Pronominit ja m\u00e4\u00e4ritteet ovat v\u00e4ltt\u00e4m\u00e4tt\u00f6mi\u00e4 uzbekistainissa; Ne korvaavat substantiivit ja antavat tietoa m\u00e4\u00e4r\u00e4st\u00e4, hallussapidosta ja muusta. Opettele persoonapronominit, demonstratiivit, kuten bu, shu, u, possessiiviset p\u00e4\u00e4tteet kuten -im, -ing, -i, ja miten n\u00e4m\u00e4 yhdistyv\u00e4t sijap\u00e4\u00e4tteisiin oikean k\u00e4yt\u00f6n varmistamiseksi.<\/p>\n\n\n\n<h3 class=\"wp-block-heading\" id=\"h-5-verbs\">5. Verbit:<\/h3>\n\n\n\n<p>Uzbekistanin verbeill\u00e4 on erilaisia muotoja riippuen aikamuodosta, aspektista, mielialasta ja henkil\u00f6st\u00e4. Aloita nykyisest\u00e4 tavanomaisesta -adista ja nykyisyyden progressiivisesta -yaptista tai -moqdasta, tutki sitten yksinkertaista menneisyytt\u00e4 -di, tulosiivista -gania ja tulevaisuuden ilmaisuja, kuten -adi ja -moqchi.<\/p>\n\n\n\n<h3 class=\"wp-block-heading\" id=\"h-6-tenses\">6. Aikamuodot:<\/h3>\n\n\n\n<p>Kun olet oppinut verbimuodot, syvenny uzbekistanin aikamuotoihin ja n\u00e4k\u00f6kohtiin. T\u00e4h\u00e4n sis\u00e4ltyy nykyisen, nykyisen, progressiivisen, yksinkertaisen menneisyyden, tuloksellisen tai kokemuksellisen -ganin ja tulevaisuuden muotojen v\u00e4listen erojen ymm\u00e4rt\u00e4minen sek\u00e4 niiden k\u00e4yt\u00f6n eri yhteyksiss\u00e4 ja rekistereiss\u00e4.<\/p>\n\n\n\n<h3 class=\"wp-block-heading\" id=\"h-7-tense-comparison\">7. J\u00e4nnittynyt vertailu:<\/h3>\n\n\n\n<p>Uzbekistanin aikamuotojen vertailu auttaa ymm\u00e4rt\u00e4m\u00e4\u00e4n tapahtumien j\u00e4rjestyst\u00e4 ja n\u00e4k\u00f6kohtia. Saman verbin vertaaminen tavanomaisiin, progressiivisiin, menneisiin, tulostiivisiin ja tuleviin muotoihin antaa paremman ymm\u00e4rryksen uzbekistanin kielest\u00e4.<\/p>\n\n\n\n<h3 class=\"wp-block-heading\" id=\"h-8-progressive\">8. Progressiivinen:<\/h3>\n\n\n\n<p>Uzbekistanin progressiivista k\u00e4ytet\u00e4\u00e4n ilmaisemaan meneill\u00e4\u00e4n olevia toimia. Se muodostetaan verbivartaloon liitetyill\u00e4 merkeill\u00e4 -yap- tai -moqda tai analyyttisiss\u00e4 rakenteissa apuaineella, kuten yotmoqilla.<\/p>\n\n\n\n<h3 class=\"wp-block-heading\" id=\"h-9-perfect-progressive\">9. T\u00e4ydellinen progressiivinen:<\/h3>\n\n\n\n<p>T\u00e4t\u00e4 k\u00e4ytet\u00e4\u00e4n ilmaisemaan toimia, jotka ovat olleet k\u00e4ynniss\u00e4 tiettyyn pisteeseen <a href=\"https:\/\/talkpal.ai\/locations\/language-courses-in-asti\/\">asti<\/a>. Uzbekistanissa se v\u00e4litet\u00e4\u00e4n rakenteilla, kuten -ib kelmoq tai -ib turmoq, tai k\u00e4ytt\u00e4m\u00e4ll\u00e4 progressiivista muotoa edi:n kanssa menneen vertailupisteen asettamiseksi.<\/p>\n\n\n\n<h3 class=\"wp-block-heading\" id=\"h-10-conditionals\">10. Konditionaalit:<\/h3>\n\n\n\n<p>Konditionaalit ilmaisevat hypoteettisia tilanteita ja niiden mahdollisia tuloksia. Ne ovat t\u00e4rke\u00e4 osa uzbekin kielioppia ja lis\u00e4\u00e4v\u00e4t monimutkaisuutta kielitaitoosi. K\u00e4yt\u00e4 p\u00e4\u00e4tett\u00e4 -sa, usein agarin kanssa, ja muodosta kontrafaktuaalisia kuvioita, kuten -gan bo&#8217;lardi tai bo&#8217;lganida.<\/p>\n\n\n\n<h3 class=\"wp-block-heading\" id=\"h-11-adverbs\">11. Adverbit:<\/h3>\n\n\n\n<p>Uzbekistanin <a href=\"https:\/\/talkpal.ai\/fi\/grammar\/paikan-tsekin-kielioppi-adverbit\/\">adverbit<\/a> muokkaavat verbej\u00e4, adjektiiveja tai muita adverbej\u00e4. Ne tarjoavat tietoa tavasta, paikasta, ajasta, asteesta ja muusta. Monet <a href=\"https:\/\/talkpal.ai\/fi\/grammar\/paikan-tsekin-kielioppi-adverbit\/\">adverbit<\/a> ovat leksikaalisia, ja jotkut muodostetaan j\u00e4lkiliitteill\u00e4, kuten -cha tai -lab.<\/p>\n\n\n\n<h3 class=\"wp-block-heading\" id=\"h-12-prepositions\">12. Prepositiot:<\/h3>\n\n\n\n<p><a href=\"https:\/\/talkpal.ai\/fi\/grammar\/kohdan-kannadan-kieliopissa-prepositiot\/\">Prepositiot<\/a> yhdist\u00e4v\u00e4t sanat ja lauseet toisiinsa. Uzbekistanissa n\u00e4m\u00e4 suhteet ilmaistaan ensisijaisesti sijap\u00e4\u00e4tteill\u00e4 ja postpositioilla prepositioiden sijaan. Opettele sijamuotojen k\u00e4ytt\u00f6\u00e4, kuten -da, -dan, -ga ja yleisi\u00e4 postpositioita, kuten uchun, bilan, oldin, keyin, tomon ja kabi.<\/p>\n\n\n\n<h3 class=\"wp-block-heading\" id=\"h-13-sentences\">13. Lauseet:<\/h3>\n\n\n\n<p>Lopuksi harjoittele lauseiden rakentamista. T\u00e4m\u00e4 edellytt\u00e4\u00e4 kaikkien aiemmin opittujen kielioppikohtien k\u00e4ytt\u00e4mist\u00e4 kontekstissa, mik\u00e4 varmistaa uzbekistanin kielen kattavan ymm\u00e4rt\u00e4misen. Kiinnit\u00e4 huomiota tyypilliseen SOV-sanaj\u00e4rjestykseen, kysymyspartikkeliin mi ja negaatioon -ma:lla verbeille ja ema-sanalle nominaalipredikaateille.<\/p>\n<\/div><\/div>\n\r\n<section class=\"learnNavigationSection\">\r\n            \r\n        <a href=\"https:\/\/talkpal.ai\/fi\/opi-uzbekkia\/\">\r\n            <div class=\"learnNavigationWrapper\">\r\n                <div class=\"learnNavigationContent\">\r\n                    <img decoding=\"async\" src=\"https:\/\/talkpal.ai\/wp-content\/uploads\/2025\/11\/Uzbek.png\" alt=\"Uzbek Flag\">\r\n                    <div>\r\n                        <h4>Tietoja uzbekistanin oppimisesta<\/h4>\r\n                        <p>Ota selv\u00e4\u00e4 Uzbekistanin kieliopista.<\/p>\r\n                    <\/div>\r\n                <\/div>\r\n            <\/div>\r\n        <\/a>\r\n\r\n        \r\n        <a href=\"https:\/\/talkpal.ai\/fi\/uzbekistanin-kielioppi\/\">\r\n            <div class=\"learnNavigationWrapper\">\r\n                <div class=\"learnNavigationContent\">\r\n                    <img decoding=\"async\" src=\"https:\/\/talkpal.ai\/wp-content\/uploads\/2025\/11\/Uzbek.png\" alt=\"Uzbek Flag\">\r\n                    <div>\r\n                        <h4>Uzbekistanin kieliopin oppitunnit<\/h4>\r\n                        <p>Harjoittele uzbekistanin kielioppia.<\/p>\r\n                    <\/div>\r\n                <\/div>\r\n            <\/div>\r\n        <\/a>\r\n\r\n            <\/section>","protected":false},"excerpt":{"rendered":"<p>Uzbekistanin kielioppiaiheet Uuden kielen oppiminen voi olla haastavaa mutta palkitsevaa yrityst\u00e4. Uzbekista, turkkilainen kieli, jota puhutaan p\u00e4\u00e4asiassa Uzbekistanissa ja l\u00e4hialueilla, ei ole poikkeus. Agglutinatiivisten ominaisuuksiensa ja rakenteidensa ansiosta uzbekin kielen oppiminen vaatii systemaattista l\u00e4hestymistapaa sen kieliopin ymm\u00e4rt\u00e4miseen. T\u00e4ss\u00e4 oppaassa hahmotellaan uzbekistanin kieliopin avainalueet kieltenoppimisen loogisessa j\u00e4rjestyksess\u00e4 alkaen perusasioista, kuten substantiiveista ja artikkeleista, ja etenem\u00e4ll\u00e4 monimutkaisempiin [&hellip;]<\/p>\n","protected":false},"author":20,"featured_media":0,"parent":0,"menu_order":0,"comment_status":"closed","ping_status":"closed","template":"LearningContentPage.php","meta":{"_acf_changed":false,"footnotes":""},"class_list":["post-1465157","page","type-page","status-publish","hentry"],"acf":[],"yoast_head":"<!-- This site is optimized with the Yoast SEO Premium plugin v27.2 (Yoast SEO v27.2) - https:\/\/yoast.com\/product\/yoast-seo-premium-wordpress\/ -->\n<title>Uzbekistanin kielioppiharjoitukset - Talkpal<\/title>\n<meta name=\"description\" content=\"Opettele uzbekin kielioppi interaktiivisten harjoitusten avulla, jotka kattavat substantiivit, verbit ja aikamuodot, ja kehit\u00e4 kielitaitoasi.\" \/>\n<meta name=\"robots\" content=\"index, follow, max-snippet:-1, max-image-preview:large, max-video-preview:-1\" \/>\n<link rel=\"canonical\" href=\"https:\/\/talkpal.ai\/fi\/uzbekistanin-kielioppiharjoitukset\/\" \/>\n<meta property=\"og:locale\" content=\"fi_FI\" \/>\n<meta property=\"og:type\" content=\"article\" \/>\n<meta property=\"og:title\" content=\"Uzbekistanin kielioppiharjoitukset\" \/>\n<meta property=\"og:description\" content=\"Uzbekistanin kielioppiaiheet Uuden kielen oppiminen voi olla haastavaa mutta palkitsevaa yrityst\u00e4. Uzbekista, turkkilainen kieli, jota puhutaan p\u00e4\u00e4asiassa\" \/>\n<meta property=\"og:url\" content=\"https:\/\/talkpal.ai\/fi\/uzbekistanin-kielioppiharjoitukset\/\" \/>\n<meta property=\"og:site_name\" content=\"Talkpal\" \/>\n<meta property=\"article:publisher\" content=\"https:\/\/www.facebook.com\/profile.php?id=100090733639311\" \/>\n<meta property=\"article:modified_time\" content=\"2025-12-30T13:32:14+00:00\" \/>\n<meta property=\"og:image\" content=\"https:\/\/talkpal.ai\/wp-content\/uploads\/2025\/02\/Progress-tab-16_9.png\" \/>\n\t<meta property=\"og:image:width\" content=\"2880\" \/>\n\t<meta property=\"og:image:height\" content=\"1620\" \/>\n\t<meta property=\"og:image:type\" content=\"image\/png\" \/>\n<meta name=\"twitter:card\" content=\"summary_large_image\" \/>\n<meta name=\"twitter:site\" content=\"@talkpalai\" \/>\n<meta name=\"twitter:label1\" content=\"Arvioitu lukuaika\" \/>\n\t<meta name=\"twitter:data1\" content=\"3 minuuttia\" \/>\n<script type=\"application\/ld+json\" class=\"yoast-schema-graph\">{\"@context\":\"https:\/\/schema.org\",\"@graph\":[{\"@type\":\"WebPage\",\"@id\":\"https:\/\/talkpal.ai\/fi\/uzbekistanin-kielioppiharjoitukset\/\",\"url\":\"https:\/\/talkpal.ai\/fi\/uzbekistanin-kielioppiharjoitukset\/\",\"name\":\"Uzbekistanin kielioppiharjoitukset - Talkpal\",\"isPartOf\":{\"@id\":\"https:\/\/talkpal.ai\/fi\/#website\"},\"datePublished\":\"2025-11-12T17:24:56+00:00\",\"dateModified\":\"2025-12-30T13:32:14+00:00\",\"description\":\"Opettele uzbekin kielioppi interaktiivisten harjoitusten avulla, jotka kattavat substantiivit, verbit ja aikamuodot, ja kehit\u00e4 kielitaitoasi.\",\"breadcrumb\":{\"@id\":\"https:\/\/talkpal.ai\/fi\/uzbekistanin-kielioppiharjoitukset\/#breadcrumb\"},\"inLanguage\":\"fi\",\"potentialAction\":[{\"@type\":\"ReadAction\",\"target\":[\"https:\/\/talkpal.ai\/fi\/uzbekistanin-kielioppiharjoitukset\/\"]}]},{\"@type\":\"BreadcrumbList\",\"@id\":\"https:\/\/talkpal.ai\/fi\/uzbekistanin-kielioppiharjoitukset\/#breadcrumb\",\"itemListElement\":[{\"@type\":\"ListItem\",\"position\":1,\"name\":\"Homepage\",\"item\":\"https:\/\/talkpal.ai\/fi\/\"},{\"@type\":\"ListItem\",\"position\":2,\"name\":\"Uzbekistanin kielioppiharjoitukset\"}]},{\"@type\":\"WebSite\",\"@id\":\"https:\/\/talkpal.ai\/fi\/#website\",\"url\":\"https:\/\/talkpal.ai\/fi\/\",\"name\":\"Talkpal\",\"description\":\"AI Language Learning\",\"publisher\":{\"@id\":\"https:\/\/talkpal.ai\/fi\/#organization\"},\"alternateName\":\"Talkpal AI\",\"potentialAction\":[{\"@type\":\"SearchAction\",\"target\":{\"@type\":\"EntryPoint\",\"urlTemplate\":\"https:\/\/talkpal.ai\/fi\/?s={search_term_string}\"},\"query-input\":{\"@type\":\"PropertyValueSpecification\",\"valueRequired\":true,\"valueName\":\"search_term_string\"}}],\"inLanguage\":\"fi\"},{\"@type\":\"Organization\",\"@id\":\"https:\/\/talkpal.ai\/fi\/#organization\",\"name\":\"Talkpal, Inc.\",\"alternateName\":\"Talkpal AI\",\"url\":\"https:\/\/talkpal.ai\/fi\/\",\"logo\":{\"@type\":\"ImageObject\",\"inLanguage\":\"fi\",\"@id\":\"https:\/\/talkpal.ai\/fi\/#\/schema\/logo\/image\/\",\"url\":\"https:\/\/talkpal.ai\/wp-content\/uploads\/2024\/03\/Talkpal-Logo-Icon.png\",\"contentUrl\":\"https:\/\/talkpal.ai\/wp-content\/uploads\/2024\/03\/Talkpal-Logo-Icon.png\",\"width\":2880,\"height\":2880,\"caption\":\"Talkpal, Inc.\"},\"image\":{\"@id\":\"https:\/\/talkpal.ai\/fi\/#\/schema\/logo\/image\/\"},\"sameAs\":[\"https:\/\/www.facebook.com\/profile.php?id=100090733639311\",\"https:\/\/x.com\/talkpalai\",\"https:\/\/www.linkedin.com\/company\/talkpal\/\",\"https:\/\/www.youtube.com\/@TalkPal\/\",\"https:\/\/www.tiktok.com\/@talkpal\",\"https:\/\/www.instagram.com\/talkpal_ai\/\",\"https:\/\/www.crunchbase.com\/organization\/talkpal-9cde\",\"https:\/\/www.g2.com\/products\/talkpal-for-business\/\",\"https:\/\/www.trustpilot.com\/review\/talkpal.ai\",\"https:\/\/www.capterra.com\/p\/10006800\/TalkPal\/\"],\"description\":\"Talkpal is a language learning web and mobile education app, powered by the latest AI technologies, that provides engaging experiences to its customers in many different languages to help them improve their language skills. Users can chat about unlimited amount of topics with the app and use other modes to practice their language learning.\",\"email\":\"support@talkpal.ai\",\"legalName\":\"Talkpal, Inc.\",\"foundingDate\":\"2023-04-03\",\"duns\":\"118989042\",\"numberOfEmployees\":{\"@type\":\"QuantitativeValue\",\"minValue\":\"11\",\"maxValue\":\"50\"},\"publishingPrinciples\":\"https:\/\/talkpal.ai\/publishing-principles\/\",\"actionableFeedbackPolicy\":\"https:\/\/talkpal.ai\/actionable-feedback-policy\/\",\"correctionsPolicy\":\"https:\/\/talkpal.ai\/corrections-policy\/\",\"ethicsPolicy\":\"https:\/\/talkpal.ai\/ethics-policy\/\",\"diversityPolicy\":\"https:\/\/talkpal.ai\/diversity-policy\/\",\"diversityStaffingReport\":\"https:\/\/talkpal.ai\/diversity-policy\/\"}]}<\/script>\n<!-- \/ Yoast SEO Premium plugin. -->","yoast_head_json":{"title":"Uzbekistanin kielioppiharjoitukset - Talkpal","description":"Opettele uzbekin kielioppi interaktiivisten harjoitusten avulla, jotka kattavat substantiivit, verbit ja aikamuodot, ja kehit\u00e4 kielitaitoasi.","robots":{"index":"index","follow":"follow","max-snippet":"max-snippet:-1","max-image-preview":"max-image-preview:large","max-video-preview":"max-video-preview:-1"},"canonical":"https:\/\/talkpal.ai\/fi\/uzbekistanin-kielioppiharjoitukset\/","og_locale":"fi_FI","og_type":"article","og_title":"Uzbekistanin kielioppiharjoitukset","og_description":"Uzbekistanin kielioppiaiheet Uuden kielen oppiminen voi olla haastavaa mutta palkitsevaa yrityst\u00e4. Uzbekista, turkkilainen kieli, jota puhutaan p\u00e4\u00e4asiassa","og_url":"https:\/\/talkpal.ai\/fi\/uzbekistanin-kielioppiharjoitukset\/","og_site_name":"Talkpal","article_publisher":"https:\/\/www.facebook.com\/profile.php?id=100090733639311","article_modified_time":"2025-12-30T13:32:14+00:00","og_image":[{"width":2880,"height":1620,"url":"https:\/\/talkpal.ai\/wp-content\/uploads\/2025\/02\/Progress-tab-16_9.png","type":"image\/png"}],"twitter_card":"summary_large_image","twitter_site":"@talkpalai","twitter_misc":{"Arvioitu lukuaika":"3 minuuttia"},"schema":{"@context":"https:\/\/schema.org","@graph":[{"@type":"WebPage","@id":"https:\/\/talkpal.ai\/fi\/uzbekistanin-kielioppiharjoitukset\/","url":"https:\/\/talkpal.ai\/fi\/uzbekistanin-kielioppiharjoitukset\/","name":"Uzbekistanin kielioppiharjoitukset - Talkpal","isPartOf":{"@id":"https:\/\/talkpal.ai\/fi\/#website"},"datePublished":"2025-11-12T17:24:56+00:00","dateModified":"2025-12-30T13:32:14+00:00","description":"Opettele uzbekin kielioppi interaktiivisten harjoitusten avulla, jotka kattavat substantiivit, verbit ja aikamuodot, ja kehit\u00e4 kielitaitoasi.","breadcrumb":{"@id":"https:\/\/talkpal.ai\/fi\/uzbekistanin-kielioppiharjoitukset\/#breadcrumb"},"inLanguage":"fi","potentialAction":[{"@type":"ReadAction","target":["https:\/\/talkpal.ai\/fi\/uzbekistanin-kielioppiharjoitukset\/"]}]},{"@type":"BreadcrumbList","@id":"https:\/\/talkpal.ai\/fi\/uzbekistanin-kielioppiharjoitukset\/#breadcrumb","itemListElement":[{"@type":"ListItem","position":1,"name":"Homepage","item":"https:\/\/talkpal.ai\/fi\/"},{"@type":"ListItem","position":2,"name":"Uzbekistanin kielioppiharjoitukset"}]},{"@type":"WebSite","@id":"https:\/\/talkpal.ai\/fi\/#website","url":"https:\/\/talkpal.ai\/fi\/","name":"Talkpal","description":"AI Language Learning","publisher":{"@id":"https:\/\/talkpal.ai\/fi\/#organization"},"alternateName":"Talkpal AI","potentialAction":[{"@type":"SearchAction","target":{"@type":"EntryPoint","urlTemplate":"https:\/\/talkpal.ai\/fi\/?s={search_term_string}"},"query-input":{"@type":"PropertyValueSpecification","valueRequired":true,"valueName":"search_term_string"}}],"inLanguage":"fi"},{"@type":"Organization","@id":"https:\/\/talkpal.ai\/fi\/#organization","name":"Talkpal, Inc.","alternateName":"Talkpal AI","url":"https:\/\/talkpal.ai\/fi\/","logo":{"@type":"ImageObject","inLanguage":"fi","@id":"https:\/\/talkpal.ai\/fi\/#\/schema\/logo\/image\/","url":"https:\/\/talkpal.ai\/wp-content\/uploads\/2024\/03\/Talkpal-Logo-Icon.png","contentUrl":"https:\/\/talkpal.ai\/wp-content\/uploads\/2024\/03\/Talkpal-Logo-Icon.png","width":2880,"height":2880,"caption":"Talkpal, Inc."},"image":{"@id":"https:\/\/talkpal.ai\/fi\/#\/schema\/logo\/image\/"},"sameAs":["https:\/\/www.facebook.com\/profile.php?id=100090733639311","https:\/\/x.com\/talkpalai","https:\/\/www.linkedin.com\/company\/talkpal\/","https:\/\/www.youtube.com\/@TalkPal\/","https:\/\/www.tiktok.com\/@talkpal","https:\/\/www.instagram.com\/talkpal_ai\/","https:\/\/www.crunchbase.com\/organization\/talkpal-9cde","https:\/\/www.g2.com\/products\/talkpal-for-business\/","https:\/\/www.trustpilot.com\/review\/talkpal.ai","https:\/\/www.capterra.com\/p\/10006800\/TalkPal\/"],"description":"Talkpal is a language learning web and mobile education app, powered by the latest AI technologies, that provides engaging experiences to its customers in many different languages to help them improve their language skills. Users can chat about unlimited amount of topics with the app and use other modes to practice their language learning.","email":"support@talkpal.ai","legalName":"Talkpal, Inc.","foundingDate":"2023-04-03","duns":"118989042","numberOfEmployees":{"@type":"QuantitativeValue","minValue":"11","maxValue":"50"},"publishingPrinciples":"https:\/\/talkpal.ai\/publishing-principles\/","actionableFeedbackPolicy":"https:\/\/talkpal.ai\/actionable-feedback-policy\/","correctionsPolicy":"https:\/\/talkpal.ai\/corrections-policy\/","ethicsPolicy":"https:\/\/talkpal.ai\/ethics-policy\/","diversityPolicy":"https:\/\/talkpal.ai\/diversity-policy\/","diversityStaffingReport":"https:\/\/talkpal.ai\/diversity-policy\/"}]}},"_links":{"self":[{"href":"https:\/\/talkpal.ai\/fi\/wp-json\/wp\/v2\/pages\/1465157","targetHints":{"allow":["GET"]}}],"collection":[{"href":"https:\/\/talkpal.ai\/fi\/wp-json\/wp\/v2\/pages"}],"about":[{"href":"https:\/\/talkpal.ai\/fi\/wp-json\/wp\/v2\/types\/page"}],"author":[{"embeddable":true,"href":"https:\/\/talkpal.ai\/fi\/wp-json\/wp\/v2\/users\/20"}],"replies":[{"embeddable":true,"href":"https:\/\/talkpal.ai\/fi\/wp-json\/wp\/v2\/comments?post=1465157"}],"version-history":[{"count":0,"href":"https:\/\/talkpal.ai\/fi\/wp-json\/wp\/v2\/pages\/1465157\/revisions"}],"wp:attachment":[{"href":"https:\/\/talkpal.ai\/fi\/wp-json\/wp\/v2\/media?parent=1465157"}],"curies":[{"name":"wp","href":"https:\/\/api.w.org\/{rel}","templated":true}]}}