{"id":1465121,"date":"2025-11-12T17:23:13","date_gmt":"2025-11-12T17:23:13","guid":{"rendered":"https:\/\/talkpal.ai\/uzbekistanin-kielioppi\/"},"modified":"2025-12-30T13:34:12","modified_gmt":"2025-12-30T13:34:12","slug":"uzbekistanin-kielioppi","status":"publish","type":"page","link":"https:\/\/talkpal.ai\/fi\/uzbekistanin-kielioppi\/","title":{"rendered":"Uzbekistanin kielioppi"},"content":{"rendered":"\r\n\r\n\r\n<section class=\"languageChallengeSection\">\r\n    <div class=\"languageInfoWrapper\">\r\n        \r\n        <h1>Uzbekistanin kielioppi<\/h1>\r\n        <p><a href=\"https:\/\/talkpal.ai\/uzbek-grammar\/\">Uzbekistanin kielioppi<\/a> saattaa aluksi tuntua haastavalta, mutta sen ainutlaatuiset ominaisuudet tekev\u00e4t kielen oppimisesta palkitsevan kokemuksen. Tutustumalla sen aakkosiin, mutaatioihin ja kielioppis\u00e4\u00e4nt\u00f6ihin saat k\u00e4sityksen rikkaasta kieliperinteest\u00e4. Aloita matkasi ja tutustu uzbekistanin kauneuteen!<\/p>\r\n\r\n                            <a class=\"getStartedHidden\" href=\"https:\/\/app.talkpal.ai\/fi\/signup?lng=\">Aloita<\/a>\r\n        \r\n    <\/div>\r\n\r\n    <figure>\r\n    <img decoding=\"async\" width=\"768\" height=\"768\" src=\"https:\/\/talkpal.ai\/wp-content\/uploads\/2023\/06\/welsh-768x768.png\" class=\"languageImage no-lazy\" alt=\"Default alt text\" fetchpriority=\"high\" sizes=\"(max-width: 768px) 150px, 768px\" srcset=\"https:\/\/talkpal.ai\/wp-content\/uploads\/2023\/06\/welsh-768x768.png 768w, https:\/\/talkpal.ai\/wp-content\/uploads\/2023\/06\/welsh-300x300.png 300w\" \/>\r\n    \r\n\r\n    <\/figure>\r\n\r\n            <a class=\"getStartedVisible\" href=\"https:\/\/app.talkpal.ai\/fi\/signup?lng=\">Aloita<\/a>\r\n    \r\n<\/section><section class=\"promotionalBanner\">\r\n    <p class=\"promotionalText\">Tehokkain tapa oppia kielt\u00e4<\/p>\r\n    <a class=\"promotionalLink\" href=\"https:\/\/app.talkpal.ai\/fi\/signup?lng=\">Kokeile Talkpal ilmaiseksi<\/a>\r\n<\/section>\n<div class=\"wp-block-group pageContainerStyle\"><div class=\"wp-block-group__inner-container is-layout-constrained wp-block-group-is-layout-constrained\">\n<h2 class=\"wp-block-heading\" id=\"h-navigating-the-intricacies-of-uzbek-grammar\">Uzbekistanin kieliopin koukeroiden navigointi<\/h2>\n\n\n\n<p><a href=\"https:\/\/talkpal.ai\/fi\/opi-uzbekkia\/\">Uzbekki,<\/a> <a href=\"https:\/\/talkpal.ai\/learn-turkish\/\">turkkilainen<\/a> kieli, jolla on rikas historia ja kulttuurinen merkitys, tarjoaa j\u00e4nnitt\u00e4v\u00e4n kielellisen kokemuksen niille, jotka haluavat tutustua sen ainutlaatuiseen kielioppij\u00e4rjestelm\u00e4\u00e4n. Kun uskaltaudut uzbekistanin valtakuntaan, et vain rikasta kielellist\u00e4 repertuaariasi, vaan my\u00f6s omaksut kiehtovan kulttuurimatkan. Vaikka uzbekistanin kielioppi saattaa aluksi tuntua monimutkaiselta, sen jakaminen ydinkomponentteihin tekee kielen oppimisesta helpommin l\u00e4hestytt\u00e4v\u00e4\u00e4. T\u00e4ss\u00e4 artikkelissa tutkimme uzbekistanin kieliopin kiehtovaa maailmaa ja annamme vinkkej\u00e4 sen monimutkaisuuden hallitsemiseen.<\/p>\n\n\n\n<h3 class=\"wp-block-heading\" id=\"h-1-uzbek-alphabet-and-phonetics\">1. Uzbekistanin aakkoset ja fonetiikka<\/h3>\n\n\n\n<p>Uzbekistanin latinalaiset aakkoset koostuvat 29 kirjaimesta, mukaan lukien erottuvat kirjaimet, kuten O\u02bb, G\u02bb ja digrafit Sh, Ch ja Ng. Siin\u00e4 on my\u00f6s kirjaimia, kuten Q ja X, joiden \u00e4\u00e4nteet ovat tuntemattomia monille oppijoille. Uzbekin kieliopin oppimiseksi on t\u00e4rke\u00e4\u00e4 tutustua t\u00e4h\u00e4n kirjoitusj\u00e4rjestelm\u00e4\u00e4n harjoittelemalla lukemista ja kirjoittamista uzbekistaniksi.<\/p>\n\n\n\n<h3 class=\"wp-block-heading\" id=\"h-2-agglutination-a-peculiar-uzbek-feature\">2. Agglutinaatio: erikoinen uzbekistanilainen piirre<\/h3>\n\n\n\n<p>Yksi Uzbekistanin kieliopin silmiinpist\u00e4vimmist\u00e4 piirteist\u00e4 on agglutinaatio, jossa sanat rakennetaan lis\u00e4\u00e4m\u00e4ll\u00e4 j\u00e4lkiliiteketjuja. Monilla j\u00e4lkiliitteill\u00e4 on muunnelmia, jotka riippuvat ymp\u00e4r\u00f6ivist\u00e4 \u00e4\u00e4nteist\u00e4, kuten -ga\/-ka\/-qa ja -da\/-ta, ja puskurikonsonantit, kuten -y- ja -n- n\u00e4ytt\u00e4v\u00e4t helpottavan \u00e4\u00e4nt\u00e4mist\u00e4. Tarkan uzbekistankielisen viestinn\u00e4n ymm\u00e4rt\u00e4minen ja sen ymm\u00e4rt\u00e4minen, milloin ja miten n\u00e4m\u00e4 p\u00e4\u00e4tteet kiinnittyv\u00e4t.<\/p>\n\n\n\n<h3 class=\"wp-block-heading\" id=\"h-3-nouns-and-pronouns-gender-and-cases\">3. Substantiivit ja pronominit: sukupuoli ja tapaukset<\/h3>\n\n\n\n<p>Uzbekistanin substantiiveilla ei ole kieliopillista sukupuolta, ja monikko muodostetaan tyypillisesti -lar. Uzbekistanissa k\u00e4ytet\u00e4\u00e4n rikasta sijaj\u00e4rjestelm\u00e4\u00e4, joka on merkitty j\u00e4lkiliitteill\u00e4, mukaan lukien genetiivi -ning, datiivi -ga, akkusatiivi -ni, lokatiivi -da ja ablatiivi -dan, jossa komitatiivi ilmaistaan usein bilanilla. Pronomineja ovat persoonapronominit (men, sen, u, biz, siz, ular), p\u00e4\u00e4tteill\u00e4 ilmaistut omistusmuodot (-im, -ing, -i jne.) sek\u00e4 demonstratiiviset ja <a href=\"https:\/\/talkpal.ai\/fi\/grammar_exercises\/kysyvat-pronominit-harjoitukset-hindin-kielioppiin\/\">kysyv\u00e4t pronominit<\/a>, kuten bu, shu, o&#8217;sha, kim ja nima. N\u00e4ihin pronomineihin ja niiden muotoihin tutustuminen parantaa merkitt\u00e4v\u00e4sti k\u00e4sityst\u00e4si uzbekistanin kieliopista.<\/p>\n\n\n\n<h3 class=\"wp-block-heading\" id=\"h-4-verbs-structure-and-conjugation\">4. Verbit: rakenne ja taivutus<\/h3>\n\n\n\n<p>Uzbekistanin verbit taivuttavat aikamuodon, aspektin, mielialan ja kohteliaisuuden j\u00e4lkiliitteiden kautta, ja subjektipronominit j\u00e4tet\u00e4\u00e4n usein pois. Ydinaikamuotoja ja aspekteja ovat nykyisyys tavanomainen -adi, jatkuva preesenssi -yapti, menneisyys -di ja tulevaisuus <a href=\"https:\/\/talkpal.ai\/learn-thai\/\">tai<\/a> aikomus -moqchilla. Moodeja ovat konditionaaliset -sa ja imperatiiviset muodot, joissa negaatio muodostuu -ma:sta. Verbien taivutuksen ja yleisten apusanojen, kuten bo&#8217;lmoqin, hallitseminen parantaa kyky\u00e4si kommunikoida tehokkaasti uzbekiksi.<\/p>\n\n\n\n<h3 class=\"wp-block-heading\" id=\"h-5-adjectives-agreement-and-placement\">5. Adjektiivit: sopimus ja sijoitus<\/h3>\n\n\n\n<p>Uzbekistanin kieliopissa adjektiivit edelt\u00e4v\u00e4t tyypillisesti muokkaamaansa substantiivia, eiv\u00e4tk\u00e4 ne ole lukum\u00e4\u00e4r\u00e4lt\u00e4\u00e4n tai kirjainosaltaan samaa mielt\u00e4 substantiivin kanssa. Vertailevat ja superlatiivit muodostetaan yleisesti -roqin ja eng:n kanssa. N\u00e4iden mallien oppiminen on v\u00e4ltt\u00e4m\u00e4t\u00f6nt\u00e4 luonnollisemman kommunikaation kannalta.<\/p>\n\n\n\n<p><strong>Esimerkkej\u00e4:<\/strong><\/p>\n\n\n\n<p><strong>\u2013 Katta Muhabbat (Iso rakkaus)<\/strong><\/p>\n\n\n\n<p><strong>\u2013 Kichik Bozalar (pienet lapset)<\/strong><\/p>\n\n\n\n<h3 class=\"wp-block-heading\" id=\"h-6-engaging-with-the-language\">6. Sitoutuminen kieleen<\/h3>\n\n\n\n<p>Tehokkain tapa ymm\u00e4rt\u00e4\u00e4 ja sis\u00e4ist\u00e4\u00e4 uzbekistanin kielioppi on olla johdonmukaisesti tekemisiss\u00e4 kielen kanssa. Lukemalla uzbekistaninkielist\u00e4 kirjallisuutta, katsomalla uzbekistaninkielisi\u00e4 elokuvia tai televisiosarjoja ja kommunikoimalla aktiivisesti \u00e4idinkielen\u00e4\u00e4n puhuvien kanssa vahvistat ymm\u00e4rryst\u00e4si kieliopista ja laajennat sanavarastoasi.<\/p>\n\n\n\n<h3 class=\"wp-block-heading\" id=\"h-conclusion\">P\u00e4\u00e4telm\u00e4<\/h3>\n\n\n\n<p>Vaikka uzbekistanin kielioppi saattaa tuntua monimutkaiselta, voit oppia t\u00e4m\u00e4n kauniin kielen omistautumalla, harjoittelemalla ja innolla. Keskittym\u00e4ll\u00e4 peruss\u00e4\u00e4nt\u00f6ihin ja osallistumalla kieleen eri yhteyksiss\u00e4 parannat nopeasti uzbekistanin <a href=\"https:\/\/talkpal.ai\/fi\/kielioppi\/\">kielioppitaitojasi<\/a>. Omad (onnea) uzbekin kielen matkallesi ja nauti uzbekistanin kieliopin arvoituksellisen mutta kiehtovan maailman selvitt\u00e4misest\u00e4!<\/p>\n<\/div><\/div>\n\r\n<section class=\"learnNavigationSection\">\r\n            \r\n        <a href=\"https:\/\/talkpal.ai\/fi\/opi-uzbekkia\/\">\r\n            <div class=\"learnNavigationWrapper\">\r\n                <div class=\"learnNavigationContent\">\r\n                    <img decoding=\"async\" src=\"https:\/\/talkpal.ai\/wp-content\/uploads\/2025\/11\/Uzbek.png\" alt=\"Uzbek Flag\">\r\n                    <div>\r\n                        <h4>Tietoja uzbekistanin oppimisesta<\/h4>\r\n                        <p>Ota selv\u00e4\u00e4 Uzbekistanin kieliopista.<\/p>\r\n                    <\/div>\r\n                <\/div>\r\n            <\/div>\r\n        <\/a>\r\n\r\n        \r\n        <a href=\"https:\/\/talkpal.ai\/fi\/uzbekistanin-kielioppiharjoitukset\/\">\r\n            <div class=\"learnNavigationWrapper\">\r\n                <div class=\"learnNavigationContent\">\r\n                    <img decoding=\"async\" src=\"https:\/\/talkpal.ai\/wp-content\/uploads\/2025\/11\/Uzbek.png\" alt=\"Uzbek Flag\">\r\n                    <div>\r\n                        <h4>Uzbekistanin kielioppiharjoitus<\/h4>\r\n                        <p>Harjoittele uzbekistanin kielioppia.<\/p>\r\n                    <\/div>\r\n                <\/div>\r\n            <\/div>\r\n        <\/a>\r\n\r\n            <\/section>","protected":false},"excerpt":{"rendered":"<p>Uzbekistanin kieliopin koukeroiden navigointi Uzbekki, turkkilainen kieli, jolla on rikas historia ja kulttuurinen merkitys, tarjoaa j\u00e4nnitt\u00e4v\u00e4n kielellisen kokemuksen niille, jotka haluavat tutustua sen ainutlaatuiseen kielioppij\u00e4rjestelm\u00e4\u00e4n. Kun uskaltaudut uzbekistanin valtakuntaan, et vain rikasta kielellist\u00e4 repertuaariasi, vaan my\u00f6s omaksut kiehtovan kulttuurimatkan. Vaikka uzbekistanin kielioppi saattaa aluksi tuntua monimutkaiselta, sen jakaminen ydinkomponentteihin tekee kielen oppimisesta helpommin l\u00e4hestytt\u00e4v\u00e4\u00e4. T\u00e4ss\u00e4 [&hellip;]<\/p>\n","protected":false},"author":20,"featured_media":0,"parent":0,"menu_order":0,"comment_status":"closed","ping_status":"closed","template":"LearningContentPage.php","meta":{"_acf_changed":false,"footnotes":""},"class_list":["post-1465121","page","type-page","status-publish","hentry"],"acf":[],"yoast_head":"<!-- This site is optimized with the Yoast SEO Premium plugin v27.2 (Yoast SEO v27.2) - https:\/\/yoast.com\/product\/yoast-seo-premium-wordpress\/ -->\n<title>Uzbekistanin kielioppi - Talkpal<\/title>\n<meta name=\"description\" content=\"Opettele Uzbekistanin kieliopin perusasiat, kuten aakkoset, \u00e4\u00e4nt\u00e4minen ja verbien taivutus, kattavan oppaamme avulla.\" \/>\n<meta name=\"robots\" content=\"index, follow, max-snippet:-1, max-image-preview:large, max-video-preview:-1\" \/>\n<link rel=\"canonical\" href=\"https:\/\/talkpal.ai\/fi\/uzbekistanin-kielioppi\/\" \/>\n<meta property=\"og:locale\" content=\"fi_FI\" \/>\n<meta property=\"og:type\" content=\"article\" \/>\n<meta property=\"og:title\" content=\"Uzbekistanin kielioppi\" \/>\n<meta property=\"og:description\" content=\"Uzbekistanin kieliopin koukeroiden navigointi Uzbekki, turkkilainen kieli, jolla on rikas historia ja kulttuurinen merkitys, tarjoaa j\u00e4nnitt\u00e4v\u00e4n\" \/>\n<meta property=\"og:url\" content=\"https:\/\/talkpal.ai\/fi\/uzbekistanin-kielioppi\/\" \/>\n<meta property=\"og:site_name\" content=\"Talkpal\" \/>\n<meta property=\"article:publisher\" content=\"https:\/\/www.facebook.com\/profile.php?id=100090733639311\" \/>\n<meta property=\"article:modified_time\" content=\"2025-12-30T13:34:12+00:00\" \/>\n<meta property=\"og:image\" content=\"https:\/\/talkpal.ai\/wp-content\/uploads\/2025\/02\/Progress-tab-16_9.png\" \/>\n\t<meta property=\"og:image:width\" content=\"2880\" \/>\n\t<meta property=\"og:image:height\" content=\"1620\" \/>\n\t<meta property=\"og:image:type\" content=\"image\/png\" \/>\n<meta name=\"twitter:card\" content=\"summary_large_image\" \/>\n<meta name=\"twitter:site\" content=\"@talkpalai\" \/>\n<meta name=\"twitter:label1\" content=\"Arvioitu lukuaika\" \/>\n\t<meta name=\"twitter:data1\" content=\"3 minuuttia\" \/>\n<script type=\"application\/ld+json\" class=\"yoast-schema-graph\">{\"@context\":\"https:\/\/schema.org\",\"@graph\":[{\"@type\":\"WebPage\",\"@id\":\"https:\/\/talkpal.ai\/fi\/uzbekistanin-kielioppi\/\",\"url\":\"https:\/\/talkpal.ai\/fi\/uzbekistanin-kielioppi\/\",\"name\":\"Uzbekistanin kielioppi - Talkpal\",\"isPartOf\":{\"@id\":\"https:\/\/talkpal.ai\/fi\/#website\"},\"datePublished\":\"2025-11-12T17:23:13+00:00\",\"dateModified\":\"2025-12-30T13:34:12+00:00\",\"description\":\"Opettele Uzbekistanin kieliopin perusasiat, kuten aakkoset, \u00e4\u00e4nt\u00e4minen ja verbien taivutus, kattavan oppaamme avulla.\",\"breadcrumb\":{\"@id\":\"https:\/\/talkpal.ai\/fi\/uzbekistanin-kielioppi\/#breadcrumb\"},\"inLanguage\":\"fi\",\"potentialAction\":[{\"@type\":\"ReadAction\",\"target\":[\"https:\/\/talkpal.ai\/fi\/uzbekistanin-kielioppi\/\"]}]},{\"@type\":\"BreadcrumbList\",\"@id\":\"https:\/\/talkpal.ai\/fi\/uzbekistanin-kielioppi\/#breadcrumb\",\"itemListElement\":[{\"@type\":\"ListItem\",\"position\":1,\"name\":\"Homepage\",\"item\":\"https:\/\/talkpal.ai\/fi\/\"},{\"@type\":\"ListItem\",\"position\":2,\"name\":\"Uzbekistanin kielioppi\"}]},{\"@type\":\"WebSite\",\"@id\":\"https:\/\/talkpal.ai\/fi\/#website\",\"url\":\"https:\/\/talkpal.ai\/fi\/\",\"name\":\"Talkpal\",\"description\":\"AI Language Learning\",\"publisher\":{\"@id\":\"https:\/\/talkpal.ai\/fi\/#organization\"},\"alternateName\":\"Talkpal AI\",\"potentialAction\":[{\"@type\":\"SearchAction\",\"target\":{\"@type\":\"EntryPoint\",\"urlTemplate\":\"https:\/\/talkpal.ai\/fi\/?s={search_term_string}\"},\"query-input\":{\"@type\":\"PropertyValueSpecification\",\"valueRequired\":true,\"valueName\":\"search_term_string\"}}],\"inLanguage\":\"fi\"},{\"@type\":\"Organization\",\"@id\":\"https:\/\/talkpal.ai\/fi\/#organization\",\"name\":\"Talkpal, Inc.\",\"alternateName\":\"Talkpal AI\",\"url\":\"https:\/\/talkpal.ai\/fi\/\",\"logo\":{\"@type\":\"ImageObject\",\"inLanguage\":\"fi\",\"@id\":\"https:\/\/talkpal.ai\/fi\/#\/schema\/logo\/image\/\",\"url\":\"https:\/\/talkpal.ai\/wp-content\/uploads\/2024\/03\/Talkpal-Logo-Icon.png\",\"contentUrl\":\"https:\/\/talkpal.ai\/wp-content\/uploads\/2024\/03\/Talkpal-Logo-Icon.png\",\"width\":2880,\"height\":2880,\"caption\":\"Talkpal, Inc.\"},\"image\":{\"@id\":\"https:\/\/talkpal.ai\/fi\/#\/schema\/logo\/image\/\"},\"sameAs\":[\"https:\/\/www.facebook.com\/profile.php?id=100090733639311\",\"https:\/\/x.com\/talkpalai\",\"https:\/\/www.linkedin.com\/company\/talkpal\/\",\"https:\/\/www.youtube.com\/@TalkPal\/\",\"https:\/\/www.tiktok.com\/@talkpal\",\"https:\/\/www.instagram.com\/talkpal_ai\/\",\"https:\/\/www.crunchbase.com\/organization\/talkpal-9cde\",\"https:\/\/www.g2.com\/products\/talkpal-for-business\/\",\"https:\/\/www.trustpilot.com\/review\/talkpal.ai\",\"https:\/\/www.capterra.com\/p\/10006800\/TalkPal\/\"],\"description\":\"Talkpal is a language learning web and mobile education app, powered by the latest AI technologies, that provides engaging experiences to its customers in many different languages to help them improve their language skills. Users can chat about unlimited amount of topics with the app and use other modes to practice their language learning.\",\"email\":\"support@talkpal.ai\",\"legalName\":\"Talkpal, Inc.\",\"foundingDate\":\"2023-04-03\",\"duns\":\"118989042\",\"numberOfEmployees\":{\"@type\":\"QuantitativeValue\",\"minValue\":\"11\",\"maxValue\":\"50\"},\"publishingPrinciples\":\"https:\/\/talkpal.ai\/publishing-principles\/\",\"actionableFeedbackPolicy\":\"https:\/\/talkpal.ai\/actionable-feedback-policy\/\",\"correctionsPolicy\":\"https:\/\/talkpal.ai\/corrections-policy\/\",\"ethicsPolicy\":\"https:\/\/talkpal.ai\/ethics-policy\/\",\"diversityPolicy\":\"https:\/\/talkpal.ai\/diversity-policy\/\",\"diversityStaffingReport\":\"https:\/\/talkpal.ai\/diversity-policy\/\"}]}<\/script>\n<!-- \/ Yoast SEO Premium plugin. -->","yoast_head_json":{"title":"Uzbekistanin kielioppi - Talkpal","description":"Opettele Uzbekistanin kieliopin perusasiat, kuten aakkoset, \u00e4\u00e4nt\u00e4minen ja verbien taivutus, kattavan oppaamme avulla.","robots":{"index":"index","follow":"follow","max-snippet":"max-snippet:-1","max-image-preview":"max-image-preview:large","max-video-preview":"max-video-preview:-1"},"canonical":"https:\/\/talkpal.ai\/fi\/uzbekistanin-kielioppi\/","og_locale":"fi_FI","og_type":"article","og_title":"Uzbekistanin kielioppi","og_description":"Uzbekistanin kieliopin koukeroiden navigointi Uzbekki, turkkilainen kieli, jolla on rikas historia ja kulttuurinen merkitys, tarjoaa j\u00e4nnitt\u00e4v\u00e4n","og_url":"https:\/\/talkpal.ai\/fi\/uzbekistanin-kielioppi\/","og_site_name":"Talkpal","article_publisher":"https:\/\/www.facebook.com\/profile.php?id=100090733639311","article_modified_time":"2025-12-30T13:34:12+00:00","og_image":[{"width":2880,"height":1620,"url":"https:\/\/talkpal.ai\/wp-content\/uploads\/2025\/02\/Progress-tab-16_9.png","type":"image\/png"}],"twitter_card":"summary_large_image","twitter_site":"@talkpalai","twitter_misc":{"Arvioitu lukuaika":"3 minuuttia"},"schema":{"@context":"https:\/\/schema.org","@graph":[{"@type":"WebPage","@id":"https:\/\/talkpal.ai\/fi\/uzbekistanin-kielioppi\/","url":"https:\/\/talkpal.ai\/fi\/uzbekistanin-kielioppi\/","name":"Uzbekistanin kielioppi - Talkpal","isPartOf":{"@id":"https:\/\/talkpal.ai\/fi\/#website"},"datePublished":"2025-11-12T17:23:13+00:00","dateModified":"2025-12-30T13:34:12+00:00","description":"Opettele Uzbekistanin kieliopin perusasiat, kuten aakkoset, \u00e4\u00e4nt\u00e4minen ja verbien taivutus, kattavan oppaamme avulla.","breadcrumb":{"@id":"https:\/\/talkpal.ai\/fi\/uzbekistanin-kielioppi\/#breadcrumb"},"inLanguage":"fi","potentialAction":[{"@type":"ReadAction","target":["https:\/\/talkpal.ai\/fi\/uzbekistanin-kielioppi\/"]}]},{"@type":"BreadcrumbList","@id":"https:\/\/talkpal.ai\/fi\/uzbekistanin-kielioppi\/#breadcrumb","itemListElement":[{"@type":"ListItem","position":1,"name":"Homepage","item":"https:\/\/talkpal.ai\/fi\/"},{"@type":"ListItem","position":2,"name":"Uzbekistanin kielioppi"}]},{"@type":"WebSite","@id":"https:\/\/talkpal.ai\/fi\/#website","url":"https:\/\/talkpal.ai\/fi\/","name":"Talkpal","description":"AI Language Learning","publisher":{"@id":"https:\/\/talkpal.ai\/fi\/#organization"},"alternateName":"Talkpal AI","potentialAction":[{"@type":"SearchAction","target":{"@type":"EntryPoint","urlTemplate":"https:\/\/talkpal.ai\/fi\/?s={search_term_string}"},"query-input":{"@type":"PropertyValueSpecification","valueRequired":true,"valueName":"search_term_string"}}],"inLanguage":"fi"},{"@type":"Organization","@id":"https:\/\/talkpal.ai\/fi\/#organization","name":"Talkpal, Inc.","alternateName":"Talkpal AI","url":"https:\/\/talkpal.ai\/fi\/","logo":{"@type":"ImageObject","inLanguage":"fi","@id":"https:\/\/talkpal.ai\/fi\/#\/schema\/logo\/image\/","url":"https:\/\/talkpal.ai\/wp-content\/uploads\/2024\/03\/Talkpal-Logo-Icon.png","contentUrl":"https:\/\/talkpal.ai\/wp-content\/uploads\/2024\/03\/Talkpal-Logo-Icon.png","width":2880,"height":2880,"caption":"Talkpal, Inc."},"image":{"@id":"https:\/\/talkpal.ai\/fi\/#\/schema\/logo\/image\/"},"sameAs":["https:\/\/www.facebook.com\/profile.php?id=100090733639311","https:\/\/x.com\/talkpalai","https:\/\/www.linkedin.com\/company\/talkpal\/","https:\/\/www.youtube.com\/@TalkPal\/","https:\/\/www.tiktok.com\/@talkpal","https:\/\/www.instagram.com\/talkpal_ai\/","https:\/\/www.crunchbase.com\/organization\/talkpal-9cde","https:\/\/www.g2.com\/products\/talkpal-for-business\/","https:\/\/www.trustpilot.com\/review\/talkpal.ai","https:\/\/www.capterra.com\/p\/10006800\/TalkPal\/"],"description":"Talkpal is a language learning web and mobile education app, powered by the latest AI technologies, that provides engaging experiences to its customers in many different languages to help them improve their language skills. Users can chat about unlimited amount of topics with the app and use other modes to practice their language learning.","email":"support@talkpal.ai","legalName":"Talkpal, Inc.","foundingDate":"2023-04-03","duns":"118989042","numberOfEmployees":{"@type":"QuantitativeValue","minValue":"11","maxValue":"50"},"publishingPrinciples":"https:\/\/talkpal.ai\/publishing-principles\/","actionableFeedbackPolicy":"https:\/\/talkpal.ai\/actionable-feedback-policy\/","correctionsPolicy":"https:\/\/talkpal.ai\/corrections-policy\/","ethicsPolicy":"https:\/\/talkpal.ai\/ethics-policy\/","diversityPolicy":"https:\/\/talkpal.ai\/diversity-policy\/","diversityStaffingReport":"https:\/\/talkpal.ai\/diversity-policy\/"}]}},"_links":{"self":[{"href":"https:\/\/talkpal.ai\/fi\/wp-json\/wp\/v2\/pages\/1465121","targetHints":{"allow":["GET"]}}],"collection":[{"href":"https:\/\/talkpal.ai\/fi\/wp-json\/wp\/v2\/pages"}],"about":[{"href":"https:\/\/talkpal.ai\/fi\/wp-json\/wp\/v2\/types\/page"}],"author":[{"embeddable":true,"href":"https:\/\/talkpal.ai\/fi\/wp-json\/wp\/v2\/users\/20"}],"replies":[{"embeddable":true,"href":"https:\/\/talkpal.ai\/fi\/wp-json\/wp\/v2\/comments?post=1465121"}],"version-history":[{"count":0,"href":"https:\/\/talkpal.ai\/fi\/wp-json\/wp\/v2\/pages\/1465121\/revisions"}],"wp:attachment":[{"href":"https:\/\/talkpal.ai\/fi\/wp-json\/wp\/v2\/media?parent=1465121"}],"curies":[{"name":"wp","href":"https:\/\/api.w.org\/{rel}","templated":true}]}}