{"id":1465058,"date":"2025-11-12T17:00:53","date_gmt":"2025-11-12T17:00:53","guid":{"rendered":"https:\/\/talkpal.ai\/somalian-kielioppiharjoitukset\/"},"modified":"2025-12-30T11:15:19","modified_gmt":"2025-12-30T11:15:19","slug":"somalian-kielioppiharjoitukset","status":"publish","type":"page","link":"https:\/\/talkpal.ai\/fi\/somalian-kielioppiharjoitukset\/","title":{"rendered":"Somalian kielioppiharjoitukset"},"content":{"rendered":"\r\n\r\n\r\n<section class=\"languageChallengeSection\">\r\n    <div class=\"languageInfoWrapper\">\r\n        \r\n        <h1>Somalian kielioppiharjoitukset<\/h1>\r\n        <p>Oletko valmis sukeltamaan somalian kielioppiin? Muutamien perusasioiden harjoittelu auttaa sinua oppimaan t\u00e4m\u00e4n ainutlaatuisen ja kauniin kielen. Kokeile n\u00e4it\u00e4 harjoituksia itseluottamuksen lis\u00e4\u00e4miseksi ja pid\u00e4 hauskaa matkan varrella!<\/p>\r\n\r\n                            <a class=\"getStartedHidden\" href=\"https:\/\/app.talkpal.ai\/fi\/signup?lng=\">Aloita<\/a>\r\n        \r\n    <\/div>\r\n\r\n    <figure>\r\n    <img decoding=\"async\" width=\"768\" height=\"768\" src=\"https:\/\/talkpal.ai\/wp-content\/uploads\/2023\/06\/welsh-768x768.png\" class=\"languageImage no-lazy\" alt=\"Default alt text\" fetchpriority=\"high\" sizes=\"(max-width: 768px) 150px, 768px\" srcset=\"https:\/\/talkpal.ai\/wp-content\/uploads\/2023\/06\/welsh-768x768.png 768w, https:\/\/talkpal.ai\/wp-content\/uploads\/2023\/06\/welsh-300x300.png 300w\" \/>\r\n    \r\n\r\n    <\/figure>\r\n\r\n            <a class=\"getStartedVisible\" href=\"https:\/\/app.talkpal.ai\/fi\/signup?lng=\">Aloita<\/a>\r\n    \r\n<\/section><section class=\"promotionalBanner\">\r\n    <p class=\"promotionalText\">Tehokkain tapa oppia kielt\u00e4<\/p>\r\n    <a class=\"promotionalLink\" href=\"https:\/\/app.talkpal.ai\/fi\/signup?lng=\">Kokeile Talkpal ilmaiseksi<\/a>\r\n<\/section>\n<div class=\"wp-block-group pageContainerStyle\"><div class=\"wp-block-group__inner-container is-layout-constrained wp-block-group-is-layout-constrained\">\n<h2 class=\"wp-block-heading\" id=\"h-somali-grammar-topics\">Somalian kieliopin aiheet<\/h2>\n\n\n\n<p><a href=\"https:\/\/talkpal.ai\/fi\/suurimmat-virheet-joita-kannattaa-valttaa-uuden-kielen-oppimisessa\/\">Uuden kielen oppiminen<\/a> voi olla haastavaa mutta palkitsevaa yrityst\u00e4. <a href=\"https:\/\/talkpal.ai\/learn-somali\/\">Somali<\/a>, ku\u0161ilainen kieli, jota puhutaan p\u00e4\u00e4asiassa Somaliassa ja Afrikan sarvessa ja diasporassa, ei ole poikkeus. Ainutlaatuisten ominaisuuksiensa ja rakenteidensa ansiosta somalian <a href=\"https:\/\/talkpal.ai\/fi\/talkpal-for-education\/\">kielen oppiminen<\/a> vaatii systemaattista l\u00e4hestymistapaa sen kieliopin ymm\u00e4rt\u00e4miseen. T\u00e4ss\u00e4 oppaassa hahmotellaan<a href=\"https:\/\/talkpal.ai\/fi\/somalian-kielioppi\/\"> somalian kieliopin<\/a> keskeiset osa-alueet <a href=\"https:\/\/talkpal.ai\/fi\/talkpal-for-education\/\">kielenoppimisen<\/a> loogisessa j\u00e4rjestyksess\u00e4 alkaen perusasioista, kuten substantiiveista ja artikkeleista, ja etenem\u00e4ll\u00e4 monimutkaisempiin alueisiin, kuten aikamuotoihin ja lauseiden rakentamiseen.<\/p>\n\n\n\n<h3 class=\"wp-block-heading\" id=\"h-1-nouns\">1. Substantiivit:<\/h3>\n\n\n\n<p>Aloita somalian kielen matkasi opettelemalla substantiiveja. T\u00e4h\u00e4n sis\u00e4ltyy substantiivien eri luokkien, kuten yleisten ja erisnimien, niiden kieliopillisen sukupuolen ja niiden monikkomuotojen ymm\u00e4rt\u00e4minen, joissa on yhteisi\u00e4 p\u00e4\u00e4tteit\u00e4 ja ep\u00e4s\u00e4\u00e4nn\u00f6llisi\u00e4 kuvioita.<\/p>\n\n\n\n<h3 class=\"wp-block-heading\" id=\"h-2-articles\">2. Artiklat:<\/h3>\n\n\n\n<p>Somaliankielisi\u00e4 artikkeleita k\u00e4ytet\u00e4\u00e4n eri tavalla kuin <a href=\"https:\/\/talkpal.ai\/ai-english-speaking-practice\/\">englanniksi<\/a>. Somali k\u00e4ytt\u00e4\u00e4 m\u00e4\u00e4r\u00e4ist\u00e4 artikkelia, tyypillisesti -ka <a href=\"https:\/\/talkpal.ai\/learn-thai\/\">tai<\/a> -ta ja -ga tai -da, joka liittyy substantiivilausekkeen viimeiseen sanaan, kun taas ep\u00e4m\u00e4\u00e4r\u00e4isyys ilmaistaan yleens\u00e4 paljaalla substantiivilla tai sanoilla, kuten mid tai hal.<\/p>\n\n\n\n<h3 class=\"wp-block-heading\" id=\"h-3-adjectives\">3. Adjektiivit:<\/h3>\n\n\n\n<p>Somalian adjektiivit seuraavat substantiivejaan, mik\u00e4 eroaa englannista. Ne ovat samaa mielt\u00e4 sukupuolesta ja numerosta, ja niiss\u00e4 on usein m\u00e4\u00e4r\u00e4inen p\u00e4\u00e4te, kun substantiivilauseke on m\u00e4\u00e4r\u00e4inen; Opi muodostamaan vertailevia ja superlatiiveja Ka:n avulla&#8230; Badan ja Ugu &#8230; Badan.<\/p>\n\n\n\n<h3 class=\"wp-block-heading\" id=\"h-4-pronouns-determiners\">4. Pronominit\/m\u00e4\u00e4ritteet:<\/h3>\n\n\n\n<p>Pronominit ja m\u00e4\u00e4ritteet ovat olennaisia somalin kieless\u00e4; Ne korvaavat substantiivit ja antavat tietoa m\u00e4\u00e4r\u00e4st\u00e4, hallussapidosta ja muusta. Opettele itsen\u00e4isi\u00e4 pronomineja, demonstratiiveja, kuten kan, tan, kuwaas, kvantifioijia, kuten qaar ja badan, ja possessiivisia p\u00e4\u00e4tteit\u00e4, kuten -kayga ja -tayda, jotka on liitetty m\u00e4\u00e4r\u00e4isiin substantiiveihin.<\/p>\n\n\n\n<h3 class=\"wp-block-heading\" id=\"h-5-verbs\">5. Verbit:<\/h3>\n\n\n\n<p>Somalian verbeill\u00e4 on erilaisia muotoja aikamuodosta, aspektista ja mielialasta riippuen. Aloita nykyisist\u00e4 muodoista, kuten tavanomaisesta -aa:sta ja progressiivisesta -ayaa:sta, ja tutki sitten menneit\u00e4 muotoja ja tapoja ilmaista tulevaisuutta sek\u00e4 yleisi\u00e4 subjektimerkkej\u00e4 ja negaatiota ma:lla.<\/p>\n\n\n\n<h3 class=\"wp-block-heading\" id=\"h-6-tenses\">6. Aikamuodot:<\/h3>\n\n\n\n<p>Kun olet oppinut verbimuodot, syvenny somalian aikamuotoihin ja n\u00e4k\u00f6kohtiin. T\u00e4m\u00e4 sis\u00e4lt\u00e4\u00e4 nykyhetken tavanomaisen, nykyisyyden progressiivisen, menneisyyden yksinkertaisen, menneisyyden progressiivisen ja tapojen ilmaista tulevaa aikaa doon- ja aikaadverbeill\u00e4 sek\u00e4 hiukkasten, kuten waa, baa ja ayaa, roolien ymm\u00e4rt\u00e4misen.<\/p>\n\n\n\n<h3 class=\"wp-block-heading\" id=\"h-7-tense-comparison\">7. J\u00e4nnittynyt vertailu:<\/h3>\n\n\n\n<p>Somalian aikamuotojen vertailu auttaa ymm\u00e4rt\u00e4m\u00e4\u00e4n tapahtumien kulkua. Saman verbin vertaaminen tavanomaisiin, progressiivisiin, menneisiin ja tuleviin muotoihin antaa paremman k\u00e4sityksen siit\u00e4, kuinka j\u00e4lkiliitteet ja partikkelit muuttavat merkityst\u00e4 kontekstissa.<\/p>\n\n\n\n<h3 class=\"wp-block-heading\" id=\"h-8-progressive\">8. Progressiivinen:<\/h3>\n\n\n\n<p>Somalian progressiivista aikamuotoa k\u00e4ytet\u00e4\u00e4n ilmaisemaan meneill\u00e4\u00e4n olevia toimia. Se muodostetaan verbivartalosta plus -ayaa ja sopivista subjektimerkeist\u00e4, esimerkiksi waan akhriyayaa luen.<\/p>\n\n\n\n<h3 class=\"wp-block-heading\" id=\"h-9-perfect-progressive\">9. T\u00e4ydellinen progressiivinen:<\/h3>\n\n\n\n<p>T\u00e4t\u00e4 aikamuotoa k\u00e4ytet\u00e4\u00e4n ilmaisemaan toimia, jotka ovat olleet k\u00e4ynniss\u00e4 tiettyyn pisteeseen <a href=\"https:\/\/talkpal.ai\/locations\/language-courses-in-asti\/\">asti<\/a>. Somalian kieless\u00e4 se ilmaistaan tyypillisesti menneisyydell\u00e4 progressiivinen -ayay sek\u00e4 aikailmaisuilla, kuten tan <a href=\"https:\/\/talkpal.ai\/locations\/language-courses-in-iyo\/\">iyo<\/a> ja ilaa, tai rakenteilla, kuten ku jiray ja verbaalinen substantiivi.<\/p>\n\n\n\n<h3 class=\"wp-block-heading\" id=\"h-10-conditionals\">10. Konditionaalit:<\/h3>\n\n\n\n<p>Konditionaalit ilmaisevat hypoteettisia tilanteita ja niiden mahdollisia tuloksia. He k\u00e4ytt\u00e4v\u00e4t yleens\u00e4 konjunktiota haddii subjunktiiviverbimuodon kanssa, ja negaatio esiintyy muodoissa, kuten uusan tai aadan, tarpeen mukaan.<\/p>\n\n\n\n<h3 class=\"wp-block-heading\" id=\"h-11-adverbs\">11. Adverbit:<\/h3>\n\n\n\n<p>Somalian <a href=\"https:\/\/talkpal.ai\/fi\/grammar\/paikan-tsekin-kielioppi-adverbit\/\">adverbit<\/a> muokkaavat verbej\u00e4, adjektiiveja tai muita adverbej\u00e4. Ne tarjoavat tietoa tavasta, paikasta, ajasta, asteesta ja muusta, jotka on usein muodostettu si for way ja sis\u00e4lt\u00e4v\u00e4t yleisi\u00e4 asioita, kuten hadda, <a href=\"https:\/\/talkpal.ai\/talkpal-new-years-discount\/\">berri<\/a>, halkaa ja aad.<\/p>\n\n\n\n<h3 class=\"wp-block-heading\" id=\"h-12-prepositions\">12. Prepositiot:<\/h3>\n\n\n\n<p><a href=\"https:\/\/talkpal.ai\/fi\/grammar\/kohdan-kannadan-kieliopissa-prepositiot\/\">Prepositiot<\/a> yhdist\u00e4v\u00e4t sanat ja lauseet toisiinsa. Somali k\u00e4ytt\u00e4\u00e4 alkioita, kuten ku in tai at, ka from, u to or for, la with ja dhex between, jotka yhdistyv\u00e4t pronominaalisiin p\u00e4\u00e4tteisiin, kuten igu, kaa ja ugu.<\/p>\n\n\n\n<h3 class=\"wp-block-heading\" id=\"h-13-sentences\">13. Lauseet:<\/h3>\n\n\n\n<p>Lopuksi harjoittele lauseiden rakentamista. T\u00e4m\u00e4 edellytt\u00e4\u00e4 kaikkien aiemmin opittujen kielioppikohtien k\u00e4ytt\u00e4mist\u00e4 kontekstissa, huomauttaen, ett\u00e4 somali pyrkii verbien loppuj\u00e4rjestykseen ja k\u00e4ytt\u00e4\u00e4 tarkennus- ja aihemerkkej\u00e4, kuten waa, baa ja ayaa, negaatiolla merkittyn\u00e4 ma.<\/p>\n<\/div><\/div>\n\r\n<section class=\"learnNavigationSection\">\r\n            \r\n        <a href=\"https:\/\/talkpal.ai\/fi\/opi-somalia\/\">\r\n            <div class=\"learnNavigationWrapper\">\r\n                <div class=\"learnNavigationContent\">\r\n                    <img decoding=\"async\" src=\"https:\/\/talkpal.ai\/wp-content\/uploads\/2025\/11\/Somali.png\" alt=\"Somalian Flag\">\r\n                    <div>\r\n                        <h4>Tietoja somalian kielen oppimisesta<\/h4>\r\n                        <p>Ota selv\u00e4\u00e4 somalian kieliopista.<\/p>\r\n                    <\/div>\r\n                <\/div>\r\n            <\/div>\r\n        <\/a>\r\n\r\n        \r\n        <a href=\"https:\/\/talkpal.ai\/fi\/somalian-kielioppi\/\">\r\n            <div class=\"learnNavigationWrapper\">\r\n                <div class=\"learnNavigationContent\">\r\n                    <img decoding=\"async\" src=\"https:\/\/talkpal.ai\/wp-content\/uploads\/2025\/11\/Somali.png\" alt=\"Somalian Flag\">\r\n                    <div>\r\n                        <h4>Somalian kieliopin oppitunnit<\/h4>\r\n                        <p>Harjoittele somalian kielioppia.<\/p>\r\n                    <\/div>\r\n                <\/div>\r\n            <\/div>\r\n        <\/a>\r\n\r\n            <\/section>","protected":false},"excerpt":{"rendered":"<p>Somalian kieliopin aiheet Uuden kielen oppiminen voi olla haastavaa mutta palkitsevaa yrityst\u00e4. Somali, ku\u0161ilainen kieli, jota puhutaan p\u00e4\u00e4asiassa Somaliassa ja Afrikan sarvessa ja diasporassa, ei ole poikkeus. Ainutlaatuisten ominaisuuksiensa ja rakenteidensa ansiosta somalian kielen oppiminen vaatii systemaattista l\u00e4hestymistapaa sen kieliopin ymm\u00e4rt\u00e4miseen. T\u00e4ss\u00e4 oppaassa hahmotellaan somalian kieliopin keskeiset osa-alueet kielenoppimisen loogisessa j\u00e4rjestyksess\u00e4 alkaen perusasioista, kuten substantiiveista [&hellip;]<\/p>\n","protected":false},"author":20,"featured_media":0,"parent":0,"menu_order":0,"comment_status":"closed","ping_status":"closed","template":"LearningContentPage.php","meta":{"_acf_changed":false,"footnotes":""},"class_list":["post-1465058","page","type-page","status-publish","hentry"],"acf":[],"yoast_head":"<!-- This site is optimized with the Yoast SEO Premium plugin v27.2 (Yoast SEO v27.2) - https:\/\/yoast.com\/product\/yoast-seo-premium-wordpress\/ -->\n<title>Somalian kielioppiharjoitukset - Talkpal<\/title>\n<meta name=\"description\" content=\"Opettele somalin kielioppi kattavien harjoitusteht\u00e4vien avulla, jotka kattavat substantiivit, verbit ja aikamuodot, jotta voit oppia kielt\u00e4 tehokkaasti.\" \/>\n<meta name=\"robots\" content=\"index, follow, max-snippet:-1, max-image-preview:large, max-video-preview:-1\" \/>\n<link rel=\"canonical\" href=\"https:\/\/talkpal.ai\/fi\/somalian-kielioppiharjoitukset\/\" \/>\n<meta property=\"og:locale\" content=\"fi_FI\" \/>\n<meta property=\"og:type\" content=\"article\" \/>\n<meta property=\"og:title\" content=\"Somalian kielioppiharjoitukset\" \/>\n<meta property=\"og:description\" content=\"Somalian kieliopin aiheet Uuden kielen oppiminen voi olla haastavaa mutta palkitsevaa yrityst\u00e4. Somali, ku\u0161ilainen kieli, jota puhutaan p\u00e4\u00e4asiassa\" \/>\n<meta property=\"og:url\" content=\"https:\/\/talkpal.ai\/fi\/somalian-kielioppiharjoitukset\/\" \/>\n<meta property=\"og:site_name\" content=\"Talkpal\" \/>\n<meta property=\"article:publisher\" content=\"https:\/\/www.facebook.com\/profile.php?id=100090733639311\" \/>\n<meta property=\"article:modified_time\" content=\"2025-12-30T11:15:19+00:00\" \/>\n<meta property=\"og:image\" content=\"https:\/\/talkpal.ai\/wp-content\/uploads\/2025\/02\/Progress-tab-16_9.png\" \/>\n\t<meta property=\"og:image:width\" content=\"2880\" \/>\n\t<meta property=\"og:image:height\" content=\"1620\" \/>\n\t<meta property=\"og:image:type\" content=\"image\/png\" \/>\n<meta name=\"twitter:card\" content=\"summary_large_image\" \/>\n<meta name=\"twitter:site\" content=\"@talkpalai\" \/>\n<meta name=\"twitter:label1\" content=\"Arvioitu lukuaika\" \/>\n\t<meta name=\"twitter:data1\" content=\"3 minuuttia\" \/>\n<script type=\"application\/ld+json\" class=\"yoast-schema-graph\">{\"@context\":\"https:\/\/schema.org\",\"@graph\":[{\"@type\":\"WebPage\",\"@id\":\"https:\/\/talkpal.ai\/fi\/somalian-kielioppiharjoitukset\/\",\"url\":\"https:\/\/talkpal.ai\/fi\/somalian-kielioppiharjoitukset\/\",\"name\":\"Somalian kielioppiharjoitukset - Talkpal\",\"isPartOf\":{\"@id\":\"https:\/\/talkpal.ai\/fi\/#website\"},\"datePublished\":\"2025-11-12T17:00:53+00:00\",\"dateModified\":\"2025-12-30T11:15:19+00:00\",\"description\":\"Opettele somalin kielioppi kattavien harjoitusteht\u00e4vien avulla, jotka kattavat substantiivit, verbit ja aikamuodot, jotta voit oppia kielt\u00e4 tehokkaasti.\",\"breadcrumb\":{\"@id\":\"https:\/\/talkpal.ai\/fi\/somalian-kielioppiharjoitukset\/#breadcrumb\"},\"inLanguage\":\"fi\",\"potentialAction\":[{\"@type\":\"ReadAction\",\"target\":[\"https:\/\/talkpal.ai\/fi\/somalian-kielioppiharjoitukset\/\"]}]},{\"@type\":\"BreadcrumbList\",\"@id\":\"https:\/\/talkpal.ai\/fi\/somalian-kielioppiharjoitukset\/#breadcrumb\",\"itemListElement\":[{\"@type\":\"ListItem\",\"position\":1,\"name\":\"Homepage\",\"item\":\"https:\/\/talkpal.ai\/fi\/\"},{\"@type\":\"ListItem\",\"position\":2,\"name\":\"Somalian kielioppiharjoitukset\"}]},{\"@type\":\"WebSite\",\"@id\":\"https:\/\/talkpal.ai\/fi\/#website\",\"url\":\"https:\/\/talkpal.ai\/fi\/\",\"name\":\"Talkpal\",\"description\":\"AI Language Learning\",\"publisher\":{\"@id\":\"https:\/\/talkpal.ai\/fi\/#organization\"},\"alternateName\":\"Talkpal AI\",\"potentialAction\":[{\"@type\":\"SearchAction\",\"target\":{\"@type\":\"EntryPoint\",\"urlTemplate\":\"https:\/\/talkpal.ai\/fi\/?s={search_term_string}\"},\"query-input\":{\"@type\":\"PropertyValueSpecification\",\"valueRequired\":true,\"valueName\":\"search_term_string\"}}],\"inLanguage\":\"fi\"},{\"@type\":\"Organization\",\"@id\":\"https:\/\/talkpal.ai\/fi\/#organization\",\"name\":\"Talkpal, Inc.\",\"alternateName\":\"Talkpal AI\",\"url\":\"https:\/\/talkpal.ai\/fi\/\",\"logo\":{\"@type\":\"ImageObject\",\"inLanguage\":\"fi\",\"@id\":\"https:\/\/talkpal.ai\/fi\/#\/schema\/logo\/image\/\",\"url\":\"https:\/\/talkpal.ai\/wp-content\/uploads\/2024\/03\/Talkpal-Logo-Icon.png\",\"contentUrl\":\"https:\/\/talkpal.ai\/wp-content\/uploads\/2024\/03\/Talkpal-Logo-Icon.png\",\"width\":2880,\"height\":2880,\"caption\":\"Talkpal, Inc.\"},\"image\":{\"@id\":\"https:\/\/talkpal.ai\/fi\/#\/schema\/logo\/image\/\"},\"sameAs\":[\"https:\/\/www.facebook.com\/profile.php?id=100090733639311\",\"https:\/\/x.com\/talkpalai\",\"https:\/\/www.linkedin.com\/company\/talkpal\/\",\"https:\/\/www.youtube.com\/@TalkPal\/\",\"https:\/\/www.tiktok.com\/@talkpal\",\"https:\/\/www.instagram.com\/talkpal_ai\/\",\"https:\/\/www.crunchbase.com\/organization\/talkpal-9cde\",\"https:\/\/www.g2.com\/products\/talkpal-for-business\/\",\"https:\/\/www.trustpilot.com\/review\/talkpal.ai\",\"https:\/\/www.capterra.com\/p\/10006800\/TalkPal\/\"],\"description\":\"Talkpal is a language learning web and mobile education app, powered by the latest AI technologies, that provides engaging experiences to its customers in many different languages to help them improve their language skills. Users can chat about unlimited amount of topics with the app and use other modes to practice their language learning.\",\"email\":\"support@talkpal.ai\",\"legalName\":\"Talkpal, Inc.\",\"foundingDate\":\"2023-04-03\",\"duns\":\"118989042\",\"numberOfEmployees\":{\"@type\":\"QuantitativeValue\",\"minValue\":\"11\",\"maxValue\":\"50\"},\"publishingPrinciples\":\"https:\/\/talkpal.ai\/publishing-principles\/\",\"actionableFeedbackPolicy\":\"https:\/\/talkpal.ai\/actionable-feedback-policy\/\",\"correctionsPolicy\":\"https:\/\/talkpal.ai\/corrections-policy\/\",\"ethicsPolicy\":\"https:\/\/talkpal.ai\/ethics-policy\/\",\"diversityPolicy\":\"https:\/\/talkpal.ai\/diversity-policy\/\",\"diversityStaffingReport\":\"https:\/\/talkpal.ai\/diversity-policy\/\"}]}<\/script>\n<!-- \/ Yoast SEO Premium plugin. -->","yoast_head_json":{"title":"Somalian kielioppiharjoitukset - Talkpal","description":"Opettele somalin kielioppi kattavien harjoitusteht\u00e4vien avulla, jotka kattavat substantiivit, verbit ja aikamuodot, jotta voit oppia kielt\u00e4 tehokkaasti.","robots":{"index":"index","follow":"follow","max-snippet":"max-snippet:-1","max-image-preview":"max-image-preview:large","max-video-preview":"max-video-preview:-1"},"canonical":"https:\/\/talkpal.ai\/fi\/somalian-kielioppiharjoitukset\/","og_locale":"fi_FI","og_type":"article","og_title":"Somalian kielioppiharjoitukset","og_description":"Somalian kieliopin aiheet Uuden kielen oppiminen voi olla haastavaa mutta palkitsevaa yrityst\u00e4. Somali, ku\u0161ilainen kieli, jota puhutaan p\u00e4\u00e4asiassa","og_url":"https:\/\/talkpal.ai\/fi\/somalian-kielioppiharjoitukset\/","og_site_name":"Talkpal","article_publisher":"https:\/\/www.facebook.com\/profile.php?id=100090733639311","article_modified_time":"2025-12-30T11:15:19+00:00","og_image":[{"width":2880,"height":1620,"url":"https:\/\/talkpal.ai\/wp-content\/uploads\/2025\/02\/Progress-tab-16_9.png","type":"image\/png"}],"twitter_card":"summary_large_image","twitter_site":"@talkpalai","twitter_misc":{"Arvioitu lukuaika":"3 minuuttia"},"schema":{"@context":"https:\/\/schema.org","@graph":[{"@type":"WebPage","@id":"https:\/\/talkpal.ai\/fi\/somalian-kielioppiharjoitukset\/","url":"https:\/\/talkpal.ai\/fi\/somalian-kielioppiharjoitukset\/","name":"Somalian kielioppiharjoitukset - Talkpal","isPartOf":{"@id":"https:\/\/talkpal.ai\/fi\/#website"},"datePublished":"2025-11-12T17:00:53+00:00","dateModified":"2025-12-30T11:15:19+00:00","description":"Opettele somalin kielioppi kattavien harjoitusteht\u00e4vien avulla, jotka kattavat substantiivit, verbit ja aikamuodot, jotta voit oppia kielt\u00e4 tehokkaasti.","breadcrumb":{"@id":"https:\/\/talkpal.ai\/fi\/somalian-kielioppiharjoitukset\/#breadcrumb"},"inLanguage":"fi","potentialAction":[{"@type":"ReadAction","target":["https:\/\/talkpal.ai\/fi\/somalian-kielioppiharjoitukset\/"]}]},{"@type":"BreadcrumbList","@id":"https:\/\/talkpal.ai\/fi\/somalian-kielioppiharjoitukset\/#breadcrumb","itemListElement":[{"@type":"ListItem","position":1,"name":"Homepage","item":"https:\/\/talkpal.ai\/fi\/"},{"@type":"ListItem","position":2,"name":"Somalian kielioppiharjoitukset"}]},{"@type":"WebSite","@id":"https:\/\/talkpal.ai\/fi\/#website","url":"https:\/\/talkpal.ai\/fi\/","name":"Talkpal","description":"AI Language Learning","publisher":{"@id":"https:\/\/talkpal.ai\/fi\/#organization"},"alternateName":"Talkpal AI","potentialAction":[{"@type":"SearchAction","target":{"@type":"EntryPoint","urlTemplate":"https:\/\/talkpal.ai\/fi\/?s={search_term_string}"},"query-input":{"@type":"PropertyValueSpecification","valueRequired":true,"valueName":"search_term_string"}}],"inLanguage":"fi"},{"@type":"Organization","@id":"https:\/\/talkpal.ai\/fi\/#organization","name":"Talkpal, Inc.","alternateName":"Talkpal AI","url":"https:\/\/talkpal.ai\/fi\/","logo":{"@type":"ImageObject","inLanguage":"fi","@id":"https:\/\/talkpal.ai\/fi\/#\/schema\/logo\/image\/","url":"https:\/\/talkpal.ai\/wp-content\/uploads\/2024\/03\/Talkpal-Logo-Icon.png","contentUrl":"https:\/\/talkpal.ai\/wp-content\/uploads\/2024\/03\/Talkpal-Logo-Icon.png","width":2880,"height":2880,"caption":"Talkpal, Inc."},"image":{"@id":"https:\/\/talkpal.ai\/fi\/#\/schema\/logo\/image\/"},"sameAs":["https:\/\/www.facebook.com\/profile.php?id=100090733639311","https:\/\/x.com\/talkpalai","https:\/\/www.linkedin.com\/company\/talkpal\/","https:\/\/www.youtube.com\/@TalkPal\/","https:\/\/www.tiktok.com\/@talkpal","https:\/\/www.instagram.com\/talkpal_ai\/","https:\/\/www.crunchbase.com\/organization\/talkpal-9cde","https:\/\/www.g2.com\/products\/talkpal-for-business\/","https:\/\/www.trustpilot.com\/review\/talkpal.ai","https:\/\/www.capterra.com\/p\/10006800\/TalkPal\/"],"description":"Talkpal is a language learning web and mobile education app, powered by the latest AI technologies, that provides engaging experiences to its customers in many different languages to help them improve their language skills. Users can chat about unlimited amount of topics with the app and use other modes to practice their language learning.","email":"support@talkpal.ai","legalName":"Talkpal, Inc.","foundingDate":"2023-04-03","duns":"118989042","numberOfEmployees":{"@type":"QuantitativeValue","minValue":"11","maxValue":"50"},"publishingPrinciples":"https:\/\/talkpal.ai\/publishing-principles\/","actionableFeedbackPolicy":"https:\/\/talkpal.ai\/actionable-feedback-policy\/","correctionsPolicy":"https:\/\/talkpal.ai\/corrections-policy\/","ethicsPolicy":"https:\/\/talkpal.ai\/ethics-policy\/","diversityPolicy":"https:\/\/talkpal.ai\/diversity-policy\/","diversityStaffingReport":"https:\/\/talkpal.ai\/diversity-policy\/"}]}},"_links":{"self":[{"href":"https:\/\/talkpal.ai\/fi\/wp-json\/wp\/v2\/pages\/1465058","targetHints":{"allow":["GET"]}}],"collection":[{"href":"https:\/\/talkpal.ai\/fi\/wp-json\/wp\/v2\/pages"}],"about":[{"href":"https:\/\/talkpal.ai\/fi\/wp-json\/wp\/v2\/types\/page"}],"author":[{"embeddable":true,"href":"https:\/\/talkpal.ai\/fi\/wp-json\/wp\/v2\/users\/20"}],"replies":[{"embeddable":true,"href":"https:\/\/talkpal.ai\/fi\/wp-json\/wp\/v2\/comments?post=1465058"}],"version-history":[{"count":0,"href":"https:\/\/talkpal.ai\/fi\/wp-json\/wp\/v2\/pages\/1465058\/revisions"}],"wp:attachment":[{"href":"https:\/\/talkpal.ai\/fi\/wp-json\/wp\/v2\/media?parent=1465058"}],"curies":[{"name":"wp","href":"https:\/\/api.w.org\/{rel}","templated":true}]}}