{"id":146495,"date":"2023-05-14T14:11:00","date_gmt":"2023-05-14T14:11:00","guid":{"rendered":"http:\/\/talkpal.ai\/kazakin-kielioppi\/"},"modified":"2025-12-17T16:59:20","modified_gmt":"2025-12-17T16:59:20","slug":"kazakin-kielioppi","status":"publish","type":"page","link":"https:\/\/talkpal.ai\/fi\/kazakin-kielioppi\/","title":{"rendered":"Kazakin kielioppi"},"content":{"rendered":"\r\n\r\n\r\n<section class=\"languageChallengeSection\">\r\n    <div class=\"languageInfoWrapper\">\r\n        \r\n        <h1>Kazakin kielioppi<\/h1>\r\n        <p>Kazakstanin kielen oppiminen avaa oven kielelle, jolla on runsaasti historiaa ja kulttuuria ja jonka ytimess\u00e4 on kiehtova kielioppi. <a href=\"https:\/\/talkpal.ai\/kazakh-grammar\/\">Kazakstanin kielioppi<\/a> saattaa aluksi vaikuttaa monimutkaiselta, mutta sen keskeisten piirteiden &#8211; kuten vokaalien harmonian, substantiivien tapausten ja verbien aikamuotojen &#8211; ymm\u00e4rt\u00e4minen tekee kielen hallitsemisesta sek\u00e4 saavutettavaa ett\u00e4 palkitsevaa. Sukella sis\u00e4\u00e4n ja l\u00f6yd\u00e4, mik\u00e4 tekee Kazakstanista ainutlaatuisen!<\/p>\r\n\r\n                            <a class=\"getStartedHidden\" href=\"https:\/\/app.talkpal.ai\/fi\/signup?lng=\">Aloita<\/a>\r\n        \r\n    <\/div>\r\n\r\n    <figure>\r\n    <img decoding=\"async\" width=\"768\" height=\"768\" src=\"https:\/\/talkpal.ai\/wp-content\/uploads\/2023\/06\/Khazak-768x768.png\" class=\"languageImage no-lazy\" alt=\"Default alt text\" fetchpriority=\"high\" sizes=\"(max-width: 768px) 150px, 768px\" srcset=\"https:\/\/talkpal.ai\/wp-content\/uploads\/2023\/06\/Khazak-768x768.png 768w, https:\/\/talkpal.ai\/wp-content\/uploads\/2023\/06\/Khazak-300x300.png 300w\" \/>\r\n    \r\n\r\n    <\/figure>\r\n\r\n            <a class=\"getStartedVisible\" href=\"https:\/\/app.talkpal.ai\/fi\/signup?lng=\">Aloita<\/a>\r\n    \r\n<\/section>\r\n        <section class=\"grammarSection\">\r\n            <div class=\"grammarLinks\">\r\n                <a href=\"https:\/\/talkpal.ai\/fi\/language\/adjektiivit-kazakstanin-kielioppi\/\">Adjektiivit <\/a><a href=\"https:\/\/talkpal.ai\/fi\/language\/adverbit-kazakstanin-kielioppi\/\">Adverbit <\/a><a href=\"https:\/\/talkpal.ai\/fi\/language\/aikamuodot-kazakstanin-kielioppi\/\">Aikamuodot <\/a><a href=\"https:\/\/talkpal.ai\/fi\/language\/aikamuotojen-vertailu-kazakstanin-kielioppi\/\">Aikamuotojen vertailu <\/a><a href=\"https:\/\/talkpal.ai\/fi\/language\/artikkelit-kazakstanin-kielioppi\/\">Artikkelit <\/a><a href=\"https:\/\/talkpal.ai\/fi\/language\/konditionaalit-kazakstanin-kielioppi\/\">Konditionaalit <\/a><a href=\"https:\/\/talkpal.ai\/fi\/language\/lauseet-kazakstanin-kielioppi\/\">Lauseet <\/a><a href=\"https:\/\/talkpal.ai\/fi\/language\/prepositiot-kazakstanin-kielioppi\/\">Prepositiot <\/a><a href=\"https:\/\/talkpal.ai\/fi\/language\/progressiivinen-kazakstanin-kielioppi\/\">Progressiivinen <\/a><a href=\"https:\/\/talkpal.ai\/fi\/language\/pronominit-determinerit-kazakstanin-kielioppi\/\">Pronominit\/Determinerit <\/a><a href=\"https:\/\/talkpal.ai\/fi\/language\/substantiivit-kazakstanin-kielioppi\/\">Substantiivit <\/a><a href=\"https:\/\/talkpal.ai\/fi\/language\/taydellinen-progressiivinen-kazakstanin-kielioppi\/\">T\u00e4ydellinen progressiivinen <\/a><a href=\"https:\/\/talkpal.ai\/fi\/language\/verbit-kazakstanin-kielioppi\/\">Verbit <\/a>            <\/div>\r\n        <\/section>\r\n    <section class=\"promotionalBanner\">\r\n    <p class=\"promotionalText\">Tehokkain tapa oppia kielt\u00e4<\/p>\r\n    <a class=\"promotionalLink\" href=\"https:\/\/app.talkpal.ai\/fi\/signup?lng=\">Kokeile Talkpal ilmaiseksi<\/a>\r\n<\/section>\n<div class=\"wp-block-group pageContainerStyle\"><div class=\"wp-block-group__inner-container is-layout-constrained wp-block-group-is-layout-constrained\">\n<h2 class=\"wp-block-heading\" id=\"h-kazakh-grammar-unlocking-the-secrets-of-the-kazakh-language\">Kazakstanin kielioppi: Kazakstanin kielen salaisuuksien avaaminen<\/h2>\n\n\n\n<p>Kun on kyse kazakin kielen oppimisesta, kazakin kieliopin perusteiden ymm\u00e4rt\u00e4minen on v\u00e4ltt\u00e4m\u00e4t\u00f6nt\u00e4 sen salaisuuksien avaamiseksi. Vaikka se saattaa aluksi tuntua pelottavalta, kielioppij\u00e4rjestelm\u00e4ss\u00e4 on ainutlaatuisia ominaisuuksia, jotka tekev\u00e4t kielest\u00e4 kiehtovan. T\u00e4ss\u00e4 artikkelissa pyrit\u00e4\u00e4n valottamaan kazakstanin kieliopin keskeisi\u00e4 n\u00e4k\u00f6kohtia ja tarjoamaan keskustelunomainen ja ep\u00e4muodollinen johdatus kielen rikkaaseen rakenteeseen.<\/p>\n\n\n\n<h3 class=\"wp-block-heading\" id=\"h-1-nouns-harmony-in-cases-and-declensions\">1. Substantiivit &#8211; harmonia tapauksissa ja julistuksissa<\/h3>\n\n\n\n<p>Yksi ensimm\u00e4isist\u00e4 asioista, jotka on otettava huomioon kazakstanin kieliopissa, on substantiivin rakenne. Kieless\u00e4 k\u00e4ytet\u00e4\u00e4n vokaaliharmoniaj\u00e4rjestelm\u00e4\u00e4, jossa vokaalit ovat joko edess\u00e4 <a href=\"https:\/\/talkpal.ai\/learn-thai\/\">tai<\/a> takana ja harmoniset yhdistelm\u00e4t ovat parempia. T\u00e4m\u00e4 j\u00e4rjestelm\u00e4 liittyy substantiivimonikkoihin, jotka muodostuvat erilaisilla suffikseilla, jotka vastaavat alkuper\u00e4isen substantiivin harmonista ryhm\u00e4\u00e4.<\/p>\n\n\n\n<p>Kazakstanin substantiivit noudattavat seitsem\u00e4\u00e4 tapausta: nominatiivi, genetiivi, datiivi, akkusatiivi, lokatiivi, ablatiivi ja instrumentaali. Vaikka n\u00e4iden tapausten hallinta on aluksi pelottavaa, se on ratkaisevan t\u00e4rke\u00e4\u00e4 tarkkojen lauserakenteiden muodostamisessa. Tapaukset m\u00e4\u00e4ritt\u00e4v\u00e4t sanojen v\u00e4liset suhteet, mik\u00e4 mahdollistaa joustavuuden sanaj\u00e4rjestyksess\u00e4 menett\u00e4m\u00e4tt\u00e4 merkityst\u00e4.<\/p>\n\n\n\n<h3 class=\"wp-block-heading\" id=\"h-2-adjectives-agreement-and-comparison\">2. Adjektiivit \u2013 sopimus ja vertailu<\/h3>\n\n\n\n<p>Kazakstanin adjektiiveja k\u00e4ytet\u00e4\u00e4n kuvaamaan ja antamaan lis\u00e4tietoja substantiiveista. Heid\u00e4n on oltava samaa mielt\u00e4 substantiivin kanssa, jota he muuttavat tapauksen ja numeron suhteen. Lis\u00e4ksi adjektiiveja voidaan verrata k\u00e4ytt\u00e4m\u00e4ll\u00e4 vertailevia ja superlatiivisia asteita, jotka saavutetaan lis\u00e4\u00e4m\u00e4ll\u00e4 vastaavia j\u00e4lkiliitteit\u00e4 eri painotustasojen v\u00e4litt\u00e4miseksi.<\/p>\n\n\n\n<p>Esimerkiksi kazakstanin kielen sana &#8221;kaunis&#8221; on &#8221;\u0441\u044b\u04a3\u0448\u044b&#8221;. Kun kuvaillaan kaunista puutarhaa (\u0431\u0430\u049b), lause olisi &#8221;\u0441\u044b\u04a3\u0448\u044b \u0431\u0430\u049b&#8221;. Sanoaksesi &#8221;kauniimpi&#8221; k\u00e4ytt\u00e4isit &#8221;\u0441\u044b\u04a3\u0448\u044b\u0440\u0430\u049b&#8221;, kun taas &#8221;kaunein&#8221; muodostettaisiin k\u00e4ytt\u00e4m\u00e4ll\u00e4 &#8221;\u0441\u044b\u04a3\u0448\u044b&#8221;. Sanoaksesi &#8221;kaunein puutarha&#8221; k\u00e4ytt\u00e4isit &#8221;\u0441\u044b\u04a3\u0448\u044b \u0431\u0430\u049b&#8221;.<\/p>\n\n\n\n<h3 class=\"wp-block-heading\" id=\"h-3-verbs-tense-mood-and-aspect\">3. Verbit &#8211; aikamuoto, mieliala ja n\u00e4k\u00f6kulma<\/h3>\n\n\n\n<p>Kazakstanin verbit kuvaavat j\u00e4nnityst\u00e4, tunnelmaa ja n\u00e4k\u00f6kohtaa. Kieli sis\u00e4lt\u00e4\u00e4 kolme p\u00e4\u00e4muotoa: menneisyys, nykyisyys ja tulevaisuus. Jokaisella aikamuodolla on erilliset muodot, jotka perustuvat subjektipronominiin, mielialaan (kuten imperatiivi tai konditionaali) ja aspektiin (onko toiminta perfektiivinen, heijastaa suoritettua toimintaa vai ep\u00e4t\u00e4ydellinen, mik\u00e4 osoittaa jatkuvaa tai tavanomaista toimintaa).<\/p>\n\n\n\n<h3 class=\"wp-block-heading\" id=\"h-4-pronouns-personal-and-demonstrative\">4. Pronominit &#8211; henkil\u00f6kohtaiset ja demonstratiiviset<\/h3>\n\n\n\n<p>Kazakstanin kieliopin pronomineja ovat henkil\u00f6kohtaiset, omistushaluiset, demonstratiiviset, kysely- ja suhteelliset lajikkeet. Heid\u00e4n on sovittava tapauksesta ja numerosta substantiivin kanssa, johon he viittaavat tai korvaavat. Esimerkiksi demonstratiivisilla nimimerkeill\u00e4 on kolme muotoa: proksimaalinen (\u0431\u04b1\u043b), mediaalinen (\u043e\u0441\u044b) ja distaalinen (\u0430\u043d\u0430\u0443) riippuen et\u00e4isyydest\u00e4 puhujaan.<\/p>\n\n\n\n<h3 class=\"wp-block-heading\" id=\"h-5-embracing-the-uniqueness-of-kazakh-grammar\">5. Kazakin kieliopin ainutlaatuisuuden omaksuminen<\/h3>\n\n\n\n<p>Kun aloitat Kazakstanin kielen opettelun, muista, ett\u00e4 kyse ei ole siit\u00e4, ett\u00e4 hallitset kaikki vivahteet kerralla. Nauti l\u00f6yt\u00e4ess\u00e4si ainutlaatuisen kielioppij\u00e4rjestelm\u00e4n, joka erottaa kazakin muista ja vie aikaa sen ymm\u00e4rt\u00e4miseen tuntematta hukkua.<\/p>\n\n\n\n<p>Arvostamalla ja tutkimalla kazakstanin kieliopin erityispiirteit\u00e4 voit todella avata kielen kauneuden ja saada paremman p\u00e4\u00e4syn sen sis\u00e4lt\u00e4m\u00e4\u00e4n rikkaaseen kulttuuriperint\u00f6\u00f6n. \u0421\u04d9\u0442\u0442\u0456 \u043e\u049b\u0443 \u2013 Hyv\u00e4\u00e4 oppimista!<\/p>\n<\/div><\/div>\n\r\n<section class=\"learnNavigationSection\">\r\n            \r\n        <a href=\"https:\/\/talkpal.ai\/fi\/opi-kazakstanin-kieli\/\">\r\n            <div class=\"learnNavigationWrapper\">\r\n                <div class=\"learnNavigationContent\">\r\n                    <img decoding=\"async\" src=\"https:\/\/talkpal.ai\/wp-content\/uploads\/2024\/08\/Kazakh.jpg\" alt=\"Kazakh Flag\">\r\n                    <div>\r\n                        <h4>Tietoa Kazakstanin oppimisesta<\/h4>\r\n                        <p>Lue kaikki Kazakstanin kieliopista.<\/p>\r\n                    <\/div>\r\n                <\/div>\r\n            <\/div>\r\n        <\/a>\r\n\r\n        \r\n        <a href=\"https:\/\/talkpal.ai\/fi\/kazakstanin-kielioppiharjoitukset\/\">\r\n            <div class=\"learnNavigationWrapper\">\r\n                <div class=\"learnNavigationContent\">\r\n                    <img decoding=\"async\" src=\"https:\/\/talkpal.ai\/wp-content\/uploads\/2024\/08\/Kazakh.jpg\" alt=\"Kazakh Flag\">\r\n                    <div>\r\n                        <h4>Kazakstanin kielioppi Harjoitus<\/h4>\r\n                        <p>Harjoittele kazakstanin kielioppia.<\/p>\r\n                    <\/div>\r\n                <\/div>\r\n            <\/div>\r\n        <\/a>\r\n\r\n        \r\n        <a href=\"https:\/\/talkpal.ai\/vocabulary_language\/kazakh\/\">\r\n            <div class=\"learnNavigationWrapper\">\r\n                <div class=\"learnNavigationContent\">\r\n                    <img decoding=\"async\" src=\"https:\/\/talkpal.ai\/wp-content\/uploads\/2024\/08\/Kazakh.jpg\" alt=\"Kazakh Flag\">\r\n                    <div>\r\n                        <h4>Kazakstanin sanasto<\/h4>\r\n                        <p>Laajenna kazakstanin sanastoa.<\/p>\r\n                    <\/div>\r\n                <\/div>\r\n            <\/div>\r\n        <\/a>\r\n\r\n            <\/section>","protected":false},"excerpt":{"rendered":"<p>Kazakstanin kielioppi: Kazakstanin kielen salaisuuksien avaaminen Kun on kyse kazakin kielen oppimisesta, kazakin kieliopin perusteiden ymm\u00e4rt\u00e4minen on v\u00e4ltt\u00e4m\u00e4t\u00f6nt\u00e4 sen salaisuuksien avaamiseksi. Vaikka se saattaa aluksi tuntua pelottavalta, kielioppij\u00e4rjestelm\u00e4ss\u00e4 on ainutlaatuisia ominaisuuksia, jotka tekev\u00e4t kielest\u00e4 kiehtovan. T\u00e4ss\u00e4 artikkelissa pyrit\u00e4\u00e4n valottamaan kazakstanin kieliopin keskeisi\u00e4 n\u00e4k\u00f6kohtia ja tarjoamaan keskustelunomainen ja ep\u00e4muodollinen johdatus kielen rikkaaseen rakenteeseen. 1. Substantiivit &#8211; [&hellip;]<\/p>\n","protected":false},"author":1,"featured_media":28427,"parent":0,"menu_order":0,"comment_status":"closed","ping_status":"closed","template":"LearningContentPage.php","meta":{"_acf_changed":false,"footnotes":""},"class_list":["post-146495","page","type-page","status-publish","has-post-thumbnail","hentry"],"acf":[],"yoast_head":"<!-- This site is optimized with the Yoast SEO Premium plugin v27.2 (Yoast SEO v27.2) - https:\/\/yoast.com\/product\/yoast-seo-premium-wordpress\/ -->\n<title>Kazakin kielioppi - Talkpal<\/title>\n<meta name=\"description\" content=\"Opettele Kazakstanin kielioppi vaivattomasti - opettele keskeiset s\u00e4\u00e4nn\u00f6t, harjoittele lauserakenteita ja paranna sujuvuutta nopeasti.\" \/>\n<meta name=\"robots\" content=\"index, follow, max-snippet:-1, max-image-preview:large, max-video-preview:-1\" \/>\n<link rel=\"canonical\" href=\"https:\/\/talkpal.ai\/fi\/kazakin-kielioppi\/\" \/>\n<meta property=\"og:locale\" content=\"fi_FI\" \/>\n<meta property=\"og:type\" content=\"article\" \/>\n<meta property=\"og:title\" content=\"Kazakin kielioppi\" \/>\n<meta property=\"og:description\" content=\"Kazakstanin kielioppi: Kazakstanin kielen salaisuuksien avaaminen Kun on kyse kazakin kielen oppimisesta, kazakin kieliopin perusteiden ymm\u00e4rt\u00e4minen on\" \/>\n<meta property=\"og:url\" content=\"https:\/\/talkpal.ai\/fi\/kazakin-kielioppi\/\" \/>\n<meta property=\"og:site_name\" content=\"Talkpal\" \/>\n<meta property=\"article:publisher\" content=\"https:\/\/www.facebook.com\/profile.php?id=100090733639311\" \/>\n<meta property=\"article:modified_time\" content=\"2025-12-17T16:59:20+00:00\" \/>\n<meta property=\"og:image\" content=\"https:\/\/talkpal.ai\/wp-content\/uploads\/2023\/05\/kazakhstan.png\" \/>\n\t<meta property=\"og:image:width\" content=\"512\" \/>\n\t<meta property=\"og:image:height\" content=\"512\" \/>\n\t<meta property=\"og:image:type\" content=\"image\/png\" \/>\n<meta name=\"twitter:card\" content=\"summary_large_image\" \/>\n<meta name=\"twitter:site\" content=\"@talkpalai\" \/>\n<meta name=\"twitter:label1\" content=\"Arvioitu lukuaika\" \/>\n\t<meta name=\"twitter:data1\" content=\"2 minuuttia\" \/>\n<script type=\"application\/ld+json\" class=\"yoast-schema-graph\">{\"@context\":\"https:\/\/schema.org\",\"@graph\":[{\"@type\":\"WebPage\",\"@id\":\"https:\/\/talkpal.ai\/fi\/kazakin-kielioppi\/\",\"url\":\"https:\/\/talkpal.ai\/fi\/kazakin-kielioppi\/\",\"name\":\"Kazakin kielioppi - Talkpal\",\"isPartOf\":{\"@id\":\"https:\/\/talkpal.ai\/fi\/#website\"},\"primaryImageOfPage\":{\"@id\":\"https:\/\/talkpal.ai\/fi\/kazakin-kielioppi\/#primaryimage\"},\"image\":{\"@id\":\"https:\/\/talkpal.ai\/fi\/kazakin-kielioppi\/#primaryimage\"},\"thumbnailUrl\":\"https:\/\/talkpal.ai\/wp-content\/uploads\/2023\/05\/kazakhstan.png\",\"datePublished\":\"2023-05-14T14:11:00+00:00\",\"dateModified\":\"2025-12-17T16:59:20+00:00\",\"description\":\"Opettele Kazakstanin kielioppi vaivattomasti - opettele keskeiset s\u00e4\u00e4nn\u00f6t, harjoittele lauserakenteita ja paranna sujuvuutta nopeasti.\",\"breadcrumb\":{\"@id\":\"https:\/\/talkpal.ai\/fi\/kazakin-kielioppi\/#breadcrumb\"},\"inLanguage\":\"fi\",\"potentialAction\":[{\"@type\":\"ReadAction\",\"target\":[\"https:\/\/talkpal.ai\/fi\/kazakin-kielioppi\/\"]}]},{\"@type\":\"ImageObject\",\"inLanguage\":\"fi\",\"@id\":\"https:\/\/talkpal.ai\/fi\/kazakin-kielioppi\/#primaryimage\",\"url\":\"https:\/\/talkpal.ai\/wp-content\/uploads\/2023\/05\/kazakhstan.png\",\"contentUrl\":\"https:\/\/talkpal.ai\/wp-content\/uploads\/2023\/05\/kazakhstan.png\",\"width\":512,\"height\":512},{\"@type\":\"BreadcrumbList\",\"@id\":\"https:\/\/talkpal.ai\/fi\/kazakin-kielioppi\/#breadcrumb\",\"itemListElement\":[{\"@type\":\"ListItem\",\"position\":1,\"name\":\"Homepage\",\"item\":\"https:\/\/talkpal.ai\/fi\/\"},{\"@type\":\"ListItem\",\"position\":2,\"name\":\"Kazakin kielioppi\"}]},{\"@type\":\"WebSite\",\"@id\":\"https:\/\/talkpal.ai\/fi\/#website\",\"url\":\"https:\/\/talkpal.ai\/fi\/\",\"name\":\"Talkpal\",\"description\":\"AI Language Learning\",\"publisher\":{\"@id\":\"https:\/\/talkpal.ai\/fi\/#organization\"},\"alternateName\":\"Talkpal AI\",\"potentialAction\":[{\"@type\":\"SearchAction\",\"target\":{\"@type\":\"EntryPoint\",\"urlTemplate\":\"https:\/\/talkpal.ai\/fi\/?s={search_term_string}\"},\"query-input\":{\"@type\":\"PropertyValueSpecification\",\"valueRequired\":true,\"valueName\":\"search_term_string\"}}],\"inLanguage\":\"fi\"},{\"@type\":\"Organization\",\"@id\":\"https:\/\/talkpal.ai\/fi\/#organization\",\"name\":\"Talkpal, Inc.\",\"alternateName\":\"Talkpal AI\",\"url\":\"https:\/\/talkpal.ai\/fi\/\",\"logo\":{\"@type\":\"ImageObject\",\"inLanguage\":\"fi\",\"@id\":\"https:\/\/talkpal.ai\/fi\/#\/schema\/logo\/image\/\",\"url\":\"https:\/\/talkpal.ai\/wp-content\/uploads\/2024\/03\/Talkpal-Logo-Icon.png\",\"contentUrl\":\"https:\/\/talkpal.ai\/wp-content\/uploads\/2024\/03\/Talkpal-Logo-Icon.png\",\"width\":2880,\"height\":2880,\"caption\":\"Talkpal, Inc.\"},\"image\":{\"@id\":\"https:\/\/talkpal.ai\/fi\/#\/schema\/logo\/image\/\"},\"sameAs\":[\"https:\/\/www.facebook.com\/profile.php?id=100090733639311\",\"https:\/\/x.com\/talkpalai\",\"https:\/\/www.linkedin.com\/company\/talkpal\/\",\"https:\/\/www.youtube.com\/@TalkPal\/\",\"https:\/\/www.tiktok.com\/@talkpal\",\"https:\/\/www.instagram.com\/talkpal_ai\/\",\"https:\/\/www.crunchbase.com\/organization\/talkpal-9cde\",\"https:\/\/www.g2.com\/products\/talkpal-for-business\/\",\"https:\/\/www.trustpilot.com\/review\/talkpal.ai\",\"https:\/\/www.capterra.com\/p\/10006800\/TalkPal\/\"],\"description\":\"Talkpal is a language learning web and mobile education app, powered by the latest AI technologies, that provides engaging experiences to its customers in many different languages to help them improve their language skills. Users can chat about unlimited amount of topics with the app and use other modes to practice their language learning.\",\"email\":\"support@talkpal.ai\",\"legalName\":\"Talkpal, Inc.\",\"foundingDate\":\"2023-04-03\",\"duns\":\"118989042\",\"numberOfEmployees\":{\"@type\":\"QuantitativeValue\",\"minValue\":\"11\",\"maxValue\":\"50\"},\"publishingPrinciples\":\"https:\/\/talkpal.ai\/publishing-principles\/\",\"actionableFeedbackPolicy\":\"https:\/\/talkpal.ai\/actionable-feedback-policy\/\",\"correctionsPolicy\":\"https:\/\/talkpal.ai\/corrections-policy\/\",\"ethicsPolicy\":\"https:\/\/talkpal.ai\/ethics-policy\/\",\"diversityPolicy\":\"https:\/\/talkpal.ai\/diversity-policy\/\",\"diversityStaffingReport\":\"https:\/\/talkpal.ai\/diversity-policy\/\"}]}<\/script>\n<!-- \/ Yoast SEO Premium plugin. -->","yoast_head_json":{"title":"Kazakin kielioppi - Talkpal","description":"Opettele Kazakstanin kielioppi vaivattomasti - opettele keskeiset s\u00e4\u00e4nn\u00f6t, harjoittele lauserakenteita ja paranna sujuvuutta nopeasti.","robots":{"index":"index","follow":"follow","max-snippet":"max-snippet:-1","max-image-preview":"max-image-preview:large","max-video-preview":"max-video-preview:-1"},"canonical":"https:\/\/talkpal.ai\/fi\/kazakin-kielioppi\/","og_locale":"fi_FI","og_type":"article","og_title":"Kazakin kielioppi","og_description":"Kazakstanin kielioppi: Kazakstanin kielen salaisuuksien avaaminen Kun on kyse kazakin kielen oppimisesta, kazakin kieliopin perusteiden ymm\u00e4rt\u00e4minen on","og_url":"https:\/\/talkpal.ai\/fi\/kazakin-kielioppi\/","og_site_name":"Talkpal","article_publisher":"https:\/\/www.facebook.com\/profile.php?id=100090733639311","article_modified_time":"2025-12-17T16:59:20+00:00","og_image":[{"width":512,"height":512,"url":"https:\/\/talkpal.ai\/wp-content\/uploads\/2023\/05\/kazakhstan.png","type":"image\/png"}],"twitter_card":"summary_large_image","twitter_site":"@talkpalai","twitter_misc":{"Arvioitu lukuaika":"2 minuuttia"},"schema":{"@context":"https:\/\/schema.org","@graph":[{"@type":"WebPage","@id":"https:\/\/talkpal.ai\/fi\/kazakin-kielioppi\/","url":"https:\/\/talkpal.ai\/fi\/kazakin-kielioppi\/","name":"Kazakin kielioppi - Talkpal","isPartOf":{"@id":"https:\/\/talkpal.ai\/fi\/#website"},"primaryImageOfPage":{"@id":"https:\/\/talkpal.ai\/fi\/kazakin-kielioppi\/#primaryimage"},"image":{"@id":"https:\/\/talkpal.ai\/fi\/kazakin-kielioppi\/#primaryimage"},"thumbnailUrl":"https:\/\/talkpal.ai\/wp-content\/uploads\/2023\/05\/kazakhstan.png","datePublished":"2023-05-14T14:11:00+00:00","dateModified":"2025-12-17T16:59:20+00:00","description":"Opettele Kazakstanin kielioppi vaivattomasti - opettele keskeiset s\u00e4\u00e4nn\u00f6t, harjoittele lauserakenteita ja paranna sujuvuutta nopeasti.","breadcrumb":{"@id":"https:\/\/talkpal.ai\/fi\/kazakin-kielioppi\/#breadcrumb"},"inLanguage":"fi","potentialAction":[{"@type":"ReadAction","target":["https:\/\/talkpal.ai\/fi\/kazakin-kielioppi\/"]}]},{"@type":"ImageObject","inLanguage":"fi","@id":"https:\/\/talkpal.ai\/fi\/kazakin-kielioppi\/#primaryimage","url":"https:\/\/talkpal.ai\/wp-content\/uploads\/2023\/05\/kazakhstan.png","contentUrl":"https:\/\/talkpal.ai\/wp-content\/uploads\/2023\/05\/kazakhstan.png","width":512,"height":512},{"@type":"BreadcrumbList","@id":"https:\/\/talkpal.ai\/fi\/kazakin-kielioppi\/#breadcrumb","itemListElement":[{"@type":"ListItem","position":1,"name":"Homepage","item":"https:\/\/talkpal.ai\/fi\/"},{"@type":"ListItem","position":2,"name":"Kazakin kielioppi"}]},{"@type":"WebSite","@id":"https:\/\/talkpal.ai\/fi\/#website","url":"https:\/\/talkpal.ai\/fi\/","name":"Talkpal","description":"AI Language Learning","publisher":{"@id":"https:\/\/talkpal.ai\/fi\/#organization"},"alternateName":"Talkpal AI","potentialAction":[{"@type":"SearchAction","target":{"@type":"EntryPoint","urlTemplate":"https:\/\/talkpal.ai\/fi\/?s={search_term_string}"},"query-input":{"@type":"PropertyValueSpecification","valueRequired":true,"valueName":"search_term_string"}}],"inLanguage":"fi"},{"@type":"Organization","@id":"https:\/\/talkpal.ai\/fi\/#organization","name":"Talkpal, Inc.","alternateName":"Talkpal AI","url":"https:\/\/talkpal.ai\/fi\/","logo":{"@type":"ImageObject","inLanguage":"fi","@id":"https:\/\/talkpal.ai\/fi\/#\/schema\/logo\/image\/","url":"https:\/\/talkpal.ai\/wp-content\/uploads\/2024\/03\/Talkpal-Logo-Icon.png","contentUrl":"https:\/\/talkpal.ai\/wp-content\/uploads\/2024\/03\/Talkpal-Logo-Icon.png","width":2880,"height":2880,"caption":"Talkpal, Inc."},"image":{"@id":"https:\/\/talkpal.ai\/fi\/#\/schema\/logo\/image\/"},"sameAs":["https:\/\/www.facebook.com\/profile.php?id=100090733639311","https:\/\/x.com\/talkpalai","https:\/\/www.linkedin.com\/company\/talkpal\/","https:\/\/www.youtube.com\/@TalkPal\/","https:\/\/www.tiktok.com\/@talkpal","https:\/\/www.instagram.com\/talkpal_ai\/","https:\/\/www.crunchbase.com\/organization\/talkpal-9cde","https:\/\/www.g2.com\/products\/talkpal-for-business\/","https:\/\/www.trustpilot.com\/review\/talkpal.ai","https:\/\/www.capterra.com\/p\/10006800\/TalkPal\/"],"description":"Talkpal is a language learning web and mobile education app, powered by the latest AI technologies, that provides engaging experiences to its customers in many different languages to help them improve their language skills. Users can chat about unlimited amount of topics with the app and use other modes to practice their language learning.","email":"support@talkpal.ai","legalName":"Talkpal, Inc.","foundingDate":"2023-04-03","duns":"118989042","numberOfEmployees":{"@type":"QuantitativeValue","minValue":"11","maxValue":"50"},"publishingPrinciples":"https:\/\/talkpal.ai\/publishing-principles\/","actionableFeedbackPolicy":"https:\/\/talkpal.ai\/actionable-feedback-policy\/","correctionsPolicy":"https:\/\/talkpal.ai\/corrections-policy\/","ethicsPolicy":"https:\/\/talkpal.ai\/ethics-policy\/","diversityPolicy":"https:\/\/talkpal.ai\/diversity-policy\/","diversityStaffingReport":"https:\/\/talkpal.ai\/diversity-policy\/"}]}},"_links":{"self":[{"href":"https:\/\/talkpal.ai\/fi\/wp-json\/wp\/v2\/pages\/146495","targetHints":{"allow":["GET"]}}],"collection":[{"href":"https:\/\/talkpal.ai\/fi\/wp-json\/wp\/v2\/pages"}],"about":[{"href":"https:\/\/talkpal.ai\/fi\/wp-json\/wp\/v2\/types\/page"}],"author":[{"embeddable":true,"href":"https:\/\/talkpal.ai\/fi\/wp-json\/wp\/v2\/users\/1"}],"replies":[{"embeddable":true,"href":"https:\/\/talkpal.ai\/fi\/wp-json\/wp\/v2\/comments?post=146495"}],"version-history":[{"count":0,"href":"https:\/\/talkpal.ai\/fi\/wp-json\/wp\/v2\/pages\/146495\/revisions"}],"wp:featuredmedia":[{"embeddable":true,"href":"https:\/\/talkpal.ai\/fi\/wp-json\/wp\/v2\/media\/28427"}],"wp:attachment":[{"href":"https:\/\/talkpal.ai\/fi\/wp-json\/wp\/v2\/media?parent=146495"}],"curies":[{"name":"wp","href":"https:\/\/api.w.org\/{rel}","templated":true}]}}