{"id":1464931,"date":"2025-11-12T09:38:09","date_gmt":"2025-11-12T09:38:09","guid":{"rendered":"https:\/\/talkpal.ai\/gujaratin-kielioppi\/"},"modified":"2025-12-30T15:11:52","modified_gmt":"2025-12-30T15:11:52","slug":"gujaratin-kielioppi","status":"publish","type":"page","link":"https:\/\/talkpal.ai\/fi\/gujaratin-kielioppi\/","title":{"rendered":"Gujaratin kielioppi"},"content":{"rendered":"\r\n\r\n\r\n<section class=\"languageChallengeSection\">\r\n    <div class=\"languageInfoWrapper\">\r\n        \r\n        <h1>Gujaratin kielioppi<\/h1>\r\n        <p><a href=\"https:\/\/talkpal.ai\/gujarati-grammar\/\">Gujaratin kielioppi<\/a> saattaa aluksi tuntua haastavalta, mutta sen ainutlaatuiset ominaisuudet tekev\u00e4t kielen oppimisesta palkitsevan kokemuksen. Tutustumalla sen aakkosiin, mutaatioihin ja kielioppis\u00e4\u00e4nt\u00f6ihin saat k\u00e4sityksen rikkaasta kieliperinteest\u00e4. Aloita matkasi ja tutustu Gujaratin kauneuteen!<\/p>\r\n\r\n                            <a class=\"getStartedHidden\" href=\"https:\/\/app.talkpal.ai\/fi\/signup?lng=\">Aloita<\/a>\r\n        \r\n    <\/div>\r\n\r\n    <figure>\r\n    <img decoding=\"async\" width=\"768\" height=\"768\" src=\"https:\/\/talkpal.ai\/wp-content\/uploads\/2023\/06\/welsh-768x768.png\" class=\"languageImage no-lazy\" alt=\"Default alt text\" fetchpriority=\"high\" sizes=\"(max-width: 768px) 150px, 768px\" srcset=\"https:\/\/talkpal.ai\/wp-content\/uploads\/2023\/06\/welsh-768x768.png 768w, https:\/\/talkpal.ai\/wp-content\/uploads\/2023\/06\/welsh-300x300.png 300w\" \/>\r\n    \r\n\r\n    <\/figure>\r\n\r\n            <a class=\"getStartedVisible\" href=\"https:\/\/app.talkpal.ai\/fi\/signup?lng=\">Aloita<\/a>\r\n    \r\n<\/section><section class=\"promotionalBanner\">\r\n    <p class=\"promotionalText\">Tehokkain tapa oppia kielt\u00e4<\/p>\r\n    <a class=\"promotionalLink\" href=\"https:\/\/app.talkpal.ai\/fi\/signup?lng=\">Kokeile Talkpal ilmaiseksi<\/a>\r\n<\/section>\n<div class=\"wp-block-group pageContainerStyle\"><div class=\"wp-block-group__inner-container is-layout-constrained wp-block-group-is-layout-constrained\">\n<h2 class=\"wp-block-heading\" id=\"h-navigating-the-intricacies-of-gujarati-grammar\">Navigointi gujaratin kieliopin monimutkaisuudessa<\/h2>\n\n\n\n<p><a href=\"https:\/\/talkpal.ai\/fi\/opi-gujaratia\/\">Gujarati<\/a>, indoarjalainen kieli, jolla on rikas historia ja kulttuurinen merkitys, tarjoaa j\u00e4nnitt\u00e4v\u00e4n kielellisen kokemuksen niille, jotka haluavat tutustua sen ainutlaatuiseen kielioppij\u00e4rjestelm\u00e4\u00e4n. Kun uskaltaudut Gujaratin valtakuntaan, et vain rikasta kielellist\u00e4 repertuaariasi, vaan my\u00f6s omaksut kiehtovan kulttuurimatkan. Vaikka gujaratin kielioppi saattaa aluksi tuntua monimutkaiselta, sen jakaminen ydinosiin tekee kielen oppimisesta helpommin l\u00e4hestytt\u00e4v\u00e4\u00e4. T\u00e4ss\u00e4 artikkelissa tutkimme gujaratin kieliopin kiehtovaa maailmaa ja annamme vinkkej\u00e4 sen monimutkaisuuden hallitsemiseen.<\/p>\n\n\n\n<h3 class=\"wp-block-heading\" id=\"h-1-gujarati-alphabet-and-phonetics\">1. Gujaratin aakkoset ja fonetiikka<\/h3>\n\n\n\n<p>Gujaratin kirjoitus on abugida, joka k\u00e4ytt\u00e4\u00e4 joukkoa konsonantteja ja vokaaleja, joissa on diakriittisi\u00e4 merkkej\u00e4, joita kutsutaan matroiksi, ja siin\u00e4 on luontainen vokaali, jota muokataan <a href=\"https:\/\/talkpal.ai\/learn-thai\/\">tai<\/a> tukahdutetaan kontekstissa. Gujaratin kieliopin oppimiseksi on t\u00e4rke\u00e4\u00e4 tutustua t\u00e4h\u00e4n erottuvaan kirjoitusj\u00e4rjestelm\u00e4\u00e4n harjoittelemalla lukemista ja kirjoittamista gujaratiksi.<\/p>\n\n\n\n<h3 class=\"wp-block-heading\" id=\"h-2-postpositions-and-case-markers-a-peculiar-gujarati-feature\">2. Postpositiot ja tapausmerkit: erikoinen gujaratin ominaisuus<\/h3>\n\n\n\n<p>Yksi gujaratin kieliopin silmiinpist\u00e4vimmist\u00e4 puolista on substantiiveja seuraavien postpositioiden ja sijamerkkien k\u00e4ytt\u00f6 kieliopillisten suhteiden osoittamiseksi. Yleisi\u00e4 markkereita ovat datiivi -ne, genetiivi -no\/-ni\/-nu, joka on yhtenev\u00e4inen hallussa olevan substantiivin kanssa, instrumentaali -thi, lokatiivi -ma ja ergatiivi -e monissa menneiss\u00e4 transitiivilauseissa. N\u00e4iden merkkien esiintymisen ymm\u00e4rt\u00e4minen on elint\u00e4rke\u00e4\u00e4 tarkan viestinn\u00e4n kannalta Gujaratissa.<\/p>\n\n\n\n<h3 class=\"wp-block-heading\" id=\"h-3-nouns-and-pronouns-gender-and-cases\">3. Substantiivit ja pronominit: sukupuoli ja tapaukset<\/h3>\n\n\n\n<p>Gujaratin substantiiveilla on kieliopillinen sukupuoli (maskuliininen, feminiininen tai neutri) ja ne noudattavat erilaisia monikkomuotoja ja sopimusmalleja sukupuolensa ja lukum\u00e4\u00e4r\u00e4ns\u00e4 perusteella. Gujaratin pronomineja ovat persoonalliset, omistus-, refleksiiviset, demonstratiiviset ja <a href=\"https:\/\/talkpal.ai\/fi\/grammar_exercises\/kysyvat-pronominit-harjoitukset-hindin-kielioppiin\/\">kysyv\u00e4t pronominit<\/a>. N\u00e4ihin pronomineihin ja niiden muotoihin tutustuminen parantaa merkitt\u00e4v\u00e4sti k\u00e4sityst\u00e4si gujaratin kieliopista.<\/p>\n\n\n\n<h3 class=\"wp-block-heading\" id=\"h-4-verbs-structure-and-conjugation\">4. Verbit: rakenne ja taivutus<\/h3>\n\n\n\n<p>Gujaratin verbit noudattavat erottuvaa rakennetta ja taivutusmallia aikamuodosta, aspektista, mielialasta ja henkil\u00f6st\u00e4 riippuen, ja sopimusmallit voivat vaihdella sukupuolen ja numeron mukaan joissakin yhteyksiss\u00e4. Gujaratin olennaisia aikamuotoja ovat nykyisyys, menneisyys ja tulevaisuus, ja niiss\u00e4 on lis\u00e4elementtej\u00e4, kuten tavanomaiset, progressiiviset, perfektiiviset n\u00e4k\u00f6kohdat sek\u00e4 ehdolliset ja imperatiiviset tunnelmat. Verbien taivutuss\u00e4\u00e4nt\u00f6jen oppiminen parantaa kyky\u00e4si kommunikoida tehokkaasti gujaratiksi.<\/p>\n\n\n\n<h3 class=\"wp-block-heading\" id=\"h-5-adjectives-agreement-and-placement\">5. Adjektiivit: sopimus ja sijoitus<\/h3>\n\n\n\n<p>Gujaratin kieliopissa adjektiivit edelt\u00e4v\u00e4t tyypillisesti muokkaamaansa substantiivia, ja deklaroitavat adjektiivit ovat sukupuolen ja lukum\u00e4\u00e4r\u00e4n suhteen samaa mielt\u00e4 substantiivin kanssa. Monet adjektiivit ovat taipumattomia, ja vertailevat ja superlatiivimerkitykset muodostetaan yleisesti <a href=\"https:\/\/talkpal.ai\/ar\/grammar_exercises\/adverbien-%d8%aa%d9%85%d8%a7%d8%b1%d9%8a%d9%86-%d9%84%d9%84%d9%82%d9%88%d8%a7%d8%b9%d8%af-%d8%a7%d9%84%d8%a3%d9%84%d9%85%d8%a7%d9%86%d9%8a%d8%a9\/\">adverbien<\/a> vadhaare (lis\u00e4\u00e4) ja savthi (useimmat) kanssa, jotka ovat v\u00e4ltt\u00e4m\u00e4tt\u00f6mi\u00e4 luonnollisemman kommunikoinnin oppimiseksi.<\/p>\n\n\n\n<p><strong>Esimerkkej\u00e4:<\/strong><\/p>\n\n\n\n<p><strong>\u2013 \u0aae\u0acb\u0a9f\u0acb \u0aaa\u0acd\u0ab0\u0ac7\u0aae (suuri rakkaus)<\/strong><\/p>\n\n\n\n<p><strong>\u2013 \u0aa8\u0abe\u0aa8\u0abe \u0aac\u0abe\u0ab3\u0a95\u0acb (pienet lapset)<\/strong><\/p>\n\n\n\n<h3 class=\"wp-block-heading\" id=\"h-6-engaging-with-the-language\">6. Sitoutuminen kieleen<\/h3>\n\n\n\n<p>Tehokkain tapa ymm\u00e4rt\u00e4\u00e4 ja sis\u00e4ist\u00e4\u00e4 gujaratin kielioppi on olla johdonmukaisesti tekemisiss\u00e4 kielen kanssa. Lukemalla gujaratin kirjallisuutta, katsomalla gujaratin elokuvia tai televisiosarjoja ja kommunikoimalla aktiivisesti \u00e4idinkielen\u00e4\u00e4n puhuvien kanssa vahvistat kieliopin ymm\u00e4rryst\u00e4si ja laajennat sanavarastoasi.<\/p>\n\n\n\n<h3 class=\"wp-block-heading\" id=\"h-conclusion\">P\u00e4\u00e4telm\u00e4<\/h3>\n\n\n\n<p>Vaikka gujaratin kielioppi saattaa tuntua monimutkaiselta, voit oppia t\u00e4m\u00e4n kauniin kielen omistautumalla, harjoittelemalla ja innolla. Keskittym\u00e4ll\u00e4 peruss\u00e4\u00e4nt\u00f6ihin ja osallistumalla kieleen eri yhteyksiss\u00e4 parannat nopeasti gujaratin <a href=\"https:\/\/talkpal.ai\/fi\/kielioppi\/\">kielioppitaitojasi<\/a>. Shubhkamnao (onnentoivotuksia) gujaratin kielimatkallasi ja nauti gujaratin kieliopin arvoituksellisen mutta kiehtovan maailman purkamisesta!<\/p>\n<\/div><\/div>\n\r\n<section class=\"learnNavigationSection\">\r\n            \r\n        <a href=\"https:\/\/talkpal.ai\/fi\/opi-gujaratia\/\">\r\n            <div class=\"learnNavigationWrapper\">\r\n                <div class=\"learnNavigationContent\">\r\n                    <img decoding=\"async\" src=\"https:\/\/talkpal.ai\/wp-content\/uploads\/2025\/11\/Gujarati.png\" alt=\"Indian Simplified Flag\">\r\n                    <div>\r\n                        <h4>Tietoja Gujarati Learningista<\/h4>\r\n                        <p>Ota selv\u00e4\u00e4 Gujaratin kieliopista.<\/p>\r\n                    <\/div>\r\n                <\/div>\r\n            <\/div>\r\n        <\/a>\r\n\r\n        \r\n        <a href=\"https:\/\/talkpal.ai\/fi\/gujaratin-kielioppiharjoitukset\/\">\r\n            <div class=\"learnNavigationWrapper\">\r\n                <div class=\"learnNavigationContent\">\r\n                    <img decoding=\"async\" src=\"https:\/\/talkpal.ai\/wp-content\/uploads\/2025\/11\/Gujarati.png\" alt=\"Indian Simplified Flag\">\r\n                    <div>\r\n                        <h4>Gujaratin kielioppiharjoitus<\/h4>\r\n                        <p>Harjoittele gujaratin kielioppia.<\/p>\r\n                    <\/div>\r\n                <\/div>\r\n            <\/div>\r\n        <\/a>\r\n\r\n            <\/section>","protected":false},"excerpt":{"rendered":"<p>Navigointi gujaratin kieliopin monimutkaisuudessa Gujarati, indoarjalainen kieli, jolla on rikas historia ja kulttuurinen merkitys, tarjoaa j\u00e4nnitt\u00e4v\u00e4n kielellisen kokemuksen niille, jotka haluavat tutustua sen ainutlaatuiseen kielioppij\u00e4rjestelm\u00e4\u00e4n. Kun uskaltaudut Gujaratin valtakuntaan, et vain rikasta kielellist\u00e4 repertuaariasi, vaan my\u00f6s omaksut kiehtovan kulttuurimatkan. Vaikka gujaratin kielioppi saattaa aluksi tuntua monimutkaiselta, sen jakaminen ydinosiin tekee kielen oppimisesta helpommin l\u00e4hestytt\u00e4v\u00e4\u00e4. T\u00e4ss\u00e4 [&hellip;]<\/p>\n","protected":false},"author":20,"featured_media":0,"parent":0,"menu_order":0,"comment_status":"closed","ping_status":"closed","template":"LearningContentPage.php","meta":{"_acf_changed":false,"footnotes":""},"class_list":["post-1464931","page","type-page","status-publish","hentry"],"acf":[],"yoast_head":"<!-- This site is optimized with the Yoast SEO Premium plugin v27.2 (Yoast SEO v27.2) - https:\/\/yoast.com\/product\/yoast-seo-premium-wordpress\/ -->\n<title>Gujaratin kielioppi - Talkpal<\/title>\n<meta name=\"description\" content=\"Opettele gujaratin kieliopin perusteet, mukaan lukien verbit ja substantiivit, jotta voit parantaa kielitaitoasi merkitt\u00e4v\u00e4sti.\" \/>\n<meta name=\"robots\" content=\"index, follow, max-snippet:-1, max-image-preview:large, max-video-preview:-1\" \/>\n<link rel=\"canonical\" href=\"https:\/\/talkpal.ai\/fi\/gujaratin-kielioppi\/\" \/>\n<meta property=\"og:locale\" content=\"fi_FI\" \/>\n<meta property=\"og:type\" content=\"article\" \/>\n<meta property=\"og:title\" content=\"Gujaratin kielioppi\" \/>\n<meta property=\"og:description\" content=\"Navigointi gujaratin kieliopin monimutkaisuudessa Gujarati, indoarjalainen kieli, jolla on rikas historia ja kulttuurinen merkitys, tarjoaa j\u00e4nnitt\u00e4v\u00e4n\" \/>\n<meta property=\"og:url\" content=\"https:\/\/talkpal.ai\/fi\/gujaratin-kielioppi\/\" \/>\n<meta property=\"og:site_name\" content=\"Talkpal\" \/>\n<meta property=\"article:publisher\" content=\"https:\/\/www.facebook.com\/profile.php?id=100090733639311\" \/>\n<meta property=\"article:modified_time\" content=\"2025-12-30T15:11:52+00:00\" \/>\n<meta property=\"og:image\" content=\"https:\/\/talkpal.ai\/wp-content\/uploads\/2025\/02\/Progress-tab-16_9.png\" \/>\n\t<meta property=\"og:image:width\" content=\"2880\" \/>\n\t<meta property=\"og:image:height\" content=\"1620\" \/>\n\t<meta property=\"og:image:type\" content=\"image\/png\" \/>\n<meta name=\"twitter:card\" content=\"summary_large_image\" \/>\n<meta name=\"twitter:site\" content=\"@talkpalai\" \/>\n<meta name=\"twitter:label1\" content=\"Arvioitu lukuaika\" \/>\n\t<meta name=\"twitter:data1\" content=\"2 minuuttia\" \/>\n<script type=\"application\/ld+json\" class=\"yoast-schema-graph\">{\"@context\":\"https:\/\/schema.org\",\"@graph\":[{\"@type\":\"WebPage\",\"@id\":\"https:\/\/talkpal.ai\/fi\/gujaratin-kielioppi\/\",\"url\":\"https:\/\/talkpal.ai\/fi\/gujaratin-kielioppi\/\",\"name\":\"Gujaratin kielioppi - Talkpal\",\"isPartOf\":{\"@id\":\"https:\/\/talkpal.ai\/fi\/#website\"},\"datePublished\":\"2025-11-12T09:38:09+00:00\",\"dateModified\":\"2025-12-30T15:11:52+00:00\",\"description\":\"Opettele gujaratin kieliopin perusteet, mukaan lukien verbit ja substantiivit, jotta voit parantaa kielitaitoasi merkitt\u00e4v\u00e4sti.\",\"breadcrumb\":{\"@id\":\"https:\/\/talkpal.ai\/fi\/gujaratin-kielioppi\/#breadcrumb\"},\"inLanguage\":\"fi\",\"potentialAction\":[{\"@type\":\"ReadAction\",\"target\":[\"https:\/\/talkpal.ai\/fi\/gujaratin-kielioppi\/\"]}]},{\"@type\":\"BreadcrumbList\",\"@id\":\"https:\/\/talkpal.ai\/fi\/gujaratin-kielioppi\/#breadcrumb\",\"itemListElement\":[{\"@type\":\"ListItem\",\"position\":1,\"name\":\"Homepage\",\"item\":\"https:\/\/talkpal.ai\/fi\/\"},{\"@type\":\"ListItem\",\"position\":2,\"name\":\"Gujaratin kielioppi\"}]},{\"@type\":\"WebSite\",\"@id\":\"https:\/\/talkpal.ai\/fi\/#website\",\"url\":\"https:\/\/talkpal.ai\/fi\/\",\"name\":\"Talkpal\",\"description\":\"AI Language Learning\",\"publisher\":{\"@id\":\"https:\/\/talkpal.ai\/fi\/#organization\"},\"alternateName\":\"Talkpal AI\",\"potentialAction\":[{\"@type\":\"SearchAction\",\"target\":{\"@type\":\"EntryPoint\",\"urlTemplate\":\"https:\/\/talkpal.ai\/fi\/?s={search_term_string}\"},\"query-input\":{\"@type\":\"PropertyValueSpecification\",\"valueRequired\":true,\"valueName\":\"search_term_string\"}}],\"inLanguage\":\"fi\"},{\"@type\":\"Organization\",\"@id\":\"https:\/\/talkpal.ai\/fi\/#organization\",\"name\":\"Talkpal, Inc.\",\"alternateName\":\"Talkpal AI\",\"url\":\"https:\/\/talkpal.ai\/fi\/\",\"logo\":{\"@type\":\"ImageObject\",\"inLanguage\":\"fi\",\"@id\":\"https:\/\/talkpal.ai\/fi\/#\/schema\/logo\/image\/\",\"url\":\"https:\/\/talkpal.ai\/wp-content\/uploads\/2024\/03\/Talkpal-Logo-Icon.png\",\"contentUrl\":\"https:\/\/talkpal.ai\/wp-content\/uploads\/2024\/03\/Talkpal-Logo-Icon.png\",\"width\":2880,\"height\":2880,\"caption\":\"Talkpal, Inc.\"},\"image\":{\"@id\":\"https:\/\/talkpal.ai\/fi\/#\/schema\/logo\/image\/\"},\"sameAs\":[\"https:\/\/www.facebook.com\/profile.php?id=100090733639311\",\"https:\/\/x.com\/talkpalai\",\"https:\/\/www.linkedin.com\/company\/talkpal\/\",\"https:\/\/www.youtube.com\/@TalkPal\/\",\"https:\/\/www.tiktok.com\/@talkpal\",\"https:\/\/www.instagram.com\/talkpal_ai\/\",\"https:\/\/www.crunchbase.com\/organization\/talkpal-9cde\",\"https:\/\/www.g2.com\/products\/talkpal-for-business\/\",\"https:\/\/www.trustpilot.com\/review\/talkpal.ai\",\"https:\/\/www.capterra.com\/p\/10006800\/TalkPal\/\"],\"description\":\"Talkpal is a language learning web and mobile education app, powered by the latest AI technologies, that provides engaging experiences to its customers in many different languages to help them improve their language skills. Users can chat about unlimited amount of topics with the app and use other modes to practice their language learning.\",\"email\":\"support@talkpal.ai\",\"legalName\":\"Talkpal, Inc.\",\"foundingDate\":\"2023-04-03\",\"duns\":\"118989042\",\"numberOfEmployees\":{\"@type\":\"QuantitativeValue\",\"minValue\":\"11\",\"maxValue\":\"50\"},\"publishingPrinciples\":\"https:\/\/talkpal.ai\/publishing-principles\/\",\"actionableFeedbackPolicy\":\"https:\/\/talkpal.ai\/actionable-feedback-policy\/\",\"correctionsPolicy\":\"https:\/\/talkpal.ai\/corrections-policy\/\",\"ethicsPolicy\":\"https:\/\/talkpal.ai\/ethics-policy\/\",\"diversityPolicy\":\"https:\/\/talkpal.ai\/diversity-policy\/\",\"diversityStaffingReport\":\"https:\/\/talkpal.ai\/diversity-policy\/\"}]}<\/script>\n<!-- \/ Yoast SEO Premium plugin. -->","yoast_head_json":{"title":"Gujaratin kielioppi - Talkpal","description":"Opettele gujaratin kieliopin perusteet, mukaan lukien verbit ja substantiivit, jotta voit parantaa kielitaitoasi merkitt\u00e4v\u00e4sti.","robots":{"index":"index","follow":"follow","max-snippet":"max-snippet:-1","max-image-preview":"max-image-preview:large","max-video-preview":"max-video-preview:-1"},"canonical":"https:\/\/talkpal.ai\/fi\/gujaratin-kielioppi\/","og_locale":"fi_FI","og_type":"article","og_title":"Gujaratin kielioppi","og_description":"Navigointi gujaratin kieliopin monimutkaisuudessa Gujarati, indoarjalainen kieli, jolla on rikas historia ja kulttuurinen merkitys, tarjoaa j\u00e4nnitt\u00e4v\u00e4n","og_url":"https:\/\/talkpal.ai\/fi\/gujaratin-kielioppi\/","og_site_name":"Talkpal","article_publisher":"https:\/\/www.facebook.com\/profile.php?id=100090733639311","article_modified_time":"2025-12-30T15:11:52+00:00","og_image":[{"width":2880,"height":1620,"url":"https:\/\/talkpal.ai\/wp-content\/uploads\/2025\/02\/Progress-tab-16_9.png","type":"image\/png"}],"twitter_card":"summary_large_image","twitter_site":"@talkpalai","twitter_misc":{"Arvioitu lukuaika":"2 minuuttia"},"schema":{"@context":"https:\/\/schema.org","@graph":[{"@type":"WebPage","@id":"https:\/\/talkpal.ai\/fi\/gujaratin-kielioppi\/","url":"https:\/\/talkpal.ai\/fi\/gujaratin-kielioppi\/","name":"Gujaratin kielioppi - Talkpal","isPartOf":{"@id":"https:\/\/talkpal.ai\/fi\/#website"},"datePublished":"2025-11-12T09:38:09+00:00","dateModified":"2025-12-30T15:11:52+00:00","description":"Opettele gujaratin kieliopin perusteet, mukaan lukien verbit ja substantiivit, jotta voit parantaa kielitaitoasi merkitt\u00e4v\u00e4sti.","breadcrumb":{"@id":"https:\/\/talkpal.ai\/fi\/gujaratin-kielioppi\/#breadcrumb"},"inLanguage":"fi","potentialAction":[{"@type":"ReadAction","target":["https:\/\/talkpal.ai\/fi\/gujaratin-kielioppi\/"]}]},{"@type":"BreadcrumbList","@id":"https:\/\/talkpal.ai\/fi\/gujaratin-kielioppi\/#breadcrumb","itemListElement":[{"@type":"ListItem","position":1,"name":"Homepage","item":"https:\/\/talkpal.ai\/fi\/"},{"@type":"ListItem","position":2,"name":"Gujaratin kielioppi"}]},{"@type":"WebSite","@id":"https:\/\/talkpal.ai\/fi\/#website","url":"https:\/\/talkpal.ai\/fi\/","name":"Talkpal","description":"AI Language Learning","publisher":{"@id":"https:\/\/talkpal.ai\/fi\/#organization"},"alternateName":"Talkpal AI","potentialAction":[{"@type":"SearchAction","target":{"@type":"EntryPoint","urlTemplate":"https:\/\/talkpal.ai\/fi\/?s={search_term_string}"},"query-input":{"@type":"PropertyValueSpecification","valueRequired":true,"valueName":"search_term_string"}}],"inLanguage":"fi"},{"@type":"Organization","@id":"https:\/\/talkpal.ai\/fi\/#organization","name":"Talkpal, Inc.","alternateName":"Talkpal AI","url":"https:\/\/talkpal.ai\/fi\/","logo":{"@type":"ImageObject","inLanguage":"fi","@id":"https:\/\/talkpal.ai\/fi\/#\/schema\/logo\/image\/","url":"https:\/\/talkpal.ai\/wp-content\/uploads\/2024\/03\/Talkpal-Logo-Icon.png","contentUrl":"https:\/\/talkpal.ai\/wp-content\/uploads\/2024\/03\/Talkpal-Logo-Icon.png","width":2880,"height":2880,"caption":"Talkpal, Inc."},"image":{"@id":"https:\/\/talkpal.ai\/fi\/#\/schema\/logo\/image\/"},"sameAs":["https:\/\/www.facebook.com\/profile.php?id=100090733639311","https:\/\/x.com\/talkpalai","https:\/\/www.linkedin.com\/company\/talkpal\/","https:\/\/www.youtube.com\/@TalkPal\/","https:\/\/www.tiktok.com\/@talkpal","https:\/\/www.instagram.com\/talkpal_ai\/","https:\/\/www.crunchbase.com\/organization\/talkpal-9cde","https:\/\/www.g2.com\/products\/talkpal-for-business\/","https:\/\/www.trustpilot.com\/review\/talkpal.ai","https:\/\/www.capterra.com\/p\/10006800\/TalkPal\/"],"description":"Talkpal is a language learning web and mobile education app, powered by the latest AI technologies, that provides engaging experiences to its customers in many different languages to help them improve their language skills. Users can chat about unlimited amount of topics with the app and use other modes to practice their language learning.","email":"support@talkpal.ai","legalName":"Talkpal, Inc.","foundingDate":"2023-04-03","duns":"118989042","numberOfEmployees":{"@type":"QuantitativeValue","minValue":"11","maxValue":"50"},"publishingPrinciples":"https:\/\/talkpal.ai\/publishing-principles\/","actionableFeedbackPolicy":"https:\/\/talkpal.ai\/actionable-feedback-policy\/","correctionsPolicy":"https:\/\/talkpal.ai\/corrections-policy\/","ethicsPolicy":"https:\/\/talkpal.ai\/ethics-policy\/","diversityPolicy":"https:\/\/talkpal.ai\/diversity-policy\/","diversityStaffingReport":"https:\/\/talkpal.ai\/diversity-policy\/"}]}},"_links":{"self":[{"href":"https:\/\/talkpal.ai\/fi\/wp-json\/wp\/v2\/pages\/1464931","targetHints":{"allow":["GET"]}}],"collection":[{"href":"https:\/\/talkpal.ai\/fi\/wp-json\/wp\/v2\/pages"}],"about":[{"href":"https:\/\/talkpal.ai\/fi\/wp-json\/wp\/v2\/types\/page"}],"author":[{"embeddable":true,"href":"https:\/\/talkpal.ai\/fi\/wp-json\/wp\/v2\/users\/20"}],"replies":[{"embeddable":true,"href":"https:\/\/talkpal.ai\/fi\/wp-json\/wp\/v2\/comments?post=1464931"}],"version-history":[{"count":0,"href":"https:\/\/talkpal.ai\/fi\/wp-json\/wp\/v2\/pages\/1464931\/revisions"}],"wp:attachment":[{"href":"https:\/\/talkpal.ai\/fi\/wp-json\/wp\/v2\/media?parent=1464931"}],"curies":[{"name":"wp","href":"https:\/\/api.w.org\/{rel}","templated":true}]}}