{"id":1464864,"date":"2025-11-11T17:01:24","date_gmt":"2025-11-11T17:01:24","guid":{"rendered":"https:\/\/talkpal.ai\/georgian-kielioppiharjoitukset\/"},"modified":"2025-12-30T14:56:04","modified_gmt":"2025-12-30T14:56:04","slug":"georgian-kielioppiharjoitukset","status":"publish","type":"page","link":"https:\/\/talkpal.ai\/fi\/georgian-kielioppiharjoitukset\/","title":{"rendered":"Georgian kielioppiharjoitukset"},"content":{"rendered":"\r\n\r\n\r\n<section class=\"languageChallengeSection\">\r\n    <div class=\"languageInfoWrapper\">\r\n        \r\n        <h1>Georgian kielioppiharjoitukset<\/h1>\r\n        <p>Oletko valmis sukeltamaan <a href=\"https:\/\/talkpal.ai\/learn-georgian\/\">georgian<\/a> kielioppiin? Muutamien perusasioiden harjoittelu auttaa sinua oppimaan t\u00e4m\u00e4n ainutlaatuisen ja kauniin kielen. Kokeile n\u00e4it\u00e4 harjoituksia itseluottamuksen lis\u00e4\u00e4miseksi ja pid\u00e4 hauskaa matkan varrella!<\/p>\r\n\r\n                            <a class=\"getStartedHidden\" href=\"https:\/\/app.talkpal.ai\/fi\/signup?lng=\">Aloita<\/a>\r\n        \r\n    <\/div>\r\n\r\n    <figure>\r\n    <img decoding=\"async\" width=\"768\" height=\"768\" src=\"https:\/\/talkpal.ai\/wp-content\/uploads\/2023\/06\/welsh-768x768.png\" class=\"languageImage no-lazy\" alt=\"Default alt text\" fetchpriority=\"high\" sizes=\"(max-width: 768px) 150px, 768px\" srcset=\"https:\/\/talkpal.ai\/wp-content\/uploads\/2023\/06\/welsh-768x768.png 768w, https:\/\/talkpal.ai\/wp-content\/uploads\/2023\/06\/welsh-300x300.png 300w\" \/>\r\n    \r\n\r\n    <\/figure>\r\n\r\n            <a class=\"getStartedVisible\" href=\"https:\/\/app.talkpal.ai\/fi\/signup?lng=\">Aloita<\/a>\r\n    \r\n<\/section><section class=\"promotionalBanner\">\r\n    <p class=\"promotionalText\">Tehokkain tapa oppia kielt\u00e4<\/p>\r\n    <a class=\"promotionalLink\" href=\"https:\/\/app.talkpal.ai\/fi\/signup?lng=\">Kokeile Talkpal ilmaiseksi<\/a>\r\n<\/section>\n<div class=\"wp-block-group pageContainerStyle\"><div class=\"wp-block-group__inner-container is-layout-constrained wp-block-group-is-layout-constrained\">\n<h2 class=\"wp-block-heading\" id=\"h-georgian-grammar-topics\">Georgian kieliopin aiheet<\/h2>\n\n\n\n<p><a href=\"https:\/\/talkpal.ai\/fi\/suurimmat-virheet-joita-kannattaa-valttaa-uuden-kielen-oppimisessa\/\">Uuden kielen oppiminen<\/a> voi olla haastavaa mutta palkitsevaa yrityst\u00e4. <a href=\"https:\/\/talkpal.ai\/locations\/language-courses-in-georgia\/\">Georgia<\/a>, kartvelilainen kieli, jota puhutaan p\u00e4\u00e4asiassa Georgiassa, ei ole poikkeus. Georgian <a href=\"https:\/\/talkpal.ai\/fi\/talkpal-for-education\/\">kielen oppiminen<\/a> vaatii ainutlaatuisten ominaisuuksiensa ja rakenteidensa ansiosta systemaattista l\u00e4hestymistapaa sen monimutkaisen kieliopin ymm\u00e4rt\u00e4miseen. T\u00e4ss\u00e4 oppaassa hahmotellaan <a href=\"https:\/\/talkpal.ai\/fi\/georgian-kielioppi\/\">georgian kieliopin<\/a> keskeiset osa-alueet <a href=\"https:\/\/talkpal.ai\/fi\/tekoaly-chatbot-kielten-oppimiseen\/\">kieltenoppimisen<\/a> loogisessa j\u00e4rjestyksess\u00e4 alkaen perusasioista, kuten substantiiveista ja artikkeleista, ja edeten monimutkaisempiin alueisiin, kuten aikamuotoihin ja lauseenrakenteisiin.<\/p>\n\n\n\n<h3 class=\"wp-block-heading\" id=\"h-1-nouns\">1. Substantiivit:<\/h3>\n\n\n\n<p>Aloita georgian kielen matkasi opettelemalla substantiiveja. T\u00e4h\u00e4n sis\u00e4ltyy substantiivien eri luokkien, kuten yleisten ja erisnimien, niiden monikkomuotojen ja kieliopillisten suhteiden merkitsemiseen k\u00e4ytetyn sijaj\u00e4rjestelm\u00e4n ymm\u00e4rt\u00e4minen.<\/p>\n\n\n\n<h3 class=\"wp-block-heading\" id=\"h-2-articles\">2. Artiklat:<\/h3>\n\n\n\n<p>Georgian kieless\u00e4 ei ole m\u00e4\u00e4r\u00e4isi\u00e4 <a href=\"https:\/\/talkpal.ai\/learn-thai\/\">tai<\/a> ep\u00e4m\u00e4\u00e4r\u00e4isi\u00e4 artikkeleita. Sen ymm\u00e4rt\u00e4minen, miten m\u00e4\u00e4r\u00e4isyys ja ep\u00e4m\u00e4\u00e4r\u00e4isyys ilmaistaan kontekstin tai demonstratiivien avulla, on ratkaisevan t\u00e4rke\u00e4\u00e4 lauseen rakentamisessa.<\/p>\n\n\n\n<h3 class=\"wp-block-heading\" id=\"h-3-adjectives\">3. Adjektiivit:<\/h3>\n\n\n\n<p>Georgian kielen adjektiivit edelt\u00e4v\u00e4t tyypillisesti substantiivejaan ja ovat niiden kanssa samaa mielt\u00e4 siin\u00e4 tapauksessa. Opi muodostamaan vertailevia ja superlatiiveja k\u00e4ytt\u00e4m\u00e4ll\u00e4 sanoja, kuten &#8221;upro&#8221; lis\u00e4\u00e4 ja &#8221;qvelaze&#8221; useimmille.<\/p>\n\n\n\n<h3 class=\"wp-block-heading\" id=\"h-4-pronouns-determiners\">4. Pronominit\/m\u00e4\u00e4ritteet:<\/h3>\n\n\n\n<p>Pronominit ja m\u00e4\u00e4ritteet ovat v\u00e4ltt\u00e4m\u00e4tt\u00f6mi\u00e4 georgiassa; Pronominit j\u00e4tet\u00e4\u00e4n usein pois, kun konteksti on selv\u00e4, ja possessiiviset muodot, kuten &#8221;chemi&#8221;, &#8221;sheni&#8221; ja &#8221;misi&#8221;, muokkaavat substantiiveja. Demonstratiivit, kuten &#8217;es&#8217;, &#8217;is&#8217; ja &#8217;igi&#8217;, numerot ja kvantifioijat toimivat determinaattoreina.<\/p>\n\n\n\n<h3 class=\"wp-block-heading\" id=\"h-5-verbs\">5. Verbit:<\/h3>\n\n\n\n<p>Georgian verbit ovat morfologisesti rikkaita, ja ne osoittavat yhdenmukaisuutta subjektien ja joskus objektien kanssa. Aloita nykyisest\u00e4 sarjasta, tutki sitten, miten tulevaisuudet muodostuvat preverbien avulla, ja siirry menneisiin muotoihin, kuten aoristinen ja ep\u00e4t\u00e4ydellinen.<\/p>\n\n\n\n<h3 class=\"wp-block-heading\" id=\"h-6-tenses\">6. Aikamuodot:<\/h3>\n\n\n\n<p>Kun olet oppinut perusverbimuodot, syvenny Georgian aikamuotoon ja aspektiin. Opi, miten nykyisyys, menneisyys ja tuleva aika ilmaistaan kolmessa p\u00e4\u00e4sarjassa ja milloin k\u00e4ytt\u00e4\u00e4 ep\u00e4t\u00e4ydellisi\u00e4, aoristisia ja t\u00e4ydellisi\u00e4 muotoja eri yhteyksiss\u00e4.<\/p>\n\n\n\n<h3 class=\"wp-block-heading\" id=\"h-7-tense-comparison\">7. J\u00e4nnittynyt vertailu:<\/h3>\n\n\n\n<p>Lomakkeiden vertaaminen sarjojen v\u00e4lill\u00e4 auttaa ymm\u00e4rt\u00e4m\u00e4\u00e4n aikaa, n\u00e4k\u00f6kulmaa ja kohdistusta. Saman verbin tarkasteleminen erilaisissa screevesiss\u00e4 selvent\u00e4\u00e4 tapahtumien j\u00e4rjestyst\u00e4 ja kirjainkoon merkint\u00e4malleja.<\/p>\n\n\n\n<h3 class=\"wp-block-heading\" id=\"h-8-progressive\">8. Progressiivinen:<\/h3>\n\n\n\n<p>Georgian kieless\u00e4 ei ole omaa progressiivista aikamuotoa. Meneill\u00e4\u00e4n olevat teot ilmaistaan nykyisyydell\u00e4 tai ep\u00e4t\u00e4ydellisell\u00e4, ja niit\u00e4 tukevat usein aikailmaisut, kuten &#8221;akhla&#8221; nykyhetkelle tai kontekstille.<\/p>\n\n\n\n<h3 class=\"wp-block-heading\" id=\"h-9-perfect-progressive\">9. T\u00e4ydellinen progressiivinen:<\/h3>\n\n\n\n<p>Ei ole olemassa selke\u00e4\u00e4 t\u00e4ydellist\u00e4 progressiivista. Meneill\u00e4\u00e4n olevat toimet tiettyyn pisteeseen <a href=\"https:\/\/talkpal.ai\/locations\/language-courses-in-asti\/\">asti<\/a> v\u00e4litet\u00e4\u00e4n t\u00e4ydellisen sarjan kautta tuloksellisen merkityksen saamiseksi tai ep\u00e4t\u00e4ydellisill\u00e4 plus kontekstuaalisilla vihjeill\u00e4.<\/p>\n\n\n\n<h3 class=\"wp-block-heading\" id=\"h-10-conditionals\">10. Konditionaalit:<\/h3>\n\n\n\n<p>Konditionaalit ilmaisevat hypoteettisia tilanteita ja niiden mahdollisia tuloksia. Georgian kieless\u00e4 ne muodostetaan tyypillisesti konjunktiivi- ja optatiivisilla muodoilla, jotka usein johdetaan &#8217;tu&#8217;-merkitysmerkill\u00e4, jos, ja ne voivat k\u00e4ytt\u00e4\u00e4 modaalisia ilmaisuja, kuten &#8217;sheidzleba&#8217;, se on mahdollista.<\/p>\n\n\n\n<h3 class=\"wp-block-heading\" id=\"h-11-adverbs\">11. Adverbit:<\/h3>\n\n\n\n<p>Georgian kielen <a href=\"https:\/\/talkpal.ai\/fi\/grammar\/paikan-tsekin-kielioppi-adverbit\/\">adverbit<\/a> muokkaavat verbej\u00e4, adjektiiveja tai muita adverbej\u00e4. Monet tapaadverbit muodostetaan p\u00e4\u00e4tteell\u00e4 &#8217;-ad&#8217;, ja yleisi\u00e4 astesanoja ovat &#8217;dzalian&#8217; hyvin ja &#8217;upro&#8217; lis\u00e4\u00e4.<\/p>\n\n\n\n<h3 class=\"wp-block-heading\" id=\"h-12-prepositions\">12. Prepositiot:<\/h3>\n\n\n\n<p>Georgia k\u00e4ytt\u00e4\u00e4 postpositioita prepositioiden sijaan. N\u00e4m\u00e4 seuraavat substantiivia ja ovat vuorovaikutuksessa tiettyjen tapausten kanssa, ja monet relaatiomerkitykset ilmaistaan suoraan sijap\u00e4\u00e4tteill\u00e4.<\/p>\n\n\n\n<h3 class=\"wp-block-heading\" id=\"h-13-sentences\">13. Lauseet:<\/h3>\n\n\n\n<p>Lopuksi harjoittele lauseiden rakentamista. T\u00e4m\u00e4 edellytt\u00e4\u00e4 kaikkien aiemmin opittujen kielioppikohtien k\u00e4ytt\u00e4mist\u00e4 kontekstissa, joustavan sanaj\u00e4rjestyksen hallintaa SOV-taipumuksella, kirjainkokojen merkitsemist\u00e4 ja sopivia verbimuotoja.<\/p>\n<\/div><\/div>\n\r\n<section class=\"learnNavigationSection\">\r\n            \r\n        <a href=\"https:\/\/talkpal.ai\/fi\/opi-walesia\/\">\r\n            <div class=\"learnNavigationWrapper\">\r\n                <div class=\"learnNavigationContent\">\r\n                    <img decoding=\"async\" src=\"https:\/\/talkpal.ai\/wp-content\/uploads\/2025\/11\/Georgian.png\" alt=\"Georgian Flag\">\r\n                    <div>\r\n                        <h4>Tietoja Georgian kielen oppimisesta<\/h4>\r\n                        <p>Ota selv\u00e4\u00e4 Georgian kieliopista.<\/p>\r\n                    <\/div>\r\n                <\/div>\r\n            <\/div>\r\n        <\/a>\r\n\r\n        \r\n        <a href=\"https:\/\/talkpal.ai\/fi\/walesin-kielioppi\/\">\r\n            <div class=\"learnNavigationWrapper\">\r\n                <div class=\"learnNavigationContent\">\r\n                    <img decoding=\"async\" src=\"https:\/\/talkpal.ai\/wp-content\/uploads\/2025\/11\/Georgian.png\" alt=\"Georgian Flag\">\r\n                    <div>\r\n                        <h4>Georgian kieliopin oppitunnit<\/h4>\r\n                        <p>Harjoittele georgian kielioppia.<\/p>\r\n                    <\/div>\r\n                <\/div>\r\n            <\/div>\r\n        <\/a>\r\n\r\n            <\/section>","protected":false},"excerpt":{"rendered":"<p>Georgian kieliopin aiheet Uuden kielen oppiminen voi olla haastavaa mutta palkitsevaa yrityst\u00e4. Georgia, kartvelilainen kieli, jota puhutaan p\u00e4\u00e4asiassa Georgiassa, ei ole poikkeus. Georgian kielen oppiminen vaatii ainutlaatuisten ominaisuuksiensa ja rakenteidensa ansiosta systemaattista l\u00e4hestymistapaa sen monimutkaisen kieliopin ymm\u00e4rt\u00e4miseen. T\u00e4ss\u00e4 oppaassa hahmotellaan georgian kieliopin keskeiset osa-alueet kieltenoppimisen loogisessa j\u00e4rjestyksess\u00e4 alkaen perusasioista, kuten substantiiveista ja artikkeleista, ja edeten [&hellip;]<\/p>\n","protected":false},"author":20,"featured_media":0,"parent":0,"menu_order":0,"comment_status":"closed","ping_status":"closed","template":"LearningContentPage.php","meta":{"_acf_changed":false,"footnotes":""},"class_list":["post-1464864","page","type-page","status-publish","hentry"],"acf":[],"yoast_head":"<!-- This site is optimized with the Yoast SEO Premium plugin v27.2 (Yoast SEO v27.2) - https:\/\/yoast.com\/product\/yoast-seo-premium-wordpress\/ -->\n<title>Georgian kielioppiharjoitukset - Talkpal<\/title>\n<meta name=\"description\" content=\"Opettele georgian kielioppi vuorovaikutteisten harjoitusten avulla, jotka on suunniteltu auttamaan sinua saavuttamaan sujuvuutta ja varmuutta kieless\u00e4.\" \/>\n<meta name=\"robots\" content=\"index, follow, max-snippet:-1, max-image-preview:large, max-video-preview:-1\" \/>\n<link rel=\"canonical\" href=\"https:\/\/talkpal.ai\/fi\/georgian-kielioppiharjoitukset\/\" \/>\n<meta property=\"og:locale\" content=\"fi_FI\" \/>\n<meta property=\"og:type\" content=\"article\" \/>\n<meta property=\"og:title\" content=\"Georgian kielioppiharjoitukset\" \/>\n<meta property=\"og:description\" content=\"Georgian kieliopin aiheet Uuden kielen oppiminen voi olla haastavaa mutta palkitsevaa yrityst\u00e4. Georgia, kartvelilainen kieli, jota puhutaan p\u00e4\u00e4asiassa\" \/>\n<meta property=\"og:url\" content=\"https:\/\/talkpal.ai\/fi\/georgian-kielioppiharjoitukset\/\" \/>\n<meta property=\"og:site_name\" content=\"Talkpal\" \/>\n<meta property=\"article:publisher\" content=\"https:\/\/www.facebook.com\/profile.php?id=100090733639311\" \/>\n<meta property=\"article:modified_time\" content=\"2025-12-30T14:56:04+00:00\" \/>\n<meta property=\"og:image\" content=\"https:\/\/talkpal.ai\/wp-content\/uploads\/2025\/02\/Progress-tab-16_9.png\" \/>\n\t<meta property=\"og:image:width\" content=\"2880\" \/>\n\t<meta property=\"og:image:height\" content=\"1620\" \/>\n\t<meta property=\"og:image:type\" content=\"image\/png\" \/>\n<meta name=\"twitter:card\" content=\"summary_large_image\" \/>\n<meta name=\"twitter:site\" content=\"@talkpalai\" \/>\n<meta name=\"twitter:label1\" content=\"Arvioitu lukuaika\" \/>\n\t<meta name=\"twitter:data1\" content=\"2 minuuttia\" \/>\n<script type=\"application\/ld+json\" class=\"yoast-schema-graph\">{\"@context\":\"https:\/\/schema.org\",\"@graph\":[{\"@type\":\"WebPage\",\"@id\":\"https:\/\/talkpal.ai\/fi\/georgian-kielioppiharjoitukset\/\",\"url\":\"https:\/\/talkpal.ai\/fi\/georgian-kielioppiharjoitukset\/\",\"name\":\"Georgian kielioppiharjoitukset - Talkpal\",\"isPartOf\":{\"@id\":\"https:\/\/talkpal.ai\/fi\/#website\"},\"datePublished\":\"2025-11-11T17:01:24+00:00\",\"dateModified\":\"2025-12-30T14:56:04+00:00\",\"description\":\"Opettele georgian kielioppi vuorovaikutteisten harjoitusten avulla, jotka on suunniteltu auttamaan sinua saavuttamaan sujuvuutta ja varmuutta kieless\u00e4.\",\"breadcrumb\":{\"@id\":\"https:\/\/talkpal.ai\/fi\/georgian-kielioppiharjoitukset\/#breadcrumb\"},\"inLanguage\":\"fi\",\"potentialAction\":[{\"@type\":\"ReadAction\",\"target\":[\"https:\/\/talkpal.ai\/fi\/georgian-kielioppiharjoitukset\/\"]}]},{\"@type\":\"BreadcrumbList\",\"@id\":\"https:\/\/talkpal.ai\/fi\/georgian-kielioppiharjoitukset\/#breadcrumb\",\"itemListElement\":[{\"@type\":\"ListItem\",\"position\":1,\"name\":\"Homepage\",\"item\":\"https:\/\/talkpal.ai\/fi\/\"},{\"@type\":\"ListItem\",\"position\":2,\"name\":\"Georgian kielioppiharjoitukset\"}]},{\"@type\":\"WebSite\",\"@id\":\"https:\/\/talkpal.ai\/fi\/#website\",\"url\":\"https:\/\/talkpal.ai\/fi\/\",\"name\":\"Talkpal\",\"description\":\"AI Language Learning\",\"publisher\":{\"@id\":\"https:\/\/talkpal.ai\/fi\/#organization\"},\"alternateName\":\"Talkpal AI\",\"potentialAction\":[{\"@type\":\"SearchAction\",\"target\":{\"@type\":\"EntryPoint\",\"urlTemplate\":\"https:\/\/talkpal.ai\/fi\/?s={search_term_string}\"},\"query-input\":{\"@type\":\"PropertyValueSpecification\",\"valueRequired\":true,\"valueName\":\"search_term_string\"}}],\"inLanguage\":\"fi\"},{\"@type\":\"Organization\",\"@id\":\"https:\/\/talkpal.ai\/fi\/#organization\",\"name\":\"Talkpal, Inc.\",\"alternateName\":\"Talkpal AI\",\"url\":\"https:\/\/talkpal.ai\/fi\/\",\"logo\":{\"@type\":\"ImageObject\",\"inLanguage\":\"fi\",\"@id\":\"https:\/\/talkpal.ai\/fi\/#\/schema\/logo\/image\/\",\"url\":\"https:\/\/talkpal.ai\/wp-content\/uploads\/2024\/03\/Talkpal-Logo-Icon.png\",\"contentUrl\":\"https:\/\/talkpal.ai\/wp-content\/uploads\/2024\/03\/Talkpal-Logo-Icon.png\",\"width\":2880,\"height\":2880,\"caption\":\"Talkpal, Inc.\"},\"image\":{\"@id\":\"https:\/\/talkpal.ai\/fi\/#\/schema\/logo\/image\/\"},\"sameAs\":[\"https:\/\/www.facebook.com\/profile.php?id=100090733639311\",\"https:\/\/x.com\/talkpalai\",\"https:\/\/www.linkedin.com\/company\/talkpal\/\",\"https:\/\/www.youtube.com\/@TalkPal\/\",\"https:\/\/www.tiktok.com\/@talkpal\",\"https:\/\/www.instagram.com\/talkpal_ai\/\",\"https:\/\/www.crunchbase.com\/organization\/talkpal-9cde\",\"https:\/\/www.g2.com\/products\/talkpal-for-business\/\",\"https:\/\/www.trustpilot.com\/review\/talkpal.ai\",\"https:\/\/www.capterra.com\/p\/10006800\/TalkPal\/\"],\"description\":\"Talkpal is a language learning web and mobile education app, powered by the latest AI technologies, that provides engaging experiences to its customers in many different languages to help them improve their language skills. Users can chat about unlimited amount of topics with the app and use other modes to practice their language learning.\",\"email\":\"support@talkpal.ai\",\"legalName\":\"Talkpal, Inc.\",\"foundingDate\":\"2023-04-03\",\"duns\":\"118989042\",\"numberOfEmployees\":{\"@type\":\"QuantitativeValue\",\"minValue\":\"11\",\"maxValue\":\"50\"},\"publishingPrinciples\":\"https:\/\/talkpal.ai\/publishing-principles\/\",\"actionableFeedbackPolicy\":\"https:\/\/talkpal.ai\/actionable-feedback-policy\/\",\"correctionsPolicy\":\"https:\/\/talkpal.ai\/corrections-policy\/\",\"ethicsPolicy\":\"https:\/\/talkpal.ai\/ethics-policy\/\",\"diversityPolicy\":\"https:\/\/talkpal.ai\/diversity-policy\/\",\"diversityStaffingReport\":\"https:\/\/talkpal.ai\/diversity-policy\/\"}]}<\/script>\n<!-- \/ Yoast SEO Premium plugin. -->","yoast_head_json":{"title":"Georgian kielioppiharjoitukset - Talkpal","description":"Opettele georgian kielioppi vuorovaikutteisten harjoitusten avulla, jotka on suunniteltu auttamaan sinua saavuttamaan sujuvuutta ja varmuutta kieless\u00e4.","robots":{"index":"index","follow":"follow","max-snippet":"max-snippet:-1","max-image-preview":"max-image-preview:large","max-video-preview":"max-video-preview:-1"},"canonical":"https:\/\/talkpal.ai\/fi\/georgian-kielioppiharjoitukset\/","og_locale":"fi_FI","og_type":"article","og_title":"Georgian kielioppiharjoitukset","og_description":"Georgian kieliopin aiheet Uuden kielen oppiminen voi olla haastavaa mutta palkitsevaa yrityst\u00e4. Georgia, kartvelilainen kieli, jota puhutaan p\u00e4\u00e4asiassa","og_url":"https:\/\/talkpal.ai\/fi\/georgian-kielioppiharjoitukset\/","og_site_name":"Talkpal","article_publisher":"https:\/\/www.facebook.com\/profile.php?id=100090733639311","article_modified_time":"2025-12-30T14:56:04+00:00","og_image":[{"width":2880,"height":1620,"url":"https:\/\/talkpal.ai\/wp-content\/uploads\/2025\/02\/Progress-tab-16_9.png","type":"image\/png"}],"twitter_card":"summary_large_image","twitter_site":"@talkpalai","twitter_misc":{"Arvioitu lukuaika":"2 minuuttia"},"schema":{"@context":"https:\/\/schema.org","@graph":[{"@type":"WebPage","@id":"https:\/\/talkpal.ai\/fi\/georgian-kielioppiharjoitukset\/","url":"https:\/\/talkpal.ai\/fi\/georgian-kielioppiharjoitukset\/","name":"Georgian kielioppiharjoitukset - Talkpal","isPartOf":{"@id":"https:\/\/talkpal.ai\/fi\/#website"},"datePublished":"2025-11-11T17:01:24+00:00","dateModified":"2025-12-30T14:56:04+00:00","description":"Opettele georgian kielioppi vuorovaikutteisten harjoitusten avulla, jotka on suunniteltu auttamaan sinua saavuttamaan sujuvuutta ja varmuutta kieless\u00e4.","breadcrumb":{"@id":"https:\/\/talkpal.ai\/fi\/georgian-kielioppiharjoitukset\/#breadcrumb"},"inLanguage":"fi","potentialAction":[{"@type":"ReadAction","target":["https:\/\/talkpal.ai\/fi\/georgian-kielioppiharjoitukset\/"]}]},{"@type":"BreadcrumbList","@id":"https:\/\/talkpal.ai\/fi\/georgian-kielioppiharjoitukset\/#breadcrumb","itemListElement":[{"@type":"ListItem","position":1,"name":"Homepage","item":"https:\/\/talkpal.ai\/fi\/"},{"@type":"ListItem","position":2,"name":"Georgian kielioppiharjoitukset"}]},{"@type":"WebSite","@id":"https:\/\/talkpal.ai\/fi\/#website","url":"https:\/\/talkpal.ai\/fi\/","name":"Talkpal","description":"AI Language Learning","publisher":{"@id":"https:\/\/talkpal.ai\/fi\/#organization"},"alternateName":"Talkpal AI","potentialAction":[{"@type":"SearchAction","target":{"@type":"EntryPoint","urlTemplate":"https:\/\/talkpal.ai\/fi\/?s={search_term_string}"},"query-input":{"@type":"PropertyValueSpecification","valueRequired":true,"valueName":"search_term_string"}}],"inLanguage":"fi"},{"@type":"Organization","@id":"https:\/\/talkpal.ai\/fi\/#organization","name":"Talkpal, Inc.","alternateName":"Talkpal AI","url":"https:\/\/talkpal.ai\/fi\/","logo":{"@type":"ImageObject","inLanguage":"fi","@id":"https:\/\/talkpal.ai\/fi\/#\/schema\/logo\/image\/","url":"https:\/\/talkpal.ai\/wp-content\/uploads\/2024\/03\/Talkpal-Logo-Icon.png","contentUrl":"https:\/\/talkpal.ai\/wp-content\/uploads\/2024\/03\/Talkpal-Logo-Icon.png","width":2880,"height":2880,"caption":"Talkpal, Inc."},"image":{"@id":"https:\/\/talkpal.ai\/fi\/#\/schema\/logo\/image\/"},"sameAs":["https:\/\/www.facebook.com\/profile.php?id=100090733639311","https:\/\/x.com\/talkpalai","https:\/\/www.linkedin.com\/company\/talkpal\/","https:\/\/www.youtube.com\/@TalkPal\/","https:\/\/www.tiktok.com\/@talkpal","https:\/\/www.instagram.com\/talkpal_ai\/","https:\/\/www.crunchbase.com\/organization\/talkpal-9cde","https:\/\/www.g2.com\/products\/talkpal-for-business\/","https:\/\/www.trustpilot.com\/review\/talkpal.ai","https:\/\/www.capterra.com\/p\/10006800\/TalkPal\/"],"description":"Talkpal is a language learning web and mobile education app, powered by the latest AI technologies, that provides engaging experiences to its customers in many different languages to help them improve their language skills. Users can chat about unlimited amount of topics with the app and use other modes to practice their language learning.","email":"support@talkpal.ai","legalName":"Talkpal, Inc.","foundingDate":"2023-04-03","duns":"118989042","numberOfEmployees":{"@type":"QuantitativeValue","minValue":"11","maxValue":"50"},"publishingPrinciples":"https:\/\/talkpal.ai\/publishing-principles\/","actionableFeedbackPolicy":"https:\/\/talkpal.ai\/actionable-feedback-policy\/","correctionsPolicy":"https:\/\/talkpal.ai\/corrections-policy\/","ethicsPolicy":"https:\/\/talkpal.ai\/ethics-policy\/","diversityPolicy":"https:\/\/talkpal.ai\/diversity-policy\/","diversityStaffingReport":"https:\/\/talkpal.ai\/diversity-policy\/"}]}},"_links":{"self":[{"href":"https:\/\/talkpal.ai\/fi\/wp-json\/wp\/v2\/pages\/1464864","targetHints":{"allow":["GET"]}}],"collection":[{"href":"https:\/\/talkpal.ai\/fi\/wp-json\/wp\/v2\/pages"}],"about":[{"href":"https:\/\/talkpal.ai\/fi\/wp-json\/wp\/v2\/types\/page"}],"author":[{"embeddable":true,"href":"https:\/\/talkpal.ai\/fi\/wp-json\/wp\/v2\/users\/20"}],"replies":[{"embeddable":true,"href":"https:\/\/talkpal.ai\/fi\/wp-json\/wp\/v2\/comments?post=1464864"}],"version-history":[{"count":0,"href":"https:\/\/talkpal.ai\/fi\/wp-json\/wp\/v2\/pages\/1464864\/revisions"}],"wp:attachment":[{"href":"https:\/\/talkpal.ai\/fi\/wp-json\/wp\/v2\/media?parent=1464864"}],"curies":[{"name":"wp","href":"https:\/\/api.w.org\/{rel}","templated":true}]}}