{"id":1461972,"date":"2025-10-22T12:21:47","date_gmt":"2025-10-22T12:21:47","guid":{"rendered":"https:\/\/talkpal.ai\/talkpal-alennus-opiskelijoille\/"},"modified":"2026-01-22T14:57:47","modified_gmt":"2026-01-22T14:57:47","slug":"talkpal-alennus-opiskelijoille","status":"publish","type":"page","link":"https:\/\/talkpal.ai\/fi\/talkpal-alennus-opiskelijoille\/","title":{"rendered":"Talkpal-alennus opiskelijoille"},"content":{"rendered":"<section class=\"languageChallengeSection\">\r\n    <div class=\"languageInfoWrapper\">\r\n        \r\n        <h1>Talkpal-alennus opiskelijoille<\/h1>\r\n        <p>Oletko opiskelija, joka haluaa parantaa kielitaitoasi? Talkpal tarjoaa eksklusiivisen 79 % opiskelijaalennuksen auttaakseen sinua oppimaan nopeammin ja fiksummin. K\u00e4yt\u00e4 kaikkia premium-ominaisuuksia, harjoittele todellisia keskusteluja teko\u00e4lyn kanssa ja saavuta sujuvuus puoleen hintaan.<\/p>\r\n\r\n                    <a class=\"getStartedHidden\" href=\"https:\/\/app.talkpal.ai\/signup?discount=50\">\r\n                Hanki alennusta            <\/a>\r\n            <\/div>\r\n\r\n            <figure>\r\n            <img decoding=\"async\" class=\"no-lazy\" src=\"https:\/\/talkpal.ai\/wp-content\/uploads\/2026\/01\/group-with-phone-in-circle.webp\" alt=\"\" fetchpriority=\"high\" \/>\r\n        <\/figure>\r\n        \r\n                    <a class=\"getStartedVisible\" href=\"https:\/\/app.talkpal.ai\/signup?discount=50\">\r\n                Hanki alennusta            <\/a>\r\n        <\/section><section class=\"featureSection\">\r\n    <div class=\"featureIntroduce\">\r\n        <a class=\"introduceLink\" href=\"https:\/\/app.talkpal.ai\/fi\/signup?lng=\">\r\n            <img decoding=\"async\" src=\"https:\/\/talkpal.ai\/wp-content\/themes\/talkpal\/assets\/img\/Sparkle.svg\" alt=\"\" \/>edistyneimm\u00e4t\n  AI<\/a>\r\n        <h3 class=\"featureTitle\">Talkpalin ero<\/h3>\r\n    <\/div>\r\n            <div class=\"introduceWrapper\">\r\n                            <a class=\"introducCard\" href=\"https:\/\/app.talkpal.ai\/fi\/signup?lng=\">\r\n\r\n                    \r\n                                                <img decoding=\"async\" src=\"https:\/\/talkpal.ai\/wp-content\/uploads\/2025\/05\/Immersive_conversations.png\" alt=\"Immersive Conversation Screenshot\" \/>\r\n                        <h4 class=\"introduceTitle\">Henkil\u00f6kohtainen koulutus<\/h4>\r\n                        <p class=\"cardText\">Jokainen oppilas oppii eri tavalla, ja niin oppii my\u00f6s heid\u00e4n matkansa uuden kielen hallintaan. Me Talkpalilla k\u00e4yt\u00e4mme kehittynytt\u00e4 teko\u00e4lyteknologiaa ymm\u00e4rt\u00e4\u00e4ksemme, kuinka miljoonat opiskelijat oppivat kieli\u00e4 p\u00e4ivitt\u00e4in. T\u00e4m\u00e4 auttaa meit\u00e4 luomaan yksil\u00f6llisi\u00e4, tehokkaita ja mukaansatempaavia oppimiskokemuksia, jotka on suunniteltu erityisesti kaltaisillesi opiskelijoille.<\/p>\r\n                    \r\n                <\/a>\r\n                            <a class=\"introducCard\" href=\"https:\/\/app.talkpal.ai\/fi\/signup?lng=\">\r\n\r\n                    \r\n                                                <img decoding=\"async\" src=\"https:\/\/talkpal.ai\/wp-content\/uploads\/2025\/05\/Realtime_feedback.png\" alt=\"Feedback Screenshot\" \/>\r\n                        <h4 class=\"introduceTitle\">Huippuluokan teknologia<\/h4>\r\n                        <p class=\"cardText\">Missiomme on tuoda henkil\u00f6kohtainen kieltenoppiminen kaikkien opiskelijoiden saataville yhdist\u00e4m\u00e4ll\u00e4 teko\u00e4lyn uusimmat innovaatiot hyv\u00e4ksi havaittuihin opetusmenetelmiin. Talkpalin avulla et vain ota oppitunteja \u2013 koet r\u00e4\u00e4t\u00e4l\u00f6idyn matkan, joka mukautuu vauhtiisi, tyyliisi ja tavoitteisiisi.<\/p>\r\n                    \r\n                <\/a>\r\n                            <a class=\"introducCard\" href=\"https:\/\/app.talkpal.ai\/fi\/signup?lng=\">\r\n\r\n                    \r\n                                                <img decoding=\"async\" src=\"https:\/\/talkpal.ai\/wp-content\/uploads\/2025\/05\/Personalization.png\" alt=\"Personalization Screenshot\" \/>\r\n                        <h4 class=\"introduceTitle\">Oppimisen tekeminen hauskaksi<\/h4>\r\n                        <p class=\"cardText\">Uskomme, ett\u00e4 kielen oppimisen tulee olla hauskaa ja motivoivaa. Siksi Talkpal on rakennettu pit\u00e4m\u00e4\u00e4n opiskelijat sitoutuneina ja inspiroituneina, jolloin oppiminen tuntuu v\u00e4hemm\u00e4n opiskelulta ja enemm\u00e4n j\u00e4nnitt\u00e4v\u00e4lt\u00e4 seikkailulta. Liity tuhansien opiskelijoiden joukkoon ymp\u00e4ri maailmaa ja aloita seuraavan kielesi hallinta Talkpalin avulla!<\/p>\r\n                    \r\n                <\/a>\r\n                            <\/div>\r\n                     <a class=\"featureSectionLink\" href=\"https:\/\/app.talkpal.ai\/signup?discount=50\">\r\n                Hanki alennusta            <\/a>\r\n                \r\n<\/section>\r\n\r\n\r\n<section class=\"smartFunSection\">\r\n            \r\n            <div class=\"smartFunCard\">\r\n                <div class=\"smartFunWrapper\"><img decoding=\"async\" src=\"https:\/\/talkpal.ai\/wp-content\/uploads\/2025\/05\/1.png\" alt=\"Learning Stats Screenshot\"><\/div>\r\n                <h3>R\u00e4\u00e4t\u00e4l\u00f6ity sinulle<\/h3>\r\n                <p>Talkpal k\u00e4ytt\u00e4\u00e4 teko\u00e4lypohjaista teknologiaa tarjotakseen yksil\u00f6llisi\u00e4 kieltenoppimisistuntoja, jotka on r\u00e4\u00e4t\u00e4l\u00f6ity kunkin opiskelijan tason ja tahdin mukaan. Jokainen oppitunti on suunniteltu vastaamaan yksil\u00f6llisi\u00e4 oppimistarpeitasi ja auttamaan sinua edistym\u00e4\u00e4n tasaisesti.<\/p>\r\n            <\/div>\r\n\r\n        \r\n            <div class=\"smartFunCard\">\r\n                <div class=\"smartFunWrapper\"><img decoding=\"async\" src=\"https:\/\/talkpal.ai\/wp-content\/uploads\/2025\/05\/2.png\" alt=\"Pronunciation Score Screenshot\"><\/div>\r\n                <h3>Tehokas ja tehokas<\/h3>\r\n                <p>Paranna luku-, kuuntelu- ja puhetaitojasi tehokkaasti Talkpalin avulla. Innovatiiviset oppimisty\u00f6kalumme on rakennettu tekem\u00e4\u00e4n kieltenopiskelusta sek\u00e4 tehokasta ett\u00e4 nautinnollista kaikentaustaisille opiskelijoille.<\/p>\r\n            <\/div>\r\n\r\n        \r\n            <div class=\"smartFunCard\">\r\n                <div class=\"smartFunWrapper\"><img decoding=\"async\" src=\"https:\/\/talkpal.ai\/wp-content\/uploads\/2025\/05\/3.png\" alt=\"Chat Topics Screenshot\"><\/div>\r\n                <h3>Pysy sitoutuneena<\/h3>\r\n                <p>Alusta yhdist\u00e4\u00e4 pelillisi\u00e4 elementtej\u00e4, mukaansatempaavia haasteita ja ajatuksia her\u00e4tt\u00e4vi\u00e4 kysymyksi\u00e4 pit\u00e4\u00e4kseen opiskelijat motivoituneina ja johdonmukaisina. Talkpalin avulla kielten oppimisesta tulee hauska p\u00e4ivitt\u00e4inen tapa \u2013 ei teht\u00e4v\u00e4.<\/p>\r\n            <\/div>\r\n\r\n        \r\n            <div class=\"smartFunCard\">\r\n                <div class=\"smartFunWrapper\"><img decoding=\"async\" src=\"https:\/\/talkpal.ai\/wp-content\/uploads\/2025\/05\/4.png\" alt=\"Dashboard Screenshot\"><\/div>\r\n                <h3>Nauti oppimisesta<\/h3>\r\n                <p>Uuden kielen hallitsemisen ei tarvitse tuntua tyls\u00e4lt\u00e4. Talkpal tarjoaa interaktiivisia harjoituksia, eloisia hahmoja ja jopa humoristisia teko\u00e4lykeskusteluja, jotka tekev\u00e4t oppimisesta nautinnollisen ja inspiroivan osan jokaisen opiskelijan p\u00e4iv\u00e4\u00e4.<\/p>\r\n            <\/div>\r\n\r\n            \r\n<\/section>\r\n\r\n<section class=\"promotionalBanner\">\r\n    <p class=\"promotionalText\">Talkpal opiskelijoille &#8211; Aloita oppiminen alennettuun hintaan<\/p>\r\n                <a class=\"promotionalLink\" href=\"https:\/\/app.talkpal.ai\/signup?discount=50\">\r\n                Hanki alennusta            <\/a>\r\n            \r\n<\/section>","protected":false},"excerpt":{"rendered":"","protected":false},"author":10,"featured_media":0,"parent":0,"menu_order":0,"comment_status":"closed","ping_status":"closed","template":"LearningContentPage.php","meta":{"_acf_changed":false,"footnotes":""},"class_list":["post-1461972","page","type-page","status-publish","hentry"],"acf":[],"yoast_head":"<!-- This site is optimized with the Yoast SEO Premium plugin v27.2 (Yoast SEO v27.2) - https:\/\/yoast.com\/product\/yoast-seo-premium-wordpress\/ -->\n<title>Talkpal-alennus opiskelijoille - Talkpal<\/title>\n<meta name=\"description\" content=\"Saat yksinoikeudella 79 % opiskelijaalennuksen Talkpalissa, jotta voit oppia kieli\u00e4 nopeammin personoidun teko\u00e4lykeskusteluharjoituksen avulla.\" \/>\n<meta name=\"robots\" content=\"index, follow, max-snippet:-1, max-image-preview:large, max-video-preview:-1\" \/>\n<link rel=\"canonical\" href=\"https:\/\/talkpal.ai\/fi\/talkpal-alennus-opiskelijoille\/\" \/>\n<meta property=\"og:locale\" content=\"fi_FI\" \/>\n<meta property=\"og:type\" content=\"article\" \/>\n<meta property=\"og:title\" content=\"Talkpal-alennus opiskelijoille\" \/>\n<meta property=\"og:url\" content=\"https:\/\/talkpal.ai\/fi\/talkpal-alennus-opiskelijoille\/\" \/>\n<meta property=\"og:site_name\" content=\"Talkpal\" \/>\n<meta property=\"article:publisher\" content=\"https:\/\/www.facebook.com\/profile.php?id=100090733639311\" \/>\n<meta property=\"article:modified_time\" content=\"2026-01-22T14:57:47+00:00\" \/>\n<meta property=\"og:image\" content=\"https:\/\/talkpal.ai\/wp-content\/uploads\/2025\/02\/Progress-tab-16_9.png\" \/>\n\t<meta property=\"og:image:width\" content=\"2880\" \/>\n\t<meta property=\"og:image:height\" content=\"1620\" \/>\n\t<meta property=\"og:image:type\" content=\"image\/png\" \/>\n<meta name=\"twitter:card\" content=\"summary_large_image\" \/>\n<meta name=\"twitter:site\" content=\"@talkpalai\" \/>\n<script type=\"application\/ld+json\" class=\"yoast-schema-graph\">{\"@context\":\"https:\/\/schema.org\",\"@graph\":[{\"@type\":\"WebPage\",\"@id\":\"https:\/\/talkpal.ai\/fi\/talkpal-alennus-opiskelijoille\/\",\"url\":\"https:\/\/talkpal.ai\/fi\/talkpal-alennus-opiskelijoille\/\",\"name\":\"Talkpal-alennus opiskelijoille - Talkpal\",\"isPartOf\":{\"@id\":\"https:\/\/talkpal.ai\/fi\/#website\"},\"datePublished\":\"2025-10-22T12:21:47+00:00\",\"dateModified\":\"2026-01-22T14:57:47+00:00\",\"description\":\"Saat yksinoikeudella 79 % opiskelijaalennuksen Talkpalissa, jotta voit oppia kieli\u00e4 nopeammin personoidun teko\u00e4lykeskusteluharjoituksen avulla.\",\"breadcrumb\":{\"@id\":\"https:\/\/talkpal.ai\/fi\/talkpal-alennus-opiskelijoille\/#breadcrumb\"},\"inLanguage\":\"fi\",\"potentialAction\":[{\"@type\":\"ReadAction\",\"target\":[\"https:\/\/talkpal.ai\/fi\/talkpal-alennus-opiskelijoille\/\"]}]},{\"@type\":\"BreadcrumbList\",\"@id\":\"https:\/\/talkpal.ai\/fi\/talkpal-alennus-opiskelijoille\/#breadcrumb\",\"itemListElement\":[{\"@type\":\"ListItem\",\"position\":1,\"name\":\"Homepage\",\"item\":\"https:\/\/talkpal.ai\/fi\/\"},{\"@type\":\"ListItem\",\"position\":2,\"name\":\"Talkpal-alennus opiskelijoille\"}]},{\"@type\":\"WebSite\",\"@id\":\"https:\/\/talkpal.ai\/fi\/#website\",\"url\":\"https:\/\/talkpal.ai\/fi\/\",\"name\":\"Talkpal\",\"description\":\"AI Language Learning\",\"publisher\":{\"@id\":\"https:\/\/talkpal.ai\/fi\/#organization\"},\"alternateName\":\"Talkpal AI\",\"potentialAction\":[{\"@type\":\"SearchAction\",\"target\":{\"@type\":\"EntryPoint\",\"urlTemplate\":\"https:\/\/talkpal.ai\/fi\/?s={search_term_string}\"},\"query-input\":{\"@type\":\"PropertyValueSpecification\",\"valueRequired\":true,\"valueName\":\"search_term_string\"}}],\"inLanguage\":\"fi\"},{\"@type\":\"Organization\",\"@id\":\"https:\/\/talkpal.ai\/fi\/#organization\",\"name\":\"Talkpal, Inc.\",\"alternateName\":\"Talkpal AI\",\"url\":\"https:\/\/talkpal.ai\/fi\/\",\"logo\":{\"@type\":\"ImageObject\",\"inLanguage\":\"fi\",\"@id\":\"https:\/\/talkpal.ai\/fi\/#\/schema\/logo\/image\/\",\"url\":\"https:\/\/talkpal.ai\/wp-content\/uploads\/2024\/03\/Talkpal-Logo-Icon.png\",\"contentUrl\":\"https:\/\/talkpal.ai\/wp-content\/uploads\/2024\/03\/Talkpal-Logo-Icon.png\",\"width\":2880,\"height\":2880,\"caption\":\"Talkpal, Inc.\"},\"image\":{\"@id\":\"https:\/\/talkpal.ai\/fi\/#\/schema\/logo\/image\/\"},\"sameAs\":[\"https:\/\/www.facebook.com\/profile.php?id=100090733639311\",\"https:\/\/x.com\/talkpalai\",\"https:\/\/www.linkedin.com\/company\/talkpal\/\",\"https:\/\/www.youtube.com\/@TalkPal\/\",\"https:\/\/www.tiktok.com\/@talkpal\",\"https:\/\/www.instagram.com\/talkpal_ai\/\",\"https:\/\/www.crunchbase.com\/organization\/talkpal-9cde\",\"https:\/\/www.g2.com\/products\/talkpal-for-business\/\",\"https:\/\/www.trustpilot.com\/review\/talkpal.ai\",\"https:\/\/www.capterra.com\/p\/10006800\/TalkPal\/\"],\"description\":\"Talkpal is a language learning web and mobile education app, powered by the latest AI technologies, that provides engaging experiences to its customers in many different languages to help them improve their language skills. Users can chat about unlimited amount of topics with the app and use other modes to practice their language learning.\",\"email\":\"support@talkpal.ai\",\"legalName\":\"Talkpal, Inc.\",\"foundingDate\":\"2023-04-03\",\"duns\":\"118989042\",\"numberOfEmployees\":{\"@type\":\"QuantitativeValue\",\"minValue\":\"11\",\"maxValue\":\"50\"},\"publishingPrinciples\":\"https:\/\/talkpal.ai\/publishing-principles\/\",\"actionableFeedbackPolicy\":\"https:\/\/talkpal.ai\/actionable-feedback-policy\/\",\"correctionsPolicy\":\"https:\/\/talkpal.ai\/corrections-policy\/\",\"ethicsPolicy\":\"https:\/\/talkpal.ai\/ethics-policy\/\",\"diversityPolicy\":\"https:\/\/talkpal.ai\/diversity-policy\/\",\"diversityStaffingReport\":\"https:\/\/talkpal.ai\/diversity-policy\/\"}]}<\/script>\n<!-- \/ Yoast SEO Premium plugin. -->","yoast_head_json":{"title":"Talkpal-alennus opiskelijoille - Talkpal","description":"Saat yksinoikeudella 79 % opiskelijaalennuksen Talkpalissa, jotta voit oppia kieli\u00e4 nopeammin personoidun teko\u00e4lykeskusteluharjoituksen avulla.","robots":{"index":"index","follow":"follow","max-snippet":"max-snippet:-1","max-image-preview":"max-image-preview:large","max-video-preview":"max-video-preview:-1"},"canonical":"https:\/\/talkpal.ai\/fi\/talkpal-alennus-opiskelijoille\/","og_locale":"fi_FI","og_type":"article","og_title":"Talkpal-alennus opiskelijoille","og_url":"https:\/\/talkpal.ai\/fi\/talkpal-alennus-opiskelijoille\/","og_site_name":"Talkpal","article_publisher":"https:\/\/www.facebook.com\/profile.php?id=100090733639311","article_modified_time":"2026-01-22T14:57:47+00:00","og_image":[{"width":2880,"height":1620,"url":"https:\/\/talkpal.ai\/wp-content\/uploads\/2025\/02\/Progress-tab-16_9.png","type":"image\/png"}],"twitter_card":"summary_large_image","twitter_site":"@talkpalai","schema":{"@context":"https:\/\/schema.org","@graph":[{"@type":"WebPage","@id":"https:\/\/talkpal.ai\/fi\/talkpal-alennus-opiskelijoille\/","url":"https:\/\/talkpal.ai\/fi\/talkpal-alennus-opiskelijoille\/","name":"Talkpal-alennus opiskelijoille - Talkpal","isPartOf":{"@id":"https:\/\/talkpal.ai\/fi\/#website"},"datePublished":"2025-10-22T12:21:47+00:00","dateModified":"2026-01-22T14:57:47+00:00","description":"Saat yksinoikeudella 79 % opiskelijaalennuksen Talkpalissa, jotta voit oppia kieli\u00e4 nopeammin personoidun teko\u00e4lykeskusteluharjoituksen avulla.","breadcrumb":{"@id":"https:\/\/talkpal.ai\/fi\/talkpal-alennus-opiskelijoille\/#breadcrumb"},"inLanguage":"fi","potentialAction":[{"@type":"ReadAction","target":["https:\/\/talkpal.ai\/fi\/talkpal-alennus-opiskelijoille\/"]}]},{"@type":"BreadcrumbList","@id":"https:\/\/talkpal.ai\/fi\/talkpal-alennus-opiskelijoille\/#breadcrumb","itemListElement":[{"@type":"ListItem","position":1,"name":"Homepage","item":"https:\/\/talkpal.ai\/fi\/"},{"@type":"ListItem","position":2,"name":"Talkpal-alennus opiskelijoille"}]},{"@type":"WebSite","@id":"https:\/\/talkpal.ai\/fi\/#website","url":"https:\/\/talkpal.ai\/fi\/","name":"Talkpal","description":"AI Language Learning","publisher":{"@id":"https:\/\/talkpal.ai\/fi\/#organization"},"alternateName":"Talkpal AI","potentialAction":[{"@type":"SearchAction","target":{"@type":"EntryPoint","urlTemplate":"https:\/\/talkpal.ai\/fi\/?s={search_term_string}"},"query-input":{"@type":"PropertyValueSpecification","valueRequired":true,"valueName":"search_term_string"}}],"inLanguage":"fi"},{"@type":"Organization","@id":"https:\/\/talkpal.ai\/fi\/#organization","name":"Talkpal, Inc.","alternateName":"Talkpal AI","url":"https:\/\/talkpal.ai\/fi\/","logo":{"@type":"ImageObject","inLanguage":"fi","@id":"https:\/\/talkpal.ai\/fi\/#\/schema\/logo\/image\/","url":"https:\/\/talkpal.ai\/wp-content\/uploads\/2024\/03\/Talkpal-Logo-Icon.png","contentUrl":"https:\/\/talkpal.ai\/wp-content\/uploads\/2024\/03\/Talkpal-Logo-Icon.png","width":2880,"height":2880,"caption":"Talkpal, Inc."},"image":{"@id":"https:\/\/talkpal.ai\/fi\/#\/schema\/logo\/image\/"},"sameAs":["https:\/\/www.facebook.com\/profile.php?id=100090733639311","https:\/\/x.com\/talkpalai","https:\/\/www.linkedin.com\/company\/talkpal\/","https:\/\/www.youtube.com\/@TalkPal\/","https:\/\/www.tiktok.com\/@talkpal","https:\/\/www.instagram.com\/talkpal_ai\/","https:\/\/www.crunchbase.com\/organization\/talkpal-9cde","https:\/\/www.g2.com\/products\/talkpal-for-business\/","https:\/\/www.trustpilot.com\/review\/talkpal.ai","https:\/\/www.capterra.com\/p\/10006800\/TalkPal\/"],"description":"Talkpal is a language learning web and mobile education app, powered by the latest AI technologies, that provides engaging experiences to its customers in many different languages to help them improve their language skills. Users can chat about unlimited amount of topics with the app and use other modes to practice their language learning.","email":"support@talkpal.ai","legalName":"Talkpal, Inc.","foundingDate":"2023-04-03","duns":"118989042","numberOfEmployees":{"@type":"QuantitativeValue","minValue":"11","maxValue":"50"},"publishingPrinciples":"https:\/\/talkpal.ai\/publishing-principles\/","actionableFeedbackPolicy":"https:\/\/talkpal.ai\/actionable-feedback-policy\/","correctionsPolicy":"https:\/\/talkpal.ai\/corrections-policy\/","ethicsPolicy":"https:\/\/talkpal.ai\/ethics-policy\/","diversityPolicy":"https:\/\/talkpal.ai\/diversity-policy\/","diversityStaffingReport":"https:\/\/talkpal.ai\/diversity-policy\/"}]}},"_links":{"self":[{"href":"https:\/\/talkpal.ai\/fi\/wp-json\/wp\/v2\/pages\/1461972","targetHints":{"allow":["GET"]}}],"collection":[{"href":"https:\/\/talkpal.ai\/fi\/wp-json\/wp\/v2\/pages"}],"about":[{"href":"https:\/\/talkpal.ai\/fi\/wp-json\/wp\/v2\/types\/page"}],"author":[{"embeddable":true,"href":"https:\/\/talkpal.ai\/fi\/wp-json\/wp\/v2\/users\/10"}],"replies":[{"embeddable":true,"href":"https:\/\/talkpal.ai\/fi\/wp-json\/wp\/v2\/comments?post=1461972"}],"version-history":[{"count":0,"href":"https:\/\/talkpal.ai\/fi\/wp-json\/wp\/v2\/pages\/1461972\/revisions"}],"wp:attachment":[{"href":"https:\/\/talkpal.ai\/fi\/wp-json\/wp\/v2\/media?parent=1461972"}],"curies":[{"name":"wp","href":"https:\/\/api.w.org\/{rel}","templated":true}]}}