{"id":146166,"date":"2023-05-14T14:10:42","date_gmt":"2023-05-14T14:10:42","guid":{"rendered":"http:\/\/talkpal.ai\/liettuan-kielioppi\/"},"modified":"2025-12-12T10:44:11","modified_gmt":"2025-12-12T10:44:11","slug":"liettuan-kielioppi","status":"publish","type":"page","link":"https:\/\/talkpal.ai\/fi\/liettuan-kielioppi\/","title":{"rendered":"Liettuan kielioppi"},"content":{"rendered":"\r\n\r\n\r\n<section class=\"languageChallengeSection\">\r\n    <div class=\"languageInfoWrapper\">\r\n        \r\n        <h1>Liettuan kielioppi<\/h1>\r\n        <p>Aloita matkasi <a href=\"https:\/\/talkpal.ai\/learn-lithuanian\/\">liettuan<\/a> kielioppiin ja tutustu yhteen Euroopan vanhimmista ja kiehtovimmista kielist\u00e4. Opi keskeiset s\u00e4\u00e4nn\u00f6t ja mallit vahvan kieliperustan rakentamiseksi. Sukella nyt ja aloita liettuan kielen oppiminen jo t\u00e4n\u00e4\u00e4n!<\/p>\r\n\r\n                            <a class=\"getStartedHidden\" href=\"https:\/\/app.talkpal.ai\/fi\/signup?lng=\">Aloita<\/a>\r\n        \r\n    <\/div>\r\n\r\n    <figure>\r\n    <img decoding=\"async\" width=\"768\" height=\"768\" src=\"https:\/\/talkpal.ai\/wp-content\/uploads\/2023\/06\/lithuenian-768x768.png\" class=\"languageImage no-lazy\" alt=\"Default alt text\" fetchpriority=\"high\" sizes=\"(max-width: 768px) 150px, 768px\" srcset=\"https:\/\/talkpal.ai\/wp-content\/uploads\/2023\/06\/lithuenian-768x768.png 768w, https:\/\/talkpal.ai\/wp-content\/uploads\/2023\/06\/lithuenian-300x300.png 300w\" \/>\r\n    \r\n\r\n    <\/figure>\r\n\r\n            <a class=\"getStartedVisible\" href=\"https:\/\/app.talkpal.ai\/fi\/signup?lng=\">Aloita<\/a>\r\n    \r\n<\/section>\r\n        <section class=\"grammarSection\">\r\n            <div class=\"grammarLinks\">\r\n                <a href=\"https:\/\/talkpal.ai\/fi\/language\/adjektiivit-liettuan-kielioppi\/\">Adjektiivit <\/a><a href=\"https:\/\/talkpal.ai\/fi\/language\/adverbit-liettuan-kielioppi\/\">Adverbit <\/a><a href=\"https:\/\/talkpal.ai\/fi\/language\/aikamuodot-liettuan-kielioppi\/\">Aikamuodot <\/a><a href=\"https:\/\/talkpal.ai\/fi\/language\/aikamuotojen-vertailu-liettuan-kielioppi\/\">Aikamuotojen vertailu <\/a><a href=\"https:\/\/talkpal.ai\/fi\/language\/artikkelit-liettuan-kielioppi\/\">Artikkelit <\/a><a href=\"https:\/\/talkpal.ai\/fi\/language\/konditionaalit-liettuan-kielioppi\/\">Konditionaalit <\/a><a href=\"https:\/\/talkpal.ai\/fi\/language\/lakkeet-liettuan-kielioppi\/\">Lakkeet <\/a><a href=\"https:\/\/talkpal.ai\/fi\/language\/prepositiot-liettuan-kielioppi\/\">Prepositiot <\/a><a href=\"https:\/\/talkpal.ai\/fi\/language\/progressiivinen-liettuan-kielioppi\/\">Progressiivinen <\/a><a href=\"https:\/\/talkpal.ai\/fi\/language\/pronominit-determinerit-liettuan-kielioppi\/\">Pronominit\/Determinerit <\/a><a href=\"https:\/\/talkpal.ai\/fi\/language\/substantiivit-liettuan-kielioppi\/\">Substantiivit <\/a><a href=\"https:\/\/talkpal.ai\/fi\/language\/taydellinen-progressiivinen-liettuan-kielioppi\/\">T\u00e4ydellinen progressiivinen <\/a><a href=\"https:\/\/talkpal.ai\/fi\/language\/verbit-liettuan-kielioppi\/\">Verbit <\/a>            <\/div>\r\n        <\/section>\r\n    <section class=\"promotionalBanner\">\r\n    <p class=\"promotionalText\">Tehokkain tapa oppia kielt\u00e4<\/p>\r\n    <a class=\"promotionalLink\" href=\"https:\/\/app.talkpal.ai\/fi\/signup?lng=\">Kokeile Talkpal ilmaiseksi<\/a>\r\n<\/section>\n<div class=\"wp-block-group pageContainerStyle\"><div class=\"wp-block-group__inner-container is-layout-constrained wp-block-group-is-layout-constrained\">\n<h2 class=\"wp-block-heading\" id=\"h-lithuanian-grammar-a-fascinating-journey-through-language\">Liettuan kielioppi: kiehtova matka kielen l\u00e4pi<\/h2>\n\n\n\n<p>Oletko koskaan harkinnut liettuan opiskelua <a href=\"https:\/\/talkpal.ai\/learn-thai\/\">tai<\/a> yksinkertaisesti kiinnostunut sen ainutlaatuisesta kieliopista? No, sinua odottaa herkkupala! <a href=\"https:\/\/talkpal.ai\/fi\/grammar\/numero-liettuan-kielioppi\/\">Liettuan kielioppi<\/a> saattaa vaikuttaa aluksi erikoiselta, mutta \u00e4l\u00e4 erehdy \u2013 se esittelee hienoa kielellist\u00e4 logiikkaa. T\u00e4ss\u00e4 artikkelissa avaamme liettuan kieliopin eri puolia, mik\u00e4 antaa sinulle mahdollisuuden arvostaa sen vieh\u00e4tyst\u00e4.<\/p>\n\n\n\n<p>Ensinn\u00e4kin lyhyt tausta: liettua on balttilainen kieli, jota puhutaan p\u00e4\u00e4asiassa Liettuassa, mutta jota tavataan my\u00f6s naapurimaissa. Yhten\u00e4 vanhimmista el\u00e4vist\u00e4 indoeurooppalaisista kielist\u00e4 se s\u00e4ilytt\u00e4\u00e4 arkaaiset piirteet ja antaa k\u00e4sityksen muiden kieliperheen kielten kehityksest\u00e4. T\u00e4m\u00e4 historiallinen merkitys tekee liettuasta erityisen kiehtovan kielen yst\u00e4ville.<\/p>\n\n\n\n<p>Tutustutaan nyt liettuan kieliopin keskeisiin piirteisiin.<\/p>\n\n\n\n<h3 class=\"wp-block-heading\" id=\"h-1-nouns-cases-and-declensions\">1. Substantiivit, tapaukset ja julistukset<\/h3>\n\n\n\n<p>Yksi liettuan kieliopin n\u00e4kyvimmist\u00e4 piirteist\u00e4 on sen monimutkainen kirjainj\u00e4rjestelm\u00e4. Substantiivit saavat erilaisia muotoja riippuen niiden teht\u00e4v\u00e4st\u00e4 lauseessa ja siit\u00e4, heijastavatko ne toiminnan kohdetta, objektia tai vastaanottajaa. Liettuassa on seitsem\u00e4n tapausta: nominatiivi, genetiivi, datiivi, akkusatiivi, instrumentaali, lokatiivi ja vokatiivi.<\/p>\n\n\n\n<p>Otetaan esimerkiksi substantiivi &#8221;vaikas&#8221; (lapsi). Se voi muuttua sanoiksi &#8221;vaiko&#8221;, &#8221;vaikui&#8221;, &#8221;vaik\u0105&#8221; ja niin edelleen sen mukaan, mik\u00e4 on sen rooli lauseessa. Lis\u00e4ksi p\u00e4\u00e4tteisiin vaikuttaa substantiivin sukupuoli (maskuliini tai feminiini), ja ne jaetaan edelleen deklinaatioihin, mik\u00e4 tekee kielest\u00e4 entist\u00e4kin monipuolisemman.<\/p>\n\n\n\n<h3 class=\"wp-block-heading\" id=\"h-2-verb-conjugation-and-tenses\">2. Verbien taivutus ja aikamuodot<\/h3>\n\n\n\n<p>Liettuan verbit muuttavat p\u00e4\u00e4tteit\u00e4\u00e4n subjektin henkil\u00f6n ja numeron (yksikk\u00f6 tai monikko) mukaan. Esimerkiksi verbi &#8221;eiti&#8221; (menn\u00e4) voi muuttua muun muassa muotoon &#8221;einu&#8221; (min\u00e4 menen), &#8221;einate&#8221; (sin\u00e4 &#8211; monikko &#8211; menet), &#8221;eina&#8221; (he menev\u00e4t).<\/p>\n\n\n\n<p>Liettuassa on nelj\u00e4 p\u00e4\u00e4aikamuotoa: nykyisyys, menneisyys, menneisyys, iteratiivi ja tulevaisuus. Mielenkiintoista on, ett\u00e4 kieless\u00e4 on my\u00f6s aspektimerkkej\u00e4: perfektiivinen ja imperfektiivinen. N\u00e4m\u00e4 merkit antavat lis\u00e4tietoja siit\u00e4, onko toiminto valmis vai k\u00e4ynniss\u00e4. Esimerkiksi &#8221;ne\u0161ti&#8221; (kantaa &#8211; imperfekti) vs. &#8221;nat&#8221; (kantaa &#8211; perfekti).<\/p>\n\n\n\n<h3 class=\"wp-block-heading\" id=\"h-3-sentence-structure-and-word-order\">3. Lauserakenne ja sanaj\u00e4rjestys<\/h3>\n\n\n\n<p>Vaikka liettua noudattaa yleens\u00e4 SVO-sanaj\u00e4rjestyst\u00e4 (subjekti-verbi-objekti), sen tapausj\u00e4rjestelm\u00e4 mahdollistaa huomattavan joustavuuden. Toisin kuin englannissa, jossa sanaj\u00e4rjestys yleens\u00e4 m\u00e4\u00e4ritt\u00e4\u00e4 lauseen merkityksen, liettuan kieless\u00e4 sanojen siirtely ei muuta merkityst\u00e4. Esimerkiksi &#8221;kat\u0117 valgo \u017euv\u012f&#8221; (kissa sy\u00f6 kalan) voi olla my\u00f6s &#8221;\u017euv\u012f valgo kat\u0117&#8221; ilman, ett\u00e4 sen merkitys muuttuu tai h\u00e4vi\u00e4\u00e4.<\/p>\n\n\n\n<p>T\u00e4m\u00e4n joustavuuden ansiosta voit leikki\u00e4 lauserakenteella, korostaa tiettyj\u00e4 elementtej\u00e4 tai luoda vivahteita, kun kielitaitosi paranee.<\/p>\n\n\n\n<h3 class=\"wp-block-heading\" id=\"h-4-adjectives-adverbs-and-agreement-rules\">4. Adjektiivit, adverbit ja sopimuss\u00e4\u00e4nn\u00f6t<\/h3>\n\n\n\n<p>Kuten monissa kieliss\u00e4, liettuan kielen adjektiivit ja <a href=\"https:\/\/talkpal.ai\/fi\/grammar\/paikan-tsekin-kielioppi-adverbit\/\">adverbit<\/a> kuvaavat substantiiveja ja verbej\u00e4, mutta ne noudattavat my\u00f6s erityisi\u00e4 sopimuss\u00e4\u00e4nt\u00f6j\u00e4. Erityisesti adjektiivien on oltava sopusoinnussa substantiivin kanssa, jota ne muuttavat tapauksen, sukupuolen ja numeron suhteen. Kun ymm\u00e4rr\u00e4t substantiivien ja verbien taivutukset, n\u00e4m\u00e4 s\u00e4\u00e4nn\u00f6t tulevat luonnollisemmin.<\/p>\n\n\n\n<p>Oletko siis valmis sukeltamaan liettuan kielioppiin? Sinnikkyydell\u00e4, omistautumisella ja asianmukaisilla resursseilla liettuan oppiminen &#8211; rikas historia ja kulttuuriperint\u00f6 &#8211; on eritt\u00e4in palkitseva kokemus. K\u00e4sittele kielt\u00e4 askel askeleelta, harjoittele johdonmukaisesti ja pysy avoimena oppimaan virheist\u00e4si. S\u0117km\u0117s! (Onnea!)<\/p>\n<\/div><\/div>\n\r\n<section class=\"learnNavigationSection\">\r\n            \r\n        <a href=\"https:\/\/talkpal.ai\/fi\/opi-liettuan-kielta\/\">\r\n            <div class=\"learnNavigationWrapper\">\r\n                <div class=\"learnNavigationContent\">\r\n                    <img decoding=\"async\" src=\"https:\/\/talkpal.ai\/wp-content\/uploads\/2024\/08\/Lithuanian.jpg\" alt=\"Lithuanian Flag\">\r\n                    <div>\r\n                        <h4>Liettuan oppimisesta<\/h4>\r\n                        <p>Lue kaikki liettuan kieliopista.<\/p>\r\n                    <\/div>\r\n                <\/div>\r\n            <\/div>\r\n        <\/a>\r\n\r\n        \r\n        <a href=\"https:\/\/talkpal.ai\/fi\/liettuan-kielioppiharjoitukset\/\">\r\n            <div class=\"learnNavigationWrapper\">\r\n                <div class=\"learnNavigationContent\">\r\n                    <img decoding=\"async\" src=\"https:\/\/talkpal.ai\/wp-content\/uploads\/2024\/08\/Lithuanian.jpg\" alt=\"Lithuanian Flag\">\r\n                    <div>\r\n                        <h4>Liettuan kielioppiharjoitus<\/h4>\r\n                        <p>Harjoittele liettuan kielioppia.<\/p>\r\n                    <\/div>\r\n                <\/div>\r\n            <\/div>\r\n        <\/a>\r\n\r\n        \r\n        <a href=\"https:\/\/talkpal.ai\/vocabulary_language\/lithuanian\/\">\r\n            <div class=\"learnNavigationWrapper\">\r\n                <div class=\"learnNavigationContent\">\r\n                    <img decoding=\"async\" src=\"https:\/\/talkpal.ai\/wp-content\/uploads\/2024\/08\/Lithuanian.jpg\" alt=\"Lithuanian Flag\">\r\n                    <div>\r\n                        <h4>Liettuan sanasto<\/h4>\r\n                        <p>Laajenna liettuan kielen sanavarastoasi.<\/p>\r\n                    <\/div>\r\n                <\/div>\r\n            <\/div>\r\n        <\/a>\r\n\r\n            <\/section>","protected":false},"excerpt":{"rendered":"<p>Liettuan kielioppi: kiehtova matka kielen l\u00e4pi Oletko koskaan harkinnut liettuan opiskelua tai yksinkertaisesti kiinnostunut sen ainutlaatuisesta kieliopista? No, sinua odottaa herkkupala! Liettuan kielioppi saattaa vaikuttaa aluksi erikoiselta, mutta \u00e4l\u00e4 erehdy \u2013 se esittelee hienoa kielellist\u00e4 logiikkaa. T\u00e4ss\u00e4 artikkelissa avaamme liettuan kieliopin eri puolia, mik\u00e4 antaa sinulle mahdollisuuden arvostaa sen vieh\u00e4tyst\u00e4. Ensinn\u00e4kin lyhyt tausta: liettua on [&hellip;]<\/p>\n","protected":false},"author":1,"featured_media":28459,"parent":0,"menu_order":0,"comment_status":"closed","ping_status":"closed","template":"LearningContentPage.php","meta":{"_acf_changed":false,"footnotes":""},"class_list":["post-146166","page","type-page","status-publish","has-post-thumbnail","hentry"],"acf":[],"yoast_head":"<!-- This site is optimized with the Yoast SEO Premium plugin v27.2 (Yoast SEO v27.2) - https:\/\/yoast.com\/product\/yoast-seo-premium-wordpress\/ -->\n<title>Liettuan kielioppi - Talkpal<\/title>\n<meta name=\"description\" content=\"Tutustu siihen, miten liettuan kielioppi heijastaa historiallista rikkautta ja logiikkaa, mik\u00e4 tekee siit\u00e4 t\u00e4ydellisen opintokohteen kielten yst\u00e4ville.\" \/>\n<meta name=\"robots\" content=\"index, follow, max-snippet:-1, max-image-preview:large, max-video-preview:-1\" \/>\n<link rel=\"canonical\" href=\"https:\/\/talkpal.ai\/fi\/liettuan-kielioppi\/\" \/>\n<meta property=\"og:locale\" content=\"fi_FI\" \/>\n<meta property=\"og:type\" content=\"article\" \/>\n<meta property=\"og:title\" content=\"Liettuan kielioppi\" \/>\n<meta property=\"og:description\" content=\"Liettuan kielioppi: kiehtova matka kielen l\u00e4pi Oletko koskaan harkinnut liettuan opiskelua tai yksinkertaisesti kiinnostunut sen ainutlaatuisesta\" \/>\n<meta property=\"og:url\" content=\"https:\/\/talkpal.ai\/fi\/liettuan-kielioppi\/\" \/>\n<meta property=\"og:site_name\" content=\"Talkpal\" \/>\n<meta property=\"article:publisher\" content=\"https:\/\/www.facebook.com\/profile.php?id=100090733639311\" \/>\n<meta property=\"article:modified_time\" content=\"2025-12-12T10:44:11+00:00\" \/>\n<meta property=\"og:image\" content=\"https:\/\/talkpal.ai\/wp-content\/uploads\/2023\/05\/Lithuanian.png\" \/>\n\t<meta property=\"og:image:width\" content=\"512\" \/>\n\t<meta property=\"og:image:height\" content=\"512\" \/>\n\t<meta property=\"og:image:type\" content=\"image\/png\" \/>\n<meta name=\"twitter:card\" content=\"summary_large_image\" \/>\n<meta name=\"twitter:site\" content=\"@talkpalai\" \/>\n<meta name=\"twitter:label1\" content=\"Arvioitu lukuaika\" \/>\n\t<meta name=\"twitter:data1\" content=\"2 minuuttia\" \/>\n<script type=\"application\/ld+json\" class=\"yoast-schema-graph\">{\"@context\":\"https:\/\/schema.org\",\"@graph\":[{\"@type\":\"WebPage\",\"@id\":\"https:\/\/talkpal.ai\/fi\/liettuan-kielioppi\/\",\"url\":\"https:\/\/talkpal.ai\/fi\/liettuan-kielioppi\/\",\"name\":\"Liettuan kielioppi - Talkpal\",\"isPartOf\":{\"@id\":\"https:\/\/talkpal.ai\/fi\/#website\"},\"primaryImageOfPage\":{\"@id\":\"https:\/\/talkpal.ai\/fi\/liettuan-kielioppi\/#primaryimage\"},\"image\":{\"@id\":\"https:\/\/talkpal.ai\/fi\/liettuan-kielioppi\/#primaryimage\"},\"thumbnailUrl\":\"https:\/\/talkpal.ai\/wp-content\/uploads\/2023\/05\/Lithuanian.png\",\"datePublished\":\"2023-05-14T14:10:42+00:00\",\"dateModified\":\"2025-12-12T10:44:11+00:00\",\"description\":\"Tutustu siihen, miten liettuan kielioppi heijastaa historiallista rikkautta ja logiikkaa, mik\u00e4 tekee siit\u00e4 t\u00e4ydellisen opintokohteen kielten yst\u00e4ville.\",\"breadcrumb\":{\"@id\":\"https:\/\/talkpal.ai\/fi\/liettuan-kielioppi\/#breadcrumb\"},\"inLanguage\":\"fi\",\"potentialAction\":[{\"@type\":\"ReadAction\",\"target\":[\"https:\/\/talkpal.ai\/fi\/liettuan-kielioppi\/\"]}]},{\"@type\":\"ImageObject\",\"inLanguage\":\"fi\",\"@id\":\"https:\/\/talkpal.ai\/fi\/liettuan-kielioppi\/#primaryimage\",\"url\":\"https:\/\/talkpal.ai\/wp-content\/uploads\/2023\/05\/Lithuanian.png\",\"contentUrl\":\"https:\/\/talkpal.ai\/wp-content\/uploads\/2023\/05\/Lithuanian.png\",\"width\":512,\"height\":512},{\"@type\":\"BreadcrumbList\",\"@id\":\"https:\/\/talkpal.ai\/fi\/liettuan-kielioppi\/#breadcrumb\",\"itemListElement\":[{\"@type\":\"ListItem\",\"position\":1,\"name\":\"Homepage\",\"item\":\"https:\/\/talkpal.ai\/fi\/\"},{\"@type\":\"ListItem\",\"position\":2,\"name\":\"Liettuan kielioppi\"}]},{\"@type\":\"WebSite\",\"@id\":\"https:\/\/talkpal.ai\/fi\/#website\",\"url\":\"https:\/\/talkpal.ai\/fi\/\",\"name\":\"Talkpal\",\"description\":\"AI Language Learning\",\"publisher\":{\"@id\":\"https:\/\/talkpal.ai\/fi\/#organization\"},\"alternateName\":\"Talkpal AI\",\"potentialAction\":[{\"@type\":\"SearchAction\",\"target\":{\"@type\":\"EntryPoint\",\"urlTemplate\":\"https:\/\/talkpal.ai\/fi\/?s={search_term_string}\"},\"query-input\":{\"@type\":\"PropertyValueSpecification\",\"valueRequired\":true,\"valueName\":\"search_term_string\"}}],\"inLanguage\":\"fi\"},{\"@type\":\"Organization\",\"@id\":\"https:\/\/talkpal.ai\/fi\/#organization\",\"name\":\"Talkpal, Inc.\",\"alternateName\":\"Talkpal AI\",\"url\":\"https:\/\/talkpal.ai\/fi\/\",\"logo\":{\"@type\":\"ImageObject\",\"inLanguage\":\"fi\",\"@id\":\"https:\/\/talkpal.ai\/fi\/#\/schema\/logo\/image\/\",\"url\":\"https:\/\/talkpal.ai\/wp-content\/uploads\/2024\/03\/Talkpal-Logo-Icon.png\",\"contentUrl\":\"https:\/\/talkpal.ai\/wp-content\/uploads\/2024\/03\/Talkpal-Logo-Icon.png\",\"width\":2880,\"height\":2880,\"caption\":\"Talkpal, Inc.\"},\"image\":{\"@id\":\"https:\/\/talkpal.ai\/fi\/#\/schema\/logo\/image\/\"},\"sameAs\":[\"https:\/\/www.facebook.com\/profile.php?id=100090733639311\",\"https:\/\/x.com\/talkpalai\",\"https:\/\/www.linkedin.com\/company\/talkpal\/\",\"https:\/\/www.youtube.com\/@TalkPal\/\",\"https:\/\/www.tiktok.com\/@talkpal\",\"https:\/\/www.instagram.com\/talkpal_ai\/\",\"https:\/\/www.crunchbase.com\/organization\/talkpal-9cde\",\"https:\/\/www.g2.com\/products\/talkpal-for-business\/\",\"https:\/\/www.trustpilot.com\/review\/talkpal.ai\",\"https:\/\/www.capterra.com\/p\/10006800\/TalkPal\/\"],\"description\":\"Talkpal is a language learning web and mobile education app, powered by the latest AI technologies, that provides engaging experiences to its customers in many different languages to help them improve their language skills. Users can chat about unlimited amount of topics with the app and use other modes to practice their language learning.\",\"email\":\"support@talkpal.ai\",\"legalName\":\"Talkpal, Inc.\",\"foundingDate\":\"2023-04-03\",\"duns\":\"118989042\",\"numberOfEmployees\":{\"@type\":\"QuantitativeValue\",\"minValue\":\"11\",\"maxValue\":\"50\"},\"publishingPrinciples\":\"https:\/\/talkpal.ai\/publishing-principles\/\",\"actionableFeedbackPolicy\":\"https:\/\/talkpal.ai\/actionable-feedback-policy\/\",\"correctionsPolicy\":\"https:\/\/talkpal.ai\/corrections-policy\/\",\"ethicsPolicy\":\"https:\/\/talkpal.ai\/ethics-policy\/\",\"diversityPolicy\":\"https:\/\/talkpal.ai\/diversity-policy\/\",\"diversityStaffingReport\":\"https:\/\/talkpal.ai\/diversity-policy\/\"}]}<\/script>\n<!-- \/ Yoast SEO Premium plugin. -->","yoast_head_json":{"title":"Liettuan kielioppi - Talkpal","description":"Tutustu siihen, miten liettuan kielioppi heijastaa historiallista rikkautta ja logiikkaa, mik\u00e4 tekee siit\u00e4 t\u00e4ydellisen opintokohteen kielten yst\u00e4ville.","robots":{"index":"index","follow":"follow","max-snippet":"max-snippet:-1","max-image-preview":"max-image-preview:large","max-video-preview":"max-video-preview:-1"},"canonical":"https:\/\/talkpal.ai\/fi\/liettuan-kielioppi\/","og_locale":"fi_FI","og_type":"article","og_title":"Liettuan kielioppi","og_description":"Liettuan kielioppi: kiehtova matka kielen l\u00e4pi Oletko koskaan harkinnut liettuan opiskelua tai yksinkertaisesti kiinnostunut sen ainutlaatuisesta","og_url":"https:\/\/talkpal.ai\/fi\/liettuan-kielioppi\/","og_site_name":"Talkpal","article_publisher":"https:\/\/www.facebook.com\/profile.php?id=100090733639311","article_modified_time":"2025-12-12T10:44:11+00:00","og_image":[{"width":512,"height":512,"url":"https:\/\/talkpal.ai\/wp-content\/uploads\/2023\/05\/Lithuanian.png","type":"image\/png"}],"twitter_card":"summary_large_image","twitter_site":"@talkpalai","twitter_misc":{"Arvioitu lukuaika":"2 minuuttia"},"schema":{"@context":"https:\/\/schema.org","@graph":[{"@type":"WebPage","@id":"https:\/\/talkpal.ai\/fi\/liettuan-kielioppi\/","url":"https:\/\/talkpal.ai\/fi\/liettuan-kielioppi\/","name":"Liettuan kielioppi - Talkpal","isPartOf":{"@id":"https:\/\/talkpal.ai\/fi\/#website"},"primaryImageOfPage":{"@id":"https:\/\/talkpal.ai\/fi\/liettuan-kielioppi\/#primaryimage"},"image":{"@id":"https:\/\/talkpal.ai\/fi\/liettuan-kielioppi\/#primaryimage"},"thumbnailUrl":"https:\/\/talkpal.ai\/wp-content\/uploads\/2023\/05\/Lithuanian.png","datePublished":"2023-05-14T14:10:42+00:00","dateModified":"2025-12-12T10:44:11+00:00","description":"Tutustu siihen, miten liettuan kielioppi heijastaa historiallista rikkautta ja logiikkaa, mik\u00e4 tekee siit\u00e4 t\u00e4ydellisen opintokohteen kielten yst\u00e4ville.","breadcrumb":{"@id":"https:\/\/talkpal.ai\/fi\/liettuan-kielioppi\/#breadcrumb"},"inLanguage":"fi","potentialAction":[{"@type":"ReadAction","target":["https:\/\/talkpal.ai\/fi\/liettuan-kielioppi\/"]}]},{"@type":"ImageObject","inLanguage":"fi","@id":"https:\/\/talkpal.ai\/fi\/liettuan-kielioppi\/#primaryimage","url":"https:\/\/talkpal.ai\/wp-content\/uploads\/2023\/05\/Lithuanian.png","contentUrl":"https:\/\/talkpal.ai\/wp-content\/uploads\/2023\/05\/Lithuanian.png","width":512,"height":512},{"@type":"BreadcrumbList","@id":"https:\/\/talkpal.ai\/fi\/liettuan-kielioppi\/#breadcrumb","itemListElement":[{"@type":"ListItem","position":1,"name":"Homepage","item":"https:\/\/talkpal.ai\/fi\/"},{"@type":"ListItem","position":2,"name":"Liettuan kielioppi"}]},{"@type":"WebSite","@id":"https:\/\/talkpal.ai\/fi\/#website","url":"https:\/\/talkpal.ai\/fi\/","name":"Talkpal","description":"AI Language Learning","publisher":{"@id":"https:\/\/talkpal.ai\/fi\/#organization"},"alternateName":"Talkpal AI","potentialAction":[{"@type":"SearchAction","target":{"@type":"EntryPoint","urlTemplate":"https:\/\/talkpal.ai\/fi\/?s={search_term_string}"},"query-input":{"@type":"PropertyValueSpecification","valueRequired":true,"valueName":"search_term_string"}}],"inLanguage":"fi"},{"@type":"Organization","@id":"https:\/\/talkpal.ai\/fi\/#organization","name":"Talkpal, Inc.","alternateName":"Talkpal AI","url":"https:\/\/talkpal.ai\/fi\/","logo":{"@type":"ImageObject","inLanguage":"fi","@id":"https:\/\/talkpal.ai\/fi\/#\/schema\/logo\/image\/","url":"https:\/\/talkpal.ai\/wp-content\/uploads\/2024\/03\/Talkpal-Logo-Icon.png","contentUrl":"https:\/\/talkpal.ai\/wp-content\/uploads\/2024\/03\/Talkpal-Logo-Icon.png","width":2880,"height":2880,"caption":"Talkpal, Inc."},"image":{"@id":"https:\/\/talkpal.ai\/fi\/#\/schema\/logo\/image\/"},"sameAs":["https:\/\/www.facebook.com\/profile.php?id=100090733639311","https:\/\/x.com\/talkpalai","https:\/\/www.linkedin.com\/company\/talkpal\/","https:\/\/www.youtube.com\/@TalkPal\/","https:\/\/www.tiktok.com\/@talkpal","https:\/\/www.instagram.com\/talkpal_ai\/","https:\/\/www.crunchbase.com\/organization\/talkpal-9cde","https:\/\/www.g2.com\/products\/talkpal-for-business\/","https:\/\/www.trustpilot.com\/review\/talkpal.ai","https:\/\/www.capterra.com\/p\/10006800\/TalkPal\/"],"description":"Talkpal is a language learning web and mobile education app, powered by the latest AI technologies, that provides engaging experiences to its customers in many different languages to help them improve their language skills. Users can chat about unlimited amount of topics with the app and use other modes to practice their language learning.","email":"support@talkpal.ai","legalName":"Talkpal, Inc.","foundingDate":"2023-04-03","duns":"118989042","numberOfEmployees":{"@type":"QuantitativeValue","minValue":"11","maxValue":"50"},"publishingPrinciples":"https:\/\/talkpal.ai\/publishing-principles\/","actionableFeedbackPolicy":"https:\/\/talkpal.ai\/actionable-feedback-policy\/","correctionsPolicy":"https:\/\/talkpal.ai\/corrections-policy\/","ethicsPolicy":"https:\/\/talkpal.ai\/ethics-policy\/","diversityPolicy":"https:\/\/talkpal.ai\/diversity-policy\/","diversityStaffingReport":"https:\/\/talkpal.ai\/diversity-policy\/"}]}},"_links":{"self":[{"href":"https:\/\/talkpal.ai\/fi\/wp-json\/wp\/v2\/pages\/146166","targetHints":{"allow":["GET"]}}],"collection":[{"href":"https:\/\/talkpal.ai\/fi\/wp-json\/wp\/v2\/pages"}],"about":[{"href":"https:\/\/talkpal.ai\/fi\/wp-json\/wp\/v2\/types\/page"}],"author":[{"embeddable":true,"href":"https:\/\/talkpal.ai\/fi\/wp-json\/wp\/v2\/users\/1"}],"replies":[{"embeddable":true,"href":"https:\/\/talkpal.ai\/fi\/wp-json\/wp\/v2\/comments?post=146166"}],"version-history":[{"count":0,"href":"https:\/\/talkpal.ai\/fi\/wp-json\/wp\/v2\/pages\/146166\/revisions"}],"wp:featuredmedia":[{"embeddable":true,"href":"https:\/\/talkpal.ai\/fi\/wp-json\/wp\/v2\/media\/28459"}],"wp:attachment":[{"href":"https:\/\/talkpal.ai\/fi\/wp-json\/wp\/v2\/media?parent=146166"}],"curies":[{"name":"wp","href":"https:\/\/api.w.org\/{rel}","templated":true}]}}