{"id":145960,"date":"2023-05-14T14:10:24","date_gmt":"2023-05-14T14:10:24","guid":{"rendered":"http:\/\/talkpal.ai\/latvian-kielioppi\/"},"modified":"2025-12-17T17:13:13","modified_gmt":"2025-12-17T17:13:13","slug":"latvian-kielioppi","status":"publish","type":"page","link":"https:\/\/talkpal.ai\/fi\/latvian-kielioppi\/","title":{"rendered":"Latvian kielioppi"},"content":{"rendered":"\r\n\r\n\r\n<section class=\"languageChallengeSection\">\r\n    <div class=\"languageInfoWrapper\">\r\n        \r\n        <h1>Latvian kielioppi<\/h1>\r\n        <p>Tutustu <a href=\"https:\/\/talkpal.ai\/learn-latvian\/\">latvian<\/a> kieliopin ainutlaatuiseen maailmaan ja avaa yhden Baltian alueen elinvoimaisimman kielen kauneus. Kun ymm\u00e4rr\u00e4t sen rakenteen ja s\u00e4\u00e4nn\u00f6t, voit lis\u00e4t\u00e4 itseluottamustasi ja viestint\u00e4taitojasi. Aloita latvian kieliopin opiskelu jo t\u00e4n\u00e4\u00e4n ja ota ensimm\u00e4inen askel kohti sujuvuutta!\n\n<\/p>\r\n\r\n                            <a class=\"getStartedHidden\" href=\"https:\/\/app.talkpal.ai\/fi\/signup?lng=\">Aloita<\/a>\r\n        \r\n    <\/div>\r\n\r\n    <figure>\r\n    <img decoding=\"async\" width=\"768\" height=\"768\" src=\"https:\/\/talkpal.ai\/wp-content\/uploads\/2023\/06\/latvian-768x768.png\" class=\"languageImage no-lazy\" alt=\"Default alt text\" fetchpriority=\"high\" sizes=\"(max-width: 768px) 150px, 768px\" srcset=\"https:\/\/talkpal.ai\/wp-content\/uploads\/2023\/06\/latvian-768x768.png 768w, https:\/\/talkpal.ai\/wp-content\/uploads\/2023\/06\/latvian-300x300.png 300w\" \/>\r\n    \r\n\r\n    <\/figure>\r\n\r\n            <a class=\"getStartedVisible\" href=\"https:\/\/app.talkpal.ai\/fi\/signup?lng=\">Aloita<\/a>\r\n    \r\n<\/section>\r\n        <section class=\"grammarSection\">\r\n            <div class=\"grammarLinks\">\r\n                <a href=\"https:\/\/talkpal.ai\/fi\/language\/adjektiivit-latvian-kielioppi\/\">Adjektiivit <\/a><a href=\"https:\/\/talkpal.ai\/fi\/language\/adverbit-latvian-kielioppi\/\">Adverbit <\/a><a href=\"https:\/\/talkpal.ai\/fi\/language\/aikamuodot-latvian-kielioppi\/\">Aikamuodot <\/a><a href=\"https:\/\/talkpal.ai\/fi\/language\/aikamuotojen-vertailu-latvian-kielioppi\/\">Aikamuotojen vertailu <\/a><a href=\"https:\/\/talkpal.ai\/fi\/language\/artikkelit-latvian-kielioppi\/\">Artikkelit <\/a><a href=\"https:\/\/talkpal.ai\/fi\/language\/konditionaalit-latvian-kielioppi\/\">Konditionaalit <\/a><a href=\"https:\/\/talkpal.ai\/fi\/language\/lakkeet-latvian-kielioppi\/\">Lakkeet <\/a><a href=\"https:\/\/talkpal.ai\/fi\/language\/prepositiot-latvian-kielioppi\/\">Prepositiot <\/a><a href=\"https:\/\/talkpal.ai\/fi\/language\/progressiivinen-latvian-kielioppi\/\">Progressiivinen <\/a><a href=\"https:\/\/talkpal.ai\/fi\/language\/pronominit-determinerit-latvian-kielioppi\/\">Pronominit\/Determinerit <\/a><a href=\"https:\/\/talkpal.ai\/fi\/language\/substantiivit-latvian-kielioppi\/\">Substantiivit <\/a><a href=\"https:\/\/talkpal.ai\/fi\/language\/taydellinen-progressiivinen-latvian-kielioppi\/\">T\u00e4ydellinen progressiivinen <\/a><a href=\"https:\/\/talkpal.ai\/fi\/language\/verbit-latvian-kielioppi\/\">Verbit <\/a>            <\/div>\r\n        <\/section>\r\n    <section class=\"promotionalBanner\">\r\n    <p class=\"promotionalText\">Tehokkain tapa oppia kielt\u00e4<\/p>\r\n    <a class=\"promotionalLink\" href=\"https:\/\/app.talkpal.ai\/fi\/signup?lng=\">Kokeile Talkpal ilmaiseksi<\/a>\r\n<\/section>\n<div class=\"wp-block-group pageContainerStyle\"><div class=\"wp-block-group__inner-container is-layout-constrained wp-block-group-is-layout-constrained\">\n<h2 class=\"wp-block-heading\" id=\"h-the-ultimate-guide-to-latvian-grammar-navigating-the-intricacies-of-a-unique-language\">Lopullinen opas latvian kielioppiin: navigointi ainutlaatuisen kielen monimutkaisuuksissa<\/h2>\n\n\n\n<p><a href=\"https:\/\/talkpal.ai\/latvian-grammar\/\">Latvian kielioppi<\/a>, kuten itse kieli, esittelee rikkaan ja kiehtovan kielellisten elementtien kudelman. Baltian kielen\u00e4 <a href=\"https:\/\/talkpal.ai\/learn-latvian\/\">latvia<\/a> kiehtoo oppijoita monipuolisilla piirteill\u00e4\u00e4n ja haastaa taitavimmatkin puhujat. T\u00e4ss\u00e4 oppaassa tutustumme latvian kieliopin keskeisiin periaatteisiin, selvit\u00e4mme sen monimutkaisuutta ja tuemme sinua matkallasi kohti sujuvuutta t\u00e4ss\u00e4 kiehtovassa kieless\u00e4. Aloitetaan!<\/p>\n\n\n\n<h3 class=\"wp-block-heading\" id=\"h-the-nuts-and-bolts-latvian-sentence-structure\">Mutterit ja pultit: Latvian lauserakenne<\/h3>\n\n\n\n<p>Latvian kielioppi on pohjimmiltaan melko suoraviivaista. Kieli noudattaa yleens\u00e4 SVO (Subject-Verb-Object) -lauserakennetta, joka on samanlainen kuin <a href=\"https:\/\/talkpal.ai\/learn-english-with-ai\/\">englanti<\/a> ja monet muut kielet. Esimerkiksi lause &#8221;Sy\u00f6n omenan&#8221; k\u00e4\u00e4ntyy muotoon &#8221;Es \u0113du \u0101bolu&#8221; (Es \u0113du \u0101bolu). Yksinkertaista, eik\u00f6? Kun kaivamme kuitenkin syvemm\u00e4lle, tulet kohtaamaan latvian kieliopin joitakin kiehtovia ja erikoisia piirteit\u00e4.<\/p>\n\n\n\n<h3 class=\"wp-block-heading\" id=\"h-meet-the-family-latvian-nouns-and-their-cases\">Tapaa perhe: latvialaiset substantiivit ja niiden tapaukset<\/h3>\n\n\n\n<p>Yksi latvian kieliopin h\u00e4mment\u00e4vimmist\u00e4 ominaisuuksista englanninkielisille on kieliopillisten tapausten k\u00e4site. Latvian kieless\u00e4 on seitsem\u00e4n tapausta: nominatiivi, genetiivi, datiivi, akkusatiivi, lokatiivi, instrumentaali ja vokatiivi. Jokaisella tapauksella on oma teht\u00e4v\u00e4ns\u00e4 ja se vaikuttaa substantiivien, adjektiivien, pronominien ja joskus jopa verbien muotoon.<\/p>\n\n\n\n<p>Otetaan esimerkiksi sana &#8221;\u0101bols&#8221; (\u0101bols), joka tarkoittaa &#8221;omenaa&#8221;:<\/p>\n\n\n\n<p><strong>&#8211; Nominatiivi (k\u00e4ytet\u00e4\u00e4n subjekteista): \u0101bols<\/strong><\/p>\n\n\n\n<p><strong>&#8211; Genetiivi (k\u00e4ytet\u00e4\u00e4n hallussapidosta): \u0101bola<\/strong><\/p>\n\n\n\n<p><strong>&#8211; Datiivi (k\u00e4ytet\u00e4\u00e4n ep\u00e4suoriin objekteihin): \u0101bolam<\/strong><\/p>\n\n\n\n<p><strong>&#8211; Akkusatiivi (k\u00e4ytet\u00e4\u00e4n suorien objektien yhteydess\u00e4): \u0101bolu<\/strong><\/p>\n\n\n\n<p><strong>&#8211; Paikannus (k\u00e4ytet\u00e4\u00e4n paikannukseen): \u0101bol\u0101<\/strong><\/p>\n\n\n\n<p><strong>&#8211; Instrumentaalinen tapaus (k\u00e4ytet\u00e4\u00e4n keinosta, jolla toiminta suoritetaan): \u0101bolu\/-iem<\/strong><\/p>\n\n\n\n<p><strong>&#8211; Vocative case (k\u00e4ytet\u00e4\u00e4n puhutteluun jonkun tai jonkin kanssa): \u0101bol<\/strong><\/p>\n\n\n\n<p>On t\u00e4rke\u00e4\u00e4 tutustua n\u00e4ihin tapauksiin, sill\u00e4 ne voivat muuttaa lauseiden merkityst\u00e4 huomattavasti.<\/p>\n\n\n\n<h3 class=\"wp-block-heading\" id=\"h-playing-with-numbers-latvian-plurals-and-genders\">Numeroilla leikkiminen: latvian monikot ja sukupuolet<\/h3>\n\n\n\n<p>Kun muodostat monikkoa latviaksi, on t\u00e4rke\u00e4\u00e4 pit\u00e4\u00e4 mieless\u00e4 substantiivin sukupuoli. Latvian kieless\u00e4 substantiiveilla on kaksi sukupuolta \u2013 maskuliininen ja feminiininen. Sukupuoli vaikuttaa substantiivien, adjektiivien, numeroiden ja tiettyjen verbimuotojen p\u00e4\u00e4tteisiin.<\/p>\n\n\n\n<p>Yleens\u00e4 monikon nominatiivin maskuliiniset substantiivit p\u00e4\u00e4ttyv\u00e4t -i: hen, kun taas feminiiniset substantiivit p\u00e4\u00e4ttyv\u00e4t -as: \u00e4\u00e4n. Esimerkiksi &#8221;zirgs&#8221; (zirgs, maskuliininen substantiivi, joka tarkoittaa hevosta) muuttuu &#8221;zirgi&#8221; (zirgi, hevoset), ja &#8221;sieviete&#8221; (sieviete, feminiininen substantiivi, joka tarkoittaa naista) muuttuu &#8221;sievietes&#8221; (sievietes, naiset).<\/p>\n\n\n\n<p>Tietenkin on olemassa joitakin poikkeuksia, mink\u00e4 vuoksi on t\u00e4rke\u00e4\u00e4 opetella substantiivit ja niiden sukupuolet ja olla tietoinen kaikista ep\u00e4s\u00e4\u00e4nn\u00f6llisist\u00e4 monikkomuodoista.<\/p>\n\n\n\n<h3 class=\"wp-block-heading\" id=\"h-the-art-of-conjugation-latvian-verbs\">Taivutustaito: latvian verbit<\/h3>\n\n\n\n<p>Latvian verbit voivat aluksi vaikuttaa pelottavilta lukuisten aikamuotojensa, tunnelmiensa ja taivutusmuotojensa vuoksi. Avain niiden ymm\u00e4rt\u00e4miseen on kuitenkin tunnistaa yleiset mallit ja harjoitella s\u00e4\u00e4nn\u00f6llisesti.<\/p>\n\n\n\n<p>Latviassa verbit jaetaan kolmeen ryhm\u00e4\u00e4n niiden infinitiivip\u00e4\u00e4tteiden -t, -tiet ja -ties\/-t perusteella. Jokaisella ryhm\u00e4ll\u00e4 on omat taivutuss\u00e4\u00e4nn\u00f6t. Otetaan esimerkiksi verbi &#8221;las\u012bt&#8221; (las\u012bt, &#8221;lukea&#8221;):<\/p>\n\n\n\n<p><strong>Nykyhetki: Es lasu (Es lasu, &#8221;min\u00e4 luen&#8221;).<\/strong><\/p>\n\n\n\n<p><strong>Mennyt aika: Es las\u012bju (Es las\u012bju, &#8221;luin&#8221;).<\/strong><\/p>\n\n\n\n<p><strong>Tuleva aikamuoto: Es las\u012b\u0161u (Es las\u012b\u0161u, &#8221;Min\u00e4 luen&#8221;): Es las\u012b\u0161u (Es las\u012b\u0161u, &#8221;Min\u00e4 luen&#8221;)<\/strong><\/p>\n\n\n\n<p>Kuten n\u00e4ette, p\u00e4\u00e4tteet muuttuvat j\u00e4nnityksen mukaan. Eik\u00e4 t\u00e4m\u00e4 edes raapaise latvian verbien taivutuksen pintaa! \u00c4l\u00e4 kuitenkaan anna sen lannistaa sinua. Harjoittelemalla ja k\u00e4rsiv\u00e4llisyydell\u00e4 alat tunnistaa kuviot ja voit voittaa t\u00e4m\u00e4n haasteen.<\/p>\n\n\n\n<h3 class=\"wp-block-heading\" id=\"h-the-finishing-touches-latvian-adjectives-adverbs-and-more\">Viimeistely: latvian adjektiivit, adverbit ja paljon muuta<\/h3>\n\n\n\n<p>Mit\u00e4 tulee latvian adjektiiveihin ja adverbeihin, niill\u00e4 on ratkaiseva rooli puheen syvyyden ja monimutkaisuuden lis\u00e4\u00e4misess\u00e4. Adjektiivien on oltava sopusoinnussa niiden substantiivien kanssa, joita ne muokkaavat sukupuolen ja tapauksen mukaan, ja p\u00e4\u00e4tteet vaihtelevat vastaavasti.<\/p>\n\n\n\n<p>Esimerkiksi &#8221;gar\u0161\u012bgs&#8221; (gar\u0161\u012bgs) tarkoittaa &#8221;herkullinen&#8221;, ja se voi olla &#8221;gar\u0161\u012bgs \u0101bols&#8221; (gar\u0161\u012bgs \u0101bols, &#8221;herkullinen omena&#8221;) <a href=\"https:\/\/talkpal.ai\/learn-thai\/\">tai<\/a> &#8221;gar\u0161\u012bga zupa&#8221; (gar\u0161\u012bga zupa, &#8221;herkullinen keitto&#8221;), jossa on eri p\u00e4\u00e4tteet maskuliinisille ja feminiinisille substantiiveille.<\/p>\n\n\n\n<p><a href=\"https:\/\/talkpal.ai\/fi\/grammar\/paikan-tsekin-kielioppi-adverbit\/\">Adverbit<\/a> noudattavat yleens\u00e4 samanlaisia malleja, jotka ovat usein per\u00e4isin adjektiiveista. Latviassa suurin osa adverbeista p\u00e4\u00e4ttyy -i: hen, joka on sama muoto kuin adjektiivien maskuliininen yksikk\u00f6akkusatiivi.<\/p>\n\n\n\n<p>Yhteenvetona voidaan todeta, ett\u00e4 vaikka latvian kieliopin monimutkaisuus ja erityispiirteet ovat haastavia, ne antavat kielelle sen kiehtovan kauneuden ja luonteen. Yhdist\u00e4m\u00e4ll\u00e4 sinnikkyytt\u00e4, uteliaisuutta ja k\u00e4yt\u00e4nn\u00f6n sovellutusta voit pian navigoida latvian kieliopissa helposti ja varmasti. Hyv\u00e4\u00e4 oppimista!<\/p>\n<\/div><\/div>\n\r\n<section class=\"learnNavigationSection\">\r\n            \r\n        <a href=\"https:\/\/talkpal.ai\/fi\/opi-latviaa\/\">\r\n            <div class=\"learnNavigationWrapper\">\r\n                <div class=\"learnNavigationContent\">\r\n                    <img decoding=\"async\" src=\"https:\/\/talkpal.ai\/wp-content\/uploads\/2024\/08\/Latvian.jpg\" alt=\"Latvian Flag\">\r\n                    <div>\r\n                        <h4>Latvian oppimisesta<\/h4>\r\n                        <p>Tutustu latvian kielioppiin.<\/p>\r\n                    <\/div>\r\n                <\/div>\r\n            <\/div>\r\n        <\/a>\r\n\r\n        \r\n        <a href=\"https:\/\/talkpal.ai\/fi\/latvian-kielioppiharjoitukset\/\">\r\n            <div class=\"learnNavigationWrapper\">\r\n                <div class=\"learnNavigationContent\">\r\n                    <img decoding=\"async\" src=\"https:\/\/talkpal.ai\/wp-content\/uploads\/2024\/08\/Latvian.jpg\" alt=\"Latvian Flag\">\r\n                    <div>\r\n                        <h4>Latvian kielioppiharjoitus<\/h4>\r\n                        <p>Harjoittele latvian kielioppia.<\/p>\r\n                    <\/div>\r\n                <\/div>\r\n            <\/div>\r\n        <\/a>\r\n\r\n        \r\n        <a href=\"https:\/\/talkpal.ai\/vocabulary_language\/latvian\/\">\r\n            <div class=\"learnNavigationWrapper\">\r\n                <div class=\"learnNavigationContent\">\r\n                    <img decoding=\"async\" src=\"https:\/\/talkpal.ai\/wp-content\/uploads\/2024\/08\/Latvian.jpg\" alt=\"Latvian Flag\">\r\n                    <div>\r\n                        <h4>Latvian sanasto<\/h4>\r\n                        <p>Laajenna latvian kielen sanavarastoa.<\/p>\r\n                    <\/div>\r\n                <\/div>\r\n            <\/div>\r\n        <\/a>\r\n\r\n            <\/section>","protected":false},"excerpt":{"rendered":"<p>Lopullinen opas latvian kielioppiin: navigointi ainutlaatuisen kielen monimutkaisuuksissa Latvian kielioppi, kuten itse kieli, esittelee rikkaan ja kiehtovan kielellisten elementtien kudelman. Baltian kielen\u00e4 latvia kiehtoo oppijoita monipuolisilla piirteill\u00e4\u00e4n ja haastaa taitavimmatkin puhujat. T\u00e4ss\u00e4 oppaassa tutustumme latvian kieliopin keskeisiin periaatteisiin, selvit\u00e4mme sen monimutkaisuutta ja tuemme sinua matkallasi kohti sujuvuutta t\u00e4ss\u00e4 kiehtovassa kieless\u00e4. Aloitetaan! Mutterit ja pultit: Latvian [&hellip;]<\/p>\n","protected":false},"author":1,"featured_media":28443,"parent":0,"menu_order":0,"comment_status":"closed","ping_status":"closed","template":"LearningContentPage.php","meta":{"_acf_changed":false,"footnotes":""},"class_list":["post-145960","page","type-page","status-publish","has-post-thumbnail","hentry"],"acf":[],"yoast_head":"<!-- This site is optimized with the Yoast SEO Premium plugin v27.2 (Yoast SEO v27.2) - https:\/\/yoast.com\/product\/yoast-seo-premium-wordpress\/ -->\n<title>Latvian kielioppi - Talkpal<\/title>\n<meta name=\"description\" content=\"Opettele latvian kielioppi itsevarmasti - opettele s\u00e4\u00e4nt\u00f6j\u00e4, harjoittele k\u00e4ytt\u00f6\u00e4 ja lis\u00e4\u00e4 kielentarkkuutta helposti. Talkpalhenkil\u00f6kohtaisen teko\u00e4lyn ohjauksen avulla.\" \/>\n<meta name=\"robots\" content=\"index, follow, max-snippet:-1, max-image-preview:large, max-video-preview:-1\" \/>\n<link rel=\"canonical\" href=\"https:\/\/talkpal.ai\/fi\/latvian-kielioppi\/\" \/>\n<meta property=\"og:locale\" content=\"fi_FI\" \/>\n<meta property=\"og:type\" content=\"article\" \/>\n<meta property=\"og:title\" content=\"Latvian kielioppi\" \/>\n<meta property=\"og:description\" content=\"Lopullinen opas latvian kielioppiin: navigointi ainutlaatuisen kielen monimutkaisuuksissa Latvian kielioppi, kuten itse kieli, esittelee rikkaan ja\" \/>\n<meta property=\"og:url\" content=\"https:\/\/talkpal.ai\/fi\/latvian-kielioppi\/\" \/>\n<meta property=\"og:site_name\" content=\"Talkpal\" \/>\n<meta property=\"article:publisher\" content=\"https:\/\/www.facebook.com\/profile.php?id=100090733639311\" \/>\n<meta property=\"article:modified_time\" content=\"2025-12-17T17:13:13+00:00\" \/>\n<meta property=\"og:image\" content=\"https:\/\/talkpal.ai\/wp-content\/uploads\/2023\/05\/latvia.png\" \/>\n\t<meta property=\"og:image:width\" content=\"512\" \/>\n\t<meta property=\"og:image:height\" content=\"512\" \/>\n\t<meta property=\"og:image:type\" content=\"image\/png\" \/>\n<meta name=\"twitter:card\" content=\"summary_large_image\" \/>\n<meta name=\"twitter:site\" content=\"@talkpalai\" \/>\n<meta name=\"twitter:label1\" content=\"Arvioitu lukuaika\" \/>\n\t<meta name=\"twitter:data1\" content=\"3 minuuttia\" \/>\n<script type=\"application\/ld+json\" class=\"yoast-schema-graph\">{\"@context\":\"https:\/\/schema.org\",\"@graph\":[{\"@type\":\"WebPage\",\"@id\":\"https:\/\/talkpal.ai\/fi\/latvian-kielioppi\/\",\"url\":\"https:\/\/talkpal.ai\/fi\/latvian-kielioppi\/\",\"name\":\"Latvian kielioppi - Talkpal\",\"isPartOf\":{\"@id\":\"https:\/\/talkpal.ai\/fi\/#website\"},\"primaryImageOfPage\":{\"@id\":\"https:\/\/talkpal.ai\/fi\/latvian-kielioppi\/#primaryimage\"},\"image\":{\"@id\":\"https:\/\/talkpal.ai\/fi\/latvian-kielioppi\/#primaryimage\"},\"thumbnailUrl\":\"https:\/\/talkpal.ai\/wp-content\/uploads\/2023\/05\/latvia.png\",\"datePublished\":\"2023-05-14T14:10:24+00:00\",\"dateModified\":\"2025-12-17T17:13:13+00:00\",\"description\":\"Opettele latvian kielioppi itsevarmasti - opettele s\u00e4\u00e4nt\u00f6j\u00e4, harjoittele k\u00e4ytt\u00f6\u00e4 ja lis\u00e4\u00e4 kielentarkkuutta helposti. Talkpalhenkil\u00f6kohtaisen teko\u00e4lyn ohjauksen avulla.\",\"breadcrumb\":{\"@id\":\"https:\/\/talkpal.ai\/fi\/latvian-kielioppi\/#breadcrumb\"},\"inLanguage\":\"fi\",\"potentialAction\":[{\"@type\":\"ReadAction\",\"target\":[\"https:\/\/talkpal.ai\/fi\/latvian-kielioppi\/\"]}]},{\"@type\":\"ImageObject\",\"inLanguage\":\"fi\",\"@id\":\"https:\/\/talkpal.ai\/fi\/latvian-kielioppi\/#primaryimage\",\"url\":\"https:\/\/talkpal.ai\/wp-content\/uploads\/2023\/05\/latvia.png\",\"contentUrl\":\"https:\/\/talkpal.ai\/wp-content\/uploads\/2023\/05\/latvia.png\",\"width\":512,\"height\":512},{\"@type\":\"BreadcrumbList\",\"@id\":\"https:\/\/talkpal.ai\/fi\/latvian-kielioppi\/#breadcrumb\",\"itemListElement\":[{\"@type\":\"ListItem\",\"position\":1,\"name\":\"Homepage\",\"item\":\"https:\/\/talkpal.ai\/fi\/\"},{\"@type\":\"ListItem\",\"position\":2,\"name\":\"Latvian kielioppi\"}]},{\"@type\":\"WebSite\",\"@id\":\"https:\/\/talkpal.ai\/fi\/#website\",\"url\":\"https:\/\/talkpal.ai\/fi\/\",\"name\":\"Talkpal\",\"description\":\"AI Language Learning\",\"publisher\":{\"@id\":\"https:\/\/talkpal.ai\/fi\/#organization\"},\"alternateName\":\"Talkpal AI\",\"potentialAction\":[{\"@type\":\"SearchAction\",\"target\":{\"@type\":\"EntryPoint\",\"urlTemplate\":\"https:\/\/talkpal.ai\/fi\/?s={search_term_string}\"},\"query-input\":{\"@type\":\"PropertyValueSpecification\",\"valueRequired\":true,\"valueName\":\"search_term_string\"}}],\"inLanguage\":\"fi\"},{\"@type\":\"Organization\",\"@id\":\"https:\/\/talkpal.ai\/fi\/#organization\",\"name\":\"Talkpal, Inc.\",\"alternateName\":\"Talkpal AI\",\"url\":\"https:\/\/talkpal.ai\/fi\/\",\"logo\":{\"@type\":\"ImageObject\",\"inLanguage\":\"fi\",\"@id\":\"https:\/\/talkpal.ai\/fi\/#\/schema\/logo\/image\/\",\"url\":\"https:\/\/talkpal.ai\/wp-content\/uploads\/2024\/03\/Talkpal-Logo-Icon.png\",\"contentUrl\":\"https:\/\/talkpal.ai\/wp-content\/uploads\/2024\/03\/Talkpal-Logo-Icon.png\",\"width\":2880,\"height\":2880,\"caption\":\"Talkpal, Inc.\"},\"image\":{\"@id\":\"https:\/\/talkpal.ai\/fi\/#\/schema\/logo\/image\/\"},\"sameAs\":[\"https:\/\/www.facebook.com\/profile.php?id=100090733639311\",\"https:\/\/x.com\/talkpalai\",\"https:\/\/www.linkedin.com\/company\/talkpal\/\",\"https:\/\/www.youtube.com\/@TalkPal\/\",\"https:\/\/www.tiktok.com\/@talkpal\",\"https:\/\/www.instagram.com\/talkpal_ai\/\",\"https:\/\/www.crunchbase.com\/organization\/talkpal-9cde\",\"https:\/\/www.g2.com\/products\/talkpal-for-business\/\",\"https:\/\/www.trustpilot.com\/review\/talkpal.ai\",\"https:\/\/www.capterra.com\/p\/10006800\/TalkPal\/\"],\"description\":\"Talkpal is a language learning web and mobile education app, powered by the latest AI technologies, that provides engaging experiences to its customers in many different languages to help them improve their language skills. Users can chat about unlimited amount of topics with the app and use other modes to practice their language learning.\",\"email\":\"support@talkpal.ai\",\"legalName\":\"Talkpal, Inc.\",\"foundingDate\":\"2023-04-03\",\"duns\":\"118989042\",\"numberOfEmployees\":{\"@type\":\"QuantitativeValue\",\"minValue\":\"11\",\"maxValue\":\"50\"},\"publishingPrinciples\":\"https:\/\/talkpal.ai\/publishing-principles\/\",\"actionableFeedbackPolicy\":\"https:\/\/talkpal.ai\/actionable-feedback-policy\/\",\"correctionsPolicy\":\"https:\/\/talkpal.ai\/corrections-policy\/\",\"ethicsPolicy\":\"https:\/\/talkpal.ai\/ethics-policy\/\",\"diversityPolicy\":\"https:\/\/talkpal.ai\/diversity-policy\/\",\"diversityStaffingReport\":\"https:\/\/talkpal.ai\/diversity-policy\/\"}]}<\/script>\n<!-- \/ Yoast SEO Premium plugin. -->","yoast_head_json":{"title":"Latvian kielioppi - Talkpal","description":"Opettele latvian kielioppi itsevarmasti - opettele s\u00e4\u00e4nt\u00f6j\u00e4, harjoittele k\u00e4ytt\u00f6\u00e4 ja lis\u00e4\u00e4 kielentarkkuutta helposti. Talkpalhenkil\u00f6kohtaisen teko\u00e4lyn ohjauksen avulla.","robots":{"index":"index","follow":"follow","max-snippet":"max-snippet:-1","max-image-preview":"max-image-preview:large","max-video-preview":"max-video-preview:-1"},"canonical":"https:\/\/talkpal.ai\/fi\/latvian-kielioppi\/","og_locale":"fi_FI","og_type":"article","og_title":"Latvian kielioppi","og_description":"Lopullinen opas latvian kielioppiin: navigointi ainutlaatuisen kielen monimutkaisuuksissa Latvian kielioppi, kuten itse kieli, esittelee rikkaan ja","og_url":"https:\/\/talkpal.ai\/fi\/latvian-kielioppi\/","og_site_name":"Talkpal","article_publisher":"https:\/\/www.facebook.com\/profile.php?id=100090733639311","article_modified_time":"2025-12-17T17:13:13+00:00","og_image":[{"width":512,"height":512,"url":"https:\/\/talkpal.ai\/wp-content\/uploads\/2023\/05\/latvia.png","type":"image\/png"}],"twitter_card":"summary_large_image","twitter_site":"@talkpalai","twitter_misc":{"Arvioitu lukuaika":"3 minuuttia"},"schema":{"@context":"https:\/\/schema.org","@graph":[{"@type":"WebPage","@id":"https:\/\/talkpal.ai\/fi\/latvian-kielioppi\/","url":"https:\/\/talkpal.ai\/fi\/latvian-kielioppi\/","name":"Latvian kielioppi - Talkpal","isPartOf":{"@id":"https:\/\/talkpal.ai\/fi\/#website"},"primaryImageOfPage":{"@id":"https:\/\/talkpal.ai\/fi\/latvian-kielioppi\/#primaryimage"},"image":{"@id":"https:\/\/talkpal.ai\/fi\/latvian-kielioppi\/#primaryimage"},"thumbnailUrl":"https:\/\/talkpal.ai\/wp-content\/uploads\/2023\/05\/latvia.png","datePublished":"2023-05-14T14:10:24+00:00","dateModified":"2025-12-17T17:13:13+00:00","description":"Opettele latvian kielioppi itsevarmasti - opettele s\u00e4\u00e4nt\u00f6j\u00e4, harjoittele k\u00e4ytt\u00f6\u00e4 ja lis\u00e4\u00e4 kielentarkkuutta helposti. Talkpalhenkil\u00f6kohtaisen teko\u00e4lyn ohjauksen avulla.","breadcrumb":{"@id":"https:\/\/talkpal.ai\/fi\/latvian-kielioppi\/#breadcrumb"},"inLanguage":"fi","potentialAction":[{"@type":"ReadAction","target":["https:\/\/talkpal.ai\/fi\/latvian-kielioppi\/"]}]},{"@type":"ImageObject","inLanguage":"fi","@id":"https:\/\/talkpal.ai\/fi\/latvian-kielioppi\/#primaryimage","url":"https:\/\/talkpal.ai\/wp-content\/uploads\/2023\/05\/latvia.png","contentUrl":"https:\/\/talkpal.ai\/wp-content\/uploads\/2023\/05\/latvia.png","width":512,"height":512},{"@type":"BreadcrumbList","@id":"https:\/\/talkpal.ai\/fi\/latvian-kielioppi\/#breadcrumb","itemListElement":[{"@type":"ListItem","position":1,"name":"Homepage","item":"https:\/\/talkpal.ai\/fi\/"},{"@type":"ListItem","position":2,"name":"Latvian kielioppi"}]},{"@type":"WebSite","@id":"https:\/\/talkpal.ai\/fi\/#website","url":"https:\/\/talkpal.ai\/fi\/","name":"Talkpal","description":"AI Language Learning","publisher":{"@id":"https:\/\/talkpal.ai\/fi\/#organization"},"alternateName":"Talkpal AI","potentialAction":[{"@type":"SearchAction","target":{"@type":"EntryPoint","urlTemplate":"https:\/\/talkpal.ai\/fi\/?s={search_term_string}"},"query-input":{"@type":"PropertyValueSpecification","valueRequired":true,"valueName":"search_term_string"}}],"inLanguage":"fi"},{"@type":"Organization","@id":"https:\/\/talkpal.ai\/fi\/#organization","name":"Talkpal, Inc.","alternateName":"Talkpal AI","url":"https:\/\/talkpal.ai\/fi\/","logo":{"@type":"ImageObject","inLanguage":"fi","@id":"https:\/\/talkpal.ai\/fi\/#\/schema\/logo\/image\/","url":"https:\/\/talkpal.ai\/wp-content\/uploads\/2024\/03\/Talkpal-Logo-Icon.png","contentUrl":"https:\/\/talkpal.ai\/wp-content\/uploads\/2024\/03\/Talkpal-Logo-Icon.png","width":2880,"height":2880,"caption":"Talkpal, Inc."},"image":{"@id":"https:\/\/talkpal.ai\/fi\/#\/schema\/logo\/image\/"},"sameAs":["https:\/\/www.facebook.com\/profile.php?id=100090733639311","https:\/\/x.com\/talkpalai","https:\/\/www.linkedin.com\/company\/talkpal\/","https:\/\/www.youtube.com\/@TalkPal\/","https:\/\/www.tiktok.com\/@talkpal","https:\/\/www.instagram.com\/talkpal_ai\/","https:\/\/www.crunchbase.com\/organization\/talkpal-9cde","https:\/\/www.g2.com\/products\/talkpal-for-business\/","https:\/\/www.trustpilot.com\/review\/talkpal.ai","https:\/\/www.capterra.com\/p\/10006800\/TalkPal\/"],"description":"Talkpal is a language learning web and mobile education app, powered by the latest AI technologies, that provides engaging experiences to its customers in many different languages to help them improve their language skills. Users can chat about unlimited amount of topics with the app and use other modes to practice their language learning.","email":"support@talkpal.ai","legalName":"Talkpal, Inc.","foundingDate":"2023-04-03","duns":"118989042","numberOfEmployees":{"@type":"QuantitativeValue","minValue":"11","maxValue":"50"},"publishingPrinciples":"https:\/\/talkpal.ai\/publishing-principles\/","actionableFeedbackPolicy":"https:\/\/talkpal.ai\/actionable-feedback-policy\/","correctionsPolicy":"https:\/\/talkpal.ai\/corrections-policy\/","ethicsPolicy":"https:\/\/talkpal.ai\/ethics-policy\/","diversityPolicy":"https:\/\/talkpal.ai\/diversity-policy\/","diversityStaffingReport":"https:\/\/talkpal.ai\/diversity-policy\/"}]}},"_links":{"self":[{"href":"https:\/\/talkpal.ai\/fi\/wp-json\/wp\/v2\/pages\/145960","targetHints":{"allow":["GET"]}}],"collection":[{"href":"https:\/\/talkpal.ai\/fi\/wp-json\/wp\/v2\/pages"}],"about":[{"href":"https:\/\/talkpal.ai\/fi\/wp-json\/wp\/v2\/types\/page"}],"author":[{"embeddable":true,"href":"https:\/\/talkpal.ai\/fi\/wp-json\/wp\/v2\/users\/1"}],"replies":[{"embeddable":true,"href":"https:\/\/talkpal.ai\/fi\/wp-json\/wp\/v2\/comments?post=145960"}],"version-history":[{"count":0,"href":"https:\/\/talkpal.ai\/fi\/wp-json\/wp\/v2\/pages\/145960\/revisions"}],"wp:featuredmedia":[{"embeddable":true,"href":"https:\/\/talkpal.ai\/fi\/wp-json\/wp\/v2\/media\/28443"}],"wp:attachment":[{"href":"https:\/\/talkpal.ai\/fi\/wp-json\/wp\/v2\/media?parent=145960"}],"curies":[{"name":"wp","href":"https:\/\/api.w.org\/{rel}","templated":true}]}}