{"id":145503,"date":"2023-05-14T14:09:47","date_gmt":"2023-05-14T14:09:47","guid":{"rendered":"http:\/\/talkpal.ai\/kannadan-kielioppi\/"},"modified":"2025-12-11T16:23:36","modified_gmt":"2025-12-11T16:23:36","slug":"kannadan-kielioppi","status":"publish","type":"page","link":"https:\/\/talkpal.ai\/fi\/kannadan-kielioppi\/","title":{"rendered":"Kannadan kielioppi"},"content":{"rendered":"\r\n\r\n\r\n<section class=\"languageChallengeSection\">\r\n    <div class=\"languageInfoWrapper\">\r\n        \r\n        <h1>Kannadan kielioppi<\/h1>\r\n        <p>Innostuitko tutustumaan Kannadaan? Tutustu kannadan kielioppiin, jossa on runsaasti verbien konjugaatioita, sukupuolittuneita substantiiveja ja looginen tapausj\u00e4rjestelm\u00e4, joka her\u00e4tt\u00e4\u00e4 kielen eloon. Aloita oppiminen jo t\u00e4n\u00e4\u00e4n &#8211; Kannadan kieliopin hallitseminen antaa sinulle ty\u00f6kalut, joilla voit luoda syv\u00e4n yhteyden Karnatakan elinvoimaiseen kulttuuriin ja kommunikoida itsevarmasti yhdell\u00e4 Etel\u00e4-Intian ilmaisuvoimaisimmista kielist\u00e4!<\/p>\r\n\r\n                            <a class=\"getStartedHidden\" href=\"https:\/\/app.talkpal.ai\/fi\/signup?lng=\">Aloita<\/a>\r\n        \r\n    <\/div>\r\n\r\n    <figure>\r\n    <img decoding=\"async\" width=\"768\" height=\"768\" src=\"https:\/\/talkpal.ai\/wp-content\/uploads\/2023\/06\/Kannada-768x768.png\" class=\"languageImage no-lazy\" alt=\"Default alt text\" fetchpriority=\"high\" sizes=\"(max-width: 768px) 150px, 768px\" srcset=\"https:\/\/talkpal.ai\/wp-content\/uploads\/2023\/06\/Kannada-768x768.png 768w, https:\/\/talkpal.ai\/wp-content\/uploads\/2023\/06\/Kannada-300x300.png 300w\" \/>\r\n    \r\n\r\n    <\/figure>\r\n\r\n            <a class=\"getStartedVisible\" href=\"https:\/\/app.talkpal.ai\/fi\/signup?lng=\">Aloita<\/a>\r\n    \r\n<\/section>\r\n        <section class=\"grammarSection\">\r\n            <div class=\"grammarLinks\">\r\n                <a href=\"https:\/\/talkpal.ai\/fi\/language\/adjektiivit-kannadan-kielioppi\/\">Adjektiivit <\/a><a href=\"https:\/\/talkpal.ai\/fi\/language\/adverbit-kannadan-kielioppi\/\">Adverbit <\/a><a href=\"https:\/\/talkpal.ai\/fi\/language\/aikamuodot-kannadan-kielioppi\/\">Aikamuodot <\/a><a href=\"https:\/\/talkpal.ai\/fi\/language\/aikamuotojen-vertailu-kannadan-kielioppi\/\">Aikamuotojen vertailu <\/a><a href=\"https:\/\/talkpal.ai\/fi\/language\/artikkelit-kannadan-kielioppi\/\">Artikkelit <\/a><a href=\"https:\/\/talkpal.ai\/fi\/language\/konditionaalit-kannadan-kielioppi\/\">Konditionaalit <\/a><a href=\"https:\/\/talkpal.ai\/fi\/language\/lauseet-kannadan-kielioppi\/\">Lauseet <\/a><a href=\"https:\/\/talkpal.ai\/fi\/language\/prepositiot-kannadan-kielioppi\/\">Prepositiot <\/a><a href=\"https:\/\/talkpal.ai\/fi\/language\/progressiivinen-kannadan-kielioppi\/\">Progressiivinen <\/a><a href=\"https:\/\/talkpal.ai\/fi\/language\/pronominit-determinerit-kannadan-kielioppi\/\">Pronominit\/Determinerit <\/a><a href=\"https:\/\/talkpal.ai\/fi\/language\/substantiivit-kannadan-kielioppi\/\">Substantiivit <\/a><a href=\"https:\/\/talkpal.ai\/fi\/language\/taydellinen-progressiivinen-kannadan-kielioppi\/\">T\u00e4ydellinen progressiivinen <\/a><a href=\"https:\/\/talkpal.ai\/fi\/language\/verbit-kannadan-kielioppi\/\">Verbit <\/a>            <\/div>\r\n        <\/section>\r\n    <section class=\"promotionalBanner\">\r\n    <p class=\"promotionalText\">Tehokkain tapa oppia kielt\u00e4<\/p>\r\n    <a class=\"promotionalLink\" href=\"https:\/\/app.talkpal.ai\/fi\/signup?lng=\">Kokeile Talkpal ilmaiseksi<\/a>\r\n<\/section>\n<div class=\"wp-block-group pageContainerStyle\"><div class=\"wp-block-group__inner-container is-layout-constrained wp-block-group-is-layout-constrained\">\n<h2 class=\"wp-block-heading\" id=\"h-kannada-grammar-an-insight-into-the-richness-of-the-dravidian-language\">Kannadan kielioppi: k\u00e4sitys dravidan kielen rikkaudesta<\/h2>\n\n\n\n<p>Oletko koskaan miettinyt Intian kielellist\u00e4 monimuotoisuutta? Kielten harrastajana <a href=\"https:\/\/talkpal.ai\/learn-thai\/\">tai<\/a> uteliaana oppijana saatat olla kiinnostunut tutustumaan l\u00e4hemmin yhteen Intian klassisista kielist\u00e4 &#8211; kannadasta. <a href=\"https:\/\/talkpal.ai\/learn-kannada\/\">Kannada<\/a> on dravidakieli, jota puhutaan p\u00e4\u00e4asiassa etel\u00e4isess\u00e4 Karnatakan osavaltiossa. Se on noin 44 miljoonan ihmisen \u00e4idinkieli, joten se on yksi t\u00e4rkeimmist\u00e4 intialaisista kielist\u00e4. Sukelletaan syv\u00e4lle kannadan kieliopin kiehtovaan maailmaan ja opitaan lis\u00e4\u00e4 t\u00e4st\u00e4 kauniista kielest\u00e4.<\/p>\n\n\n\n<h3 class=\"wp-block-heading\" id=\"h-the-linguistic-alphabet-kannada-script\">Kielellinen aakkoset: kannada-kirjoitus<\/h3>\n\n\n\n<p>Kannada-kirjoitus, joka tunnetaan my\u00f6s nimell\u00e4 &#8221;\u0c95\u0ca8\u0ccd\u0ca8\u0ca1 \u0cb2\u0cbf\u0caa\u0cbf&#8221; (<a href=\"https:\/\/talkpal.ai\/learn-kannada\/\">Kannada<\/a> Lipi), on abugida &#8211; kirjoitusj\u00e4rjestelm\u00e4, jossa on tavukirjaimia. Jokainen kirjain edustaa erilaista konsonantti-vokaaliyhdistelm\u00e4\u00e4. K\u00e4sikirjoitus koostuu 49 merkist\u00e4, mukaan lukien 34 konsonanttia ja 13 vokaalia. Kannadan kirjoitusasu on visuaalisesti erottuva, ja se on ihanan ainutlaatuinen tapa v\u00e4litt\u00e4\u00e4 kielen \u00e4\u00e4nteit\u00e4 ja merkityksi\u00e4.<\/p>\n\n\n\n<h3 class=\"wp-block-heading\" id=\"h-nouns-pronouns-and-cases-more-than-meets-the-eye\">Substantiivit, pronominit ja kirjainkoot \u2013 enemm\u00e4n kuin silm\u00e4 n\u00e4kee<\/h3>\n\n\n\n<p>Kannada-substantiivit ovat ainutlaatuisia taivutusj\u00e4rjestelm\u00e4ns\u00e4 vuoksi &#8211; ne noudattavat tapausj\u00e4rjestelm\u00e4\u00e4 aivan kuten muutkin dravidakielet. Kannadassa on kahdeksan tapausta, jotka auttavat m\u00e4\u00e4rittelem\u00e4\u00e4n substantiivin ja lauseen muiden sanojen v\u00e4lisen suhteen: nominatiivi, akkusatiivi, instrumentaalinen, datiivi, ablatiivi, genetiivi, lokatiivi ja vokatiivi. Kannadan substantiivit luokitellaan my\u00f6s sukupuolen (maskuliininen, feminiininen ja neutri) ja lukum\u00e4\u00e4r\u00e4n (yksikk\u00f6, monikko ja kaksois) mukaan &#8211; harvinainen piirre intialaisten kielten keskuudessa).<\/p>\n\n\n\n<p>My\u00f6s kannadan pronominit ovat kiehtovia. Niiss\u00e4 on eroja jokaiselle henkil\u00f6lle (ensimm\u00e4inen, toinen ja kolmas), numerolle (yksikk\u00f6, monikko ja kaksinainen) ja sukupuolelle (maskuliininen, feminiininen ja neutri). Lis\u00e4ksi kannadassa on useita kunniallisia puhuttelumuotoja, jotka osoittavat kielen kulttuuriset n\u00e4k\u00f6kohdat kunnioituksesta ja kohteliaisuudesta.<\/p>\n\n\n\n<h3 class=\"wp-block-heading\" id=\"h-venturing-into-verbs-tenses-aspects-and-moods\">Verbeihin uskaltautuminen: aikamuodot, aspektit ja tunnelmat<\/h3>\n\n\n\n<p>Kannada-verbeille on ominaista rikas konjugaatioj\u00e4rjestelm\u00e4. Verbit taivutetaan aikamuodon (menneisyys, nykyisyys ja tulevaisuus), aspektin (perfektiivi tai imperfektiivi) ja mielialan (indikatiivi, imperatiivi ja konditionaali) mukaan. Lis\u00e4\u00e4 monimutkaisuutta lis\u00e4t\u00e4\u00e4n syy-verbien ja passiivisten ja aktiivisten \u00e4\u00e4nien l\u00e4sn\u00e4 ollessa. Konjugaatio riippuu henkil\u00f6st\u00e4, numerosta ja sukupuolesta, mik\u00e4 tekee kannadan verbimuodoista eritt\u00e4in taipuneita ja monimutkaisia.<\/p>\n\n\n\n<h3 class=\"wp-block-heading\" id=\"h-adjectives-adverbs-and-more\">Adjektiivit, adverbit ja paljon muuta<\/h3>\n\n\n\n<p>Kannada-adjektiivit ja numerot sopivat yhteen substantiivien kanssa, joita ne muuttavat sukupuolen, numeron ja tapauksen suhteen. Adjektiivit voidaan taivuttaa samalla tavalla kuin substantiivit ja ne voidaan jopa yhdist\u00e4\u00e4 <a href=\"https:\/\/talkpal.ai\/ar\/grammar_exercises\/adverbien-%d8%aa%d9%85%d8%a7%d8%b1%d9%8a%d9%86-%d9%84%d9%84%d9%82%d9%88%d8%a7%d8%b9%d8%af-%d8%a7%d9%84%d8%a3%d9%84%d9%85%d8%a7%d9%86%d9%8a%d8%a9\/\">adverbien<\/a> muodostamiseksi. Kieli k\u00e4ytt\u00e4\u00e4 my\u00f6s erilaisia konjunktioita, partikkeleita ja prepositioita yhdist\u00e4\u00e4kseen lauseet ja niiden komponentit yhten\u00e4iseksi ja ekspressiiviseksi kokonaisuudeksi.<\/p>\n\n\n\n<h3 class=\"wp-block-heading\" id=\"h-embracing-the-beauty-of-kannada-grammar\">Kannadan kieliopin kauneuden omaksuminen<\/h3>\n\n\n\n<p>Kannadan kieliopin maailma on yht\u00e4 kiehtova kuin monimutkainen. Monimutkainen tapausj\u00e4rjestelm\u00e4, ainutlaatuinen kirjoitus ja eritt\u00e4in taivutetut verbimuodot antavat kannadalle sen vieh\u00e4tyksen ja rikkauden. Kaivamalla t\u00e4m\u00e4n hienon kielen maailmoihin saat syvemm\u00e4n k\u00e4sityksen Intian kielellisest\u00e4 ja kulttuurisesta monimuotoisuudesta.<\/p>\n\n\n\n<p>Joten, miksi et tutkisi kannadan kauneutta edelleen? Intohimolla ja uteliaisuudella saatat pian l\u00f6yt\u00e4\u00e4 itsesi nauttimasta upeasta kirjallisuudesta, elokuvista ja musiikista t\u00e4ll\u00e4 majesteettisella kielell\u00e4. Hyv\u00e4\u00e4 oppimista!<\/p>\n<\/div><\/div>\n\r\n<section class=\"learnNavigationSection\">\r\n            \r\n        <a href=\"https:\/\/talkpal.ai\/fi\/opi-kannada\/\">\r\n            <div class=\"learnNavigationWrapper\">\r\n                <div class=\"learnNavigationContent\">\r\n                    <img decoding=\"async\" src=\"https:\/\/talkpal.ai\/wp-content\/uploads\/2024\/08\/Kannada.jpg\" alt=\"Indian Simplified Flag\">\r\n                    <div>\r\n                        <h4>Tietoa Kannada Learningista<\/h4>\r\n                        <p>Lue kaikki Kannadan kieliopista.<\/p>\r\n                    <\/div>\r\n                <\/div>\r\n            <\/div>\r\n        <\/a>\r\n\r\n        \r\n        <a href=\"https:\/\/talkpal.ai\/fi\/kannadan-kielioppiharjoitukset\/\">\r\n            <div class=\"learnNavigationWrapper\">\r\n                <div class=\"learnNavigationContent\">\r\n                    <img decoding=\"async\" src=\"https:\/\/talkpal.ai\/wp-content\/uploads\/2024\/08\/Kannada.jpg\" alt=\"Indian Simplified Flag\">\r\n                    <div>\r\n                        <h4>Kannadan kielioppiharjoitus<\/h4>\r\n                        <p>Harjoittele kannadan kielioppia.<\/p>\r\n                    <\/div>\r\n                <\/div>\r\n            <\/div>\r\n        <\/a>\r\n\r\n        \r\n        <a href=\"https:\/\/talkpal.ai\/vocabulary_language\/kannada\/\">\r\n            <div class=\"learnNavigationWrapper\">\r\n                <div class=\"learnNavigationContent\">\r\n                    <img decoding=\"async\" src=\"https:\/\/talkpal.ai\/wp-content\/uploads\/2024\/08\/Kannada.jpg\" alt=\"Indian Simplified Flag\">\r\n                    <div>\r\n                        <h4>Kannadan sanasto<\/h4>\r\n                        <p>Laajenna kannada-sanastoa.<\/p>\r\n                    <\/div>\r\n                <\/div>\r\n            <\/div>\r\n        <\/a>\r\n\r\n            <\/section>","protected":false},"excerpt":{"rendered":"<p>Kannadan kielioppi: k\u00e4sitys dravidan kielen rikkaudesta Oletko koskaan miettinyt Intian kielellist\u00e4 monimuotoisuutta? Kielten harrastajana tai uteliaana oppijana saatat olla kiinnostunut tutustumaan l\u00e4hemmin yhteen Intian klassisista kielist\u00e4 &#8211; kannadasta. Kannada on dravidakieli, jota puhutaan p\u00e4\u00e4asiassa etel\u00e4isess\u00e4 Karnatakan osavaltiossa. Se on noin 44 miljoonan ihmisen \u00e4idinkieli, joten se on yksi t\u00e4rkeimmist\u00e4 intialaisista kielist\u00e4. Sukelletaan syv\u00e4lle kannadan kieliopin [&hellip;]<\/p>\n","protected":false},"author":1,"featured_media":28411,"parent":0,"menu_order":0,"comment_status":"closed","ping_status":"closed","template":"LearningContentPage.php","meta":{"_acf_changed":false,"footnotes":""},"class_list":["post-145503","page","type-page","status-publish","has-post-thumbnail","hentry"],"acf":[],"yoast_head":"<!-- This site is optimized with the Yoast SEO Premium plugin v27.2 (Yoast SEO v27.2) - https:\/\/yoast.com\/product\/yoast-seo-premium-wordpress\/ -->\n<title>Kannadan kielioppi - Talkpal<\/title>\n<meta name=\"description\" content=\"Opi Kannadan kielioppia varmasti - ymm\u00e4rr\u00e4 keskeiset s\u00e4\u00e4nn\u00f6t, ter\u00e4v\u00f6it\u00e4 lauseiden rakentamista ja lis\u00e4\u00e4 sujuvuutta.\" \/>\n<meta name=\"robots\" content=\"index, follow, max-snippet:-1, max-image-preview:large, max-video-preview:-1\" \/>\n<link rel=\"canonical\" href=\"https:\/\/talkpal.ai\/fi\/kannadan-kielioppi\/\" \/>\n<meta property=\"og:locale\" content=\"fi_FI\" \/>\n<meta property=\"og:type\" content=\"article\" \/>\n<meta property=\"og:title\" content=\"Kannadan kielioppi\" \/>\n<meta property=\"og:description\" content=\"Kannadan kielioppi: k\u00e4sitys dravidan kielen rikkaudesta Oletko koskaan miettinyt Intian kielellist\u00e4 monimuotoisuutta? Kielten harrastajana tai uteliaana\" \/>\n<meta property=\"og:url\" content=\"https:\/\/talkpal.ai\/fi\/kannadan-kielioppi\/\" \/>\n<meta property=\"og:site_name\" content=\"Talkpal\" \/>\n<meta property=\"article:publisher\" content=\"https:\/\/www.facebook.com\/profile.php?id=100090733639311\" \/>\n<meta property=\"article:modified_time\" content=\"2025-12-11T16:23:36+00:00\" \/>\n<meta property=\"og:image\" content=\"https:\/\/talkpal.ai\/wp-content\/uploads\/2023\/05\/Kannada-india.png\" \/>\n\t<meta property=\"og:image:width\" content=\"512\" \/>\n\t<meta property=\"og:image:height\" content=\"512\" \/>\n\t<meta property=\"og:image:type\" content=\"image\/png\" \/>\n<meta name=\"twitter:card\" content=\"summary_large_image\" \/>\n<meta name=\"twitter:site\" content=\"@talkpalai\" \/>\n<meta name=\"twitter:label1\" content=\"Arvioitu lukuaika\" \/>\n\t<meta name=\"twitter:data1\" content=\"2 minuuttia\" \/>\n<script type=\"application\/ld+json\" class=\"yoast-schema-graph\">{\"@context\":\"https:\/\/schema.org\",\"@graph\":[{\"@type\":\"WebPage\",\"@id\":\"https:\/\/talkpal.ai\/fi\/kannadan-kielioppi\/\",\"url\":\"https:\/\/talkpal.ai\/fi\/kannadan-kielioppi\/\",\"name\":\"Kannadan kielioppi - Talkpal\",\"isPartOf\":{\"@id\":\"https:\/\/talkpal.ai\/fi\/#website\"},\"primaryImageOfPage\":{\"@id\":\"https:\/\/talkpal.ai\/fi\/kannadan-kielioppi\/#primaryimage\"},\"image\":{\"@id\":\"https:\/\/talkpal.ai\/fi\/kannadan-kielioppi\/#primaryimage\"},\"thumbnailUrl\":\"https:\/\/talkpal.ai\/wp-content\/uploads\/2023\/05\/Kannada-india.png\",\"datePublished\":\"2023-05-14T14:09:47+00:00\",\"dateModified\":\"2025-12-11T16:23:36+00:00\",\"description\":\"Opi Kannadan kielioppia varmasti - ymm\u00e4rr\u00e4 keskeiset s\u00e4\u00e4nn\u00f6t, ter\u00e4v\u00f6it\u00e4 lauseiden rakentamista ja lis\u00e4\u00e4 sujuvuutta.\",\"breadcrumb\":{\"@id\":\"https:\/\/talkpal.ai\/fi\/kannadan-kielioppi\/#breadcrumb\"},\"inLanguage\":\"fi\",\"potentialAction\":[{\"@type\":\"ReadAction\",\"target\":[\"https:\/\/talkpal.ai\/fi\/kannadan-kielioppi\/\"]}]},{\"@type\":\"ImageObject\",\"inLanguage\":\"fi\",\"@id\":\"https:\/\/talkpal.ai\/fi\/kannadan-kielioppi\/#primaryimage\",\"url\":\"https:\/\/talkpal.ai\/wp-content\/uploads\/2023\/05\/Kannada-india.png\",\"contentUrl\":\"https:\/\/talkpal.ai\/wp-content\/uploads\/2023\/05\/Kannada-india.png\",\"width\":512,\"height\":512},{\"@type\":\"BreadcrumbList\",\"@id\":\"https:\/\/talkpal.ai\/fi\/kannadan-kielioppi\/#breadcrumb\",\"itemListElement\":[{\"@type\":\"ListItem\",\"position\":1,\"name\":\"Homepage\",\"item\":\"https:\/\/talkpal.ai\/fi\/\"},{\"@type\":\"ListItem\",\"position\":2,\"name\":\"Kannadan kielioppi\"}]},{\"@type\":\"WebSite\",\"@id\":\"https:\/\/talkpal.ai\/fi\/#website\",\"url\":\"https:\/\/talkpal.ai\/fi\/\",\"name\":\"Talkpal\",\"description\":\"AI Language Learning\",\"publisher\":{\"@id\":\"https:\/\/talkpal.ai\/fi\/#organization\"},\"alternateName\":\"Talkpal AI\",\"potentialAction\":[{\"@type\":\"SearchAction\",\"target\":{\"@type\":\"EntryPoint\",\"urlTemplate\":\"https:\/\/talkpal.ai\/fi\/?s={search_term_string}\"},\"query-input\":{\"@type\":\"PropertyValueSpecification\",\"valueRequired\":true,\"valueName\":\"search_term_string\"}}],\"inLanguage\":\"fi\"},{\"@type\":\"Organization\",\"@id\":\"https:\/\/talkpal.ai\/fi\/#organization\",\"name\":\"Talkpal, Inc.\",\"alternateName\":\"Talkpal AI\",\"url\":\"https:\/\/talkpal.ai\/fi\/\",\"logo\":{\"@type\":\"ImageObject\",\"inLanguage\":\"fi\",\"@id\":\"https:\/\/talkpal.ai\/fi\/#\/schema\/logo\/image\/\",\"url\":\"https:\/\/talkpal.ai\/wp-content\/uploads\/2024\/03\/Talkpal-Logo-Icon.png\",\"contentUrl\":\"https:\/\/talkpal.ai\/wp-content\/uploads\/2024\/03\/Talkpal-Logo-Icon.png\",\"width\":2880,\"height\":2880,\"caption\":\"Talkpal, Inc.\"},\"image\":{\"@id\":\"https:\/\/talkpal.ai\/fi\/#\/schema\/logo\/image\/\"},\"sameAs\":[\"https:\/\/www.facebook.com\/profile.php?id=100090733639311\",\"https:\/\/x.com\/talkpalai\",\"https:\/\/www.linkedin.com\/company\/talkpal\/\",\"https:\/\/www.youtube.com\/@TalkPal\/\",\"https:\/\/www.tiktok.com\/@talkpal\",\"https:\/\/www.instagram.com\/talkpal_ai\/\",\"https:\/\/www.crunchbase.com\/organization\/talkpal-9cde\",\"https:\/\/www.g2.com\/products\/talkpal-for-business\/\",\"https:\/\/www.trustpilot.com\/review\/talkpal.ai\",\"https:\/\/www.capterra.com\/p\/10006800\/TalkPal\/\"],\"description\":\"Talkpal is a language learning web and mobile education app, powered by the latest AI technologies, that provides engaging experiences to its customers in many different languages to help them improve their language skills. Users can chat about unlimited amount of topics with the app and use other modes to practice their language learning.\",\"email\":\"support@talkpal.ai\",\"legalName\":\"Talkpal, Inc.\",\"foundingDate\":\"2023-04-03\",\"duns\":\"118989042\",\"numberOfEmployees\":{\"@type\":\"QuantitativeValue\",\"minValue\":\"11\",\"maxValue\":\"50\"},\"publishingPrinciples\":\"https:\/\/talkpal.ai\/publishing-principles\/\",\"actionableFeedbackPolicy\":\"https:\/\/talkpal.ai\/actionable-feedback-policy\/\",\"correctionsPolicy\":\"https:\/\/talkpal.ai\/corrections-policy\/\",\"ethicsPolicy\":\"https:\/\/talkpal.ai\/ethics-policy\/\",\"diversityPolicy\":\"https:\/\/talkpal.ai\/diversity-policy\/\",\"diversityStaffingReport\":\"https:\/\/talkpal.ai\/diversity-policy\/\"}]}<\/script>\n<!-- \/ Yoast SEO Premium plugin. -->","yoast_head_json":{"title":"Kannadan kielioppi - Talkpal","description":"Opi Kannadan kielioppia varmasti - ymm\u00e4rr\u00e4 keskeiset s\u00e4\u00e4nn\u00f6t, ter\u00e4v\u00f6it\u00e4 lauseiden rakentamista ja lis\u00e4\u00e4 sujuvuutta.","robots":{"index":"index","follow":"follow","max-snippet":"max-snippet:-1","max-image-preview":"max-image-preview:large","max-video-preview":"max-video-preview:-1"},"canonical":"https:\/\/talkpal.ai\/fi\/kannadan-kielioppi\/","og_locale":"fi_FI","og_type":"article","og_title":"Kannadan kielioppi","og_description":"Kannadan kielioppi: k\u00e4sitys dravidan kielen rikkaudesta Oletko koskaan miettinyt Intian kielellist\u00e4 monimuotoisuutta? Kielten harrastajana tai uteliaana","og_url":"https:\/\/talkpal.ai\/fi\/kannadan-kielioppi\/","og_site_name":"Talkpal","article_publisher":"https:\/\/www.facebook.com\/profile.php?id=100090733639311","article_modified_time":"2025-12-11T16:23:36+00:00","og_image":[{"width":512,"height":512,"url":"https:\/\/talkpal.ai\/wp-content\/uploads\/2023\/05\/Kannada-india.png","type":"image\/png"}],"twitter_card":"summary_large_image","twitter_site":"@talkpalai","twitter_misc":{"Arvioitu lukuaika":"2 minuuttia"},"schema":{"@context":"https:\/\/schema.org","@graph":[{"@type":"WebPage","@id":"https:\/\/talkpal.ai\/fi\/kannadan-kielioppi\/","url":"https:\/\/talkpal.ai\/fi\/kannadan-kielioppi\/","name":"Kannadan kielioppi - Talkpal","isPartOf":{"@id":"https:\/\/talkpal.ai\/fi\/#website"},"primaryImageOfPage":{"@id":"https:\/\/talkpal.ai\/fi\/kannadan-kielioppi\/#primaryimage"},"image":{"@id":"https:\/\/talkpal.ai\/fi\/kannadan-kielioppi\/#primaryimage"},"thumbnailUrl":"https:\/\/talkpal.ai\/wp-content\/uploads\/2023\/05\/Kannada-india.png","datePublished":"2023-05-14T14:09:47+00:00","dateModified":"2025-12-11T16:23:36+00:00","description":"Opi Kannadan kielioppia varmasti - ymm\u00e4rr\u00e4 keskeiset s\u00e4\u00e4nn\u00f6t, ter\u00e4v\u00f6it\u00e4 lauseiden rakentamista ja lis\u00e4\u00e4 sujuvuutta.","breadcrumb":{"@id":"https:\/\/talkpal.ai\/fi\/kannadan-kielioppi\/#breadcrumb"},"inLanguage":"fi","potentialAction":[{"@type":"ReadAction","target":["https:\/\/talkpal.ai\/fi\/kannadan-kielioppi\/"]}]},{"@type":"ImageObject","inLanguage":"fi","@id":"https:\/\/talkpal.ai\/fi\/kannadan-kielioppi\/#primaryimage","url":"https:\/\/talkpal.ai\/wp-content\/uploads\/2023\/05\/Kannada-india.png","contentUrl":"https:\/\/talkpal.ai\/wp-content\/uploads\/2023\/05\/Kannada-india.png","width":512,"height":512},{"@type":"BreadcrumbList","@id":"https:\/\/talkpal.ai\/fi\/kannadan-kielioppi\/#breadcrumb","itemListElement":[{"@type":"ListItem","position":1,"name":"Homepage","item":"https:\/\/talkpal.ai\/fi\/"},{"@type":"ListItem","position":2,"name":"Kannadan kielioppi"}]},{"@type":"WebSite","@id":"https:\/\/talkpal.ai\/fi\/#website","url":"https:\/\/talkpal.ai\/fi\/","name":"Talkpal","description":"AI Language Learning","publisher":{"@id":"https:\/\/talkpal.ai\/fi\/#organization"},"alternateName":"Talkpal AI","potentialAction":[{"@type":"SearchAction","target":{"@type":"EntryPoint","urlTemplate":"https:\/\/talkpal.ai\/fi\/?s={search_term_string}"},"query-input":{"@type":"PropertyValueSpecification","valueRequired":true,"valueName":"search_term_string"}}],"inLanguage":"fi"},{"@type":"Organization","@id":"https:\/\/talkpal.ai\/fi\/#organization","name":"Talkpal, Inc.","alternateName":"Talkpal AI","url":"https:\/\/talkpal.ai\/fi\/","logo":{"@type":"ImageObject","inLanguage":"fi","@id":"https:\/\/talkpal.ai\/fi\/#\/schema\/logo\/image\/","url":"https:\/\/talkpal.ai\/wp-content\/uploads\/2024\/03\/Talkpal-Logo-Icon.png","contentUrl":"https:\/\/talkpal.ai\/wp-content\/uploads\/2024\/03\/Talkpal-Logo-Icon.png","width":2880,"height":2880,"caption":"Talkpal, Inc."},"image":{"@id":"https:\/\/talkpal.ai\/fi\/#\/schema\/logo\/image\/"},"sameAs":["https:\/\/www.facebook.com\/profile.php?id=100090733639311","https:\/\/x.com\/talkpalai","https:\/\/www.linkedin.com\/company\/talkpal\/","https:\/\/www.youtube.com\/@TalkPal\/","https:\/\/www.tiktok.com\/@talkpal","https:\/\/www.instagram.com\/talkpal_ai\/","https:\/\/www.crunchbase.com\/organization\/talkpal-9cde","https:\/\/www.g2.com\/products\/talkpal-for-business\/","https:\/\/www.trustpilot.com\/review\/talkpal.ai","https:\/\/www.capterra.com\/p\/10006800\/TalkPal\/"],"description":"Talkpal is a language learning web and mobile education app, powered by the latest AI technologies, that provides engaging experiences to its customers in many different languages to help them improve their language skills. Users can chat about unlimited amount of topics with the app and use other modes to practice their language learning.","email":"support@talkpal.ai","legalName":"Talkpal, Inc.","foundingDate":"2023-04-03","duns":"118989042","numberOfEmployees":{"@type":"QuantitativeValue","minValue":"11","maxValue":"50"},"publishingPrinciples":"https:\/\/talkpal.ai\/publishing-principles\/","actionableFeedbackPolicy":"https:\/\/talkpal.ai\/actionable-feedback-policy\/","correctionsPolicy":"https:\/\/talkpal.ai\/corrections-policy\/","ethicsPolicy":"https:\/\/talkpal.ai\/ethics-policy\/","diversityPolicy":"https:\/\/talkpal.ai\/diversity-policy\/","diversityStaffingReport":"https:\/\/talkpal.ai\/diversity-policy\/"}]}},"_links":{"self":[{"href":"https:\/\/talkpal.ai\/fi\/wp-json\/wp\/v2\/pages\/145503","targetHints":{"allow":["GET"]}}],"collection":[{"href":"https:\/\/talkpal.ai\/fi\/wp-json\/wp\/v2\/pages"}],"about":[{"href":"https:\/\/talkpal.ai\/fi\/wp-json\/wp\/v2\/types\/page"}],"author":[{"embeddable":true,"href":"https:\/\/talkpal.ai\/fi\/wp-json\/wp\/v2\/users\/1"}],"replies":[{"embeddable":true,"href":"https:\/\/talkpal.ai\/fi\/wp-json\/wp\/v2\/comments?post=145503"}],"version-history":[{"count":0,"href":"https:\/\/talkpal.ai\/fi\/wp-json\/wp\/v2\/pages\/145503\/revisions"}],"wp:featuredmedia":[{"embeddable":true,"href":"https:\/\/talkpal.ai\/fi\/wp-json\/wp\/v2\/media\/28411"}],"wp:attachment":[{"href":"https:\/\/talkpal.ai\/fi\/wp-json\/wp\/v2\/media?parent=145503"}],"curies":[{"name":"wp","href":"https:\/\/api.w.org\/{rel}","templated":true}]}}