{"id":145166,"date":"2023-05-14T14:09:29","date_gmt":"2023-05-14T14:09:29","guid":{"rendered":"http:\/\/talkpal.ai\/indonesian-kielioppi\/"},"modified":"2025-12-13T15:43:54","modified_gmt":"2025-12-13T15:43:54","slug":"indonesian-kielioppi","status":"publish","type":"page","link":"https:\/\/talkpal.ai\/fi\/indonesian-kielioppi\/","title":{"rendered":"Indonesian kielioppi"},"content":{"rendered":"\r\n\r\n\r\n<section class=\"languageChallengeSection\">\r\n    <div class=\"languageInfoWrapper\">\r\n        \r\n        <h1>Indonesian kielioppi<\/h1>\r\n        <p>Kiinnostaako <a href=\"https:\/\/talkpal.ai\/learn-indonesian\/\">indonesian<\/a> kielen opiskelu? <a href=\"https:\/\/talkpal.ai\/indonesian-grammar\/\">Indonesian kielioppi<\/a> on yksinkertaisen kielioppinsa ansiosta &#8211; ei verbien konjugaatioita, ei substantiivien sukupuolta ja yksinkertainen lauserakenne &#8211; yksi oppijayst\u00e4v\u00e4llisimmist\u00e4 kielist\u00e4. Aloita matkasi jo t\u00e4n\u00e4\u00e4n ja huomaa, miten indonesian kieliopin ymm\u00e4rt\u00e4minen voi nopeasti avata sinulle viestinn\u00e4n ja elinvoimaisten kulttuurikokemusten maailman!<\/p>\r\n\r\n                            <a class=\"getStartedHidden\" href=\"https:\/\/app.talkpal.ai\/fi\/signup?lng=\">Aloita<\/a>\r\n        \r\n    <\/div>\r\n\r\n    <figure>\r\n    <img decoding=\"async\" width=\"768\" height=\"768\" src=\"https:\/\/talkpal.ai\/wp-content\/uploads\/2023\/06\/indonesia-768x768.png\" class=\"languageImage no-lazy\" alt=\"Default alt text\" fetchpriority=\"high\" sizes=\"(max-width: 768px) 150px, 768px\" srcset=\"https:\/\/talkpal.ai\/wp-content\/uploads\/2023\/06\/indonesia-768x768.png 768w, https:\/\/talkpal.ai\/wp-content\/uploads\/2023\/06\/indonesia-300x300.png 300w\" \/>\r\n    \r\n\r\n    <\/figure>\r\n\r\n            <a class=\"getStartedVisible\" href=\"https:\/\/app.talkpal.ai\/fi\/signup?lng=\">Aloita<\/a>\r\n    \r\n<\/section>\r\n        <section class=\"grammarSection\">\r\n            <div class=\"grammarLinks\">\r\n                <a href=\"https:\/\/talkpal.ai\/fi\/language\/adjektiivit-indonesian-kielioppi\/\">Adjektiivit <\/a><a href=\"https:\/\/talkpal.ai\/fi\/language\/adverbit-indonesian-kielioppi\/\">Adverbit <\/a><a href=\"https:\/\/talkpal.ai\/fi\/language\/aikamuodot-indonesian-kielioppi\/\">Aikamuodot <\/a><a href=\"https:\/\/talkpal.ai\/fi\/language\/aikamuotojen-vertailu-indonesian-kielioppi\/\">Aikamuotojen vertailu <\/a><a href=\"https:\/\/talkpal.ai\/fi\/language\/artikkelit-indonesian-kielioppi\/\">Artikkelit <\/a><a href=\"https:\/\/talkpal.ai\/fi\/language\/konditionaalit-indonesian-kielioppi\/\">Konditionaalit <\/a><a href=\"https:\/\/talkpal.ai\/fi\/language\/lauseet-indonesian-kielioppi\/\">Lauseet <\/a><a href=\"https:\/\/talkpal.ai\/fi\/language\/prepositiot-indonesian-kielioppi\/\">Prepositiot <\/a><a href=\"https:\/\/talkpal.ai\/fi\/language\/progressiivinen-indonesian-kielioppi\/\">Progressiivinen <\/a><a href=\"https:\/\/talkpal.ai\/fi\/language\/pronominit-determinerit-indonesian-kielioppi\/\">Pronominit\/Determinerit <\/a><a href=\"https:\/\/talkpal.ai\/fi\/language\/substantiivit-indonesian-kielioppi\/\">Substantiivit <\/a><a href=\"https:\/\/talkpal.ai\/fi\/language\/taydellinen-progressiivinen-indonesian-kielioppi\/\">T\u00e4ydellinen progressiivinen <\/a><a href=\"https:\/\/talkpal.ai\/fi\/language\/verbit-indonesian-kielioppi\/\">Verbit <\/a>            <\/div>\r\n        <\/section>\r\n    <section class=\"promotionalBanner\">\r\n    <p class=\"promotionalText\"><\/p>\r\n    <a class=\"promotionalLink\" href=\"https:\/\/app.talkpal.ai\/fi\/signup?lng=\"><\/a>\r\n<\/section>\n<div class=\"wp-block-group pageContainerStyle\"><div class=\"wp-block-group__inner-container is-layout-constrained wp-block-group-is-layout-constrained\">\n<h2 class=\"wp-block-heading\" id=\"h-the-wonders-of-indonesian-grammar-a-guide-for-language-learners\">Indonesian kieliopin ihmeet: opas kieltenoppijoille<\/h2>\n\n\n\n<p>Indonesian kielioppi &#8211; yksinkertaista mutta tyylik\u00e4st\u00e4, yst\u00e4v\u00e4llist\u00e4 mutta mukaansatempaavaa, helposti l\u00e4hestytt\u00e4v\u00e4\u00e4 mutta mukaansatempaavaa. Kun aloitat matkasi Indonesian kielen oppimiseen, voit olla varma, ett\u00e4 sen kieliopin omaksuminen on nautinnollinen kokemus. T\u00e4m\u00e4n artikkelin tarkoituksena on antaa sinulle ymm\u00e4rrys Indonesian kieliopin keskeisist\u00e4 n\u00e4k\u00f6kohdista ja auttaa sinua omaksumaan t\u00e4m\u00e4n Kaakkois-Aasian kielen kauneus.<\/p>\n\n\n\n<p>Tutustutaan indonesian kieliopin peruselementteihin selitysten ja esimerkkien avulla, jotka tekev\u00e4t s\u00e4\u00e4nn\u00f6ist\u00e4 ja k\u00e4sitteist\u00e4 ilahduttavan selkeit\u00e4. Joten istu alas, rentoudu ja anna meid\u00e4n selvitt\u00e4\u00e4 Indonesian kieliopin kiehtovat salaisuudet sinulle.<\/p>\n\n\n\n<h3 class=\"wp-block-heading\" id=\"h-1-nouns-no-genders-no-plurals-no-stress\">1. Substantiivit: ei sukupuolia, ei monikkoja, ei stressi\u00e4!<\/h3>\n\n\n\n<p>Yksi Indonesian kieliopin virkist\u00e4vimmist\u00e4 puolista on sen substantiivij\u00e4rjestelm\u00e4n yksinkertaisuus. Indonesian substantiiveilla ei ole sukupuoli- <a href=\"https:\/\/talkpal.ai\/learn-thai\/\">tai<\/a> monikkomuotoja. T\u00e4m\u00e4 tarkoittaa sit\u00e4, ett\u00e4 sanot &#8221;anjing&#8221; (koira) riippumatta siit\u00e4, viittaatko yhteen pentuun vai ryhm\u00e4\u00e4n aikuisia koiria.<\/p>\n\n\n\n<p>Jos haluat m\u00e4\u00e4ritt\u00e4\u00e4 monikkomuodon, voit joko toistaa substantiivin (esim. &#8221;anak-anak&#8221; sanalle &#8221;lapset&#8221;) tai k\u00e4ytt\u00e4\u00e4 m\u00e4\u00e4r\u00e4m\u00e4\u00e4r\u00e4\u00e4, kuten &#8221;banyak&#8221; (monta) tai &#8221;beberapa&#8221; (jotkut). Juuri noin! Eik\u00f6 se olekin raikas tuulahdus muihin kieliin verrattuna?<\/p>\n\n\n\n<h3 class=\"wp-block-heading\" id=\"h-2-pronouns-staying-humble-and-respectful\">2. Pronominit: pysy n\u00f6yr\u00e4n\u00e4 ja kunnioittavana<\/h3>\n\n\n\n<p>Indonesian kieliopissa k\u00e4ytet\u00e4\u00e4n erilaisia pronomineja, jotka perustuvat vaihtelevaan muodollisuuteen. Sopivan pronominin k\u00e4ytt\u00e4minen puhutellessa jotakuta on v\u00e4ltt\u00e4m\u00e4t\u00f6nt\u00e4 kunnioituksen ja n\u00f6yryyden osoittamiseksi. Esimerkiksi &#8221;aku&#8221; (min\u00e4\/me) on rento ja intiimi, &#8221;saya&#8221; on kohtelias ja neutraali ja &#8221;saya&#8221; on muodollinen ja n\u00f6yr\u00e4. Vastaavasti &#8221;kamu&#8221; (sin\u00e4) on ep\u00e4virallinen, &#8221;Anda&#8221; on kohtelias ja &#8221;Bapak\/Ibu&#8221; (herra\/rouva) on varattu eritt\u00e4in virallisiin tilanteisiin.<\/p>\n\n\n\n<p>Muista, ett\u00e4 uusissa tai ep\u00e4varmoissa tilanteissa kannattaa aina olla kohteliaampi.<\/p>\n\n\n\n<h3 class=\"wp-block-heading\" id=\"h-3-verbs-no-conjugations-but-prefixes-and-suffixes-galore\">3. Verbit: Ei taivutuksia, mutta etuliitteit\u00e4 ja j\u00e4lkiliitteit\u00e4 yllin kyllin!<\/h3>\n\n\n\n<p>Indonesian verbit pysyv\u00e4t muuttumattomina ajasta, mielialasta tai aiheesta riippumatta, mik\u00e4 tekee niist\u00e4 paljon yksinkertaisempia kuin verbit monissa muissa kieliss\u00e4. Sinun on kuitenkin hallittava etuliitteiden ja suffiksien k\u00e4ytt\u00f6 verbin merkityksen muuttamiseksi.<\/p>\n\n\n\n<p>Yleisi\u00e4 etuliitteit\u00e4 ovat &#8221;me-&#8221; (aktiiviverbit), &#8221;di-&#8221; (passiiviverbit) ja &#8221;ber-&#8221; (<a href=\"https:\/\/talkpal.ai\/fi\/grammar\/statiiviverbit-kiinan-kielioppi\/\">statiiviverbit<\/a>). Yleisi\u00e4 suffikseja ovat &#8221;-kan&#8221; (kausatiiviverbit) ja &#8221;-i&#8221; (transitiiviverbit). Esimerkiksi &#8221;makan&#8221; tarkoittaa &#8221;sy\u00f6d\u00e4&#8221;, &#8221;memakan&#8221; tarkoittaa &#8221;kuluttaa&#8221; ja &#8221;dimakan&#8221; tarkoittaa &#8221;tulla sy\u00f6dyksi&#8221;.<\/p>\n\n\n\n<h3 class=\"wp-block-heading\" id=\"h-4-word-order-subject-verb-object-simplicity\">4. Sanaj\u00e4rjestys: subjekti-verbi-objekti yksinkertaisuus!<\/h3>\n\n\n\n<p>Indonesian kielioppi noudattaa yksinkertaista subjekti-verbiobjekti (SVO) -sanaj\u00e4rjestyst\u00e4, joka muistuttaa englantia. T\u00e4m\u00e4 tekee lauseiden rakentamisesta ja ymm\u00e4rt\u00e4misest\u00e4 paljon helpompaa englanninkielisille. Esimerkiksi &#8221;Saya memakan pisang&#8221; tarkoittaa suoraan &#8221;Min\u00e4 (subjekti) sy\u00f6n (verbi) banaania (objekti)&#8221;.<\/p>\n\n\n\n<h3 class=\"wp-block-heading\" id=\"h-5-immerse-yourself-in-indonesian-practice-makes-perfect\">5. Uppoudu indonesiaan: harjoitus tekee mestarin<\/h3>\n\n\n\n<p>Indonesian kieliopin kauneus on sen yksinkertaisuudessa ja saatavuudessa. S\u00e4\u00e4nn\u00f6llinen harjoittelu lukemisen, kirjoittamisen, kuuntelun ja puhumisen kautta auttaa sinua hallitsemaan kielt\u00e4 ja sen kielioppia. Ota haasteet vastaan, voita monimutkaisuudet ja avaa indonesian kielen todellinen vieh\u00e4tys.<\/p>\n\n\n\n<p>Joten, oletko valmis kaivamaan Indonesian kieliopin ihmeisiin? L\u00e4hesty sit\u00e4 luottavaisesti ja uteliaasti, ja sitoutumisella ja j\u00e4nnityksell\u00e4 voit pian tulla kaunopuheiseksi indonesian puhujaksi. Selamat belajar! (Hyv\u00e4\u00e4 opiskelua!)<\/p>\n<\/div><\/div>\n\r\n<section class=\"learnNavigationSection\">\r\n            \r\n        <a href=\"https:\/\/talkpal.ai\/fi\/opi-indonesiaa\/\">\r\n            <div class=\"learnNavigationWrapper\">\r\n                <div class=\"learnNavigationContent\">\r\n                    <img decoding=\"async\" src=\"https:\/\/talkpal.ai\/wp-content\/uploads\/2024\/08\/Indonesian.jpg\" alt=\"Indonesian Flag\">\r\n                    <div>\r\n                        <h4>Tietoja Indonesian oppimisesta<\/h4>\r\n                        <p>Tutustu indonesian kielioppiin.<\/p>\r\n                    <\/div>\r\n                <\/div>\r\n            <\/div>\r\n        <\/a>\r\n\r\n        \r\n        <a href=\"https:\/\/talkpal.ai\/fi\/indonesian-kielioppiharjoitukset\/\">\r\n            <div class=\"learnNavigationWrapper\">\r\n                <div class=\"learnNavigationContent\">\r\n                    <img decoding=\"async\" src=\"https:\/\/talkpal.ai\/wp-content\/uploads\/2024\/08\/Indonesian.jpg\" alt=\"Indonesian Flag\">\r\n                    <div>\r\n                        <h4>Indonesian kielioppiharjoitus<\/h4>\r\n                        <p>Harjoittele Indonesian kielioppia.<\/p>\r\n                    <\/div>\r\n                <\/div>\r\n            <\/div>\r\n        <\/a>\r\n\r\n        \r\n        <a href=\"https:\/\/talkpal.ai\/vocabulary_language\/indonesian\/\">\r\n            <div class=\"learnNavigationWrapper\">\r\n                <div class=\"learnNavigationContent\">\r\n                    <img decoding=\"async\" src=\"https:\/\/talkpal.ai\/wp-content\/uploads\/2024\/08\/Indonesian.jpg\" alt=\"Indonesian Flag\">\r\n                    <div>\r\n                        <h4>Indonesian sanastoa<\/h4>\r\n                        <p>Laajenna indonesian kielen sanavarastoasi.<\/p>\r\n                    <\/div>\r\n                <\/div>\r\n            <\/div>\r\n        <\/a>\r\n\r\n            <\/section>","protected":false},"excerpt":{"rendered":"<p>Indonesian kieliopin ihmeet: opas kieltenoppijoille Indonesian kielioppi &#8211; yksinkertaista mutta tyylik\u00e4st\u00e4, yst\u00e4v\u00e4llist\u00e4 mutta mukaansatempaavaa, helposti l\u00e4hestytt\u00e4v\u00e4\u00e4 mutta mukaansatempaavaa. Kun aloitat matkasi Indonesian kielen oppimiseen, voit olla varma, ett\u00e4 sen kieliopin omaksuminen on nautinnollinen kokemus. T\u00e4m\u00e4n artikkelin tarkoituksena on antaa sinulle ymm\u00e4rrys Indonesian kieliopin keskeisist\u00e4 n\u00e4k\u00f6kohdista ja auttaa sinua omaksumaan t\u00e4m\u00e4n Kaakkois-Aasian kielen kauneus. Tutustutaan indonesian [&hellip;]<\/p>\n","protected":false},"author":1,"featured_media":28379,"parent":0,"menu_order":0,"comment_status":"closed","ping_status":"closed","template":"LearningContentPage.php","meta":{"_acf_changed":false,"footnotes":""},"class_list":["post-145166","page","type-page","status-publish","has-post-thumbnail","hentry"],"acf":[],"yoast_head":"<!-- This site is optimized with the Yoast SEO Premium plugin v27.2 (Yoast SEO v27.2) - https:\/\/yoast.com\/product\/yoast-seo-premium-wordpress\/ -->\n<title>Indonesian kielioppi - Talkpal<\/title>\n<meta name=\"description\" content=\"Opettele indonesian kielioppi vaivattomasti Talkpal teko\u00e4lykielen oppimissovelluksen avulla. Kommunikoi itsevarmasti k\u00e4ytt\u00e4m\u00e4ll\u00e4 Talkpalteko\u00e4lyavusteista opastusta.\" \/>\n<meta name=\"robots\" content=\"index, follow, max-snippet:-1, max-image-preview:large, max-video-preview:-1\" \/>\n<link rel=\"canonical\" href=\"https:\/\/talkpal.ai\/fi\/indonesian-kielioppi\/\" \/>\n<meta property=\"og:locale\" content=\"fi_FI\" \/>\n<meta property=\"og:type\" content=\"article\" \/>\n<meta property=\"og:title\" content=\"Indonesian kielioppi\" \/>\n<meta property=\"og:description\" content=\"Indonesian kieliopin ihmeet: opas kieltenoppijoille Indonesian kielioppi - yksinkertaista mutta tyylik\u00e4st\u00e4, yst\u00e4v\u00e4llist\u00e4 mutta mukaansatempaavaa, helposti\" \/>\n<meta property=\"og:url\" content=\"https:\/\/talkpal.ai\/fi\/indonesian-kielioppi\/\" \/>\n<meta property=\"og:site_name\" content=\"Talkpal\" \/>\n<meta property=\"article:publisher\" content=\"https:\/\/www.facebook.com\/profile.php?id=100090733639311\" \/>\n<meta property=\"article:modified_time\" content=\"2025-12-13T15:43:54+00:00\" \/>\n<meta property=\"og:image\" content=\"https:\/\/talkpal.ai\/wp-content\/uploads\/2023\/05\/indonesia.png\" \/>\n\t<meta property=\"og:image:width\" content=\"512\" \/>\n\t<meta property=\"og:image:height\" content=\"512\" \/>\n\t<meta property=\"og:image:type\" content=\"image\/png\" \/>\n<meta name=\"twitter:card\" content=\"summary_large_image\" \/>\n<meta name=\"twitter:site\" content=\"@talkpalai\" \/>\n<meta name=\"twitter:label1\" content=\"Arvioitu lukuaika\" \/>\n\t<meta name=\"twitter:data1\" content=\"2 minuuttia\" \/>\n<script type=\"application\/ld+json\" class=\"yoast-schema-graph\">{\"@context\":\"https:\/\/schema.org\",\"@graph\":[{\"@type\":\"WebPage\",\"@id\":\"https:\/\/talkpal.ai\/fi\/indonesian-kielioppi\/\",\"url\":\"https:\/\/talkpal.ai\/fi\/indonesian-kielioppi\/\",\"name\":\"Indonesian kielioppi - Talkpal\",\"isPartOf\":{\"@id\":\"https:\/\/talkpal.ai\/fi\/#website\"},\"primaryImageOfPage\":{\"@id\":\"https:\/\/talkpal.ai\/fi\/indonesian-kielioppi\/#primaryimage\"},\"image\":{\"@id\":\"https:\/\/talkpal.ai\/fi\/indonesian-kielioppi\/#primaryimage\"},\"thumbnailUrl\":\"https:\/\/talkpal.ai\/wp-content\/uploads\/2023\/05\/indonesia.png\",\"datePublished\":\"2023-05-14T14:09:29+00:00\",\"dateModified\":\"2025-12-13T15:43:54+00:00\",\"description\":\"Opettele indonesian kielioppi vaivattomasti Talkpal teko\u00e4lykielen oppimissovelluksen avulla. Kommunikoi itsevarmasti k\u00e4ytt\u00e4m\u00e4ll\u00e4 Talkpalteko\u00e4lyavusteista opastusta.\",\"breadcrumb\":{\"@id\":\"https:\/\/talkpal.ai\/fi\/indonesian-kielioppi\/#breadcrumb\"},\"inLanguage\":\"fi\",\"potentialAction\":[{\"@type\":\"ReadAction\",\"target\":[\"https:\/\/talkpal.ai\/fi\/indonesian-kielioppi\/\"]}]},{\"@type\":\"ImageObject\",\"inLanguage\":\"fi\",\"@id\":\"https:\/\/talkpal.ai\/fi\/indonesian-kielioppi\/#primaryimage\",\"url\":\"https:\/\/talkpal.ai\/wp-content\/uploads\/2023\/05\/indonesia.png\",\"contentUrl\":\"https:\/\/talkpal.ai\/wp-content\/uploads\/2023\/05\/indonesia.png\",\"width\":512,\"height\":512},{\"@type\":\"BreadcrumbList\",\"@id\":\"https:\/\/talkpal.ai\/fi\/indonesian-kielioppi\/#breadcrumb\",\"itemListElement\":[{\"@type\":\"ListItem\",\"position\":1,\"name\":\"Homepage\",\"item\":\"https:\/\/talkpal.ai\/fi\/\"},{\"@type\":\"ListItem\",\"position\":2,\"name\":\"Indonesian kielioppi\"}]},{\"@type\":\"WebSite\",\"@id\":\"https:\/\/talkpal.ai\/fi\/#website\",\"url\":\"https:\/\/talkpal.ai\/fi\/\",\"name\":\"Talkpal\",\"description\":\"AI Language Learning\",\"publisher\":{\"@id\":\"https:\/\/talkpal.ai\/fi\/#organization\"},\"alternateName\":\"Talkpal AI\",\"potentialAction\":[{\"@type\":\"SearchAction\",\"target\":{\"@type\":\"EntryPoint\",\"urlTemplate\":\"https:\/\/talkpal.ai\/fi\/?s={search_term_string}\"},\"query-input\":{\"@type\":\"PropertyValueSpecification\",\"valueRequired\":true,\"valueName\":\"search_term_string\"}}],\"inLanguage\":\"fi\"},{\"@type\":\"Organization\",\"@id\":\"https:\/\/talkpal.ai\/fi\/#organization\",\"name\":\"Talkpal, Inc.\",\"alternateName\":\"Talkpal AI\",\"url\":\"https:\/\/talkpal.ai\/fi\/\",\"logo\":{\"@type\":\"ImageObject\",\"inLanguage\":\"fi\",\"@id\":\"https:\/\/talkpal.ai\/fi\/#\/schema\/logo\/image\/\",\"url\":\"https:\/\/talkpal.ai\/wp-content\/uploads\/2024\/03\/Talkpal-Logo-Icon.png\",\"contentUrl\":\"https:\/\/talkpal.ai\/wp-content\/uploads\/2024\/03\/Talkpal-Logo-Icon.png\",\"width\":2880,\"height\":2880,\"caption\":\"Talkpal, Inc.\"},\"image\":{\"@id\":\"https:\/\/talkpal.ai\/fi\/#\/schema\/logo\/image\/\"},\"sameAs\":[\"https:\/\/www.facebook.com\/profile.php?id=100090733639311\",\"https:\/\/x.com\/talkpalai\",\"https:\/\/www.linkedin.com\/company\/talkpal\/\",\"https:\/\/www.youtube.com\/@TalkPal\/\",\"https:\/\/www.tiktok.com\/@talkpal\",\"https:\/\/www.instagram.com\/talkpal_ai\/\",\"https:\/\/www.crunchbase.com\/organization\/talkpal-9cde\",\"https:\/\/www.g2.com\/products\/talkpal-for-business\/\",\"https:\/\/www.trustpilot.com\/review\/talkpal.ai\",\"https:\/\/www.capterra.com\/p\/10006800\/TalkPal\/\"],\"description\":\"Talkpal is a language learning web and mobile education app, powered by the latest AI technologies, that provides engaging experiences to its customers in many different languages to help them improve their language skills. Users can chat about unlimited amount of topics with the app and use other modes to practice their language learning.\",\"email\":\"support@talkpal.ai\",\"legalName\":\"Talkpal, Inc.\",\"foundingDate\":\"2023-04-03\",\"duns\":\"118989042\",\"numberOfEmployees\":{\"@type\":\"QuantitativeValue\",\"minValue\":\"11\",\"maxValue\":\"50\"},\"publishingPrinciples\":\"https:\/\/talkpal.ai\/publishing-principles\/\",\"actionableFeedbackPolicy\":\"https:\/\/talkpal.ai\/actionable-feedback-policy\/\",\"correctionsPolicy\":\"https:\/\/talkpal.ai\/corrections-policy\/\",\"ethicsPolicy\":\"https:\/\/talkpal.ai\/ethics-policy\/\",\"diversityPolicy\":\"https:\/\/talkpal.ai\/diversity-policy\/\",\"diversityStaffingReport\":\"https:\/\/talkpal.ai\/diversity-policy\/\"}]}<\/script>\n<!-- \/ Yoast SEO Premium plugin. -->","yoast_head_json":{"title":"Indonesian kielioppi - Talkpal","description":"Opettele indonesian kielioppi vaivattomasti Talkpal teko\u00e4lykielen oppimissovelluksen avulla. Kommunikoi itsevarmasti k\u00e4ytt\u00e4m\u00e4ll\u00e4 Talkpalteko\u00e4lyavusteista opastusta.","robots":{"index":"index","follow":"follow","max-snippet":"max-snippet:-1","max-image-preview":"max-image-preview:large","max-video-preview":"max-video-preview:-1"},"canonical":"https:\/\/talkpal.ai\/fi\/indonesian-kielioppi\/","og_locale":"fi_FI","og_type":"article","og_title":"Indonesian kielioppi","og_description":"Indonesian kieliopin ihmeet: opas kieltenoppijoille Indonesian kielioppi - yksinkertaista mutta tyylik\u00e4st\u00e4, yst\u00e4v\u00e4llist\u00e4 mutta mukaansatempaavaa, helposti","og_url":"https:\/\/talkpal.ai\/fi\/indonesian-kielioppi\/","og_site_name":"Talkpal","article_publisher":"https:\/\/www.facebook.com\/profile.php?id=100090733639311","article_modified_time":"2025-12-13T15:43:54+00:00","og_image":[{"width":512,"height":512,"url":"https:\/\/talkpal.ai\/wp-content\/uploads\/2023\/05\/indonesia.png","type":"image\/png"}],"twitter_card":"summary_large_image","twitter_site":"@talkpalai","twitter_misc":{"Arvioitu lukuaika":"2 minuuttia"},"schema":{"@context":"https:\/\/schema.org","@graph":[{"@type":"WebPage","@id":"https:\/\/talkpal.ai\/fi\/indonesian-kielioppi\/","url":"https:\/\/talkpal.ai\/fi\/indonesian-kielioppi\/","name":"Indonesian kielioppi - Talkpal","isPartOf":{"@id":"https:\/\/talkpal.ai\/fi\/#website"},"primaryImageOfPage":{"@id":"https:\/\/talkpal.ai\/fi\/indonesian-kielioppi\/#primaryimage"},"image":{"@id":"https:\/\/talkpal.ai\/fi\/indonesian-kielioppi\/#primaryimage"},"thumbnailUrl":"https:\/\/talkpal.ai\/wp-content\/uploads\/2023\/05\/indonesia.png","datePublished":"2023-05-14T14:09:29+00:00","dateModified":"2025-12-13T15:43:54+00:00","description":"Opettele indonesian kielioppi vaivattomasti Talkpal teko\u00e4lykielen oppimissovelluksen avulla. Kommunikoi itsevarmasti k\u00e4ytt\u00e4m\u00e4ll\u00e4 Talkpalteko\u00e4lyavusteista opastusta.","breadcrumb":{"@id":"https:\/\/talkpal.ai\/fi\/indonesian-kielioppi\/#breadcrumb"},"inLanguage":"fi","potentialAction":[{"@type":"ReadAction","target":["https:\/\/talkpal.ai\/fi\/indonesian-kielioppi\/"]}]},{"@type":"ImageObject","inLanguage":"fi","@id":"https:\/\/talkpal.ai\/fi\/indonesian-kielioppi\/#primaryimage","url":"https:\/\/talkpal.ai\/wp-content\/uploads\/2023\/05\/indonesia.png","contentUrl":"https:\/\/talkpal.ai\/wp-content\/uploads\/2023\/05\/indonesia.png","width":512,"height":512},{"@type":"BreadcrumbList","@id":"https:\/\/talkpal.ai\/fi\/indonesian-kielioppi\/#breadcrumb","itemListElement":[{"@type":"ListItem","position":1,"name":"Homepage","item":"https:\/\/talkpal.ai\/fi\/"},{"@type":"ListItem","position":2,"name":"Indonesian kielioppi"}]},{"@type":"WebSite","@id":"https:\/\/talkpal.ai\/fi\/#website","url":"https:\/\/talkpal.ai\/fi\/","name":"Talkpal","description":"AI Language Learning","publisher":{"@id":"https:\/\/talkpal.ai\/fi\/#organization"},"alternateName":"Talkpal AI","potentialAction":[{"@type":"SearchAction","target":{"@type":"EntryPoint","urlTemplate":"https:\/\/talkpal.ai\/fi\/?s={search_term_string}"},"query-input":{"@type":"PropertyValueSpecification","valueRequired":true,"valueName":"search_term_string"}}],"inLanguage":"fi"},{"@type":"Organization","@id":"https:\/\/talkpal.ai\/fi\/#organization","name":"Talkpal, Inc.","alternateName":"Talkpal AI","url":"https:\/\/talkpal.ai\/fi\/","logo":{"@type":"ImageObject","inLanguage":"fi","@id":"https:\/\/talkpal.ai\/fi\/#\/schema\/logo\/image\/","url":"https:\/\/talkpal.ai\/wp-content\/uploads\/2024\/03\/Talkpal-Logo-Icon.png","contentUrl":"https:\/\/talkpal.ai\/wp-content\/uploads\/2024\/03\/Talkpal-Logo-Icon.png","width":2880,"height":2880,"caption":"Talkpal, Inc."},"image":{"@id":"https:\/\/talkpal.ai\/fi\/#\/schema\/logo\/image\/"},"sameAs":["https:\/\/www.facebook.com\/profile.php?id=100090733639311","https:\/\/x.com\/talkpalai","https:\/\/www.linkedin.com\/company\/talkpal\/","https:\/\/www.youtube.com\/@TalkPal\/","https:\/\/www.tiktok.com\/@talkpal","https:\/\/www.instagram.com\/talkpal_ai\/","https:\/\/www.crunchbase.com\/organization\/talkpal-9cde","https:\/\/www.g2.com\/products\/talkpal-for-business\/","https:\/\/www.trustpilot.com\/review\/talkpal.ai","https:\/\/www.capterra.com\/p\/10006800\/TalkPal\/"],"description":"Talkpal is a language learning web and mobile education app, powered by the latest AI technologies, that provides engaging experiences to its customers in many different languages to help them improve their language skills. Users can chat about unlimited amount of topics with the app and use other modes to practice their language learning.","email":"support@talkpal.ai","legalName":"Talkpal, Inc.","foundingDate":"2023-04-03","duns":"118989042","numberOfEmployees":{"@type":"QuantitativeValue","minValue":"11","maxValue":"50"},"publishingPrinciples":"https:\/\/talkpal.ai\/publishing-principles\/","actionableFeedbackPolicy":"https:\/\/talkpal.ai\/actionable-feedback-policy\/","correctionsPolicy":"https:\/\/talkpal.ai\/corrections-policy\/","ethicsPolicy":"https:\/\/talkpal.ai\/ethics-policy\/","diversityPolicy":"https:\/\/talkpal.ai\/diversity-policy\/","diversityStaffingReport":"https:\/\/talkpal.ai\/diversity-policy\/"}]}},"_links":{"self":[{"href":"https:\/\/talkpal.ai\/fi\/wp-json\/wp\/v2\/pages\/145166","targetHints":{"allow":["GET"]}}],"collection":[{"href":"https:\/\/talkpal.ai\/fi\/wp-json\/wp\/v2\/pages"}],"about":[{"href":"https:\/\/talkpal.ai\/fi\/wp-json\/wp\/v2\/types\/page"}],"author":[{"embeddable":true,"href":"https:\/\/talkpal.ai\/fi\/wp-json\/wp\/v2\/users\/1"}],"replies":[{"embeddable":true,"href":"https:\/\/talkpal.ai\/fi\/wp-json\/wp\/v2\/comments?post=145166"}],"version-history":[{"count":0,"href":"https:\/\/talkpal.ai\/fi\/wp-json\/wp\/v2\/pages\/145166\/revisions"}],"wp:featuredmedia":[{"embeddable":true,"href":"https:\/\/talkpal.ai\/fi\/wp-json\/wp\/v2\/media\/28379"}],"wp:attachment":[{"href":"https:\/\/talkpal.ai\/fi\/wp-json\/wp\/v2\/media?parent=145166"}],"curies":[{"name":"wp","href":"https:\/\/api.w.org\/{rel}","templated":true}]}}