{"id":144865,"date":"2023-05-14T14:09:11","date_gmt":"2023-05-14T14:09:11","guid":{"rendered":"http:\/\/talkpal.ai\/islannin-kielioppi\/"},"modified":"2025-12-12T10:40:49","modified_gmt":"2025-12-12T10:40:49","slug":"islannin-kielioppi","status":"publish","type":"page","link":"https:\/\/talkpal.ai\/fi\/islannin-kielioppi\/","title":{"rendered":"Islannin kielioppi"},"content":{"rendered":"\r\n\r\n\r\n<section class=\"languageChallengeSection\">\r\n    <div class=\"languageInfoWrapper\">\r\n        \r\n        <h1>Islannin kielioppi<\/h1>\r\n        <p>Tutustu islannin kielen kiehtovaan rakenteeseen oppimalla sen kieliopin peruss\u00e4\u00e4nn\u00f6t. Islannin kieliopin hallitseminen auttaa sinua kommunikoimaan tehokkaasti ja luomaan syvemm\u00e4n yhteyden Islannin ainutlaatuiseen kulttuuriin ja historiaan. Aloita islannin kieliopin opiskelu jo t\u00e4n\u00e4\u00e4n ja ota ensimm\u00e4inen askel kohti sujuvuutta!<\/p>\r\n\r\n                            <a class=\"getStartedHidden\" href=\"https:\/\/app.talkpal.ai\/fi\/signup?lng=\">Aloita<\/a>\r\n        \r\n    <\/div>\r\n\r\n    <figure>\r\n    <img decoding=\"async\" width=\"768\" height=\"768\" src=\"https:\/\/talkpal.ai\/wp-content\/uploads\/2023\/06\/Icelandic-768x768.png\" class=\"languageImage no-lazy\" alt=\"Default alt text\" fetchpriority=\"high\" sizes=\"(max-width: 768px) 150px, 768px\" srcset=\"https:\/\/talkpal.ai\/wp-content\/uploads\/2023\/06\/Icelandic-768x768.png 768w, https:\/\/talkpal.ai\/wp-content\/uploads\/2023\/06\/Icelandic-300x300.png 300w\" \/>\r\n    \r\n\r\n    <\/figure>\r\n\r\n            <a class=\"getStartedVisible\" href=\"https:\/\/app.talkpal.ai\/fi\/signup?lng=\">Aloita<\/a>\r\n    \r\n<\/section>\r\n        <section class=\"grammarSection\">\r\n            <div class=\"grammarLinks\">\r\n                <a href=\"https:\/\/talkpal.ai\/fi\/language\/adjektiivit-islannin-kielioppi\/\">Adjektiivit <\/a><a href=\"https:\/\/talkpal.ai\/fi\/language\/adverbit-islannin-kielioppi\/\">Adverbit <\/a><a href=\"https:\/\/talkpal.ai\/fi\/language\/aikamuodot-islannin-kielioppi\/\">Aikamuodot <\/a><a href=\"https:\/\/talkpal.ai\/fi\/language\/aikamuotojen-vertailu-islannin-kielioppi\/\">Aikamuotojen vertailu <\/a><a href=\"https:\/\/talkpal.ai\/fi\/language\/artikkelit-islannin-kielioppi\/\">Artikkelit <\/a><a href=\"https:\/\/talkpal.ai\/fi\/language\/konditionaalit-islannin-kielioppi\/\">Konditionaalit <\/a><a href=\"https:\/\/talkpal.ai\/fi\/language\/lakkeet-islannin-kielioppi\/\">Lakkeet <\/a><a href=\"https:\/\/talkpal.ai\/fi\/language\/prepositiot-islannin-kielioppi\/\">Prepositiot <\/a><a href=\"https:\/\/talkpal.ai\/fi\/language\/progressiivinen-islannin-kielioppi\/\">Progressiivinen <\/a><a href=\"https:\/\/talkpal.ai\/fi\/language\/pronominit-determinerit-islannin-kielioppi\/\">Pronominit\/Determinerit <\/a><a href=\"https:\/\/talkpal.ai\/fi\/language\/substantiivit-islannin-kielioppi\/\">Substantiivit <\/a><a href=\"https:\/\/talkpal.ai\/fi\/language\/taydellinen-progressiivinen-islannin-kielioppi\/\">T\u00e4ydellinen progressiivinen <\/a><a href=\"https:\/\/talkpal.ai\/fi\/language\/verbit-islannin-kielioppi\/\">Verbit <\/a>            <\/div>\r\n        <\/section>\r\n    <section class=\"promotionalBanner\">\r\n    <p class=\"promotionalText\">Tehokkain tapa oppia kielt\u00e4<\/p>\r\n    <a class=\"promotionalLink\" href=\"https:\/\/app.talkpal.ai\/fi\/signup?lng=\">Kokeile Talkpal ilmaiseksi<\/a>\r\n<\/section>\n<div class=\"wp-block-group pageContainerStyle\"><div class=\"wp-block-group__inner-container is-layout-constrained wp-block-group-is-layout-constrained\">\n<h2 class=\"wp-block-heading\" id=\"h-the-magic-of-icelandic-grammar-unlocking-the-secrets-of-the-viking-tongue\">Islannin kieliopin taika: viikinkikielen salaisuuksien avaaminen<\/h2>\n\n\n\n<h3 class=\"wp-block-heading\" id=\"h-introduction-icelandic-the-land-of-fire-and-ice\">Johdanto: Islanti, tulen ja j\u00e4\u00e4n maa<\/h3>\n\n\n\n<p>Islannin kieli, jota Islannin upean saarivaltion ihmiset puhuvat, on tunnettu rikkaasta historiastaan, kiehtovasta runollisesta perinteest\u00e4\u00e4n ja poikkeuksellisesta kyvyst\u00e4\u00e4n sopeutua ja kehitty\u00e4 ajan mukana. Vanhasta norjasta polveutuvalla islannilla on erityinen vieh\u00e4tys, joka kiehtoo kielen yst\u00e4vi\u00e4 ja pyrkivi\u00e4 polyglotteja. Joten kiinnitt\u00e4k\u00e4\u00e4 turvavy\u00f6nne, ihmiset! Sukellamme pian islantilaisen kieliopin kauniiseen ja monimutkaiseen maailmaan, selvit\u00e4mme sen mysteerej\u00e4 ja l\u00f6yd\u00e4mme matkan varrella piilotettuja aarteita.<\/p>\n\n\n\n<h3 class=\"wp-block-heading\" id=\"h-1-runic-scripts-to-latin-alphabet-a-story-of-transformation\">1. Riimukirjoitukset latinalaisiin aakkosiin: tarina muutoksesta<\/h3>\n\n\n\n<p><a href=\"https:\/\/talkpal.ai\/learn-icelandic\/\">Islantilainen<\/a> aakkosto on itsess\u00e4\u00e4n seikkailu, joka koostuu 32 merkist\u00e4, jotka ovat per\u00e4isin erilaisista historiallisista juurista. Vaikka aakkoset perustuvat p\u00e4\u00e4asiassa latinalaiseen kirjaimistoon, ne s\u00e4ilytt\u00e4v\u00e4t joitakin muinaisnorjalaisten esi-isiens\u00e4 riimukirjoituksesta per\u00e4isin olevia merkkej\u00e4. N\u00e4iden merkkien hallitseminen on ensimm\u00e4inen este kielen oppimisessa, mutta harjoittelemalla voit olla mestari hetkess\u00e4!<\/p>\n\n\n\n<h3 class=\"wp-block-heading\" id=\"h-2-noun-mastery-getting-to-the-roots-of-icelandic-grammar\">2. Substantiivien hallinta: Islannin kieliopin juurille p\u00e4\u00e4seminen<\/h3>\n\n\n\n<p>Yksi islannin kieliopin keskeisist\u00e4 piirteist\u00e4 on substantiivien taivutus sukupuolen, numeron ja kirjainkoon mukaan. Islantilaiset substantiivit voivat olla feminiinisi\u00e4, maskuliinisia <a href=\"https:\/\/talkpal.ai\/learn-thai\/\">tai<\/a> neutrisia, ja jokaisella sukupuolella on omat deklinaatios\u00e4\u00e4nt\u00f6ns\u00e4. Vaikka t\u00e4m\u00e4 saattaa tuntua kielelliselt\u00e4 vuoristoradalta, n\u00e4iden monimutkaisuuksien ymm\u00e4rt\u00e4minen on v\u00e4ltt\u00e4m\u00e4t\u00f6nt\u00e4 kielen ymm\u00e4rt\u00e4miseksi kokonaisuutena. Saamasi tiedot avaavat uusia mahdollisuuksia ilmaista erilaisia hienovaraisia ja monimutkaisia merkityksi\u00e4 &#8211; islannin kieliopin todellinen loisto!<\/p>\n\n\n\n<h3 class=\"wp-block-heading\" id=\"h-3-the-mighty-verb-icelandic-s-unsung-hero\">3. Mighty Verb: Islannin laulamaton sankari<\/h3>\n\n\n\n<p>Kuten substantiivit, my\u00f6s islantilaiset verbit k\u00e4yv\u00e4t l\u00e4pi laajan muodonmuutoksen aikamuodon, mielialan sek\u00e4 subjektin persoonan ja luvun mukaan. T\u00e4m\u00e4 monimutkainen j\u00e4rjestelm\u00e4 voi olla aluksi pelottava, mutta kest\u00e4 minua! Kun opit s\u00e4\u00e4nn\u00f6lliset mallit ja ep\u00e4s\u00e4\u00e4nn\u00f6lliset outoudet, alat huomata, miten tyylik\u00e4st\u00e4 ja monipuolista islannin verbien taivutus voi olla. Islannin verbien valloittaminen vapauttaa voiman ilmaista ajatuksia, tunteita ja tekoja tarkasti ja luovasti.<\/p>\n\n\n\n<h3 class=\"wp-block-heading\" id=\"h-4-word-order-icelandic-s-flexible-backbone\">4. Sanaj\u00e4rjestys: Islannin joustava selk\u00e4ranka<\/h3>\n\n\n\n<p>Toisin kuin joidenkin islannin kieliopin elementtien j\u00e4ykkyys, kieli tarjoaa joustavuutta sanojen j\u00e4rjestyksess\u00e4. T\u00e4m\u00e4 tarkoittaa, ett\u00e4 voit laittaa subjektin, verbin ja objektin erilaisiin asetelmiin, kunhan s\u00e4ilyt\u00e4t sukupuolen, lukum\u00e4\u00e4r\u00e4n, sijamuodon, tapaukset ja paljon muuta &#8211; vapautat taiteilijan sinussa! Lauseiden mukauttaminen t\u00e4ll\u00e4 leikkis\u00e4ll\u00e4 tavalla voi auttaa luomaan korostusta, vivahteita ja keskustelus\u00e4vy\u00e4, mik\u00e4 tekee puheestasi kiinnostavamman ja nautinnollisemman.<\/p>\n\n\n\n<h3 class=\"wp-block-heading\" id=\"h-5-embrace-the-culture-discover-the-pulse-of-the-icelandic-language\">5. Omaksu kulttuuri: l\u00f6yd\u00e4 islannin kielen pulssi<\/h3>\n\n\n\n<p>Islannin kielt\u00e4 ei voi erottaa sen kulttuurisista juurista, sill\u00e4 se on vahvasti sidoksissa saagoihin, Eddaan sek\u00e4 kansakunnan ainutlaatuiseen historiaan ja maailmankuvaan. Jos haluat todella uppoutua kieleen, omaksu sen konteksti koko syd\u00e4mest\u00e4si. Sukella sen kansanperinteeseen, ahmi sen kirjallisia aarteita ja ole tekemisiss\u00e4 \u00e4idinkielen\u00e4\u00e4n puhuvien kanssa. T\u00e4m\u00e4 l\u00e4hestymistapa on avainasemassa sek\u00e4 kielitaidon ett\u00e4 syvemm\u00e4n yhteyden luomisessa Islannin kansaan ja sen rikkaaseen kulttuuriperint\u00f6\u00f6n.<\/p>\n\n\n\n<h3 class=\"wp-block-heading\" id=\"h-conclusion-an-icelandic-grammar-journey-worth-taking\">Johtop\u00e4\u00e4t\u00f6s: Islannin kielioppimatka, joka kannattaa tehd\u00e4<\/h3>\n\n\n\n<p>Vaikka <a href=\"https:\/\/talkpal.ai\/fi\/grammar\/nykyinen-progressive-islannin-kielioppi\/\">islannin kielioppi<\/a> saattaa tuntua valtavalta haasteelta, palkintoja on runsaasti niille, jotka ottavat askeleen. Jos olet sinnik\u00e4s, olet kiinnostunut kulttuurista ja olet utelias, islannin kielen koukerot kiehtovat sinua. L\u00e4hde siis mukaan seikkailuun ja l\u00f6yd\u00e4 islannin kieliopin taika j\u00e4nnitt\u00e4v\u00e4 askel kerrallaan.<\/p>\n<\/div><\/div>\n\r\n<section class=\"learnNavigationSection\">\r\n            \r\n        <a href=\"https:\/\/talkpal.ai\/fi\/opi-islantia\/\">\r\n            <div class=\"learnNavigationWrapper\">\r\n                <div class=\"learnNavigationContent\">\r\n                    <img decoding=\"async\" src=\"https:\/\/talkpal.ai\/wp-content\/uploads\/2024\/08\/Icelandic.jpg\" alt=\"Iceland Flag\">\r\n                    <div>\r\n                        <h4>Tietoa Islannin oppimisesta<\/h4>\r\n                        <p>Tutustu islannin kielioppiin.<\/p>\r\n                    <\/div>\r\n                <\/div>\r\n            <\/div>\r\n        <\/a>\r\n\r\n        \r\n        <a href=\"https:\/\/talkpal.ai\/fi\/islannin-kielioppiharjoitukset\/\">\r\n            <div class=\"learnNavigationWrapper\">\r\n                <div class=\"learnNavigationContent\">\r\n                    <img decoding=\"async\" src=\"https:\/\/talkpal.ai\/wp-content\/uploads\/2024\/08\/Icelandic.jpg\" alt=\"Iceland Flag\">\r\n                    <div>\r\n                        <h4>Islannin kielioppiharjoitus<\/h4>\r\n                        <p>Harjoittele islannin kielioppia.<\/p>\r\n                    <\/div>\r\n                <\/div>\r\n            <\/div>\r\n        <\/a>\r\n\r\n        \r\n        <a href=\"https:\/\/talkpal.ai\/vocabulary_language\/icelandic\/\">\r\n            <div class=\"learnNavigationWrapper\">\r\n                <div class=\"learnNavigationContent\">\r\n                    <img decoding=\"async\" src=\"https:\/\/talkpal.ai\/wp-content\/uploads\/2024\/08\/Icelandic.jpg\" alt=\"Iceland Flag\">\r\n                    <div>\r\n                        <h4>Islannin sanasto<\/h4>\r\n                        <p>Laajenna islantilaista sanavarastoasi.<\/p>\r\n                    <\/div>\r\n                <\/div>\r\n            <\/div>\r\n        <\/a>\r\n\r\n            <\/section>","protected":false},"excerpt":{"rendered":"<p>Islannin kieliopin taika: viikinkikielen salaisuuksien avaaminen Johdanto: Islanti, tulen ja j\u00e4\u00e4n maa Islannin kieli, jota Islannin upean saarivaltion ihmiset puhuvat, on tunnettu rikkaasta historiastaan, kiehtovasta runollisesta perinteest\u00e4\u00e4n ja poikkeuksellisesta kyvyst\u00e4\u00e4n sopeutua ja kehitty\u00e4 ajan mukana. Vanhasta norjasta polveutuvalla islannilla on erityinen vieh\u00e4tys, joka kiehtoo kielen yst\u00e4vi\u00e4 ja pyrkivi\u00e4 polyglotteja. Joten kiinnitt\u00e4k\u00e4\u00e4 turvavy\u00f6nne, ihmiset! Sukellamme pian [&hellip;]<\/p>\n","protected":false},"author":1,"featured_media":28363,"parent":0,"menu_order":0,"comment_status":"closed","ping_status":"closed","template":"LearningContentPage.php","meta":{"_acf_changed":false,"footnotes":""},"class_list":["post-144865","page","type-page","status-publish","has-post-thumbnail","hentry"],"acf":[],"yoast_head":"<!-- This site is optimized with the Yoast SEO Premium plugin v27.2 (Yoast SEO v27.2) - https:\/\/yoast.com\/product\/yoast-seo-premium-wordpress\/ -->\n<title>Islannin kielioppi - Talkpal<\/title>\n<meta name=\"description\" content=\"Opi islannin kielioppi selke\u00e4sti - ymm\u00e4rr\u00e4 keskeiset kielioppis\u00e4\u00e4nn\u00f6t, muodosta oikeita lauseita ja lis\u00e4\u00e4 itsevarmuutta nopeasti k\u00e4ytt\u00e4m\u00e4ll\u00e4 Talkpalteko\u00e4lyn oppitunneilla.\" \/>\n<meta name=\"robots\" content=\"index, follow, max-snippet:-1, max-image-preview:large, max-video-preview:-1\" \/>\n<link rel=\"canonical\" href=\"https:\/\/talkpal.ai\/fi\/islannin-kielioppi\/\" \/>\n<meta property=\"og:locale\" content=\"fi_FI\" \/>\n<meta property=\"og:type\" content=\"article\" \/>\n<meta property=\"og:title\" content=\"Islannin kielioppi\" \/>\n<meta property=\"og:description\" content=\"Islannin kieliopin taika: viikinkikielen salaisuuksien avaaminen Johdanto: Islanti, tulen ja j\u00e4\u00e4n maa Islannin kieli, jota Islannin upean saarivaltion\" \/>\n<meta property=\"og:url\" content=\"https:\/\/talkpal.ai\/fi\/islannin-kielioppi\/\" \/>\n<meta property=\"og:site_name\" content=\"Talkpal\" \/>\n<meta property=\"article:publisher\" content=\"https:\/\/www.facebook.com\/profile.php?id=100090733639311\" \/>\n<meta property=\"article:modified_time\" content=\"2025-12-12T10:40:49+00:00\" \/>\n<meta property=\"og:image\" content=\"https:\/\/talkpal.ai\/wp-content\/uploads\/2023\/05\/iceland.png\" \/>\n\t<meta property=\"og:image:width\" content=\"512\" \/>\n\t<meta property=\"og:image:height\" content=\"512\" \/>\n\t<meta property=\"og:image:type\" content=\"image\/png\" \/>\n<meta name=\"twitter:card\" content=\"summary_large_image\" \/>\n<meta name=\"twitter:site\" content=\"@talkpalai\" \/>\n<meta name=\"twitter:label1\" content=\"Arvioitu lukuaika\" \/>\n\t<meta name=\"twitter:data1\" content=\"2 minuuttia\" \/>\n<script type=\"application\/ld+json\" class=\"yoast-schema-graph\">{\"@context\":\"https:\/\/schema.org\",\"@graph\":[{\"@type\":\"WebPage\",\"@id\":\"https:\/\/talkpal.ai\/fi\/islannin-kielioppi\/\",\"url\":\"https:\/\/talkpal.ai\/fi\/islannin-kielioppi\/\",\"name\":\"Islannin kielioppi - Talkpal\",\"isPartOf\":{\"@id\":\"https:\/\/talkpal.ai\/fi\/#website\"},\"primaryImageOfPage\":{\"@id\":\"https:\/\/talkpal.ai\/fi\/islannin-kielioppi\/#primaryimage\"},\"image\":{\"@id\":\"https:\/\/talkpal.ai\/fi\/islannin-kielioppi\/#primaryimage\"},\"thumbnailUrl\":\"https:\/\/talkpal.ai\/wp-content\/uploads\/2023\/05\/iceland.png\",\"datePublished\":\"2023-05-14T14:09:11+00:00\",\"dateModified\":\"2025-12-12T10:40:49+00:00\",\"description\":\"Opi islannin kielioppi selke\u00e4sti - ymm\u00e4rr\u00e4 keskeiset kielioppis\u00e4\u00e4nn\u00f6t, muodosta oikeita lauseita ja lis\u00e4\u00e4 itsevarmuutta nopeasti k\u00e4ytt\u00e4m\u00e4ll\u00e4 Talkpalteko\u00e4lyn oppitunneilla.\",\"breadcrumb\":{\"@id\":\"https:\/\/talkpal.ai\/fi\/islannin-kielioppi\/#breadcrumb\"},\"inLanguage\":\"fi\",\"potentialAction\":[{\"@type\":\"ReadAction\",\"target\":[\"https:\/\/talkpal.ai\/fi\/islannin-kielioppi\/\"]}]},{\"@type\":\"ImageObject\",\"inLanguage\":\"fi\",\"@id\":\"https:\/\/talkpal.ai\/fi\/islannin-kielioppi\/#primaryimage\",\"url\":\"https:\/\/talkpal.ai\/wp-content\/uploads\/2023\/05\/iceland.png\",\"contentUrl\":\"https:\/\/talkpal.ai\/wp-content\/uploads\/2023\/05\/iceland.png\",\"width\":512,\"height\":512},{\"@type\":\"BreadcrumbList\",\"@id\":\"https:\/\/talkpal.ai\/fi\/islannin-kielioppi\/#breadcrumb\",\"itemListElement\":[{\"@type\":\"ListItem\",\"position\":1,\"name\":\"Homepage\",\"item\":\"https:\/\/talkpal.ai\/fi\/\"},{\"@type\":\"ListItem\",\"position\":2,\"name\":\"Islannin kielioppi\"}]},{\"@type\":\"WebSite\",\"@id\":\"https:\/\/talkpal.ai\/fi\/#website\",\"url\":\"https:\/\/talkpal.ai\/fi\/\",\"name\":\"Talkpal\",\"description\":\"AI Language Learning\",\"publisher\":{\"@id\":\"https:\/\/talkpal.ai\/fi\/#organization\"},\"alternateName\":\"Talkpal AI\",\"potentialAction\":[{\"@type\":\"SearchAction\",\"target\":{\"@type\":\"EntryPoint\",\"urlTemplate\":\"https:\/\/talkpal.ai\/fi\/?s={search_term_string}\"},\"query-input\":{\"@type\":\"PropertyValueSpecification\",\"valueRequired\":true,\"valueName\":\"search_term_string\"}}],\"inLanguage\":\"fi\"},{\"@type\":\"Organization\",\"@id\":\"https:\/\/talkpal.ai\/fi\/#organization\",\"name\":\"Talkpal, Inc.\",\"alternateName\":\"Talkpal AI\",\"url\":\"https:\/\/talkpal.ai\/fi\/\",\"logo\":{\"@type\":\"ImageObject\",\"inLanguage\":\"fi\",\"@id\":\"https:\/\/talkpal.ai\/fi\/#\/schema\/logo\/image\/\",\"url\":\"https:\/\/talkpal.ai\/wp-content\/uploads\/2024\/03\/Talkpal-Logo-Icon.png\",\"contentUrl\":\"https:\/\/talkpal.ai\/wp-content\/uploads\/2024\/03\/Talkpal-Logo-Icon.png\",\"width\":2880,\"height\":2880,\"caption\":\"Talkpal, Inc.\"},\"image\":{\"@id\":\"https:\/\/talkpal.ai\/fi\/#\/schema\/logo\/image\/\"},\"sameAs\":[\"https:\/\/www.facebook.com\/profile.php?id=100090733639311\",\"https:\/\/x.com\/talkpalai\",\"https:\/\/www.linkedin.com\/company\/talkpal\/\",\"https:\/\/www.youtube.com\/@TalkPal\/\",\"https:\/\/www.tiktok.com\/@talkpal\",\"https:\/\/www.instagram.com\/talkpal_ai\/\",\"https:\/\/www.crunchbase.com\/organization\/talkpal-9cde\",\"https:\/\/www.g2.com\/products\/talkpal-for-business\/\",\"https:\/\/www.trustpilot.com\/review\/talkpal.ai\",\"https:\/\/www.capterra.com\/p\/10006800\/TalkPal\/\"],\"description\":\"Talkpal is a language learning web and mobile education app, powered by the latest AI technologies, that provides engaging experiences to its customers in many different languages to help them improve their language skills. Users can chat about unlimited amount of topics with the app and use other modes to practice their language learning.\",\"email\":\"support@talkpal.ai\",\"legalName\":\"Talkpal, Inc.\",\"foundingDate\":\"2023-04-03\",\"duns\":\"118989042\",\"numberOfEmployees\":{\"@type\":\"QuantitativeValue\",\"minValue\":\"11\",\"maxValue\":\"50\"},\"publishingPrinciples\":\"https:\/\/talkpal.ai\/publishing-principles\/\",\"actionableFeedbackPolicy\":\"https:\/\/talkpal.ai\/actionable-feedback-policy\/\",\"correctionsPolicy\":\"https:\/\/talkpal.ai\/corrections-policy\/\",\"ethicsPolicy\":\"https:\/\/talkpal.ai\/ethics-policy\/\",\"diversityPolicy\":\"https:\/\/talkpal.ai\/diversity-policy\/\",\"diversityStaffingReport\":\"https:\/\/talkpal.ai\/diversity-policy\/\"}]}<\/script>\n<!-- \/ Yoast SEO Premium plugin. -->","yoast_head_json":{"title":"Islannin kielioppi - Talkpal","description":"Opi islannin kielioppi selke\u00e4sti - ymm\u00e4rr\u00e4 keskeiset kielioppis\u00e4\u00e4nn\u00f6t, muodosta oikeita lauseita ja lis\u00e4\u00e4 itsevarmuutta nopeasti k\u00e4ytt\u00e4m\u00e4ll\u00e4 Talkpalteko\u00e4lyn oppitunneilla.","robots":{"index":"index","follow":"follow","max-snippet":"max-snippet:-1","max-image-preview":"max-image-preview:large","max-video-preview":"max-video-preview:-1"},"canonical":"https:\/\/talkpal.ai\/fi\/islannin-kielioppi\/","og_locale":"fi_FI","og_type":"article","og_title":"Islannin kielioppi","og_description":"Islannin kieliopin taika: viikinkikielen salaisuuksien avaaminen Johdanto: Islanti, tulen ja j\u00e4\u00e4n maa Islannin kieli, jota Islannin upean saarivaltion","og_url":"https:\/\/talkpal.ai\/fi\/islannin-kielioppi\/","og_site_name":"Talkpal","article_publisher":"https:\/\/www.facebook.com\/profile.php?id=100090733639311","article_modified_time":"2025-12-12T10:40:49+00:00","og_image":[{"width":512,"height":512,"url":"https:\/\/talkpal.ai\/wp-content\/uploads\/2023\/05\/iceland.png","type":"image\/png"}],"twitter_card":"summary_large_image","twitter_site":"@talkpalai","twitter_misc":{"Arvioitu lukuaika":"2 minuuttia"},"schema":{"@context":"https:\/\/schema.org","@graph":[{"@type":"WebPage","@id":"https:\/\/talkpal.ai\/fi\/islannin-kielioppi\/","url":"https:\/\/talkpal.ai\/fi\/islannin-kielioppi\/","name":"Islannin kielioppi - Talkpal","isPartOf":{"@id":"https:\/\/talkpal.ai\/fi\/#website"},"primaryImageOfPage":{"@id":"https:\/\/talkpal.ai\/fi\/islannin-kielioppi\/#primaryimage"},"image":{"@id":"https:\/\/talkpal.ai\/fi\/islannin-kielioppi\/#primaryimage"},"thumbnailUrl":"https:\/\/talkpal.ai\/wp-content\/uploads\/2023\/05\/iceland.png","datePublished":"2023-05-14T14:09:11+00:00","dateModified":"2025-12-12T10:40:49+00:00","description":"Opi islannin kielioppi selke\u00e4sti - ymm\u00e4rr\u00e4 keskeiset kielioppis\u00e4\u00e4nn\u00f6t, muodosta oikeita lauseita ja lis\u00e4\u00e4 itsevarmuutta nopeasti k\u00e4ytt\u00e4m\u00e4ll\u00e4 Talkpalteko\u00e4lyn oppitunneilla.","breadcrumb":{"@id":"https:\/\/talkpal.ai\/fi\/islannin-kielioppi\/#breadcrumb"},"inLanguage":"fi","potentialAction":[{"@type":"ReadAction","target":["https:\/\/talkpal.ai\/fi\/islannin-kielioppi\/"]}]},{"@type":"ImageObject","inLanguage":"fi","@id":"https:\/\/talkpal.ai\/fi\/islannin-kielioppi\/#primaryimage","url":"https:\/\/talkpal.ai\/wp-content\/uploads\/2023\/05\/iceland.png","contentUrl":"https:\/\/talkpal.ai\/wp-content\/uploads\/2023\/05\/iceland.png","width":512,"height":512},{"@type":"BreadcrumbList","@id":"https:\/\/talkpal.ai\/fi\/islannin-kielioppi\/#breadcrumb","itemListElement":[{"@type":"ListItem","position":1,"name":"Homepage","item":"https:\/\/talkpal.ai\/fi\/"},{"@type":"ListItem","position":2,"name":"Islannin kielioppi"}]},{"@type":"WebSite","@id":"https:\/\/talkpal.ai\/fi\/#website","url":"https:\/\/talkpal.ai\/fi\/","name":"Talkpal","description":"AI Language Learning","publisher":{"@id":"https:\/\/talkpal.ai\/fi\/#organization"},"alternateName":"Talkpal AI","potentialAction":[{"@type":"SearchAction","target":{"@type":"EntryPoint","urlTemplate":"https:\/\/talkpal.ai\/fi\/?s={search_term_string}"},"query-input":{"@type":"PropertyValueSpecification","valueRequired":true,"valueName":"search_term_string"}}],"inLanguage":"fi"},{"@type":"Organization","@id":"https:\/\/talkpal.ai\/fi\/#organization","name":"Talkpal, Inc.","alternateName":"Talkpal AI","url":"https:\/\/talkpal.ai\/fi\/","logo":{"@type":"ImageObject","inLanguage":"fi","@id":"https:\/\/talkpal.ai\/fi\/#\/schema\/logo\/image\/","url":"https:\/\/talkpal.ai\/wp-content\/uploads\/2024\/03\/Talkpal-Logo-Icon.png","contentUrl":"https:\/\/talkpal.ai\/wp-content\/uploads\/2024\/03\/Talkpal-Logo-Icon.png","width":2880,"height":2880,"caption":"Talkpal, Inc."},"image":{"@id":"https:\/\/talkpal.ai\/fi\/#\/schema\/logo\/image\/"},"sameAs":["https:\/\/www.facebook.com\/profile.php?id=100090733639311","https:\/\/x.com\/talkpalai","https:\/\/www.linkedin.com\/company\/talkpal\/","https:\/\/www.youtube.com\/@TalkPal\/","https:\/\/www.tiktok.com\/@talkpal","https:\/\/www.instagram.com\/talkpal_ai\/","https:\/\/www.crunchbase.com\/organization\/talkpal-9cde","https:\/\/www.g2.com\/products\/talkpal-for-business\/","https:\/\/www.trustpilot.com\/review\/talkpal.ai","https:\/\/www.capterra.com\/p\/10006800\/TalkPal\/"],"description":"Talkpal is a language learning web and mobile education app, powered by the latest AI technologies, that provides engaging experiences to its customers in many different languages to help them improve their language skills. Users can chat about unlimited amount of topics with the app and use other modes to practice their language learning.","email":"support@talkpal.ai","legalName":"Talkpal, Inc.","foundingDate":"2023-04-03","duns":"118989042","numberOfEmployees":{"@type":"QuantitativeValue","minValue":"11","maxValue":"50"},"publishingPrinciples":"https:\/\/talkpal.ai\/publishing-principles\/","actionableFeedbackPolicy":"https:\/\/talkpal.ai\/actionable-feedback-policy\/","correctionsPolicy":"https:\/\/talkpal.ai\/corrections-policy\/","ethicsPolicy":"https:\/\/talkpal.ai\/ethics-policy\/","diversityPolicy":"https:\/\/talkpal.ai\/diversity-policy\/","diversityStaffingReport":"https:\/\/talkpal.ai\/diversity-policy\/"}]}},"_links":{"self":[{"href":"https:\/\/talkpal.ai\/fi\/wp-json\/wp\/v2\/pages\/144865","targetHints":{"allow":["GET"]}}],"collection":[{"href":"https:\/\/talkpal.ai\/fi\/wp-json\/wp\/v2\/pages"}],"about":[{"href":"https:\/\/talkpal.ai\/fi\/wp-json\/wp\/v2\/types\/page"}],"author":[{"embeddable":true,"href":"https:\/\/talkpal.ai\/fi\/wp-json\/wp\/v2\/users\/1"}],"replies":[{"embeddable":true,"href":"https:\/\/talkpal.ai\/fi\/wp-json\/wp\/v2\/comments?post=144865"}],"version-history":[{"count":0,"href":"https:\/\/talkpal.ai\/fi\/wp-json\/wp\/v2\/pages\/144865\/revisions"}],"wp:featuredmedia":[{"embeddable":true,"href":"https:\/\/talkpal.ai\/fi\/wp-json\/wp\/v2\/media\/28363"}],"wp:attachment":[{"href":"https:\/\/talkpal.ai\/fi\/wp-json\/wp\/v2\/media?parent=144865"}],"curies":[{"name":"wp","href":"https:\/\/api.w.org\/{rel}","templated":true}]}}