{"id":144553,"date":"2023-05-14T14:08:53","date_gmt":"2023-05-14T14:08:53","guid":{"rendered":"http:\/\/talkpal.ai\/unkarin-kielioppi\/"},"modified":"2025-12-12T10:48:40","modified_gmt":"2025-12-12T10:48:40","slug":"unkarin-kielioppi","status":"publish","type":"page","link":"https:\/\/talkpal.ai\/fi\/unkarin-kielioppi\/","title":{"rendered":"Unkarin kielioppi"},"content":{"rendered":"\r\n\r\n\r\n<section class=\"languageChallengeSection\">\r\n    <div class=\"languageInfoWrapper\">\r\n        \r\n        <h1>Unkarin kielioppi<\/h1>\r\n        <p>Oletko valmis ottamaan vastaan todella ainutlaatuisen kielihaasteen? Sukella unkarin kielioppiin ja paljasta sen merkitt\u00e4v\u00e4t piirteet. Aloita oppiminen jo t\u00e4n\u00e4\u00e4n ja huomaa, miten unkarin kieliopin hallinta avaa ovia merkityksellisiin keskusteluihin ja Unkarin rikkaan kieliperinn\u00f6n syv\u00e4lliseen arvostukseen!<\/p>\r\n\r\n                            <a class=\"getStartedHidden\" href=\"https:\/\/app.talkpal.ai\/fi\/signup?lng=\">Aloita<\/a>\r\n        \r\n    <\/div>\r\n\r\n    <figure>\r\n    <img decoding=\"async\" width=\"768\" height=\"768\" src=\"https:\/\/talkpal.ai\/wp-content\/uploads\/2023\/06\/hungarian-768x768.png\" class=\"languageImage no-lazy\" alt=\"Default alt text\" fetchpriority=\"high\" sizes=\"(max-width: 768px) 150px, 768px\" srcset=\"https:\/\/talkpal.ai\/wp-content\/uploads\/2023\/06\/hungarian-768x768.png 768w, https:\/\/talkpal.ai\/wp-content\/uploads\/2023\/06\/hungarian-300x300.png 300w\" \/>\r\n    \r\n\r\n    <\/figure>\r\n\r\n            <a class=\"getStartedVisible\" href=\"https:\/\/app.talkpal.ai\/fi\/signup?lng=\">Aloita<\/a>\r\n    \r\n<\/section>\r\n        <section class=\"grammarSection\">\r\n            <div class=\"grammarLinks\">\r\n                <a href=\"https:\/\/talkpal.ai\/fi\/language\/adjektiivit-unkarin-kielioppi\/\">Adjektiivit <\/a><a href=\"https:\/\/talkpal.ai\/fi\/language\/adverbit-unkarin-kielioppi\/\">Adverbit <\/a><a href=\"https:\/\/talkpal.ai\/fi\/language\/aikamuodot-unkarin-kielioppi\/\">Aikamuodot <\/a><a href=\"https:\/\/talkpal.ai\/fi\/language\/aikamuotojen-vertailu-unkarin-kielioppi\/\">Aikamuotojen vertailu <\/a><a href=\"https:\/\/talkpal.ai\/fi\/language\/artikkelit-unkarin-kielioppi\/\">Artikkelit <\/a><a href=\"https:\/\/talkpal.ai\/fi\/language\/konditionaalit-unkarin-kielioppi\/\">Konditionaalit <\/a><a href=\"https:\/\/talkpal.ai\/fi\/language\/lauseet-unkarin-kielioppi\/\">Lauseet <\/a><a href=\"https:\/\/talkpal.ai\/fi\/language\/prepositiot-unkarin-kielioppi\/\">Prepositiot <\/a><a href=\"https:\/\/talkpal.ai\/fi\/language\/progressiivinen-unkarin-kielioppi\/\">Progressiivinen <\/a><a href=\"https:\/\/talkpal.ai\/fi\/language\/pronominit-determinerit-unkarin-kielioppi\/\">Pronominit\/Determinerit <\/a><a href=\"https:\/\/talkpal.ai\/fi\/language\/substantiivit-unkarin-kielioppi\/\">Substantiivit <\/a><a href=\"https:\/\/talkpal.ai\/fi\/language\/taydellinen-progressiivinen-unkarin-kielioppi\/\">T\u00e4ydellinen progressiivinen <\/a><a href=\"https:\/\/talkpal.ai\/fi\/language\/verbit-unkarin-kielioppi\/\">Verbit <\/a>            <\/div>\r\n        <\/section>\r\n    <section class=\"promotionalBanner\">\r\n    <p class=\"promotionalText\">Tehokkain tapa oppia kielt\u00e4<\/p>\r\n    <a class=\"promotionalLink\" href=\"https:\/\/app.talkpal.ai\/fi\/signup?lng=\">Kokeile Talkpal ilmaiseksi<\/a>\r\n<\/section>\n<div class=\"wp-block-group pageContainerStyle\"><div class=\"wp-block-group__inner-container is-layout-constrained wp-block-group-is-layout-constrained\">\n<h2 class=\"wp-block-heading\" id=\"h-title-unlocking-the-secrets-of-hungarian-grammar\">Otsikko: Unkarin kieliopin salaisuuksien avaaminen<\/h2>\n\n\n\n<p><a href=\"https:\/\/talkpal.ai\/learn-hungarian\/\">Unkari<\/a>, suomalais-ugrilainen kieli, erottuu ainutlaatuisella kielioppij\u00e4rjestelm\u00e4ll\u00e4\u00e4n, mik\u00e4 tekee siit\u00e4 kiehtovan haasteen kielten harrastajille. Unkarin oppiminen ei ainoastaan laajenna kielitaitoasi, vaan antaa sinulle my\u00f6s mahdollisuuden syventy\u00e4 Unkarin kiehtovaan kulttuuriin ja historiaan. Vaikka <a href=\"https:\/\/talkpal.ai\/fi\/grammar\/vertaamalla-nykyaikaa-unkarin-kielioppi\/\">unkarin kielioppi<\/a> saattaa aluksi tuntua pelottavalta, sen jakaminen hallittaviin osiin tekee oppimisprosessista helpommin l\u00e4hestytt\u00e4v\u00e4n. T\u00e4ss\u00e4 artikkelissa esittelemme sinulle unkarin kieliopin kiehtovan maailman ja annamme ohjeita sen monimutkaisuuden hallintaan.<\/p>\n\n\n\n<h3 class=\"wp-block-heading\" id=\"h-1-word-order-a-flexible-feature\">1. Sanaj\u00e4rjestys: joustava ominaisuus<\/h3>\n\n\n\n<p>Toisin kuin monilla muilla kielill\u00e4, unkarilla on suhteellisen joustava sanaj\u00e4rjestys. Vaikka tyypillinen unkarilainen lause noudattaa subjekti-verbiobjekti (SVO) -mallia, my\u00f6s muut sanaj\u00e4rjestykset ovat yleisi\u00e4 ja niit\u00e4 k\u00e4ytet\u00e4\u00e4n korostamaan lauseen eri osia. N\u00e4ihin muunnelmiin tutustuminen auttaa sinua ymm\u00e4rt\u00e4m\u00e4\u00e4n ja rakentamaan unkarilaisia lauseita tehokkaammin.<\/p>\n\n\n\n<h3 class=\"wp-block-heading\" id=\"h-2-nouns-and-cases-the-role-of-suffixes\">2. Substantiivit ja tapaukset: j\u00e4lkiliitteiden rooli<\/h3>\n\n\n\n<p>Unkarilaisilla substantiiveilla ei ole kieliopillista sukupuolta, mik\u00e4 yksinkertaistaa lauseen rakentamista. Substantiivit ja muut puheen osat unkarin kieliopissa k\u00e4ytt\u00e4v\u00e4t kuitenkin lukuisia j\u00e4lkiliitteit\u00e4 osoittamaan tapauksia, hallussapitoa ja monikkoa. N\u00e4iden j\u00e4lkiliitteiden ja niiden k\u00e4yt\u00f6n oppiminen parantaa huomattavasti kyky\u00e4si kommunikoida unkariksi.<\/p>\n\n\n\n<p>Esimerkkej\u00e4:<\/p>\n\n\n\n<p><strong>&#8211; h\u00e1z (talo) &#8211; h\u00e1zak (talot)<\/strong><\/p>\n\n\n\n<p><strong>&#8211; h\u00e1zban (talossa) &#8211; h\u00e1zakban (taloissa)<\/strong><\/p>\n\n\n\n<h3 class=\"wp-block-heading\" id=\"h-3-verbs-conjugation-and-tense\">3. Verbit: taivutus ja j\u00e4nnitys<\/h3>\n\n\n\n<p>Unkarin verbit taivutetaan aikamuodon, mielialan, aiheen ja tarkkuuden mukaan. Vaikka unkarissa on useita aikamuotoja, kolmen p\u00e4\u00e4asiallista aikamuotoa &#8211; preesens, mennyt ja tuleva &#8211; on hyv\u00e4 l\u00e4ht\u00f6kohta. Tutustu tavallisiin verbitaivutusmalleihin ja opettele yleisi\u00e4 ep\u00e4s\u00e4\u00e4nn\u00f6llisi\u00e4 verbej\u00e4 parantaaksesi verbaalisia viestint\u00e4taitojasi.<\/p>\n\n\n\n<h3 class=\"wp-block-heading\" id=\"h-4-adjectives-agreement-and-placement\">4. Adjektiivit: sopimus ja sijoitus<\/h3>\n\n\n\n<p>Unkarin kieliopissa adjektiivien on oltava sopusoinnussa sen substantiivin kanssa, jota ne muuttavat lukum\u00e4\u00e4r\u00e4n suhteen (yksikk\u00f6 <a href=\"https:\/\/talkpal.ai\/learn-thai\/\">tai<\/a> monikko). Adjektiivien ei kuitenkaan tarvitse vastata kieliopillisen tapauksen substantiivia. Adjektiivit edelt\u00e4v\u00e4t yleens\u00e4 substantiivia ja tarjoavat lauseelle kuvaavan kontekstin.<\/p>\n\n\n\n<p>Esimerkkej\u00e4:<\/p>\n\n\n\n<p><strong>&#8211; piros alma (punainen omena)<\/strong><\/p>\n\n\n\n<p><strong>&#8211; kaunis kukat (kauniit kukat)<\/strong><\/p>\n\n\n\n<h3 class=\"wp-block-heading\" id=\"h-5-vowel-harmony-a-unique-feature\">5. Vokaaliharmonia: ainutlaatuinen ominaisuus<\/h3>\n\n\n\n<p>Unkarin kieliopin erottuva piirre on vokaaliharmonia, johon liittyy vokaalien sopiminen sanoissa. Vokaaliharmonia vaikuttaa tapaan, jolla suffiksit muodostetaan ja liitet\u00e4\u00e4n sanoihin. Vokaaliharmonian ymm\u00e4rt\u00e4minen ja harjoittaminen tekee kirjoitetusta ja puhutusta unkarista tarkemman ja luonnollisemman.<\/p>\n\n\n\n<h3 class=\"wp-block-heading\" id=\"h-6-engaging-with-the-language\">6. Sitoutuminen kieleen<\/h3>\n\n\n\n<p>Tehokkain tapa ymm\u00e4rt\u00e4\u00e4 ja sis\u00e4ist\u00e4\u00e4 unkarin kielioppi on olla johdonmukaisesti tekemisiss\u00e4 kielen kanssa. Lukemalla unkarilaista kirjallisuutta, katsomalla syntyper\u00e4isi\u00e4 elokuvia tai keskustelemalla aktiivisesti \u00e4idinkielen\u00e4\u00e4n puhuvien kanssa vahvistat ymm\u00e4rryst\u00e4si kieliopista ja laajennat sanastoasi samanaikaisesti.<\/p>\n\n\n\n<h3 class=\"wp-block-heading\" id=\"h-conclusion\">P\u00e4\u00e4telm\u00e4<\/h3>\n\n\n\n<p>Vaikka unkarin kielioppi saattaa vaikuttaa monimutkaiselta, sen l\u00e4hestyminen askel askeleelta ja johdonmukainen harjoittelu auttavat sinua hallitsemaan t\u00e4t\u00e4 kiehtovaa kielt\u00e4. Ota haaste vastaan, kun aloitat unkarin kielen matkasi, ja huomaat pian hallitsevasi kieliopin kiemurat. Hyv\u00e4\u00e4 opiskelua ja nauti unkarin kieliopin ihmeiden tutkimisesta!<\/p>\n<\/div><\/div>\n\r\n<section class=\"learnNavigationSection\">\r\n            \r\n        <a href=\"https:\/\/talkpal.ai\/fi\/opi-unkaria\/\">\r\n            <div class=\"learnNavigationWrapper\">\r\n                <div class=\"learnNavigationContent\">\r\n                    <img decoding=\"async\" src=\"https:\/\/talkpal.ai\/wp-content\/uploads\/2024\/08\/Hungarian.jpg\" alt=\"Hungarian Flag\">\r\n                    <div>\r\n                        <h4>Tietoja unkarilaisesta oppimisesta<\/h4>\r\n                        <p>Tutustu unkarin kielioppiin.<\/p>\r\n                    <\/div>\r\n                <\/div>\r\n            <\/div>\r\n        <\/a>\r\n\r\n        \r\n        <a href=\"https:\/\/talkpal.ai\/fi\/unkarin-kielioppiharjoitukset\/\">\r\n            <div class=\"learnNavigationWrapper\">\r\n                <div class=\"learnNavigationContent\">\r\n                    <img decoding=\"async\" src=\"https:\/\/talkpal.ai\/wp-content\/uploads\/2024\/08\/Hungarian.jpg\" alt=\"Hungarian Flag\">\r\n                    <div>\r\n                        <h4>Unkarin kielioppiharjoitus<\/h4>\r\n                        <p>Harjoittele unkarin kielioppia.<\/p>\r\n                    <\/div>\r\n                <\/div>\r\n            <\/div>\r\n        <\/a>\r\n\r\n        \r\n        <a href=\"https:\/\/talkpal.ai\/vocabulary_language\/hungarian\/\">\r\n            <div class=\"learnNavigationWrapper\">\r\n                <div class=\"learnNavigationContent\">\r\n                    <img decoding=\"async\" src=\"https:\/\/talkpal.ai\/wp-content\/uploads\/2024\/08\/Hungarian.jpg\" alt=\"Hungarian Flag\">\r\n                    <div>\r\n                        <h4>Unkarin sanastoa<\/h4>\r\n                        <p>Laajenna unkarilaista sanavarastoasi.<\/p>\r\n                    <\/div>\r\n                <\/div>\r\n            <\/div>\r\n        <\/a>\r\n\r\n            <\/section>","protected":false},"excerpt":{"rendered":"<p>Otsikko: Unkarin kieliopin salaisuuksien avaaminen Unkari, suomalais-ugrilainen kieli, erottuu ainutlaatuisella kielioppij\u00e4rjestelm\u00e4ll\u00e4\u00e4n, mik\u00e4 tekee siit\u00e4 kiehtovan haasteen kielten harrastajille. Unkarin oppiminen ei ainoastaan laajenna kielitaitoasi, vaan antaa sinulle my\u00f6s mahdollisuuden syventy\u00e4 Unkarin kiehtovaan kulttuuriin ja historiaan. Vaikka unkarin kielioppi saattaa aluksi tuntua pelottavalta, sen jakaminen hallittaviin osiin tekee oppimisprosessista helpommin l\u00e4hestytt\u00e4v\u00e4n. T\u00e4ss\u00e4 artikkelissa esittelemme sinulle unkarin [&hellip;]<\/p>\n","protected":false},"author":1,"featured_media":28347,"parent":0,"menu_order":0,"comment_status":"closed","ping_status":"closed","template":"LearningContentPage.php","meta":{"_acf_changed":false,"footnotes":""},"class_list":["post-144553","page","type-page","status-publish","has-post-thumbnail","hentry"],"acf":[],"yoast_head":"<!-- This site is optimized with the Yoast SEO Premium plugin v27.2 (Yoast SEO v27.2) - https:\/\/yoast.com\/product\/yoast-seo-premium-wordpress\/ -->\n<title>Unkarin kielioppi - Talkpal<\/title>\n<meta name=\"description\" content=\"Hallitse unkarin kielioppi - opettele kielioppis\u00e4\u00e4nt\u00f6j\u00e4 ja harjoittele lauseiden muodostamista. Saat hy\u00f6dyllist\u00e4 opastusta Talkpal AI.\" \/>\n<meta name=\"robots\" content=\"index, follow, max-snippet:-1, max-image-preview:large, max-video-preview:-1\" \/>\n<link rel=\"canonical\" href=\"https:\/\/talkpal.ai\/fi\/unkarin-kielioppi\/\" \/>\n<meta property=\"og:locale\" content=\"fi_FI\" \/>\n<meta property=\"og:type\" content=\"article\" \/>\n<meta property=\"og:title\" content=\"Unkarin kielioppi\" \/>\n<meta property=\"og:description\" content=\"Otsikko: Unkarin kieliopin salaisuuksien avaaminen Unkari, suomalais-ugrilainen kieli, erottuu ainutlaatuisella kielioppij\u00e4rjestelm\u00e4ll\u00e4\u00e4n, mik\u00e4 tekee\" \/>\n<meta property=\"og:url\" content=\"https:\/\/talkpal.ai\/fi\/unkarin-kielioppi\/\" \/>\n<meta property=\"og:site_name\" content=\"Talkpal\" \/>\n<meta property=\"article:publisher\" content=\"https:\/\/www.facebook.com\/profile.php?id=100090733639311\" \/>\n<meta property=\"article:modified_time\" content=\"2025-12-12T10:48:40+00:00\" \/>\n<meta property=\"og:image\" content=\"https:\/\/talkpal.ai\/wp-content\/uploads\/2023\/05\/Hungarian.png\" \/>\n\t<meta property=\"og:image:width\" content=\"512\" \/>\n\t<meta property=\"og:image:height\" content=\"512\" \/>\n\t<meta property=\"og:image:type\" content=\"image\/png\" \/>\n<meta name=\"twitter:card\" content=\"summary_large_image\" \/>\n<meta name=\"twitter:site\" content=\"@talkpalai\" \/>\n<meta name=\"twitter:label1\" content=\"Arvioitu lukuaika\" \/>\n\t<meta name=\"twitter:data1\" content=\"2 minuuttia\" \/>\n<script type=\"application\/ld+json\" class=\"yoast-schema-graph\">{\"@context\":\"https:\/\/schema.org\",\"@graph\":[{\"@type\":\"WebPage\",\"@id\":\"https:\/\/talkpal.ai\/fi\/unkarin-kielioppi\/\",\"url\":\"https:\/\/talkpal.ai\/fi\/unkarin-kielioppi\/\",\"name\":\"Unkarin kielioppi - Talkpal\",\"isPartOf\":{\"@id\":\"https:\/\/talkpal.ai\/fi\/#website\"},\"primaryImageOfPage\":{\"@id\":\"https:\/\/talkpal.ai\/fi\/unkarin-kielioppi\/#primaryimage\"},\"image\":{\"@id\":\"https:\/\/talkpal.ai\/fi\/unkarin-kielioppi\/#primaryimage\"},\"thumbnailUrl\":\"https:\/\/talkpal.ai\/wp-content\/uploads\/2023\/05\/Hungarian.png\",\"datePublished\":\"2023-05-14T14:08:53+00:00\",\"dateModified\":\"2025-12-12T10:48:40+00:00\",\"description\":\"Hallitse unkarin kielioppi - opettele kielioppis\u00e4\u00e4nt\u00f6j\u00e4 ja harjoittele lauseiden muodostamista. Saat hy\u00f6dyllist\u00e4 opastusta Talkpal AI.\",\"breadcrumb\":{\"@id\":\"https:\/\/talkpal.ai\/fi\/unkarin-kielioppi\/#breadcrumb\"},\"inLanguage\":\"fi\",\"potentialAction\":[{\"@type\":\"ReadAction\",\"target\":[\"https:\/\/talkpal.ai\/fi\/unkarin-kielioppi\/\"]}]},{\"@type\":\"ImageObject\",\"inLanguage\":\"fi\",\"@id\":\"https:\/\/talkpal.ai\/fi\/unkarin-kielioppi\/#primaryimage\",\"url\":\"https:\/\/talkpal.ai\/wp-content\/uploads\/2023\/05\/Hungarian.png\",\"contentUrl\":\"https:\/\/talkpal.ai\/wp-content\/uploads\/2023\/05\/Hungarian.png\",\"width\":512,\"height\":512},{\"@type\":\"BreadcrumbList\",\"@id\":\"https:\/\/talkpal.ai\/fi\/unkarin-kielioppi\/#breadcrumb\",\"itemListElement\":[{\"@type\":\"ListItem\",\"position\":1,\"name\":\"Homepage\",\"item\":\"https:\/\/talkpal.ai\/fi\/\"},{\"@type\":\"ListItem\",\"position\":2,\"name\":\"Unkarin kielioppi\"}]},{\"@type\":\"WebSite\",\"@id\":\"https:\/\/talkpal.ai\/fi\/#website\",\"url\":\"https:\/\/talkpal.ai\/fi\/\",\"name\":\"Talkpal\",\"description\":\"AI Language Learning\",\"publisher\":{\"@id\":\"https:\/\/talkpal.ai\/fi\/#organization\"},\"alternateName\":\"Talkpal AI\",\"potentialAction\":[{\"@type\":\"SearchAction\",\"target\":{\"@type\":\"EntryPoint\",\"urlTemplate\":\"https:\/\/talkpal.ai\/fi\/?s={search_term_string}\"},\"query-input\":{\"@type\":\"PropertyValueSpecification\",\"valueRequired\":true,\"valueName\":\"search_term_string\"}}],\"inLanguage\":\"fi\"},{\"@type\":\"Organization\",\"@id\":\"https:\/\/talkpal.ai\/fi\/#organization\",\"name\":\"Talkpal, Inc.\",\"alternateName\":\"Talkpal AI\",\"url\":\"https:\/\/talkpal.ai\/fi\/\",\"logo\":{\"@type\":\"ImageObject\",\"inLanguage\":\"fi\",\"@id\":\"https:\/\/talkpal.ai\/fi\/#\/schema\/logo\/image\/\",\"url\":\"https:\/\/talkpal.ai\/wp-content\/uploads\/2024\/03\/Talkpal-Logo-Icon.png\",\"contentUrl\":\"https:\/\/talkpal.ai\/wp-content\/uploads\/2024\/03\/Talkpal-Logo-Icon.png\",\"width\":2880,\"height\":2880,\"caption\":\"Talkpal, Inc.\"},\"image\":{\"@id\":\"https:\/\/talkpal.ai\/fi\/#\/schema\/logo\/image\/\"},\"sameAs\":[\"https:\/\/www.facebook.com\/profile.php?id=100090733639311\",\"https:\/\/x.com\/talkpalai\",\"https:\/\/www.linkedin.com\/company\/talkpal\/\",\"https:\/\/www.youtube.com\/@TalkPal\/\",\"https:\/\/www.tiktok.com\/@talkpal\",\"https:\/\/www.instagram.com\/talkpal_ai\/\",\"https:\/\/www.crunchbase.com\/organization\/talkpal-9cde\",\"https:\/\/www.g2.com\/products\/talkpal-for-business\/\",\"https:\/\/www.trustpilot.com\/review\/talkpal.ai\",\"https:\/\/www.capterra.com\/p\/10006800\/TalkPal\/\"],\"description\":\"Talkpal is a language learning web and mobile education app, powered by the latest AI technologies, that provides engaging experiences to its customers in many different languages to help them improve their language skills. Users can chat about unlimited amount of topics with the app and use other modes to practice their language learning.\",\"email\":\"support@talkpal.ai\",\"legalName\":\"Talkpal, Inc.\",\"foundingDate\":\"2023-04-03\",\"duns\":\"118989042\",\"numberOfEmployees\":{\"@type\":\"QuantitativeValue\",\"minValue\":\"11\",\"maxValue\":\"50\"},\"publishingPrinciples\":\"https:\/\/talkpal.ai\/publishing-principles\/\",\"actionableFeedbackPolicy\":\"https:\/\/talkpal.ai\/actionable-feedback-policy\/\",\"correctionsPolicy\":\"https:\/\/talkpal.ai\/corrections-policy\/\",\"ethicsPolicy\":\"https:\/\/talkpal.ai\/ethics-policy\/\",\"diversityPolicy\":\"https:\/\/talkpal.ai\/diversity-policy\/\",\"diversityStaffingReport\":\"https:\/\/talkpal.ai\/diversity-policy\/\"}]}<\/script>\n<!-- \/ Yoast SEO Premium plugin. -->","yoast_head_json":{"title":"Unkarin kielioppi - Talkpal","description":"Hallitse unkarin kielioppi - opettele kielioppis\u00e4\u00e4nt\u00f6j\u00e4 ja harjoittele lauseiden muodostamista. Saat hy\u00f6dyllist\u00e4 opastusta Talkpal AI.","robots":{"index":"index","follow":"follow","max-snippet":"max-snippet:-1","max-image-preview":"max-image-preview:large","max-video-preview":"max-video-preview:-1"},"canonical":"https:\/\/talkpal.ai\/fi\/unkarin-kielioppi\/","og_locale":"fi_FI","og_type":"article","og_title":"Unkarin kielioppi","og_description":"Otsikko: Unkarin kieliopin salaisuuksien avaaminen Unkari, suomalais-ugrilainen kieli, erottuu ainutlaatuisella kielioppij\u00e4rjestelm\u00e4ll\u00e4\u00e4n, mik\u00e4 tekee","og_url":"https:\/\/talkpal.ai\/fi\/unkarin-kielioppi\/","og_site_name":"Talkpal","article_publisher":"https:\/\/www.facebook.com\/profile.php?id=100090733639311","article_modified_time":"2025-12-12T10:48:40+00:00","og_image":[{"width":512,"height":512,"url":"https:\/\/talkpal.ai\/wp-content\/uploads\/2023\/05\/Hungarian.png","type":"image\/png"}],"twitter_card":"summary_large_image","twitter_site":"@talkpalai","twitter_misc":{"Arvioitu lukuaika":"2 minuuttia"},"schema":{"@context":"https:\/\/schema.org","@graph":[{"@type":"WebPage","@id":"https:\/\/talkpal.ai\/fi\/unkarin-kielioppi\/","url":"https:\/\/talkpal.ai\/fi\/unkarin-kielioppi\/","name":"Unkarin kielioppi - Talkpal","isPartOf":{"@id":"https:\/\/talkpal.ai\/fi\/#website"},"primaryImageOfPage":{"@id":"https:\/\/talkpal.ai\/fi\/unkarin-kielioppi\/#primaryimage"},"image":{"@id":"https:\/\/talkpal.ai\/fi\/unkarin-kielioppi\/#primaryimage"},"thumbnailUrl":"https:\/\/talkpal.ai\/wp-content\/uploads\/2023\/05\/Hungarian.png","datePublished":"2023-05-14T14:08:53+00:00","dateModified":"2025-12-12T10:48:40+00:00","description":"Hallitse unkarin kielioppi - opettele kielioppis\u00e4\u00e4nt\u00f6j\u00e4 ja harjoittele lauseiden muodostamista. Saat hy\u00f6dyllist\u00e4 opastusta Talkpal AI.","breadcrumb":{"@id":"https:\/\/talkpal.ai\/fi\/unkarin-kielioppi\/#breadcrumb"},"inLanguage":"fi","potentialAction":[{"@type":"ReadAction","target":["https:\/\/talkpal.ai\/fi\/unkarin-kielioppi\/"]}]},{"@type":"ImageObject","inLanguage":"fi","@id":"https:\/\/talkpal.ai\/fi\/unkarin-kielioppi\/#primaryimage","url":"https:\/\/talkpal.ai\/wp-content\/uploads\/2023\/05\/Hungarian.png","contentUrl":"https:\/\/talkpal.ai\/wp-content\/uploads\/2023\/05\/Hungarian.png","width":512,"height":512},{"@type":"BreadcrumbList","@id":"https:\/\/talkpal.ai\/fi\/unkarin-kielioppi\/#breadcrumb","itemListElement":[{"@type":"ListItem","position":1,"name":"Homepage","item":"https:\/\/talkpal.ai\/fi\/"},{"@type":"ListItem","position":2,"name":"Unkarin kielioppi"}]},{"@type":"WebSite","@id":"https:\/\/talkpal.ai\/fi\/#website","url":"https:\/\/talkpal.ai\/fi\/","name":"Talkpal","description":"AI Language Learning","publisher":{"@id":"https:\/\/talkpal.ai\/fi\/#organization"},"alternateName":"Talkpal AI","potentialAction":[{"@type":"SearchAction","target":{"@type":"EntryPoint","urlTemplate":"https:\/\/talkpal.ai\/fi\/?s={search_term_string}"},"query-input":{"@type":"PropertyValueSpecification","valueRequired":true,"valueName":"search_term_string"}}],"inLanguage":"fi"},{"@type":"Organization","@id":"https:\/\/talkpal.ai\/fi\/#organization","name":"Talkpal, Inc.","alternateName":"Talkpal AI","url":"https:\/\/talkpal.ai\/fi\/","logo":{"@type":"ImageObject","inLanguage":"fi","@id":"https:\/\/talkpal.ai\/fi\/#\/schema\/logo\/image\/","url":"https:\/\/talkpal.ai\/wp-content\/uploads\/2024\/03\/Talkpal-Logo-Icon.png","contentUrl":"https:\/\/talkpal.ai\/wp-content\/uploads\/2024\/03\/Talkpal-Logo-Icon.png","width":2880,"height":2880,"caption":"Talkpal, Inc."},"image":{"@id":"https:\/\/talkpal.ai\/fi\/#\/schema\/logo\/image\/"},"sameAs":["https:\/\/www.facebook.com\/profile.php?id=100090733639311","https:\/\/x.com\/talkpalai","https:\/\/www.linkedin.com\/company\/talkpal\/","https:\/\/www.youtube.com\/@TalkPal\/","https:\/\/www.tiktok.com\/@talkpal","https:\/\/www.instagram.com\/talkpal_ai\/","https:\/\/www.crunchbase.com\/organization\/talkpal-9cde","https:\/\/www.g2.com\/products\/talkpal-for-business\/","https:\/\/www.trustpilot.com\/review\/talkpal.ai","https:\/\/www.capterra.com\/p\/10006800\/TalkPal\/"],"description":"Talkpal is a language learning web and mobile education app, powered by the latest AI technologies, that provides engaging experiences to its customers in many different languages to help them improve their language skills. Users can chat about unlimited amount of topics with the app and use other modes to practice their language learning.","email":"support@talkpal.ai","legalName":"Talkpal, Inc.","foundingDate":"2023-04-03","duns":"118989042","numberOfEmployees":{"@type":"QuantitativeValue","minValue":"11","maxValue":"50"},"publishingPrinciples":"https:\/\/talkpal.ai\/publishing-principles\/","actionableFeedbackPolicy":"https:\/\/talkpal.ai\/actionable-feedback-policy\/","correctionsPolicy":"https:\/\/talkpal.ai\/corrections-policy\/","ethicsPolicy":"https:\/\/talkpal.ai\/ethics-policy\/","diversityPolicy":"https:\/\/talkpal.ai\/diversity-policy\/","diversityStaffingReport":"https:\/\/talkpal.ai\/diversity-policy\/"}]}},"_links":{"self":[{"href":"https:\/\/talkpal.ai\/fi\/wp-json\/wp\/v2\/pages\/144553","targetHints":{"allow":["GET"]}}],"collection":[{"href":"https:\/\/talkpal.ai\/fi\/wp-json\/wp\/v2\/pages"}],"about":[{"href":"https:\/\/talkpal.ai\/fi\/wp-json\/wp\/v2\/types\/page"}],"author":[{"embeddable":true,"href":"https:\/\/talkpal.ai\/fi\/wp-json\/wp\/v2\/users\/1"}],"replies":[{"embeddable":true,"href":"https:\/\/talkpal.ai\/fi\/wp-json\/wp\/v2\/comments?post=144553"}],"version-history":[{"count":0,"href":"https:\/\/talkpal.ai\/fi\/wp-json\/wp\/v2\/pages\/144553\/revisions"}],"wp:featuredmedia":[{"embeddable":true,"href":"https:\/\/talkpal.ai\/fi\/wp-json\/wp\/v2\/media\/28347"}],"wp:attachment":[{"href":"https:\/\/talkpal.ai\/fi\/wp-json\/wp\/v2\/media?parent=144553"}],"curies":[{"name":"wp","href":"https:\/\/api.w.org\/{rel}","templated":true}]}}