{"id":144251,"date":"2023-05-14T14:04:48","date_gmt":"2023-05-14T14:04:48","guid":{"rendered":"http:\/\/talkpal.ai\/heprean-kielioppi\/"},"modified":"2025-12-13T15:39:57","modified_gmt":"2025-12-13T15:39:57","slug":"heprean-kielioppi","status":"publish","type":"page","link":"https:\/\/talkpal.ai\/fi\/heprean-kielioppi\/","title":{"rendered":"Heprean kielioppi"},"content":{"rendered":"\r\n\r\n\r\n<section class=\"languageChallengeSection\">\r\n    <div class=\"languageInfoWrapper\">\r\n        \r\n        <h1>Heprean kielioppi<\/h1>\r\n        <p>Opettele <a href=\"https:\/\/talkpal.ai\/fi\/grammar\/ehdoton-artikkeli-ha-heprean-kielioppissa\/\">heprean kielioppi<\/a> ja avaa t\u00e4m\u00e4n kielen salaisuudet, jolla on syv\u00e4t historialliset juuret ja nykyp\u00e4iv\u00e4n merkitys. Ota haaste vastaan ja tutustu elinvoimaiseen kulttuuriin heprean kieliopin kauneuden kautta!<\/p>\r\n\r\n                            <a class=\"getStartedHidden\" href=\"https:\/\/app.talkpal.ai\/fi\/signup?lng=\">Aloita<\/a>\r\n        \r\n    <\/div>\r\n\r\n    <figure>\r\n    <img decoding=\"async\" width=\"768\" height=\"768\" src=\"https:\/\/talkpal.ai\/wp-content\/uploads\/2023\/06\/hebrew-768x768.png\" class=\"languageImage no-lazy\" alt=\"Default alt text\" fetchpriority=\"high\" sizes=\"(max-width: 768px) 150px, 768px\" srcset=\"https:\/\/talkpal.ai\/wp-content\/uploads\/2023\/06\/hebrew-768x768.png 768w, https:\/\/talkpal.ai\/wp-content\/uploads\/2023\/06\/hebrew-300x300.png 300w\" \/>\r\n    \r\n\r\n    <\/figure>\r\n\r\n            <a class=\"getStartedVisible\" href=\"https:\/\/app.talkpal.ai\/fi\/signup?lng=\">Aloita<\/a>\r\n    \r\n<\/section>\r\n        <section class=\"grammarSection\">\r\n            <div class=\"grammarLinks\">\r\n                <a href=\"https:\/\/talkpal.ai\/fi\/language\/adjektiivit-heprean-kielioppi\/\">Adjektiivit <\/a><a href=\"https:\/\/talkpal.ai\/fi\/language\/adverbit-heprean-kielioppi\/\">Adverbit <\/a><a href=\"https:\/\/talkpal.ai\/fi\/language\/aikamuodot-heprean-kielioppi\/\">Aikamuodot <\/a><a href=\"https:\/\/talkpal.ai\/fi\/language\/aikamuotojen-vertailu-heprean-kielioppi\/\">Aikamuotojen vertailu <\/a><a href=\"https:\/\/talkpal.ai\/fi\/language\/artikkelit-heprean-kielioppi\/\">Artikkelit <\/a><a href=\"https:\/\/talkpal.ai\/fi\/language\/konditionaalit-heprean-kielioppi\/\">Konditionaalit <\/a><a href=\"https:\/\/talkpal.ai\/fi\/language\/lauseet-heprean-kielioppi\/\">Lauseet <\/a><a href=\"https:\/\/talkpal.ai\/fi\/language\/prepositiot-heprean-kielioppi\/\">Prepositiot <\/a><a href=\"https:\/\/talkpal.ai\/fi\/language\/progressiivinen-heprean-kielioppi\/\">Progressiivinen <\/a><a href=\"https:\/\/talkpal.ai\/fi\/language\/pronominit-determinerit-heprean-kielioppi\/\">Pronominit\/Determinerit <\/a><a href=\"https:\/\/talkpal.ai\/fi\/language\/substantiivit-heprean-kielioppi\/\">Substantiivit <\/a><a href=\"https:\/\/talkpal.ai\/fi\/language\/taydellinen-progressiivinen-heprean-kielioppi\/\">T\u00e4ydellinen progressiivinen <\/a><a href=\"https:\/\/talkpal.ai\/fi\/language\/verbit-heprean-kielioppi\/\">Verbit <\/a>            <\/div>\r\n        <\/section>\r\n    <section class=\"promotionalBanner\">\r\n    <p class=\"promotionalText\">Tehokkain tapa oppia kielt\u00e4<\/p>\r\n    <a class=\"promotionalLink\" href=\"https:\/\/app.talkpal.ai\/fi\/signup?lng=\">Kokeile Talkpal ilmaiseksi<\/a>\r\n<\/section>\n<div class=\"wp-block-group pageContainerStyle\"><div class=\"wp-block-group__inner-container is-layout-constrained wp-block-group-is-layout-constrained\">\n<h2 class=\"wp-block-heading\" id=\"h-mastering-hebrew-grammar-your-ultimate-guide\">Heprean kieliopin hallitseminen: perimm\u00e4inen opas<\/h2>\n\n\n\n<p>Shalom, kielten harrastajat! Oletko valmis sukeltamaan heprean kieliopin kiehtovaan maailmaan? Olet tullut oikeaan paikkaan. T\u00e4m\u00e4 artikkeli on t\u00e4ynn\u00e4 helposti ymm\u00e4rrett\u00e4v\u00e4\u00e4 tietoa ja keskustelus\u00e4vy\u00e4, ja se opastaa sinut heprean kieliopin lumoavan valtakunnan l\u00e4pi. Pian pystyt rakentamaan lauseita ja k\u00e4ym\u00e4\u00e4n mielekk\u00e4it\u00e4 keskusteluja \u00e4idinkielisten puhujien kanssa. Aloitetaan siis matkasi kohti heprean kieliopin hallintaa!<\/p>\n\n\n\n<p><strong>Mutta ensin, miksi heprean kielioppi?<\/strong><\/p>\n\n\n\n<p>Jos opettelet hepreaa, kieliopin vankka perusta on v\u00e4ltt\u00e4m\u00e4t\u00f6n, jotta voit puhua, lukea ja kirjoittaa sujuvasti. Vaikka heprean kielioppi voi aluksi vaikuttaa monimutkaiselta, siit\u00e4 tulee helpommin l\u00e4hestytt\u00e4v\u00e4\u00e4, kun se jaetaan pienempiin, helpommin hallittaviin osiin. L\u00e4hdet\u00e4\u00e4n siis t\u00e4lle j\u00e4nnitt\u00e4v\u00e4lle matkalle!<\/p>\n\n\n\n<h3 class=\"wp-block-heading\" id=\"h-1-nouns-gender-and-number\">1. Substantiivit, sukupuoli ja lukum\u00e4\u00e4r\u00e4<\/h3>\n\n\n\n<p>Heprean substantiiveilla on kaksi sukupuolta &#8211; maskuliininen ja feminiininen &#8211; ja ne voivat olla yksikk\u00f6 <a href=\"https:\/\/talkpal.ai\/learn-thai\/\">tai<\/a> monikko. Substantiivin sukupuolen tunnistaminen on perusta lauseen oikealle rakentamiselle, koska se vaikuttaa muihin sananosiin, kuten verbeihin ja adjektiiveihin.  <\/p>\n\n\n\n<p>Yleinen nyrkkis\u00e4\u00e4nt\u00f6: jos substantiivi p\u00e4\u00e4ttyy &#8221;\u05d4&#8221; (hey) tai &#8221;\u05ea&#8221; (tav), se on yleens\u00e4 feminiininen. Poikkeuksia on kuitenkin olemassa, joten substantiivien sukupuolien muistaminen sanaston oppimisen aikana on avainasemassa.<\/p>\n\n\n\n<p>Lis\u00e4ksi <a href=\"https:\/\/talkpal.ai\/fi\/grammar_exercises\/heprean-kieliopin-yleiset-ja-oikeat-substantiivit\/\">heprean substantiivit<\/a> ovat eri muodoissa lukum\u00e4\u00e4r\u00e4st\u00e4 riippuen. Monikolliset maskuliiniset substantiivit p\u00e4\u00e4ttyv\u00e4t yleens\u00e4 &#8221;\u05d9\u05dd&#8221; (yim), kun taas monikolliset feminiiniset substantiivit p\u00e4\u00e4ttyv\u00e4t &#8221;\u05d5\u05ea&#8221; (ot).<\/p>\n\n\n\n<h3 class=\"wp-block-heading\" id=\"h-2-adjectives-agreement-and-definite-articles\">2. Adjektiivit, yksimielisyys ja m\u00e4\u00e4r\u00e4iset artikkelit<\/h3>\n\n\n\n<p>Hepreankielisten adjektiivien on oltava sukupuoleltaan ja lukum\u00e4\u00e4r\u00e4lt\u00e4\u00e4n samat kuin substantiivi, jota ne muuttavat. Jos haluat tehd\u00e4 adjektiivista feminiinisen, lis\u00e4\u00e4 loppuun &#8221;\u05d4&#8221; (hei), jos siin\u00e4 ei viel\u00e4 ole sellaista. Jos haluat tehd\u00e4 adjektiivista monikon, noudata samaa periaatetta kuin substantiivien kohdalla: lis\u00e4\u00e4 &#8221;\u05d9\u05dd&#8221; maskuliiniseen muotoon ja &#8221;\u05d5\u05ea&#8221; feminiiniseen muotoon.<\/p>\n\n\n\n<p>Hepreankielinen m\u00e4\u00e4r\u00e4inen artikkeli &#8221;the&#8221; on &#8221;\u05d4&#8221; (hey), ja se lis\u00e4t\u00e4\u00e4n substantiivin tai adjektiivin etuliitteeksi. Esimerkiksi &#8221;\u05d4\u05e1\u05e4\u05e8&#8221; (haSefer &#8211; kirja) tai &#8221;\u05d4\u05db\u05d3\u05d5\u05e8 \u05d4\u05d2\u05d3\u05d5\u05dc&#8221; (hakadur hagadol &#8211; iso pallo).<\/p>\n\n\n\n<h3 class=\"wp-block-heading\" id=\"h-3-verbs-tense-and-conjugation\">3. Verbit, aikamuoto ja taivutus<\/h3>\n\n\n\n<p>Hepreankielisill\u00e4 verbeill\u00e4 on t\u00e4rke\u00e4 rooli kieliopissa, ja ne on jaettu seitsem\u00e4\u00e4n konjugaatioryhm\u00e4\u00e4n, joita kutsutaan &#8221;binyanimiksi&#8221;. Jokainen binyan vaikuttaa verbin merkitykseen ja rooliin lauseessa.<\/p>\n\n\n\n<p>Jotta saisit nopean yleiskatsauksen, puhutaanpa tavallisten verbien preesensist\u00e4:<\/p>\n\n\n\n<p><strong>&#8211; \u05d0\u05e0\u05d9 \u05e7\u05d5\u05e8\u05d0\/\u05ea (ani kore\/et &#8211; luen, masc.\/fem.)<\/strong><\/p>\n\n\n\n<p><strong>&#8211; \u05d0\u05ea\/\u05d4 \u05e7\u05d5\u05e8\u05d0\/\u05ea (ata\/at kore\/et &#8211; luet, masc.\/fem.)<\/strong><\/p>\n\n\n\n<p><strong>&#8211; \u05d4\u05d5\u05d0\/\u05d4\u05d9\u05d0 \u05e7\u05d5\u05e8\u05d0\/\u05ea (hu\/hi kore\/et &#8211; h\u00e4n lukee)<\/strong><\/p>\n\n\n\n<p>Muista, ett\u00e4 t\u00e4m\u00e4 on vasta alkua! Monet muut aikamuodot, <a href=\"https:\/\/talkpal.ai\/fi\/grammar\/epasaannolliset-verbit-azerbaidzanin-kielioppissa\/\">ep\u00e4s\u00e4\u00e4nn\u00f6lliset verbit<\/a> ja binyan-monimutkaisuudet tulevat esiin edistyess\u00e4si.<\/p>\n\n\n\n<h3 class=\"wp-block-heading\" id=\"h-4-pronouns-prepositions-and-more\">4. Pronominit, prepositiot ja paljon muuta!<\/h3>\n\n\n\n<p>Hepreankieliseen kielioppiin kuuluu my\u00f6s muita osia, kuten pronomineja (\u05d0\u05e0\u05d9, \u05d0\u05ea\u05d4, \u05d4\u05d5\u05d0, \u05d4\u05d9\u05d0 jne.), prepositioita (\u05d1, \u05dc, \u05de, \u05e2\u05dc jne.) ja idiomaattisia ilmauksia. Jokaisen osatekij\u00e4n k\u00e4sittely on elint\u00e4rke\u00e4\u00e4 heprean kielen sujuvan hallinnan saavuttamiseksi, joten etene askel kerrallaan.<\/p>\n\n\n\n<p>Yhteenvetona voidaan todeta, ett\u00e4 heprean kieliopin hallintaan ei ole oikotiet\u00e4. Se vaatii sinnikkyytt\u00e4, harjoittelua ja k\u00e4rsiv\u00e4llisyytt\u00e4. Kun kuitenkin ymm\u00e4rr\u00e4t sen hienoudet, voit nauttia hepreankielisen keskustelun vivahteista, tutustua sen rikkaaseen kulttuuriin ja historiaan ja syvent\u00e4\u00e4 kielen arvostusta. \u05d1\u05d4\u05e6\u05dc\u05d7\u05d4 (behatzlacha &#8211; onnea)!<\/p>\n<\/div><\/div>\n\r\n<section class=\"learnNavigationSection\">\r\n            \r\n        <a href=\"https:\/\/talkpal.ai\/fi\/opi-hepreaa\/\">\r\n            <div class=\"learnNavigationWrapper\">\r\n                <div class=\"learnNavigationContent\">\r\n                    <img decoding=\"async\" src=\"https:\/\/talkpal.ai\/wp-content\/uploads\/2024\/08\/Hebrew.jpg\" alt=\"Israel Flag\">\r\n                    <div>\r\n                        <h4>Tietoa heprean oppimisesta<\/h4>\r\n                        <p>Tutustu heprean kielioppiin.<\/p>\r\n                    <\/div>\r\n                <\/div>\r\n            <\/div>\r\n        <\/a>\r\n\r\n        \r\n        <a href=\"https:\/\/talkpal.ai\/fi\/heprean-kielioppiharjoitukset\/\">\r\n            <div class=\"learnNavigationWrapper\">\r\n                <div class=\"learnNavigationContent\">\r\n                    <img decoding=\"async\" src=\"https:\/\/talkpal.ai\/wp-content\/uploads\/2024\/08\/Hebrew.jpg\" alt=\"Israel Flag\">\r\n                    <div>\r\n                        <h4>Hepreankielinen kielioppiharjoitus<\/h4>\r\n                        <p>Harjoittele heprean kielioppia.<\/p>\r\n                    <\/div>\r\n                <\/div>\r\n            <\/div>\r\n        <\/a>\r\n\r\n        \r\n        <a href=\"https:\/\/talkpal.ai\/vocabulary_language\/hebrew\/\">\r\n            <div class=\"learnNavigationWrapper\">\r\n                <div class=\"learnNavigationContent\">\r\n                    <img decoding=\"async\" src=\"https:\/\/talkpal.ai\/wp-content\/uploads\/2024\/08\/Hebrew.jpg\" alt=\"Israel Flag\">\r\n                    <div>\r\n                        <h4>Heprean sanasto<\/h4>\r\n                        <p>Laajenna hepreankielist\u00e4 sanavarastoasi.<\/p>\r\n                    <\/div>\r\n                <\/div>\r\n            <\/div>\r\n        <\/a>\r\n\r\n            <\/section>","protected":false},"excerpt":{"rendered":"<p>Heprean kieliopin hallitseminen: perimm\u00e4inen opas Shalom, kielten harrastajat! Oletko valmis sukeltamaan heprean kieliopin kiehtovaan maailmaan? Olet tullut oikeaan paikkaan. T\u00e4m\u00e4 artikkeli on t\u00e4ynn\u00e4 helposti ymm\u00e4rrett\u00e4v\u00e4\u00e4 tietoa ja keskustelus\u00e4vy\u00e4, ja se opastaa sinut heprean kieliopin lumoavan valtakunnan l\u00e4pi. Pian pystyt rakentamaan lauseita ja k\u00e4ym\u00e4\u00e4n mielekk\u00e4it\u00e4 keskusteluja \u00e4idinkielisten puhujien kanssa. Aloitetaan siis matkasi kohti heprean kieliopin hallintaa! [&hellip;]<\/p>\n","protected":false},"author":1,"featured_media":28395,"parent":0,"menu_order":0,"comment_status":"closed","ping_status":"closed","template":"LearningContentPage.php","meta":{"_acf_changed":false,"footnotes":""},"class_list":["post-144251","page","type-page","status-publish","has-post-thumbnail","hentry"],"acf":[],"yoast_head":"<!-- This site is optimized with the Yoast SEO Premium plugin v27.2 (Yoast SEO v27.2) - https:\/\/yoast.com\/product\/yoast-seo-premium-wordpress\/ -->\n<title>Heprean kielioppi - Talkpal<\/title>\n<meta name=\"description\" content=\"Paranna heprean kielioppia itsevarmasti - opettele keskeiset s\u00e4\u00e4nn\u00f6t, muodosta oikeita lauseita ja kommunikoi selke\u00e4sti... Talkpalhelppojen teko\u00e4lytuntien avulla.\" \/>\n<meta name=\"robots\" content=\"index, follow, max-snippet:-1, max-image-preview:large, max-video-preview:-1\" \/>\n<link rel=\"canonical\" href=\"https:\/\/talkpal.ai\/fi\/heprean-kielioppi\/\" \/>\n<meta property=\"og:locale\" content=\"fi_FI\" \/>\n<meta property=\"og:type\" content=\"article\" \/>\n<meta property=\"og:title\" content=\"Heprean kielioppi\" \/>\n<meta property=\"og:description\" content=\"Heprean kieliopin hallitseminen: perimm\u00e4inen opas Shalom, kielten harrastajat! Oletko valmis sukeltamaan heprean kieliopin kiehtovaan maailmaan? Olet\" \/>\n<meta property=\"og:url\" content=\"https:\/\/talkpal.ai\/fi\/heprean-kielioppi\/\" \/>\n<meta property=\"og:site_name\" content=\"Talkpal\" \/>\n<meta property=\"article:publisher\" content=\"https:\/\/www.facebook.com\/profile.php?id=100090733639311\" \/>\n<meta property=\"article:modified_time\" content=\"2025-12-13T15:39:57+00:00\" \/>\n<meta property=\"og:image\" content=\"https:\/\/talkpal.ai\/wp-content\/uploads\/2023\/05\/israel.png\" \/>\n\t<meta property=\"og:image:width\" content=\"512\" \/>\n\t<meta property=\"og:image:height\" content=\"512\" \/>\n\t<meta property=\"og:image:type\" content=\"image\/png\" \/>\n<meta name=\"twitter:card\" content=\"summary_large_image\" \/>\n<meta name=\"twitter:site\" content=\"@talkpalai\" \/>\n<meta name=\"twitter:label1\" content=\"Arvioitu lukuaika\" \/>\n\t<meta name=\"twitter:data1\" content=\"2 minuuttia\" \/>\n<script type=\"application\/ld+json\" class=\"yoast-schema-graph\">{\"@context\":\"https:\/\/schema.org\",\"@graph\":[{\"@type\":\"WebPage\",\"@id\":\"https:\/\/talkpal.ai\/fi\/heprean-kielioppi\/\",\"url\":\"https:\/\/talkpal.ai\/fi\/heprean-kielioppi\/\",\"name\":\"Heprean kielioppi - Talkpal\",\"isPartOf\":{\"@id\":\"https:\/\/talkpal.ai\/fi\/#website\"},\"primaryImageOfPage\":{\"@id\":\"https:\/\/talkpal.ai\/fi\/heprean-kielioppi\/#primaryimage\"},\"image\":{\"@id\":\"https:\/\/talkpal.ai\/fi\/heprean-kielioppi\/#primaryimage\"},\"thumbnailUrl\":\"https:\/\/talkpal.ai\/wp-content\/uploads\/2023\/05\/israel.png\",\"datePublished\":\"2023-05-14T14:04:48+00:00\",\"dateModified\":\"2025-12-13T15:39:57+00:00\",\"description\":\"Paranna heprean kielioppia itsevarmasti - opettele keskeiset s\u00e4\u00e4nn\u00f6t, muodosta oikeita lauseita ja kommunikoi selke\u00e4sti... Talkpalhelppojen teko\u00e4lytuntien avulla.\",\"breadcrumb\":{\"@id\":\"https:\/\/talkpal.ai\/fi\/heprean-kielioppi\/#breadcrumb\"},\"inLanguage\":\"fi\",\"potentialAction\":[{\"@type\":\"ReadAction\",\"target\":[\"https:\/\/talkpal.ai\/fi\/heprean-kielioppi\/\"]}]},{\"@type\":\"ImageObject\",\"inLanguage\":\"fi\",\"@id\":\"https:\/\/talkpal.ai\/fi\/heprean-kielioppi\/#primaryimage\",\"url\":\"https:\/\/talkpal.ai\/wp-content\/uploads\/2023\/05\/israel.png\",\"contentUrl\":\"https:\/\/talkpal.ai\/wp-content\/uploads\/2023\/05\/israel.png\",\"width\":512,\"height\":512},{\"@type\":\"BreadcrumbList\",\"@id\":\"https:\/\/talkpal.ai\/fi\/heprean-kielioppi\/#breadcrumb\",\"itemListElement\":[{\"@type\":\"ListItem\",\"position\":1,\"name\":\"Homepage\",\"item\":\"https:\/\/talkpal.ai\/fi\/\"},{\"@type\":\"ListItem\",\"position\":2,\"name\":\"Heprean kielioppi\"}]},{\"@type\":\"WebSite\",\"@id\":\"https:\/\/talkpal.ai\/fi\/#website\",\"url\":\"https:\/\/talkpal.ai\/fi\/\",\"name\":\"Talkpal\",\"description\":\"AI Language Learning\",\"publisher\":{\"@id\":\"https:\/\/talkpal.ai\/fi\/#organization\"},\"alternateName\":\"Talkpal AI\",\"potentialAction\":[{\"@type\":\"SearchAction\",\"target\":{\"@type\":\"EntryPoint\",\"urlTemplate\":\"https:\/\/talkpal.ai\/fi\/?s={search_term_string}\"},\"query-input\":{\"@type\":\"PropertyValueSpecification\",\"valueRequired\":true,\"valueName\":\"search_term_string\"}}],\"inLanguage\":\"fi\"},{\"@type\":\"Organization\",\"@id\":\"https:\/\/talkpal.ai\/fi\/#organization\",\"name\":\"Talkpal, Inc.\",\"alternateName\":\"Talkpal AI\",\"url\":\"https:\/\/talkpal.ai\/fi\/\",\"logo\":{\"@type\":\"ImageObject\",\"inLanguage\":\"fi\",\"@id\":\"https:\/\/talkpal.ai\/fi\/#\/schema\/logo\/image\/\",\"url\":\"https:\/\/talkpal.ai\/wp-content\/uploads\/2024\/03\/Talkpal-Logo-Icon.png\",\"contentUrl\":\"https:\/\/talkpal.ai\/wp-content\/uploads\/2024\/03\/Talkpal-Logo-Icon.png\",\"width\":2880,\"height\":2880,\"caption\":\"Talkpal, Inc.\"},\"image\":{\"@id\":\"https:\/\/talkpal.ai\/fi\/#\/schema\/logo\/image\/\"},\"sameAs\":[\"https:\/\/www.facebook.com\/profile.php?id=100090733639311\",\"https:\/\/x.com\/talkpalai\",\"https:\/\/www.linkedin.com\/company\/talkpal\/\",\"https:\/\/www.youtube.com\/@TalkPal\/\",\"https:\/\/www.tiktok.com\/@talkpal\",\"https:\/\/www.instagram.com\/talkpal_ai\/\",\"https:\/\/www.crunchbase.com\/organization\/talkpal-9cde\",\"https:\/\/www.g2.com\/products\/talkpal-for-business\/\",\"https:\/\/www.trustpilot.com\/review\/talkpal.ai\",\"https:\/\/www.capterra.com\/p\/10006800\/TalkPal\/\"],\"description\":\"Talkpal is a language learning web and mobile education app, powered by the latest AI technologies, that provides engaging experiences to its customers in many different languages to help them improve their language skills. Users can chat about unlimited amount of topics with the app and use other modes to practice their language learning.\",\"email\":\"support@talkpal.ai\",\"legalName\":\"Talkpal, Inc.\",\"foundingDate\":\"2023-04-03\",\"duns\":\"118989042\",\"numberOfEmployees\":{\"@type\":\"QuantitativeValue\",\"minValue\":\"11\",\"maxValue\":\"50\"},\"publishingPrinciples\":\"https:\/\/talkpal.ai\/publishing-principles\/\",\"actionableFeedbackPolicy\":\"https:\/\/talkpal.ai\/actionable-feedback-policy\/\",\"correctionsPolicy\":\"https:\/\/talkpal.ai\/corrections-policy\/\",\"ethicsPolicy\":\"https:\/\/talkpal.ai\/ethics-policy\/\",\"diversityPolicy\":\"https:\/\/talkpal.ai\/diversity-policy\/\",\"diversityStaffingReport\":\"https:\/\/talkpal.ai\/diversity-policy\/\"}]}<\/script>\n<!-- \/ Yoast SEO Premium plugin. -->","yoast_head_json":{"title":"Heprean kielioppi - Talkpal","description":"Paranna heprean kielioppia itsevarmasti - opettele keskeiset s\u00e4\u00e4nn\u00f6t, muodosta oikeita lauseita ja kommunikoi selke\u00e4sti... Talkpalhelppojen teko\u00e4lytuntien avulla.","robots":{"index":"index","follow":"follow","max-snippet":"max-snippet:-1","max-image-preview":"max-image-preview:large","max-video-preview":"max-video-preview:-1"},"canonical":"https:\/\/talkpal.ai\/fi\/heprean-kielioppi\/","og_locale":"fi_FI","og_type":"article","og_title":"Heprean kielioppi","og_description":"Heprean kieliopin hallitseminen: perimm\u00e4inen opas Shalom, kielten harrastajat! Oletko valmis sukeltamaan heprean kieliopin kiehtovaan maailmaan? Olet","og_url":"https:\/\/talkpal.ai\/fi\/heprean-kielioppi\/","og_site_name":"Talkpal","article_publisher":"https:\/\/www.facebook.com\/profile.php?id=100090733639311","article_modified_time":"2025-12-13T15:39:57+00:00","og_image":[{"width":512,"height":512,"url":"https:\/\/talkpal.ai\/wp-content\/uploads\/2023\/05\/israel.png","type":"image\/png"}],"twitter_card":"summary_large_image","twitter_site":"@talkpalai","twitter_misc":{"Arvioitu lukuaika":"2 minuuttia"},"schema":{"@context":"https:\/\/schema.org","@graph":[{"@type":"WebPage","@id":"https:\/\/talkpal.ai\/fi\/heprean-kielioppi\/","url":"https:\/\/talkpal.ai\/fi\/heprean-kielioppi\/","name":"Heprean kielioppi - Talkpal","isPartOf":{"@id":"https:\/\/talkpal.ai\/fi\/#website"},"primaryImageOfPage":{"@id":"https:\/\/talkpal.ai\/fi\/heprean-kielioppi\/#primaryimage"},"image":{"@id":"https:\/\/talkpal.ai\/fi\/heprean-kielioppi\/#primaryimage"},"thumbnailUrl":"https:\/\/talkpal.ai\/wp-content\/uploads\/2023\/05\/israel.png","datePublished":"2023-05-14T14:04:48+00:00","dateModified":"2025-12-13T15:39:57+00:00","description":"Paranna heprean kielioppia itsevarmasti - opettele keskeiset s\u00e4\u00e4nn\u00f6t, muodosta oikeita lauseita ja kommunikoi selke\u00e4sti... Talkpalhelppojen teko\u00e4lytuntien avulla.","breadcrumb":{"@id":"https:\/\/talkpal.ai\/fi\/heprean-kielioppi\/#breadcrumb"},"inLanguage":"fi","potentialAction":[{"@type":"ReadAction","target":["https:\/\/talkpal.ai\/fi\/heprean-kielioppi\/"]}]},{"@type":"ImageObject","inLanguage":"fi","@id":"https:\/\/talkpal.ai\/fi\/heprean-kielioppi\/#primaryimage","url":"https:\/\/talkpal.ai\/wp-content\/uploads\/2023\/05\/israel.png","contentUrl":"https:\/\/talkpal.ai\/wp-content\/uploads\/2023\/05\/israel.png","width":512,"height":512},{"@type":"BreadcrumbList","@id":"https:\/\/talkpal.ai\/fi\/heprean-kielioppi\/#breadcrumb","itemListElement":[{"@type":"ListItem","position":1,"name":"Homepage","item":"https:\/\/talkpal.ai\/fi\/"},{"@type":"ListItem","position":2,"name":"Heprean kielioppi"}]},{"@type":"WebSite","@id":"https:\/\/talkpal.ai\/fi\/#website","url":"https:\/\/talkpal.ai\/fi\/","name":"Talkpal","description":"AI Language Learning","publisher":{"@id":"https:\/\/talkpal.ai\/fi\/#organization"},"alternateName":"Talkpal AI","potentialAction":[{"@type":"SearchAction","target":{"@type":"EntryPoint","urlTemplate":"https:\/\/talkpal.ai\/fi\/?s={search_term_string}"},"query-input":{"@type":"PropertyValueSpecification","valueRequired":true,"valueName":"search_term_string"}}],"inLanguage":"fi"},{"@type":"Organization","@id":"https:\/\/talkpal.ai\/fi\/#organization","name":"Talkpal, Inc.","alternateName":"Talkpal AI","url":"https:\/\/talkpal.ai\/fi\/","logo":{"@type":"ImageObject","inLanguage":"fi","@id":"https:\/\/talkpal.ai\/fi\/#\/schema\/logo\/image\/","url":"https:\/\/talkpal.ai\/wp-content\/uploads\/2024\/03\/Talkpal-Logo-Icon.png","contentUrl":"https:\/\/talkpal.ai\/wp-content\/uploads\/2024\/03\/Talkpal-Logo-Icon.png","width":2880,"height":2880,"caption":"Talkpal, Inc."},"image":{"@id":"https:\/\/talkpal.ai\/fi\/#\/schema\/logo\/image\/"},"sameAs":["https:\/\/www.facebook.com\/profile.php?id=100090733639311","https:\/\/x.com\/talkpalai","https:\/\/www.linkedin.com\/company\/talkpal\/","https:\/\/www.youtube.com\/@TalkPal\/","https:\/\/www.tiktok.com\/@talkpal","https:\/\/www.instagram.com\/talkpal_ai\/","https:\/\/www.crunchbase.com\/organization\/talkpal-9cde","https:\/\/www.g2.com\/products\/talkpal-for-business\/","https:\/\/www.trustpilot.com\/review\/talkpal.ai","https:\/\/www.capterra.com\/p\/10006800\/TalkPal\/"],"description":"Talkpal is a language learning web and mobile education app, powered by the latest AI technologies, that provides engaging experiences to its customers in many different languages to help them improve their language skills. Users can chat about unlimited amount of topics with the app and use other modes to practice their language learning.","email":"support@talkpal.ai","legalName":"Talkpal, Inc.","foundingDate":"2023-04-03","duns":"118989042","numberOfEmployees":{"@type":"QuantitativeValue","minValue":"11","maxValue":"50"},"publishingPrinciples":"https:\/\/talkpal.ai\/publishing-principles\/","actionableFeedbackPolicy":"https:\/\/talkpal.ai\/actionable-feedback-policy\/","correctionsPolicy":"https:\/\/talkpal.ai\/corrections-policy\/","ethicsPolicy":"https:\/\/talkpal.ai\/ethics-policy\/","diversityPolicy":"https:\/\/talkpal.ai\/diversity-policy\/","diversityStaffingReport":"https:\/\/talkpal.ai\/diversity-policy\/"}]}},"_links":{"self":[{"href":"https:\/\/talkpal.ai\/fi\/wp-json\/wp\/v2\/pages\/144251","targetHints":{"allow":["GET"]}}],"collection":[{"href":"https:\/\/talkpal.ai\/fi\/wp-json\/wp\/v2\/pages"}],"about":[{"href":"https:\/\/talkpal.ai\/fi\/wp-json\/wp\/v2\/types\/page"}],"author":[{"embeddable":true,"href":"https:\/\/talkpal.ai\/fi\/wp-json\/wp\/v2\/users\/1"}],"replies":[{"embeddable":true,"href":"https:\/\/talkpal.ai\/fi\/wp-json\/wp\/v2\/comments?post=144251"}],"version-history":[{"count":0,"href":"https:\/\/talkpal.ai\/fi\/wp-json\/wp\/v2\/pages\/144251\/revisions"}],"wp:featuredmedia":[{"embeddable":true,"href":"https:\/\/talkpal.ai\/fi\/wp-json\/wp\/v2\/media\/28395"}],"wp:attachment":[{"href":"https:\/\/talkpal.ai\/fi\/wp-json\/wp\/v2\/media?parent=144251"}],"curies":[{"name":"wp","href":"https:\/\/api.w.org\/{rel}","templated":true}]}}