{"id":143951,"date":"2023-05-14T14:03:43","date_gmt":"2023-05-14T14:03:43","guid":{"rendered":"http:\/\/talkpal.ai\/galician-kielioppi\/"},"modified":"2025-12-13T15:35:55","modified_gmt":"2025-12-13T15:35:55","slug":"galician-kielioppi","status":"publish","type":"page","link":"https:\/\/talkpal.ai\/fi\/galician-kielioppi\/","title":{"rendered":"Galician kielioppi"},"content":{"rendered":"\r\n\r\n\r\n<section class=\"languageChallengeSection\">\r\n    <div class=\"languageInfoWrapper\">\r\n        \r\n        <h1>Galician kielioppi<\/h1>\r\n        <p>Tutustu galician kielen vieh\u00e4tykseen hallitsemalla sen kieliopin peruss\u00e4\u00e4nn\u00f6t. Galician kieliopin ymm\u00e4rt\u00e4minen avaa ovia merkitykselliseen kommunikaatioon ja Galician elinvoimaisen kulttuurin syvemp\u00e4\u00e4n arvostamiseen. Aloita galician kieliopin opiskelu jo t\u00e4n\u00e4\u00e4n ja ota ensimm\u00e4inen askel kohti sujuvuutta!<\/p>\r\n\r\n                            <a class=\"getStartedHidden\" href=\"https:\/\/app.talkpal.ai\/fi\/signup?lng=\">Aloita<\/a>\r\n        \r\n    <\/div>\r\n\r\n    <figure>\r\n    <img decoding=\"async\" width=\"768\" height=\"768\" src=\"https:\/\/talkpal.ai\/wp-content\/uploads\/2023\/06\/galician-768x768.png\" class=\"languageImage no-lazy\" alt=\"Default alt text\" fetchpriority=\"high\" sizes=\"(max-width: 768px) 150px, 768px\" srcset=\"https:\/\/talkpal.ai\/wp-content\/uploads\/2023\/06\/galician-768x768.png 768w, https:\/\/talkpal.ai\/wp-content\/uploads\/2023\/06\/galician-300x300.png 300w\" \/>\r\n    \r\n\r\n    <\/figure>\r\n\r\n            <a class=\"getStartedVisible\" href=\"https:\/\/app.talkpal.ai\/fi\/signup?lng=\">Aloita<\/a>\r\n    \r\n<\/section>\r\n        <section class=\"grammarSection\">\r\n            <div class=\"grammarLinks\">\r\n                <a href=\"https:\/\/talkpal.ai\/fi\/language\/adjektiivit-galician-kielioppi\/\">Adjektiivit <\/a><a href=\"https:\/\/talkpal.ai\/fi\/language\/adverbit-galician-kielioppi\/\">Adverbit <\/a><a href=\"https:\/\/talkpal.ai\/fi\/language\/aikamuodot-galician-kielioppi\/\">Aikamuodot <\/a><a href=\"https:\/\/talkpal.ai\/fi\/language\/aikamuotojen-vertailu-galician-kielioppi\/\">Aikamuotojen vertailu <\/a><a href=\"https:\/\/talkpal.ai\/fi\/language\/artikkelit-galician-kielioppi\/\">Artikkelit <\/a><a href=\"https:\/\/talkpal.ai\/fi\/language\/konditionaalit-galician-kielioppi\/\">Konditionaalit <\/a><a href=\"https:\/\/talkpal.ai\/fi\/language\/lauseet-galician-kielioppi\/\">Lauseet <\/a><a href=\"https:\/\/talkpal.ai\/fi\/language\/prepositiot-galician-kielioppi\/\">Prepositiot <\/a><a href=\"https:\/\/talkpal.ai\/fi\/language\/progressiivinen-galician-kielioppi\/\">Progressiivinen <\/a><a href=\"https:\/\/talkpal.ai\/fi\/language\/pronominit-determinerit-galician-kielioppi\/\">Pronominit\/Determinerit <\/a><a href=\"https:\/\/talkpal.ai\/fi\/language\/substantiivit-galician-kielioppi\/\">Substantiivit <\/a><a href=\"https:\/\/talkpal.ai\/fi\/language\/taydellinen-progressiivinen-galician-kielioppi\/\">T\u00e4ydellinen progressiivinen <\/a><a href=\"https:\/\/talkpal.ai\/fi\/language\/verbit-galician-kielioppi\/\">Verbit <\/a>            <\/div>\r\n        <\/section>\r\n    <section class=\"promotionalBanner\">\r\n    <p class=\"promotionalText\">Tehokkain tapa oppia kielt\u00e4<\/p>\r\n    <a class=\"promotionalLink\" href=\"https:\/\/app.talkpal.ai\/fi\/signup?lng=\">Kokeile Talkpal ilmaiseksi<\/a>\r\n<\/section>\n<div class=\"wp-block-group pageContainerStyle\"><div class=\"wp-block-group__inner-container is-layout-constrained wp-block-group-is-layout-constrained\">\n<h2 class=\"wp-block-heading\" id=\"h-galician-grammar-unlocking-the-beauty-of-a-romance-language\">Galician kielioppi: romaanisen kielen kauneuden vapauttaminen<\/h2>\n\n\n\n<p><a href=\"https:\/\/talkpal.ai\/learn-galician\/\">Galicia<\/a>, romaaninen kieli, jota puhuu yli kaksi miljoonaa ihmist\u00e4 Luoteis-Espanjassa, on ainutlaatuinen ja kiehtova murre, jolla on yht\u00e4l\u00e4isyyksi\u00e4 portugalin kanssa. Sill\u00e4 on erottuva fonologia, kiehtova historia ja el\u00e4v\u00e4 runollinen perinne. T\u00e4m\u00e4n lumoavan kielen hallitsemiseksi on t\u00e4rke\u00e4\u00e4 ymm\u00e4rt\u00e4\u00e4 sen kielioppi. T\u00e4ss\u00e4 artikkelissa k\u00e4sittelemme galego-kieliopin keskeisi\u00e4 n\u00e4k\u00f6kohtia ja annamme vinkkej\u00e4, joiden avulla voit menesty\u00e4 t\u00e4ll\u00e4 kielimatkalla.<\/p>\n\n\n\n<h3 class=\"wp-block-heading\" id=\"h-key-components-of-galician-grammar\">Galician kieliopin t\u00e4rkeimm\u00e4t osat:<\/h3>\n\n\n\n<p><a href=\"https:\/\/talkpal.ai\/galician-grammar\/\">Galician kielioppi<\/a>, kuten muutkin romaaniset kielet, koostuu erilaisista s\u00e4\u00e4nn\u00f6ist\u00e4 ja rakenteista, jotka m\u00e4\u00e4rittelev\u00e4t sen oikean k\u00e4yt\u00f6n. T\u00e4ss\u00e4 on joitain galician kieliopin perusn\u00e4k\u00f6kohtia, jotka sinun pit\u00e4isi tuntea:<\/p>\n\n\n\n<p><strong>1. Substantiivit:<\/strong> Galician substantiiveilla on kaksi kieliopillista sukupuolta (maskuliininen ja feminiininen), ja niit\u00e4 taivutetaan numeroksi (yksikk\u00f6 ja monikko). Substantiivin sukupuoli vaikuttaa siihen liittyvien artikkeleiden, adjektiivien ja pronominien muotoon.<\/p>\n\n\n\n<p><strong>2. Artikkelit:<\/strong> Galiciassa on m\u00e4\u00e4r\u00e4isi\u00e4 artikkeleita (o, os, a, as) ja ep\u00e4m\u00e4\u00e4r\u00e4isi\u00e4 artikkeleita (un, uns, unha, unhas). M\u00e4\u00e4r\u00e4isi\u00e4 artikkeleita k\u00e4ytet\u00e4\u00e4n viittaamaan tiettyihin esineisiin <a href=\"https:\/\/talkpal.ai\/learn-thai\/\">tai<\/a> ihmisiin, kun taas ep\u00e4m\u00e4\u00e4r\u00e4isi\u00e4 artikkeleita k\u00e4ytet\u00e4\u00e4n yleisiin tai ep\u00e4spesifisiin viitteisiin.<\/p>\n\n\n\n<p>3. Adjektiivit ja <a href=\"https:\/\/talkpal.ai\/fi\/grammar\/paikan-tsekin-kielioppi-adverbit\/\">adverbit<\/a>: Galician kielen <strong>adjektiivit<\/strong> sopivat yleens\u00e4 sukupuoleen ja lukum\u00e4\u00e4r\u00e4\u00e4n muokkaamiensa substantiivien kanssa. <a href=\"https:\/\/talkpal.ai\/fi\/grammar\/paikan-tsekin-kielioppi-adverbit\/\">Adverbit<\/a> sen sijaan ovat muuttumattomia eiv\u00e4tk\u00e4 ne muutu substantiivin sukupuolen tai lukum\u00e4\u00e4r\u00e4n mukaan.<\/p>\n\n\n\n<p><strong>4. Verbit:<\/strong> Galician verbit taivutetaan kolmeen s\u00e4\u00e4nn\u00f6lliseen kuvioon (ar, er, ir) ja erilaisiin ep\u00e4s\u00e4\u00e4nn\u00f6llisiin kuvioihin. Verbej\u00e4 taivutetaan aikamuodon (nykyinen, menneisyys, tulevaisuus jne.), mielialan (ohjeellinen, subjunktiivinen, imperatiivi), aspektin (perfektiivinen, imperfektiivinen) ja \u00e4\u00e4nen (aktiivinen, passiivinen) mukaan. Pronominit j\u00e4tet\u00e4\u00e4n usein pois verbien taivutuksessa, koska verbimuoto ilmaisee yleens\u00e4 subjektin.<\/p>\n\n\n\n<p><strong>5. Lauserakenne:<\/strong> Galician kieless\u00e4 k\u00e4ytet\u00e4\u00e4n tyypillisesti subjekti-verbiobjekti (SVO) tai verbi-subjekti-objekti (VSO) -sanaj\u00e4rjestyst\u00e4 painotuksesta ja kontekstista riippuen. T\u00e4m\u00e4 sanaj\u00e4rjestys on kuitenkin joustava.<\/p>\n\n\n\n<h3 class=\"wp-block-heading\" id=\"h-tips-for-learning-galician-grammar\">Vinkkej\u00e4 galician kieliopin oppimiseen:<\/h3>\n\n\n\n<p>Jos haluat menesty\u00e4 galician kieliopin oppimismatkallasi, harkitse n\u00e4it\u00e4 hy\u00f6dyllisi\u00e4 strategioita:<\/p>\n\n\n\n<p><strong>1. S\u00e4\u00e4nn\u00f6llinen harjoittelu:<\/strong> Johdonmukaisuus on avainasemassa. Omista tietyt ajat joka p\u00e4iv\u00e4 tai viikko kielioppiharjoituksiin, lukemiseen ja kirjoittamiseen galegoksi.<\/p>\n\n\n\n<p><strong>2. K\u00e4yt\u00e4 alkuper\u00e4isi\u00e4 resursseja:<\/strong> Uppoudu aitoihin galicialaisiin materiaaleihin, kuten kirjallisuuteen, uutisartikkeleihin ja elokuviin. T\u00e4m\u00e4 ei ainoastaan auta sinua n\u00e4kem\u00e4\u00e4n galician kielioppia kontekstissa, vaan my\u00f6s parantaa luku- ja kuuntelutaitojasi.<\/p>\n\n\n\n<p>3. Opi substantiivien sukupuolet ja artikkelit: Tutustu galicialaisiin <strong>substantiivien sukupuoliin ja artikkelien<\/strong> oikeaan k\u00e4ytt\u00f6\u00f6n. T\u00e4m\u00e4 on ratkaisevan t\u00e4rke\u00e4\u00e4 tarkkojen ja johdonmukaisten lauseiden muodostamiseksi.<\/p>\n\n\n\n<p>4. Pid\u00e4 yhteytt\u00e4 \u00e4idinkielen\u00e4\u00e4n <strong>puhuviin: Ota yhteytt\u00e4 galiciaa \u00e4idinkielen\u00e4\u00e4n<\/strong> puhuviin kielenvaihto-ohjelmien, sosiaalisen median tai online-foorumien kautta. T\u00e4m\u00e4 tarjoaa mahdollisuuksia harjoitella kielioppia tosiel\u00e4m\u00e4n keskusteluissa ja saada arvokasta palautetta.<\/p>\n\n\n\n<p><strong>5. K\u00e4rsiv\u00e4llisyys ja sinnikkyys:<\/strong> Uuden <a href=\"https:\/\/talkpal.ai\/fi\/paras-tapa-oppia-2\/\">kielen oppiminen<\/a> vaatii aikaa, p\u00e4\u00e4tt\u00e4v\u00e4isyytt\u00e4 ja k\u00e4rsiv\u00e4llisyytt\u00e4. Ota haasteet vastaan ja juhlista edistymist\u00e4si matkan varrella.<\/p>\n\n\n\n<h2 class=\"wp-block-heading\" id=\"h-conclusion\">Johtop\u00e4\u00e4t\u00f6kset:<\/h2>\n\n\n\n<p>Galician kielioppi, jolla on ainutlaatuiset ominaisuudet ja yhteys romaaniseen kieliperheeseen, on avain t\u00e4m\u00e4n kiehtovan murteen hallitsemiseen. Kun ymm\u00e4rr\u00e4t sen keskeiset osat ja noudatat oppimisstrategioitamme, olet hyv\u00e4ll\u00e4 tiell\u00e4 kohti kielitaitoa. Joten l\u00e4hde t\u00e4lle innostavalle matkalle ja avaa galician kielen ihmeet!<\/p>\n<\/div><\/div>\n\r\n<section class=\"learnNavigationSection\">\r\n            \r\n        <a href=\"https:\/\/talkpal.ai\/fi\/opi-galego\/\">\r\n            <div class=\"learnNavigationWrapper\">\r\n                <div class=\"learnNavigationContent\">\r\n                    <img decoding=\"async\" src=\"https:\/\/talkpal.ai\/wp-content\/uploads\/2024\/08\/Galician.jpg\" alt=\"Galicia Flag\">\r\n                    <div>\r\n                        <h4>Tietoja Galician Learningista<\/h4>\r\n                        <p>Tutustu kaikkeen galicialaisesta kieliopista.<\/p>\r\n                    <\/div>\r\n                <\/div>\r\n            <\/div>\r\n        <\/a>\r\n\r\n        \r\n        <a href=\"https:\/\/talkpal.ai\/fi\/galician-kielioppiharjoitukset\/\">\r\n            <div class=\"learnNavigationWrapper\">\r\n                <div class=\"learnNavigationContent\">\r\n                    <img decoding=\"async\" src=\"https:\/\/talkpal.ai\/wp-content\/uploads\/2024\/08\/Galician.jpg\" alt=\"Galicia Flag\">\r\n                    <div>\r\n                        <h4>Galician kielioppi Harjoitus<\/h4>\r\n                        <p>Harjoittele galician kielioppia.<\/p>\r\n                    <\/div>\r\n                <\/div>\r\n            <\/div>\r\n        <\/a>\r\n\r\n        \r\n        <a href=\"https:\/\/talkpal.ai\/vocabulary_language\/galician\/\">\r\n            <div class=\"learnNavigationWrapper\">\r\n                <div class=\"learnNavigationContent\">\r\n                    <img decoding=\"async\" src=\"https:\/\/talkpal.ai\/wp-content\/uploads\/2024\/08\/Galician.jpg\" alt=\"Galicia Flag\">\r\n                    <div>\r\n                        <h4>Galician sanasto<\/h4>\r\n                        <p>Laajenna galicialaista sanavarastoasi.<\/p>\r\n                    <\/div>\r\n                <\/div>\r\n            <\/div>\r\n        <\/a>\r\n\r\n            <\/section>","protected":false},"excerpt":{"rendered":"<p>Galician kielioppi: romaanisen kielen kauneuden vapauttaminen Galicia, romaaninen kieli, jota puhuu yli kaksi miljoonaa ihmist\u00e4 Luoteis-Espanjassa, on ainutlaatuinen ja kiehtova murre, jolla on yht\u00e4l\u00e4isyyksi\u00e4 portugalin kanssa. Sill\u00e4 on erottuva fonologia, kiehtova historia ja el\u00e4v\u00e4 runollinen perinne. T\u00e4m\u00e4n lumoavan kielen hallitsemiseksi on t\u00e4rke\u00e4\u00e4 ymm\u00e4rt\u00e4\u00e4 sen kielioppi. T\u00e4ss\u00e4 artikkelissa k\u00e4sittelemme galego-kieliopin keskeisi\u00e4 n\u00e4k\u00f6kohtia ja annamme vinkkej\u00e4, joiden [&hellip;]<\/p>\n","protected":false},"author":1,"featured_media":28315,"parent":0,"menu_order":0,"comment_status":"closed","ping_status":"closed","template":"LearningContentPage.php","meta":{"_acf_changed":false,"footnotes":""},"class_list":["post-143951","page","type-page","status-publish","has-post-thumbnail","hentry"],"acf":[],"yoast_head":"<!-- This site is optimized with the Yoast SEO Premium plugin v27.2 (Yoast SEO v27.2) - https:\/\/yoast.com\/product\/yoast-seo-premium-wordpress\/ -->\n<title>Galician kielioppi - Talkpal<\/title>\n<meta name=\"description\" content=\"Hallitse galego kielioppi helposti - opettele s\u00e4\u00e4nn\u00f6t, rakenna oikeita lauseita ja kommunikoi selke\u00e4sti.\" \/>\n<meta name=\"robots\" content=\"index, follow, max-snippet:-1, max-image-preview:large, max-video-preview:-1\" \/>\n<link rel=\"canonical\" href=\"https:\/\/talkpal.ai\/fi\/galician-kielioppi\/\" \/>\n<meta property=\"og:locale\" content=\"fi_FI\" \/>\n<meta property=\"og:type\" content=\"article\" \/>\n<meta property=\"og:title\" content=\"Galician kielioppi\" \/>\n<meta property=\"og:description\" content=\"Galician kielioppi: romaanisen kielen kauneuden vapauttaminen Galicia, romaaninen kieli, jota puhuu yli kaksi miljoonaa ihmist\u00e4 Luoteis-Espanjassa, on\" \/>\n<meta property=\"og:url\" content=\"https:\/\/talkpal.ai\/fi\/galician-kielioppi\/\" \/>\n<meta property=\"og:site_name\" content=\"Talkpal\" \/>\n<meta property=\"article:publisher\" content=\"https:\/\/www.facebook.com\/profile.php?id=100090733639311\" \/>\n<meta property=\"article:modified_time\" content=\"2025-12-13T15:35:55+00:00\" \/>\n<meta property=\"og:image\" content=\"https:\/\/talkpal.ai\/wp-content\/uploads\/2023\/05\/Galician-spain.png\" \/>\n\t<meta property=\"og:image:width\" content=\"512\" \/>\n\t<meta property=\"og:image:height\" content=\"512\" \/>\n\t<meta property=\"og:image:type\" content=\"image\/png\" \/>\n<meta name=\"twitter:card\" content=\"summary_large_image\" \/>\n<meta name=\"twitter:site\" content=\"@talkpalai\" \/>\n<meta name=\"twitter:label1\" content=\"Arvioitu lukuaika\" \/>\n\t<meta name=\"twitter:data1\" content=\"2 minuuttia\" \/>\n<script type=\"application\/ld+json\" class=\"yoast-schema-graph\">{\"@context\":\"https:\/\/schema.org\",\"@graph\":[{\"@type\":\"WebPage\",\"@id\":\"https:\/\/talkpal.ai\/fi\/galician-kielioppi\/\",\"url\":\"https:\/\/talkpal.ai\/fi\/galician-kielioppi\/\",\"name\":\"Galician kielioppi - Talkpal\",\"isPartOf\":{\"@id\":\"https:\/\/talkpal.ai\/fi\/#website\"},\"primaryImageOfPage\":{\"@id\":\"https:\/\/talkpal.ai\/fi\/galician-kielioppi\/#primaryimage\"},\"image\":{\"@id\":\"https:\/\/talkpal.ai\/fi\/galician-kielioppi\/#primaryimage\"},\"thumbnailUrl\":\"https:\/\/talkpal.ai\/wp-content\/uploads\/2023\/05\/Galician-spain.png\",\"datePublished\":\"2023-05-14T14:03:43+00:00\",\"dateModified\":\"2025-12-13T15:35:55+00:00\",\"description\":\"Hallitse galego kielioppi helposti - opettele s\u00e4\u00e4nn\u00f6t, rakenna oikeita lauseita ja kommunikoi selke\u00e4sti.\",\"breadcrumb\":{\"@id\":\"https:\/\/talkpal.ai\/fi\/galician-kielioppi\/#breadcrumb\"},\"inLanguage\":\"fi\",\"potentialAction\":[{\"@type\":\"ReadAction\",\"target\":[\"https:\/\/talkpal.ai\/fi\/galician-kielioppi\/\"]}]},{\"@type\":\"ImageObject\",\"inLanguage\":\"fi\",\"@id\":\"https:\/\/talkpal.ai\/fi\/galician-kielioppi\/#primaryimage\",\"url\":\"https:\/\/talkpal.ai\/wp-content\/uploads\/2023\/05\/Galician-spain.png\",\"contentUrl\":\"https:\/\/talkpal.ai\/wp-content\/uploads\/2023\/05\/Galician-spain.png\",\"width\":512,\"height\":512},{\"@type\":\"BreadcrumbList\",\"@id\":\"https:\/\/talkpal.ai\/fi\/galician-kielioppi\/#breadcrumb\",\"itemListElement\":[{\"@type\":\"ListItem\",\"position\":1,\"name\":\"Homepage\",\"item\":\"https:\/\/talkpal.ai\/fi\/\"},{\"@type\":\"ListItem\",\"position\":2,\"name\":\"Galician kielioppi\"}]},{\"@type\":\"WebSite\",\"@id\":\"https:\/\/talkpal.ai\/fi\/#website\",\"url\":\"https:\/\/talkpal.ai\/fi\/\",\"name\":\"Talkpal\",\"description\":\"AI Language Learning\",\"publisher\":{\"@id\":\"https:\/\/talkpal.ai\/fi\/#organization\"},\"alternateName\":\"Talkpal AI\",\"potentialAction\":[{\"@type\":\"SearchAction\",\"target\":{\"@type\":\"EntryPoint\",\"urlTemplate\":\"https:\/\/talkpal.ai\/fi\/?s={search_term_string}\"},\"query-input\":{\"@type\":\"PropertyValueSpecification\",\"valueRequired\":true,\"valueName\":\"search_term_string\"}}],\"inLanguage\":\"fi\"},{\"@type\":\"Organization\",\"@id\":\"https:\/\/talkpal.ai\/fi\/#organization\",\"name\":\"Talkpal, Inc.\",\"alternateName\":\"Talkpal AI\",\"url\":\"https:\/\/talkpal.ai\/fi\/\",\"logo\":{\"@type\":\"ImageObject\",\"inLanguage\":\"fi\",\"@id\":\"https:\/\/talkpal.ai\/fi\/#\/schema\/logo\/image\/\",\"url\":\"https:\/\/talkpal.ai\/wp-content\/uploads\/2024\/03\/Talkpal-Logo-Icon.png\",\"contentUrl\":\"https:\/\/talkpal.ai\/wp-content\/uploads\/2024\/03\/Talkpal-Logo-Icon.png\",\"width\":2880,\"height\":2880,\"caption\":\"Talkpal, Inc.\"},\"image\":{\"@id\":\"https:\/\/talkpal.ai\/fi\/#\/schema\/logo\/image\/\"},\"sameAs\":[\"https:\/\/www.facebook.com\/profile.php?id=100090733639311\",\"https:\/\/x.com\/talkpalai\",\"https:\/\/www.linkedin.com\/company\/talkpal\/\",\"https:\/\/www.youtube.com\/@TalkPal\/\",\"https:\/\/www.tiktok.com\/@talkpal\",\"https:\/\/www.instagram.com\/talkpal_ai\/\",\"https:\/\/www.crunchbase.com\/organization\/talkpal-9cde\",\"https:\/\/www.g2.com\/products\/talkpal-for-business\/\",\"https:\/\/www.trustpilot.com\/review\/talkpal.ai\",\"https:\/\/www.capterra.com\/p\/10006800\/TalkPal\/\"],\"description\":\"Talkpal is a language learning web and mobile education app, powered by the latest AI technologies, that provides engaging experiences to its customers in many different languages to help them improve their language skills. Users can chat about unlimited amount of topics with the app and use other modes to practice their language learning.\",\"email\":\"support@talkpal.ai\",\"legalName\":\"Talkpal, Inc.\",\"foundingDate\":\"2023-04-03\",\"duns\":\"118989042\",\"numberOfEmployees\":{\"@type\":\"QuantitativeValue\",\"minValue\":\"11\",\"maxValue\":\"50\"},\"publishingPrinciples\":\"https:\/\/talkpal.ai\/publishing-principles\/\",\"actionableFeedbackPolicy\":\"https:\/\/talkpal.ai\/actionable-feedback-policy\/\",\"correctionsPolicy\":\"https:\/\/talkpal.ai\/corrections-policy\/\",\"ethicsPolicy\":\"https:\/\/talkpal.ai\/ethics-policy\/\",\"diversityPolicy\":\"https:\/\/talkpal.ai\/diversity-policy\/\",\"diversityStaffingReport\":\"https:\/\/talkpal.ai\/diversity-policy\/\"}]}<\/script>\n<!-- \/ Yoast SEO Premium plugin. -->","yoast_head_json":{"title":"Galician kielioppi - Talkpal","description":"Hallitse galego kielioppi helposti - opettele s\u00e4\u00e4nn\u00f6t, rakenna oikeita lauseita ja kommunikoi selke\u00e4sti.","robots":{"index":"index","follow":"follow","max-snippet":"max-snippet:-1","max-image-preview":"max-image-preview:large","max-video-preview":"max-video-preview:-1"},"canonical":"https:\/\/talkpal.ai\/fi\/galician-kielioppi\/","og_locale":"fi_FI","og_type":"article","og_title":"Galician kielioppi","og_description":"Galician kielioppi: romaanisen kielen kauneuden vapauttaminen Galicia, romaaninen kieli, jota puhuu yli kaksi miljoonaa ihmist\u00e4 Luoteis-Espanjassa, on","og_url":"https:\/\/talkpal.ai\/fi\/galician-kielioppi\/","og_site_name":"Talkpal","article_publisher":"https:\/\/www.facebook.com\/profile.php?id=100090733639311","article_modified_time":"2025-12-13T15:35:55+00:00","og_image":[{"width":512,"height":512,"url":"https:\/\/talkpal.ai\/wp-content\/uploads\/2023\/05\/Galician-spain.png","type":"image\/png"}],"twitter_card":"summary_large_image","twitter_site":"@talkpalai","twitter_misc":{"Arvioitu lukuaika":"2 minuuttia"},"schema":{"@context":"https:\/\/schema.org","@graph":[{"@type":"WebPage","@id":"https:\/\/talkpal.ai\/fi\/galician-kielioppi\/","url":"https:\/\/talkpal.ai\/fi\/galician-kielioppi\/","name":"Galician kielioppi - Talkpal","isPartOf":{"@id":"https:\/\/talkpal.ai\/fi\/#website"},"primaryImageOfPage":{"@id":"https:\/\/talkpal.ai\/fi\/galician-kielioppi\/#primaryimage"},"image":{"@id":"https:\/\/talkpal.ai\/fi\/galician-kielioppi\/#primaryimage"},"thumbnailUrl":"https:\/\/talkpal.ai\/wp-content\/uploads\/2023\/05\/Galician-spain.png","datePublished":"2023-05-14T14:03:43+00:00","dateModified":"2025-12-13T15:35:55+00:00","description":"Hallitse galego kielioppi helposti - opettele s\u00e4\u00e4nn\u00f6t, rakenna oikeita lauseita ja kommunikoi selke\u00e4sti.","breadcrumb":{"@id":"https:\/\/talkpal.ai\/fi\/galician-kielioppi\/#breadcrumb"},"inLanguage":"fi","potentialAction":[{"@type":"ReadAction","target":["https:\/\/talkpal.ai\/fi\/galician-kielioppi\/"]}]},{"@type":"ImageObject","inLanguage":"fi","@id":"https:\/\/talkpal.ai\/fi\/galician-kielioppi\/#primaryimage","url":"https:\/\/talkpal.ai\/wp-content\/uploads\/2023\/05\/Galician-spain.png","contentUrl":"https:\/\/talkpal.ai\/wp-content\/uploads\/2023\/05\/Galician-spain.png","width":512,"height":512},{"@type":"BreadcrumbList","@id":"https:\/\/talkpal.ai\/fi\/galician-kielioppi\/#breadcrumb","itemListElement":[{"@type":"ListItem","position":1,"name":"Homepage","item":"https:\/\/talkpal.ai\/fi\/"},{"@type":"ListItem","position":2,"name":"Galician kielioppi"}]},{"@type":"WebSite","@id":"https:\/\/talkpal.ai\/fi\/#website","url":"https:\/\/talkpal.ai\/fi\/","name":"Talkpal","description":"AI Language Learning","publisher":{"@id":"https:\/\/talkpal.ai\/fi\/#organization"},"alternateName":"Talkpal AI","potentialAction":[{"@type":"SearchAction","target":{"@type":"EntryPoint","urlTemplate":"https:\/\/talkpal.ai\/fi\/?s={search_term_string}"},"query-input":{"@type":"PropertyValueSpecification","valueRequired":true,"valueName":"search_term_string"}}],"inLanguage":"fi"},{"@type":"Organization","@id":"https:\/\/talkpal.ai\/fi\/#organization","name":"Talkpal, Inc.","alternateName":"Talkpal AI","url":"https:\/\/talkpal.ai\/fi\/","logo":{"@type":"ImageObject","inLanguage":"fi","@id":"https:\/\/talkpal.ai\/fi\/#\/schema\/logo\/image\/","url":"https:\/\/talkpal.ai\/wp-content\/uploads\/2024\/03\/Talkpal-Logo-Icon.png","contentUrl":"https:\/\/talkpal.ai\/wp-content\/uploads\/2024\/03\/Talkpal-Logo-Icon.png","width":2880,"height":2880,"caption":"Talkpal, Inc."},"image":{"@id":"https:\/\/talkpal.ai\/fi\/#\/schema\/logo\/image\/"},"sameAs":["https:\/\/www.facebook.com\/profile.php?id=100090733639311","https:\/\/x.com\/talkpalai","https:\/\/www.linkedin.com\/company\/talkpal\/","https:\/\/www.youtube.com\/@TalkPal\/","https:\/\/www.tiktok.com\/@talkpal","https:\/\/www.instagram.com\/talkpal_ai\/","https:\/\/www.crunchbase.com\/organization\/talkpal-9cde","https:\/\/www.g2.com\/products\/talkpal-for-business\/","https:\/\/www.trustpilot.com\/review\/talkpal.ai","https:\/\/www.capterra.com\/p\/10006800\/TalkPal\/"],"description":"Talkpal is a language learning web and mobile education app, powered by the latest AI technologies, that provides engaging experiences to its customers in many different languages to help them improve their language skills. Users can chat about unlimited amount of topics with the app and use other modes to practice their language learning.","email":"support@talkpal.ai","legalName":"Talkpal, Inc.","foundingDate":"2023-04-03","duns":"118989042","numberOfEmployees":{"@type":"QuantitativeValue","minValue":"11","maxValue":"50"},"publishingPrinciples":"https:\/\/talkpal.ai\/publishing-principles\/","actionableFeedbackPolicy":"https:\/\/talkpal.ai\/actionable-feedback-policy\/","correctionsPolicy":"https:\/\/talkpal.ai\/corrections-policy\/","ethicsPolicy":"https:\/\/talkpal.ai\/ethics-policy\/","diversityPolicy":"https:\/\/talkpal.ai\/diversity-policy\/","diversityStaffingReport":"https:\/\/talkpal.ai\/diversity-policy\/"}]}},"_links":{"self":[{"href":"https:\/\/talkpal.ai\/fi\/wp-json\/wp\/v2\/pages\/143951","targetHints":{"allow":["GET"]}}],"collection":[{"href":"https:\/\/talkpal.ai\/fi\/wp-json\/wp\/v2\/pages"}],"about":[{"href":"https:\/\/talkpal.ai\/fi\/wp-json\/wp\/v2\/types\/page"}],"author":[{"embeddable":true,"href":"https:\/\/talkpal.ai\/fi\/wp-json\/wp\/v2\/users\/1"}],"replies":[{"embeddable":true,"href":"https:\/\/talkpal.ai\/fi\/wp-json\/wp\/v2\/comments?post=143951"}],"version-history":[{"count":0,"href":"https:\/\/talkpal.ai\/fi\/wp-json\/wp\/v2\/pages\/143951\/revisions"}],"wp:featuredmedia":[{"embeddable":true,"href":"https:\/\/talkpal.ai\/fi\/wp-json\/wp\/v2\/media\/28315"}],"wp:attachment":[{"href":"https:\/\/talkpal.ai\/fi\/wp-json\/wp\/v2\/media?parent=143951"}],"curies":[{"name":"wp","href":"https:\/\/api.w.org\/{rel}","templated":true}]}}