{"id":143571,"date":"2023-05-14T14:03:23","date_gmt":"2023-05-14T14:03:23","guid":{"rendered":"http:\/\/talkpal.ai\/tanskan-kielioppi\/"},"modified":"2025-12-13T15:27:20","modified_gmt":"2025-12-13T15:27:20","slug":"tanskan-kielioppi","status":"publish","type":"page","link":"https:\/\/talkpal.ai\/fi\/tanskan-kielioppi\/","title":{"rendered":"Tanskan kielioppi"},"content":{"rendered":"\r\n\r\n\r\n<section class=\"languageChallengeSection\">\r\n    <div class=\"languageInfoWrapper\">\r\n        \r\n        <h1>Tanskan kielioppi<\/h1>\r\n        <p>Tutustu tanskan kieliopin perusasioihin ja aloita kommunikointi t\u00e4ll\u00e4 vieh\u00e4tt\u00e4v\u00e4ll\u00e4 skandinaavisella kielell\u00e4. Kun hallitset keskeiset s\u00e4\u00e4nn\u00f6t ja rakenteet, saat tarvittavat taidot pit\u00e4\u00e4 yhteytt\u00e4 tanskalaisiin ja kokea heid\u00e4n rikas kulttuurinsa omakohtaisesti. Aloita tanskan kieliopin opiskelu jo t\u00e4n\u00e4\u00e4n ja ota ensimm\u00e4inen askel kohti sujuvuutta!\n\n<\/p>\r\n\r\n                            <a class=\"getStartedHidden\" href=\"https:\/\/app.talkpal.ai\/fi\/signup?lng=\">Aloita<\/a>\r\n        \r\n    <\/div>\r\n\r\n    <figure>\r\n    <img decoding=\"async\" width=\"768\" height=\"768\" src=\"https:\/\/talkpal.ai\/wp-content\/uploads\/2023\/06\/danish-768x768.png\" class=\"languageImage no-lazy\" alt=\"Default alt text\" fetchpriority=\"high\" sizes=\"(max-width: 768px) 150px, 768px\" srcset=\"https:\/\/talkpal.ai\/wp-content\/uploads\/2023\/06\/danish-768x768.png 768w, https:\/\/talkpal.ai\/wp-content\/uploads\/2023\/06\/danish-300x300.png 300w\" \/>\r\n    \r\n\r\n    <\/figure>\r\n\r\n            <a class=\"getStartedVisible\" href=\"https:\/\/app.talkpal.ai\/fi\/signup?lng=\">Aloita<\/a>\r\n    \r\n<\/section>\r\n        <section class=\"grammarSection\">\r\n            <div class=\"grammarLinks\">\r\n                <a href=\"https:\/\/talkpal.ai\/fi\/language\/adjektiivit-tanskan-kielioppi\/\">Adjektiivit <\/a><a href=\"https:\/\/talkpal.ai\/fi\/language\/adverbit-tanskan-kielioppi\/\">Adverbit <\/a><a href=\"https:\/\/talkpal.ai\/fi\/language\/aikamuodot-tanskan-kielioppi\/\">Aikamuodot <\/a><a href=\"https:\/\/talkpal.ai\/fi\/language\/aikamuotojen-vertailu-tanskan-kielioppi\/\">Aikamuotojen vertailu <\/a><a href=\"https:\/\/talkpal.ai\/fi\/language\/artikkelit-tanskan-kielioppi\/\">Artikkelit <\/a><a href=\"https:\/\/talkpal.ai\/fi\/language\/konditionaalit-tanskan-kielioppi\/\">Konditionaalit <\/a><a href=\"https:\/\/talkpal.ai\/fi\/language\/lauseet-tanskan-kielioppi\/\">Lauseet <\/a><a href=\"https:\/\/talkpal.ai\/fi\/language\/prepositiot-tanskan-kielioppi\/\">Prepositiot <\/a><a href=\"https:\/\/talkpal.ai\/fi\/language\/progressiivinen-tanskan-kielioppi\/\">Progressiivinen <\/a><a href=\"https:\/\/talkpal.ai\/fi\/language\/pronominit-determinerit-tanskan-kielioppi\/\">Pronominit\/Determinerit <\/a><a href=\"https:\/\/talkpal.ai\/fi\/language\/substantiivit-tanskan-kielioppi\/\">Substantiivit <\/a><a href=\"https:\/\/talkpal.ai\/fi\/language\/taydellinen-progressiivinen-tanskan-kielioppi\/\">T\u00e4ydellinen progressiivinen <\/a><a href=\"https:\/\/talkpal.ai\/fi\/language\/verbit-tanskan-kielioppi\/\">Verbit <\/a>            <\/div>\r\n        <\/section>\r\n    <section class=\"promotionalBanner\">\r\n    <p class=\"promotionalText\">Tehokkain tapa oppia kielt\u00e4<\/p>\r\n    <a class=\"promotionalLink\" href=\"https:\/\/app.talkpal.ai\/fi\/signup?lng=\">Kokeile Talkpal ilmaiseksi<\/a>\r\n<\/section>\n<div class=\"wp-block-group pageContainerStyle\"><div class=\"wp-block-group__inner-container is-layout-constrained wp-block-group-is-layout-constrained\">\n<h2 class=\"wp-block-heading\" id=\"h-delving-into-the-depths-of-danish-grammar-unraveling-its-idiosyncrasies-and-charm\">Syventyminen tanskan kieliopin syvyyksiin: sen ominaispiirteiden ja vieh\u00e4tyksen purkaminen<\/h2>\n\n\n\n<p>Muistatko ajan, jolloin englannin kieliopin oppiminen tuntui yl\u00e4m\u00e4keen taistelulta lukuisine s\u00e4\u00e4nt\u00f6ineen, poikkeuksineen ja monimutkaisine termeineen? Jos olet nyt asettanut tavoitteeksesi tanskan kielen oppimisen, valmistaudu uuteen j\u00e4nnitt\u00e4v\u00e4\u00e4n matkaan tanskan kieliopin monimutkaisuuden ja ihanuuden l\u00e4pi.<\/p>\n\n\n\n<p>Tanska, pohjoisgermaaninen kieli, jakaa yht\u00e4l\u00e4isyyksi\u00e4 norjan ja <a href=\"https:\/\/talkpal.ai\/learn-swedish\/\">ruotsin<\/a> kaltaisten kielten kanssa. Sill\u00e4 on kuitenkin omat ainutlaatuiset ominaisuutensa, jotka tekev\u00e4t siit\u00e4 helmen, joka kannattaa tutkia perusteellisesti. Aloitetaan purkamalla tanskan kieliopin ihmeit\u00e4 s\u00e4\u00e4nt\u00f6 kerrallaan.<\/p>\n\n\n\n<p><strong>Tanskan kieliopin silmiinpist\u00e4v\u00e4 piirre<\/strong> on sen yksinkertaisuus sanaj\u00e4rjestyksen suhteen. Tanska noudattaa subjekti-verbi-objekti (SVO) -rakennetta, kuten <a href=\"https:\/\/talkpal.ai\/learn-english-with-ai\/\">englanti<\/a>, joten englanninkielisten on suhteellisen helppo ymm\u00e4rt\u00e4\u00e4. T\u00e4ss\u00e4 on kuitenkin er\u00e4s kierre &#8211; V2-sanaj\u00e4rjestyksen k\u00e4ytt\u00f6 p\u00e4\u00e4lauseissa, mik\u00e4 tarkoittaa, ett\u00e4 verbin on aina oltava toisena elementtin\u00e4. T\u00e4m\u00e4 s\u00e4\u00e4nt\u00f6 lis\u00e4\u00e4 ripauksen ainutlaatuisuutta tanskan kieleen.<\/p>\n\n\n\n<p>Toinen herttainen piirre tanskan kieliopissa on sen <strong>kahden sukupuolen j\u00e4rjestelm\u00e4<\/strong>. Vaikka jotkut kielet, kuten ranska <a href=\"https:\/\/talkpal.ai\/learn-thai\/\">tai<\/a> <a href=\"https:\/\/talkpal.ai\/learn-spanish\/\">espanja<\/a>, koostuvat erillisist\u00e4 sukupuolista maskuliiniselle ja feminiiniselle, tanska yksinkertaistaa t\u00e4t\u00e4 k\u00e4ytt\u00e4m\u00e4ll\u00e4 kahta p\u00e4\u00e4sukupuolta: yleinen ja neutri. Tanskan kieless\u00e4 useimmat substantiivit kuuluvat luokkaan &#8221;yleinen&#8221;, joten sukupuolisopimukset adjektiivien ja artikkelien kanssa ovat suhteellisen helppoja ymm\u00e4rt\u00e4\u00e4.<\/p>\n\n\n\n<p>Sukella <strong>verbien taivutuksen<\/strong> maailmaan ja huomaat, ett\u00e4 tanska ylitt\u00e4\u00e4 muut kielet yksinkertaisuudessaan. Tanskan verbit eiv\u00e4t muutu aiheen mukaan, joten eri muotojen muistaminen ja ymm\u00e4rt\u00e4minen on helppoa. <a href=\"https:\/\/talkpal.ai\/fi\/grammar\/saannolliset-verbit-makedonian-kielioppissa\/\">S\u00e4\u00e4nn\u00f6lliset verbit<\/a> noudattavat ennustettavia malleja, ja jopa <a href=\"https:\/\/talkpal.ai\/fi\/grammar\/epasaannolliset-verbit-azerbaidzanin-kielioppissa\/\">ep\u00e4s\u00e4\u00e4nn\u00f6lliset verbit<\/a> eiv\u00e4t aiheuta juurikaan haastetta, koska niiden ep\u00e4s\u00e4\u00e4nn\u00f6llisyydet ovat hyvin hienovaraisia.<\/p>\n\n\n\n<p><a href=\"https:\/\/talkpal.ai\/fi\/grammar\/kolmas-ehdollinen-tanskan-kielioppi\/\">Tanskan kielioppi<\/a> tarjoaa ainutlaatuisen ominaisuuden <strong>k\u00e4ytt\u00e4m\u00e4ll\u00e4 ep\u00e4m\u00e4\u00e4r\u00e4isi\u00e4, artikkeleita ja demonstraatioita<\/strong>. <a href=\"https:\/\/talkpal.ai\/fi\/grammar\/epamaarainen-artikkeli-bosnian-kielioppissa\/\">Ep\u00e4m\u00e4\u00e4r\u00e4inen artikkeli<\/a> vastaa englannissa &#8221;a&#8221; tai &#8221;an&#8221;, ja tanskassa se voi olla &#8221;en&#8221; tavalliselle sukupuolelle tai &#8221;et&#8221; neutriinisille substantiiveille. M\u00e4\u00e4r\u00e4inen artikkeli, joka on samanlainen kuin englannin &#8221;the&#8221;, liitet\u00e4\u00e4n itse substantiivin loppuun, jolloin se sulautuu yhdeksi sanaksi. Demonstratiivit, jotka osoittavat tiettyj\u00e4 substantiiveja, muuttuvat my\u00f6s substantiivin sukupuolen mukaan, mik\u00e4 lis\u00e4\u00e4 spesifisyytt\u00e4 ja vieh\u00e4tyst\u00e4.<\/p>\n\n\n\n<p>\u00c4lk\u00e4\u00e4mme unohtako <strong>tanskalaisen \u00e4\u00e4nt\u00e4misen<\/strong> kauneutta, joka edellytt\u00e4\u00e4 sen omaleimaisten vokaali\u00e4\u00e4nteiden ja pehmennettyjen konsonanttien tuntemusta. St\u00f8din (glottaalipys\u00e4kki) k\u00e4ytt\u00f6 erottaa sen edelleen muista germaanisista kielist\u00e4 ja antaa tanskalle sen ainutlaatuisen \u00e4\u00e4nen ja vieh\u00e4tyksen.<\/p>\n\n\n\n<p>Uppoutumalla tanskan kielioppiin opit paitsi uuden kielen my\u00f6s rikastutat kulttuuritiet\u00e4myst\u00e4si ja ymm\u00e4rryst\u00e4si Tanskasta ja sen kansasta. Vaikka <a href=\"https:\/\/talkpal.ai\/fi\/grammar\/kolmas-ehdollinen-tanskan-kielioppi\/\">tanskan kielioppi<\/a> on toisinaan haastavaa, se tarjoaa ainutlaatuisen oppimiskokemuksen, joka avaa oven lukemattomille vieh\u00e4tyksille ja ominaispiirteille, jotka tekev\u00e4t siit\u00e4 vastustamattoman kielen tutkia. Tartu siis kielikirjoihisi ja l\u00e4hde tanskan kielioppiseikkailulle, joka lupaa kiehtoa ja inspiroida sinua joka k\u00e4\u00e4nteess\u00e4!<\/p>\n<\/div><\/div>\n\r\n<section class=\"learnNavigationSection\">\r\n            \r\n        <a href=\"https:\/\/talkpal.ai\/fi\/opi-tanskaa\/\">\r\n            <div class=\"learnNavigationWrapper\">\r\n                <div class=\"learnNavigationContent\">\r\n                    <img decoding=\"async\" src=\"https:\/\/talkpal.ai\/wp-content\/uploads\/2024\/08\/Danish.jpg\" alt=\"Danish Flag\">\r\n                    <div>\r\n                        <h4>Tanskalaisesta oppimisesta<\/h4>\r\n                        <p>Tutustu tanskan kielioppiin.<\/p>\r\n                    <\/div>\r\n                <\/div>\r\n            <\/div>\r\n        <\/a>\r\n\r\n        \r\n        <a href=\"https:\/\/talkpal.ai\/fi\/tanskan-kielioppiharjoitukset\/\">\r\n            <div class=\"learnNavigationWrapper\">\r\n                <div class=\"learnNavigationContent\">\r\n                    <img decoding=\"async\" src=\"https:\/\/talkpal.ai\/wp-content\/uploads\/2024\/08\/Danish.jpg\" alt=\"Danish Flag\">\r\n                    <div>\r\n                        <h4>Tanskan kielioppiharjoitus<\/h4>\r\n                        <p>Harjoittele tanskan kielioppia.<\/p>\r\n                    <\/div>\r\n                <\/div>\r\n            <\/div>\r\n        <\/a>\r\n\r\n        \r\n        <a href=\"https:\/\/talkpal.ai\/vocabulary_language\/danish\/\">\r\n            <div class=\"learnNavigationWrapper\">\r\n                <div class=\"learnNavigationContent\">\r\n                    <img decoding=\"async\" src=\"https:\/\/talkpal.ai\/wp-content\/uploads\/2024\/08\/Danish.jpg\" alt=\"Danish Flag\">\r\n                    <div>\r\n                        <h4>Tanskan sanasto<\/h4>\r\n                        <p>Laajenna tanskan kielen sanavarastoasi.<\/p>\r\n                    <\/div>\r\n                <\/div>\r\n            <\/div>\r\n        <\/a>\r\n\r\n            <\/section>","protected":false},"excerpt":{"rendered":"<p>Syventyminen tanskan kieliopin syvyyksiin: sen ominaispiirteiden ja vieh\u00e4tyksen purkaminen Muistatko ajan, jolloin englannin kieliopin oppiminen tuntui yl\u00e4m\u00e4keen taistelulta lukuisine s\u00e4\u00e4nt\u00f6ineen, poikkeuksineen ja monimutkaisine termeineen? Jos olet nyt asettanut tavoitteeksesi tanskan kielen oppimisen, valmistaudu uuteen j\u00e4nnitt\u00e4v\u00e4\u00e4n matkaan tanskan kieliopin monimutkaisuuden ja ihanuuden l\u00e4pi. Tanska, pohjoisgermaaninen kieli, jakaa yht\u00e4l\u00e4isyyksi\u00e4 norjan ja ruotsin kaltaisten kielten kanssa. Sill\u00e4 on [&hellip;]<\/p>\n","protected":false},"author":1,"featured_media":28283,"parent":0,"menu_order":0,"comment_status":"closed","ping_status":"closed","template":"LearningContentPage.php","meta":{"_acf_changed":false,"footnotes":""},"class_list":["post-143571","page","type-page","status-publish","has-post-thumbnail","hentry"],"acf":[],"yoast_head":"<!-- This site is optimized with the Yoast SEO Premium plugin v27.2 (Yoast SEO v27.2) - https:\/\/yoast.com\/product\/yoast-seo-premium-wordpress\/ -->\n<title>Tanskan kielioppi - Talkpal<\/title>\n<meta name=\"description\" content=\"Tutustu tanskan kieliopin kiemuroihin ja sen ainutlaatuisiin s\u00e4\u00e4nt\u00f6ihin ja ominaisuuksiin. Opettele navigoimaan kielell\u00e4 vaivattomasti.\" \/>\n<meta name=\"robots\" content=\"index, follow, max-snippet:-1, max-image-preview:large, max-video-preview:-1\" \/>\n<link rel=\"canonical\" href=\"https:\/\/talkpal.ai\/fi\/tanskan-kielioppi\/\" \/>\n<meta property=\"og:locale\" content=\"fi_FI\" \/>\n<meta property=\"og:type\" content=\"article\" \/>\n<meta property=\"og:title\" content=\"Tanskan kielioppi\" \/>\n<meta property=\"og:description\" content=\"Syventyminen tanskan kieliopin syvyyksiin: sen ominaispiirteiden ja vieh\u00e4tyksen purkaminen Muistatko ajan, jolloin englannin kieliopin oppiminen tuntui\" \/>\n<meta property=\"og:url\" content=\"https:\/\/talkpal.ai\/fi\/tanskan-kielioppi\/\" \/>\n<meta property=\"og:site_name\" content=\"Talkpal\" \/>\n<meta property=\"article:publisher\" content=\"https:\/\/www.facebook.com\/profile.php?id=100090733639311\" \/>\n<meta property=\"article:modified_time\" content=\"2025-12-13T15:27:20+00:00\" \/>\n<meta property=\"og:image\" content=\"https:\/\/talkpal.ai\/wp-content\/uploads\/2023\/05\/denmark.png\" \/>\n\t<meta property=\"og:image:width\" content=\"512\" \/>\n\t<meta property=\"og:image:height\" content=\"512\" \/>\n\t<meta property=\"og:image:type\" content=\"image\/png\" \/>\n<meta name=\"twitter:card\" content=\"summary_large_image\" \/>\n<meta name=\"twitter:site\" content=\"@talkpalai\" \/>\n<meta name=\"twitter:label1\" content=\"Arvioitu lukuaika\" \/>\n\t<meta name=\"twitter:data1\" content=\"2 minuuttia\" \/>\n<script type=\"application\/ld+json\" class=\"yoast-schema-graph\">{\"@context\":\"https:\/\/schema.org\",\"@graph\":[{\"@type\":\"WebPage\",\"@id\":\"https:\/\/talkpal.ai\/fi\/tanskan-kielioppi\/\",\"url\":\"https:\/\/talkpal.ai\/fi\/tanskan-kielioppi\/\",\"name\":\"Tanskan kielioppi - Talkpal\",\"isPartOf\":{\"@id\":\"https:\/\/talkpal.ai\/fi\/#website\"},\"primaryImageOfPage\":{\"@id\":\"https:\/\/talkpal.ai\/fi\/tanskan-kielioppi\/#primaryimage\"},\"image\":{\"@id\":\"https:\/\/talkpal.ai\/fi\/tanskan-kielioppi\/#primaryimage\"},\"thumbnailUrl\":\"https:\/\/talkpal.ai\/wp-content\/uploads\/2023\/05\/denmark.png\",\"datePublished\":\"2023-05-14T14:03:23+00:00\",\"dateModified\":\"2025-12-13T15:27:20+00:00\",\"description\":\"Tutustu tanskan kieliopin kiemuroihin ja sen ainutlaatuisiin s\u00e4\u00e4nt\u00f6ihin ja ominaisuuksiin. Opettele navigoimaan kielell\u00e4 vaivattomasti.\",\"breadcrumb\":{\"@id\":\"https:\/\/talkpal.ai\/fi\/tanskan-kielioppi\/#breadcrumb\"},\"inLanguage\":\"fi\",\"potentialAction\":[{\"@type\":\"ReadAction\",\"target\":[\"https:\/\/talkpal.ai\/fi\/tanskan-kielioppi\/\"]}]},{\"@type\":\"ImageObject\",\"inLanguage\":\"fi\",\"@id\":\"https:\/\/talkpal.ai\/fi\/tanskan-kielioppi\/#primaryimage\",\"url\":\"https:\/\/talkpal.ai\/wp-content\/uploads\/2023\/05\/denmark.png\",\"contentUrl\":\"https:\/\/talkpal.ai\/wp-content\/uploads\/2023\/05\/denmark.png\",\"width\":512,\"height\":512},{\"@type\":\"BreadcrumbList\",\"@id\":\"https:\/\/talkpal.ai\/fi\/tanskan-kielioppi\/#breadcrumb\",\"itemListElement\":[{\"@type\":\"ListItem\",\"position\":1,\"name\":\"Homepage\",\"item\":\"https:\/\/talkpal.ai\/fi\/\"},{\"@type\":\"ListItem\",\"position\":2,\"name\":\"Tanskan kielioppi\"}]},{\"@type\":\"WebSite\",\"@id\":\"https:\/\/talkpal.ai\/fi\/#website\",\"url\":\"https:\/\/talkpal.ai\/fi\/\",\"name\":\"Talkpal\",\"description\":\"AI Language Learning\",\"publisher\":{\"@id\":\"https:\/\/talkpal.ai\/fi\/#organization\"},\"alternateName\":\"Talkpal AI\",\"potentialAction\":[{\"@type\":\"SearchAction\",\"target\":{\"@type\":\"EntryPoint\",\"urlTemplate\":\"https:\/\/talkpal.ai\/fi\/?s={search_term_string}\"},\"query-input\":{\"@type\":\"PropertyValueSpecification\",\"valueRequired\":true,\"valueName\":\"search_term_string\"}}],\"inLanguage\":\"fi\"},{\"@type\":\"Organization\",\"@id\":\"https:\/\/talkpal.ai\/fi\/#organization\",\"name\":\"Talkpal, Inc.\",\"alternateName\":\"Talkpal AI\",\"url\":\"https:\/\/talkpal.ai\/fi\/\",\"logo\":{\"@type\":\"ImageObject\",\"inLanguage\":\"fi\",\"@id\":\"https:\/\/talkpal.ai\/fi\/#\/schema\/logo\/image\/\",\"url\":\"https:\/\/talkpal.ai\/wp-content\/uploads\/2024\/03\/Talkpal-Logo-Icon.png\",\"contentUrl\":\"https:\/\/talkpal.ai\/wp-content\/uploads\/2024\/03\/Talkpal-Logo-Icon.png\",\"width\":2880,\"height\":2880,\"caption\":\"Talkpal, Inc.\"},\"image\":{\"@id\":\"https:\/\/talkpal.ai\/fi\/#\/schema\/logo\/image\/\"},\"sameAs\":[\"https:\/\/www.facebook.com\/profile.php?id=100090733639311\",\"https:\/\/x.com\/talkpalai\",\"https:\/\/www.linkedin.com\/company\/talkpal\/\",\"https:\/\/www.youtube.com\/@TalkPal\/\",\"https:\/\/www.tiktok.com\/@talkpal\",\"https:\/\/www.instagram.com\/talkpal_ai\/\",\"https:\/\/www.crunchbase.com\/organization\/talkpal-9cde\",\"https:\/\/www.g2.com\/products\/talkpal-for-business\/\",\"https:\/\/www.trustpilot.com\/review\/talkpal.ai\",\"https:\/\/www.capterra.com\/p\/10006800\/TalkPal\/\"],\"description\":\"Talkpal is a language learning web and mobile education app, powered by the latest AI technologies, that provides engaging experiences to its customers in many different languages to help them improve their language skills. Users can chat about unlimited amount of topics with the app and use other modes to practice their language learning.\",\"email\":\"support@talkpal.ai\",\"legalName\":\"Talkpal, Inc.\",\"foundingDate\":\"2023-04-03\",\"duns\":\"118989042\",\"numberOfEmployees\":{\"@type\":\"QuantitativeValue\",\"minValue\":\"11\",\"maxValue\":\"50\"},\"publishingPrinciples\":\"https:\/\/talkpal.ai\/publishing-principles\/\",\"actionableFeedbackPolicy\":\"https:\/\/talkpal.ai\/actionable-feedback-policy\/\",\"correctionsPolicy\":\"https:\/\/talkpal.ai\/corrections-policy\/\",\"ethicsPolicy\":\"https:\/\/talkpal.ai\/ethics-policy\/\",\"diversityPolicy\":\"https:\/\/talkpal.ai\/diversity-policy\/\",\"diversityStaffingReport\":\"https:\/\/talkpal.ai\/diversity-policy\/\"}]}<\/script>\n<!-- \/ Yoast SEO Premium plugin. -->","yoast_head_json":{"title":"Tanskan kielioppi - Talkpal","description":"Tutustu tanskan kieliopin kiemuroihin ja sen ainutlaatuisiin s\u00e4\u00e4nt\u00f6ihin ja ominaisuuksiin. Opettele navigoimaan kielell\u00e4 vaivattomasti.","robots":{"index":"index","follow":"follow","max-snippet":"max-snippet:-1","max-image-preview":"max-image-preview:large","max-video-preview":"max-video-preview:-1"},"canonical":"https:\/\/talkpal.ai\/fi\/tanskan-kielioppi\/","og_locale":"fi_FI","og_type":"article","og_title":"Tanskan kielioppi","og_description":"Syventyminen tanskan kieliopin syvyyksiin: sen ominaispiirteiden ja vieh\u00e4tyksen purkaminen Muistatko ajan, jolloin englannin kieliopin oppiminen tuntui","og_url":"https:\/\/talkpal.ai\/fi\/tanskan-kielioppi\/","og_site_name":"Talkpal","article_publisher":"https:\/\/www.facebook.com\/profile.php?id=100090733639311","article_modified_time":"2025-12-13T15:27:20+00:00","og_image":[{"width":512,"height":512,"url":"https:\/\/talkpal.ai\/wp-content\/uploads\/2023\/05\/denmark.png","type":"image\/png"}],"twitter_card":"summary_large_image","twitter_site":"@talkpalai","twitter_misc":{"Arvioitu lukuaika":"2 minuuttia"},"schema":{"@context":"https:\/\/schema.org","@graph":[{"@type":"WebPage","@id":"https:\/\/talkpal.ai\/fi\/tanskan-kielioppi\/","url":"https:\/\/talkpal.ai\/fi\/tanskan-kielioppi\/","name":"Tanskan kielioppi - Talkpal","isPartOf":{"@id":"https:\/\/talkpal.ai\/fi\/#website"},"primaryImageOfPage":{"@id":"https:\/\/talkpal.ai\/fi\/tanskan-kielioppi\/#primaryimage"},"image":{"@id":"https:\/\/talkpal.ai\/fi\/tanskan-kielioppi\/#primaryimage"},"thumbnailUrl":"https:\/\/talkpal.ai\/wp-content\/uploads\/2023\/05\/denmark.png","datePublished":"2023-05-14T14:03:23+00:00","dateModified":"2025-12-13T15:27:20+00:00","description":"Tutustu tanskan kieliopin kiemuroihin ja sen ainutlaatuisiin s\u00e4\u00e4nt\u00f6ihin ja ominaisuuksiin. Opettele navigoimaan kielell\u00e4 vaivattomasti.","breadcrumb":{"@id":"https:\/\/talkpal.ai\/fi\/tanskan-kielioppi\/#breadcrumb"},"inLanguage":"fi","potentialAction":[{"@type":"ReadAction","target":["https:\/\/talkpal.ai\/fi\/tanskan-kielioppi\/"]}]},{"@type":"ImageObject","inLanguage":"fi","@id":"https:\/\/talkpal.ai\/fi\/tanskan-kielioppi\/#primaryimage","url":"https:\/\/talkpal.ai\/wp-content\/uploads\/2023\/05\/denmark.png","contentUrl":"https:\/\/talkpal.ai\/wp-content\/uploads\/2023\/05\/denmark.png","width":512,"height":512},{"@type":"BreadcrumbList","@id":"https:\/\/talkpal.ai\/fi\/tanskan-kielioppi\/#breadcrumb","itemListElement":[{"@type":"ListItem","position":1,"name":"Homepage","item":"https:\/\/talkpal.ai\/fi\/"},{"@type":"ListItem","position":2,"name":"Tanskan kielioppi"}]},{"@type":"WebSite","@id":"https:\/\/talkpal.ai\/fi\/#website","url":"https:\/\/talkpal.ai\/fi\/","name":"Talkpal","description":"AI Language Learning","publisher":{"@id":"https:\/\/talkpal.ai\/fi\/#organization"},"alternateName":"Talkpal AI","potentialAction":[{"@type":"SearchAction","target":{"@type":"EntryPoint","urlTemplate":"https:\/\/talkpal.ai\/fi\/?s={search_term_string}"},"query-input":{"@type":"PropertyValueSpecification","valueRequired":true,"valueName":"search_term_string"}}],"inLanguage":"fi"},{"@type":"Organization","@id":"https:\/\/talkpal.ai\/fi\/#organization","name":"Talkpal, Inc.","alternateName":"Talkpal AI","url":"https:\/\/talkpal.ai\/fi\/","logo":{"@type":"ImageObject","inLanguage":"fi","@id":"https:\/\/talkpal.ai\/fi\/#\/schema\/logo\/image\/","url":"https:\/\/talkpal.ai\/wp-content\/uploads\/2024\/03\/Talkpal-Logo-Icon.png","contentUrl":"https:\/\/talkpal.ai\/wp-content\/uploads\/2024\/03\/Talkpal-Logo-Icon.png","width":2880,"height":2880,"caption":"Talkpal, Inc."},"image":{"@id":"https:\/\/talkpal.ai\/fi\/#\/schema\/logo\/image\/"},"sameAs":["https:\/\/www.facebook.com\/profile.php?id=100090733639311","https:\/\/x.com\/talkpalai","https:\/\/www.linkedin.com\/company\/talkpal\/","https:\/\/www.youtube.com\/@TalkPal\/","https:\/\/www.tiktok.com\/@talkpal","https:\/\/www.instagram.com\/talkpal_ai\/","https:\/\/www.crunchbase.com\/organization\/talkpal-9cde","https:\/\/www.g2.com\/products\/talkpal-for-business\/","https:\/\/www.trustpilot.com\/review\/talkpal.ai","https:\/\/www.capterra.com\/p\/10006800\/TalkPal\/"],"description":"Talkpal is a language learning web and mobile education app, powered by the latest AI technologies, that provides engaging experiences to its customers in many different languages to help them improve their language skills. Users can chat about unlimited amount of topics with the app and use other modes to practice their language learning.","email":"support@talkpal.ai","legalName":"Talkpal, Inc.","foundingDate":"2023-04-03","duns":"118989042","numberOfEmployees":{"@type":"QuantitativeValue","minValue":"11","maxValue":"50"},"publishingPrinciples":"https:\/\/talkpal.ai\/publishing-principles\/","actionableFeedbackPolicy":"https:\/\/talkpal.ai\/actionable-feedback-policy\/","correctionsPolicy":"https:\/\/talkpal.ai\/corrections-policy\/","ethicsPolicy":"https:\/\/talkpal.ai\/ethics-policy\/","diversityPolicy":"https:\/\/talkpal.ai\/diversity-policy\/","diversityStaffingReport":"https:\/\/talkpal.ai\/diversity-policy\/"}]}},"_links":{"self":[{"href":"https:\/\/talkpal.ai\/fi\/wp-json\/wp\/v2\/pages\/143571","targetHints":{"allow":["GET"]}}],"collection":[{"href":"https:\/\/talkpal.ai\/fi\/wp-json\/wp\/v2\/pages"}],"about":[{"href":"https:\/\/talkpal.ai\/fi\/wp-json\/wp\/v2\/types\/page"}],"author":[{"embeddable":true,"href":"https:\/\/talkpal.ai\/fi\/wp-json\/wp\/v2\/users\/1"}],"replies":[{"embeddable":true,"href":"https:\/\/talkpal.ai\/fi\/wp-json\/wp\/v2\/comments?post=143571"}],"version-history":[{"count":0,"href":"https:\/\/talkpal.ai\/fi\/wp-json\/wp\/v2\/pages\/143571\/revisions"}],"wp:featuredmedia":[{"embeddable":true,"href":"https:\/\/talkpal.ai\/fi\/wp-json\/wp\/v2\/media\/28283"}],"wp:attachment":[{"href":"https:\/\/talkpal.ai\/fi\/wp-json\/wp\/v2\/media?parent=143571"}],"curies":[{"name":"wp","href":"https:\/\/api.w.org\/{rel}","templated":true}]}}