{"id":143248,"date":"2023-05-14T14:03:07","date_gmt":"2023-05-14T14:03:07","guid":{"rendered":"http:\/\/talkpal.ai\/tsekin-kielioppi\/"},"modified":"2025-12-13T15:23:31","modified_gmt":"2025-12-13T15:23:31","slug":"tsekin-kielioppi","status":"publish","type":"page","link":"https:\/\/talkpal.ai\/fi\/tsekin-kielioppi\/","title":{"rendered":"T\u0161ekin kielioppi"},"content":{"rendered":"\r\n\r\n\r\n<section class=\"languageChallengeSection\">\r\n    <div class=\"languageInfoWrapper\">\r\n        \r\n        <h1>T\u0161ekin kielioppi<\/h1>\r\n        <p>Tutustu t\u0161ekin kieliopin kiemuroihin ja avaa ovi t\u00e4m\u00e4n keskieurooppalaisen kielen ymm\u00e4rt\u00e4miseen. Kun hallitset keskeiset s\u00e4\u00e4nn\u00f6t ja mallit, voit kommunikoida tehokkaammin ja saada syv\u00e4llisemp\u00e4\u00e4 tietoa t\u0161ekkil\u00e4isest\u00e4 kulttuurista. Aloita t\u0161ekin kieliopin opiskelu jo t\u00e4n\u00e4\u00e4n ja ota ensimm\u00e4inen askel kohti sujuvuutta!<\/p>\r\n\r\n                            <a class=\"getStartedHidden\" href=\"https:\/\/app.talkpal.ai\/fi\/signup?lng=\">Aloita<\/a>\r\n        \r\n    <\/div>\r\n\r\n    <figure>\r\n    <img decoding=\"async\" width=\"768\" height=\"768\" src=\"https:\/\/talkpal.ai\/wp-content\/uploads\/2023\/06\/Czech-768x768.png\" class=\"languageImage no-lazy\" alt=\"Default alt text\" fetchpriority=\"high\" sizes=\"(max-width: 768px) 150px, 768px\" srcset=\"https:\/\/talkpal.ai\/wp-content\/uploads\/2023\/06\/Czech-768x768.png 768w, https:\/\/talkpal.ai\/wp-content\/uploads\/2023\/06\/Czech-300x300.png 300w\" \/>\r\n    \r\n\r\n    <\/figure>\r\n\r\n            <a class=\"getStartedVisible\" href=\"https:\/\/app.talkpal.ai\/fi\/signup?lng=\">Aloita<\/a>\r\n    \r\n<\/section>\r\n        <section class=\"grammarSection\">\r\n            <div class=\"grammarLinks\">\r\n                <a href=\"https:\/\/talkpal.ai\/fi\/language\/adjektiivit-tsekin-kielioppi\/\">Adjektiivit <\/a><a href=\"https:\/\/talkpal.ai\/fi\/language\/adverbit-tsekin-kielioppi\/\">Adverbit <\/a><a href=\"https:\/\/talkpal.ai\/fi\/language\/aikamuodot-tsekin-kielioppi\/\">Aikamuodot <\/a><a href=\"https:\/\/talkpal.ai\/fi\/language\/aikamuotojen-vertailu-tsekin-kielioppi\/\">Aikamuotojen vertailu <\/a><a href=\"https:\/\/talkpal.ai\/fi\/language\/artikkelit-tsekin-kielioppi\/\">Artikkelit <\/a><a href=\"https:\/\/talkpal.ai\/fi\/language\/konditionaalit-tsekin-kielioppi\/\">Konditionaalit <\/a><a href=\"https:\/\/talkpal.ai\/fi\/language\/lauseet-tsekin-kielioppi\/\">Lauseet <\/a><a href=\"https:\/\/talkpal.ai\/fi\/language\/prepositiot-tsekin-kielioppi\/\">Prepositiot <\/a><a href=\"https:\/\/talkpal.ai\/fi\/language\/progressiivinen-tsekin-kielioppi\/\">Progressiivinen <\/a><a href=\"https:\/\/talkpal.ai\/fi\/language\/pronominit-maaritteet-tsekin-kielioppi\/\">Pronominit\/m\u00e4\u00e4ritteet <\/a><a href=\"https:\/\/talkpal.ai\/fi\/language\/substantiivit-tsekin-kielioppi\/\">Substantiivit <\/a><a href=\"https:\/\/talkpal.ai\/fi\/language\/taydellinen-progressiivinen-tsekin-kielioppi\/\">T\u00e4ydellinen progressiivinen <\/a><a href=\"https:\/\/talkpal.ai\/fi\/language\/verbit-tsekin-kielioppi\/\">Verbit <\/a>            <\/div>\r\n        <\/section>\r\n    <section class=\"promotionalBanner\">\r\n    <p class=\"promotionalText\">Tehokkain tapa oppia kielt\u00e4<\/p>\r\n    <a class=\"promotionalLink\" href=\"https:\/\/app.talkpal.ai\/fi\/signup?lng=\">Kokeile Talkpal ilmaiseksi<\/a>\r\n<\/section>\n<div class=\"wp-block-group pageContainerStyle\"><div class=\"wp-block-group__inner-container is-layout-constrained wp-block-group-is-layout-constrained\">\n<h2 class=\"wp-block-heading\" id=\"h-czech-grammar-making-sense-of-the-czech-language-s-unique-structure\">T\u0161ekin kielioppi: t\u0161ekin kielen ainutlaatuisen rakenteen ymm\u00e4rt\u00e4minen<\/h2>\n\n\n\n<p>Jos olet koskaan yritt\u00e4nyt oppia t\u0161ekki\u00e4 &#8211; <a href=\"https:\/\/talkpal.ai\/learn-thai\/\">tai<\/a> edes vain lukenut t\u0161ekkil\u00e4ist\u00e4 artikkelia tai kirjaa &#8211; olet todenn\u00e4k\u00f6isesti huomannut, ett\u00e4 sen kielioppi voi olla melko haastavaa. T\u0161ekin kielioppia, jota pidet\u00e4\u00e4n laajalti yhten\u00e4 monimutkaisimmista kielij\u00e4rjestelmist\u00e4, on h\u00e4mment\u00e4nyt monia ulkomaalaisia opiskelijoita. Mutta \u00e4l\u00e4 anna sen pelottaa sinua! T\u0161ekin kieliopin erityispiirteet tekev\u00e4t siit\u00e4 kiehtovan ja ainutlaatuisen. T\u00e4ss\u00e4 artikkelissa selvit\u00e4mme muutamia t\u0161ekin kieliopin keskeisi\u00e4 elementtej\u00e4 keskustelunomaisesti, jotta voit ymm\u00e4rt\u00e4\u00e4 t\u00e4t\u00e4 kaunista kielt\u00e4 syv\u00e4llisemmin.<\/p>\n\n\n\n<h3 class=\"wp-block-heading\" id=\"h-1-nouns-declensions-and-cases-galore\">1. Substantiivit &#8211; julistuksia ja tapauksia yllin kyllin!<\/h3>\n\n\n\n<p>Yksi ensimm\u00e4isist\u00e4 asioista, jotka huomaat t\u0161ekin kieliopissa, on sen substantiivien deklinaatiot. Deklinaatio on ryhm\u00e4 substantiiveja, joilla on samanlaiset kieliopilliset piirteet, ja t\u0161ekill\u00e4 on jopa 14 erillist\u00e4 julistusta. Milt\u00e4 kuulostaa monipuolisuus? Jokaisella taivutuksella on erityinen malli yksikk\u00f6- ja monikkosubstantiivimuotojen esitt\u00e4miseksi.<\/p>\n\n\n\n<p>T\u0161ekkil\u00e4isill\u00e4 substantiiveilla on my\u00f6s seitsem\u00e4n eri tapausta: nominatiivi, genetiivi, datiivi, akkusatiivi, vokatiivi, lokatiivi ja instrumentaali. Vaikka t\u00e4llainen m\u00e4\u00e4r\u00e4 saattaa tuntua pelottavalta, on t\u00e4rke\u00e4\u00e4 oppia n\u00e4ist\u00e4 tapauksista, koska ne ovat keskeisi\u00e4 merkityksen v\u00e4litt\u00e4misen kannalta. Esimerkiksi t\u0161ekin kieless\u00e4 sanaj\u00e4rjestys ei ole yht\u00e4 t\u00e4rke\u00e4 kuin englannissa, vaan sanojen v\u00e4liset suhteet ilmaistaan tavuilla.<\/p>\n\n\n\n<h3 class=\"wp-block-heading\" id=\"h-2-adjectives-agreeing-with-nouns\">2. Adjektiivit &#8211; Substantiivien kanssa sopiminen<\/h3>\n\n\n\n<p>T\u0161ekkil\u00e4isill\u00e4 adjektiiveilla on erityinen velvollisuus: niiden on oltava samaa mielt\u00e4 substantiivien kanssa, joita ne muuttavat sukupuolen, lukum\u00e4\u00e4r\u00e4n ja kirjainkoon mukaan. Ajattele sit\u00e4 dynaamisena duona, kielioppitangona, jossa toinen puolisko mukautuu sulavasti t\u00e4ydent\u00e4m\u00e4\u00e4n toista. T\u00e4m\u00e4 sopimus auttaa luomaan lauseiden harmoniaa ja lis\u00e4\u00e4 selkeytt\u00e4.<\/p>\n\n\n\n<p>Esimerkiksi t\u0161ekin kielen sana &#8221;kaunis&#8221; on &#8221;kr\u00e1sn\u00fd&#8221;. Jos kuvaat kaunista taloa (d\u016fm), joka on maskuliininen, k\u00e4yt\u00e4t sanaa &#8221;kr\u00e1sn\u00fd d\u016fm&#8221;. Kaunis tytt\u00f6 (d\u00edvka), joka on feminiininen, on &#8221;kr\u00e1sn\u00e1 d\u00edvka&#8221;. Ja kauniista p\u00e4iv\u00e4st\u00e4 (den), joka on neutri, sanotaan &#8221;kr\u00e1sn\u00fd den&#8221;. Katso, miten adjektiivi tanssii substantiivin kanssa?<\/p>\n\n\n\n<h3 class=\"wp-block-heading\" id=\"h-3-verbs-the-art-of-conjugation\">3. Verbit \u2013 taivuttamisen taito<\/h3>\n\n\n\n<p>T\u0161ekiss\u00e4 taivutustaito \u2013 eli verbimuotojen muuttaminen aikamuodon, mielialan ja persoonan perusteella \u2013 el\u00e4\u00e4 omaa el\u00e4m\u00e4\u00e4ns\u00e4. T\u0161ekin verbit jakautuvat kahteen luokkaan: t\u00e4ydellinen ja imperfektiivinen. Perfektiiviset verbit osoittavat, ett\u00e4 toiminta on suoritettu, kun taas ep\u00e4t\u00e4ydelliset verbit viittaavat jatkuviin tai tavanomaisiin toimiin.  <\/p>\n\n\n\n<p>T\u0161ekin kieliopissa on j\u00e4nnitt\u00e4vi\u00e4 omituisuuksia verbien suhteen. Esimerkiksi futuurimuoto muodostuu s\u00e4\u00e4nn\u00f6llisesti vain imperfektiivisille verbeille. T\u00e4ydellisille verbeille se sulautuu nykyiseen aikaan! Erityisen passiivisen \u00e4\u00e4nen sijaan <a href=\"https:\/\/talkpal.ai\/learn-czech\/\">t\u0161ekki<\/a> sis\u00e4lt\u00e4\u00e4 passiivisia rakenteita apuverbien avulla. \u00c4lk\u00e4\u00e4mme unohtako my\u00f6sk\u00e4\u00e4n t\u0161ekin kielen refleksiiviverbej\u00e4, joissa toiminta palautuu takaisin subjektiin, mik\u00e4 tuo t\u00e4h\u00e4n kiehtovaan kieleen lis\u00e4\u00e4 vivahteita.<\/p>\n\n\n\n<h3 class=\"wp-block-heading\" id=\"h-4-pronouns-the-mirror-of-linguistic-diversity\">4. Pronominit: kielellisen monimuotoisuuden peili<\/h3>\n\n\n\n<p>T\u0161ekin kieliopin pronominit &#8211; puhumme persoonapronominista, omistuspronominista, demonstratiivipronominista, kysymyspronominista ja relatiivipronominista &#8211; ovat kaikki yht\u00e4 monimuotoisia kuin muutkin puheen osat. Heid\u00e4nkin on oltava sukupuoleltaan, lukum\u00e4\u00e4r\u00e4lt\u00e4\u00e4n ja sijaltaan samaa mielt\u00e4 substantiivien kanssa, jotka he korvaavat tai joihin he viittaavat.<\/p>\n\n\n\n<p>Jos esimerkiksi puhut kirjasta, josta pid\u00e4t, sanot &#8221;<a href=\"https:\/\/talkpal.ai\/culture\/how-to-say-i-like-in-slovak-using-mam-rad\/\">M\u00e1m r\u00e1d<\/a> tu knihu&#8221; (Pid\u00e4n tuosta kirjasta). T\u00e4ss\u00e4 &#8221;tu&#8221; on demonstratiivipronominin &#8221;ett\u00e4&#8221; feminiininen muoto, joka sopii yhteen &#8221;kniha&#8221; (kirja) kanssa, joka on my\u00f6s feminiininen.<\/p>\n\n\n\n<h3 class=\"wp-block-heading\" id=\"h-5-embracing-the-challenge\">5. Haasteen vastaanottaminen<\/h3>\n\n\n\n<p><a href=\"https:\/\/talkpal.ai\/fi\/grammar\/asia-tsekin-kielioppi\/\">T\u0161ekin kielioppi<\/a> voi olla h\u00e4mment\u00e4v\u00e4\u00e4 ja pelottavaa, mutta juuri se tekee t\u00e4st\u00e4 kiehtovasta kielest\u00e4 ainutlaatuisen. \u00c4l\u00e4 kaihda haastetta! Muista, ett\u00e4 kyse ei ole siit\u00e4, ett\u00e4 hallitset kaiken kerralla, vaan siit\u00e4, ett\u00e4 edistyt askel askeleelta. Ota aikaa ymm\u00e4rt\u00e4\u00e4ksesi t\u0161ekin kieliopin ainutlaatuista j\u00e4rjestelm\u00e4\u00e4, ja olet hyv\u00e4ss\u00e4 vauhdissa hallitsemaan t\u00e4t\u00e4 kaunista ja monimutkaista kielt\u00e4. Ja kun omaksut t\u0161ekin kieliopin tarjoamat ihastuttavat vivahteet, huomaat ep\u00e4ilem\u00e4tt\u00e4 arvostavasi sen monimutkaisuutta. Hyv\u00e4\u00e4 oppimista!<\/p>\n<\/div><\/div>\n\r\n<section class=\"learnNavigationSection\">\r\n            \r\n        <a href=\"https:\/\/talkpal.ai\/fi\/opi-tsekkia\/\">\r\n            <div class=\"learnNavigationWrapper\">\r\n                <div class=\"learnNavigationContent\">\r\n                    <img decoding=\"async\" src=\"https:\/\/talkpal.ai\/wp-content\/uploads\/2024\/08\/Czech.jpg\" alt=\"Czech Flag\">\r\n                    <div>\r\n                        <h4>T\u0161ekin oppimisesta<\/h4>\r\n                        <p>Tutustu t\u0161ekin kielioppiin.<\/p>\r\n                    <\/div>\r\n                <\/div>\r\n            <\/div>\r\n        <\/a>\r\n\r\n        \r\n        <a href=\"https:\/\/talkpal.ai\/fi\/tsekin-kielioppiharjoitukset\/\">\r\n            <div class=\"learnNavigationWrapper\">\r\n                <div class=\"learnNavigationContent\">\r\n                    <img decoding=\"async\" src=\"https:\/\/talkpal.ai\/wp-content\/uploads\/2024\/08\/Czech.jpg\" alt=\"Czech Flag\">\r\n                    <div>\r\n                        <h4>T\u0161ekin kielioppiharjoitus<\/h4>\r\n                        <p>Harjoittele t\u0161ekin kielioppia.<\/p>\r\n                    <\/div>\r\n                <\/div>\r\n            <\/div>\r\n        <\/a>\r\n\r\n        \r\n        <a href=\"https:\/\/talkpal.ai\/vocabulary_language\/czech\/\">\r\n            <div class=\"learnNavigationWrapper\">\r\n                <div class=\"learnNavigationContent\">\r\n                    <img decoding=\"async\" src=\"https:\/\/talkpal.ai\/wp-content\/uploads\/2024\/08\/Czech.jpg\" alt=\"Czech Flag\">\r\n                    <div>\r\n                        <h4>T\u0161ekin sanasto<\/h4>\r\n                        <p>Laajenna t\u0161ekin kielen sanavarastoasi.<\/p>\r\n                    <\/div>\r\n                <\/div>\r\n            <\/div>\r\n        <\/a>\r\n\r\n            <\/section>","protected":false},"excerpt":{"rendered":"<p>T\u0161ekin kielioppi: t\u0161ekin kielen ainutlaatuisen rakenteen ymm\u00e4rt\u00e4minen Jos olet koskaan yritt\u00e4nyt oppia t\u0161ekki\u00e4 &#8211; tai edes vain lukenut t\u0161ekkil\u00e4ist\u00e4 artikkelia tai kirjaa &#8211; olet todenn\u00e4k\u00f6isesti huomannut, ett\u00e4 sen kielioppi voi olla melko haastavaa. T\u0161ekin kielioppia, jota pidet\u00e4\u00e4n laajalti yhten\u00e4 monimutkaisimmista kielij\u00e4rjestelmist\u00e4, on h\u00e4mment\u00e4nyt monia ulkomaalaisia opiskelijoita. Mutta \u00e4l\u00e4 anna sen pelottaa sinua! T\u0161ekin kieliopin erityispiirteet [&hellip;]<\/p>\n","protected":false},"author":1,"featured_media":28267,"parent":0,"menu_order":0,"comment_status":"closed","ping_status":"closed","template":"LearningContentPage.php","meta":{"_acf_changed":false,"footnotes":""},"class_list":["post-143248","page","type-page","status-publish","has-post-thumbnail","hentry"],"acf":[],"yoast_head":"<!-- This site is optimized with the Yoast SEO Premium plugin v27.2 (Yoast SEO v27.2) - https:\/\/yoast.com\/product\/yoast-seo-premium-wordpress\/ -->\n<title>T\u0161ekin kielioppi - Talkpal<\/title>\n<meta name=\"description\" content=\"Avaa t\u0161ekin kieliopin salaisuudet. Tutustu sen ainutlaatuiseen monimutkaisuuteen ja siihen, miten hallitset substantiivien deklinaatiot tehokkaasti.\" \/>\n<meta name=\"robots\" content=\"index, follow, max-snippet:-1, max-image-preview:large, max-video-preview:-1\" \/>\n<link rel=\"canonical\" href=\"https:\/\/talkpal.ai\/fi\/tsekin-kielioppi\/\" \/>\n<meta property=\"og:locale\" content=\"fi_FI\" \/>\n<meta property=\"og:type\" content=\"article\" \/>\n<meta property=\"og:title\" content=\"T\u0161ekin kielioppi\" \/>\n<meta property=\"og:description\" content=\"T\u0161ekin kielioppi: t\u0161ekin kielen ainutlaatuisen rakenteen ymm\u00e4rt\u00e4minen Jos olet koskaan yritt\u00e4nyt oppia t\u0161ekki\u00e4 - tai edes vain lukenut t\u0161ekkil\u00e4ist\u00e4\" \/>\n<meta property=\"og:url\" content=\"https:\/\/talkpal.ai\/fi\/tsekin-kielioppi\/\" \/>\n<meta property=\"og:site_name\" content=\"Talkpal\" \/>\n<meta property=\"article:publisher\" content=\"https:\/\/www.facebook.com\/profile.php?id=100090733639311\" \/>\n<meta property=\"article:modified_time\" content=\"2025-12-13T15:23:31+00:00\" \/>\n<meta property=\"og:image\" content=\"https:\/\/talkpal.ai\/wp-content\/uploads\/2023\/05\/czech-republic.png\" \/>\n\t<meta property=\"og:image:width\" content=\"512\" \/>\n\t<meta property=\"og:image:height\" content=\"512\" \/>\n\t<meta property=\"og:image:type\" content=\"image\/png\" \/>\n<meta name=\"twitter:card\" content=\"summary_large_image\" \/>\n<meta name=\"twitter:site\" content=\"@talkpalai\" \/>\n<meta name=\"twitter:label1\" content=\"Arvioitu lukuaika\" \/>\n\t<meta name=\"twitter:data1\" content=\"3 minuuttia\" \/>\n<script type=\"application\/ld+json\" class=\"yoast-schema-graph\">{\"@context\":\"https:\/\/schema.org\",\"@graph\":[{\"@type\":\"WebPage\",\"@id\":\"https:\/\/talkpal.ai\/fi\/tsekin-kielioppi\/\",\"url\":\"https:\/\/talkpal.ai\/fi\/tsekin-kielioppi\/\",\"name\":\"T\u0161ekin kielioppi - Talkpal\",\"isPartOf\":{\"@id\":\"https:\/\/talkpal.ai\/fi\/#website\"},\"primaryImageOfPage\":{\"@id\":\"https:\/\/talkpal.ai\/fi\/tsekin-kielioppi\/#primaryimage\"},\"image\":{\"@id\":\"https:\/\/talkpal.ai\/fi\/tsekin-kielioppi\/#primaryimage\"},\"thumbnailUrl\":\"https:\/\/talkpal.ai\/wp-content\/uploads\/2023\/05\/czech-republic.png\",\"datePublished\":\"2023-05-14T14:03:07+00:00\",\"dateModified\":\"2025-12-13T15:23:31+00:00\",\"description\":\"Avaa t\u0161ekin kieliopin salaisuudet. Tutustu sen ainutlaatuiseen monimutkaisuuteen ja siihen, miten hallitset substantiivien deklinaatiot tehokkaasti.\",\"breadcrumb\":{\"@id\":\"https:\/\/talkpal.ai\/fi\/tsekin-kielioppi\/#breadcrumb\"},\"inLanguage\":\"fi\",\"potentialAction\":[{\"@type\":\"ReadAction\",\"target\":[\"https:\/\/talkpal.ai\/fi\/tsekin-kielioppi\/\"]}]},{\"@type\":\"ImageObject\",\"inLanguage\":\"fi\",\"@id\":\"https:\/\/talkpal.ai\/fi\/tsekin-kielioppi\/#primaryimage\",\"url\":\"https:\/\/talkpal.ai\/wp-content\/uploads\/2023\/05\/czech-republic.png\",\"contentUrl\":\"https:\/\/talkpal.ai\/wp-content\/uploads\/2023\/05\/czech-republic.png\",\"width\":512,\"height\":512},{\"@type\":\"BreadcrumbList\",\"@id\":\"https:\/\/talkpal.ai\/fi\/tsekin-kielioppi\/#breadcrumb\",\"itemListElement\":[{\"@type\":\"ListItem\",\"position\":1,\"name\":\"Homepage\",\"item\":\"https:\/\/talkpal.ai\/fi\/\"},{\"@type\":\"ListItem\",\"position\":2,\"name\":\"T\u0161ekin kielioppi\"}]},{\"@type\":\"WebSite\",\"@id\":\"https:\/\/talkpal.ai\/fi\/#website\",\"url\":\"https:\/\/talkpal.ai\/fi\/\",\"name\":\"Talkpal\",\"description\":\"AI Language Learning\",\"publisher\":{\"@id\":\"https:\/\/talkpal.ai\/fi\/#organization\"},\"alternateName\":\"Talkpal AI\",\"potentialAction\":[{\"@type\":\"SearchAction\",\"target\":{\"@type\":\"EntryPoint\",\"urlTemplate\":\"https:\/\/talkpal.ai\/fi\/?s={search_term_string}\"},\"query-input\":{\"@type\":\"PropertyValueSpecification\",\"valueRequired\":true,\"valueName\":\"search_term_string\"}}],\"inLanguage\":\"fi\"},{\"@type\":\"Organization\",\"@id\":\"https:\/\/talkpal.ai\/fi\/#organization\",\"name\":\"Talkpal, Inc.\",\"alternateName\":\"Talkpal AI\",\"url\":\"https:\/\/talkpal.ai\/fi\/\",\"logo\":{\"@type\":\"ImageObject\",\"inLanguage\":\"fi\",\"@id\":\"https:\/\/talkpal.ai\/fi\/#\/schema\/logo\/image\/\",\"url\":\"https:\/\/talkpal.ai\/wp-content\/uploads\/2024\/03\/Talkpal-Logo-Icon.png\",\"contentUrl\":\"https:\/\/talkpal.ai\/wp-content\/uploads\/2024\/03\/Talkpal-Logo-Icon.png\",\"width\":2880,\"height\":2880,\"caption\":\"Talkpal, Inc.\"},\"image\":{\"@id\":\"https:\/\/talkpal.ai\/fi\/#\/schema\/logo\/image\/\"},\"sameAs\":[\"https:\/\/www.facebook.com\/profile.php?id=100090733639311\",\"https:\/\/x.com\/talkpalai\",\"https:\/\/www.linkedin.com\/company\/talkpal\/\",\"https:\/\/www.youtube.com\/@TalkPal\/\",\"https:\/\/www.tiktok.com\/@talkpal\",\"https:\/\/www.instagram.com\/talkpal_ai\/\",\"https:\/\/www.crunchbase.com\/organization\/talkpal-9cde\",\"https:\/\/www.g2.com\/products\/talkpal-for-business\/\",\"https:\/\/www.trustpilot.com\/review\/talkpal.ai\",\"https:\/\/www.capterra.com\/p\/10006800\/TalkPal\/\"],\"description\":\"Talkpal is a language learning web and mobile education app, powered by the latest AI technologies, that provides engaging experiences to its customers in many different languages to help them improve their language skills. Users can chat about unlimited amount of topics with the app and use other modes to practice their language learning.\",\"email\":\"support@talkpal.ai\",\"legalName\":\"Talkpal, Inc.\",\"foundingDate\":\"2023-04-03\",\"duns\":\"118989042\",\"numberOfEmployees\":{\"@type\":\"QuantitativeValue\",\"minValue\":\"11\",\"maxValue\":\"50\"},\"publishingPrinciples\":\"https:\/\/talkpal.ai\/publishing-principles\/\",\"actionableFeedbackPolicy\":\"https:\/\/talkpal.ai\/actionable-feedback-policy\/\",\"correctionsPolicy\":\"https:\/\/talkpal.ai\/corrections-policy\/\",\"ethicsPolicy\":\"https:\/\/talkpal.ai\/ethics-policy\/\",\"diversityPolicy\":\"https:\/\/talkpal.ai\/diversity-policy\/\",\"diversityStaffingReport\":\"https:\/\/talkpal.ai\/diversity-policy\/\"}]}<\/script>\n<!-- \/ Yoast SEO Premium plugin. -->","yoast_head_json":{"title":"T\u0161ekin kielioppi - Talkpal","description":"Avaa t\u0161ekin kieliopin salaisuudet. Tutustu sen ainutlaatuiseen monimutkaisuuteen ja siihen, miten hallitset substantiivien deklinaatiot tehokkaasti.","robots":{"index":"index","follow":"follow","max-snippet":"max-snippet:-1","max-image-preview":"max-image-preview:large","max-video-preview":"max-video-preview:-1"},"canonical":"https:\/\/talkpal.ai\/fi\/tsekin-kielioppi\/","og_locale":"fi_FI","og_type":"article","og_title":"T\u0161ekin kielioppi","og_description":"T\u0161ekin kielioppi: t\u0161ekin kielen ainutlaatuisen rakenteen ymm\u00e4rt\u00e4minen Jos olet koskaan yritt\u00e4nyt oppia t\u0161ekki\u00e4 - tai edes vain lukenut t\u0161ekkil\u00e4ist\u00e4","og_url":"https:\/\/talkpal.ai\/fi\/tsekin-kielioppi\/","og_site_name":"Talkpal","article_publisher":"https:\/\/www.facebook.com\/profile.php?id=100090733639311","article_modified_time":"2025-12-13T15:23:31+00:00","og_image":[{"width":512,"height":512,"url":"https:\/\/talkpal.ai\/wp-content\/uploads\/2023\/05\/czech-republic.png","type":"image\/png"}],"twitter_card":"summary_large_image","twitter_site":"@talkpalai","twitter_misc":{"Arvioitu lukuaika":"3 minuuttia"},"schema":{"@context":"https:\/\/schema.org","@graph":[{"@type":"WebPage","@id":"https:\/\/talkpal.ai\/fi\/tsekin-kielioppi\/","url":"https:\/\/talkpal.ai\/fi\/tsekin-kielioppi\/","name":"T\u0161ekin kielioppi - Talkpal","isPartOf":{"@id":"https:\/\/talkpal.ai\/fi\/#website"},"primaryImageOfPage":{"@id":"https:\/\/talkpal.ai\/fi\/tsekin-kielioppi\/#primaryimage"},"image":{"@id":"https:\/\/talkpal.ai\/fi\/tsekin-kielioppi\/#primaryimage"},"thumbnailUrl":"https:\/\/talkpal.ai\/wp-content\/uploads\/2023\/05\/czech-republic.png","datePublished":"2023-05-14T14:03:07+00:00","dateModified":"2025-12-13T15:23:31+00:00","description":"Avaa t\u0161ekin kieliopin salaisuudet. Tutustu sen ainutlaatuiseen monimutkaisuuteen ja siihen, miten hallitset substantiivien deklinaatiot tehokkaasti.","breadcrumb":{"@id":"https:\/\/talkpal.ai\/fi\/tsekin-kielioppi\/#breadcrumb"},"inLanguage":"fi","potentialAction":[{"@type":"ReadAction","target":["https:\/\/talkpal.ai\/fi\/tsekin-kielioppi\/"]}]},{"@type":"ImageObject","inLanguage":"fi","@id":"https:\/\/talkpal.ai\/fi\/tsekin-kielioppi\/#primaryimage","url":"https:\/\/talkpal.ai\/wp-content\/uploads\/2023\/05\/czech-republic.png","contentUrl":"https:\/\/talkpal.ai\/wp-content\/uploads\/2023\/05\/czech-republic.png","width":512,"height":512},{"@type":"BreadcrumbList","@id":"https:\/\/talkpal.ai\/fi\/tsekin-kielioppi\/#breadcrumb","itemListElement":[{"@type":"ListItem","position":1,"name":"Homepage","item":"https:\/\/talkpal.ai\/fi\/"},{"@type":"ListItem","position":2,"name":"T\u0161ekin kielioppi"}]},{"@type":"WebSite","@id":"https:\/\/talkpal.ai\/fi\/#website","url":"https:\/\/talkpal.ai\/fi\/","name":"Talkpal","description":"AI Language Learning","publisher":{"@id":"https:\/\/talkpal.ai\/fi\/#organization"},"alternateName":"Talkpal AI","potentialAction":[{"@type":"SearchAction","target":{"@type":"EntryPoint","urlTemplate":"https:\/\/talkpal.ai\/fi\/?s={search_term_string}"},"query-input":{"@type":"PropertyValueSpecification","valueRequired":true,"valueName":"search_term_string"}}],"inLanguage":"fi"},{"@type":"Organization","@id":"https:\/\/talkpal.ai\/fi\/#organization","name":"Talkpal, Inc.","alternateName":"Talkpal AI","url":"https:\/\/talkpal.ai\/fi\/","logo":{"@type":"ImageObject","inLanguage":"fi","@id":"https:\/\/talkpal.ai\/fi\/#\/schema\/logo\/image\/","url":"https:\/\/talkpal.ai\/wp-content\/uploads\/2024\/03\/Talkpal-Logo-Icon.png","contentUrl":"https:\/\/talkpal.ai\/wp-content\/uploads\/2024\/03\/Talkpal-Logo-Icon.png","width":2880,"height":2880,"caption":"Talkpal, Inc."},"image":{"@id":"https:\/\/talkpal.ai\/fi\/#\/schema\/logo\/image\/"},"sameAs":["https:\/\/www.facebook.com\/profile.php?id=100090733639311","https:\/\/x.com\/talkpalai","https:\/\/www.linkedin.com\/company\/talkpal\/","https:\/\/www.youtube.com\/@TalkPal\/","https:\/\/www.tiktok.com\/@talkpal","https:\/\/www.instagram.com\/talkpal_ai\/","https:\/\/www.crunchbase.com\/organization\/talkpal-9cde","https:\/\/www.g2.com\/products\/talkpal-for-business\/","https:\/\/www.trustpilot.com\/review\/talkpal.ai","https:\/\/www.capterra.com\/p\/10006800\/TalkPal\/"],"description":"Talkpal is a language learning web and mobile education app, powered by the latest AI technologies, that provides engaging experiences to its customers in many different languages to help them improve their language skills. Users can chat about unlimited amount of topics with the app and use other modes to practice their language learning.","email":"support@talkpal.ai","legalName":"Talkpal, Inc.","foundingDate":"2023-04-03","duns":"118989042","numberOfEmployees":{"@type":"QuantitativeValue","minValue":"11","maxValue":"50"},"publishingPrinciples":"https:\/\/talkpal.ai\/publishing-principles\/","actionableFeedbackPolicy":"https:\/\/talkpal.ai\/actionable-feedback-policy\/","correctionsPolicy":"https:\/\/talkpal.ai\/corrections-policy\/","ethicsPolicy":"https:\/\/talkpal.ai\/ethics-policy\/","diversityPolicy":"https:\/\/talkpal.ai\/diversity-policy\/","diversityStaffingReport":"https:\/\/talkpal.ai\/diversity-policy\/"}]}},"_links":{"self":[{"href":"https:\/\/talkpal.ai\/fi\/wp-json\/wp\/v2\/pages\/143248","targetHints":{"allow":["GET"]}}],"collection":[{"href":"https:\/\/talkpal.ai\/fi\/wp-json\/wp\/v2\/pages"}],"about":[{"href":"https:\/\/talkpal.ai\/fi\/wp-json\/wp\/v2\/types\/page"}],"author":[{"embeddable":true,"href":"https:\/\/talkpal.ai\/fi\/wp-json\/wp\/v2\/users\/1"}],"replies":[{"embeddable":true,"href":"https:\/\/talkpal.ai\/fi\/wp-json\/wp\/v2\/comments?post=143248"}],"version-history":[{"count":0,"href":"https:\/\/talkpal.ai\/fi\/wp-json\/wp\/v2\/pages\/143248\/revisions"}],"wp:featuredmedia":[{"embeddable":true,"href":"https:\/\/talkpal.ai\/fi\/wp-json\/wp\/v2\/media\/28267"}],"wp:attachment":[{"href":"https:\/\/talkpal.ai\/fi\/wp-json\/wp\/v2\/media?parent=143248"}],"curies":[{"name":"wp","href":"https:\/\/api.w.org\/{rel}","templated":true}]}}