{"id":143010,"date":"2023-05-14T14:02:30","date_gmt":"2023-05-14T14:02:30","guid":{"rendered":"http:\/\/talkpal.ai\/kreikan-kielioppi\/"},"modified":"2025-12-13T15:35:14","modified_gmt":"2025-12-13T15:35:14","slug":"kreikan-kielioppi","status":"publish","type":"page","link":"https:\/\/talkpal.ai\/fi\/kreikan-kielioppi\/","title":{"rendered":"Kreikan kielioppi"},"content":{"rendered":"\r\n\r\n\r\n<section class=\"languageChallengeSection\">\r\n    <div class=\"languageInfoWrapper\">\r\n        \r\n        <h1>Kreikan kielioppi<\/h1>\r\n        <p>Opi kreikan kielioppia ja astu yhden ihmiskunnan vanhimman ja vaikutusvaltaisimman kielen maailmaan. Kreikan kieless\u00e4 tutustut sen ainutlaatuisiin aakkosiin, ilmeikk\u00e4isiin verbikonjugaatioihin ja merkityst\u00e4 muokkaavaan substantiivien sijamuotojen j\u00e4rjestelm\u00e4\u00e4n. Tutustuessasi l\u00f6yd\u00e4t monien englanninkielisten sanojen juuret ja p\u00e4\u00e4set kosketuksiin rikkaan kulttuuriperinn\u00f6n kanssa. Sukella mukaan ja nauti kreikan kieliopin oppimisen palkitsevasta haasteesta!<\/p>\r\n\r\n                            <a class=\"getStartedHidden\" href=\"https:\/\/app.talkpal.ai\/fi\/signup?lng=\">Aloita<\/a>\r\n        \r\n    <\/div>\r\n\r\n    <figure>\r\n    <img decoding=\"async\" width=\"768\" height=\"768\" src=\"https:\/\/talkpal.ai\/wp-content\/uploads\/2023\/06\/greek-768x768.png\" class=\"languageImage no-lazy\" alt=\"Default alt text\" fetchpriority=\"high\" sizes=\"(max-width: 768px) 150px, 768px\" srcset=\"https:\/\/talkpal.ai\/wp-content\/uploads\/2023\/06\/greek-768x768.png 768w, https:\/\/talkpal.ai\/wp-content\/uploads\/2023\/06\/greek-300x300.png 300w\" \/>\r\n    \r\n\r\n    <\/figure>\r\n\r\n            <a class=\"getStartedVisible\" href=\"https:\/\/app.talkpal.ai\/fi\/signup?lng=\">Aloita<\/a>\r\n    \r\n<\/section>\r\n        <section class=\"grammarSection\">\r\n            <div class=\"grammarLinks\">\r\n                <a href=\"https:\/\/talkpal.ai\/fi\/language\/adjektiivit-kreikan-kielioppi\/\">Adjektiivit <\/a><a href=\"https:\/\/talkpal.ai\/fi\/language\/adverbit-kreikan-kielioppi\/\">Adverbit <\/a><a href=\"https:\/\/talkpal.ai\/fi\/language\/aikamuodot-kreikan-kielioppi\/\">Aikamuodot <\/a><a href=\"https:\/\/talkpal.ai\/fi\/language\/aikamuotojen-vertailu-kreikan-kielioppi\/\">Aikamuotojen vertailu <\/a><a href=\"https:\/\/talkpal.ai\/fi\/language\/artikkelit-kreikan-kielioppi\/\">Artikkelit <\/a><a href=\"https:\/\/talkpal.ai\/fi\/language\/konditionaalit-kreikan-kielioppi\/\">Konditionaalit <\/a><a href=\"https:\/\/talkpal.ai\/fi\/language\/lauseet-kreikan-kielioppi\/\">Lauseet <\/a><a href=\"https:\/\/talkpal.ai\/fi\/language\/prepositiot-kreikan-kielioppi\/\">Prepositiot <\/a><a href=\"https:\/\/talkpal.ai\/fi\/language\/progressiivinen-kreikan-kielioppi\/\">Progressiivinen <\/a><a href=\"https:\/\/talkpal.ai\/fi\/language\/pronominit-determinerit-kreikan-kielioppi\/\">Pronominit\/Determinerit <\/a><a href=\"https:\/\/talkpal.ai\/fi\/language\/substantiivit-kreikan-kielioppi\/\">Substantiivit <\/a><a href=\"https:\/\/talkpal.ai\/fi\/language\/taydellinen-progressiivinen-kreikan-kielioppi\/\">T\u00e4ydellinen progressiivinen <\/a><a href=\"https:\/\/talkpal.ai\/fi\/language\/verbit-kreikan-kielioppi\/\">Verbit <\/a>            <\/div>\r\n        <\/section>\r\n    <section class=\"promotionalBanner\">\r\n    <p class=\"promotionalText\">Tehokkain tapa oppia kielt\u00e4<\/p>\r\n    <a class=\"promotionalLink\" href=\"https:\/\/app.talkpal.ai\/fi\/signup?lng=\">Kokeile Talkpal ilmaiseksi<\/a>\r\n<\/section>\n<div class=\"wp-block-group pageContainerStyle\"><div class=\"wp-block-group__inner-container is-layout-constrained wp-block-group-is-layout-constrained\">\n<h2 class=\"wp-block-heading\" id=\"h-demystifying-greek-grammar-a-comprehensive-guide\">Kreikan kieliopin salaper\u00e4isyyden poistaminen: kattava opas<\/h2>\n\n\n\n<p>Kreikka, tyylik\u00e4s ja muinainen kieli, on erityinen paikka kielihistoriassa ja on edelleen vaikutusvaltainen. Kreikan kieliopin vahvalla pohjalla p\u00e4\u00e4set k\u00e4siksi runsaisiin kulttuurisiin ja historiallisiin resursseihin samalla kun avaat toisen merkityskerroksen englannin sanastossa. Toisin kuin yleisesti uskotaan, <a href=\"https:\/\/talkpal.ai\/fi\/grammar\/epataydellinen-kreikan-kielioppissa\/\">kreikan kielioppi<\/a> ei ole niin pelottava kuin se saattaa aluksi tuntua. T\u00e4ss\u00e4 artikkelissa autamme sinua tutustumaan kreikan kieliopin keskeisiin osiin, jotta voit l\u00e4hesty\u00e4 t\u00e4t\u00e4 kielt\u00e4 itsevarmasti ja innostuneesti.<\/p>\n\n\n\n<h3 class=\"wp-block-heading\" id=\"h-1-understanding-greek-nouns-cases-and-articles\">1. Kreikan substantiivien, tapausten ja artikkeleiden ymm\u00e4rt\u00e4minen<\/h3>\n\n\n\n<p><a href=\"https:\/\/talkpal.ai\/fi\/grammar_exercises\/yleiset-substantiivit-kreikan-kieliopin-harjoitukset\/\">Kreikan substantiivit<\/a> luokitellaan kolmeen sukupuoleen: maskuliininen, feminiininen ja neutri. Kukin substantiivi kuuluu johonkin kolmesta deklinaatiosta, jotka m\u00e4\u00e4rittelev\u00e4t substantiivin p\u00e4\u00e4tteet sen sukupuolen, lukum\u00e4\u00e4r\u00e4n (yksik\u00f6ss\u00e4 <a href=\"https:\/\/talkpal.ai\/learn-thai\/\">tai<\/a> monikossa) ja tapauksen perusteella. Kreikan kieless\u00e4 on viisi tapausta: nominatiivi, genetiivi, datiivi, akkusatiivi ja vokatiivi.<\/p>\n\n\n\n<p>Kreikan kieliopin olennainen osa py\u00f6rii artikkelin ymp\u00e4rill\u00e4. Samoin kuin englannin &#8221;the&#8221;, kreikan kielen m\u00e4\u00e4r\u00e4inen artikkeli on ratkaisevan t\u00e4rke\u00e4 kreikkalaisten tekstien ymm\u00e4rt\u00e4misess\u00e4. Kreikan artikkelin on oltava <a href=\"https:\/\/talkpal.ai\/locations\/language-courses-in-sama\/\">sama<\/a> kuin substantiivi sukupuolessa, numerossa ja kirjainkokonaisuudessa. Kreikassa on my\u00f6s <a href=\"https:\/\/talkpal.ai\/fi\/grammar\/epamaarainen-artikkeli-bosnian-kielioppissa\/\">ep\u00e4m\u00e4\u00e4r\u00e4inen artikkeli<\/a>, joka toimii kuten englannin &#8217;a&#8217; tai &#8217;an&#8217;.<\/p>\n\n\n\n<h3 class=\"wp-block-heading\" id=\"h-2-tackling-greek-verbs-conjugation-and-moods\">2. Kreikan verbien k\u00e4sittely: taivutus ja tunnelmat<\/h3>\n\n\n\n<p>Kreikan verbeille on ominaista niiden j\u00e4nnitys, \u00e4\u00e4ni, mieliala, henkil\u00f6 ja numero. Kreikan kielen verbit konjugoidaan niiden j\u00e4nnityksen mukaan, mik\u00e4 osoittaa, milloin toiminta tapahtuu. Kreikan verbiss\u00e4 on seitsem\u00e4n p\u00e4\u00e4osaa, joista jokainen vastaa aikamuotoa:<\/p>\n\n\n\n<p><strong>&#8211; L\u00e4sn\u00e4<\/strong><\/p>\n\n\n\n<p><strong>&#8211; Tulevaisuus<\/strong><\/p>\n\n\n\n<p><strong>&#8211; Aoristi (yksinkertainen menneisyys)<\/strong><\/p>\n\n\n\n<p><strong>&#8211; T\u00e4ydellinen<\/strong><\/p>\n\n\n\n<p><strong>&#8211; Tulevaisuuden perfekti<\/strong><\/p>\n\n\n\n<p><strong>&#8211; Pluperfekti<\/strong><\/p>\n\n\n\n<p><strong>&#8211; Aoristi passiivi<\/strong><\/p>\n\n\n\n<p>Lis\u00e4ksi kreikkalaisilla verbeill\u00e4 on erilaisia tunnelmia, jotka ilmaisevat puhujan suhtautumista toimintaan. N\u00e4m\u00e4 tunnelmat ovat imperatiiveja, suuntaa-antavia ja subjunktiivisia.<\/p>\n\n\n\n<h3 class=\"wp-block-heading\" id=\"h-3-crafting-expressive-sentences-with-greek-adjectives-and-adverbs\">3. Ilmeikk\u00e4iden lauseiden laatiminen kreikkalaisilla adjektiiveilla ja adverbeilla<\/h3>\n\n\n\n<p>Kreikan adjektiivit lis\u00e4\u00e4v\u00e4t v\u00e4ri\u00e4 ja kuvausta lauseisiisi. Kuten substantiivit, kreikan kielen adjektiivien on oltava sukupuoleltaan, lukum\u00e4\u00e4r\u00e4lt\u00e4\u00e4n ja sijaltaan samat kuin kuvaamansa substantiivi. Lis\u00e4ksi adjektiivit kuuluvat yhteen kolmesta julistuksesta, joka m\u00e4\u00e4ritt\u00e4\u00e4 niiden loput.<\/p>\n\n\n\n<p>Kreikan <a href=\"https:\/\/talkpal.ai\/fi\/grammar\/paikan-tsekin-kielioppi-adverbit\/\">adverbit<\/a> muuttavat verbej\u00e4, adjektiiveja tai muita adverbeja. Ne ilmaisevat, miten, milloin, miss\u00e4 tai miss\u00e4 m\u00e4\u00e4rin toiminto suoritetaan. Toisin kuin adjektiivit, <a href=\"https:\/\/talkpal.ai\/ar\/grammar_exercises\/adverbien-%d8%aa%d9%85%d8%a7%d8%b1%d9%8a%d9%86-%d9%84%d9%84%d9%82%d9%88%d8%a7%d8%b9%d8%af-%d8%a7%d9%84%d8%a3%d9%84%d9%85%d8%a7%d9%86%d9%8a%d8%a9\/\">adverbien<\/a> ei tarvitse olla samaa mielt\u00e4 sukupuolen, numeron tai tapauksen substantiivien kanssa. Monissa tapauksissa adverbit muodostetaan lis\u00e4\u00e4m\u00e4ll\u00e4 adjektiivijuuriin erityisi\u00e4 p\u00e4\u00e4tteit\u00e4.<\/p>\n\n\n\n<h3 class=\"wp-block-heading\" id=\"h-4-exploring-greek-pronouns-and-greek-sentence-structure\">4. Kreikan pronominien ja kreikkalaisen lauserakenteen tutkiminen<\/h3>\n\n\n\n<p>Pronomineilla on merkitt\u00e4v\u00e4 rooli kreikan kieliopissa, koska ne korvaavat substantiivit ja niiden on oltava samaa mielt\u00e4 edustamansa substantiivin kanssa sukupuolessa, numerossa ja kirjainkokonaisuudessa. Kreikassa on henkil\u00f6kohtaisia, refleksiivisi\u00e4, demonstratiivisia, suhteellisia, kysyvi\u00e4 ja m\u00e4\u00e4rittelem\u00e4tt\u00f6mi\u00e4 nimimerkkej\u00e4.<\/p>\n\n\n\n<p>Kreikan lauserakenne noudattaa ensisijaisesti subjekti-verbi-objekti (SVO) -j\u00e4rjestyst\u00e4. Eritt\u00e4in taivutetun luonteensa vuoksi kreikka tarjoaa kuitenkin enemm\u00e4n joustavuutta sanaj\u00e4rjestyksess\u00e4, mik\u00e4 mahdollistaa painotuksen ja runollisen ilmaisun. T\u00e4m\u00e4 joustavuus saattaa aluksi tuntua haastavalta, mutta se muuttuu helpommin l\u00e4hestytt\u00e4v\u00e4ksi, kun kielen vivahteet tulevat tutuiksi.<\/p>\n\n\n\n<h3 class=\"wp-block-heading\" id=\"h-conclusion\">P\u00e4\u00e4telm\u00e4<\/h3>\n\n\n\n<p>Kun aloitat matkasi kreikan kieliopin hallitsemiseen, muista, ett\u00e4 harjoittelu ja sinnikkyys ovat ratkaisevan t\u00e4rkeit\u00e4 menestykselle. K\u00e4yt\u00e4 aikaa kreikkalaisten substantiivien, verbien, adjektiivien, adverbien ja lauserakenteen monimutkaisuuden selvitt\u00e4miseen. Kun syvennytte t\u00e4h\u00e4n kiehtovaan kieleen, huomaatte, ett\u00e4 kreikan kieliopista tulee tutumpaa ja v\u00e4hemm\u00e4n pelottavaa. Onnea matkaan, ja \u03ba\u03b1\u03bb\u03ae \u03b5\u03c0\u03b9\u03c4\u03c5\u03c7\u03af\u03b1!<\/p>\n<\/div><\/div>\n\r\n<section class=\"learnNavigationSection\">\r\n            \r\n        <a href=\"https:\/\/talkpal.ai\/fi\/opi-kreikkaa\/\">\r\n            <div class=\"learnNavigationWrapper\">\r\n                <div class=\"learnNavigationContent\">\r\n                    <img decoding=\"async\" src=\"https:\/\/talkpal.ai\/wp-content\/uploads\/2024\/08\/Greek.jpg\" alt=\"Greek Flag\">\r\n                    <div>\r\n                        <h4>Tietoa Kreikan oppimisesta<\/h4>\r\n                        <p>Tutustu kaikkeen kreikan kielioppiin.<\/p>\r\n                    <\/div>\r\n                <\/div>\r\n            <\/div>\r\n        <\/a>\r\n\r\n        \r\n        <a href=\"https:\/\/talkpal.ai\/fi\/kreikan-kielioppiharjoitukset\/\">\r\n            <div class=\"learnNavigationWrapper\">\r\n                <div class=\"learnNavigationContent\">\r\n                    <img decoding=\"async\" src=\"https:\/\/talkpal.ai\/wp-content\/uploads\/2024\/08\/Greek.jpg\" alt=\"Greek Flag\">\r\n                    <div>\r\n                        <h4>Kreikan kielioppiharjoitus<\/h4>\r\n                        <p>Harjoittele kreikan kielioppia.<\/p>\r\n                    <\/div>\r\n                <\/div>\r\n            <\/div>\r\n        <\/a>\r\n\r\n        \r\n        <a href=\"https:\/\/talkpal.ai\/vocabulary_language\/greek\/\">\r\n            <div class=\"learnNavigationWrapper\">\r\n                <div class=\"learnNavigationContent\">\r\n                    <img decoding=\"async\" src=\"https:\/\/talkpal.ai\/wp-content\/uploads\/2024\/08\/Greek.jpg\" alt=\"Greek Flag\">\r\n                    <div>\r\n                        <h4>Kreikan sanasto<\/h4>\r\n                        <p>Laajenna kreikan kielen sanavarastoasi.<\/p>\r\n                    <\/div>\r\n                <\/div>\r\n            <\/div>\r\n        <\/a>\r\n\r\n            <\/section>","protected":false},"excerpt":{"rendered":"<p>Kreikan kieliopin salaper\u00e4isyyden poistaminen: kattava opas Kreikka, tyylik\u00e4s ja muinainen kieli, on erityinen paikka kielihistoriassa ja on edelleen vaikutusvaltainen. Kreikan kieliopin vahvalla pohjalla p\u00e4\u00e4set k\u00e4siksi runsaisiin kulttuurisiin ja historiallisiin resursseihin samalla kun avaat toisen merkityskerroksen englannin sanastossa. Toisin kuin yleisesti uskotaan, kreikan kielioppi ei ole niin pelottava kuin se saattaa aluksi tuntua. T\u00e4ss\u00e4 artikkelissa autamme [&hellip;]<\/p>\n","protected":false},"author":1,"featured_media":28331,"parent":0,"menu_order":0,"comment_status":"closed","ping_status":"closed","template":"LearningContentPage.php","meta":{"_acf_changed":false,"footnotes":""},"class_list":["post-143010","page","type-page","status-publish","has-post-thumbnail","hentry"],"acf":[],"yoast_head":"<!-- This site is optimized with the Yoast SEO Premium plugin v27.2 (Yoast SEO v27.2) - https:\/\/yoast.com\/product\/yoast-seo-premium-wordpress\/ -->\n<title>Kreikan kielioppi - Talkpal<\/title>\n<meta name=\"description\" content=\"Opettele kreikan kielioppi itsevarmasti - opettele t\u00e4rkeit\u00e4 s\u00e4\u00e4nt\u00f6j\u00e4, harjoittele lauseiden muodostamista ja vahvista taitojasi nopeasti. Talkpal AI.\" \/>\n<meta name=\"robots\" content=\"index, follow, max-snippet:-1, max-image-preview:large, max-video-preview:-1\" \/>\n<link rel=\"canonical\" href=\"https:\/\/talkpal.ai\/fi\/kreikan-kielioppi\/\" \/>\n<meta property=\"og:locale\" content=\"fi_FI\" \/>\n<meta property=\"og:type\" content=\"article\" \/>\n<meta property=\"og:title\" content=\"Kreikan kielioppi\" \/>\n<meta property=\"og:description\" content=\"Kreikan kieliopin salaper\u00e4isyyden poistaminen: kattava opas Kreikka, tyylik\u00e4s ja muinainen kieli, on erityinen paikka kielihistoriassa ja on edelleen\" \/>\n<meta property=\"og:url\" content=\"https:\/\/talkpal.ai\/fi\/kreikan-kielioppi\/\" \/>\n<meta property=\"og:site_name\" content=\"Talkpal\" \/>\n<meta property=\"article:publisher\" content=\"https:\/\/www.facebook.com\/profile.php?id=100090733639311\" \/>\n<meta property=\"article:modified_time\" content=\"2025-12-13T15:35:14+00:00\" \/>\n<meta property=\"og:image\" content=\"https:\/\/talkpal.ai\/wp-content\/uploads\/2023\/05\/greece.png\" \/>\n\t<meta property=\"og:image:width\" content=\"512\" \/>\n\t<meta property=\"og:image:height\" content=\"512\" \/>\n\t<meta property=\"og:image:type\" content=\"image\/png\" \/>\n<meta name=\"twitter:card\" content=\"summary_large_image\" \/>\n<meta name=\"twitter:site\" content=\"@talkpalai\" \/>\n<meta name=\"twitter:label1\" content=\"Arvioitu lukuaika\" \/>\n\t<meta name=\"twitter:data1\" content=\"3 minuuttia\" \/>\n<script type=\"application\/ld+json\" class=\"yoast-schema-graph\">{\"@context\":\"https:\/\/schema.org\",\"@graph\":[{\"@type\":\"WebPage\",\"@id\":\"https:\/\/talkpal.ai\/fi\/kreikan-kielioppi\/\",\"url\":\"https:\/\/talkpal.ai\/fi\/kreikan-kielioppi\/\",\"name\":\"Kreikan kielioppi - Talkpal\",\"isPartOf\":{\"@id\":\"https:\/\/talkpal.ai\/fi\/#website\"},\"primaryImageOfPage\":{\"@id\":\"https:\/\/talkpal.ai\/fi\/kreikan-kielioppi\/#primaryimage\"},\"image\":{\"@id\":\"https:\/\/talkpal.ai\/fi\/kreikan-kielioppi\/#primaryimage\"},\"thumbnailUrl\":\"https:\/\/talkpal.ai\/wp-content\/uploads\/2023\/05\/greece.png\",\"datePublished\":\"2023-05-14T14:02:30+00:00\",\"dateModified\":\"2025-12-13T15:35:14+00:00\",\"description\":\"Opettele kreikan kielioppi itsevarmasti - opettele t\u00e4rkeit\u00e4 s\u00e4\u00e4nt\u00f6j\u00e4, harjoittele lauseiden muodostamista ja vahvista taitojasi nopeasti. Talkpal AI.\",\"breadcrumb\":{\"@id\":\"https:\/\/talkpal.ai\/fi\/kreikan-kielioppi\/#breadcrumb\"},\"inLanguage\":\"fi\",\"potentialAction\":[{\"@type\":\"ReadAction\",\"target\":[\"https:\/\/talkpal.ai\/fi\/kreikan-kielioppi\/\"]}]},{\"@type\":\"ImageObject\",\"inLanguage\":\"fi\",\"@id\":\"https:\/\/talkpal.ai\/fi\/kreikan-kielioppi\/#primaryimage\",\"url\":\"https:\/\/talkpal.ai\/wp-content\/uploads\/2023\/05\/greece.png\",\"contentUrl\":\"https:\/\/talkpal.ai\/wp-content\/uploads\/2023\/05\/greece.png\",\"width\":512,\"height\":512},{\"@type\":\"BreadcrumbList\",\"@id\":\"https:\/\/talkpal.ai\/fi\/kreikan-kielioppi\/#breadcrumb\",\"itemListElement\":[{\"@type\":\"ListItem\",\"position\":1,\"name\":\"Homepage\",\"item\":\"https:\/\/talkpal.ai\/fi\/\"},{\"@type\":\"ListItem\",\"position\":2,\"name\":\"Kreikan kielioppi\"}]},{\"@type\":\"WebSite\",\"@id\":\"https:\/\/talkpal.ai\/fi\/#website\",\"url\":\"https:\/\/talkpal.ai\/fi\/\",\"name\":\"Talkpal\",\"description\":\"AI Language Learning\",\"publisher\":{\"@id\":\"https:\/\/talkpal.ai\/fi\/#organization\"},\"alternateName\":\"Talkpal AI\",\"potentialAction\":[{\"@type\":\"SearchAction\",\"target\":{\"@type\":\"EntryPoint\",\"urlTemplate\":\"https:\/\/talkpal.ai\/fi\/?s={search_term_string}\"},\"query-input\":{\"@type\":\"PropertyValueSpecification\",\"valueRequired\":true,\"valueName\":\"search_term_string\"}}],\"inLanguage\":\"fi\"},{\"@type\":\"Organization\",\"@id\":\"https:\/\/talkpal.ai\/fi\/#organization\",\"name\":\"Talkpal, Inc.\",\"alternateName\":\"Talkpal AI\",\"url\":\"https:\/\/talkpal.ai\/fi\/\",\"logo\":{\"@type\":\"ImageObject\",\"inLanguage\":\"fi\",\"@id\":\"https:\/\/talkpal.ai\/fi\/#\/schema\/logo\/image\/\",\"url\":\"https:\/\/talkpal.ai\/wp-content\/uploads\/2024\/03\/Talkpal-Logo-Icon.png\",\"contentUrl\":\"https:\/\/talkpal.ai\/wp-content\/uploads\/2024\/03\/Talkpal-Logo-Icon.png\",\"width\":2880,\"height\":2880,\"caption\":\"Talkpal, Inc.\"},\"image\":{\"@id\":\"https:\/\/talkpal.ai\/fi\/#\/schema\/logo\/image\/\"},\"sameAs\":[\"https:\/\/www.facebook.com\/profile.php?id=100090733639311\",\"https:\/\/x.com\/talkpalai\",\"https:\/\/www.linkedin.com\/company\/talkpal\/\",\"https:\/\/www.youtube.com\/@TalkPal\/\",\"https:\/\/www.tiktok.com\/@talkpal\",\"https:\/\/www.instagram.com\/talkpal_ai\/\",\"https:\/\/www.crunchbase.com\/organization\/talkpal-9cde\",\"https:\/\/www.g2.com\/products\/talkpal-for-business\/\",\"https:\/\/www.trustpilot.com\/review\/talkpal.ai\",\"https:\/\/www.capterra.com\/p\/10006800\/TalkPal\/\"],\"description\":\"Talkpal is a language learning web and mobile education app, powered by the latest AI technologies, that provides engaging experiences to its customers in many different languages to help them improve their language skills. Users can chat about unlimited amount of topics with the app and use other modes to practice their language learning.\",\"email\":\"support@talkpal.ai\",\"legalName\":\"Talkpal, Inc.\",\"foundingDate\":\"2023-04-03\",\"duns\":\"118989042\",\"numberOfEmployees\":{\"@type\":\"QuantitativeValue\",\"minValue\":\"11\",\"maxValue\":\"50\"},\"publishingPrinciples\":\"https:\/\/talkpal.ai\/publishing-principles\/\",\"actionableFeedbackPolicy\":\"https:\/\/talkpal.ai\/actionable-feedback-policy\/\",\"correctionsPolicy\":\"https:\/\/talkpal.ai\/corrections-policy\/\",\"ethicsPolicy\":\"https:\/\/talkpal.ai\/ethics-policy\/\",\"diversityPolicy\":\"https:\/\/talkpal.ai\/diversity-policy\/\",\"diversityStaffingReport\":\"https:\/\/talkpal.ai\/diversity-policy\/\"}]}<\/script>\n<!-- \/ Yoast SEO Premium plugin. -->","yoast_head_json":{"title":"Kreikan kielioppi - Talkpal","description":"Opettele kreikan kielioppi itsevarmasti - opettele t\u00e4rkeit\u00e4 s\u00e4\u00e4nt\u00f6j\u00e4, harjoittele lauseiden muodostamista ja vahvista taitojasi nopeasti. Talkpal AI.","robots":{"index":"index","follow":"follow","max-snippet":"max-snippet:-1","max-image-preview":"max-image-preview:large","max-video-preview":"max-video-preview:-1"},"canonical":"https:\/\/talkpal.ai\/fi\/kreikan-kielioppi\/","og_locale":"fi_FI","og_type":"article","og_title":"Kreikan kielioppi","og_description":"Kreikan kieliopin salaper\u00e4isyyden poistaminen: kattava opas Kreikka, tyylik\u00e4s ja muinainen kieli, on erityinen paikka kielihistoriassa ja on edelleen","og_url":"https:\/\/talkpal.ai\/fi\/kreikan-kielioppi\/","og_site_name":"Talkpal","article_publisher":"https:\/\/www.facebook.com\/profile.php?id=100090733639311","article_modified_time":"2025-12-13T15:35:14+00:00","og_image":[{"width":512,"height":512,"url":"https:\/\/talkpal.ai\/wp-content\/uploads\/2023\/05\/greece.png","type":"image\/png"}],"twitter_card":"summary_large_image","twitter_site":"@talkpalai","twitter_misc":{"Arvioitu lukuaika":"3 minuuttia"},"schema":{"@context":"https:\/\/schema.org","@graph":[{"@type":"WebPage","@id":"https:\/\/talkpal.ai\/fi\/kreikan-kielioppi\/","url":"https:\/\/talkpal.ai\/fi\/kreikan-kielioppi\/","name":"Kreikan kielioppi - Talkpal","isPartOf":{"@id":"https:\/\/talkpal.ai\/fi\/#website"},"primaryImageOfPage":{"@id":"https:\/\/talkpal.ai\/fi\/kreikan-kielioppi\/#primaryimage"},"image":{"@id":"https:\/\/talkpal.ai\/fi\/kreikan-kielioppi\/#primaryimage"},"thumbnailUrl":"https:\/\/talkpal.ai\/wp-content\/uploads\/2023\/05\/greece.png","datePublished":"2023-05-14T14:02:30+00:00","dateModified":"2025-12-13T15:35:14+00:00","description":"Opettele kreikan kielioppi itsevarmasti - opettele t\u00e4rkeit\u00e4 s\u00e4\u00e4nt\u00f6j\u00e4, harjoittele lauseiden muodostamista ja vahvista taitojasi nopeasti. Talkpal AI.","breadcrumb":{"@id":"https:\/\/talkpal.ai\/fi\/kreikan-kielioppi\/#breadcrumb"},"inLanguage":"fi","potentialAction":[{"@type":"ReadAction","target":["https:\/\/talkpal.ai\/fi\/kreikan-kielioppi\/"]}]},{"@type":"ImageObject","inLanguage":"fi","@id":"https:\/\/talkpal.ai\/fi\/kreikan-kielioppi\/#primaryimage","url":"https:\/\/talkpal.ai\/wp-content\/uploads\/2023\/05\/greece.png","contentUrl":"https:\/\/talkpal.ai\/wp-content\/uploads\/2023\/05\/greece.png","width":512,"height":512},{"@type":"BreadcrumbList","@id":"https:\/\/talkpal.ai\/fi\/kreikan-kielioppi\/#breadcrumb","itemListElement":[{"@type":"ListItem","position":1,"name":"Homepage","item":"https:\/\/talkpal.ai\/fi\/"},{"@type":"ListItem","position":2,"name":"Kreikan kielioppi"}]},{"@type":"WebSite","@id":"https:\/\/talkpal.ai\/fi\/#website","url":"https:\/\/talkpal.ai\/fi\/","name":"Talkpal","description":"AI Language Learning","publisher":{"@id":"https:\/\/talkpal.ai\/fi\/#organization"},"alternateName":"Talkpal AI","potentialAction":[{"@type":"SearchAction","target":{"@type":"EntryPoint","urlTemplate":"https:\/\/talkpal.ai\/fi\/?s={search_term_string}"},"query-input":{"@type":"PropertyValueSpecification","valueRequired":true,"valueName":"search_term_string"}}],"inLanguage":"fi"},{"@type":"Organization","@id":"https:\/\/talkpal.ai\/fi\/#organization","name":"Talkpal, Inc.","alternateName":"Talkpal AI","url":"https:\/\/talkpal.ai\/fi\/","logo":{"@type":"ImageObject","inLanguage":"fi","@id":"https:\/\/talkpal.ai\/fi\/#\/schema\/logo\/image\/","url":"https:\/\/talkpal.ai\/wp-content\/uploads\/2024\/03\/Talkpal-Logo-Icon.png","contentUrl":"https:\/\/talkpal.ai\/wp-content\/uploads\/2024\/03\/Talkpal-Logo-Icon.png","width":2880,"height":2880,"caption":"Talkpal, Inc."},"image":{"@id":"https:\/\/talkpal.ai\/fi\/#\/schema\/logo\/image\/"},"sameAs":["https:\/\/www.facebook.com\/profile.php?id=100090733639311","https:\/\/x.com\/talkpalai","https:\/\/www.linkedin.com\/company\/talkpal\/","https:\/\/www.youtube.com\/@TalkPal\/","https:\/\/www.tiktok.com\/@talkpal","https:\/\/www.instagram.com\/talkpal_ai\/","https:\/\/www.crunchbase.com\/organization\/talkpal-9cde","https:\/\/www.g2.com\/products\/talkpal-for-business\/","https:\/\/www.trustpilot.com\/review\/talkpal.ai","https:\/\/www.capterra.com\/p\/10006800\/TalkPal\/"],"description":"Talkpal is a language learning web and mobile education app, powered by the latest AI technologies, that provides engaging experiences to its customers in many different languages to help them improve their language skills. Users can chat about unlimited amount of topics with the app and use other modes to practice their language learning.","email":"support@talkpal.ai","legalName":"Talkpal, Inc.","foundingDate":"2023-04-03","duns":"118989042","numberOfEmployees":{"@type":"QuantitativeValue","minValue":"11","maxValue":"50"},"publishingPrinciples":"https:\/\/talkpal.ai\/publishing-principles\/","actionableFeedbackPolicy":"https:\/\/talkpal.ai\/actionable-feedback-policy\/","correctionsPolicy":"https:\/\/talkpal.ai\/corrections-policy\/","ethicsPolicy":"https:\/\/talkpal.ai\/ethics-policy\/","diversityPolicy":"https:\/\/talkpal.ai\/diversity-policy\/","diversityStaffingReport":"https:\/\/talkpal.ai\/diversity-policy\/"}]}},"_links":{"self":[{"href":"https:\/\/talkpal.ai\/fi\/wp-json\/wp\/v2\/pages\/143010","targetHints":{"allow":["GET"]}}],"collection":[{"href":"https:\/\/talkpal.ai\/fi\/wp-json\/wp\/v2\/pages"}],"about":[{"href":"https:\/\/talkpal.ai\/fi\/wp-json\/wp\/v2\/types\/page"}],"author":[{"embeddable":true,"href":"https:\/\/talkpal.ai\/fi\/wp-json\/wp\/v2\/users\/1"}],"replies":[{"embeddable":true,"href":"https:\/\/talkpal.ai\/fi\/wp-json\/wp\/v2\/comments?post=143010"}],"version-history":[{"count":0,"href":"https:\/\/talkpal.ai\/fi\/wp-json\/wp\/v2\/pages\/143010\/revisions"}],"wp:featuredmedia":[{"embeddable":true,"href":"https:\/\/talkpal.ai\/fi\/wp-json\/wp\/v2\/media\/28331"}],"wp:attachment":[{"href":"https:\/\/talkpal.ai\/fi\/wp-json\/wp\/v2\/media?parent=143010"}],"curies":[{"name":"wp","href":"https:\/\/api.w.org\/{rel}","templated":true}]}}