{"id":142615,"date":"2023-05-14T14:01:53","date_gmt":"2023-05-14T14:01:53","guid":{"rendered":"http:\/\/talkpal.ai\/viron-kielioppi\/"},"modified":"2025-12-13T15:31:54","modified_gmt":"2025-12-13T15:31:54","slug":"viron-kielioppi","status":"publish","type":"page","link":"https:\/\/talkpal.ai\/fi\/viron-kielioppi\/","title":{"rendered":"Viron kielioppi"},"content":{"rendered":"\r\n\r\n\r\n<section class=\"languageChallengeSection\">\r\n    <div class=\"languageInfoWrapper\">\r\n        \r\n        <h1>Viron kielioppi<\/h1>\r\n        <p>Harkitsetko viron kielen opiskelua? Astu viron kieliopin maailmaan, jossa agglutinaatio, vokaalien harmonia ja laaja valikoima substantiivien sijamuotoja luovat todella omaleimaisen kielikokemuksen. Aloita tutkimusmatkailu jo t\u00e4n\u00e4\u00e4n &#8211; viron kieliopin hallitseminen ei ainoastaan paranna sujuvaa kielitaitoasi, vaan my\u00f6s yhdist\u00e4\u00e4 sinut Viron rikkaaseen kulttuuriin ja historiaan!<\/p>\r\n\r\n                            <a class=\"getStartedHidden\" href=\"https:\/\/app.talkpal.ai\/fi\/signup?lng=\">Aloita<\/a>\r\n        \r\n    <\/div>\r\n\r\n    <figure>\r\n    <img decoding=\"async\" width=\"768\" height=\"768\" src=\"https:\/\/talkpal.ai\/wp-content\/uploads\/2023\/06\/Estonian-768x768.png\" class=\"languageImage no-lazy\" alt=\"Default alt text\" fetchpriority=\"high\" sizes=\"(max-width: 768px) 150px, 768px\" srcset=\"https:\/\/talkpal.ai\/wp-content\/uploads\/2023\/06\/Estonian-768x768.png 768w, https:\/\/talkpal.ai\/wp-content\/uploads\/2023\/06\/Estonian-300x300.png 300w\" \/>\r\n    \r\n\r\n    <\/figure>\r\n\r\n            <a class=\"getStartedVisible\" href=\"https:\/\/app.talkpal.ai\/fi\/signup?lng=\">Aloita<\/a>\r\n    \r\n<\/section>\r\n        <section class=\"grammarSection\">\r\n            <div class=\"grammarLinks\">\r\n                <a href=\"https:\/\/talkpal.ai\/fi\/language\/adjektiivit-viron-kielioppi\/\">Adjektiivit <\/a><a href=\"https:\/\/talkpal.ai\/fi\/language\/adverbit-viron-kielioppi\/\">Adverbit <\/a><a href=\"https:\/\/talkpal.ai\/fi\/language\/aikamuodot-viron-kielioppi\/\">Aikamuodot <\/a><a href=\"https:\/\/talkpal.ai\/fi\/language\/aikamuotojen-vertailu-viron-kielioppi\/\">Aikamuotojen vertailu <\/a><a href=\"https:\/\/talkpal.ai\/fi\/language\/artikkelit-viron-kielioppi\/\">Artikkelit <\/a><a href=\"https:\/\/talkpal.ai\/fi\/language\/konditionaalit-viron-kielioppi\/\">Konditionaalit <\/a><a href=\"https:\/\/talkpal.ai\/fi\/language\/lakkeet-viron-kielioppi\/\">Lakkeet <\/a><a href=\"https:\/\/talkpal.ai\/fi\/language\/prepositiot-viron-kielioppi\/\">Prepositiot <\/a><a href=\"https:\/\/talkpal.ai\/fi\/language\/progressiivinen-viron-kielioppi\/\">Progressiivinen <\/a><a href=\"https:\/\/talkpal.ai\/fi\/language\/pronominit-determinerit-viron-kielioppi\/\">Pronominit\/Determinerit <\/a><a href=\"https:\/\/talkpal.ai\/fi\/language\/substantiivit-viron-kielioppi\/\">Substantiivit <\/a><a href=\"https:\/\/talkpal.ai\/fi\/language\/taydellinen-progressiivinen-viron-kielioppi\/\">T\u00e4ydellinen progressiivinen <\/a><a href=\"https:\/\/talkpal.ai\/fi\/language\/verbit-viron-kielioppi\/\">Verbit <\/a>            <\/div>\r\n        <\/section>\r\n    <section class=\"promotionalBanner\">\r\n    <p class=\"promotionalText\">Tehokkain tapa oppia kielt\u00e4<\/p>\r\n    <a class=\"promotionalLink\" href=\"https:\/\/app.talkpal.ai\/fi\/signup?lng=\">Kokeile Talkpal ilmaiseksi<\/a>\r\n<\/section>\n<div class=\"wp-block-group pageContainerStyle\"><div class=\"wp-block-group__inner-container is-layout-constrained wp-block-group-is-layout-constrained\">\n<h2 class=\"wp-block-heading\" id=\"h-estonian-grammar-the-gateway-to-a-unique-language-journey\">Viron kielioppi: portti ainutlaatuiselle kielimatkalle<\/h2>\n\n\n\n<p>Tervetuloa Viron kiehtovaan maailmaan! Yli miljoonalla \u00e4idinkielen\u00e4\u00e4n puhuvalla virolla on ainutlaatuinen mahdollisuus laajentaa kielellist\u00e4 horisonttiasi ja tutustua el\u00e4v\u00e4\u00e4n kulttuuriin. Viron kieliopin monimutkaisuus saattaa ensi silm\u00e4yksell\u00e4 tuntua pelottavalta, mutta t\u00e4m\u00e4 yst\u00e4v\u00e4llinen aloittelijan opas avaa viron kieliopin perusteita yksinkertaisella ja mukaansatempaavalla tavalla.<\/p>\n\n\n\n<h3 class=\"wp-block-heading\" id=\"h-1-embracing-the-estonian-alphabet\">1. Viron aakkosten omaksuminen<\/h3>\n\n\n\n<p>Matka viron kielen hallintaan alkaa aakkosista. Virossa k\u00e4ytet\u00e4\u00e4n latinalaista kirjoitusta, jota on t\u00e4ydennetty yhdeks\u00e4ll\u00e4 erikoismerkill\u00e4: \u00c4, \u00d6, \u00dc, \u00d5, \u0160, \u017d ja niiden pienet kirjaimet. N\u00e4ihin hahmoihin tutustuminen luo vahvan pohjan virolaiselle oppimiskokemuksellesi.<\/p>\n\n\n\n<h3 class=\"wp-block-heading\" id=\"h-2-getting-a-grip-on-estonian-nouns\">2. Viron substantiivien hallinta<\/h3>\n\n\n\n<p>Toisin kuin monet eurooppalaiset kielet, <a href=\"https:\/\/talkpal.ai\/learn-estonian\/\">viro<\/a> ei tee eroa maskuliinisen ja feminiinisen sukupuolen v\u00e4lill\u00e4. Substantiivit luokitellaan sen sijaan joko yksik\u00f6ksi <a href=\"https:\/\/talkpal.ai\/learn-thai\/\">tai<\/a> monikoksi, ja jokaisessa substantiivissa on 14 tapausta. Vaikka t\u00e4m\u00e4 saattaa tuntua ylivoimaiselta, on t\u00e4rke\u00e4\u00e4 ymm\u00e4rt\u00e4\u00e4, ett\u00e4 substantiivien morfologinen rakenne on melko s\u00e4\u00e4nn\u00f6nmukainen, mik\u00e4 helpottaa oppimista. Aluksi keskity hallitsemaan yleisimm\u00e4t tapaukset: nominatiivi, genetiivi ja partitiivi.<\/p>\n\n\n\n<h3 class=\"wp-block-heading\" id=\"h-3-conquering-estonian-verb-conjugation\">3. Viron verbitaivuttajan valloittaminen<\/h3>\n\n\n\n<p>Viron verbit taivutetaan aikamuodon, persoonan ja numeron perusteella. On vain kolme aikaa: nykyinen, menneisyys (koodattu menneisyyden osallistujalla) ja tulevaisuus (ilmaistaan verbin nykyisell\u00e4 j\u00e4nnittyneell\u00e4 muodolla yhdistettyn\u00e4 tulevaan apulaitteeseen).<\/p>\n\n\n\n<p>T\u00e4ss\u00e4 on esimerkiksi verbin &#8221;lugema&#8221; (lukea) taivutusmuodot:<\/p>\n\n\n\n<p><strong>&#8211; L\u00e4sn\u00e4: Ma loen (Min\u00e4 luen)<\/strong><\/p>\n\n\n\n<p><strong>&#8211; Menneisyys: Ma lugesin (Min\u00e4 luen\/olen lukenut): Ma lugesin (Min\u00e4 luen\/olen lukenut)<\/strong><\/p>\n\n\n\n<p><strong>&#8211; Tulevaisuus: Ma loen raamatuid (Aion lukea kirjoja).<\/strong><\/p>\n\n\n\n<h3 class=\"wp-block-heading\" id=\"h-4-unraveling-the-mystery-of-estonian-pronouns\">4. Viron pronominien mysteerin selvitt\u00e4minen<\/h3>\n\n\n\n<p>Viron pronominit korvaavat substantiivit ja tekev\u00e4t puheesta sujuvampaa ja dynaamisempaa. Keskity persoona- ja possessiivipronominien oppimiseen:<\/p>\n\n\n\n<p><strong>&#8211; Persoonapronominit: mina (min\u00e4), sina (sin\u00e4, ep\u00e4virallinen), tema (h\u00e4n), meie (me), teie (te, monikko\/muodollinen), nemad (he).<\/strong><\/p>\n\n\n\n<p><strong>&#8211; Possessiivipronominit: minu (minun), sinu (sinun, ep\u00e4virallinen), tema (h\u00e4nen), meid\u00e4n (meid\u00e4n), teid\u00e4n (teid\u00e4n, monikko\/muodollinen), niiden (heid\u00e4n).<\/strong><\/p>\n\n\n\n<h3 class=\"wp-block-heading\" id=\"h-5-no-articles-no-problem\">5. Ei artikkeleita, ei ongelmaa!<\/h3>\n\n\n\n<p><a href=\"https:\/\/talkpal.ai\/learn-estonian\/\">Viro<\/a> ei k\u00e4yt\u00e4 m\u00e4\u00e4r\u00e4isi\u00e4 tai ep\u00e4m\u00e4\u00e4r\u00e4isi\u00e4 artikkeleita, joten voit huokaista helpotuksesta. Esimerkiksi:<\/p>\n\n\n\n<p><strong>&#8211; Koer &#8211; &#8221;koira&#8221; tai &#8221;koira&#8221;.<\/strong><\/p>\n\n\n\n<p><strong>&#8211; Maja &#8211; &#8221;talo&#8221; tai &#8221;talo&#8221;.<\/strong><\/p>\n\n\n\n<p>Viron kieliopin hallitseminen on j\u00e4nnitt\u00e4v\u00e4 ja rikastuttava prosessi, joka avaa ovia rikkaaseen kulttuurikokemukseen. Muista, ett\u00e4 harjoittelu on avainasemassa, joten uppoudu viron kielioppiin, keskustele \u00e4idinkielen\u00e4\u00e4n puhuvien kanssa ja rakenna vahva perusta kielimatkallesi. Edu! (Onnea!)<\/p>\n<\/div><\/div>\n\r\n<section class=\"learnNavigationSection\">\r\n            \r\n        <a href=\"https:\/\/talkpal.ai\/fi\/opi-viroa\/\">\r\n            <div class=\"learnNavigationWrapper\">\r\n                <div class=\"learnNavigationContent\">\r\n                    <img decoding=\"async\" src=\"https:\/\/talkpal.ai\/wp-content\/uploads\/2024\/08\/Estonian.jpg\" alt=\"Estonian Flag\">\r\n                    <div>\r\n                        <h4>Tietoa Viron oppimisesta<\/h4>\r\n                        <p>Tutustu viron kielioppiin.<\/p>\r\n                    <\/div>\r\n                <\/div>\r\n            <\/div>\r\n        <\/a>\r\n\r\n        \r\n        <a href=\"https:\/\/talkpal.ai\/fi\/viron-kielioppiharjoitukset\/\">\r\n            <div class=\"learnNavigationWrapper\">\r\n                <div class=\"learnNavigationContent\">\r\n                    <img decoding=\"async\" src=\"https:\/\/talkpal.ai\/wp-content\/uploads\/2024\/08\/Estonian.jpg\" alt=\"Estonian Flag\">\r\n                    <div>\r\n                        <h4>Viron kielioppiharjoitus<\/h4>\r\n                        <p>Harjoittele viron kielioppia.<\/p>\r\n                    <\/div>\r\n                <\/div>\r\n            <\/div>\r\n        <\/a>\r\n\r\n        \r\n        <a href=\"https:\/\/talkpal.ai\/vocabulary_language\/estonian\/\">\r\n            <div class=\"learnNavigationWrapper\">\r\n                <div class=\"learnNavigationContent\">\r\n                    <img decoding=\"async\" src=\"https:\/\/talkpal.ai\/wp-content\/uploads\/2024\/08\/Estonian.jpg\" alt=\"Estonian Flag\">\r\n                    <div>\r\n                        <h4>Viron sanasto<\/h4>\r\n                        <p>Laajenna virolaista sanavarastoasi.<\/p>\r\n                    <\/div>\r\n                <\/div>\r\n            <\/div>\r\n        <\/a>\r\n\r\n            <\/section>","protected":false},"excerpt":{"rendered":"<p>Viron kielioppi: portti ainutlaatuiselle kielimatkalle Tervetuloa Viron kiehtovaan maailmaan! Yli miljoonalla \u00e4idinkielen\u00e4\u00e4n puhuvalla virolla on ainutlaatuinen mahdollisuus laajentaa kielellist\u00e4 horisonttiasi ja tutustua el\u00e4v\u00e4\u00e4n kulttuuriin. Viron kieliopin monimutkaisuus saattaa ensi silm\u00e4yksell\u00e4 tuntua pelottavalta, mutta t\u00e4m\u00e4 yst\u00e4v\u00e4llinen aloittelijan opas avaa viron kieliopin perusteita yksinkertaisella ja mukaansatempaavalla tavalla. 1. Viron aakkosten omaksuminen Matka viron kielen hallintaan alkaa aakkosista. [&hellip;]<\/p>\n","protected":false},"author":1,"featured_media":28299,"parent":0,"menu_order":0,"comment_status":"closed","ping_status":"closed","template":"LearningContentPage.php","meta":{"_acf_changed":false,"footnotes":""},"class_list":["post-142615","page","type-page","status-publish","has-post-thumbnail","hentry"],"acf":[],"yoast_head":"<!-- This site is optimized with the Yoast SEO Premium plugin v27.2 (Yoast SEO v27.2) - https:\/\/yoast.com\/product\/yoast-seo-premium-wordpress\/ -->\n<title>Viron kielioppi - Talkpal<\/title>\n<meta name=\"description\" content=\"Tutustu viron kieliopin keskeisiin k\u00e4sitteisiin, kuten tapauksiin, verbeihin, lauserakenteeseen, \u00e4\u00e4nt\u00e4miseen ja vinkkeihin.\" \/>\n<meta name=\"robots\" content=\"index, follow, max-snippet:-1, max-image-preview:large, max-video-preview:-1\" \/>\n<link rel=\"canonical\" href=\"https:\/\/talkpal.ai\/fi\/viron-kielioppi\/\" \/>\n<meta property=\"og:locale\" content=\"fi_FI\" \/>\n<meta property=\"og:type\" content=\"article\" \/>\n<meta property=\"og:title\" content=\"Viron kielioppi\" \/>\n<meta property=\"og:description\" content=\"Viron kielioppi: portti ainutlaatuiselle kielimatkalle Tervetuloa Viron kiehtovaan maailmaan! Yli miljoonalla \u00e4idinkielen\u00e4\u00e4n puhuvalla virolla on\" \/>\n<meta property=\"og:url\" content=\"https:\/\/talkpal.ai\/fi\/viron-kielioppi\/\" \/>\n<meta property=\"og:site_name\" content=\"Talkpal\" \/>\n<meta property=\"article:publisher\" content=\"https:\/\/www.facebook.com\/profile.php?id=100090733639311\" \/>\n<meta property=\"article:modified_time\" content=\"2025-12-13T15:31:54+00:00\" \/>\n<meta property=\"og:image\" content=\"https:\/\/talkpal.ai\/wp-content\/uploads\/2023\/05\/estonia.png\" \/>\n\t<meta property=\"og:image:width\" content=\"512\" \/>\n\t<meta property=\"og:image:height\" content=\"512\" \/>\n\t<meta property=\"og:image:type\" content=\"image\/png\" \/>\n<meta name=\"twitter:card\" content=\"summary_large_image\" \/>\n<meta name=\"twitter:site\" content=\"@talkpalai\" \/>\n<meta name=\"twitter:label1\" content=\"Arvioitu lukuaika\" \/>\n\t<meta name=\"twitter:data1\" content=\"2 minuuttia\" \/>\n<script type=\"application\/ld+json\" class=\"yoast-schema-graph\">{\"@context\":\"https:\/\/schema.org\",\"@graph\":[{\"@type\":\"WebPage\",\"@id\":\"https:\/\/talkpal.ai\/fi\/viron-kielioppi\/\",\"url\":\"https:\/\/talkpal.ai\/fi\/viron-kielioppi\/\",\"name\":\"Viron kielioppi - Talkpal\",\"isPartOf\":{\"@id\":\"https:\/\/talkpal.ai\/fi\/#website\"},\"primaryImageOfPage\":{\"@id\":\"https:\/\/talkpal.ai\/fi\/viron-kielioppi\/#primaryimage\"},\"image\":{\"@id\":\"https:\/\/talkpal.ai\/fi\/viron-kielioppi\/#primaryimage\"},\"thumbnailUrl\":\"https:\/\/talkpal.ai\/wp-content\/uploads\/2023\/05\/estonia.png\",\"datePublished\":\"2023-05-14T14:01:53+00:00\",\"dateModified\":\"2025-12-13T15:31:54+00:00\",\"description\":\"Tutustu viron kieliopin keskeisiin k\u00e4sitteisiin, kuten tapauksiin, verbeihin, lauserakenteeseen, \u00e4\u00e4nt\u00e4miseen ja vinkkeihin.\",\"breadcrumb\":{\"@id\":\"https:\/\/talkpal.ai\/fi\/viron-kielioppi\/#breadcrumb\"},\"inLanguage\":\"fi\",\"potentialAction\":[{\"@type\":\"ReadAction\",\"target\":[\"https:\/\/talkpal.ai\/fi\/viron-kielioppi\/\"]}]},{\"@type\":\"ImageObject\",\"inLanguage\":\"fi\",\"@id\":\"https:\/\/talkpal.ai\/fi\/viron-kielioppi\/#primaryimage\",\"url\":\"https:\/\/talkpal.ai\/wp-content\/uploads\/2023\/05\/estonia.png\",\"contentUrl\":\"https:\/\/talkpal.ai\/wp-content\/uploads\/2023\/05\/estonia.png\",\"width\":512,\"height\":512},{\"@type\":\"BreadcrumbList\",\"@id\":\"https:\/\/talkpal.ai\/fi\/viron-kielioppi\/#breadcrumb\",\"itemListElement\":[{\"@type\":\"ListItem\",\"position\":1,\"name\":\"Homepage\",\"item\":\"https:\/\/talkpal.ai\/fi\/\"},{\"@type\":\"ListItem\",\"position\":2,\"name\":\"Viron kielioppi\"}]},{\"@type\":\"WebSite\",\"@id\":\"https:\/\/talkpal.ai\/fi\/#website\",\"url\":\"https:\/\/talkpal.ai\/fi\/\",\"name\":\"Talkpal\",\"description\":\"AI Language Learning\",\"publisher\":{\"@id\":\"https:\/\/talkpal.ai\/fi\/#organization\"},\"alternateName\":\"Talkpal AI\",\"potentialAction\":[{\"@type\":\"SearchAction\",\"target\":{\"@type\":\"EntryPoint\",\"urlTemplate\":\"https:\/\/talkpal.ai\/fi\/?s={search_term_string}\"},\"query-input\":{\"@type\":\"PropertyValueSpecification\",\"valueRequired\":true,\"valueName\":\"search_term_string\"}}],\"inLanguage\":\"fi\"},{\"@type\":\"Organization\",\"@id\":\"https:\/\/talkpal.ai\/fi\/#organization\",\"name\":\"Talkpal, Inc.\",\"alternateName\":\"Talkpal AI\",\"url\":\"https:\/\/talkpal.ai\/fi\/\",\"logo\":{\"@type\":\"ImageObject\",\"inLanguage\":\"fi\",\"@id\":\"https:\/\/talkpal.ai\/fi\/#\/schema\/logo\/image\/\",\"url\":\"https:\/\/talkpal.ai\/wp-content\/uploads\/2024\/03\/Talkpal-Logo-Icon.png\",\"contentUrl\":\"https:\/\/talkpal.ai\/wp-content\/uploads\/2024\/03\/Talkpal-Logo-Icon.png\",\"width\":2880,\"height\":2880,\"caption\":\"Talkpal, Inc.\"},\"image\":{\"@id\":\"https:\/\/talkpal.ai\/fi\/#\/schema\/logo\/image\/\"},\"sameAs\":[\"https:\/\/www.facebook.com\/profile.php?id=100090733639311\",\"https:\/\/x.com\/talkpalai\",\"https:\/\/www.linkedin.com\/company\/talkpal\/\",\"https:\/\/www.youtube.com\/@TalkPal\/\",\"https:\/\/www.tiktok.com\/@talkpal\",\"https:\/\/www.instagram.com\/talkpal_ai\/\",\"https:\/\/www.crunchbase.com\/organization\/talkpal-9cde\",\"https:\/\/www.g2.com\/products\/talkpal-for-business\/\",\"https:\/\/www.trustpilot.com\/review\/talkpal.ai\",\"https:\/\/www.capterra.com\/p\/10006800\/TalkPal\/\"],\"description\":\"Talkpal is a language learning web and mobile education app, powered by the latest AI technologies, that provides engaging experiences to its customers in many different languages to help them improve their language skills. Users can chat about unlimited amount of topics with the app and use other modes to practice their language learning.\",\"email\":\"support@talkpal.ai\",\"legalName\":\"Talkpal, Inc.\",\"foundingDate\":\"2023-04-03\",\"duns\":\"118989042\",\"numberOfEmployees\":{\"@type\":\"QuantitativeValue\",\"minValue\":\"11\",\"maxValue\":\"50\"},\"publishingPrinciples\":\"https:\/\/talkpal.ai\/publishing-principles\/\",\"actionableFeedbackPolicy\":\"https:\/\/talkpal.ai\/actionable-feedback-policy\/\",\"correctionsPolicy\":\"https:\/\/talkpal.ai\/corrections-policy\/\",\"ethicsPolicy\":\"https:\/\/talkpal.ai\/ethics-policy\/\",\"diversityPolicy\":\"https:\/\/talkpal.ai\/diversity-policy\/\",\"diversityStaffingReport\":\"https:\/\/talkpal.ai\/diversity-policy\/\"}]}<\/script>\n<!-- \/ Yoast SEO Premium plugin. -->","yoast_head_json":{"title":"Viron kielioppi - Talkpal","description":"Tutustu viron kieliopin keskeisiin k\u00e4sitteisiin, kuten tapauksiin, verbeihin, lauserakenteeseen, \u00e4\u00e4nt\u00e4miseen ja vinkkeihin.","robots":{"index":"index","follow":"follow","max-snippet":"max-snippet:-1","max-image-preview":"max-image-preview:large","max-video-preview":"max-video-preview:-1"},"canonical":"https:\/\/talkpal.ai\/fi\/viron-kielioppi\/","og_locale":"fi_FI","og_type":"article","og_title":"Viron kielioppi","og_description":"Viron kielioppi: portti ainutlaatuiselle kielimatkalle Tervetuloa Viron kiehtovaan maailmaan! Yli miljoonalla \u00e4idinkielen\u00e4\u00e4n puhuvalla virolla on","og_url":"https:\/\/talkpal.ai\/fi\/viron-kielioppi\/","og_site_name":"Talkpal","article_publisher":"https:\/\/www.facebook.com\/profile.php?id=100090733639311","article_modified_time":"2025-12-13T15:31:54+00:00","og_image":[{"width":512,"height":512,"url":"https:\/\/talkpal.ai\/wp-content\/uploads\/2023\/05\/estonia.png","type":"image\/png"}],"twitter_card":"summary_large_image","twitter_site":"@talkpalai","twitter_misc":{"Arvioitu lukuaika":"2 minuuttia"},"schema":{"@context":"https:\/\/schema.org","@graph":[{"@type":"WebPage","@id":"https:\/\/talkpal.ai\/fi\/viron-kielioppi\/","url":"https:\/\/talkpal.ai\/fi\/viron-kielioppi\/","name":"Viron kielioppi - Talkpal","isPartOf":{"@id":"https:\/\/talkpal.ai\/fi\/#website"},"primaryImageOfPage":{"@id":"https:\/\/talkpal.ai\/fi\/viron-kielioppi\/#primaryimage"},"image":{"@id":"https:\/\/talkpal.ai\/fi\/viron-kielioppi\/#primaryimage"},"thumbnailUrl":"https:\/\/talkpal.ai\/wp-content\/uploads\/2023\/05\/estonia.png","datePublished":"2023-05-14T14:01:53+00:00","dateModified":"2025-12-13T15:31:54+00:00","description":"Tutustu viron kieliopin keskeisiin k\u00e4sitteisiin, kuten tapauksiin, verbeihin, lauserakenteeseen, \u00e4\u00e4nt\u00e4miseen ja vinkkeihin.","breadcrumb":{"@id":"https:\/\/talkpal.ai\/fi\/viron-kielioppi\/#breadcrumb"},"inLanguage":"fi","potentialAction":[{"@type":"ReadAction","target":["https:\/\/talkpal.ai\/fi\/viron-kielioppi\/"]}]},{"@type":"ImageObject","inLanguage":"fi","@id":"https:\/\/talkpal.ai\/fi\/viron-kielioppi\/#primaryimage","url":"https:\/\/talkpal.ai\/wp-content\/uploads\/2023\/05\/estonia.png","contentUrl":"https:\/\/talkpal.ai\/wp-content\/uploads\/2023\/05\/estonia.png","width":512,"height":512},{"@type":"BreadcrumbList","@id":"https:\/\/talkpal.ai\/fi\/viron-kielioppi\/#breadcrumb","itemListElement":[{"@type":"ListItem","position":1,"name":"Homepage","item":"https:\/\/talkpal.ai\/fi\/"},{"@type":"ListItem","position":2,"name":"Viron kielioppi"}]},{"@type":"WebSite","@id":"https:\/\/talkpal.ai\/fi\/#website","url":"https:\/\/talkpal.ai\/fi\/","name":"Talkpal","description":"AI Language Learning","publisher":{"@id":"https:\/\/talkpal.ai\/fi\/#organization"},"alternateName":"Talkpal AI","potentialAction":[{"@type":"SearchAction","target":{"@type":"EntryPoint","urlTemplate":"https:\/\/talkpal.ai\/fi\/?s={search_term_string}"},"query-input":{"@type":"PropertyValueSpecification","valueRequired":true,"valueName":"search_term_string"}}],"inLanguage":"fi"},{"@type":"Organization","@id":"https:\/\/talkpal.ai\/fi\/#organization","name":"Talkpal, Inc.","alternateName":"Talkpal AI","url":"https:\/\/talkpal.ai\/fi\/","logo":{"@type":"ImageObject","inLanguage":"fi","@id":"https:\/\/talkpal.ai\/fi\/#\/schema\/logo\/image\/","url":"https:\/\/talkpal.ai\/wp-content\/uploads\/2024\/03\/Talkpal-Logo-Icon.png","contentUrl":"https:\/\/talkpal.ai\/wp-content\/uploads\/2024\/03\/Talkpal-Logo-Icon.png","width":2880,"height":2880,"caption":"Talkpal, Inc."},"image":{"@id":"https:\/\/talkpal.ai\/fi\/#\/schema\/logo\/image\/"},"sameAs":["https:\/\/www.facebook.com\/profile.php?id=100090733639311","https:\/\/x.com\/talkpalai","https:\/\/www.linkedin.com\/company\/talkpal\/","https:\/\/www.youtube.com\/@TalkPal\/","https:\/\/www.tiktok.com\/@talkpal","https:\/\/www.instagram.com\/talkpal_ai\/","https:\/\/www.crunchbase.com\/organization\/talkpal-9cde","https:\/\/www.g2.com\/products\/talkpal-for-business\/","https:\/\/www.trustpilot.com\/review\/talkpal.ai","https:\/\/www.capterra.com\/p\/10006800\/TalkPal\/"],"description":"Talkpal is a language learning web and mobile education app, powered by the latest AI technologies, that provides engaging experiences to its customers in many different languages to help them improve their language skills. Users can chat about unlimited amount of topics with the app and use other modes to practice their language learning.","email":"support@talkpal.ai","legalName":"Talkpal, Inc.","foundingDate":"2023-04-03","duns":"118989042","numberOfEmployees":{"@type":"QuantitativeValue","minValue":"11","maxValue":"50"},"publishingPrinciples":"https:\/\/talkpal.ai\/publishing-principles\/","actionableFeedbackPolicy":"https:\/\/talkpal.ai\/actionable-feedback-policy\/","correctionsPolicy":"https:\/\/talkpal.ai\/corrections-policy\/","ethicsPolicy":"https:\/\/talkpal.ai\/ethics-policy\/","diversityPolicy":"https:\/\/talkpal.ai\/diversity-policy\/","diversityStaffingReport":"https:\/\/talkpal.ai\/diversity-policy\/"}]}},"_links":{"self":[{"href":"https:\/\/talkpal.ai\/fi\/wp-json\/wp\/v2\/pages\/142615","targetHints":{"allow":["GET"]}}],"collection":[{"href":"https:\/\/talkpal.ai\/fi\/wp-json\/wp\/v2\/pages"}],"about":[{"href":"https:\/\/talkpal.ai\/fi\/wp-json\/wp\/v2\/types\/page"}],"author":[{"embeddable":true,"href":"https:\/\/talkpal.ai\/fi\/wp-json\/wp\/v2\/users\/1"}],"replies":[{"embeddable":true,"href":"https:\/\/talkpal.ai\/fi\/wp-json\/wp\/v2\/comments?post=142615"}],"version-history":[{"count":0,"href":"https:\/\/talkpal.ai\/fi\/wp-json\/wp\/v2\/pages\/142615\/revisions"}],"wp:featuredmedia":[{"embeddable":true,"href":"https:\/\/talkpal.ai\/fi\/wp-json\/wp\/v2\/media\/28299"}],"wp:attachment":[{"href":"https:\/\/talkpal.ai\/fi\/wp-json\/wp\/v2\/media?parent=142615"}],"curies":[{"name":"wp","href":"https:\/\/api.w.org\/{rel}","templated":true}]}}