{"id":142315,"date":"2023-05-14T14:01:16","date_gmt":"2023-05-14T14:01:16","guid":{"rendered":"http:\/\/talkpal.ai\/kroatian-kielioppi\/"},"modified":"2025-12-11T16:41:51","modified_gmt":"2025-12-11T16:41:51","slug":"kroatian-kielioppi","status":"publish","type":"page","link":"https:\/\/talkpal.ai\/fi\/kroatian-kielioppi\/","title":{"rendered":"Kroatian kielioppi"},"content":{"rendered":"\r\n\r\n\r\n<section class=\"languageChallengeSection\">\r\n    <div class=\"languageInfoWrapper\">\r\n        \r\n        <h1>Kroatian kielioppi<\/h1>\r\n        <p>Tutustu kroatian kielen kiehtovaan rakenteeseen oppimalla sen keskeiset kielioppis\u00e4\u00e4nn\u00f6t. Kroatian kieliopin hallitseminen avaa uusia mahdollisuuksia viestint\u00e4\u00e4n ja auttaa sinua kokemaan paremmin maan kulttuuria ja kulttuuriperint\u00f6\u00e4. Aloita Kroatian kieliopin opiskelu jo t\u00e4n\u00e4\u00e4n ja ota ensimm\u00e4inen askel kohti sujuvuutta!<\/p>\r\n\r\n                            <a class=\"getStartedHidden\" href=\"https:\/\/app.talkpal.ai\/fi\/signup?lng=\">Aloita<\/a>\r\n        \r\n    <\/div>\r\n\r\n    <figure>\r\n    <img decoding=\"async\" width=\"768\" height=\"768\" src=\"https:\/\/talkpal.ai\/wp-content\/uploads\/2023\/06\/croatian-768x768.png\" class=\"languageImage no-lazy\" alt=\"Default alt text\" fetchpriority=\"high\" sizes=\"(max-width: 768px) 150px, 768px\" srcset=\"https:\/\/talkpal.ai\/wp-content\/uploads\/2023\/06\/croatian-768x768.png 768w, https:\/\/talkpal.ai\/wp-content\/uploads\/2023\/06\/croatian-300x300.png 300w\" \/>\r\n    \r\n\r\n    <\/figure>\r\n\r\n            <a class=\"getStartedVisible\" href=\"https:\/\/app.talkpal.ai\/fi\/signup?lng=\">Aloita<\/a>\r\n    \r\n<\/section>\r\n        <section class=\"grammarSection\">\r\n            <div class=\"grammarLinks\">\r\n                <a href=\"https:\/\/talkpal.ai\/fi\/language\/adjektiivit-kroatian-kielioppi\/\">Adjektiivit <\/a><a href=\"https:\/\/talkpal.ai\/fi\/language\/adverbit-kroatian-kielioppi\/\">Adverbit <\/a><a href=\"https:\/\/talkpal.ai\/fi\/language\/aikamuodot-kroatian-kielioppi\/\">Aikamuodot <\/a><a href=\"https:\/\/talkpal.ai\/fi\/language\/aikamuotojen-vertailu-kroatian-kielioppi\/\">Aikamuotojen vertailu <\/a><a href=\"https:\/\/talkpal.ai\/fi\/language\/artikkelit-kroatian-kielioppi\/\">Artikkelit <\/a><a href=\"https:\/\/talkpal.ai\/fi\/language\/konditionaalit-kroatian-kielioppi\/\">Konditionaalit <\/a><a href=\"https:\/\/talkpal.ai\/fi\/language\/lauseet-kroatian-kielioppi\/\">Lauseet <\/a><a href=\"https:\/\/talkpal.ai\/fi\/language\/prepositiot-kroatian-kielioppi\/\">Prepositiot <\/a><a href=\"https:\/\/talkpal.ai\/fi\/language\/progressiivinen-kroatian-kielioppi\/\">Progressiivinen <\/a><a href=\"https:\/\/talkpal.ai\/fi\/language\/pronominit-determinerit-kroatian-kielioppi\/\">Pronominit\/Determinerit <\/a><a href=\"https:\/\/talkpal.ai\/fi\/language\/substantiivit-kroatian-kielioppi\/\">Substantiivit <\/a><a href=\"https:\/\/talkpal.ai\/fi\/language\/taydellinen-progressiivinen-kroatian-kielioppi\/\">T\u00e4ydellinen progressiivinen <\/a><a href=\"https:\/\/talkpal.ai\/fi\/language\/verbit-kroatian-kielioppi\/\">Verbit <\/a>            <\/div>\r\n        <\/section>\r\n    <section class=\"promotionalBanner\">\r\n    <p class=\"promotionalText\">Tehokkain tapa oppia kielt\u00e4<\/p>\r\n    <a class=\"promotionalLink\" href=\"https:\/\/app.talkpal.ai\/fi\/signup?lng=\">Kokeile Talkpal ilmaiseksi<\/a>\r\n<\/section>\n<div class=\"wp-block-group pageContainerStyle\"><div class=\"wp-block-group__inner-container is-layout-constrained wp-block-group-is-layout-constrained\">\n<h2 class=\"wp-block-heading\" id=\"h-a-journey-through-croatian-grammar-unraveling-the-complexities-made-easy\">Matka kroatian kieliopin l\u00e4pi: monimutkaisuuksien selvitt\u00e4minen on helppoa<\/h2>\n\n\n\n<p><a href=\"https:\/\/talkpal.ai\/fi\/grammar\/kroatian-nykyaikainen-kielioppi\/\">Kroatian kielioppi<\/a>: houkutteleva ja pelottava, yksinkertainen ja monimutkainen, salaper\u00e4inen ja kiehtova. Kun aloitat kroatian kielen oppimismatkan, saatat tuntea hukkua ajatuksesta ymm\u00e4rt\u00e4\u00e4 sen kieliopilliset monimutkaisuudet. Mutta \u00e4l\u00e4 pelk\u00e4\u00e4, peloton kielitieteilij\u00e4, sill\u00e4 olemme t\u00e4\u00e4ll\u00e4 opastamassa sinua joka askeleella!<\/p>\n\n\n\n<p>T\u00e4ss\u00e4 artikkelissa annamme perustiedot kroatian kieliopin k\u00e4sitteist\u00e4 ja annamme vinkkej\u00e4 ja temppuja t\u00e4m\u00e4n kauniin slaavilaisen kielen hallitsemiseksi. Istu vain alas, rentoudu ja yksinkertaistetaan t\u00e4m\u00e4 n\u00e4enn\u00e4isesti monimutkainen asia!<\/p>\n\n\n\n<h3 class=\"wp-block-heading\" id=\"h-1-heavenly-nouns-declining-in-style\">1. Taivaalliset substantiivit: tyylilt\u00e4\u00e4n lasku<\/h3>\n\n\n\n<p>Jos tunnet kieli\u00e4, kuten latinaa <a href=\"https:\/\/talkpal.ai\/learn-thai\/\">tai<\/a> saksaa, substantiivien deklinaatio ei ole sinulle uusi asia. Kroatian kielioppi on rakennettu julistuksen perustalle, jossa on yhteens\u00e4 seitsem\u00e4n tapausta. Kyll\u00e4, kuulit oikein! Jokaisella kroatian substantiivilla voi olla enint\u00e4\u00e4n seitsem\u00e4n eri muotoa riippuen sen roolista lauseessa. Mutta miksi h\u00e4lin\u00e4, kysyt? No, se v\u00e4hent\u00e4\u00e4 prepositioiden tarvetta ja tekee kielest\u00e4 tarkemman.  <\/p>\n\n\n\n<p>T\u00e4ss\u00e4 on nopea yhteenveto tapauksista:<\/p>\n\n\n\n<p><strong>&#8211; Nominatiivi:<\/strong> Nominatiivi: lauseen subjekti<\/p>\n\n\n\n<p><strong>&#8211; Genetiivi:<\/strong> Osoittaa hallussapitoa tai alkuper\u00e4\u00e4<\/p>\n\n\n\n<p><strong>&#8211; Datiivi:<\/strong> Dative: Ep\u00e4suora kohde tai m\u00e4\u00e4r\u00e4np\u00e4\u00e4<\/p>\n\n\n\n<p><strong>&#8211; Akkusatiivi:<\/strong> suora objekti tai tavoite<\/p>\n\n\n\n<p><strong>&#8211; Vocative:<\/strong> K\u00e4ytet\u00e4\u00e4n puhuttelussa tai kutsumisessa<\/p>\n\n\n\n<p><strong>&#8211; Locative:<\/strong> Ilmaisee sijainnin<\/p>\n\n\n\n<p><strong>&#8211; Instrumentaali:<\/strong> Kuvaa keinoja, tapaa tai s\u00e4estyst\u00e4.<\/p>\n\n\n\n<p>Ennen kuin alat panikoida, muista, ett\u00e4 harjoitus tekee mestarin. Kielen s\u00e4\u00e4nn\u00f6llinen altistuminen ja k\u00e4ytt\u00f6 auttaa sinua v\u00e4hitellen hallitsemaan n\u00e4m\u00e4 julistukset ja tulemaan kroatian kielioppihulluksi!<\/p>\n\n\n\n<h3 class=\"wp-block-heading\" id=\"h-2-adorable-adjectives-agreements-galore\">2. Suloiset adjektiivit: sopimuksia yllin kyllin<\/h3>\n\n\n\n<p>Kroatian kieliopin maailmassa adjektiivit haluavat olla miellytt\u00e4vi\u00e4. Ne muuttuvat muokkaamansa substantiivin sukupuolen, numeron ja kirjainkoon mukaan. T\u00e4m\u00e4 tarkoittaa, ett\u00e4 adjektiivin muotoa on mukautettava sen mukaan, onko substantiivi maskuliininen, feminiininen vai neutri ja onko se yksik\u00f6ss\u00e4 vai monikossa.<\/p>\n\n\n\n<p>Kamppailetko sopimuksen kanssa? Pieni vinkki: keskity adjektiivin juuren oppimiseen, niin loputkin asiat loksahtavat kohdalleen. Esimerkiksi adjektiivin &#8221;kaunis&#8221; kanta on &#8221;lijep-&#8221;, ja voit luoda muotoja kuten &#8221;lijepa&#8221; (feminiini, nominatiivi) tai &#8221;lijepim&#8221; (maskuliini\/neutriini, instrumentaali) k\u00e4ytt\u00e4m\u00e4ll\u00e4 erilaisia p\u00e4\u00e4tteit\u00e4.<\/p>\n\n\n\n<h3 class=\"wp-block-heading\" id=\"h-3-vibrant-verbs-conjugating-to-perfection\">3. Eloisat verbit: taivuttaminen t\u00e4ydellisyyteen<\/h3>\n\n\n\n<p>Alatteko n\u00e4hd\u00e4 t\u00e4ss\u00e4 kuvion? Aivan kuten substantiivit ja adjektiivit, my\u00f6s kroatian verbit ovat t\u00e4ynn\u00e4 muunnelmia. T\u00e4ss\u00e4 kieless\u00e4 verbit taivutetaan aikamuodon, mielialan, n\u00e4k\u00f6kulman, henkil\u00f6n ja numeron perusteella.<\/p>\n\n\n\n<p>Kroatian kieless\u00e4 on kolme p\u00e4\u00e4aikamuotoa: menneisyys, nykyisyys ja tulevaisuus. Vaikka preesens saattaa tuntua suhteellisen helpolta ymm\u00e4rt\u00e4\u00e4, menneisyys ja tulevaisuus voivat olla monimutkaisia. Mutta \u00e4l\u00e4 huoli! Harjoittelu ja kielelle altistuminen auttavat sinua voittamaan n\u00e4m\u00e4 esteet hetkess\u00e4.<\/p>\n\n\n\n<h3 class=\"wp-block-heading\" id=\"h-4-prepositions-cases-dynamic-duo\">4. Prepositiot + kotelot = dynaaminen duo!<\/h3>\n\n\n\n<p>Kroatian <a href=\"https:\/\/talkpal.ai\/fi\/grammar\/kohdan-kannadan-kieliopissa-prepositiot\/\">prepositiot<\/a> voivat olla hieman hankalia, koska ne liittyv\u00e4t l\u00e4heisesti substantiivitapauksiin. Esimerkiksi prepositiota &#8221;u&#8221; (in, into) k\u00e4ytet\u00e4\u00e4n akkusatiivissa, jos se tarkoittaa liikett\u00e4 tai suuntaa, mutta jos se kuvaa sijaintia, se toimii paikannimess\u00e4.<\/p>\n\n\n\n<p>Sekaannusten v\u00e4ltt\u00e4miseksi liit\u00e4 prepositio sen vaatimaan tapaukseen. Muista esimerkiksi &#8221;u + lokaatiivi = in&#8221; ja &#8221;u + akkusatiivi = into&#8221;.<\/p>\n\n\n\n<h3 class=\"wp-block-heading\" id=\"h-5-tame-the-complexities-practice-makes-perfect\">5. Kesyt\u00e4 monimutkaisuudet: harjoitus tekee mestarin<\/h3>\n\n\n\n<p>Ensi silm\u00e4yksell\u00e4 kroatian kielioppi saattaa tuntua labyrintilta, mutta pid\u00e4 mieless\u00e4, ett\u00e4 k\u00e4yt\u00e4nt\u00f6 on menestyksen salainen ainesosa. Uppoudu kieleen lukemalla, kirjoittamalla, kuuntelemalla ja keskustelemalla. K\u00e4\u00e4nn\u00e4 haasteet voitoiksi antamalla aivojesi omaksua ja sopeutua uuteen kielelliseen ymp\u00e4rist\u00f6\u00f6n.<\/p>\n\n\n\n<p>Nyt kun olet kastanut varpaasi Kroatian kieliopin lumoaviin vesiin, oletko valmis sukeltamaan syvemm\u00e4lle? Hyv\u00e4ksy monimutkaisuus, nauti vivahteista ja muista, ett\u00e4 sinnikkyydell\u00e4 ja intohimolla voit avata kroatian kielen todellisen kauneuden. Sretno! (Onnea!)<\/p>\n<\/div><\/div>\n\r\n<section class=\"learnNavigationSection\">\r\n            \r\n        <a href=\"https:\/\/talkpal.ai\/fi\/opi-kroatiaa\/\">\r\n            <div class=\"learnNavigationWrapper\">\r\n                <div class=\"learnNavigationContent\">\r\n                    <img decoding=\"async\" src=\"https:\/\/talkpal.ai\/wp-content\/uploads\/2024\/08\/Croatian.jpg\" alt=\"Croatian Flag\">\r\n                    <div>\r\n                        <h4>Kroatian kielen oppimisesta<\/h4>\r\n                        <p>Lue kaikki Kroatian kieliopista.<\/p>\r\n                    <\/div>\r\n                <\/div>\r\n            <\/div>\r\n        <\/a>\r\n\r\n        \r\n        <a href=\"https:\/\/talkpal.ai\/fi\/kroatian-kielioppiharjoitukset\/\">\r\n            <div class=\"learnNavigationWrapper\">\r\n                <div class=\"learnNavigationContent\">\r\n                    <img decoding=\"async\" src=\"https:\/\/talkpal.ai\/wp-content\/uploads\/2024\/08\/Croatian.jpg\" alt=\"Croatian Flag\">\r\n                    <div>\r\n                        <h4>Kroatian kielioppiharjoitus<\/h4>\r\n                        <p>Harjoittele kroatian kielioppia.<\/p>\r\n                    <\/div>\r\n                <\/div>\r\n            <\/div>\r\n        <\/a>\r\n\r\n        \r\n        <a href=\"https:\/\/talkpal.ai\/vocabulary_language\/croatian\/\">\r\n            <div class=\"learnNavigationWrapper\">\r\n                <div class=\"learnNavigationContent\">\r\n                    <img decoding=\"async\" src=\"https:\/\/talkpal.ai\/wp-content\/uploads\/2024\/08\/Croatian.jpg\" alt=\"Croatian Flag\">\r\n                    <div>\r\n                        <h4>Kroatian sanasto<\/h4>\r\n                        <p>Laajenna kroatian kielen sanavarastoasi.<\/p>\r\n                    <\/div>\r\n                <\/div>\r\n            <\/div>\r\n        <\/a>\r\n\r\n            <\/section>","protected":false},"excerpt":{"rendered":"<p>Matka kroatian kieliopin l\u00e4pi: monimutkaisuuksien selvitt\u00e4minen on helppoa Kroatian kielioppi: houkutteleva ja pelottava, yksinkertainen ja monimutkainen, salaper\u00e4inen ja kiehtova. Kun aloitat kroatian kielen oppimismatkan, saatat tuntea hukkua ajatuksesta ymm\u00e4rt\u00e4\u00e4 sen kieliopilliset monimutkaisuudet. Mutta \u00e4l\u00e4 pelk\u00e4\u00e4, peloton kielitieteilij\u00e4, sill\u00e4 olemme t\u00e4\u00e4ll\u00e4 opastamassa sinua joka askeleella! T\u00e4ss\u00e4 artikkelissa annamme perustiedot kroatian kieliopin k\u00e4sitteist\u00e4 ja annamme vinkkej\u00e4 ja [&hellip;]<\/p>\n","protected":false},"author":1,"featured_media":28251,"parent":0,"menu_order":0,"comment_status":"closed","ping_status":"closed","template":"LearningContentPage.php","meta":{"_acf_changed":false,"footnotes":""},"class_list":["post-142315","page","type-page","status-publish","has-post-thumbnail","hentry"],"acf":[],"yoast_head":"<!-- This site is optimized with the Yoast SEO Premium plugin v27.2 (Yoast SEO v27.2) - https:\/\/yoast.com\/product\/yoast-seo-premium-wordpress\/ -->\n<title>Kroatian kielioppi - Talkpal<\/title>\n<meta name=\"description\" content=\"Tutustu kroaatin kielioppiin ja syvenn\u00e4 kielitaitoasi t\u00e4rkeiden vinkkien ja resurssien avulla.\" \/>\n<meta name=\"robots\" content=\"index, follow, max-snippet:-1, max-image-preview:large, max-video-preview:-1\" \/>\n<link rel=\"canonical\" href=\"https:\/\/talkpal.ai\/fi\/kroatian-kielioppi\/\" \/>\n<meta property=\"og:locale\" content=\"fi_FI\" \/>\n<meta property=\"og:type\" content=\"article\" \/>\n<meta property=\"og:title\" content=\"Kroatian kielioppi\" \/>\n<meta property=\"og:description\" content=\"Matka kroatian kieliopin l\u00e4pi: monimutkaisuuksien selvitt\u00e4minen on helppoa Kroatian kielioppi: houkutteleva ja pelottava, yksinkertainen ja monimutkainen,\" \/>\n<meta property=\"og:url\" content=\"https:\/\/talkpal.ai\/fi\/kroatian-kielioppi\/\" \/>\n<meta property=\"og:site_name\" content=\"Talkpal\" \/>\n<meta property=\"article:publisher\" content=\"https:\/\/www.facebook.com\/profile.php?id=100090733639311\" \/>\n<meta property=\"article:modified_time\" content=\"2025-12-11T16:41:51+00:00\" \/>\n<meta property=\"og:image\" content=\"https:\/\/talkpal.ai\/wp-content\/uploads\/2023\/05\/croatia.png\" \/>\n\t<meta property=\"og:image:width\" content=\"512\" \/>\n\t<meta property=\"og:image:height\" content=\"512\" \/>\n\t<meta property=\"og:image:type\" content=\"image\/png\" \/>\n<meta name=\"twitter:card\" content=\"summary_large_image\" \/>\n<meta name=\"twitter:site\" content=\"@talkpalai\" \/>\n<meta name=\"twitter:label1\" content=\"Arvioitu lukuaika\" \/>\n\t<meta name=\"twitter:data1\" content=\"3 minuuttia\" \/>\n<script type=\"application\/ld+json\" class=\"yoast-schema-graph\">{\"@context\":\"https:\/\/schema.org\",\"@graph\":[{\"@type\":\"WebPage\",\"@id\":\"https:\/\/talkpal.ai\/fi\/kroatian-kielioppi\/\",\"url\":\"https:\/\/talkpal.ai\/fi\/kroatian-kielioppi\/\",\"name\":\"Kroatian kielioppi - Talkpal\",\"isPartOf\":{\"@id\":\"https:\/\/talkpal.ai\/fi\/#website\"},\"primaryImageOfPage\":{\"@id\":\"https:\/\/talkpal.ai\/fi\/kroatian-kielioppi\/#primaryimage\"},\"image\":{\"@id\":\"https:\/\/talkpal.ai\/fi\/kroatian-kielioppi\/#primaryimage\"},\"thumbnailUrl\":\"https:\/\/talkpal.ai\/wp-content\/uploads\/2023\/05\/croatia.png\",\"datePublished\":\"2023-05-14T14:01:16+00:00\",\"dateModified\":\"2025-12-11T16:41:51+00:00\",\"description\":\"Tutustu kroaatin kielioppiin ja syvenn\u00e4 kielitaitoasi t\u00e4rkeiden vinkkien ja resurssien avulla.\",\"breadcrumb\":{\"@id\":\"https:\/\/talkpal.ai\/fi\/kroatian-kielioppi\/#breadcrumb\"},\"inLanguage\":\"fi\",\"potentialAction\":[{\"@type\":\"ReadAction\",\"target\":[\"https:\/\/talkpal.ai\/fi\/kroatian-kielioppi\/\"]}]},{\"@type\":\"ImageObject\",\"inLanguage\":\"fi\",\"@id\":\"https:\/\/talkpal.ai\/fi\/kroatian-kielioppi\/#primaryimage\",\"url\":\"https:\/\/talkpal.ai\/wp-content\/uploads\/2023\/05\/croatia.png\",\"contentUrl\":\"https:\/\/talkpal.ai\/wp-content\/uploads\/2023\/05\/croatia.png\",\"width\":512,\"height\":512},{\"@type\":\"BreadcrumbList\",\"@id\":\"https:\/\/talkpal.ai\/fi\/kroatian-kielioppi\/#breadcrumb\",\"itemListElement\":[{\"@type\":\"ListItem\",\"position\":1,\"name\":\"Homepage\",\"item\":\"https:\/\/talkpal.ai\/fi\/\"},{\"@type\":\"ListItem\",\"position\":2,\"name\":\"Kroatian kielioppi\"}]},{\"@type\":\"WebSite\",\"@id\":\"https:\/\/talkpal.ai\/fi\/#website\",\"url\":\"https:\/\/talkpal.ai\/fi\/\",\"name\":\"Talkpal\",\"description\":\"AI Language Learning\",\"publisher\":{\"@id\":\"https:\/\/talkpal.ai\/fi\/#organization\"},\"alternateName\":\"Talkpal AI\",\"potentialAction\":[{\"@type\":\"SearchAction\",\"target\":{\"@type\":\"EntryPoint\",\"urlTemplate\":\"https:\/\/talkpal.ai\/fi\/?s={search_term_string}\"},\"query-input\":{\"@type\":\"PropertyValueSpecification\",\"valueRequired\":true,\"valueName\":\"search_term_string\"}}],\"inLanguage\":\"fi\"},{\"@type\":\"Organization\",\"@id\":\"https:\/\/talkpal.ai\/fi\/#organization\",\"name\":\"Talkpal, Inc.\",\"alternateName\":\"Talkpal AI\",\"url\":\"https:\/\/talkpal.ai\/fi\/\",\"logo\":{\"@type\":\"ImageObject\",\"inLanguage\":\"fi\",\"@id\":\"https:\/\/talkpal.ai\/fi\/#\/schema\/logo\/image\/\",\"url\":\"https:\/\/talkpal.ai\/wp-content\/uploads\/2024\/03\/Talkpal-Logo-Icon.png\",\"contentUrl\":\"https:\/\/talkpal.ai\/wp-content\/uploads\/2024\/03\/Talkpal-Logo-Icon.png\",\"width\":2880,\"height\":2880,\"caption\":\"Talkpal, Inc.\"},\"image\":{\"@id\":\"https:\/\/talkpal.ai\/fi\/#\/schema\/logo\/image\/\"},\"sameAs\":[\"https:\/\/www.facebook.com\/profile.php?id=100090733639311\",\"https:\/\/x.com\/talkpalai\",\"https:\/\/www.linkedin.com\/company\/talkpal\/\",\"https:\/\/www.youtube.com\/@TalkPal\/\",\"https:\/\/www.tiktok.com\/@talkpal\",\"https:\/\/www.instagram.com\/talkpal_ai\/\",\"https:\/\/www.crunchbase.com\/organization\/talkpal-9cde\",\"https:\/\/www.g2.com\/products\/talkpal-for-business\/\",\"https:\/\/www.trustpilot.com\/review\/talkpal.ai\",\"https:\/\/www.capterra.com\/p\/10006800\/TalkPal\/\"],\"description\":\"Talkpal is a language learning web and mobile education app, powered by the latest AI technologies, that provides engaging experiences to its customers in many different languages to help them improve their language skills. Users can chat about unlimited amount of topics with the app and use other modes to practice their language learning.\",\"email\":\"support@talkpal.ai\",\"legalName\":\"Talkpal, Inc.\",\"foundingDate\":\"2023-04-03\",\"duns\":\"118989042\",\"numberOfEmployees\":{\"@type\":\"QuantitativeValue\",\"minValue\":\"11\",\"maxValue\":\"50\"},\"publishingPrinciples\":\"https:\/\/talkpal.ai\/publishing-principles\/\",\"actionableFeedbackPolicy\":\"https:\/\/talkpal.ai\/actionable-feedback-policy\/\",\"correctionsPolicy\":\"https:\/\/talkpal.ai\/corrections-policy\/\",\"ethicsPolicy\":\"https:\/\/talkpal.ai\/ethics-policy\/\",\"diversityPolicy\":\"https:\/\/talkpal.ai\/diversity-policy\/\",\"diversityStaffingReport\":\"https:\/\/talkpal.ai\/diversity-policy\/\"}]}<\/script>\n<!-- \/ Yoast SEO Premium plugin. -->","yoast_head_json":{"title":"Kroatian kielioppi - Talkpal","description":"Tutustu kroaatin kielioppiin ja syvenn\u00e4 kielitaitoasi t\u00e4rkeiden vinkkien ja resurssien avulla.","robots":{"index":"index","follow":"follow","max-snippet":"max-snippet:-1","max-image-preview":"max-image-preview:large","max-video-preview":"max-video-preview:-1"},"canonical":"https:\/\/talkpal.ai\/fi\/kroatian-kielioppi\/","og_locale":"fi_FI","og_type":"article","og_title":"Kroatian kielioppi","og_description":"Matka kroatian kieliopin l\u00e4pi: monimutkaisuuksien selvitt\u00e4minen on helppoa Kroatian kielioppi: houkutteleva ja pelottava, yksinkertainen ja monimutkainen,","og_url":"https:\/\/talkpal.ai\/fi\/kroatian-kielioppi\/","og_site_name":"Talkpal","article_publisher":"https:\/\/www.facebook.com\/profile.php?id=100090733639311","article_modified_time":"2025-12-11T16:41:51+00:00","og_image":[{"width":512,"height":512,"url":"https:\/\/talkpal.ai\/wp-content\/uploads\/2023\/05\/croatia.png","type":"image\/png"}],"twitter_card":"summary_large_image","twitter_site":"@talkpalai","twitter_misc":{"Arvioitu lukuaika":"3 minuuttia"},"schema":{"@context":"https:\/\/schema.org","@graph":[{"@type":"WebPage","@id":"https:\/\/talkpal.ai\/fi\/kroatian-kielioppi\/","url":"https:\/\/talkpal.ai\/fi\/kroatian-kielioppi\/","name":"Kroatian kielioppi - Talkpal","isPartOf":{"@id":"https:\/\/talkpal.ai\/fi\/#website"},"primaryImageOfPage":{"@id":"https:\/\/talkpal.ai\/fi\/kroatian-kielioppi\/#primaryimage"},"image":{"@id":"https:\/\/talkpal.ai\/fi\/kroatian-kielioppi\/#primaryimage"},"thumbnailUrl":"https:\/\/talkpal.ai\/wp-content\/uploads\/2023\/05\/croatia.png","datePublished":"2023-05-14T14:01:16+00:00","dateModified":"2025-12-11T16:41:51+00:00","description":"Tutustu kroaatin kielioppiin ja syvenn\u00e4 kielitaitoasi t\u00e4rkeiden vinkkien ja resurssien avulla.","breadcrumb":{"@id":"https:\/\/talkpal.ai\/fi\/kroatian-kielioppi\/#breadcrumb"},"inLanguage":"fi","potentialAction":[{"@type":"ReadAction","target":["https:\/\/talkpal.ai\/fi\/kroatian-kielioppi\/"]}]},{"@type":"ImageObject","inLanguage":"fi","@id":"https:\/\/talkpal.ai\/fi\/kroatian-kielioppi\/#primaryimage","url":"https:\/\/talkpal.ai\/wp-content\/uploads\/2023\/05\/croatia.png","contentUrl":"https:\/\/talkpal.ai\/wp-content\/uploads\/2023\/05\/croatia.png","width":512,"height":512},{"@type":"BreadcrumbList","@id":"https:\/\/talkpal.ai\/fi\/kroatian-kielioppi\/#breadcrumb","itemListElement":[{"@type":"ListItem","position":1,"name":"Homepage","item":"https:\/\/talkpal.ai\/fi\/"},{"@type":"ListItem","position":2,"name":"Kroatian kielioppi"}]},{"@type":"WebSite","@id":"https:\/\/talkpal.ai\/fi\/#website","url":"https:\/\/talkpal.ai\/fi\/","name":"Talkpal","description":"AI Language Learning","publisher":{"@id":"https:\/\/talkpal.ai\/fi\/#organization"},"alternateName":"Talkpal AI","potentialAction":[{"@type":"SearchAction","target":{"@type":"EntryPoint","urlTemplate":"https:\/\/talkpal.ai\/fi\/?s={search_term_string}"},"query-input":{"@type":"PropertyValueSpecification","valueRequired":true,"valueName":"search_term_string"}}],"inLanguage":"fi"},{"@type":"Organization","@id":"https:\/\/talkpal.ai\/fi\/#organization","name":"Talkpal, Inc.","alternateName":"Talkpal AI","url":"https:\/\/talkpal.ai\/fi\/","logo":{"@type":"ImageObject","inLanguage":"fi","@id":"https:\/\/talkpal.ai\/fi\/#\/schema\/logo\/image\/","url":"https:\/\/talkpal.ai\/wp-content\/uploads\/2024\/03\/Talkpal-Logo-Icon.png","contentUrl":"https:\/\/talkpal.ai\/wp-content\/uploads\/2024\/03\/Talkpal-Logo-Icon.png","width":2880,"height":2880,"caption":"Talkpal, Inc."},"image":{"@id":"https:\/\/talkpal.ai\/fi\/#\/schema\/logo\/image\/"},"sameAs":["https:\/\/www.facebook.com\/profile.php?id=100090733639311","https:\/\/x.com\/talkpalai","https:\/\/www.linkedin.com\/company\/talkpal\/","https:\/\/www.youtube.com\/@TalkPal\/","https:\/\/www.tiktok.com\/@talkpal","https:\/\/www.instagram.com\/talkpal_ai\/","https:\/\/www.crunchbase.com\/organization\/talkpal-9cde","https:\/\/www.g2.com\/products\/talkpal-for-business\/","https:\/\/www.trustpilot.com\/review\/talkpal.ai","https:\/\/www.capterra.com\/p\/10006800\/TalkPal\/"],"description":"Talkpal is a language learning web and mobile education app, powered by the latest AI technologies, that provides engaging experiences to its customers in many different languages to help them improve their language skills. Users can chat about unlimited amount of topics with the app and use other modes to practice their language learning.","email":"support@talkpal.ai","legalName":"Talkpal, Inc.","foundingDate":"2023-04-03","duns":"118989042","numberOfEmployees":{"@type":"QuantitativeValue","minValue":"11","maxValue":"50"},"publishingPrinciples":"https:\/\/talkpal.ai\/publishing-principles\/","actionableFeedbackPolicy":"https:\/\/talkpal.ai\/actionable-feedback-policy\/","correctionsPolicy":"https:\/\/talkpal.ai\/corrections-policy\/","ethicsPolicy":"https:\/\/talkpal.ai\/ethics-policy\/","diversityPolicy":"https:\/\/talkpal.ai\/diversity-policy\/","diversityStaffingReport":"https:\/\/talkpal.ai\/diversity-policy\/"}]}},"_links":{"self":[{"href":"https:\/\/talkpal.ai\/fi\/wp-json\/wp\/v2\/pages\/142315","targetHints":{"allow":["GET"]}}],"collection":[{"href":"https:\/\/talkpal.ai\/fi\/wp-json\/wp\/v2\/pages"}],"about":[{"href":"https:\/\/talkpal.ai\/fi\/wp-json\/wp\/v2\/types\/page"}],"author":[{"embeddable":true,"href":"https:\/\/talkpal.ai\/fi\/wp-json\/wp\/v2\/users\/1"}],"replies":[{"embeddable":true,"href":"https:\/\/talkpal.ai\/fi\/wp-json\/wp\/v2\/comments?post=142315"}],"version-history":[{"count":0,"href":"https:\/\/talkpal.ai\/fi\/wp-json\/wp\/v2\/pages\/142315\/revisions"}],"wp:featuredmedia":[{"embeddable":true,"href":"https:\/\/talkpal.ai\/fi\/wp-json\/wp\/v2\/media\/28251"}],"wp:attachment":[{"href":"https:\/\/talkpal.ai\/fi\/wp-json\/wp\/v2\/media?parent=142315"}],"curies":[{"name":"wp","href":"https:\/\/api.w.org\/{rel}","templated":true}]}}