{"id":142033,"date":"2023-05-14T14:00:56","date_gmt":"2023-05-14T14:00:56","guid":{"rendered":"http:\/\/talkpal.ai\/katalaanin-kielioppi\/"},"modified":"2025-05-22T18:36:19","modified_gmt":"2025-05-22T18:36:19","slug":"katalaanin-kielioppi","status":"publish","type":"page","link":"https:\/\/talkpal.ai\/fi\/katalaanin-kielioppi\/","title":{"rendered":"Katalaanin kielioppi"},"content":{"rendered":"\r\n\r\n\r\n<section class=\"languageChallengeSection\">\r\n    <div class=\"languageInfoWrapper\">\r\n        \r\n        <h1>Katalaanin kielioppi<\/h1>\r\n        <p>Sukella katalaanin kieliopin maailmaan ja tutustu t\u00e4m\u00e4n elinvoimaisen romanikielen ainutlaatuiseen rakenteeseen. Perusasioiden hallitseminen auttaa sinua kommunikoimaan tehokkaammin ja luomaan syvemm\u00e4n yhteyden katalonialaiseen kulttuuriin. Aloita katalaanin kieliopin oppiminen t\u00e4n\u00e4\u00e4n ja ota ensimm\u00e4inen askel kohti sujuvuutta!\n\n<\/p>\r\n\r\n                            <a class=\"getStartedHidden\" href=\"https:\/\/app.talkpal.ai\/fi\/signup?lng=\">Aloita<\/a>\r\n        \r\n    <\/div>\r\n\r\n    <figure>\r\n    <img decoding=\"async\" width=\"768\" height=\"768\" src=\"https:\/\/talkpal.ai\/wp-content\/uploads\/2023\/06\/catalan-768x768.png\" class=\"languageImage no-lazy\" alt=\"Default alt text\" fetchpriority=\"high\" sizes=\"(max-width: 768px) 150px, 768px\" srcset=\"https:\/\/talkpal.ai\/wp-content\/uploads\/2023\/06\/catalan-768x768.png 768w, https:\/\/talkpal.ai\/wp-content\/uploads\/2023\/06\/catalan-300x300.png 300w\" \/>\r\n    \r\n\r\n    <\/figure>\r\n\r\n            <a class=\"getStartedVisible\" href=\"https:\/\/app.talkpal.ai\/fi\/signup?lng=\">Aloita<\/a>\r\n    \r\n<\/section>\r\n        <section class=\"grammarSection\">\r\n            <div class=\"grammarLinks\">\r\n                <a href=\"https:\/\/talkpal.ai\/fi\/language\/adjektiivit-katalonian-kielioppi\/\">Adjektiivit <\/a><a href=\"https:\/\/talkpal.ai\/fi\/language\/adverbit-katalonian-kielioppi\/\">Adverbit <\/a><a href=\"https:\/\/talkpal.ai\/fi\/language\/aikamuodot-katalonian-kielioppi\/\">Aikamuodot <\/a><a href=\"https:\/\/talkpal.ai\/fi\/language\/aikamuotojen-vertailu-katalonian-kielioppi\/\">Aikamuotojen vertailu <\/a><a href=\"https:\/\/talkpal.ai\/fi\/language\/artikkelit-katalonian-kielioppi\/\">Artikkelit <\/a><a href=\"https:\/\/talkpal.ai\/fi\/language\/konditionaalit-katalonian-kielioppi\/\">Konditionaalit <\/a><a href=\"https:\/\/talkpal.ai\/fi\/language\/lauseet-katalonian-kielioppi\/\">Lauseet <\/a><a href=\"https:\/\/talkpal.ai\/fi\/language\/prepositiot-katalonian-kielioppi\/\">Prepositiot <\/a><a href=\"https:\/\/talkpal.ai\/fi\/language\/progressiivinen-katalonian-kielioppi\/\">Progressiivinen <\/a><a href=\"https:\/\/talkpal.ai\/fi\/language\/pronominit-determinerit-katalonian-kielioppi\/\">Pronominit\/Determinerit <\/a><a href=\"https:\/\/talkpal.ai\/fi\/language\/substantiivit-katalaanin-kielioppi\/\">Substantiivit <\/a><a href=\"https:\/\/talkpal.ai\/fi\/language\/taydellinen-progressiivinen-katalonian-kielioppi\/\">T\u00e4ydellinen progressiivinen <\/a><a href=\"https:\/\/talkpal.ai\/fi\/language\/verbit-katalonian-kielioppi\/\">Verbit <\/a>            <\/div>\r\n        <\/section>\r\n    <section class=\"promotionalBanner\">\r\n    <p class=\"promotionalText\">Tehokkain tapa oppia kielt\u00e4<\/p>\r\n    <a class=\"promotionalLink\" href=\"https:\/\/app.talkpal.ai\/fi\/signup?lng=\">Kokeile Talkpal ilmaiseksi<\/a>\r\n<\/section>\n<div class=\"wp-block-group pageContainerStyle\"><div class=\"wp-block-group__inner-container is-layout-constrained wp-block-group-is-layout-constrained\">\n<h2 class=\"wp-block-heading\" id=\"h-catalan-grammar-a-quick-guide-for-language-enthusiasts\">Katalaanin kielioppi: pikaopas kielten harrastajille<\/h2>\n\n\n\n<p>Aiotko oppia katalaania <a href=\"https:\/\/talkpal.ai\/learn-thai\/\">tai<\/a> vain utelias t\u00e4st\u00e4 kauniista romaanisesta kielest\u00e4? \u00c4l\u00e4 etsi en\u00e4\u00e4! Olemme t\u00e4\u00e4ll\u00e4 viem\u00e4ss\u00e4 sinut pikakierrokselle katalaanin kielioppiin ja varustamassa sinut perusasioilla. Sukelletaanpa t\u00e4h\u00e4n vieh\u00e4tt\u00e4v\u00e4\u00e4n kieleen ja tutkitaan, miten se toimii kieliopin tasolla.<\/p>\n\n\n\n<p>Katalaanilla, jota puhuu noin 10 miljoonaa ihmist\u00e4 p\u00e4\u00e4asiassa Kataloniassa, Valenciassa ja Baleaareilla, on ainutlaatuinen sekoitus vaikutteita latinasta, espanjasta ja ranskasta. Aivan kuten sin\u00e4 ja min\u00e4, kielet rikastuttavat itse\u00e4\u00e4n entisest\u00e4\u00e4n lainaamalla toisiltaan erilaisia vivahteita ajan my\u00f6t\u00e4. Kuinka j\u00e4nnitt\u00e4v\u00e4\u00e4!<\/p>\n\n\n\n<p><strong>Nyt opettelemme joitakin katalaanin kieliopin perusasioita:<\/strong><\/p>\n\n\n\n<h3 class=\"wp-block-heading\" id=\"h-1-nouns-and-gender\">1. Substantiivit ja sukupuoli:<\/h3>\n\n\n\n<p>Laula kanssani &#8211; &#8221;Jokaisella substantiivilla on voima! Kuten muissakin romaanisissa kieliss\u00e4, katalaanin substantiivit ovat joko maskuliinisia tai feminiinisi\u00e4, ja t\u00e4m\u00e4 &#8221;sukupuoli&#8221; vaikuttaa siihen, miten niit\u00e4 k\u00e4ytet\u00e4\u00e4n artikkelien ja adjektiivien kanssa. \u00c4l\u00e4 kuitenkaan ole huolissasi! Useimmiten -a-p\u00e4\u00e4tteiset substantiivit ovat feminiinisi\u00e4, kun taas -o-p\u00e4\u00e4tteiset (tai muut konsonantit) ovat maskuliinisia. Muista kuitenkin poikkeukset &#8211; he rakastavat hiipi\u00e4 sinuun!<\/p>\n\n\n\n<h3 class=\"wp-block-heading\" id=\"h-2-articles\">2. Artiklat:<\/h3>\n\n\n\n<p>El\u00e4m\u00e4 olisi tyls\u00e4\u00e4 ilman artikkeleita, eik\u00f6 totta? Katalaanin kieless\u00e4 meill\u00e4 on m\u00e4\u00e4r\u00e4muotoiset artikkelit, joilla osoitetaan tiettyj\u00e4 asioita tai henkil\u00f6it\u00e4 (kuten \u201dkoira\u201d tai \u201dkirja\u201d), ja <a href=\"https:\/\/talkpal.ai\/fi\/grammar\/epamaaraiset-artikkelit-ruotsin-kielioppissa\/\">ep\u00e4m\u00e4\u00e4r\u00e4iset artikkelit<\/a>, joilla viitataan yleisesti (kuten \u201dkoira\u201d tai \u201dkirja\u201d).  <\/p>\n\n\n\n<p>Katalaanin kielen m\u00e4\u00e4riteartikkelit ovat &#8221;el&#8221; maskuliinisille yksikk\u00f6substantiiveille, &#8221;la&#8221; feminiinisille yksikk\u00f6substantiiveille, &#8221;els&#8221; maskuliinisille monikkosubstantiiveille ja &#8221;les&#8221; feminiinisille monikkosubstantiiveille. <a href=\"https:\/\/talkpal.ai\/fi\/grammar\/epamaaraiset-artikkelit-ruotsin-kielioppissa\/\">Ep\u00e4m\u00e4\u00e4r\u00e4iset artikkelit<\/a> ovat puolestaan &#8221;un&#8221; maskuliinisessa yksik\u00f6ss\u00e4 oleville substantiiveille ja &#8221;una&#8221; feminiinisess\u00e4 yksik\u00f6ss\u00e4 oleville substantiiveille. Monikkomuodossa ei ole erityisi\u00e4 m\u00e4\u00e4rittelem\u00e4tt\u00f6mi\u00e4 artikkeleita. Helppo nakki, eik\u00f6?<\/p>\n\n\n\n<h3 class=\"wp-block-heading\" id=\"h-3-adjectives\">3. Adjektiivit:<\/h3>\n\n\n\n<p>Adjektiivit lis\u00e4\u00e4v\u00e4t makua lauseisiisi kuvaamalla substantiiveja, ja katalaanissa ne sopivat sukupuoleltaan ja lukum\u00e4\u00e4r\u00e4lt\u00e4\u00e4n muokkaamiensa substantiivien kanssa. Useimmissa tapauksissa adjektiivit, jotka p\u00e4\u00e4ttyv\u00e4t &#8221;-o&#8221;, ovat maskuliinisia, ja adjektiivit, jotka p\u00e4\u00e4ttyv\u00e4t &#8221;-a&#8221;, ovat feminiinisi\u00e4. Muodostaaksesi monikon vaihda &#8221;-o&#8221; muotoon &#8221;-os&#8221; (maskuliini) ja &#8221;-a&#8221; muotoon &#8221;-es&#8221; (feminiini). Muista, ett\u00e4 joillakin adjektiiveilla on ainutlaatuinen muoto molemmille sukupuolille ja vain monikkomerkki muuttuu. Kuulostaa hauskalta, eik\u00f6?<\/p>\n\n\n\n<h3 class=\"wp-block-heading\" id=\"h-4-verbs-and-conjugation\">4. Verbit ja taivutus:<\/h3>\n\n\n\n<p>Jokaisen kielen syd\u00e4n! Katalaanin verbit luokitellaan kolmeen ryhm\u00e4\u00e4n niiden infinitiivip\u00e4\u00e4tteiden perusteella: &#8221;-ar&#8221;, &#8221;-er&#8221; ja &#8221;-ir&#8221;. Jokaisella ryhm\u00e4ll\u00e4 on oma taivutusmallinsa eri aikamuodoille, tunnelmille ja pronomineille \u2013 aivan kuten tanssimalla eri rytmeihin. Katalaanissa on my\u00f6s apuverbit (kuten &#8217;olla&#8217; ja &#8217;olla&#8217;), jotka yhdistyv\u00e4t muihin verbeihin muodostaakseen yhdistettyj\u00e4 aikamuotoja ja passiivin. Joten laita tanssikeng\u00e4t jalkaan ja ala tutkia katalaanin verbien vilkasta maailmaa.<\/p>\n\n\n\n<h3 class=\"wp-block-heading\" id=\"h-5-word-order\">5. Sanaj\u00e4rjestys:<\/h3>\n\n\n\n<p>Laitetaanpa nuo sanat oikeaan j\u00e4rjestykseen! <a href=\"https:\/\/talkpal.ai\/learn-catalan\/\">Katalaani<\/a> noudattaa yleens\u00e4 subjekti-verbi-objekti (SVO) -sanaj\u00e4rjestyst\u00e4, aivan kuten <a href=\"https:\/\/talkpal.ai\/learn-english-with-ai\/\">englanti<\/a>. Joustavuus sanaj\u00e4rjestyksess\u00e4 on kuitenkin sallittua painotus- tai tyylitarkoituksiin. Adjektiivit tulevat yleens\u00e4 kuvaamansa substantiivin j\u00e4lkeen, mutta saatat n\u00e4hd\u00e4 ne ennen substantiivia korostaaksesi niiden merkityst\u00e4. Muista, ett\u00e4 harjoitus tekee mestarin, kun on kyse sanaj\u00e4rjestyksen hallitsemisesta katalaanissa.<\/p>\n\n\n\n<h3 class=\"wp-block-heading\" id=\"h-6-pronouns-and-prepositions\">6. Pronominit ja prepositiot:<\/h3>\n\n\n\n<p>Viimeisimp\u00e4n\u00e4 muttei v\u00e4h\u00e4isimp\u00e4n\u00e4! Katalaanilla on subjektipronomineja (min\u00e4, sin\u00e4, h\u00e4n, h\u00e4n jne.) ja objektipronomineja (min\u00e4, sin\u00e4, h\u00e4n, h\u00e4n jne.), Jotka voivat muuttua eri tavoin riippuen niiden toiminnasta lauseessa. Lis\u00e4ksi katalaanin <a href=\"https:\/\/talkpal.ai\/fi\/grammar\/kohdan-kannadan-kieliopissa-prepositiot\/\">prepositiot<\/a> (kuten &#8221;a&#8221;, &#8221;de&#8221;, &#8221;en&#8221;, &#8221;amb&#8221;) auttavat sinua yhdist\u00e4m\u00e4\u00e4n sanoja ja lauseita ja osoittamaan niiden v\u00e4lisi\u00e4 suhteita.<\/p>\n\n\n\n<p>Whew! Nyt sinulla on katalaanin kieliopin perusteet hallussa. Jatka tutkimista, kysymysten esitt\u00e4mist\u00e4 ja t\u00e4m\u00e4n ihanan kielen harjoittamista. Muista, ett\u00e4 uuden <a href=\"https:\/\/talkpal.ai\/fi\/paras-tapa-oppia-2\/\">kielen oppiminen<\/a> on kuin j\u00e4nnitt\u00e4v\u00e4n matkan aloittaminen. Sinulla on yl\u00e4- ja alam\u00e4ki\u00e4, mutta palkinnot ovat vaivan arvoisia. Hyv\u00e4\u00e4 viatge!<\/p>\n<\/div><\/div>\n\r\n<section class=\"learnNavigationSection\">\r\n            \r\n        <a href=\"https:\/\/talkpal.ai\/fi\/opi-katalaania\/\">\r\n            <div class=\"learnNavigationWrapper\">\r\n                <div class=\"learnNavigationContent\">\r\n                    <img decoding=\"async\" src=\"https:\/\/talkpal.ai\/wp-content\/uploads\/2024\/08\/Catalan.jpg\" alt=\"Catalan Flag\">\r\n                    <div>\r\n                        <h4>Tietoa Catalan Learningista<\/h4>\r\n                        <p>Tutustu katalaanin kielioppiin.<\/p>\r\n                    <\/div>\r\n                <\/div>\r\n            <\/div>\r\n        <\/a>\r\n\r\n        \r\n        <a href=\"https:\/\/talkpal.ai\/fi\/katalonian-kielioppiharjoitukset\/\">\r\n            <div class=\"learnNavigationWrapper\">\r\n                <div class=\"learnNavigationContent\">\r\n                    <img decoding=\"async\" src=\"https:\/\/talkpal.ai\/wp-content\/uploads\/2024\/08\/Catalan.jpg\" alt=\"Catalan Flag\">\r\n                    <div>\r\n                        <h4>Katalonian kielioppi Harjoitus<\/h4>\r\n                        <p>Harjoittele katalaanin kielioppia.<\/p>\r\n                    <\/div>\r\n                <\/div>\r\n            <\/div>\r\n        <\/a>\r\n\r\n        \r\n        <a href=\"https:\/\/talkpal.ai\/vocabulary_language\/catalan\/\">\r\n            <div class=\"learnNavigationWrapper\">\r\n                <div class=\"learnNavigationContent\">\r\n                    <img decoding=\"async\" src=\"https:\/\/talkpal.ai\/wp-content\/uploads\/2024\/08\/Catalan.jpg\" alt=\"Catalan Flag\">\r\n                    <div>\r\n                        <h4>Katalonian sanasto<\/h4>\r\n                        <p>Laajenna katalaanin kielen sanavarastoasi.<\/p>\r\n                    <\/div>\r\n                <\/div>\r\n            <\/div>\r\n        <\/a>\r\n\r\n            <\/section>","protected":false},"excerpt":{"rendered":"<p>Katalaanin kielioppi: pikaopas kielten harrastajille Aiotko oppia katalaania tai vain utelias t\u00e4st\u00e4 kauniista romaanisesta kielest\u00e4? \u00c4l\u00e4 etsi en\u00e4\u00e4! Olemme t\u00e4\u00e4ll\u00e4 viem\u00e4ss\u00e4 sinut pikakierrokselle katalaanin kielioppiin ja varustamassa sinut perusasioilla. Sukelletaanpa t\u00e4h\u00e4n vieh\u00e4tt\u00e4v\u00e4\u00e4n kieleen ja tutkitaan, miten se toimii kieliopin tasolla. Katalaanilla, jota puhuu noin 10 miljoonaa ihmist\u00e4 p\u00e4\u00e4asiassa Kataloniassa, Valenciassa ja Baleaareilla, on ainutlaatuinen sekoitus [&hellip;]<\/p>\n","protected":false},"author":1,"featured_media":56827,"parent":0,"menu_order":0,"comment_status":"closed","ping_status":"closed","template":"LearningContentPage.php","meta":{"_acf_changed":false,"footnotes":""},"class_list":["post-142033","page","type-page","status-publish","has-post-thumbnail","hentry"],"acf":[],"yoast_head":"<!-- This site is optimized with the Yoast SEO Premium plugin v27.2 (Yoast SEO v27.2) - https:\/\/yoast.com\/product\/yoast-seo-premium-wordpress\/ -->\n<title>Katalaanin kielioppi - Talkpal<\/title>\n<meta name=\"description\" content=\"Tutustu katalaanin kieliopin perusteisiin ja aloita matkasi t\u00e4h\u00e4n kauniiseen romanikieleen jo t\u00e4n\u00e4\u00e4n!\" \/>\n<meta name=\"robots\" content=\"index, follow, max-snippet:-1, max-image-preview:large, max-video-preview:-1\" \/>\n<link rel=\"canonical\" href=\"https:\/\/talkpal.ai\/fi\/katalaanin-kielioppi\/\" \/>\n<meta property=\"og:locale\" content=\"fi_FI\" \/>\n<meta property=\"og:type\" content=\"article\" \/>\n<meta property=\"og:title\" content=\"Katalaanin kielioppi\" \/>\n<meta property=\"og:description\" content=\"Katalaanin kielioppi: pikaopas kielten harrastajille Aiotko oppia katalaania tai vain utelias t\u00e4st\u00e4 kauniista romaanisesta kielest\u00e4? \u00c4l\u00e4 etsi en\u00e4\u00e4! Olemme\" \/>\n<meta property=\"og:url\" content=\"https:\/\/talkpal.ai\/fi\/katalaanin-kielioppi\/\" \/>\n<meta property=\"og:site_name\" content=\"Talkpal\" \/>\n<meta property=\"article:publisher\" content=\"https:\/\/www.facebook.com\/profile.php?id=100090733639311\" \/>\n<meta property=\"article:modified_time\" content=\"2025-05-22T18:36:19+00:00\" \/>\n<meta property=\"og:image\" content=\"https:\/\/talkpal.ai\/wp-content\/uploads\/2023\/08\/Catalan.png\" \/>\n\t<meta property=\"og:image:width\" content=\"479\" \/>\n\t<meta property=\"og:image:height\" content=\"479\" \/>\n\t<meta property=\"og:image:type\" content=\"image\/png\" \/>\n<meta name=\"twitter:card\" content=\"summary_large_image\" \/>\n<meta name=\"twitter:site\" content=\"@talkpalai\" \/>\n<meta name=\"twitter:label1\" content=\"Arvioitu lukuaika\" \/>\n\t<meta name=\"twitter:data1\" content=\"3 minuuttia\" \/>\n<script type=\"application\/ld+json\" class=\"yoast-schema-graph\">{\"@context\":\"https:\/\/schema.org\",\"@graph\":[{\"@type\":\"WebPage\",\"@id\":\"https:\/\/talkpal.ai\/fi\/katalaanin-kielioppi\/\",\"url\":\"https:\/\/talkpal.ai\/fi\/katalaanin-kielioppi\/\",\"name\":\"Katalaanin kielioppi - Talkpal\",\"isPartOf\":{\"@id\":\"https:\/\/talkpal.ai\/fi\/#website\"},\"primaryImageOfPage\":{\"@id\":\"https:\/\/talkpal.ai\/fi\/katalaanin-kielioppi\/#primaryimage\"},\"image\":{\"@id\":\"https:\/\/talkpal.ai\/fi\/katalaanin-kielioppi\/#primaryimage\"},\"thumbnailUrl\":\"https:\/\/talkpal.ai\/wp-content\/uploads\/2023\/08\/Catalan.png\",\"datePublished\":\"2023-05-14T14:00:56+00:00\",\"dateModified\":\"2025-05-22T18:36:19+00:00\",\"description\":\"Tutustu katalaanin kieliopin perusteisiin ja aloita matkasi t\u00e4h\u00e4n kauniiseen romanikieleen jo t\u00e4n\u00e4\u00e4n!\",\"breadcrumb\":{\"@id\":\"https:\/\/talkpal.ai\/fi\/katalaanin-kielioppi\/#breadcrumb\"},\"inLanguage\":\"fi\",\"potentialAction\":[{\"@type\":\"ReadAction\",\"target\":[\"https:\/\/talkpal.ai\/fi\/katalaanin-kielioppi\/\"]}]},{\"@type\":\"ImageObject\",\"inLanguage\":\"fi\",\"@id\":\"https:\/\/talkpal.ai\/fi\/katalaanin-kielioppi\/#primaryimage\",\"url\":\"https:\/\/talkpal.ai\/wp-content\/uploads\/2023\/08\/Catalan.png\",\"contentUrl\":\"https:\/\/talkpal.ai\/wp-content\/uploads\/2023\/08\/Catalan.png\",\"width\":479,\"height\":479},{\"@type\":\"BreadcrumbList\",\"@id\":\"https:\/\/talkpal.ai\/fi\/katalaanin-kielioppi\/#breadcrumb\",\"itemListElement\":[{\"@type\":\"ListItem\",\"position\":1,\"name\":\"Homepage\",\"item\":\"https:\/\/talkpal.ai\/fi\/\"},{\"@type\":\"ListItem\",\"position\":2,\"name\":\"Katalaanin kielioppi\"}]},{\"@type\":\"WebSite\",\"@id\":\"https:\/\/talkpal.ai\/fi\/#website\",\"url\":\"https:\/\/talkpal.ai\/fi\/\",\"name\":\"Talkpal\",\"description\":\"AI Language Learning\",\"publisher\":{\"@id\":\"https:\/\/talkpal.ai\/fi\/#organization\"},\"alternateName\":\"Talkpal AI\",\"potentialAction\":[{\"@type\":\"SearchAction\",\"target\":{\"@type\":\"EntryPoint\",\"urlTemplate\":\"https:\/\/talkpal.ai\/fi\/?s={search_term_string}\"},\"query-input\":{\"@type\":\"PropertyValueSpecification\",\"valueRequired\":true,\"valueName\":\"search_term_string\"}}],\"inLanguage\":\"fi\"},{\"@type\":\"Organization\",\"@id\":\"https:\/\/talkpal.ai\/fi\/#organization\",\"name\":\"Talkpal, Inc.\",\"alternateName\":\"Talkpal AI\",\"url\":\"https:\/\/talkpal.ai\/fi\/\",\"logo\":{\"@type\":\"ImageObject\",\"inLanguage\":\"fi\",\"@id\":\"https:\/\/talkpal.ai\/fi\/#\/schema\/logo\/image\/\",\"url\":\"https:\/\/talkpal.ai\/wp-content\/uploads\/2024\/03\/Talkpal-Logo-Icon.png\",\"contentUrl\":\"https:\/\/talkpal.ai\/wp-content\/uploads\/2024\/03\/Talkpal-Logo-Icon.png\",\"width\":2880,\"height\":2880,\"caption\":\"Talkpal, Inc.\"},\"image\":{\"@id\":\"https:\/\/talkpal.ai\/fi\/#\/schema\/logo\/image\/\"},\"sameAs\":[\"https:\/\/www.facebook.com\/profile.php?id=100090733639311\",\"https:\/\/x.com\/talkpalai\",\"https:\/\/www.linkedin.com\/company\/talkpal\/\",\"https:\/\/www.youtube.com\/@TalkPal\/\",\"https:\/\/www.tiktok.com\/@talkpal\",\"https:\/\/www.instagram.com\/talkpal_ai\/\",\"https:\/\/www.crunchbase.com\/organization\/talkpal-9cde\",\"https:\/\/www.g2.com\/products\/talkpal-for-business\/\",\"https:\/\/www.trustpilot.com\/review\/talkpal.ai\",\"https:\/\/www.capterra.com\/p\/10006800\/TalkPal\/\"],\"description\":\"Talkpal is a language learning web and mobile education app, powered by the latest AI technologies, that provides engaging experiences to its customers in many different languages to help them improve their language skills. Users can chat about unlimited amount of topics with the app and use other modes to practice their language learning.\",\"email\":\"support@talkpal.ai\",\"legalName\":\"Talkpal, Inc.\",\"foundingDate\":\"2023-04-03\",\"duns\":\"118989042\",\"numberOfEmployees\":{\"@type\":\"QuantitativeValue\",\"minValue\":\"11\",\"maxValue\":\"50\"},\"publishingPrinciples\":\"https:\/\/talkpal.ai\/publishing-principles\/\",\"actionableFeedbackPolicy\":\"https:\/\/talkpal.ai\/actionable-feedback-policy\/\",\"correctionsPolicy\":\"https:\/\/talkpal.ai\/corrections-policy\/\",\"ethicsPolicy\":\"https:\/\/talkpal.ai\/ethics-policy\/\",\"diversityPolicy\":\"https:\/\/talkpal.ai\/diversity-policy\/\",\"diversityStaffingReport\":\"https:\/\/talkpal.ai\/diversity-policy\/\"}]}<\/script>\n<!-- \/ Yoast SEO Premium plugin. -->","yoast_head_json":{"title":"Katalaanin kielioppi - Talkpal","description":"Tutustu katalaanin kieliopin perusteisiin ja aloita matkasi t\u00e4h\u00e4n kauniiseen romanikieleen jo t\u00e4n\u00e4\u00e4n!","robots":{"index":"index","follow":"follow","max-snippet":"max-snippet:-1","max-image-preview":"max-image-preview:large","max-video-preview":"max-video-preview:-1"},"canonical":"https:\/\/talkpal.ai\/fi\/katalaanin-kielioppi\/","og_locale":"fi_FI","og_type":"article","og_title":"Katalaanin kielioppi","og_description":"Katalaanin kielioppi: pikaopas kielten harrastajille Aiotko oppia katalaania tai vain utelias t\u00e4st\u00e4 kauniista romaanisesta kielest\u00e4? \u00c4l\u00e4 etsi en\u00e4\u00e4! Olemme","og_url":"https:\/\/talkpal.ai\/fi\/katalaanin-kielioppi\/","og_site_name":"Talkpal","article_publisher":"https:\/\/www.facebook.com\/profile.php?id=100090733639311","article_modified_time":"2025-05-22T18:36:19+00:00","og_image":[{"width":479,"height":479,"url":"https:\/\/talkpal.ai\/wp-content\/uploads\/2023\/08\/Catalan.png","type":"image\/png"}],"twitter_card":"summary_large_image","twitter_site":"@talkpalai","twitter_misc":{"Arvioitu lukuaika":"3 minuuttia"},"schema":{"@context":"https:\/\/schema.org","@graph":[{"@type":"WebPage","@id":"https:\/\/talkpal.ai\/fi\/katalaanin-kielioppi\/","url":"https:\/\/talkpal.ai\/fi\/katalaanin-kielioppi\/","name":"Katalaanin kielioppi - Talkpal","isPartOf":{"@id":"https:\/\/talkpal.ai\/fi\/#website"},"primaryImageOfPage":{"@id":"https:\/\/talkpal.ai\/fi\/katalaanin-kielioppi\/#primaryimage"},"image":{"@id":"https:\/\/talkpal.ai\/fi\/katalaanin-kielioppi\/#primaryimage"},"thumbnailUrl":"https:\/\/talkpal.ai\/wp-content\/uploads\/2023\/08\/Catalan.png","datePublished":"2023-05-14T14:00:56+00:00","dateModified":"2025-05-22T18:36:19+00:00","description":"Tutustu katalaanin kieliopin perusteisiin ja aloita matkasi t\u00e4h\u00e4n kauniiseen romanikieleen jo t\u00e4n\u00e4\u00e4n!","breadcrumb":{"@id":"https:\/\/talkpal.ai\/fi\/katalaanin-kielioppi\/#breadcrumb"},"inLanguage":"fi","potentialAction":[{"@type":"ReadAction","target":["https:\/\/talkpal.ai\/fi\/katalaanin-kielioppi\/"]}]},{"@type":"ImageObject","inLanguage":"fi","@id":"https:\/\/talkpal.ai\/fi\/katalaanin-kielioppi\/#primaryimage","url":"https:\/\/talkpal.ai\/wp-content\/uploads\/2023\/08\/Catalan.png","contentUrl":"https:\/\/talkpal.ai\/wp-content\/uploads\/2023\/08\/Catalan.png","width":479,"height":479},{"@type":"BreadcrumbList","@id":"https:\/\/talkpal.ai\/fi\/katalaanin-kielioppi\/#breadcrumb","itemListElement":[{"@type":"ListItem","position":1,"name":"Homepage","item":"https:\/\/talkpal.ai\/fi\/"},{"@type":"ListItem","position":2,"name":"Katalaanin kielioppi"}]},{"@type":"WebSite","@id":"https:\/\/talkpal.ai\/fi\/#website","url":"https:\/\/talkpal.ai\/fi\/","name":"Talkpal","description":"AI Language Learning","publisher":{"@id":"https:\/\/talkpal.ai\/fi\/#organization"},"alternateName":"Talkpal AI","potentialAction":[{"@type":"SearchAction","target":{"@type":"EntryPoint","urlTemplate":"https:\/\/talkpal.ai\/fi\/?s={search_term_string}"},"query-input":{"@type":"PropertyValueSpecification","valueRequired":true,"valueName":"search_term_string"}}],"inLanguage":"fi"},{"@type":"Organization","@id":"https:\/\/talkpal.ai\/fi\/#organization","name":"Talkpal, Inc.","alternateName":"Talkpal AI","url":"https:\/\/talkpal.ai\/fi\/","logo":{"@type":"ImageObject","inLanguage":"fi","@id":"https:\/\/talkpal.ai\/fi\/#\/schema\/logo\/image\/","url":"https:\/\/talkpal.ai\/wp-content\/uploads\/2024\/03\/Talkpal-Logo-Icon.png","contentUrl":"https:\/\/talkpal.ai\/wp-content\/uploads\/2024\/03\/Talkpal-Logo-Icon.png","width":2880,"height":2880,"caption":"Talkpal, Inc."},"image":{"@id":"https:\/\/talkpal.ai\/fi\/#\/schema\/logo\/image\/"},"sameAs":["https:\/\/www.facebook.com\/profile.php?id=100090733639311","https:\/\/x.com\/talkpalai","https:\/\/www.linkedin.com\/company\/talkpal\/","https:\/\/www.youtube.com\/@TalkPal\/","https:\/\/www.tiktok.com\/@talkpal","https:\/\/www.instagram.com\/talkpal_ai\/","https:\/\/www.crunchbase.com\/organization\/talkpal-9cde","https:\/\/www.g2.com\/products\/talkpal-for-business\/","https:\/\/www.trustpilot.com\/review\/talkpal.ai","https:\/\/www.capterra.com\/p\/10006800\/TalkPal\/"],"description":"Talkpal is a language learning web and mobile education app, powered by the latest AI technologies, that provides engaging experiences to its customers in many different languages to help them improve their language skills. Users can chat about unlimited amount of topics with the app and use other modes to practice their language learning.","email":"support@talkpal.ai","legalName":"Talkpal, Inc.","foundingDate":"2023-04-03","duns":"118989042","numberOfEmployees":{"@type":"QuantitativeValue","minValue":"11","maxValue":"50"},"publishingPrinciples":"https:\/\/talkpal.ai\/publishing-principles\/","actionableFeedbackPolicy":"https:\/\/talkpal.ai\/actionable-feedback-policy\/","correctionsPolicy":"https:\/\/talkpal.ai\/corrections-policy\/","ethicsPolicy":"https:\/\/talkpal.ai\/ethics-policy\/","diversityPolicy":"https:\/\/talkpal.ai\/diversity-policy\/","diversityStaffingReport":"https:\/\/talkpal.ai\/diversity-policy\/"}]}},"_links":{"self":[{"href":"https:\/\/talkpal.ai\/fi\/wp-json\/wp\/v2\/pages\/142033","targetHints":{"allow":["GET"]}}],"collection":[{"href":"https:\/\/talkpal.ai\/fi\/wp-json\/wp\/v2\/pages"}],"about":[{"href":"https:\/\/talkpal.ai\/fi\/wp-json\/wp\/v2\/types\/page"}],"author":[{"embeddable":true,"href":"https:\/\/talkpal.ai\/fi\/wp-json\/wp\/v2\/users\/1"}],"replies":[{"embeddable":true,"href":"https:\/\/talkpal.ai\/fi\/wp-json\/wp\/v2\/comments?post=142033"}],"version-history":[{"count":0,"href":"https:\/\/talkpal.ai\/fi\/wp-json\/wp\/v2\/pages\/142033\/revisions"}],"wp:featuredmedia":[{"embeddable":true,"href":"https:\/\/talkpal.ai\/fi\/wp-json\/wp\/v2\/media\/56827"}],"wp:attachment":[{"href":"https:\/\/talkpal.ai\/fi\/wp-json\/wp\/v2\/media?parent=142033"}],"curies":[{"name":"wp","href":"https:\/\/api.w.org\/{rel}","templated":true}]}}