{"id":141637,"date":"2023-05-14T14:00:39","date_gmt":"2023-05-14T14:00:39","guid":{"rendered":"http:\/\/talkpal.ai\/bulgarian-kielioppi\/"},"modified":"2025-05-22T14:36:24","modified_gmt":"2025-05-22T14:36:24","slug":"bulgarian-kielioppi","status":"publish","type":"page","link":"https:\/\/talkpal.ai\/fi\/bulgarian-kielioppi\/","title":{"rendered":"Bulgarian kielioppi"},"content":{"rendered":"\r\n\r\n\r\n<section class=\"languageChallengeSection\">\r\n    <div class=\"languageInfoWrapper\">\r\n        \r\n        <h1>Bulgarian kielioppi<\/h1>\r\n        <p>Tutustu <a href=\"https:\/\/talkpal.ai\/learn-bulgarian\/\">bulgarian<\/a> kieliopin ainutlaatuisiin piirteisiin ja hanki v\u00e4lineet, joilla voit viesti\u00e4 itsevarmasti t\u00e4ll\u00e4 elinvoimaisella slaavilaisella kielell\u00e4. Ymm\u00e4rt\u00e4m\u00e4ll\u00e4 sen keskeiset s\u00e4\u00e4nn\u00f6t parannat kyky\u00e4si pit\u00e4\u00e4 yhteytt\u00e4 \u00e4idinkielisiin puhujiin ja syventy\u00e4 Bulgarian rikkaaseen kulttuuriperint\u00f6\u00f6n. Aloita bulgarian kielioppimatkasi t\u00e4n\u00e4\u00e4n ja ota ensimm\u00e4inen askel kohti kielen hallintaa!<\/p>\r\n\r\n                            <a class=\"getStartedHidden\" href=\"https:\/\/app.talkpal.ai\/fi\/signup?lng=\">Aloita<\/a>\r\n        \r\n    <\/div>\r\n\r\n    <figure>\r\n    <img decoding=\"async\" width=\"768\" height=\"768\" src=\"https:\/\/talkpal.ai\/wp-content\/uploads\/2023\/06\/bulgarian-768x768.png\" class=\"languageImage no-lazy\" alt=\"Default alt text\" fetchpriority=\"high\" sizes=\"(max-width: 768px) 150px, 768px\" srcset=\"https:\/\/talkpal.ai\/wp-content\/uploads\/2023\/06\/bulgarian-768x768.png 768w, https:\/\/talkpal.ai\/wp-content\/uploads\/2023\/06\/bulgarian-300x300.png 300w\" \/>\r\n    \r\n\r\n    <\/figure>\r\n\r\n            <a class=\"getStartedVisible\" href=\"https:\/\/app.talkpal.ai\/fi\/signup?lng=\">Aloita<\/a>\r\n    \r\n<\/section>\r\n        <section class=\"grammarSection\">\r\n            <div class=\"grammarLinks\">\r\n                <a href=\"https:\/\/talkpal.ai\/fi\/language\/adjektiivit-bulgarian-kielioppi\/\">Adjektiivit <\/a><a href=\"https:\/\/talkpal.ai\/fi\/language\/adverbit-bulgarian-kielioppi\/\">Adverbit <\/a><a href=\"https:\/\/talkpal.ai\/fi\/language\/aikamuodot-bulgarian-kielioppi\/\">Aikamuodot <\/a><a href=\"https:\/\/talkpal.ai\/fi\/language\/aikamuotojen-vertailu-bulgarian-kielioppi\/\">Aikamuotojen vertailu <\/a><a href=\"https:\/\/talkpal.ai\/fi\/language\/artikkelit-bulgarian-kielioppi\/\">Artikkelit <\/a><a href=\"https:\/\/talkpal.ai\/fi\/language\/konditionaalit-bulgarian-kielioppi\/\">Konditionaalit <\/a><a href=\"https:\/\/talkpal.ai\/fi\/language\/lakkeet-bulgarian-kielioppi\/\">Lakkeet <\/a><a href=\"https:\/\/talkpal.ai\/fi\/language\/prepositiot-bulgarian-kielioppi\/\">Prepositiot <\/a><a href=\"https:\/\/talkpal.ai\/fi\/language\/progressiivinen-bulgarian-kielioppi\/\">Progressiivinen <\/a><a href=\"https:\/\/talkpal.ai\/fi\/language\/pronominit-determinerit-bulgarian-kielioppi\/\">Pronominit\/Determinerit <\/a><a href=\"https:\/\/talkpal.ai\/fi\/language\/substantiivit-bulgarian-kielioppi\/\">Substantiivit <\/a><a href=\"https:\/\/talkpal.ai\/fi\/language\/taydellinen-progressiivinen-bulgarian-kielioppi\/\">T\u00e4ydellinen progressiivinen <\/a><a href=\"https:\/\/talkpal.ai\/fi\/language\/verbit-bulgarian-kielioppi\/\">Verbit <\/a>            <\/div>\r\n        <\/section>\r\n    <section class=\"promotionalBanner\">\r\n    <p class=\"promotionalText\">Tehokkain tapa oppia kielt\u00e4<\/p>\r\n    <a class=\"promotionalLink\" href=\"https:\/\/app.talkpal.ai\/fi\/signup?lng=\">Kokeile Talkpal ilmaiseksi<\/a>\r\n<\/section>\n<div class=\"wp-block-group pageContainerStyle\"><div class=\"wp-block-group__inner-container is-layout-constrained wp-block-group-is-layout-constrained\">\n<h2 class=\"wp-block-heading\" id=\"h-the-ultimate-guide-to-bulgarian-grammar-navigating-the-intricacies-of-a-rich-language\">Lopullinen opas bulgarian kielioppiin: navigointi rikkaan kielen monimutkaisuuksissa<\/h2>\n\n\n\n<p><a href=\"https:\/\/talkpal.ai\/bulgarian-grammar\/\">Bulgarian kielioppi<\/a>, kuten kieli itse, on kiehtova sekoitus yksinkertaisuutta, monimutkaisuutta ja rikasta kulttuurihistoriaa. Yhten\u00e4 vanhimmista slaavilaisista kielist\u00e4 <a href=\"https:\/\/talkpal.ai\/locations\/language-courses-in-bulgaria\/\">bulgaria<\/a> tarjoaa kielellist\u00e4 j\u00e4nnityst\u00e4 oppijoille ja haastaa jopa taitavimmat puhujat. T\u00e4ss\u00e4 oppaassa tutustumme bulgarian kieliopin keskeisiin periaatteisiin, selvit\u00e4mme sen monimutkaisuutta ja autamme sinua matkallasi t\u00e4m\u00e4n kauniin kielen hallintaan. Sukelletaan mukaan!<\/p>\n\n\n\n<h2 class=\"wp-block-heading\" id=\"h-the-nuts-and-bolts-bulgarian-sentence-structure\">Mutterit ja pultit: Bulgarian lauserakenne<\/h2>\n\n\n\n<p>Bulgarian kielioppi on pohjimmiltaan melko suoraviivaista. Kieli noudattaa Subject-Verb-Object (SVO) -lauserakennetta, joka on samanlainen kuin <a href=\"https:\/\/talkpal.ai\/learn-english-with-ai\/\">englanti<\/a> ja monet muut kielet. Esimerkiksi lause &#8221;Sy\u00f6n omenan&#8221; k\u00e4\u00e4ntyy muotoon &#8221;\u0410\u0437 \u044f\u043c \u044f\u0431\u044a\u043b\u043a\u0430&#8221; (Az yam yabalka). Yksinkertaista, eik\u00f6? Kun kuitenkin syvennymme, huomaat, ett\u00e4 bulgarian kielioppi on t\u00e4ynn\u00e4 yll\u00e4tyksi\u00e4 ja ainutlaatuisia piirteit\u00e4.<\/p>\n\n\n\n<h3 class=\"wp-block-heading\" id=\"h-meet-the-family-bulgarian-nouns-and-their-genders\">Tapaa perhe: bulgarialaiset substantiivit ja niiden sukupuolet<\/h3>\n\n\n\n<p>Yksi bulgarian kieliopin h\u00e4mment\u00e4vimmist\u00e4 n\u00e4k\u00f6kohdista englanninkielisille on kieliopillisen sukupuolen k\u00e4site. Bulgarian kieless\u00e4 jokainen substantiivi luokitellaan yhteen kolmesta sukupuolesta &#8211; maskuliiniseen, feminiiniseen ja neutriiniseen. On t\u00e4rke\u00e4\u00e4 tunnistaa substantiivin sukupuoli, sill\u00e4 se vaikuttaa adjektiivien ja pronominien muotoon sek\u00e4 seuraavien verbien taivutukseen.<\/p>\n\n\n\n<p>Joten miten m\u00e4\u00e4rit\u00e4t substantiivin sukupuolen? Yleens\u00e4 kyse on vain lopusta:<\/p>\n\n\n\n<p><strong>&#8211; Maskuliiniset substantiivit p\u00e4\u00e4ttyv\u00e4t yleens\u00e4 konsonanttiin.<\/strong><\/p>\n\n\n\n<p><strong>&#8211; Feminiiniset substantiivit p\u00e4\u00e4ttyv\u00e4t yleens\u00e4 -\u0430 (-a) tai -\u044f (-ya).<\/strong><\/p>\n\n\n\n<p><strong>&#8211; Neuter-substantiivit p\u00e4\u00e4ttyv\u00e4t usein -\u043e (-o) tai -\u0435 (-\u0435).<\/strong><\/p>\n\n\n\n<p>Esimerkiksi &#8221;\u043c\u044a\u0436&#8221; (mazh) tarkoittaa &#8221;miest\u00e4&#8221; ja on maskuliininen, &#8221;\u0436\u0435\u043d\u0430&#8221; (zhena) tarkoittaa &#8221;naista&#8221; ja on feminiininen ja &#8221;\u0434\u0435\u0442\u0435&#8221; (dete) tarkoittaa &#8221;lasta&#8221; ja on neutri.<\/p>\n\n\n\n<p>Poikkeuksia on tietenkin olemassa, ja siksi on t\u00e4rke\u00e4\u00e4 oppia substantiivit ja niiden sukupuolet.<\/p>\n\n\n\n<h3 class=\"wp-block-heading\" id=\"h-playing-with-numbers-bulgarian-plurals\">Numeroilla leikkiminen: bulgarialaiset monikot<\/h3>\n\n\n\n<p>Kun olet oppinut bulgarialaisten substantiivien sukupuolen, on aika k\u00e4sitell\u00e4 niiden monikoita. Yleisesti ottaen monikko muodostetaan lis\u00e4\u00e4m\u00e4ll\u00e4 substantiivin sukupuolta vastaavat p\u00e4\u00e4tteet:<\/p>\n\n\n\n<p><strong>&#8211; Maskuliiniset substantiivit muuttavat viimeisen konsonantin -\u0438:ksi (-i) tai lis\u00e4\u00e4v\u00e4t -\u043e\u0432\u0435 (-ove).<\/strong><\/p>\n\n\n\n<p><strong>&#8211; Feminiiniset substantiivit korvaavat -\u0430 tai -\u044f -\u0438:ll\u00e4 tai -\u0435:ll\u00e4.<\/strong><\/p>\n\n\n\n<p><strong>&#8211; Neuterisubstantiiveissa -\u043e tai -\u0435 korvataan -\u0430:lla.<\/strong><\/p>\n\n\n\n<p>Esimerkiksi &#8221;\u0443\u0447\u0435\u043d\u0438\u043a&#8221; (uchenik, maskuliini) muuttuu &#8221;\u0443\u0447\u0435\u043d\u0438\u0446\u0438&#8221; (uchenici, <a href=\"https:\/\/talkpal.ai\/talkpal-discount-for-students\/\">opiskelijat<\/a>) ja &#8221;\u043a\u043d\u0438\u0433\u0430&#8221; (kniga, feminiini) muuttuu &#8221;\u043a\u043d\u0438\u0433\u0438&#8221; (knigi, kirjat).<\/p>\n\n\n\n<p>T\u00e4ss\u00e4 s\u00e4\u00e4nn\u00f6ss\u00e4 on poikkeuksia, joten pid\u00e4 silm\u00e4ll\u00e4 ep\u00e4s\u00e4\u00e4nn\u00f6llisi\u00e4 monikkoja ja laajenna sanavarastoasi vastaavasti.<\/p>\n\n\n\n<h3 class=\"wp-block-heading\" id=\"h-the-art-of-conjugation-bulgarian-verbs\">Taivutustaito: bulgarian verbit<\/h3>\n\n\n\n<p>Bulgarian verbit voivat olla pelottavia niiden aikamuotojen, tunnelmien ja taivutusten suuren m\u00e4\u00e4r\u00e4n vuoksi. Avain niiden murtamiseen on kuitenkin kuvioiden tunnistaminen ja s\u00e4\u00e4nn\u00f6llinen harjoittelu.<\/p>\n\n\n\n<p>Bulgariassa verbit jaetaan kolmeen ryhm\u00e4\u00e4n niiden infinitiivip\u00e4\u00e4tteen perusteella, -\u0430 (-a), -\u0435 (-\u0435) <a href=\"https:\/\/talkpal.ai\/learn-thai\/\">tai<\/a> -\u0438 (-i). Jokaisella ryhm\u00e4ll\u00e4 on omat taivutuss\u00e4\u00e4nt\u00f6ns\u00e4. Otetaan esimerkiksi verbi &#8221;\u043f\u0438\u0448\u0430&#8221; (pisha, &#8221;kirjoittaa&#8221;):<\/p>\n\n\n\n<p><strong>Nykyhetki: \u0410\u0437 \u043f\u0438\u0448\u0430 (Az pisha, &#8221;min\u00e4 kirjoitan&#8221;)<\/strong><\/p>\n\n\n\n<p><strong>Mennyt aika: \u0410\u0437 \u043f\u0438\u0441\u0430\u0445 (Az pisah, &#8221;min\u00e4 kirjoitin&#8221;).<\/strong><\/p>\n\n\n\n<p><strong>Tulevaisuuden aikamuoto: \u0410\u0437 \u0449\u0435 \u043f\u0438\u0448\u0430 (Az shte pisha, &#8221;Min\u00e4 kirjoitan&#8221;).<\/strong><\/p>\n\n\n\n<p>Kuten n\u00e4ette, p\u00e4\u00e4tteet muuttuvat j\u00e4nnityksen mukaan. Eik\u00e4 t\u00e4m\u00e4 edes raapaise bulgarialaisen verbin taivutuksen pintaa! \u00c4l\u00e4 kuitenkaan anna sen hukuttaa itse\u00e4si. Harjoittelemalla ja k\u00e4rsiv\u00e4llisyydell\u00e4 alat tunnistaa kuviot ja voit voittaa t\u00e4m\u00e4n haasteen.<\/p>\n\n\n\n<h3 class=\"wp-block-heading\" id=\"h-the-finishing-touches-bulgarian-adjectives-adverbs-and-more\">Viimeistely: bulgarialaiset adjektiivit, adverbit ja paljon muuta<\/h3>\n\n\n\n<p>Mit\u00e4 tulee bulgarialaisiin adjektiiveihin ja adverbeihin, niill\u00e4 on ratkaiseva rooli puheen syvyyden ja monimutkaisuuden lis\u00e4\u00e4misess\u00e4. Adjektiivien on oltava samaa sukupuolta kuin substantiivit, joita ne muuttavat, ja niist\u00e4 on yleens\u00e4 kolme muotoa &#8211; maskuliini, feminiini ja neutri.<\/p>\n\n\n\n<p>Esimerkiksi &#8221;\u0434\u043e\u0431\u044a\u0440&#8221; (dobur) tarkoittaa &#8221;hyv\u00e4\u00e4&#8221;, ja se esiintyy muodossa &#8221;\u0434\u043e\u0431\u044a\u0440 \u043c\u044a\u0436&#8221; (dobur mazh, &#8221;hyv\u00e4 mies&#8221;), &#8221;\u0434\u043e\u0431\u0440\u0430 \u0436\u0435\u043d\u0430&#8221; (dobra zhena, &#8221;hyv\u00e4 nainen&#8221;) ja &#8221;\u0434\u043e\u0431\u0440\u043e \u0434\u0435\u0442\u0435&#8221; (dobro dete, &#8221;hyv\u00e4 lapsi&#8221;). Adverbit noudattavat samanlaisia malleja, jotka on usein johdettu adjektiiveista.<\/p>\n\n\n\n<p>Yhteenvetona voidaan todeta, ett\u00e4 vaikka bulgarian kieliopin monimutkaisuus ja omituisuudet ovatkin monimutkaisia, ne antavat kielelle sen kiehtovan kauneuden ja luonteen. Yhdist\u00e4m\u00e4ll\u00e4 sinnikkyytt\u00e4, uteliaisuutta ja k\u00e4yt\u00e4nn\u00f6n sovellutusta voit pian navigoida bulgarian kieliopissa helposti ja varmasti. Hyv\u00e4\u00e4 oppimista!<\/p>\n<\/div><\/div>\n\r\n<section class=\"learnNavigationSection\">\r\n            \r\n        <a href=\"https:\/\/talkpal.ai\/fi\/opi-bulgariaa\/\">\r\n            <div class=\"learnNavigationWrapper\">\r\n                <div class=\"learnNavigationContent\">\r\n                    <img decoding=\"async\" src=\"https:\/\/talkpal.ai\/wp-content\/uploads\/2024\/08\/Bulgarian.jpg\" alt=\"Bulgarian Flag\">\r\n                    <div>\r\n                        <h4>Tietoja Bulgarian oppimisesta<\/h4>\r\n                        <p>Tutustu bulgarian kielioppiin.<\/p>\r\n                    <\/div>\r\n                <\/div>\r\n            <\/div>\r\n        <\/a>\r\n\r\n        \r\n        <a href=\"https:\/\/talkpal.ai\/fi\/bulgarian-kielioppiharjoitukset\/\">\r\n            <div class=\"learnNavigationWrapper\">\r\n                <div class=\"learnNavigationContent\">\r\n                    <img decoding=\"async\" src=\"https:\/\/talkpal.ai\/wp-content\/uploads\/2024\/08\/Bulgarian.jpg\" alt=\"Bulgarian Flag\">\r\n                    <div>\r\n                        <h4>Bulgarian kielioppi Harjoitus<\/h4>\r\n                        <p>Harjoittele bulgarian kielioppia.<\/p>\r\n                    <\/div>\r\n                <\/div>\r\n            <\/div>\r\n        <\/a>\r\n\r\n        \r\n        <a href=\"https:\/\/talkpal.ai\/vocabulary_language\/bulgarian\/\">\r\n            <div class=\"learnNavigationWrapper\">\r\n                <div class=\"learnNavigationContent\">\r\n                    <img decoding=\"async\" src=\"https:\/\/talkpal.ai\/wp-content\/uploads\/2024\/08\/Bulgarian.jpg\" alt=\"Bulgarian Flag\">\r\n                    <div>\r\n                        <h4>Bulgarian sanastoa<\/h4>\r\n                        <p>Laajenna bulgarian kielen sanastoa.<\/p>\r\n                    <\/div>\r\n                <\/div>\r\n            <\/div>\r\n        <\/a>\r\n\r\n            <\/section>","protected":false},"excerpt":{"rendered":"<p>Lopullinen opas bulgarian kielioppiin: navigointi rikkaan kielen monimutkaisuuksissa Bulgarian kielioppi, kuten kieli itse, on kiehtova sekoitus yksinkertaisuutta, monimutkaisuutta ja rikasta kulttuurihistoriaa. Yhten\u00e4 vanhimmista slaavilaisista kielist\u00e4 bulgaria tarjoaa kielellist\u00e4 j\u00e4nnityst\u00e4 oppijoille ja haastaa jopa taitavimmat puhujat. T\u00e4ss\u00e4 oppaassa tutustumme bulgarian kieliopin keskeisiin periaatteisiin, selvit\u00e4mme sen monimutkaisuutta ja autamme sinua matkallasi t\u00e4m\u00e4n kauniin kielen hallintaan. Sukelletaan mukaan! [&hellip;]<\/p>\n","protected":false},"author":1,"featured_media":28219,"parent":0,"menu_order":0,"comment_status":"closed","ping_status":"closed","template":"LearningContentPage.php","meta":{"_acf_changed":false,"footnotes":""},"class_list":["post-141637","page","type-page","status-publish","has-post-thumbnail","hentry"],"acf":[],"yoast_head":"<!-- This site is optimized with the Yoast SEO Premium plugin v27.2 (Yoast SEO v27.2) - https:\/\/yoast.com\/product\/yoast-seo-premium-wordpress\/ -->\n<title>Bulgarian kielioppi - Talkpal<\/title>\n<meta name=\"description\" content=\"Tutustu bulgarian kieliopin perusasioihin parantaaksesi kielitaitoa ja viestint\u00e4taitoja.\" \/>\n<meta name=\"robots\" content=\"index, follow, max-snippet:-1, max-image-preview:large, max-video-preview:-1\" \/>\n<link rel=\"canonical\" href=\"https:\/\/talkpal.ai\/fi\/bulgarian-kielioppi\/\" \/>\n<meta property=\"og:locale\" content=\"fi_FI\" \/>\n<meta property=\"og:type\" content=\"article\" \/>\n<meta property=\"og:title\" content=\"Bulgarian kielioppi\" \/>\n<meta property=\"og:description\" content=\"Lopullinen opas bulgarian kielioppiin: navigointi rikkaan kielen monimutkaisuuksissa Bulgarian kielioppi, kuten kieli itse, on kiehtova sekoitus\" \/>\n<meta property=\"og:url\" content=\"https:\/\/talkpal.ai\/fi\/bulgarian-kielioppi\/\" \/>\n<meta property=\"og:site_name\" content=\"Talkpal\" \/>\n<meta property=\"article:publisher\" content=\"https:\/\/www.facebook.com\/profile.php?id=100090733639311\" \/>\n<meta property=\"article:modified_time\" content=\"2025-05-22T14:36:24+00:00\" \/>\n<meta property=\"og:image\" content=\"https:\/\/talkpal.ai\/wp-content\/uploads\/2023\/05\/bulgaria.png\" \/>\n\t<meta property=\"og:image:width\" content=\"512\" \/>\n\t<meta property=\"og:image:height\" content=\"512\" \/>\n\t<meta property=\"og:image:type\" content=\"image\/png\" \/>\n<meta name=\"twitter:card\" content=\"summary_large_image\" \/>\n<meta name=\"twitter:site\" content=\"@talkpalai\" \/>\n<meta name=\"twitter:label1\" content=\"Arvioitu lukuaika\" \/>\n\t<meta name=\"twitter:data1\" content=\"3 minuuttia\" \/>\n<script type=\"application\/ld+json\" class=\"yoast-schema-graph\">{\"@context\":\"https:\/\/schema.org\",\"@graph\":[{\"@type\":\"WebPage\",\"@id\":\"https:\/\/talkpal.ai\/fi\/bulgarian-kielioppi\/\",\"url\":\"https:\/\/talkpal.ai\/fi\/bulgarian-kielioppi\/\",\"name\":\"Bulgarian kielioppi - Talkpal\",\"isPartOf\":{\"@id\":\"https:\/\/talkpal.ai\/fi\/#website\"},\"primaryImageOfPage\":{\"@id\":\"https:\/\/talkpal.ai\/fi\/bulgarian-kielioppi\/#primaryimage\"},\"image\":{\"@id\":\"https:\/\/talkpal.ai\/fi\/bulgarian-kielioppi\/#primaryimage\"},\"thumbnailUrl\":\"https:\/\/talkpal.ai\/wp-content\/uploads\/2023\/05\/bulgaria.png\",\"datePublished\":\"2023-05-14T14:00:39+00:00\",\"dateModified\":\"2025-05-22T14:36:24+00:00\",\"description\":\"Tutustu bulgarian kieliopin perusasioihin parantaaksesi kielitaitoa ja viestint\u00e4taitoja.\",\"breadcrumb\":{\"@id\":\"https:\/\/talkpal.ai\/fi\/bulgarian-kielioppi\/#breadcrumb\"},\"inLanguage\":\"fi\",\"potentialAction\":[{\"@type\":\"ReadAction\",\"target\":[\"https:\/\/talkpal.ai\/fi\/bulgarian-kielioppi\/\"]}]},{\"@type\":\"ImageObject\",\"inLanguage\":\"fi\",\"@id\":\"https:\/\/talkpal.ai\/fi\/bulgarian-kielioppi\/#primaryimage\",\"url\":\"https:\/\/talkpal.ai\/wp-content\/uploads\/2023\/05\/bulgaria.png\",\"contentUrl\":\"https:\/\/talkpal.ai\/wp-content\/uploads\/2023\/05\/bulgaria.png\",\"width\":512,\"height\":512},{\"@type\":\"BreadcrumbList\",\"@id\":\"https:\/\/talkpal.ai\/fi\/bulgarian-kielioppi\/#breadcrumb\",\"itemListElement\":[{\"@type\":\"ListItem\",\"position\":1,\"name\":\"Homepage\",\"item\":\"https:\/\/talkpal.ai\/fi\/\"},{\"@type\":\"ListItem\",\"position\":2,\"name\":\"Bulgarian kielioppi\"}]},{\"@type\":\"WebSite\",\"@id\":\"https:\/\/talkpal.ai\/fi\/#website\",\"url\":\"https:\/\/talkpal.ai\/fi\/\",\"name\":\"Talkpal\",\"description\":\"AI Language Learning\",\"publisher\":{\"@id\":\"https:\/\/talkpal.ai\/fi\/#organization\"},\"alternateName\":\"Talkpal AI\",\"potentialAction\":[{\"@type\":\"SearchAction\",\"target\":{\"@type\":\"EntryPoint\",\"urlTemplate\":\"https:\/\/talkpal.ai\/fi\/?s={search_term_string}\"},\"query-input\":{\"@type\":\"PropertyValueSpecification\",\"valueRequired\":true,\"valueName\":\"search_term_string\"}}],\"inLanguage\":\"fi\"},{\"@type\":\"Organization\",\"@id\":\"https:\/\/talkpal.ai\/fi\/#organization\",\"name\":\"Talkpal, Inc.\",\"alternateName\":\"Talkpal AI\",\"url\":\"https:\/\/talkpal.ai\/fi\/\",\"logo\":{\"@type\":\"ImageObject\",\"inLanguage\":\"fi\",\"@id\":\"https:\/\/talkpal.ai\/fi\/#\/schema\/logo\/image\/\",\"url\":\"https:\/\/talkpal.ai\/wp-content\/uploads\/2024\/03\/Talkpal-Logo-Icon.png\",\"contentUrl\":\"https:\/\/talkpal.ai\/wp-content\/uploads\/2024\/03\/Talkpal-Logo-Icon.png\",\"width\":2880,\"height\":2880,\"caption\":\"Talkpal, Inc.\"},\"image\":{\"@id\":\"https:\/\/talkpal.ai\/fi\/#\/schema\/logo\/image\/\"},\"sameAs\":[\"https:\/\/www.facebook.com\/profile.php?id=100090733639311\",\"https:\/\/x.com\/talkpalai\",\"https:\/\/www.linkedin.com\/company\/talkpal\/\",\"https:\/\/www.youtube.com\/@TalkPal\/\",\"https:\/\/www.tiktok.com\/@talkpal\",\"https:\/\/www.instagram.com\/talkpal_ai\/\",\"https:\/\/www.crunchbase.com\/organization\/talkpal-9cde\",\"https:\/\/www.g2.com\/products\/talkpal-for-business\/\",\"https:\/\/www.trustpilot.com\/review\/talkpal.ai\",\"https:\/\/www.capterra.com\/p\/10006800\/TalkPal\/\"],\"description\":\"Talkpal is a language learning web and mobile education app, powered by the latest AI technologies, that provides engaging experiences to its customers in many different languages to help them improve their language skills. Users can chat about unlimited amount of topics with the app and use other modes to practice their language learning.\",\"email\":\"support@talkpal.ai\",\"legalName\":\"Talkpal, Inc.\",\"foundingDate\":\"2023-04-03\",\"duns\":\"118989042\",\"numberOfEmployees\":{\"@type\":\"QuantitativeValue\",\"minValue\":\"11\",\"maxValue\":\"50\"},\"publishingPrinciples\":\"https:\/\/talkpal.ai\/publishing-principles\/\",\"actionableFeedbackPolicy\":\"https:\/\/talkpal.ai\/actionable-feedback-policy\/\",\"correctionsPolicy\":\"https:\/\/talkpal.ai\/corrections-policy\/\",\"ethicsPolicy\":\"https:\/\/talkpal.ai\/ethics-policy\/\",\"diversityPolicy\":\"https:\/\/talkpal.ai\/diversity-policy\/\",\"diversityStaffingReport\":\"https:\/\/talkpal.ai\/diversity-policy\/\"}]}<\/script>\n<!-- \/ Yoast SEO Premium plugin. -->","yoast_head_json":{"title":"Bulgarian kielioppi - Talkpal","description":"Tutustu bulgarian kieliopin perusasioihin parantaaksesi kielitaitoa ja viestint\u00e4taitoja.","robots":{"index":"index","follow":"follow","max-snippet":"max-snippet:-1","max-image-preview":"max-image-preview:large","max-video-preview":"max-video-preview:-1"},"canonical":"https:\/\/talkpal.ai\/fi\/bulgarian-kielioppi\/","og_locale":"fi_FI","og_type":"article","og_title":"Bulgarian kielioppi","og_description":"Lopullinen opas bulgarian kielioppiin: navigointi rikkaan kielen monimutkaisuuksissa Bulgarian kielioppi, kuten kieli itse, on kiehtova sekoitus","og_url":"https:\/\/talkpal.ai\/fi\/bulgarian-kielioppi\/","og_site_name":"Talkpal","article_publisher":"https:\/\/www.facebook.com\/profile.php?id=100090733639311","article_modified_time":"2025-05-22T14:36:24+00:00","og_image":[{"width":512,"height":512,"url":"https:\/\/talkpal.ai\/wp-content\/uploads\/2023\/05\/bulgaria.png","type":"image\/png"}],"twitter_card":"summary_large_image","twitter_site":"@talkpalai","twitter_misc":{"Arvioitu lukuaika":"3 minuuttia"},"schema":{"@context":"https:\/\/schema.org","@graph":[{"@type":"WebPage","@id":"https:\/\/talkpal.ai\/fi\/bulgarian-kielioppi\/","url":"https:\/\/talkpal.ai\/fi\/bulgarian-kielioppi\/","name":"Bulgarian kielioppi - Talkpal","isPartOf":{"@id":"https:\/\/talkpal.ai\/fi\/#website"},"primaryImageOfPage":{"@id":"https:\/\/talkpal.ai\/fi\/bulgarian-kielioppi\/#primaryimage"},"image":{"@id":"https:\/\/talkpal.ai\/fi\/bulgarian-kielioppi\/#primaryimage"},"thumbnailUrl":"https:\/\/talkpal.ai\/wp-content\/uploads\/2023\/05\/bulgaria.png","datePublished":"2023-05-14T14:00:39+00:00","dateModified":"2025-05-22T14:36:24+00:00","description":"Tutustu bulgarian kieliopin perusasioihin parantaaksesi kielitaitoa ja viestint\u00e4taitoja.","breadcrumb":{"@id":"https:\/\/talkpal.ai\/fi\/bulgarian-kielioppi\/#breadcrumb"},"inLanguage":"fi","potentialAction":[{"@type":"ReadAction","target":["https:\/\/talkpal.ai\/fi\/bulgarian-kielioppi\/"]}]},{"@type":"ImageObject","inLanguage":"fi","@id":"https:\/\/talkpal.ai\/fi\/bulgarian-kielioppi\/#primaryimage","url":"https:\/\/talkpal.ai\/wp-content\/uploads\/2023\/05\/bulgaria.png","contentUrl":"https:\/\/talkpal.ai\/wp-content\/uploads\/2023\/05\/bulgaria.png","width":512,"height":512},{"@type":"BreadcrumbList","@id":"https:\/\/talkpal.ai\/fi\/bulgarian-kielioppi\/#breadcrumb","itemListElement":[{"@type":"ListItem","position":1,"name":"Homepage","item":"https:\/\/talkpal.ai\/fi\/"},{"@type":"ListItem","position":2,"name":"Bulgarian kielioppi"}]},{"@type":"WebSite","@id":"https:\/\/talkpal.ai\/fi\/#website","url":"https:\/\/talkpal.ai\/fi\/","name":"Talkpal","description":"AI Language Learning","publisher":{"@id":"https:\/\/talkpal.ai\/fi\/#organization"},"alternateName":"Talkpal AI","potentialAction":[{"@type":"SearchAction","target":{"@type":"EntryPoint","urlTemplate":"https:\/\/talkpal.ai\/fi\/?s={search_term_string}"},"query-input":{"@type":"PropertyValueSpecification","valueRequired":true,"valueName":"search_term_string"}}],"inLanguage":"fi"},{"@type":"Organization","@id":"https:\/\/talkpal.ai\/fi\/#organization","name":"Talkpal, Inc.","alternateName":"Talkpal AI","url":"https:\/\/talkpal.ai\/fi\/","logo":{"@type":"ImageObject","inLanguage":"fi","@id":"https:\/\/talkpal.ai\/fi\/#\/schema\/logo\/image\/","url":"https:\/\/talkpal.ai\/wp-content\/uploads\/2024\/03\/Talkpal-Logo-Icon.png","contentUrl":"https:\/\/talkpal.ai\/wp-content\/uploads\/2024\/03\/Talkpal-Logo-Icon.png","width":2880,"height":2880,"caption":"Talkpal, Inc."},"image":{"@id":"https:\/\/talkpal.ai\/fi\/#\/schema\/logo\/image\/"},"sameAs":["https:\/\/www.facebook.com\/profile.php?id=100090733639311","https:\/\/x.com\/talkpalai","https:\/\/www.linkedin.com\/company\/talkpal\/","https:\/\/www.youtube.com\/@TalkPal\/","https:\/\/www.tiktok.com\/@talkpal","https:\/\/www.instagram.com\/talkpal_ai\/","https:\/\/www.crunchbase.com\/organization\/talkpal-9cde","https:\/\/www.g2.com\/products\/talkpal-for-business\/","https:\/\/www.trustpilot.com\/review\/talkpal.ai","https:\/\/www.capterra.com\/p\/10006800\/TalkPal\/"],"description":"Talkpal is a language learning web and mobile education app, powered by the latest AI technologies, that provides engaging experiences to its customers in many different languages to help them improve their language skills. Users can chat about unlimited amount of topics with the app and use other modes to practice their language learning.","email":"support@talkpal.ai","legalName":"Talkpal, Inc.","foundingDate":"2023-04-03","duns":"118989042","numberOfEmployees":{"@type":"QuantitativeValue","minValue":"11","maxValue":"50"},"publishingPrinciples":"https:\/\/talkpal.ai\/publishing-principles\/","actionableFeedbackPolicy":"https:\/\/talkpal.ai\/actionable-feedback-policy\/","correctionsPolicy":"https:\/\/talkpal.ai\/corrections-policy\/","ethicsPolicy":"https:\/\/talkpal.ai\/ethics-policy\/","diversityPolicy":"https:\/\/talkpal.ai\/diversity-policy\/","diversityStaffingReport":"https:\/\/talkpal.ai\/diversity-policy\/"}]}},"_links":{"self":[{"href":"https:\/\/talkpal.ai\/fi\/wp-json\/wp\/v2\/pages\/141637","targetHints":{"allow":["GET"]}}],"collection":[{"href":"https:\/\/talkpal.ai\/fi\/wp-json\/wp\/v2\/pages"}],"about":[{"href":"https:\/\/talkpal.ai\/fi\/wp-json\/wp\/v2\/types\/page"}],"author":[{"embeddable":true,"href":"https:\/\/talkpal.ai\/fi\/wp-json\/wp\/v2\/users\/1"}],"replies":[{"embeddable":true,"href":"https:\/\/talkpal.ai\/fi\/wp-json\/wp\/v2\/comments?post=141637"}],"version-history":[{"count":0,"href":"https:\/\/talkpal.ai\/fi\/wp-json\/wp\/v2\/pages\/141637\/revisions"}],"wp:featuredmedia":[{"embeddable":true,"href":"https:\/\/talkpal.ai\/fi\/wp-json\/wp\/v2\/media\/28219"}],"wp:attachment":[{"href":"https:\/\/talkpal.ai\/fi\/wp-json\/wp\/v2\/media?parent=141637"}],"curies":[{"name":"wp","href":"https:\/\/api.w.org\/{rel}","templated":true}]}}