{"id":141302,"date":"2023-05-14T14:00:03","date_gmt":"2023-05-14T14:00:03","guid":{"rendered":"http:\/\/talkpal.ai\/bosnian-kielioppi\/"},"modified":"2025-05-22T14:41:36","modified_gmt":"2025-05-22T14:41:36","slug":"bosnian-kielioppi","status":"publish","type":"page","link":"https:\/\/talkpal.ai\/fi\/bosnian-kielioppi\/","title":{"rendered":"Bosnian kielioppi"},"content":{"rendered":"\r\n\r\n\r\n<section class=\"languageChallengeSection\">\r\n    <div class=\"languageInfoWrapper\">\r\n        \r\n        <h1>Bosnian kielioppi<\/h1>\r\n        <p>Avaa <a href=\"https:\/\/talkpal.ai\/learn-bosnian\/\">bosnian<\/a> kielen rikas ja ilmaisuvoimainen maailma hallitsemalla sen kieliopin perusteet. Bosnian kieliopin vankka hallinta auttaa sinua kommunikoimaan itsevarmasti ja arvostamaan kulttuuria syv\u00e4llisemmin. Aloita bosnian kieliopin opiskelu jo t\u00e4n\u00e4\u00e4n ja ota ensimm\u00e4inen askel kohti sujuvuutta!<\/p>\r\n\r\n                            <a class=\"getStartedHidden\" href=\"https:\/\/app.talkpal.ai\/fi\/signup?lng=\">Aloita<\/a>\r\n        \r\n    <\/div>\r\n\r\n    <figure>\r\n    <img decoding=\"async\" width=\"768\" height=\"768\" src=\"https:\/\/talkpal.ai\/wp-content\/uploads\/2023\/06\/bosinian-768x768.png\" class=\"languageImage no-lazy\" alt=\"Default alt text\" fetchpriority=\"high\" sizes=\"(max-width: 768px) 150px, 768px\" srcset=\"https:\/\/talkpal.ai\/wp-content\/uploads\/2023\/06\/bosinian-768x768.png 768w, https:\/\/talkpal.ai\/wp-content\/uploads\/2023\/06\/bosinian-300x300.png 300w\" \/>\r\n    \r\n\r\n    <\/figure>\r\n\r\n            <a class=\"getStartedVisible\" href=\"https:\/\/app.talkpal.ai\/fi\/signup?lng=\">Aloita<\/a>\r\n    \r\n<\/section>\r\n        <section class=\"grammarSection\">\r\n            <div class=\"grammarLinks\">\r\n                <a href=\"https:\/\/talkpal.ai\/fi\/language\/adjektiivit-bosnian-kielioppi\/\">Adjektiivit <\/a><a href=\"https:\/\/talkpal.ai\/fi\/language\/adverbit-bosnian-kielioppi\/\">Adverbit <\/a><a href=\"https:\/\/talkpal.ai\/fi\/language\/aikamuodot-bosnian-kielioppi\/\">Aikamuodot <\/a><a href=\"https:\/\/talkpal.ai\/fi\/language\/aikamuotojen-vertailu-bosnian-kielioppi\/\">Aikamuotojen vertailu <\/a><a href=\"https:\/\/talkpal.ai\/fi\/language\/artikkelit-bosnian-kielioppi\/\">Artikkelit <\/a><a href=\"https:\/\/talkpal.ai\/fi\/language\/konditionaalit-bosnian-kielioppi\/\">Konditionaalit <\/a><a href=\"https:\/\/talkpal.ai\/fi\/language\/lauseet-bosnian-kielioppi\/\">Lauseet <\/a><a href=\"https:\/\/talkpal.ai\/fi\/language\/prepositiot-bosnian-kielioppi\/\">Prepositiot <\/a><a href=\"https:\/\/talkpal.ai\/fi\/language\/progressiivinen-bosnian-kielioppi\/\">Progressiivinen <\/a><a href=\"https:\/\/talkpal.ai\/fi\/language\/pronominit-determinerit-bosnian-kielioppi\/\">Pronominit\/Determinerit <\/a><a href=\"https:\/\/talkpal.ai\/fi\/language\/substantiivit-bosnian-kielioppi\/\">Substantiivit <\/a><a href=\"https:\/\/talkpal.ai\/fi\/language\/taydellinen-progressiivinen-bosnian-kielioppi\/\">T\u00e4ydellinen progressiivinen <\/a><a href=\"https:\/\/talkpal.ai\/fi\/language\/verbit-bosnian-kielioppi\/\">Verbit <\/a>            <\/div>\r\n        <\/section>\r\n    <section class=\"promotionalBanner\">\r\n    <p class=\"promotionalText\">Tehokkain tapa oppia kielt\u00e4<\/p>\r\n    <a class=\"promotionalLink\" href=\"https:\/\/app.talkpal.ai\/fi\/signup?lng=\">Kokeile Talkpal ilmaiseksi<\/a>\r\n<\/section>\n<div class=\"wp-block-group pageContainerStyle\"><div class=\"wp-block-group__inner-container is-layout-constrained wp-block-group-is-layout-constrained\">\n<h2 class=\"wp-block-heading\" id=\"h-bosnian-grammar-a-guide-to-understanding-its-unique-features\">Bosnian kielioppi: opas sen ainutlaatuisten ominaisuuksien ymm\u00e4rt\u00e4miseen<\/h2>\n\n\n\n<p>Opiskeletko bosnian kielt\u00e4 ja huomaat olevasi ymm\u00e4ll\u00e4\u00e4n kielen kieliopista? \u00c4l\u00e4 pelk\u00e4\u00e4! T\u00e4ss\u00e4 artikkelissa sukellamme bosnian kieliopin salaisuuksiin ja autamme sinua ymm\u00e4rt\u00e4m\u00e4\u00e4n sen ainutlaatuisia piirteit\u00e4 samalla kun se on yksinkertaista ja mukaansatempaavaa. Oletko valmis l\u00e4htem\u00e4\u00e4n t\u00e4lle j\u00e4nnitt\u00e4v\u00e4lle kielimatkalle? Aloitetaan!<\/p>\n\n\n\n<h3 class=\"wp-block-heading\" id=\"h-the-fundamentals-nouns-and-pronouns\">Perusteet: substantiivit ja pronominit<\/h3>\n\n\n\n<p>Ensinn\u00e4kin on t\u00e4rke\u00e4\u00e4 tiet\u00e4\u00e4, ett\u00e4 bosnian kieless\u00e4, kuten muissakin slaavilaisissa kieliss\u00e4, on kolme kieliopillista sukua: maskuliini, feminiini ja neutri. Kuinka voit kertoa, mihin sukupuoleen substantiivi kuuluu? Se on helppoa! Kaikki on kiinni lopusta. T\u00e4ss\u00e4 on pikaopas:<\/p>\n\n\n\n<p><strong>&#8211; Maskuliiniset substantiivit p\u00e4\u00e4ttyv\u00e4t yleens\u00e4 konsonanttiin,<\/strong><\/p>\n\n\n\n<p><strong>&#8211; Feminiiniset substantiivit p\u00e4\u00e4ttyv\u00e4t yleens\u00e4 -a:han,<\/strong><\/p>\n\n\n\n<p><strong>&#8211; Neuter-substantiivit p\u00e4\u00e4ttyv\u00e4t useimmiten -o tai -e.<\/strong><\/p>\n\n\n\n<p>Muista, ett\u00e4 n\u00e4m\u00e4 ovat yleisi\u00e4 s\u00e4\u00e4nt\u00f6j\u00e4, ja poikkeuksia voi olla. Puhutaan nyt pronomineista. Bosnian kielen persoonapronominit muuttuvat substantiivin sukupuolen, lukum\u00e4\u00e4r\u00e4n (yksik\u00f6ss\u00e4 <a href=\"https:\/\/talkpal.ai\/learn-thai\/\">tai<\/a> monikossa) ja tapauksen mukaan (tapauksista lis\u00e4\u00e4 my\u00f6hemmin). Bosnian kieless\u00e4 on seitsem\u00e4n persoonapronominia: ja (I), ti (sin\u00e4, yksikk\u00f6\/ep\u00e4virallinen), on (h\u00e4n), ona (h\u00e4n), <a href=\"https:\/\/talkpal.ai\/locations\/language-courses-in-ono\/\">ono<\/a> (it), mi (me) ja vi (sin\u00e4, monikko\/muodollinen). Muista, ett\u00e4 bosnialla on sek\u00e4 ep\u00e4virallinen ett\u00e4 muodollinen tapa puhutella ihmisi\u00e4 &#8211; joten varmista, ett\u00e4 k\u00e4yt\u00e4t oikeaa pronominia puhuessasi jollekin!<\/p>\n\n\n\n<h3 class=\"wp-block-heading\" id=\"h-next-up-verb-conjugation\">Seuraavaksi: Verbien taivutus<\/h3>\n\n\n\n<p>Verbit ovat mink\u00e4 tahansa kielen selk\u00e4ranka, eik\u00e4 bosnia ole erilainen. Bosnian verbeill\u00e4 on kaksi p\u00e4\u00e4taivutusmallia: yksi verbeille, jotka p\u00e4\u00e4ttyv\u00e4t -ti (ensimm\u00e4inen taivutus), ja toinen verbeille, jotka p\u00e4\u00e4ttyv\u00e4t -\u0107i (toinen taivutus). Molemmissa tapauksissa verbin p\u00e4\u00e4tteet muuttuvat subjektin sukupuolen, luvun ja aikamuodon mukaan.<\/p>\n\n\n\n<p>Aikamuodoista puhuttaessa bosnialla on kolme yksinkertaista aikamuotoa: nykyisyys, menneisyys ja tulevaisuus. Preesens muodostetaan lis\u00e4\u00e4m\u00e4ll\u00e4 erityisi\u00e4 p\u00e4\u00e4tteit\u00e4 verbin vartaloon. Mennyt aikamuoto taas muodostetaan k\u00e4ytt\u00e4m\u00e4ll\u00e4 apuverbi\u00e4 &#8221;biti&#8221; (olla) infinitiivimuodossa &#8221;bio&#8221; ja menneen ajan partitiivia. Lopuksi <a href=\"https:\/\/talkpal.ai\/fi\/grammar\/tulevaisuuden-venajan-kielioppissa\/\">tulevaisuuden aikamuoto<\/a> luodaan yhdist\u00e4m\u00e4ll\u00e4 apuverbin &#8221;htjeti&#8221; (tulee) ja p\u00e4\u00e4verbin infinitiivimuoto.<\/p>\n\n\n\n<h3 class=\"wp-block-heading\" id=\"h-the-magic-of-cases\">Tapausten taika<\/h3>\n\n\n\n<p>Bosnian kieliopissa k\u00e4ytet\u00e4\u00e4n kirjainj\u00e4rjestelm\u00e4\u00e4, mik\u00e4 tarkoittaa, ett\u00e4 substantiivit, pronominit, adjektiivit ja joskus jopa verbit muuttavat muotoaan sen mukaan, mik\u00e4 on niiden teht\u00e4v\u00e4 lauseessa. Bosniassa on seitsem\u00e4n tapausta: nominatiivi, genetiivi, datiivi, akkusatiivi, vokatiivi, instrumentaalinen ja lokatiivi.<\/p>\n\n\n\n<p>\u00c4l\u00e4 anna n\u00e4iden termien pelottaa sinua! Se on vain harjoituskysymys. Jokaisella tapauksella on tietty tarkoitus ja se vastaa tiettyihin kysymyksiin:<\/p>\n\n\n\n<p><strong>1. Nominatiivi:<\/strong> Lauseen aihe. Kuka tai mik\u00e4 tekee toiminnan?<\/p>\n\n\n\n<p><strong>2. Genetiivi:<\/strong> Ilmaisee hallussapidon, alkuper\u00e4n tai <a href=\"https:\/\/talkpal.ai\/locations\/learn-japanese-in-osan\/\">osan<\/a> jostakin. Kenen tai mist\u00e4?<\/p>\n\n\n\n<p><strong>3. Datiivi:<\/strong> Ep\u00e4suora objekti \u2013 kenelle tai kenelle jotain annetaan tai tehd\u00e4\u00e4n?<\/p>\n\n\n\n<p><strong>4. Akkusatiivi:<\/strong> Suora objekti \u2013 kuka tai mik\u00e4 vastaanottaa toiminnon?<\/p>\n\n\n\n<p><strong>5. Vokatiivi:<\/strong> K\u00e4ytet\u00e4\u00e4n puhuttelemaan jotakuta tai jotain suoraan &#8211; Hei, sin\u00e4!<\/p>\n\n\n\n<p><strong>6. Instrumentaalinen:<\/strong> Edustaa toiminnan keinoa tai menetelm\u00e4\u00e4 &#8211; mill\u00e4 tai kenen toimesta?<\/p>\n\n\n\n<p><strong>7. Lokatiivi:<\/strong> Osoittaa jonkin sijainnin tai sijainnin &#8211; miss\u00e4 tai miss\u00e4?<\/p>\n\n\n\n<h3 class=\"wp-block-heading\" id=\"h-loving-the-adjectives\">Adjektiivien rakastaminen<\/h3>\n\n\n\n<p>Bosnian kielen adjektiivit sopivat yhteen substantiivin kanssa, jota ne muuttavat sukupuolen, lukum\u00e4\u00e4r\u00e4n ja kirjainkoon suhteen. T\u00e4m\u00e4 tarkoittaa, ett\u00e4 adjektiiveilla, aivan kuten substantiiveilla ja pronomineilla, on erilaiset muodot riippuen niiden kuvaamasta substantiivista.<\/p>\n\n\n\n<p>Jos esimerkiksi haluat sanoa &#8221;iso talo&#8221; bosnian kielell\u00e4 (joka on feminiininen substantiivi), sanot &#8221;velika ku\u0107a&#8221;. Jos kuitenkin puhutaan &#8221;isosta autosta&#8221; (maskuliininen substantiivi), sanotaan &#8221;veliki auto&#8221;.<\/p>\n\n\n\n<h3 class=\"wp-block-heading\" id=\"h-final-thoughts\">Lopulliset ajatukset<\/h3>\n\n\n\n<p><a href=\"https:\/\/talkpal.ai\/bosnian-grammar\/\">Bosnian kielioppi<\/a> sukupuolineen, kirjainkokoineen ja verbitaivutuksineen saattaa aluksi tuntua monimutkaiselta, mutta muista: harjoitus tekee mestarin! Kyse on j\u00e4rjestelm\u00e4n ymm\u00e4rt\u00e4misest\u00e4 ja sen k\u00e4ytt\u00e4misest\u00e4 tosiel\u00e4m\u00e4n tilanteissa. Ole k\u00e4rsiv\u00e4llinen, jatka harjoittelua, ja pian huomaat hallitsevasi Bosnian kauniin kielen. Sretno! (Onnea!)<\/p>\n<\/div><\/div>\n\r\n<section class=\"learnNavigationSection\">\r\n            \r\n        <a href=\"https:\/\/talkpal.ai\/fi\/opi-bosnian-kielta\/\">\r\n            <div class=\"learnNavigationWrapper\">\r\n                <div class=\"learnNavigationContent\">\r\n                    <img decoding=\"async\" src=\"https:\/\/talkpal.ai\/wp-content\/uploads\/2024\/08\/Bosnian.jpg\" alt=\"Bosnian Flag\">\r\n                    <div>\r\n                        <h4>Tietoa Bosnian Learningista<\/h4>\r\n                        <p>Lue kaikki Bosnian kieliopista.<\/p>\r\n                    <\/div>\r\n                <\/div>\r\n            <\/div>\r\n        <\/a>\r\n\r\n        \r\n        <a href=\"https:\/\/talkpal.ai\/fi\/bosnian-kielioppiharjoitukset\/\">\r\n            <div class=\"learnNavigationWrapper\">\r\n                <div class=\"learnNavigationContent\">\r\n                    <img decoding=\"async\" src=\"https:\/\/talkpal.ai\/wp-content\/uploads\/2024\/08\/Bosnian.jpg\" alt=\"Bosnian Flag\">\r\n                    <div>\r\n                        <h4>Bosnian kielioppiharjoitus<\/h4>\r\n                        <p>Harjoittele bosnian kielioppia.<\/p>\r\n                    <\/div>\r\n                <\/div>\r\n            <\/div>\r\n        <\/a>\r\n\r\n        \r\n        <a href=\"https:\/\/talkpal.ai\/vocabulary_language\/bosnian\/\">\r\n            <div class=\"learnNavigationWrapper\">\r\n                <div class=\"learnNavigationContent\">\r\n                    <img decoding=\"async\" src=\"https:\/\/talkpal.ai\/wp-content\/uploads\/2024\/08\/Bosnian.jpg\" alt=\"Bosnian Flag\">\r\n                    <div>\r\n                        <h4>Bosnian sanasto<\/h4>\r\n                        <p>Laajenna bosnian kielen sanavarastoasi.<\/p>\r\n                    <\/div>\r\n                <\/div>\r\n            <\/div>\r\n        <\/a>\r\n\r\n            <\/section>","protected":false},"excerpt":{"rendered":"<p>Bosnian kielioppi: opas sen ainutlaatuisten ominaisuuksien ymm\u00e4rt\u00e4miseen Opiskeletko bosnian kielt\u00e4 ja huomaat olevasi ymm\u00e4ll\u00e4\u00e4n kielen kieliopista? \u00c4l\u00e4 pelk\u00e4\u00e4! T\u00e4ss\u00e4 artikkelissa sukellamme bosnian kieliopin salaisuuksiin ja autamme sinua ymm\u00e4rt\u00e4m\u00e4\u00e4n sen ainutlaatuisia piirteit\u00e4 samalla kun se on yksinkertaista ja mukaansatempaavaa. Oletko valmis l\u00e4htem\u00e4\u00e4n t\u00e4lle j\u00e4nnitt\u00e4v\u00e4lle kielimatkalle? Aloitetaan! Perusteet: substantiivit ja pronominit Ensinn\u00e4kin on t\u00e4rke\u00e4\u00e4 tiet\u00e4\u00e4, ett\u00e4 bosnian [&hellip;]<\/p>\n","protected":false},"author":1,"featured_media":28203,"parent":0,"menu_order":0,"comment_status":"closed","ping_status":"closed","template":"LearningContentPage.php","meta":{"_acf_changed":false,"footnotes":""},"class_list":["post-141302","page","type-page","status-publish","has-post-thumbnail","hentry"],"acf":[],"yoast_head":"<!-- This site is optimized with the Yoast SEO Premium plugin v27.2 (Yoast SEO v27.2) - https:\/\/yoast.com\/product\/yoast-seo-premium-wordpress\/ -->\n<title>Bosnian kielioppi - Talkpal<\/title>\n<meta name=\"description\" content=\"Opettele bosnian kielioppi vaivattomasti k\u00e4ytt\u00e4m\u00e4ll\u00e4 Talkpal, teko\u00e4lyavusteinen kieltenopettajasi. Tutustu helppoihin selityksiin, k\u00e4yt\u00e4nn\u00f6n vinkkeihin ja interaktiivisiin harjoituksiin!\" \/>\n<meta name=\"robots\" content=\"index, follow, max-snippet:-1, max-image-preview:large, max-video-preview:-1\" \/>\n<link rel=\"canonical\" href=\"https:\/\/talkpal.ai\/fi\/bosnian-kielioppi\/\" \/>\n<meta property=\"og:locale\" content=\"fi_FI\" \/>\n<meta property=\"og:type\" content=\"article\" \/>\n<meta property=\"og:title\" content=\"Bosnian kielioppi\" \/>\n<meta property=\"og:description\" content=\"Bosnian kielioppi: opas sen ainutlaatuisten ominaisuuksien ymm\u00e4rt\u00e4miseen Opiskeletko bosnian kielt\u00e4 ja huomaat olevasi ymm\u00e4ll\u00e4\u00e4n kielen kieliopista? \u00c4l\u00e4\" \/>\n<meta property=\"og:url\" content=\"https:\/\/talkpal.ai\/fi\/bosnian-kielioppi\/\" \/>\n<meta property=\"og:site_name\" content=\"Talkpal\" \/>\n<meta property=\"article:publisher\" content=\"https:\/\/www.facebook.com\/profile.php?id=100090733639311\" \/>\n<meta property=\"article:modified_time\" content=\"2025-05-22T14:41:36+00:00\" \/>\n<meta property=\"og:image\" content=\"https:\/\/talkpal.ai\/wp-content\/uploads\/2023\/05\/bosnia-and-herzegovina.png\" \/>\n\t<meta property=\"og:image:width\" content=\"512\" \/>\n\t<meta property=\"og:image:height\" content=\"512\" \/>\n\t<meta property=\"og:image:type\" content=\"image\/png\" \/>\n<meta name=\"twitter:card\" content=\"summary_large_image\" \/>\n<meta name=\"twitter:site\" content=\"@talkpalai\" \/>\n<meta name=\"twitter:label1\" content=\"Arvioitu lukuaika\" \/>\n\t<meta name=\"twitter:data1\" content=\"3 minuuttia\" \/>\n<script type=\"application\/ld+json\" class=\"yoast-schema-graph\">{\"@context\":\"https:\/\/schema.org\",\"@graph\":[{\"@type\":\"WebPage\",\"@id\":\"https:\/\/talkpal.ai\/fi\/bosnian-kielioppi\/\",\"url\":\"https:\/\/talkpal.ai\/fi\/bosnian-kielioppi\/\",\"name\":\"Bosnian kielioppi - Talkpal\",\"isPartOf\":{\"@id\":\"https:\/\/talkpal.ai\/fi\/#website\"},\"primaryImageOfPage\":{\"@id\":\"https:\/\/talkpal.ai\/fi\/bosnian-kielioppi\/#primaryimage\"},\"image\":{\"@id\":\"https:\/\/talkpal.ai\/fi\/bosnian-kielioppi\/#primaryimage\"},\"thumbnailUrl\":\"https:\/\/talkpal.ai\/wp-content\/uploads\/2023\/05\/bosnia-and-herzegovina.png\",\"datePublished\":\"2023-05-14T14:00:03+00:00\",\"dateModified\":\"2025-05-22T14:41:36+00:00\",\"description\":\"Opettele bosnian kielioppi vaivattomasti k\u00e4ytt\u00e4m\u00e4ll\u00e4 Talkpal, teko\u00e4lyavusteinen kieltenopettajasi. Tutustu helppoihin selityksiin, k\u00e4yt\u00e4nn\u00f6n vinkkeihin ja interaktiivisiin harjoituksiin!\",\"breadcrumb\":{\"@id\":\"https:\/\/talkpal.ai\/fi\/bosnian-kielioppi\/#breadcrumb\"},\"inLanguage\":\"fi\",\"potentialAction\":[{\"@type\":\"ReadAction\",\"target\":[\"https:\/\/talkpal.ai\/fi\/bosnian-kielioppi\/\"]}]},{\"@type\":\"ImageObject\",\"inLanguage\":\"fi\",\"@id\":\"https:\/\/talkpal.ai\/fi\/bosnian-kielioppi\/#primaryimage\",\"url\":\"https:\/\/talkpal.ai\/wp-content\/uploads\/2023\/05\/bosnia-and-herzegovina.png\",\"contentUrl\":\"https:\/\/talkpal.ai\/wp-content\/uploads\/2023\/05\/bosnia-and-herzegovina.png\",\"width\":512,\"height\":512},{\"@type\":\"BreadcrumbList\",\"@id\":\"https:\/\/talkpal.ai\/fi\/bosnian-kielioppi\/#breadcrumb\",\"itemListElement\":[{\"@type\":\"ListItem\",\"position\":1,\"name\":\"Homepage\",\"item\":\"https:\/\/talkpal.ai\/fi\/\"},{\"@type\":\"ListItem\",\"position\":2,\"name\":\"Bosnian kielioppi\"}]},{\"@type\":\"WebSite\",\"@id\":\"https:\/\/talkpal.ai\/fi\/#website\",\"url\":\"https:\/\/talkpal.ai\/fi\/\",\"name\":\"Talkpal\",\"description\":\"AI Language Learning\",\"publisher\":{\"@id\":\"https:\/\/talkpal.ai\/fi\/#organization\"},\"alternateName\":\"Talkpal AI\",\"potentialAction\":[{\"@type\":\"SearchAction\",\"target\":{\"@type\":\"EntryPoint\",\"urlTemplate\":\"https:\/\/talkpal.ai\/fi\/?s={search_term_string}\"},\"query-input\":{\"@type\":\"PropertyValueSpecification\",\"valueRequired\":true,\"valueName\":\"search_term_string\"}}],\"inLanguage\":\"fi\"},{\"@type\":\"Organization\",\"@id\":\"https:\/\/talkpal.ai\/fi\/#organization\",\"name\":\"Talkpal, Inc.\",\"alternateName\":\"Talkpal AI\",\"url\":\"https:\/\/talkpal.ai\/fi\/\",\"logo\":{\"@type\":\"ImageObject\",\"inLanguage\":\"fi\",\"@id\":\"https:\/\/talkpal.ai\/fi\/#\/schema\/logo\/image\/\",\"url\":\"https:\/\/talkpal.ai\/wp-content\/uploads\/2024\/03\/Talkpal-Logo-Icon.png\",\"contentUrl\":\"https:\/\/talkpal.ai\/wp-content\/uploads\/2024\/03\/Talkpal-Logo-Icon.png\",\"width\":2880,\"height\":2880,\"caption\":\"Talkpal, Inc.\"},\"image\":{\"@id\":\"https:\/\/talkpal.ai\/fi\/#\/schema\/logo\/image\/\"},\"sameAs\":[\"https:\/\/www.facebook.com\/profile.php?id=100090733639311\",\"https:\/\/x.com\/talkpalai\",\"https:\/\/www.linkedin.com\/company\/talkpal\/\",\"https:\/\/www.youtube.com\/@TalkPal\/\",\"https:\/\/www.tiktok.com\/@talkpal\",\"https:\/\/www.instagram.com\/talkpal_ai\/\",\"https:\/\/www.crunchbase.com\/organization\/talkpal-9cde\",\"https:\/\/www.g2.com\/products\/talkpal-for-business\/\",\"https:\/\/www.trustpilot.com\/review\/talkpal.ai\",\"https:\/\/www.capterra.com\/p\/10006800\/TalkPal\/\"],\"description\":\"Talkpal is a language learning web and mobile education app, powered by the latest AI technologies, that provides engaging experiences to its customers in many different languages to help them improve their language skills. Users can chat about unlimited amount of topics with the app and use other modes to practice their language learning.\",\"email\":\"support@talkpal.ai\",\"legalName\":\"Talkpal, Inc.\",\"foundingDate\":\"2023-04-03\",\"duns\":\"118989042\",\"numberOfEmployees\":{\"@type\":\"QuantitativeValue\",\"minValue\":\"11\",\"maxValue\":\"50\"},\"publishingPrinciples\":\"https:\/\/talkpal.ai\/publishing-principles\/\",\"actionableFeedbackPolicy\":\"https:\/\/talkpal.ai\/actionable-feedback-policy\/\",\"correctionsPolicy\":\"https:\/\/talkpal.ai\/corrections-policy\/\",\"ethicsPolicy\":\"https:\/\/talkpal.ai\/ethics-policy\/\",\"diversityPolicy\":\"https:\/\/talkpal.ai\/diversity-policy\/\",\"diversityStaffingReport\":\"https:\/\/talkpal.ai\/diversity-policy\/\"}]}<\/script>\n<!-- \/ Yoast SEO Premium plugin. -->","yoast_head_json":{"title":"Bosnian kielioppi - Talkpal","description":"Opettele bosnian kielioppi vaivattomasti k\u00e4ytt\u00e4m\u00e4ll\u00e4 Talkpal, teko\u00e4lyavusteinen kieltenopettajasi. Tutustu helppoihin selityksiin, k\u00e4yt\u00e4nn\u00f6n vinkkeihin ja interaktiivisiin harjoituksiin!","robots":{"index":"index","follow":"follow","max-snippet":"max-snippet:-1","max-image-preview":"max-image-preview:large","max-video-preview":"max-video-preview:-1"},"canonical":"https:\/\/talkpal.ai\/fi\/bosnian-kielioppi\/","og_locale":"fi_FI","og_type":"article","og_title":"Bosnian kielioppi","og_description":"Bosnian kielioppi: opas sen ainutlaatuisten ominaisuuksien ymm\u00e4rt\u00e4miseen Opiskeletko bosnian kielt\u00e4 ja huomaat olevasi ymm\u00e4ll\u00e4\u00e4n kielen kieliopista? \u00c4l\u00e4","og_url":"https:\/\/talkpal.ai\/fi\/bosnian-kielioppi\/","og_site_name":"Talkpal","article_publisher":"https:\/\/www.facebook.com\/profile.php?id=100090733639311","article_modified_time":"2025-05-22T14:41:36+00:00","og_image":[{"width":512,"height":512,"url":"https:\/\/talkpal.ai\/wp-content\/uploads\/2023\/05\/bosnia-and-herzegovina.png","type":"image\/png"}],"twitter_card":"summary_large_image","twitter_site":"@talkpalai","twitter_misc":{"Arvioitu lukuaika":"3 minuuttia"},"schema":{"@context":"https:\/\/schema.org","@graph":[{"@type":"WebPage","@id":"https:\/\/talkpal.ai\/fi\/bosnian-kielioppi\/","url":"https:\/\/talkpal.ai\/fi\/bosnian-kielioppi\/","name":"Bosnian kielioppi - Talkpal","isPartOf":{"@id":"https:\/\/talkpal.ai\/fi\/#website"},"primaryImageOfPage":{"@id":"https:\/\/talkpal.ai\/fi\/bosnian-kielioppi\/#primaryimage"},"image":{"@id":"https:\/\/talkpal.ai\/fi\/bosnian-kielioppi\/#primaryimage"},"thumbnailUrl":"https:\/\/talkpal.ai\/wp-content\/uploads\/2023\/05\/bosnia-and-herzegovina.png","datePublished":"2023-05-14T14:00:03+00:00","dateModified":"2025-05-22T14:41:36+00:00","description":"Opettele bosnian kielioppi vaivattomasti k\u00e4ytt\u00e4m\u00e4ll\u00e4 Talkpal, teko\u00e4lyavusteinen kieltenopettajasi. Tutustu helppoihin selityksiin, k\u00e4yt\u00e4nn\u00f6n vinkkeihin ja interaktiivisiin harjoituksiin!","breadcrumb":{"@id":"https:\/\/talkpal.ai\/fi\/bosnian-kielioppi\/#breadcrumb"},"inLanguage":"fi","potentialAction":[{"@type":"ReadAction","target":["https:\/\/talkpal.ai\/fi\/bosnian-kielioppi\/"]}]},{"@type":"ImageObject","inLanguage":"fi","@id":"https:\/\/talkpal.ai\/fi\/bosnian-kielioppi\/#primaryimage","url":"https:\/\/talkpal.ai\/wp-content\/uploads\/2023\/05\/bosnia-and-herzegovina.png","contentUrl":"https:\/\/talkpal.ai\/wp-content\/uploads\/2023\/05\/bosnia-and-herzegovina.png","width":512,"height":512},{"@type":"BreadcrumbList","@id":"https:\/\/talkpal.ai\/fi\/bosnian-kielioppi\/#breadcrumb","itemListElement":[{"@type":"ListItem","position":1,"name":"Homepage","item":"https:\/\/talkpal.ai\/fi\/"},{"@type":"ListItem","position":2,"name":"Bosnian kielioppi"}]},{"@type":"WebSite","@id":"https:\/\/talkpal.ai\/fi\/#website","url":"https:\/\/talkpal.ai\/fi\/","name":"Talkpal","description":"AI Language Learning","publisher":{"@id":"https:\/\/talkpal.ai\/fi\/#organization"},"alternateName":"Talkpal AI","potentialAction":[{"@type":"SearchAction","target":{"@type":"EntryPoint","urlTemplate":"https:\/\/talkpal.ai\/fi\/?s={search_term_string}"},"query-input":{"@type":"PropertyValueSpecification","valueRequired":true,"valueName":"search_term_string"}}],"inLanguage":"fi"},{"@type":"Organization","@id":"https:\/\/talkpal.ai\/fi\/#organization","name":"Talkpal, Inc.","alternateName":"Talkpal AI","url":"https:\/\/talkpal.ai\/fi\/","logo":{"@type":"ImageObject","inLanguage":"fi","@id":"https:\/\/talkpal.ai\/fi\/#\/schema\/logo\/image\/","url":"https:\/\/talkpal.ai\/wp-content\/uploads\/2024\/03\/Talkpal-Logo-Icon.png","contentUrl":"https:\/\/talkpal.ai\/wp-content\/uploads\/2024\/03\/Talkpal-Logo-Icon.png","width":2880,"height":2880,"caption":"Talkpal, Inc."},"image":{"@id":"https:\/\/talkpal.ai\/fi\/#\/schema\/logo\/image\/"},"sameAs":["https:\/\/www.facebook.com\/profile.php?id=100090733639311","https:\/\/x.com\/talkpalai","https:\/\/www.linkedin.com\/company\/talkpal\/","https:\/\/www.youtube.com\/@TalkPal\/","https:\/\/www.tiktok.com\/@talkpal","https:\/\/www.instagram.com\/talkpal_ai\/","https:\/\/www.crunchbase.com\/organization\/talkpal-9cde","https:\/\/www.g2.com\/products\/talkpal-for-business\/","https:\/\/www.trustpilot.com\/review\/talkpal.ai","https:\/\/www.capterra.com\/p\/10006800\/TalkPal\/"],"description":"Talkpal is a language learning web and mobile education app, powered by the latest AI technologies, that provides engaging experiences to its customers in many different languages to help them improve their language skills. Users can chat about unlimited amount of topics with the app and use other modes to practice their language learning.","email":"support@talkpal.ai","legalName":"Talkpal, Inc.","foundingDate":"2023-04-03","duns":"118989042","numberOfEmployees":{"@type":"QuantitativeValue","minValue":"11","maxValue":"50"},"publishingPrinciples":"https:\/\/talkpal.ai\/publishing-principles\/","actionableFeedbackPolicy":"https:\/\/talkpal.ai\/actionable-feedback-policy\/","correctionsPolicy":"https:\/\/talkpal.ai\/corrections-policy\/","ethicsPolicy":"https:\/\/talkpal.ai\/ethics-policy\/","diversityPolicy":"https:\/\/talkpal.ai\/diversity-policy\/","diversityStaffingReport":"https:\/\/talkpal.ai\/diversity-policy\/"}]}},"_links":{"self":[{"href":"https:\/\/talkpal.ai\/fi\/wp-json\/wp\/v2\/pages\/141302","targetHints":{"allow":["GET"]}}],"collection":[{"href":"https:\/\/talkpal.ai\/fi\/wp-json\/wp\/v2\/pages"}],"about":[{"href":"https:\/\/talkpal.ai\/fi\/wp-json\/wp\/v2\/types\/page"}],"author":[{"embeddable":true,"href":"https:\/\/talkpal.ai\/fi\/wp-json\/wp\/v2\/users\/1"}],"replies":[{"embeddable":true,"href":"https:\/\/talkpal.ai\/fi\/wp-json\/wp\/v2\/comments?post=141302"}],"version-history":[{"count":0,"href":"https:\/\/talkpal.ai\/fi\/wp-json\/wp\/v2\/pages\/141302\/revisions"}],"wp:featuredmedia":[{"embeddable":true,"href":"https:\/\/talkpal.ai\/fi\/wp-json\/wp\/v2\/media\/28203"}],"wp:attachment":[{"href":"https:\/\/talkpal.ai\/fi\/wp-json\/wp\/v2\/media?parent=141302"}],"curies":[{"name":"wp","href":"https:\/\/api.w.org\/{rel}","templated":true}]}}