{"id":141038,"date":"2023-05-14T13:59:42","date_gmt":"2023-05-14T13:59:42","guid":{"rendered":"http:\/\/talkpal.ai\/valkovenajan-kielioppi\/"},"modified":"2025-05-22T13:50:03","modified_gmt":"2025-05-22T13:50:03","slug":"valkovenajan-kielioppi","status":"publish","type":"page","link":"https:\/\/talkpal.ai\/fi\/valkovenajan-kielioppi\/","title":{"rendered":"Valkoven\u00e4j\u00e4n kielioppi"},"content":{"rendered":"\r\n\r\n\r\n<section class=\"languageChallengeSection\">\r\n    <div class=\"languageInfoWrapper\">\r\n        \r\n        <h1>Valkoven\u00e4j\u00e4n kielioppi<\/h1>\r\n        <p>Tutustu valkoven\u00e4j\u00e4n kielen kauneuteen ja rikkauteen oppimalla sen kieliopin peruss\u00e4\u00e4nn\u00f6t. <a href=\"https:\/\/talkpal.ai\/learn-belarusian\/\">Valko-Ven\u00e4j\u00e4n<\/a> kieliopin vankka ymm\u00e4rt\u00e4minen auttaa sinua kommunikoimaan itsevarmasti ja tutustumaan valkoven\u00e4l\u00e4iseen kulttuuriin. Sukella nyt ja aloita matkasi valkoven\u00e4j\u00e4n kielen hallintaan jo t\u00e4n\u00e4\u00e4n!<\/p>\r\n\r\n                            <a class=\"getStartedHidden\" href=\"https:\/\/app.talkpal.ai\/fi\/signup?lng=\">Aloita<\/a>\r\n        \r\n    <\/div>\r\n\r\n    <figure>\r\n    <img decoding=\"async\" width=\"768\" height=\"768\" src=\"https:\/\/talkpal.ai\/wp-content\/uploads\/2023\/06\/belarusian-768x768.png\" class=\"languageImage no-lazy\" alt=\"Default alt text\" fetchpriority=\"high\" sizes=\"(max-width: 768px) 150px, 768px\" srcset=\"https:\/\/talkpal.ai\/wp-content\/uploads\/2023\/06\/belarusian-768x768.png 768w, https:\/\/talkpal.ai\/wp-content\/uploads\/2023\/06\/belarusian-300x300.png 300w\" \/>\r\n    \r\n\r\n    <\/figure>\r\n\r\n            <a class=\"getStartedVisible\" href=\"https:\/\/app.talkpal.ai\/fi\/signup?lng=\">Aloita<\/a>\r\n    \r\n<\/section>\r\n        <section class=\"grammarSection\">\r\n            <div class=\"grammarLinks\">\r\n                <a href=\"https:\/\/talkpal.ai\/fi\/language\/adjektiivit-valkovenajan-kielioppi\/\">Adjektiivit <\/a><a href=\"https:\/\/talkpal.ai\/fi\/language\/adverbit-valkovenajan-kielioppi\/\">Adverbit <\/a><a href=\"https:\/\/talkpal.ai\/fi\/language\/aikamuodot-valkovenajan-kielioppi\/\">Aikamuodot <\/a><a href=\"https:\/\/talkpal.ai\/fi\/language\/aikamuotojen-vertailu-valkovenajan-kielioppi\/\">Aikamuotojen vertailu <\/a><a href=\"https:\/\/talkpal.ai\/fi\/language\/artikkelit-valkovenajan-kielioppi\/\">Artikkelit <\/a><a href=\"https:\/\/talkpal.ai\/fi\/language\/konditionaalit-valkovenajan-kielioppi\/\">Konditionaalit <\/a><a href=\"https:\/\/talkpal.ai\/fi\/language\/lauseet-valkovenajan-kielioppi\/\">Lauseet <\/a><a href=\"https:\/\/talkpal.ai\/fi\/language\/prepositiot-valkovenajan-kielioppi\/\">Prepositiot <\/a><a href=\"https:\/\/talkpal.ai\/fi\/language\/progressiivinen-valkovenajan-kielioppi\/\">Progressiivinen <\/a><a href=\"https:\/\/talkpal.ai\/fi\/language\/pronominit-determinerit-valkovenajan-kielioppi\/\">Pronominit\/Determinerit <\/a><a href=\"https:\/\/talkpal.ai\/fi\/language\/substantiivit-valkovenajan-kielioppi\/\">Substantiivit <\/a><a href=\"https:\/\/talkpal.ai\/fi\/language\/taydellinen-progressiivinen-valkovenajan-kielioppi\/\">T\u00e4ydellinen progressiivinen <\/a><a href=\"https:\/\/talkpal.ai\/fi\/language\/verbit-valkovenajan-kielioppi\/\">Verbit <\/a>            <\/div>\r\n        <\/section>\r\n    <section class=\"promotionalBanner\">\r\n    <p class=\"promotionalText\">Tehokkain tapa oppia kielt\u00e4<\/p>\r\n    <a class=\"promotionalLink\" href=\"https:\/\/app.talkpal.ai\/fi\/signup?lng=\">Kokeile Talkpal ilmaiseksi<\/a>\r\n<\/section>\n<div class=\"wp-block-group pageContainerStyle\"><div class=\"wp-block-group__inner-container is-layout-constrained wp-block-group-is-layout-constrained\">\n<h2 class=\"wp-block-heading\" id=\"h-belarusian-grammar-a-closer-look-at-the-slavic-language-s-intricacies\">Valkoven\u00e4j\u00e4n kielioppi: tarkempi katsaus slaavilaisen kielen monimutkaisuuteen<\/h2>\n\n\n\n<p>Oletko pyrkiv\u00e4 polyglotti, joka on kiinnostunut slaavilaisista kielist\u00e4? <a href=\"https:\/\/talkpal.ai\/learn-thai\/\">Tai<\/a> ehk\u00e4 olet vain utelias t\u00e4m\u00e4n mielenkiintoisen alueen kielten kieliopillisista yksityiskohdista? Jos n\u00e4in on, kiinnit\u00e4 turvavy\u00f6! T\u00e4ss\u00e4 artikkelissa tutustumme valkoven\u00e4j\u00e4n kieliopin ihmeelliseen maailmaan, joka on v\u00e4hemm\u00e4n tunnettu mutta kiehtova slaavilaisen kieliperheen j\u00e4sen.<\/p>\n\n\n\n<p>Sukelletaanpa sis\u00e4\u00e4n.<\/p>\n\n\n\n<h3 class=\"wp-block-heading\" id=\"h-first-things-first-what-is-belarusian\">Ensimm\u00e4iset asiat ensin: Mik\u00e4 on valkoven\u00e4l\u00e4inen?<\/h3>\n\n\n\n<p>Valkoven\u00e4j\u00e4 on Valko-Ven\u00e4j\u00e4n virallinen kieli, sis\u00e4maavaltio, joka sijaitsee It\u00e4-Euroopassa Ven\u00e4j\u00e4n, Ukrainan, Puolan, <a href=\"https:\/\/talkpal.ai\/learn-lithuanian\/\">Liettuan<\/a> ja <a href=\"https:\/\/talkpal.ai\/learn-latvian\/\">Latvian<\/a> v\u00e4liss\u00e4. Valkoven\u00e4j\u00e4ll\u00e4 on noin 7,9 miljoonaa puhujaa, ja sill\u00e4 on ihastuttava vieh\u00e4tys sek\u00e4 kielitieteilij\u00f6ille ett\u00e4 kielten harrastajille. Slaavilaisena kielen\u00e4 valkoven\u00e4j\u00e4ll\u00e4 on monia yht\u00e4l\u00e4isyyksi\u00e4 ven\u00e4j\u00e4n, ukrainan ja puolan kanssa; Sill\u00e4 on kuitenkin my\u00f6s omat ainutlaatuiset ominaisuutensa, jotka erottavat sen sisaruksistaan.<\/p>\n\n\n\n<h3 class=\"wp-block-heading\" id=\"h-the-building-blocks-nouns-pronouns-and-cases\">Rakenneosat: substantiivit, pronominit ja kirjainkoot<\/h3>\n\n\n\n<p>Kuten muutkin slaavilaiset kielet, <a href=\"https:\/\/talkpal.ai\/fi\/grammar_exercises\/valko-venajan-kieliopin-nykyinen-taydellinen-vs-past-perfect-harjoitukset\/\">Valko-Ven\u00e4j\u00e4n kielioppi<\/a> py\u00f6rii sanojen taivutuksen ymp\u00e4rill\u00e4. T\u00e4m\u00e4 tarkoittaa, ett\u00e4 sanojen p\u00e4\u00e4tteet muuttuvat niiden kieliopillisen teht\u00e4v\u00e4n mukaan lauseessa. T\u00e4m\u00e4 n\u00e4kyy selvimmin substantiiveissa, pronomineissa ja adjektiiveissa, kun niit\u00e4 k\u00e4ytet\u00e4\u00e4n eri tapauksissa. Valko-Ven\u00e4j\u00e4ll\u00e4 on kuusi tapausta, jotka ovat seuraavat:<\/p>\n\n\n\n<p><strong>1. Nominatiivi &#8211; ilmaisee lauseen subjektin.<\/strong><\/p>\n\n\n\n<p><strong>2. Genetiivi &#8211; osoittaa hallussapitoa tai negaation kohdetta.<\/strong><\/p>\n\n\n\n<p><strong>3. Datiivi &#8211; merkitsee lauseen ep\u00e4suoraa objektia.<\/strong><\/p>\n\n\n\n<p><strong>4. Akkusatiivi &#8211; tarkoittaa lauseen suoraa objektia.<\/strong><\/p>\n\n\n\n<p><strong>5. Instrumentaalinen &#8211; ilmaisee keinon tai menetelm\u00e4n, jolla toiminta suoritetaan.<\/strong><\/p>\n\n\n\n<p><strong>6. Prepositio- tai paikannimi &#8211; m\u00e4\u00e4ritt\u00e4\u00e4 paikan tai prepositioiden kohteen.<\/strong><\/p>\n\n\n\n<p>Tapausten lis\u00e4ksi valkoven\u00e4l\u00e4isill\u00e4 substantiiveilla on my\u00f6s kolme sukupuolta (maskuliininen, feminiininen ja neutri) ja kaksi numeroa (yksikk\u00f6 ja monikko). Jokaisella sukupuoli- ja numeroyhdistelm\u00e4ll\u00e4 on kussakin tapauksessa omat p\u00e4\u00e4tteens\u00e4, mink\u00e4 vuoksi on t\u00e4rke\u00e4\u00e4 muistaa ne kieliopillisesti oikeiden lauseiden rakentamiseksi.<\/p>\n\n\n\n<h3 class=\"wp-block-heading\" id=\"h-let-s-talk-verbs-tenses-aspects-and-moods\">Puhutaan verbeist\u00e4: Aikamuodot, aspektit ja moodit<\/h3>\n\n\n\n<p>Valkoven\u00e4j\u00e4n verbit ovat ihanan monimutkaisia, t\u00e4ynn\u00e4 vivahteita ja monimutkaisuutta. Niiss\u00e4 on kolme aikamuotoa (menneisyys, nykyisyys ja tulevaisuus), kaksi aspektia (perfektiivinen ja imperfektiivinen) sek\u00e4 kolme tunnelmaa (ohjeellinen, imperatiivi ja konditionaali). Valkoven\u00e4j\u00e4n verbit erottuvat muista slaavilaisista kielist\u00e4 niiden laajalla aspektin k\u00e4yt\u00f6ll\u00e4.<\/p>\n\n\n\n<p>Aspekti viittaa siihen, n\u00e4hd\u00e4\u00e4nk\u00f6 toiminta suoritettuna (perfektiivinen) vai jatkuvana (imperfektiivinen). Monet verbit tulevat pareittain, jotka ilmaisevat eri n\u00e4k\u00f6kohdat, usein k\u00e4ytt\u00e4m\u00e4ll\u00e4 yksil\u00f6llist\u00e4 etuliitett\u00e4 <a href=\"https:\/\/talkpal.ai\/learn-thai\/\">tai<\/a> j\u00e4lkiliitett\u00e4. N\u00e4k\u00f6kulman hallitseminen on v\u00e4ltt\u00e4m\u00e4t\u00f6nt\u00e4 valkoven\u00e4j\u00e4n kielen hienouksien ymm\u00e4rt\u00e4miseksi.<\/p>\n\n\n\n<h3 class=\"wp-block-heading\" id=\"h-adjectives-adverbs-and-other-delights\">Adjektiivit, adverbit ja muut herkut<\/h3>\n\n\n\n<p>Valkoven\u00e4l\u00e4iset adjektiivit sopivat yhteen niiden substantiivien kanssa, joita ne muuttavat sukupuolen, lukum\u00e4\u00e4r\u00e4n ja tapauksen suhteen. Niill\u00e4 on my\u00f6s vertailevia ja superlatiivisia muotoja, jotka ilmaisevat erilaisia ominaisuuksia. Lis\u00e4ksi monet <a href=\"https:\/\/talkpal.ai\/fi\/grammar\/paikan-tsekin-kielioppi-adverbit\/\">adverbit<\/a> johdetaan adjektiiveista lis\u00e4\u00e4m\u00e4ll\u00e4 yksinkertaisesti j\u00e4lkiliite &#8221;-\u0430&#8221; maskuliinisille ja &#8221;-\u044b&#8221; feminiinisille adjektiiveille.<\/p>\n\n\n\n<p>Valkoven\u00e4j\u00e4n kieless\u00e4 on my\u00f6s kiehtova joukko konjunktioita, prepositioita, numeroita ja hiukkasia, joiden avulla voit luoda monimutkaisia ja ilmeikk\u00e4it\u00e4 lauseita. Kun harjoittelet tarpeeksi, osaat pian kutoa sanasi yhteen kuin todellinen valkoven\u00e4l\u00e4inen sanasepp\u00e4.<\/p>\n\n\n\n<h3 class=\"wp-block-heading\" id=\"h-in-closing-the-magic-of-belarusian-grammar\">Lopuksi: Valkoven\u00e4j\u00e4n kieliopin taika<\/h3>\n\n\n\n<p>Ensi silm\u00e4yksell\u00e4 Valko-Ven\u00e4j\u00e4n kielioppi saattaa tuntua pelottavalta. Kun kuitenkin syvennyt syvemm\u00e4lle sen tapausten, n\u00e4k\u00f6kohtien ja muiden kielellisten erikoisuuksien rikkaaseen kudokseen, l\u00f6yd\u00e4t kielen, joka on t\u00e4ynn\u00e4 syvyytt\u00e4, vivahteita ja ilmaisuvoimaa. Valkoven\u00e4j\u00e4n kieliopin haasteen omaksuminen ei ainoastaan anna sinulle parempaa ymm\u00e4rryst\u00e4 slaavilaisesta perheest\u00e4 yleens\u00e4, vaan antaa sinulle my\u00f6s p\u00e4\u00e4syn kauniiseen ja elinvoimaiseen kulttuuriin, joka odottaa etsint\u00e4\u00e4si.<\/p>\n\n\n\n<p>Nyt, kun sinulla on uusi ymm\u00e4rrys valkoven\u00e4j\u00e4n kieliopista, miksi et sukeltaisi syvemm\u00e4lle t\u00e4h\u00e4n kiehtovaan kieleen? Kuka tiet\u00e4\u00e4 &#8211; ehk\u00e4 jonain p\u00e4iv\u00e4n\u00e4 l\u00f6yd\u00e4t itsesi k\u00e4velem\u00e4st\u00e4 Minskin kaduilla ja juttelemasta vaivattomasti paikallisten kanssa heid\u00e4n \u00e4idinkielell\u00e4\u00e4n. Hyv\u00e4\u00e4 oppimista!<\/p>\n<\/div><\/div>\n\r\n<section class=\"learnNavigationSection\">\r\n            \r\n        <a href=\"https:\/\/talkpal.ai\/fi\/opi-valkovenajaa\/\">\r\n            <div class=\"learnNavigationWrapper\">\r\n                <div class=\"learnNavigationContent\">\r\n                    <img decoding=\"async\" src=\"https:\/\/talkpal.ai\/wp-content\/uploads\/2024\/08\/Belarusian.jpg\" alt=\"Belarusian Flag\">\r\n                    <div>\r\n                        <h4>Tietoa Valko-Ven\u00e4j\u00e4n oppimisesta<\/h4>\r\n                        <p>Lue kaikki Valko-Ven\u00e4j\u00e4n kieliopista.<\/p>\r\n                    <\/div>\r\n                <\/div>\r\n            <\/div>\r\n        <\/a>\r\n\r\n        \r\n        <a href=\"https:\/\/talkpal.ai\/fi\/valkovenajan-kielioppiharjoitukset\/\">\r\n            <div class=\"learnNavigationWrapper\">\r\n                <div class=\"learnNavigationContent\">\r\n                    <img decoding=\"async\" src=\"https:\/\/talkpal.ai\/wp-content\/uploads\/2024\/08\/Belarusian.jpg\" alt=\"Belarusian Flag\">\r\n                    <div>\r\n                        <h4>Valkoven\u00e4j\u00e4n kielioppi Harjoitus<\/h4>\r\n                        <p>Harjoittele Valko-Ven\u00e4j\u00e4n kielioppia.<\/p>\r\n                    <\/div>\r\n                <\/div>\r\n            <\/div>\r\n        <\/a>\r\n\r\n        \r\n        <a href=\"https:\/\/talkpal.ai\/vocabulary_language\/belarusian\/\">\r\n            <div class=\"learnNavigationWrapper\">\r\n                <div class=\"learnNavigationContent\">\r\n                    <img decoding=\"async\" src=\"https:\/\/talkpal.ai\/wp-content\/uploads\/2024\/08\/Belarusian.jpg\" alt=\"Belarusian Flag\">\r\n                    <div>\r\n                        <h4>Valkoven\u00e4j\u00e4n sanasto<\/h4>\r\n                        <p>Laajenna valkoven\u00e4j\u00e4n kielen sanavarastoasi.<\/p>\r\n                    <\/div>\r\n                <\/div>\r\n            <\/div>\r\n        <\/a>\r\n\r\n            <\/section>","protected":false},"excerpt":{"rendered":"<p>Valkoven\u00e4j\u00e4n kielioppi: tarkempi katsaus slaavilaisen kielen monimutkaisuuteen Oletko pyrkiv\u00e4 polyglotti, joka on kiinnostunut slaavilaisista kielist\u00e4? Tai ehk\u00e4 olet vain utelias t\u00e4m\u00e4n mielenkiintoisen alueen kielten kieliopillisista yksityiskohdista? Jos n\u00e4in on, kiinnit\u00e4 turvavy\u00f6! T\u00e4ss\u00e4 artikkelissa tutustumme valkoven\u00e4j\u00e4n kieliopin ihmeelliseen maailmaan, joka on v\u00e4hemm\u00e4n tunnettu mutta kiehtova slaavilaisen kieliperheen j\u00e4sen. Sukelletaanpa sis\u00e4\u00e4n. Ensimm\u00e4iset asiat ensin: Mik\u00e4 on valkoven\u00e4l\u00e4inen? [&hellip;]<\/p>\n","protected":false},"author":1,"featured_media":28187,"parent":0,"menu_order":0,"comment_status":"closed","ping_status":"closed","template":"LearningContentPage.php","meta":{"_acf_changed":false,"footnotes":""},"class_list":["post-141038","page","type-page","status-publish","has-post-thumbnail","hentry"],"acf":[],"yoast_head":"<!-- This site is optimized with the Yoast SEO Premium plugin v27.2 (Yoast SEO v27.2) - https:\/\/yoast.com\/product\/yoast-seo-premium-wordpress\/ -->\n<title>Valkoven\u00e4j\u00e4n kielioppi - Talkpal<\/title>\n<meta name=\"description\" content=\"Hallitse valkoven\u00e4j\u00e4n kielioppi vaivattomasti Talkpal, teko\u00e4lyavusteinen kieltenopettajasi. Saat selkeit\u00e4 selityksi\u00e4, hy\u00f6dyllisi\u00e4 vinkkej\u00e4 ja interaktiivisia harjoituksia!\" \/>\n<meta name=\"robots\" content=\"index, follow, max-snippet:-1, max-image-preview:large, max-video-preview:-1\" \/>\n<link rel=\"canonical\" href=\"https:\/\/talkpal.ai\/fi\/valkovenajan-kielioppi\/\" \/>\n<meta property=\"og:locale\" content=\"fi_FI\" \/>\n<meta property=\"og:type\" content=\"article\" \/>\n<meta property=\"og:title\" content=\"Valkoven\u00e4j\u00e4n kielioppi\" \/>\n<meta property=\"og:description\" content=\"Valkoven\u00e4j\u00e4n kielioppi: tarkempi katsaus slaavilaisen kielen monimutkaisuuteen Oletko pyrkiv\u00e4 polyglotti, joka on kiinnostunut slaavilaisista kielist\u00e4?\" \/>\n<meta property=\"og:url\" content=\"https:\/\/talkpal.ai\/fi\/valkovenajan-kielioppi\/\" \/>\n<meta property=\"og:site_name\" content=\"Talkpal\" \/>\n<meta property=\"article:publisher\" content=\"https:\/\/www.facebook.com\/profile.php?id=100090733639311\" \/>\n<meta property=\"article:modified_time\" content=\"2025-05-22T13:50:03+00:00\" \/>\n<meta property=\"og:image\" content=\"https:\/\/talkpal.ai\/wp-content\/uploads\/2023\/05\/belarus.png\" \/>\n\t<meta property=\"og:image:width\" content=\"512\" \/>\n\t<meta property=\"og:image:height\" content=\"512\" \/>\n\t<meta property=\"og:image:type\" content=\"image\/png\" \/>\n<meta name=\"twitter:card\" content=\"summary_large_image\" \/>\n<meta name=\"twitter:site\" content=\"@talkpalai\" \/>\n<meta name=\"twitter:label1\" content=\"Arvioitu lukuaika\" \/>\n\t<meta name=\"twitter:data1\" content=\"3 minuuttia\" \/>\n<script type=\"application\/ld+json\" class=\"yoast-schema-graph\">{\"@context\":\"https:\/\/schema.org\",\"@graph\":[{\"@type\":\"WebPage\",\"@id\":\"https:\/\/talkpal.ai\/fi\/valkovenajan-kielioppi\/\",\"url\":\"https:\/\/talkpal.ai\/fi\/valkovenajan-kielioppi\/\",\"name\":\"Valkoven\u00e4j\u00e4n kielioppi - Talkpal\",\"isPartOf\":{\"@id\":\"https:\/\/talkpal.ai\/fi\/#website\"},\"primaryImageOfPage\":{\"@id\":\"https:\/\/talkpal.ai\/fi\/valkovenajan-kielioppi\/#primaryimage\"},\"image\":{\"@id\":\"https:\/\/talkpal.ai\/fi\/valkovenajan-kielioppi\/#primaryimage\"},\"thumbnailUrl\":\"https:\/\/talkpal.ai\/wp-content\/uploads\/2023\/05\/belarus.png\",\"datePublished\":\"2023-05-14T13:59:42+00:00\",\"dateModified\":\"2025-05-22T13:50:03+00:00\",\"description\":\"Hallitse valkoven\u00e4j\u00e4n kielioppi vaivattomasti Talkpal, teko\u00e4lyavusteinen kieltenopettajasi. Saat selkeit\u00e4 selityksi\u00e4, hy\u00f6dyllisi\u00e4 vinkkej\u00e4 ja interaktiivisia harjoituksia!\",\"breadcrumb\":{\"@id\":\"https:\/\/talkpal.ai\/fi\/valkovenajan-kielioppi\/#breadcrumb\"},\"inLanguage\":\"fi\",\"potentialAction\":[{\"@type\":\"ReadAction\",\"target\":[\"https:\/\/talkpal.ai\/fi\/valkovenajan-kielioppi\/\"]}]},{\"@type\":\"ImageObject\",\"inLanguage\":\"fi\",\"@id\":\"https:\/\/talkpal.ai\/fi\/valkovenajan-kielioppi\/#primaryimage\",\"url\":\"https:\/\/talkpal.ai\/wp-content\/uploads\/2023\/05\/belarus.png\",\"contentUrl\":\"https:\/\/talkpal.ai\/wp-content\/uploads\/2023\/05\/belarus.png\",\"width\":512,\"height\":512},{\"@type\":\"BreadcrumbList\",\"@id\":\"https:\/\/talkpal.ai\/fi\/valkovenajan-kielioppi\/#breadcrumb\",\"itemListElement\":[{\"@type\":\"ListItem\",\"position\":1,\"name\":\"Homepage\",\"item\":\"https:\/\/talkpal.ai\/fi\/\"},{\"@type\":\"ListItem\",\"position\":2,\"name\":\"Valkoven\u00e4j\u00e4n kielioppi\"}]},{\"@type\":\"WebSite\",\"@id\":\"https:\/\/talkpal.ai\/fi\/#website\",\"url\":\"https:\/\/talkpal.ai\/fi\/\",\"name\":\"Talkpal\",\"description\":\"AI Language Learning\",\"publisher\":{\"@id\":\"https:\/\/talkpal.ai\/fi\/#organization\"},\"alternateName\":\"Talkpal AI\",\"potentialAction\":[{\"@type\":\"SearchAction\",\"target\":{\"@type\":\"EntryPoint\",\"urlTemplate\":\"https:\/\/talkpal.ai\/fi\/?s={search_term_string}\"},\"query-input\":{\"@type\":\"PropertyValueSpecification\",\"valueRequired\":true,\"valueName\":\"search_term_string\"}}],\"inLanguage\":\"fi\"},{\"@type\":\"Organization\",\"@id\":\"https:\/\/talkpal.ai\/fi\/#organization\",\"name\":\"Talkpal, Inc.\",\"alternateName\":\"Talkpal AI\",\"url\":\"https:\/\/talkpal.ai\/fi\/\",\"logo\":{\"@type\":\"ImageObject\",\"inLanguage\":\"fi\",\"@id\":\"https:\/\/talkpal.ai\/fi\/#\/schema\/logo\/image\/\",\"url\":\"https:\/\/talkpal.ai\/wp-content\/uploads\/2024\/03\/Talkpal-Logo-Icon.png\",\"contentUrl\":\"https:\/\/talkpal.ai\/wp-content\/uploads\/2024\/03\/Talkpal-Logo-Icon.png\",\"width\":2880,\"height\":2880,\"caption\":\"Talkpal, Inc.\"},\"image\":{\"@id\":\"https:\/\/talkpal.ai\/fi\/#\/schema\/logo\/image\/\"},\"sameAs\":[\"https:\/\/www.facebook.com\/profile.php?id=100090733639311\",\"https:\/\/x.com\/talkpalai\",\"https:\/\/www.linkedin.com\/company\/talkpal\/\",\"https:\/\/www.youtube.com\/@TalkPal\/\",\"https:\/\/www.tiktok.com\/@talkpal\",\"https:\/\/www.instagram.com\/talkpal_ai\/\",\"https:\/\/www.crunchbase.com\/organization\/talkpal-9cde\",\"https:\/\/www.g2.com\/products\/talkpal-for-business\/\",\"https:\/\/www.trustpilot.com\/review\/talkpal.ai\",\"https:\/\/www.capterra.com\/p\/10006800\/TalkPal\/\"],\"description\":\"Talkpal is a language learning web and mobile education app, powered by the latest AI technologies, that provides engaging experiences to its customers in many different languages to help them improve their language skills. Users can chat about unlimited amount of topics with the app and use other modes to practice their language learning.\",\"email\":\"support@talkpal.ai\",\"legalName\":\"Talkpal, Inc.\",\"foundingDate\":\"2023-04-03\",\"duns\":\"118989042\",\"numberOfEmployees\":{\"@type\":\"QuantitativeValue\",\"minValue\":\"11\",\"maxValue\":\"50\"},\"publishingPrinciples\":\"https:\/\/talkpal.ai\/publishing-principles\/\",\"actionableFeedbackPolicy\":\"https:\/\/talkpal.ai\/actionable-feedback-policy\/\",\"correctionsPolicy\":\"https:\/\/talkpal.ai\/corrections-policy\/\",\"ethicsPolicy\":\"https:\/\/talkpal.ai\/ethics-policy\/\",\"diversityPolicy\":\"https:\/\/talkpal.ai\/diversity-policy\/\",\"diversityStaffingReport\":\"https:\/\/talkpal.ai\/diversity-policy\/\"}]}<\/script>\n<!-- \/ Yoast SEO Premium plugin. -->","yoast_head_json":{"title":"Valkoven\u00e4j\u00e4n kielioppi - Talkpal","description":"Hallitse valkoven\u00e4j\u00e4n kielioppi vaivattomasti Talkpal, teko\u00e4lyavusteinen kieltenopettajasi. Saat selkeit\u00e4 selityksi\u00e4, hy\u00f6dyllisi\u00e4 vinkkej\u00e4 ja interaktiivisia harjoituksia!","robots":{"index":"index","follow":"follow","max-snippet":"max-snippet:-1","max-image-preview":"max-image-preview:large","max-video-preview":"max-video-preview:-1"},"canonical":"https:\/\/talkpal.ai\/fi\/valkovenajan-kielioppi\/","og_locale":"fi_FI","og_type":"article","og_title":"Valkoven\u00e4j\u00e4n kielioppi","og_description":"Valkoven\u00e4j\u00e4n kielioppi: tarkempi katsaus slaavilaisen kielen monimutkaisuuteen Oletko pyrkiv\u00e4 polyglotti, joka on kiinnostunut slaavilaisista kielist\u00e4?","og_url":"https:\/\/talkpal.ai\/fi\/valkovenajan-kielioppi\/","og_site_name":"Talkpal","article_publisher":"https:\/\/www.facebook.com\/profile.php?id=100090733639311","article_modified_time":"2025-05-22T13:50:03+00:00","og_image":[{"width":512,"height":512,"url":"https:\/\/talkpal.ai\/wp-content\/uploads\/2023\/05\/belarus.png","type":"image\/png"}],"twitter_card":"summary_large_image","twitter_site":"@talkpalai","twitter_misc":{"Arvioitu lukuaika":"3 minuuttia"},"schema":{"@context":"https:\/\/schema.org","@graph":[{"@type":"WebPage","@id":"https:\/\/talkpal.ai\/fi\/valkovenajan-kielioppi\/","url":"https:\/\/talkpal.ai\/fi\/valkovenajan-kielioppi\/","name":"Valkoven\u00e4j\u00e4n kielioppi - Talkpal","isPartOf":{"@id":"https:\/\/talkpal.ai\/fi\/#website"},"primaryImageOfPage":{"@id":"https:\/\/talkpal.ai\/fi\/valkovenajan-kielioppi\/#primaryimage"},"image":{"@id":"https:\/\/talkpal.ai\/fi\/valkovenajan-kielioppi\/#primaryimage"},"thumbnailUrl":"https:\/\/talkpal.ai\/wp-content\/uploads\/2023\/05\/belarus.png","datePublished":"2023-05-14T13:59:42+00:00","dateModified":"2025-05-22T13:50:03+00:00","description":"Hallitse valkoven\u00e4j\u00e4n kielioppi vaivattomasti Talkpal, teko\u00e4lyavusteinen kieltenopettajasi. Saat selkeit\u00e4 selityksi\u00e4, hy\u00f6dyllisi\u00e4 vinkkej\u00e4 ja interaktiivisia harjoituksia!","breadcrumb":{"@id":"https:\/\/talkpal.ai\/fi\/valkovenajan-kielioppi\/#breadcrumb"},"inLanguage":"fi","potentialAction":[{"@type":"ReadAction","target":["https:\/\/talkpal.ai\/fi\/valkovenajan-kielioppi\/"]}]},{"@type":"ImageObject","inLanguage":"fi","@id":"https:\/\/talkpal.ai\/fi\/valkovenajan-kielioppi\/#primaryimage","url":"https:\/\/talkpal.ai\/wp-content\/uploads\/2023\/05\/belarus.png","contentUrl":"https:\/\/talkpal.ai\/wp-content\/uploads\/2023\/05\/belarus.png","width":512,"height":512},{"@type":"BreadcrumbList","@id":"https:\/\/talkpal.ai\/fi\/valkovenajan-kielioppi\/#breadcrumb","itemListElement":[{"@type":"ListItem","position":1,"name":"Homepage","item":"https:\/\/talkpal.ai\/fi\/"},{"@type":"ListItem","position":2,"name":"Valkoven\u00e4j\u00e4n kielioppi"}]},{"@type":"WebSite","@id":"https:\/\/talkpal.ai\/fi\/#website","url":"https:\/\/talkpal.ai\/fi\/","name":"Talkpal","description":"AI Language Learning","publisher":{"@id":"https:\/\/talkpal.ai\/fi\/#organization"},"alternateName":"Talkpal AI","potentialAction":[{"@type":"SearchAction","target":{"@type":"EntryPoint","urlTemplate":"https:\/\/talkpal.ai\/fi\/?s={search_term_string}"},"query-input":{"@type":"PropertyValueSpecification","valueRequired":true,"valueName":"search_term_string"}}],"inLanguage":"fi"},{"@type":"Organization","@id":"https:\/\/talkpal.ai\/fi\/#organization","name":"Talkpal, Inc.","alternateName":"Talkpal AI","url":"https:\/\/talkpal.ai\/fi\/","logo":{"@type":"ImageObject","inLanguage":"fi","@id":"https:\/\/talkpal.ai\/fi\/#\/schema\/logo\/image\/","url":"https:\/\/talkpal.ai\/wp-content\/uploads\/2024\/03\/Talkpal-Logo-Icon.png","contentUrl":"https:\/\/talkpal.ai\/wp-content\/uploads\/2024\/03\/Talkpal-Logo-Icon.png","width":2880,"height":2880,"caption":"Talkpal, Inc."},"image":{"@id":"https:\/\/talkpal.ai\/fi\/#\/schema\/logo\/image\/"},"sameAs":["https:\/\/www.facebook.com\/profile.php?id=100090733639311","https:\/\/x.com\/talkpalai","https:\/\/www.linkedin.com\/company\/talkpal\/","https:\/\/www.youtube.com\/@TalkPal\/","https:\/\/www.tiktok.com\/@talkpal","https:\/\/www.instagram.com\/talkpal_ai\/","https:\/\/www.crunchbase.com\/organization\/talkpal-9cde","https:\/\/www.g2.com\/products\/talkpal-for-business\/","https:\/\/www.trustpilot.com\/review\/talkpal.ai","https:\/\/www.capterra.com\/p\/10006800\/TalkPal\/"],"description":"Talkpal is a language learning web and mobile education app, powered by the latest AI technologies, that provides engaging experiences to its customers in many different languages to help them improve their language skills. Users can chat about unlimited amount of topics with the app and use other modes to practice their language learning.","email":"support@talkpal.ai","legalName":"Talkpal, Inc.","foundingDate":"2023-04-03","duns":"118989042","numberOfEmployees":{"@type":"QuantitativeValue","minValue":"11","maxValue":"50"},"publishingPrinciples":"https:\/\/talkpal.ai\/publishing-principles\/","actionableFeedbackPolicy":"https:\/\/talkpal.ai\/actionable-feedback-policy\/","correctionsPolicy":"https:\/\/talkpal.ai\/corrections-policy\/","ethicsPolicy":"https:\/\/talkpal.ai\/ethics-policy\/","diversityPolicy":"https:\/\/talkpal.ai\/diversity-policy\/","diversityStaffingReport":"https:\/\/talkpal.ai\/diversity-policy\/"}]}},"_links":{"self":[{"href":"https:\/\/talkpal.ai\/fi\/wp-json\/wp\/v2\/pages\/141038","targetHints":{"allow":["GET"]}}],"collection":[{"href":"https:\/\/talkpal.ai\/fi\/wp-json\/wp\/v2\/pages"}],"about":[{"href":"https:\/\/talkpal.ai\/fi\/wp-json\/wp\/v2\/types\/page"}],"author":[{"embeddable":true,"href":"https:\/\/talkpal.ai\/fi\/wp-json\/wp\/v2\/users\/1"}],"replies":[{"embeddable":true,"href":"https:\/\/talkpal.ai\/fi\/wp-json\/wp\/v2\/comments?post=141038"}],"version-history":[{"count":0,"href":"https:\/\/talkpal.ai\/fi\/wp-json\/wp\/v2\/pages\/141038\/revisions"}],"wp:featuredmedia":[{"embeddable":true,"href":"https:\/\/talkpal.ai\/fi\/wp-json\/wp\/v2\/media\/28187"}],"wp:attachment":[{"href":"https:\/\/talkpal.ai\/fi\/wp-json\/wp\/v2\/media?parent=141038"}],"curies":[{"name":"wp","href":"https:\/\/api.w.org\/{rel}","templated":true}]}}