{"id":140730,"date":"2023-05-14T13:59:24","date_gmt":"2023-05-14T13:59:24","guid":{"rendered":"http:\/\/talkpal.ai\/afrikaansin-kielioppi\/"},"modified":"2025-05-22T19:04:50","modified_gmt":"2025-05-22T19:04:50","slug":"afrikaansin-kielioppi","status":"publish","type":"page","link":"https:\/\/talkpal.ai\/fi\/afrikaansin-kielioppi\/","title":{"rendered":"Afrikaansin kielioppi"},"content":{"rendered":"\r\n\r\n\r\n<section class=\"languageChallengeSection\">\r\n    <div class=\"languageInfoWrapper\">\r\n        \r\n        <h1>Afrikaansin kielioppi<\/h1>\r\n        <p>Tutustu afrikaansin suoraviivaiseen kauneuteen oppimalla sen keskeiset kielioppis\u00e4\u00e4nn\u00f6t. Afrikaansin kieliopin hallitseminen antaa sinulle mahdollisuuden kommunikoida tehokkaasti ja nauttia afrikaansin puhujien rikkaasta kulttuurista. Aloita afrikaansin kielioppimatkasi t\u00e4n\u00e4\u00e4n ja ota ensimm\u00e4inen askel kohti sujuvaa kielenk\u00e4ytt\u00f6\u00e4!<\/p>\r\n\r\n                            <a class=\"getStartedHidden\" href=\"https:\/\/app.talkpal.ai\/fi\/signup?lng=\">Aloita<\/a>\r\n        \r\n    <\/div>\r\n\r\n    <figure>\r\n    <img decoding=\"async\" width=\"768\" height=\"768\" src=\"https:\/\/talkpal.ai\/wp-content\/uploads\/2023\/06\/TalkPal-Afrikaans-768x768.png\" class=\"languageImage no-lazy\" alt=\"Default alt text\" fetchpriority=\"high\" sizes=\"(max-width: 768px) 150px, 768px\" srcset=\"https:\/\/talkpal.ai\/wp-content\/uploads\/2023\/06\/TalkPal-Afrikaans-768x768.png 768w, https:\/\/talkpal.ai\/wp-content\/uploads\/2023\/06\/TalkPal-Afrikaans-300x300.png 300w\" \/>\r\n    \r\n\r\n    <\/figure>\r\n\r\n            <a class=\"getStartedVisible\" href=\"https:\/\/app.talkpal.ai\/fi\/signup?lng=\">Aloita<\/a>\r\n    \r\n<\/section>\r\n        <section class=\"grammarSection\">\r\n            <div class=\"grammarLinks\">\r\n                <a href=\"https:\/\/talkpal.ai\/fi\/language\/adjektiivit-afrikaansin-kielioppi\/\">Adjektiivit <\/a><a href=\"https:\/\/talkpal.ai\/fi\/language\/adverbit-afrikaansin-kielioppi\/\">Adverbit <\/a><a href=\"https:\/\/talkpal.ai\/fi\/language\/aikamuodot-afrikaansin-kielioppi\/\">Aikamuodot <\/a><a href=\"https:\/\/talkpal.ai\/fi\/language\/aikamuotojen-vertailu-afrikaansin-kielioppi\/\">Aikamuotojen vertailu <\/a><a href=\"https:\/\/talkpal.ai\/fi\/language\/artikkelit-afrikaansin-kielioppi\/\">Artikkelit <\/a><a href=\"https:\/\/talkpal.ai\/fi\/language\/konditionaalit-afrikaansin-kielioppi\/\">Konditionaalit <\/a><a href=\"https:\/\/talkpal.ai\/fi\/language\/lauseet-afrikaansin-kielioppi\/\">Lauseet <\/a><a href=\"https:\/\/talkpal.ai\/fi\/language\/prepositiot-afrikaansin-kielioppi\/\">Prepositiot <\/a><a href=\"https:\/\/talkpal.ai\/fi\/language\/progressiivinen-afrikaansin-kielioppi\/\">Progressiivinen <\/a><a href=\"https:\/\/talkpal.ai\/fi\/language\/pronominit-determinerit-afrikaansin-kielioppi\/\">Pronominit\/Determinerit <\/a><a href=\"https:\/\/talkpal.ai\/fi\/language\/substantiivit-afrikaansin-kielioppi\/\">Substantiivit <\/a><a href=\"https:\/\/talkpal.ai\/fi\/language\/taydellinen-progressiivinen-afrikaansin-kielioppi\/\">T\u00e4ydellinen progressiivinen <\/a><a href=\"https:\/\/talkpal.ai\/fi\/language\/verbit-afrikaansin-kielioppi\/\">Verbit <\/a>            <\/div>\r\n        <\/section>\r\n    <section class=\"promotionalBanner\">\r\n    <p class=\"promotionalText\">Tehokkain tapa oppia kielt\u00e4<\/p>\r\n    <a class=\"promotionalLink\" href=\"https:\/\/app.talkpal.ai\/fi\/signup?lng=\">Kokeile Talkpal ilmaiseksi<\/a>\r\n<\/section>\n<div class=\"wp-block-group pageContainerStyle\"><div class=\"wp-block-group__inner-container is-layout-constrained wp-block-group-is-layout-constrained\">\n<h2 class=\"wp-block-heading\" id=\"h-mastering-afrikaans-grammar-your-ultimate-guide\">Afrikaansin kieliopin hallitseminen: perimm\u00e4inen opas<\/h2>\n\n\n\n<p><strong>Goeie dag<\/strong>, kielen harrastajat! Oletko valmis l\u00e4htem\u00e4\u00e4n matkalle afrikaansin kieliopin maailmaan? Olet tullut oikeaan paikkaan. T\u00e4m\u00e4 artikkeli on t\u00e4ynn\u00e4 helposti ymm\u00e4rrett\u00e4v\u00e4\u00e4 tietoa ja keskustelus\u00e4vy\u00e4, ja se opastaa sinut afrikaansin kieliopin kiehtovan alueen l\u00e4pi. Pian pystyt rakentamaan lauseita ja k\u00e4ym\u00e4\u00e4n mielekk\u00e4it\u00e4 keskusteluja \u00e4idinkielisten puhujien kanssa. Aloitetaan siis!<\/p>\n\n\n\n<p><strong>Mutta ensin, miksi afrikaansin kielioppi?<\/strong><\/p>\n\n\n\n<p>Jos opettelet afrikaansia, vahva kieliopin perusta on ratkaisevan t\u00e4rke\u00e4, jotta voit puhua, lukea ja kirjoittaa sujuvasti. Vaikka <a href=\"https:\/\/talkpal.ai\/es\/gramatica-afrikaans\/\">afrikaansin kielioppi<\/a> saattaa aluksi vaikuttaa monimutkaiselta, se on suhteellisen suoraviivaista, kun sen jakaa pienempiin, helpommin hallittaviin osiin. Aloitetaan siis matkasi kohti afrikaansin kieliopin hallintaa!<\/p>\n\n\n\n<h3 class=\"wp-block-heading\" id=\"h-1-nouns-gender-and-articles\">1. Substantiivit, sukupuoli ja artikkelit<\/h3>\n\n\n\n<p>Toisin kuin monilla muilla kielill\u00e4, afrikaansin substantiiveilla ei ole sukupuolta, mik\u00e4 tekee niist\u00e4 helpompia oppia. M\u00e4\u00e4r\u00e4ist\u00e4 artikkelia &#8221;die&#8221; (the) k\u00e4ytet\u00e4\u00e4n kaikista substantiiveista, kun taas m\u00e4\u00e4rittelem\u00e4tt\u00f6m\u00e4t artikkelit &#8221; &#8217;n &#8221; <a href=\"https:\/\/talkpal.ai\/learn-thai\/\">tai<\/a> &#8221;een&#8221; (a\/an) ovat my\u00f6s sukupuolineutraaleja.  <\/p>\n\n\n\n<p>Esimerkiksi:<\/p>\n\n\n\n<p>&#8211; die hond (koira)<\/p>\n\n\n\n<p>&#8211; &#8217;n hond (koira)<\/p>\n\n\n\n<h3 class=\"wp-block-heading\" id=\"h-2-adjectives\">2. Adjektiivit<\/h3>\n\n\n\n<p>Afrikaansissa adjektiivit tyypillisesti edelt\u00e4v\u00e4t substantiivia, jota ne muokkaavat ja sopivat substantiivin numeroon. Adjektiiveilla ei ole sukupuolisopimusta. Esimerkiksi:<\/p>\n\n\n\n<p>&#8211; &#8217;n groot huis (iso talo)<\/p>\n\n\n\n<p>&#8211; twee groot huise (kaksi suurta taloa)<\/p>\n\n\n\n<p>Jotkin adjektiivit vaativat lis\u00e4merkinn\u00e4n &#8221;-e&#8221;, kun ne kuvaavat monikossa olevaa substantiivia:<\/p>\n\n\n\n<p>&#8211; &#8217;n ou man (vanha mies)<\/p>\n\n\n\n<p>&#8211; twee ou manne (kaksi vanhaa miest\u00e4)<\/p>\n\n\n\n<h3 class=\"wp-block-heading\" id=\"h-3-verbs-and-tense\">3. Verbit ja j\u00e4nnitys<\/h3>\n\n\n\n<p>Afrikaansin verbit on suhteellisen helppo oppia, koska niit\u00e4 ei taivuteta lauseen aiheen perusteella. Afrikaansissa on my\u00f6s v\u00e4hemm\u00e4n aikamuotoja kuin monissa muissa kieliss\u00e4. Jotta saisit esimakua afrikaans-verbeist\u00e4, puhutaan nyt s\u00e4\u00e4nn\u00f6llisist\u00e4 verbeist\u00e4 preesensiss\u00e4:<\/p>\n\n\n\n<p>&#8211; Ek <a href=\"https:\/\/talkpal.ai\/locations\/language-courses-in-leer\/\">leer<\/a> (Min\u00e4 opin)<\/p>\n\n\n\n<p>&#8211; Jy\/u leer (opit, ep\u00e4virallinen\/virallinen)<\/p>\n\n\n\n<p>&#8211; Hy\/sy\/dit leer (h\u00e4n oppii)<\/p>\n\n\n\n<p>&#8211; Ons\/julle leer (me\/ te kaikki opimme)<\/p>\n\n\n\n<p>&#8211; Hulle leer (he oppivat)<\/p>\n\n\n\n<p>Muista, ett\u00e4 t\u00e4m\u00e4 on vain j\u00e4\u00e4vuoren huippu! Opintojen edetess\u00e4 kohtaat erilaisia muita aikamuotoja ja ep\u00e4s\u00e4\u00e4nn\u00f6llisi\u00e4 verbej\u00e4.<\/p>\n\n\n\n<h3 class=\"wp-block-heading\" id=\"h-4-pronouns-prepositions-and-more\">4. Pronominit, prepositiot ja paljon muuta!<\/h3>\n\n\n\n<p>Afrikaansin kielioppi sis\u00e4lt\u00e4\u00e4 muita komponentteja, kuten pronominit (ek, jy, hy, sy jne.), <a href=\"https:\/\/talkpal.ai\/fi\/grammar\/kohdan-kannadan-kieliopissa-prepositiot\/\">prepositiot<\/a> (in, op, met jne.) ja idiomaattiset lausekkeet. Kun opit kielt\u00e4, sinun on hallittava jokainen n\u00e4ist\u00e4 elementeist\u00e4, jotta osaat sujuvasti ja monipuolisesti.<\/p>\n\n\n\n<p>Yhteenvetona voidaan todeta, ett\u00e4 afrikaansin kieliopin hallitseminen vaatii sinnikkyytt\u00e4, harjoittelua ja k\u00e4rsiv\u00e4llisyytt\u00e4. Mutta kun olet oppinut kielen koukerot, olet hyv\u00e4ss\u00e4 vauhdissa keskustellessasi \u00e4idinkielisten puhujien kanssa, tutustuessasi afrikaansinkielisen maailman rikkaaseen kulttuuriin ja historiaan ja syvent\u00e4ess\u00e4si rakkauttasi kielt\u00e4 kohtaan. Sterkte (onnea)!<\/p>\n<\/div><\/div>\n\r\n<section class=\"learnNavigationSection\">\r\n            \r\n        <a href=\"https:\/\/talkpal.ai\/fi\/opi-afrikaansia\/\">\r\n            <div class=\"learnNavigationWrapper\">\r\n                <div class=\"learnNavigationContent\">\r\n                    <img decoding=\"async\" src=\"https:\/\/talkpal.ai\/wp-content\/uploads\/2024\/08\/Afrikaans.jpg\" alt=\"South Africa Flag\">\r\n                    <div>\r\n                        <h4>Afrikaansin oppimisesta<\/h4>\r\n                        <p>Tutustu afrikaansin kielioppiin.<\/p>\r\n                    <\/div>\r\n                <\/div>\r\n            <\/div>\r\n        <\/a>\r\n\r\n        \r\n        <a href=\"https:\/\/talkpal.ai\/fi\/afrikaansin-kielioppiharjoitukset\/\">\r\n            <div class=\"learnNavigationWrapper\">\r\n                <div class=\"learnNavigationContent\">\r\n                    <img decoding=\"async\" src=\"https:\/\/talkpal.ai\/wp-content\/uploads\/2024\/08\/Afrikaans.jpg\" alt=\"South Africa Flag\">\r\n                    <div>\r\n                        <h4>Afrikaansin kielioppiharjoitus<\/h4>\r\n                        <p>Harjoittele afrikaansin kielioppia.<\/p>\r\n                    <\/div>\r\n                <\/div>\r\n            <\/div>\r\n        <\/a>\r\n\r\n        \r\n        <a href=\"https:\/\/talkpal.ai\/vocabulary_language\/afrikaans\/\">\r\n            <div class=\"learnNavigationWrapper\">\r\n                <div class=\"learnNavigationContent\">\r\n                    <img decoding=\"async\" src=\"https:\/\/talkpal.ai\/wp-content\/uploads\/2024\/08\/Afrikaans.jpg\" alt=\"South Africa Flag\">\r\n                    <div>\r\n                        <h4>Afrikaansin sanasto<\/h4>\r\n                        <p>Laajenna afrikaansin sanavarastoasi.<\/p>\r\n                    <\/div>\r\n                <\/div>\r\n            <\/div>\r\n        <\/a>\r\n\r\n            <\/section>","protected":false},"excerpt":{"rendered":"<p>Afrikaansin kieliopin hallitseminen: perimm\u00e4inen opas Goeie dag, kielen harrastajat! Oletko valmis l\u00e4htem\u00e4\u00e4n matkalle afrikaansin kieliopin maailmaan? Olet tullut oikeaan paikkaan. T\u00e4m\u00e4 artikkeli on t\u00e4ynn\u00e4 helposti ymm\u00e4rrett\u00e4v\u00e4\u00e4 tietoa ja keskustelus\u00e4vy\u00e4, ja se opastaa sinut afrikaansin kieliopin kiehtovan alueen l\u00e4pi. Pian pystyt rakentamaan lauseita ja k\u00e4ym\u00e4\u00e4n mielekk\u00e4it\u00e4 keskusteluja \u00e4idinkielisten puhujien kanssa. Aloitetaan siis! Mutta ensin, miksi afrikaansin [&hellip;]<\/p>\n","protected":false},"author":1,"featured_media":28667,"parent":0,"menu_order":0,"comment_status":"closed","ping_status":"closed","template":"LearningContentPage.php","meta":{"_acf_changed":false,"footnotes":""},"class_list":["post-140730","page","type-page","status-publish","has-post-thumbnail","hentry"],"acf":[],"yoast_head":"<!-- This site is optimized with the Yoast SEO Premium plugin v27.2 (Yoast SEO v27.2) - https:\/\/yoast.com\/product\/yoast-seo-premium-wordpress\/ -->\n<title>Afrikaansin kielioppi - Talkpal<\/title>\n<meta name=\"description\" content=\"Tutustu afrikaansin kielioppiin aloittelijoille suunnatun oppaan avulla. Hallitse lauseiden rakentaminen ja lis\u00e4\u00e4 keskustelutaitojasi.\" \/>\n<meta name=\"robots\" content=\"index, follow, max-snippet:-1, max-image-preview:large, max-video-preview:-1\" \/>\n<link rel=\"canonical\" href=\"https:\/\/talkpal.ai\/fi\/afrikaansin-kielioppi\/\" \/>\n<meta property=\"og:locale\" content=\"fi_FI\" \/>\n<meta property=\"og:type\" content=\"article\" \/>\n<meta property=\"og:title\" content=\"Afrikaansin kielioppi\" \/>\n<meta property=\"og:description\" content=\"Afrikaansin kieliopin hallitseminen: perimm\u00e4inen opas Goeie dag, kielen harrastajat! Oletko valmis l\u00e4htem\u00e4\u00e4n matkalle afrikaansin kieliopin maailmaan?\" \/>\n<meta property=\"og:url\" content=\"https:\/\/talkpal.ai\/fi\/afrikaansin-kielioppi\/\" \/>\n<meta property=\"og:site_name\" content=\"Talkpal\" \/>\n<meta property=\"article:publisher\" content=\"https:\/\/www.facebook.com\/profile.php?id=100090733639311\" \/>\n<meta property=\"article:modified_time\" content=\"2025-05-22T19:04:50+00:00\" \/>\n<meta property=\"og:image\" content=\"https:\/\/talkpal.ai\/wp-content\/uploads\/2023\/05\/south-africa.png\" \/>\n\t<meta property=\"og:image:width\" content=\"512\" \/>\n\t<meta property=\"og:image:height\" content=\"512\" \/>\n\t<meta property=\"og:image:type\" content=\"image\/png\" \/>\n<meta name=\"twitter:card\" content=\"summary_large_image\" \/>\n<meta name=\"twitter:site\" content=\"@talkpalai\" \/>\n<meta name=\"twitter:label1\" content=\"Arvioitu lukuaika\" \/>\n\t<meta name=\"twitter:data1\" content=\"2 minuuttia\" \/>\n<script type=\"application\/ld+json\" class=\"yoast-schema-graph\">{\"@context\":\"https:\/\/schema.org\",\"@graph\":[{\"@type\":\"WebPage\",\"@id\":\"https:\/\/talkpal.ai\/fi\/afrikaansin-kielioppi\/\",\"url\":\"https:\/\/talkpal.ai\/fi\/afrikaansin-kielioppi\/\",\"name\":\"Afrikaansin kielioppi - Talkpal\",\"isPartOf\":{\"@id\":\"https:\/\/talkpal.ai\/fi\/#website\"},\"primaryImageOfPage\":{\"@id\":\"https:\/\/talkpal.ai\/fi\/afrikaansin-kielioppi\/#primaryimage\"},\"image\":{\"@id\":\"https:\/\/talkpal.ai\/fi\/afrikaansin-kielioppi\/#primaryimage\"},\"thumbnailUrl\":\"https:\/\/talkpal.ai\/wp-content\/uploads\/2023\/05\/south-africa.png\",\"datePublished\":\"2023-05-14T13:59:24+00:00\",\"dateModified\":\"2025-05-22T19:04:50+00:00\",\"description\":\"Tutustu afrikaansin kielioppiin aloittelijoille suunnatun oppaan avulla. Hallitse lauseiden rakentaminen ja lis\u00e4\u00e4 keskustelutaitojasi.\",\"breadcrumb\":{\"@id\":\"https:\/\/talkpal.ai\/fi\/afrikaansin-kielioppi\/#breadcrumb\"},\"inLanguage\":\"fi\",\"potentialAction\":[{\"@type\":\"ReadAction\",\"target\":[\"https:\/\/talkpal.ai\/fi\/afrikaansin-kielioppi\/\"]}]},{\"@type\":\"ImageObject\",\"inLanguage\":\"fi\",\"@id\":\"https:\/\/talkpal.ai\/fi\/afrikaansin-kielioppi\/#primaryimage\",\"url\":\"https:\/\/talkpal.ai\/wp-content\/uploads\/2023\/05\/south-africa.png\",\"contentUrl\":\"https:\/\/talkpal.ai\/wp-content\/uploads\/2023\/05\/south-africa.png\",\"width\":512,\"height\":512},{\"@type\":\"BreadcrumbList\",\"@id\":\"https:\/\/talkpal.ai\/fi\/afrikaansin-kielioppi\/#breadcrumb\",\"itemListElement\":[{\"@type\":\"ListItem\",\"position\":1,\"name\":\"Homepage\",\"item\":\"https:\/\/talkpal.ai\/fi\/\"},{\"@type\":\"ListItem\",\"position\":2,\"name\":\"Afrikaansin kielioppi\"}]},{\"@type\":\"WebSite\",\"@id\":\"https:\/\/talkpal.ai\/fi\/#website\",\"url\":\"https:\/\/talkpal.ai\/fi\/\",\"name\":\"Talkpal\",\"description\":\"AI Language Learning\",\"publisher\":{\"@id\":\"https:\/\/talkpal.ai\/fi\/#organization\"},\"alternateName\":\"Talkpal AI\",\"potentialAction\":[{\"@type\":\"SearchAction\",\"target\":{\"@type\":\"EntryPoint\",\"urlTemplate\":\"https:\/\/talkpal.ai\/fi\/?s={search_term_string}\"},\"query-input\":{\"@type\":\"PropertyValueSpecification\",\"valueRequired\":true,\"valueName\":\"search_term_string\"}}],\"inLanguage\":\"fi\"},{\"@type\":\"Organization\",\"@id\":\"https:\/\/talkpal.ai\/fi\/#organization\",\"name\":\"Talkpal, Inc.\",\"alternateName\":\"Talkpal AI\",\"url\":\"https:\/\/talkpal.ai\/fi\/\",\"logo\":{\"@type\":\"ImageObject\",\"inLanguage\":\"fi\",\"@id\":\"https:\/\/talkpal.ai\/fi\/#\/schema\/logo\/image\/\",\"url\":\"https:\/\/talkpal.ai\/wp-content\/uploads\/2024\/03\/Talkpal-Logo-Icon.png\",\"contentUrl\":\"https:\/\/talkpal.ai\/wp-content\/uploads\/2024\/03\/Talkpal-Logo-Icon.png\",\"width\":2880,\"height\":2880,\"caption\":\"Talkpal, Inc.\"},\"image\":{\"@id\":\"https:\/\/talkpal.ai\/fi\/#\/schema\/logo\/image\/\"},\"sameAs\":[\"https:\/\/www.facebook.com\/profile.php?id=100090733639311\",\"https:\/\/x.com\/talkpalai\",\"https:\/\/www.linkedin.com\/company\/talkpal\/\",\"https:\/\/www.youtube.com\/@TalkPal\/\",\"https:\/\/www.tiktok.com\/@talkpal\",\"https:\/\/www.instagram.com\/talkpal_ai\/\",\"https:\/\/www.crunchbase.com\/organization\/talkpal-9cde\",\"https:\/\/www.g2.com\/products\/talkpal-for-business\/\",\"https:\/\/www.trustpilot.com\/review\/talkpal.ai\",\"https:\/\/www.capterra.com\/p\/10006800\/TalkPal\/\"],\"description\":\"Talkpal is a language learning web and mobile education app, powered by the latest AI technologies, that provides engaging experiences to its customers in many different languages to help them improve their language skills. Users can chat about unlimited amount of topics with the app and use other modes to practice their language learning.\",\"email\":\"support@talkpal.ai\",\"legalName\":\"Talkpal, Inc.\",\"foundingDate\":\"2023-04-03\",\"duns\":\"118989042\",\"numberOfEmployees\":{\"@type\":\"QuantitativeValue\",\"minValue\":\"11\",\"maxValue\":\"50\"},\"publishingPrinciples\":\"https:\/\/talkpal.ai\/publishing-principles\/\",\"actionableFeedbackPolicy\":\"https:\/\/talkpal.ai\/actionable-feedback-policy\/\",\"correctionsPolicy\":\"https:\/\/talkpal.ai\/corrections-policy\/\",\"ethicsPolicy\":\"https:\/\/talkpal.ai\/ethics-policy\/\",\"diversityPolicy\":\"https:\/\/talkpal.ai\/diversity-policy\/\",\"diversityStaffingReport\":\"https:\/\/talkpal.ai\/diversity-policy\/\"}]}<\/script>\n<!-- \/ Yoast SEO Premium plugin. -->","yoast_head_json":{"title":"Afrikaansin kielioppi - Talkpal","description":"Tutustu afrikaansin kielioppiin aloittelijoille suunnatun oppaan avulla. Hallitse lauseiden rakentaminen ja lis\u00e4\u00e4 keskustelutaitojasi.","robots":{"index":"index","follow":"follow","max-snippet":"max-snippet:-1","max-image-preview":"max-image-preview:large","max-video-preview":"max-video-preview:-1"},"canonical":"https:\/\/talkpal.ai\/fi\/afrikaansin-kielioppi\/","og_locale":"fi_FI","og_type":"article","og_title":"Afrikaansin kielioppi","og_description":"Afrikaansin kieliopin hallitseminen: perimm\u00e4inen opas Goeie dag, kielen harrastajat! Oletko valmis l\u00e4htem\u00e4\u00e4n matkalle afrikaansin kieliopin maailmaan?","og_url":"https:\/\/talkpal.ai\/fi\/afrikaansin-kielioppi\/","og_site_name":"Talkpal","article_publisher":"https:\/\/www.facebook.com\/profile.php?id=100090733639311","article_modified_time":"2025-05-22T19:04:50+00:00","og_image":[{"width":512,"height":512,"url":"https:\/\/talkpal.ai\/wp-content\/uploads\/2023\/05\/south-africa.png","type":"image\/png"}],"twitter_card":"summary_large_image","twitter_site":"@talkpalai","twitter_misc":{"Arvioitu lukuaika":"2 minuuttia"},"schema":{"@context":"https:\/\/schema.org","@graph":[{"@type":"WebPage","@id":"https:\/\/talkpal.ai\/fi\/afrikaansin-kielioppi\/","url":"https:\/\/talkpal.ai\/fi\/afrikaansin-kielioppi\/","name":"Afrikaansin kielioppi - Talkpal","isPartOf":{"@id":"https:\/\/talkpal.ai\/fi\/#website"},"primaryImageOfPage":{"@id":"https:\/\/talkpal.ai\/fi\/afrikaansin-kielioppi\/#primaryimage"},"image":{"@id":"https:\/\/talkpal.ai\/fi\/afrikaansin-kielioppi\/#primaryimage"},"thumbnailUrl":"https:\/\/talkpal.ai\/wp-content\/uploads\/2023\/05\/south-africa.png","datePublished":"2023-05-14T13:59:24+00:00","dateModified":"2025-05-22T19:04:50+00:00","description":"Tutustu afrikaansin kielioppiin aloittelijoille suunnatun oppaan avulla. Hallitse lauseiden rakentaminen ja lis\u00e4\u00e4 keskustelutaitojasi.","breadcrumb":{"@id":"https:\/\/talkpal.ai\/fi\/afrikaansin-kielioppi\/#breadcrumb"},"inLanguage":"fi","potentialAction":[{"@type":"ReadAction","target":["https:\/\/talkpal.ai\/fi\/afrikaansin-kielioppi\/"]}]},{"@type":"ImageObject","inLanguage":"fi","@id":"https:\/\/talkpal.ai\/fi\/afrikaansin-kielioppi\/#primaryimage","url":"https:\/\/talkpal.ai\/wp-content\/uploads\/2023\/05\/south-africa.png","contentUrl":"https:\/\/talkpal.ai\/wp-content\/uploads\/2023\/05\/south-africa.png","width":512,"height":512},{"@type":"BreadcrumbList","@id":"https:\/\/talkpal.ai\/fi\/afrikaansin-kielioppi\/#breadcrumb","itemListElement":[{"@type":"ListItem","position":1,"name":"Homepage","item":"https:\/\/talkpal.ai\/fi\/"},{"@type":"ListItem","position":2,"name":"Afrikaansin kielioppi"}]},{"@type":"WebSite","@id":"https:\/\/talkpal.ai\/fi\/#website","url":"https:\/\/talkpal.ai\/fi\/","name":"Talkpal","description":"AI Language Learning","publisher":{"@id":"https:\/\/talkpal.ai\/fi\/#organization"},"alternateName":"Talkpal AI","potentialAction":[{"@type":"SearchAction","target":{"@type":"EntryPoint","urlTemplate":"https:\/\/talkpal.ai\/fi\/?s={search_term_string}"},"query-input":{"@type":"PropertyValueSpecification","valueRequired":true,"valueName":"search_term_string"}}],"inLanguage":"fi"},{"@type":"Organization","@id":"https:\/\/talkpal.ai\/fi\/#organization","name":"Talkpal, Inc.","alternateName":"Talkpal AI","url":"https:\/\/talkpal.ai\/fi\/","logo":{"@type":"ImageObject","inLanguage":"fi","@id":"https:\/\/talkpal.ai\/fi\/#\/schema\/logo\/image\/","url":"https:\/\/talkpal.ai\/wp-content\/uploads\/2024\/03\/Talkpal-Logo-Icon.png","contentUrl":"https:\/\/talkpal.ai\/wp-content\/uploads\/2024\/03\/Talkpal-Logo-Icon.png","width":2880,"height":2880,"caption":"Talkpal, Inc."},"image":{"@id":"https:\/\/talkpal.ai\/fi\/#\/schema\/logo\/image\/"},"sameAs":["https:\/\/www.facebook.com\/profile.php?id=100090733639311","https:\/\/x.com\/talkpalai","https:\/\/www.linkedin.com\/company\/talkpal\/","https:\/\/www.youtube.com\/@TalkPal\/","https:\/\/www.tiktok.com\/@talkpal","https:\/\/www.instagram.com\/talkpal_ai\/","https:\/\/www.crunchbase.com\/organization\/talkpal-9cde","https:\/\/www.g2.com\/products\/talkpal-for-business\/","https:\/\/www.trustpilot.com\/review\/talkpal.ai","https:\/\/www.capterra.com\/p\/10006800\/TalkPal\/"],"description":"Talkpal is a language learning web and mobile education app, powered by the latest AI technologies, that provides engaging experiences to its customers in many different languages to help them improve their language skills. Users can chat about unlimited amount of topics with the app and use other modes to practice their language learning.","email":"support@talkpal.ai","legalName":"Talkpal, Inc.","foundingDate":"2023-04-03","duns":"118989042","numberOfEmployees":{"@type":"QuantitativeValue","minValue":"11","maxValue":"50"},"publishingPrinciples":"https:\/\/talkpal.ai\/publishing-principles\/","actionableFeedbackPolicy":"https:\/\/talkpal.ai\/actionable-feedback-policy\/","correctionsPolicy":"https:\/\/talkpal.ai\/corrections-policy\/","ethicsPolicy":"https:\/\/talkpal.ai\/ethics-policy\/","diversityPolicy":"https:\/\/talkpal.ai\/diversity-policy\/","diversityStaffingReport":"https:\/\/talkpal.ai\/diversity-policy\/"}]}},"_links":{"self":[{"href":"https:\/\/talkpal.ai\/fi\/wp-json\/wp\/v2\/pages\/140730","targetHints":{"allow":["GET"]}}],"collection":[{"href":"https:\/\/talkpal.ai\/fi\/wp-json\/wp\/v2\/pages"}],"about":[{"href":"https:\/\/talkpal.ai\/fi\/wp-json\/wp\/v2\/types\/page"}],"author":[{"embeddable":true,"href":"https:\/\/talkpal.ai\/fi\/wp-json\/wp\/v2\/users\/1"}],"replies":[{"embeddable":true,"href":"https:\/\/talkpal.ai\/fi\/wp-json\/wp\/v2\/comments?post=140730"}],"version-history":[{"count":0,"href":"https:\/\/talkpal.ai\/fi\/wp-json\/wp\/v2\/pages\/140730\/revisions"}],"wp:featuredmedia":[{"embeddable":true,"href":"https:\/\/talkpal.ai\/fi\/wp-json\/wp\/v2\/media\/28667"}],"wp:attachment":[{"href":"https:\/\/talkpal.ai\/fi\/wp-json\/wp\/v2\/media?parent=140730"}],"curies":[{"name":"wp","href":"https:\/\/api.w.org\/{rel}","templated":true}]}}