{"id":140091,"date":"2023-05-14T13:53:48","date_gmt":"2023-05-14T13:53:48","guid":{"rendered":"http:\/\/talkpal.ai\/azerbaidzanin-kielioppi\/"},"modified":"2025-05-22T08:24:40","modified_gmt":"2025-05-22T08:24:40","slug":"azerbaidzanin-kielioppi","status":"publish","type":"page","link":"https:\/\/talkpal.ai\/fi\/azerbaidzanin-kielioppi\/","title":{"rendered":"Azerbaid\u017eanin kielioppi"},"content":{"rendered":"\r\n\r\n\r\n<section class=\"languageChallengeSection\">\r\n    <div class=\"languageInfoWrapper\">\r\n        \r\n        <h1>Azerbaid\u017eanin kielioppi<\/h1>\r\n        <p>Oletko valmis avaamaan <a href=\"https:\/\/talkpal.ai\/learn-azerbaijani\/\">Azerbaid\u017eanin<\/a> kielen kauneuden? Tutustu azerbaid\u017eanin kielioppiin ja l\u00f6yd\u00e4 sen ainutlaatuinen rakenne vokaalien harmoniasta ilmeikk\u00e4isiin verbimuotoihin. Aloita oppiminen jo t\u00e4n\u00e4\u00e4n ja koe, kuinka kieliopin hallinta todella avaa sinulle tien sujuvaan keskusteluun ja Azerbaid\u017eanin kulttuurin syvemp\u00e4\u00e4n ymm\u00e4rt\u00e4miseen!<\/p>\r\n\r\n                            <a class=\"getStartedHidden\" href=\"https:\/\/app.talkpal.ai\/fi\/signup?lng=\">Aloita<\/a>\r\n        \r\n    <\/div>\r\n\r\n    <figure>\r\n    <img decoding=\"async\" width=\"768\" height=\"768\" src=\"https:\/\/talkpal.ai\/wp-content\/uploads\/2023\/06\/azerbaijani-768x768.png\" class=\"languageImage no-lazy\" alt=\"Default alt text\" fetchpriority=\"high\" sizes=\"(max-width: 768px) 150px, 768px\" srcset=\"https:\/\/talkpal.ai\/wp-content\/uploads\/2023\/06\/azerbaijani-768x768.png 768w, https:\/\/talkpal.ai\/wp-content\/uploads\/2023\/06\/azerbaijani-300x300.png 300w\" \/>\r\n    \r\n\r\n    <\/figure>\r\n\r\n            <a class=\"getStartedVisible\" href=\"https:\/\/app.talkpal.ai\/fi\/signup?lng=\">Aloita<\/a>\r\n    \r\n<\/section>\r\n        <section class=\"grammarSection\">\r\n            <div class=\"grammarLinks\">\r\n                <a href=\"https:\/\/talkpal.ai\/fi\/language\/adjektiivit-azerbaidzanin-kielioppi\/\">Adjektiivit <\/a><a href=\"https:\/\/talkpal.ai\/fi\/language\/adverbit-azerbaidzanin-kielioppi\/\">Adverbit <\/a><a href=\"https:\/\/talkpal.ai\/fi\/language\/aikamuodot-azerbaidzanin-kielioppi\/\">Aikamuodot <\/a><a href=\"https:\/\/talkpal.ai\/fi\/language\/aikamuotojen-vertailu-azerbaidzanin-kielioppi\/\">Aikamuotojen vertailu <\/a><a href=\"https:\/\/talkpal.ai\/fi\/language\/artikkelit-azerbaidzanin-kielioppi\/\">Artikkelit <\/a><a href=\"https:\/\/talkpal.ai\/fi\/language\/konditionaalit-azerbaidzanin-kielioppi\/\">Konditionaalit <\/a><a href=\"https:\/\/talkpal.ai\/fi\/language\/lauseet-azerbaidzanin-kielioppi\/\">Lauseet <\/a><a href=\"https:\/\/talkpal.ai\/fi\/language\/prepositiot-azerbaidzanin-kielioppi\/\">Prepositiot <\/a><a href=\"https:\/\/talkpal.ai\/fi\/language\/progressiivinen-azerbaidzanin-kielioppi\/\">Progressiivinen <\/a><a href=\"https:\/\/talkpal.ai\/fi\/language\/pronominit-determinerit-azerbaidzanin-kielioppi\/\">Pronominit\/Determinerit <\/a><a href=\"https:\/\/talkpal.ai\/fi\/language\/substantiivit-azerbaidzanin-kielioppi\/\">Substantiivit <\/a><a href=\"https:\/\/talkpal.ai\/fi\/language\/taydellinen-progressiivinen-azerbaidzanin-kielioppi\/\">T\u00e4ydellinen progressiivinen <\/a><a href=\"https:\/\/talkpal.ai\/fi\/language\/verbit-azerbaidzanin-kielioppi\/\">Verbit <\/a>            <\/div>\r\n        <\/section>\r\n    <section class=\"promotionalBanner\">\r\n    <p class=\"promotionalText\">Tehokkain tapa oppia kielt\u00e4<\/p>\r\n    <a class=\"promotionalLink\" href=\"https:\/\/app.talkpal.ai\/fi\/signup?lng=\">Kokeile Talkpal ilmaiseksi<\/a>\r\n<\/section>\n<div class=\"wp-block-group pageContainerStyle\"><div class=\"wp-block-group__inner-container is-layout-constrained wp-block-group-is-layout-constrained\">\n<h2 class=\"wp-block-heading\" id=\"h-a-comprehensive-guide-to-azerbaijani-grammar\">Kattava opas Azerbaid\u017eanin kielioppiin<\/h2>\n\n\n\n<p>Oletko koskaan ajatellut oppia Azerbaid\u017eania? Azerbaid\u017eanin virallisena kielen\u00e4 ja miljoonien ihmisten puhumana Kaukasuksen alueella Azerbaid\u017eani on ainutlaatuinen ja kiehtova kieli. Azerbaid\u017eanilla on rikas historia, monipuolinen kulttuuri ja sekoitus vaikutteita turkkilaisista, ven\u00e4l\u00e4isist\u00e4 ja persialaisista kielist\u00e4, ja se tarjoaa ainutlaatuisen kielikokemuksen. Mutta \u00e4l\u00e4 pelk\u00e4\u00e4, yst\u00e4v\u00e4ni! T\u00e4ss\u00e4 artikkelissa paljastamme Azerbaid\u017eanin kieliopin ihmeet ja teemme siit\u00e4 saavutettavan ja uskallan sanoa, nautittavan kaltaisillesi kielten harrastajille.<\/p>\n\n\n\n<p><strong>Aloitetaanko?<\/strong><\/p>\n\n\n\n<h3 class=\"wp-block-heading\" id=\"h-1-the-azerbaijani-alphabet-a-fusion-of-beauty-and-simplicity\">1. Azerbaid\u017eanin aakkoset: kauneuden ja yksinkertaisuuden fuusio<\/h3>\n\n\n\n<p>Azerbaid\u017eanin aakkoset perustuvat latinalaiseen kirjoitukseen, joka koostuu 32 kirjaimesta. \u00c4l\u00e4 huoli, sinun ei tarvitse tulkita kryptisi\u00e4 merkkej\u00e4, sill\u00e4 se muistuttaa l\u00e4heisesti englantilaisia aakkosia. Joissakin kirjaimissa on kuitenkin ainutlaatuisia aksentteja ja diakriittisi\u00e4 merkkej\u00e4, jotka edustavat tiettyj\u00e4 Azerbaid\u017eanin \u00e4\u00e4ni\u00e4. Mik\u00e4 on t\u00e4rkein asia? Aakkosten hallitseminen on ensimm\u00e4inen pieni mutta v\u00e4ltt\u00e4m\u00e4t\u00f6n askel kielen oppimisessa.<\/p>\n\n\n\n<h3 class=\"wp-block-heading\" id=\"h-2-word-order-simple-as-s-o-v\">2. Sanaj\u00e4rjestys: yksinkertainen kuin S-O-V!<\/h3>\n\n\n\n<p>Toisin kuin <a href=\"https:\/\/talkpal.ai\/learn-english-with-ai\/\">englanti<\/a>, joka noudattaa subjekti-verbi-objekti (SVO) -sanaj\u00e4rjestyst\u00e4, Azerbaid\u017eani on SOV-kieli. T\u00e4m\u00e4 tarkoittaa, ett\u00e4 subjekti l\u00f6ytyy yleens\u00e4 lauseen alusta, jota seuraa objekti ja joka p\u00e4\u00e4ttyy verbiin. T\u00e4m\u00e4 saattaa aluksi tuntua hieman oudolta, mutta usko minua, opit sen hetkess\u00e4! Esimerkiksi englanniksi sanomme &#8221;I love Azerbaijan&#8221;. Azerbaid\u017eanin kielell\u00e4 lause olisi &#8221;M\u0259n Az\u0259rbaycan\u0131 sevir\u0259m&#8221; (kirjaimellisesti &#8221;Min\u00e4 Azerbaid\u017eanilainen rakastan&#8221;). Pala kakkua, eik\u00f6?<\/p>\n\n\n\n<h3 class=\"wp-block-heading\" id=\"h-3-noun-cases-a-colorful-display-of-linguistic-variety\">3. Substantiivikotelot: v\u00e4rik\u00e4s esitys kielellisest\u00e4 monimuotoisuudesta<\/h3>\n\n\n\n<p>Yksi Azerbaid\u017eanin kieliopin silmiinpist\u00e4vimmist\u00e4 piirteist\u00e4 on sen substantiivitapaukset. Kielell\u00e4 on kuusi erillist\u00e4 tapausta, joista jokaisella on tietty teht\u00e4v\u00e4. N\u00e4m\u00e4 ovat: nominatiivi, genetiivi, datiivi, akkusatiivi, lokatiivi ja ablatiivi. Se saattaa kuulostaa pelottavalta, mutta \u00e4l\u00e4 pelk\u00e4\u00e4! Aivan kuten kuvan maalaaminen eri v\u00e4reill\u00e4, n\u00e4m\u00e4 tapaukset lis\u00e4\u00e4v\u00e4t lauseiden syvyytt\u00e4 ja merkityst\u00e4. Esimerkiksi &#8221;kitab&#8221; (kirja) voi muuttua &#8221;kitab\u0131n&#8221; (kirjan) muotoon v\u00e4litt\u00e4\u00e4kseen hallussapitoa. Kun v\u00e4hitellen tutustut n\u00e4ihin tapauksiin, alat ymm\u00e4rt\u00e4\u00e4 niiden merkityksen kieless\u00e4.<\/p>\n\n\n\n<h3 class=\"wp-block-heading\" id=\"h-4-verb-conjugation-express-yourself-with-ease\">4. Verbitaivutus: ilmaise itse\u00e4si helposti<\/h3>\n\n\n\n<p>Azerbaid\u017eanin verbit ovat rikkaita ja ilmeikk\u00e4it\u00e4, joten voit v\u00e4litt\u00e4\u00e4 monenlaisia toimia, tunteita, aikomuksia ja paljon muuta. Avain azerbaid\u017eanilaisen verbin taivutuksen hallitsemiseen on ymm\u00e4rt\u00e4\u00e4 infinitiivimuoto (verbin perusmuoto, taivuttamaton muoto) ja erilaiset suffiksit, jotka ilmaisevat aikamuotoa, henkil\u00f6\u00e4 ja numeroa. Esimerkiksi infinitiivist\u00e4 &#8221;g\u00f6rm\u0259k&#8221; (n\u00e4hd\u00e4) voi tulla &#8221;g\u00f6r\u00fcr\u0259m&#8221; (n\u00e4en) <a href=\"https:\/\/talkpal.ai\/learn-thai\/\">tai<\/a> &#8221;g\u00f6rd\u00fcm&#8221; (n\u00e4in) konjugaation taikuuden avulla. Harjoittelu tekee mestarin, joten jatka harjoittelua, niin sinusta tulee verbien taivuttamisen taituri hetkess\u00e4!<\/p>\n\n\n\n<h3 class=\"wp-block-heading\" id=\"h-5-it-s-all-about-the-context-dig-deep-into-the-azerbaijani-mindset\">5. Kyse on kontekstista: Kaiva syv\u00e4lle Azerbaid\u017eanin ajattelutapaan!<\/h3>\n\n\n\n<p>Kun alat koota lauseita ja uppoutua azerbaid\u017eanin kieleen, pid\u00e4 aina mieless\u00e4, ett\u00e4 konteksti on ratkaisevan t\u00e4rke\u00e4. Azerbaid\u017eanin kulttuurilla, historialla ja maailmankatsomuksella on suuri rooli kielen muotoutumisessa. Siksi, kuten sanotaan, &#8221;kun olet Roomassa, tee niin kuin roomalaiset tekev\u00e4t&#8221;. Sukella Azerbaid\u017eanin ajattelutapaan saadaksesi todellisen k\u00e4sityksen kielest\u00e4. <a href=\"https:\/\/talkpal.ai\/contact\/\">Ota yhteytt\u00e4<\/a> \u00e4idinkielen\u00e4\u00e4n puhuviin, tutustu paikalliseen kirjallisuuteen ja omaksu kielen erityispiirteet. Usko minua, et ainoastaan paranna kielitaitoasi, vaan saat my\u00f6s unohtumattomia kokemuksia ja muistoja.<\/p>\n\n\n\n<p><a href=\"https:\/\/talkpal.ai\/azerbaijani-grammar\/\">Azerbaid\u017eanin kielioppi<\/a> saattaa aluksi tuntua haastavalta, mutta omistautumalla, harjoittelemalla ja kiinnostumalla kulttuurista sinusta tulee ammattilainen hetkess\u00e4! Joten miksi odottaa? Ota askel ja aloita t\u00e4m\u00e4 j\u00e4nnitt\u00e4v\u00e4 kieliseikkailu, joka j\u00e4tt\u00e4\u00e4 sinut h\u00e4mm\u00e4stym\u00e4\u00e4n Azerbaid\u017eanin kielen kauneudesta ja syvyydest\u00e4.<\/p>\n<\/div><\/div>\n\r\n<section class=\"learnNavigationSection\">\r\n            \r\n        <a href=\"https:\/\/talkpal.ai\/fi\/opi-azerbaidzanin-kieli\/\">\r\n            <div class=\"learnNavigationWrapper\">\r\n                <div class=\"learnNavigationContent\">\r\n                    <img decoding=\"async\" src=\"https:\/\/talkpal.ai\/wp-content\/uploads\/2024\/08\/Azerbaijani.jpg\" alt=\"Azerbaijani Flag\">\r\n                    <div>\r\n                        <h4>Tietoa Azerbaid\u017eanin oppimisesta<\/h4>\r\n                        <p>Lue kaikki Azerbaid\u017eanin kieliopista.<\/p>\r\n                    <\/div>\r\n                <\/div>\r\n            <\/div>\r\n        <\/a>\r\n\r\n        \r\n        <a href=\"https:\/\/talkpal.ai\/fi\/azerbaidzanin-kielioppiharjoitukset\/\">\r\n            <div class=\"learnNavigationWrapper\">\r\n                <div class=\"learnNavigationContent\">\r\n                    <img decoding=\"async\" src=\"https:\/\/talkpal.ai\/wp-content\/uploads\/2024\/08\/Azerbaijani.jpg\" alt=\"Azerbaijani Flag\">\r\n                    <div>\r\n                        <h4>Azerbaid\u017eanin kielioppiharjoitus<\/h4>\r\n                        <p>Harjoittele Azerbaid\u017eanin kielioppia.<\/p>\r\n                    <\/div>\r\n                <\/div>\r\n            <\/div>\r\n        <\/a>\r\n\r\n        \r\n        <a href=\"https:\/\/talkpal.ai\/vocabulary_language\/azerbaijani\/\">\r\n            <div class=\"learnNavigationWrapper\">\r\n                <div class=\"learnNavigationContent\">\r\n                    <img decoding=\"async\" src=\"https:\/\/talkpal.ai\/wp-content\/uploads\/2024\/08\/Azerbaijani.jpg\" alt=\"Azerbaijani Flag\">\r\n                    <div>\r\n                        <h4>Azerbaid\u017eanin sanasto<\/h4>\r\n                        <p>Laajenna Azerbaid\u017eanin sanavarastoasi.<\/p>\r\n                    <\/div>\r\n                <\/div>\r\n            <\/div>\r\n        <\/a>\r\n\r\n            <\/section>","protected":false},"excerpt":{"rendered":"<p>Kattava opas Azerbaid\u017eanin kielioppiin Oletko koskaan ajatellut oppia Azerbaid\u017eania? Azerbaid\u017eanin virallisena kielen\u00e4 ja miljoonien ihmisten puhumana Kaukasuksen alueella Azerbaid\u017eani on ainutlaatuinen ja kiehtova kieli. Azerbaid\u017eanilla on rikas historia, monipuolinen kulttuuri ja sekoitus vaikutteita turkkilaisista, ven\u00e4l\u00e4isist\u00e4 ja persialaisista kielist\u00e4, ja se tarjoaa ainutlaatuisen kielikokemuksen. Mutta \u00e4l\u00e4 pelk\u00e4\u00e4, yst\u00e4v\u00e4ni! T\u00e4ss\u00e4 artikkelissa paljastamme Azerbaid\u017eanin kieliopin ihmeet ja teemme [&hellip;]<\/p>\n","protected":false},"author":1,"featured_media":28155,"parent":0,"menu_order":0,"comment_status":"closed","ping_status":"closed","template":"LearningContentPage.php","meta":{"_acf_changed":false,"footnotes":""},"class_list":["post-140091","page","type-page","status-publish","has-post-thumbnail","hentry"],"acf":[],"yoast_head":"<!-- This site is optimized with the Yoast SEO Premium plugin v27.2 (Yoast SEO v27.2) - https:\/\/yoast.com\/product\/yoast-seo-premium-wordpress\/ -->\n<title>Azerbaid\u017eanin kielioppi - Talkpal<\/title>\n<meta name=\"description\" content=\"Hallitse Azerbaid\u017eanin kielioppi vaivattomasti seuraavien avulla Talkpal, teko\u00e4lyavusteinen opettajasi. Tutustu helppoihin selityksiin, interaktiivisiin harjoituksiin ja k\u00e4yt\u00e4nn\u00f6n vinkkeihin.\" \/>\n<meta name=\"robots\" content=\"index, follow, max-snippet:-1, max-image-preview:large, max-video-preview:-1\" \/>\n<link rel=\"canonical\" href=\"https:\/\/talkpal.ai\/fi\/azerbaidzanin-kielioppi\/\" \/>\n<meta property=\"og:locale\" content=\"fi_FI\" \/>\n<meta property=\"og:type\" content=\"article\" \/>\n<meta property=\"og:title\" content=\"Azerbaid\u017eanin kielioppi\" \/>\n<meta property=\"og:description\" content=\"Kattava opas Azerbaid\u017eanin kielioppiin Oletko koskaan ajatellut oppia Azerbaid\u017eania? Azerbaid\u017eanin virallisena kielen\u00e4 ja miljoonien ihmisten puhumana\" \/>\n<meta property=\"og:url\" content=\"https:\/\/talkpal.ai\/fi\/azerbaidzanin-kielioppi\/\" \/>\n<meta property=\"og:site_name\" content=\"Talkpal\" \/>\n<meta property=\"article:publisher\" content=\"https:\/\/www.facebook.com\/profile.php?id=100090733639311\" \/>\n<meta property=\"article:modified_time\" content=\"2025-05-22T08:24:40+00:00\" \/>\n<meta property=\"og:image\" content=\"https:\/\/talkpal.ai\/wp-content\/uploads\/2023\/05\/azerbaijan.png\" \/>\n\t<meta property=\"og:image:width\" content=\"512\" \/>\n\t<meta property=\"og:image:height\" content=\"512\" \/>\n\t<meta property=\"og:image:type\" content=\"image\/png\" \/>\n<meta name=\"twitter:card\" content=\"summary_large_image\" \/>\n<meta name=\"twitter:site\" content=\"@talkpalai\" \/>\n<meta name=\"twitter:label1\" content=\"Arvioitu lukuaika\" \/>\n\t<meta name=\"twitter:data1\" content=\"3 minuuttia\" \/>\n<script type=\"application\/ld+json\" class=\"yoast-schema-graph\">{\"@context\":\"https:\/\/schema.org\",\"@graph\":[{\"@type\":\"WebPage\",\"@id\":\"https:\/\/talkpal.ai\/fi\/azerbaidzanin-kielioppi\/\",\"url\":\"https:\/\/talkpal.ai\/fi\/azerbaidzanin-kielioppi\/\",\"name\":\"Azerbaid\u017eanin kielioppi - Talkpal\",\"isPartOf\":{\"@id\":\"https:\/\/talkpal.ai\/fi\/#website\"},\"primaryImageOfPage\":{\"@id\":\"https:\/\/talkpal.ai\/fi\/azerbaidzanin-kielioppi\/#primaryimage\"},\"image\":{\"@id\":\"https:\/\/talkpal.ai\/fi\/azerbaidzanin-kielioppi\/#primaryimage\"},\"thumbnailUrl\":\"https:\/\/talkpal.ai\/wp-content\/uploads\/2023\/05\/azerbaijan.png\",\"datePublished\":\"2023-05-14T13:53:48+00:00\",\"dateModified\":\"2025-05-22T08:24:40+00:00\",\"description\":\"Hallitse Azerbaid\u017eanin kielioppi vaivattomasti seuraavien avulla Talkpal, teko\u00e4lyavusteinen opettajasi. Tutustu helppoihin selityksiin, interaktiivisiin harjoituksiin ja k\u00e4yt\u00e4nn\u00f6n vinkkeihin.\",\"breadcrumb\":{\"@id\":\"https:\/\/talkpal.ai\/fi\/azerbaidzanin-kielioppi\/#breadcrumb\"},\"inLanguage\":\"fi\",\"potentialAction\":[{\"@type\":\"ReadAction\",\"target\":[\"https:\/\/talkpal.ai\/fi\/azerbaidzanin-kielioppi\/\"]}]},{\"@type\":\"ImageObject\",\"inLanguage\":\"fi\",\"@id\":\"https:\/\/talkpal.ai\/fi\/azerbaidzanin-kielioppi\/#primaryimage\",\"url\":\"https:\/\/talkpal.ai\/wp-content\/uploads\/2023\/05\/azerbaijan.png\",\"contentUrl\":\"https:\/\/talkpal.ai\/wp-content\/uploads\/2023\/05\/azerbaijan.png\",\"width\":512,\"height\":512},{\"@type\":\"BreadcrumbList\",\"@id\":\"https:\/\/talkpal.ai\/fi\/azerbaidzanin-kielioppi\/#breadcrumb\",\"itemListElement\":[{\"@type\":\"ListItem\",\"position\":1,\"name\":\"Homepage\",\"item\":\"https:\/\/talkpal.ai\/fi\/\"},{\"@type\":\"ListItem\",\"position\":2,\"name\":\"Azerbaid\u017eanin kielioppi\"}]},{\"@type\":\"WebSite\",\"@id\":\"https:\/\/talkpal.ai\/fi\/#website\",\"url\":\"https:\/\/talkpal.ai\/fi\/\",\"name\":\"Talkpal\",\"description\":\"AI Language Learning\",\"publisher\":{\"@id\":\"https:\/\/talkpal.ai\/fi\/#organization\"},\"alternateName\":\"Talkpal AI\",\"potentialAction\":[{\"@type\":\"SearchAction\",\"target\":{\"@type\":\"EntryPoint\",\"urlTemplate\":\"https:\/\/talkpal.ai\/fi\/?s={search_term_string}\"},\"query-input\":{\"@type\":\"PropertyValueSpecification\",\"valueRequired\":true,\"valueName\":\"search_term_string\"}}],\"inLanguage\":\"fi\"},{\"@type\":\"Organization\",\"@id\":\"https:\/\/talkpal.ai\/fi\/#organization\",\"name\":\"Talkpal, Inc.\",\"alternateName\":\"Talkpal AI\",\"url\":\"https:\/\/talkpal.ai\/fi\/\",\"logo\":{\"@type\":\"ImageObject\",\"inLanguage\":\"fi\",\"@id\":\"https:\/\/talkpal.ai\/fi\/#\/schema\/logo\/image\/\",\"url\":\"https:\/\/talkpal.ai\/wp-content\/uploads\/2024\/03\/Talkpal-Logo-Icon.png\",\"contentUrl\":\"https:\/\/talkpal.ai\/wp-content\/uploads\/2024\/03\/Talkpal-Logo-Icon.png\",\"width\":2880,\"height\":2880,\"caption\":\"Talkpal, Inc.\"},\"image\":{\"@id\":\"https:\/\/talkpal.ai\/fi\/#\/schema\/logo\/image\/\"},\"sameAs\":[\"https:\/\/www.facebook.com\/profile.php?id=100090733639311\",\"https:\/\/x.com\/talkpalai\",\"https:\/\/www.linkedin.com\/company\/talkpal\/\",\"https:\/\/www.youtube.com\/@TalkPal\/\",\"https:\/\/www.tiktok.com\/@talkpal\",\"https:\/\/www.instagram.com\/talkpal_ai\/\",\"https:\/\/www.crunchbase.com\/organization\/talkpal-9cde\",\"https:\/\/www.g2.com\/products\/talkpal-for-business\/\",\"https:\/\/www.trustpilot.com\/review\/talkpal.ai\",\"https:\/\/www.capterra.com\/p\/10006800\/TalkPal\/\"],\"description\":\"Talkpal is a language learning web and mobile education app, powered by the latest AI technologies, that provides engaging experiences to its customers in many different languages to help them improve their language skills. Users can chat about unlimited amount of topics with the app and use other modes to practice their language learning.\",\"email\":\"support@talkpal.ai\",\"legalName\":\"Talkpal, Inc.\",\"foundingDate\":\"2023-04-03\",\"duns\":\"118989042\",\"numberOfEmployees\":{\"@type\":\"QuantitativeValue\",\"minValue\":\"11\",\"maxValue\":\"50\"},\"publishingPrinciples\":\"https:\/\/talkpal.ai\/publishing-principles\/\",\"actionableFeedbackPolicy\":\"https:\/\/talkpal.ai\/actionable-feedback-policy\/\",\"correctionsPolicy\":\"https:\/\/talkpal.ai\/corrections-policy\/\",\"ethicsPolicy\":\"https:\/\/talkpal.ai\/ethics-policy\/\",\"diversityPolicy\":\"https:\/\/talkpal.ai\/diversity-policy\/\",\"diversityStaffingReport\":\"https:\/\/talkpal.ai\/diversity-policy\/\"}]}<\/script>\n<!-- \/ Yoast SEO Premium plugin. -->","yoast_head_json":{"title":"Azerbaid\u017eanin kielioppi - Talkpal","description":"Hallitse Azerbaid\u017eanin kielioppi vaivattomasti seuraavien avulla Talkpal, teko\u00e4lyavusteinen opettajasi. Tutustu helppoihin selityksiin, interaktiivisiin harjoituksiin ja k\u00e4yt\u00e4nn\u00f6n vinkkeihin.","robots":{"index":"index","follow":"follow","max-snippet":"max-snippet:-1","max-image-preview":"max-image-preview:large","max-video-preview":"max-video-preview:-1"},"canonical":"https:\/\/talkpal.ai\/fi\/azerbaidzanin-kielioppi\/","og_locale":"fi_FI","og_type":"article","og_title":"Azerbaid\u017eanin kielioppi","og_description":"Kattava opas Azerbaid\u017eanin kielioppiin Oletko koskaan ajatellut oppia Azerbaid\u017eania? Azerbaid\u017eanin virallisena kielen\u00e4 ja miljoonien ihmisten puhumana","og_url":"https:\/\/talkpal.ai\/fi\/azerbaidzanin-kielioppi\/","og_site_name":"Talkpal","article_publisher":"https:\/\/www.facebook.com\/profile.php?id=100090733639311","article_modified_time":"2025-05-22T08:24:40+00:00","og_image":[{"width":512,"height":512,"url":"https:\/\/talkpal.ai\/wp-content\/uploads\/2023\/05\/azerbaijan.png","type":"image\/png"}],"twitter_card":"summary_large_image","twitter_site":"@talkpalai","twitter_misc":{"Arvioitu lukuaika":"3 minuuttia"},"schema":{"@context":"https:\/\/schema.org","@graph":[{"@type":"WebPage","@id":"https:\/\/talkpal.ai\/fi\/azerbaidzanin-kielioppi\/","url":"https:\/\/talkpal.ai\/fi\/azerbaidzanin-kielioppi\/","name":"Azerbaid\u017eanin kielioppi - Talkpal","isPartOf":{"@id":"https:\/\/talkpal.ai\/fi\/#website"},"primaryImageOfPage":{"@id":"https:\/\/talkpal.ai\/fi\/azerbaidzanin-kielioppi\/#primaryimage"},"image":{"@id":"https:\/\/talkpal.ai\/fi\/azerbaidzanin-kielioppi\/#primaryimage"},"thumbnailUrl":"https:\/\/talkpal.ai\/wp-content\/uploads\/2023\/05\/azerbaijan.png","datePublished":"2023-05-14T13:53:48+00:00","dateModified":"2025-05-22T08:24:40+00:00","description":"Hallitse Azerbaid\u017eanin kielioppi vaivattomasti seuraavien avulla Talkpal, teko\u00e4lyavusteinen opettajasi. Tutustu helppoihin selityksiin, interaktiivisiin harjoituksiin ja k\u00e4yt\u00e4nn\u00f6n vinkkeihin.","breadcrumb":{"@id":"https:\/\/talkpal.ai\/fi\/azerbaidzanin-kielioppi\/#breadcrumb"},"inLanguage":"fi","potentialAction":[{"@type":"ReadAction","target":["https:\/\/talkpal.ai\/fi\/azerbaidzanin-kielioppi\/"]}]},{"@type":"ImageObject","inLanguage":"fi","@id":"https:\/\/talkpal.ai\/fi\/azerbaidzanin-kielioppi\/#primaryimage","url":"https:\/\/talkpal.ai\/wp-content\/uploads\/2023\/05\/azerbaijan.png","contentUrl":"https:\/\/talkpal.ai\/wp-content\/uploads\/2023\/05\/azerbaijan.png","width":512,"height":512},{"@type":"BreadcrumbList","@id":"https:\/\/talkpal.ai\/fi\/azerbaidzanin-kielioppi\/#breadcrumb","itemListElement":[{"@type":"ListItem","position":1,"name":"Homepage","item":"https:\/\/talkpal.ai\/fi\/"},{"@type":"ListItem","position":2,"name":"Azerbaid\u017eanin kielioppi"}]},{"@type":"WebSite","@id":"https:\/\/talkpal.ai\/fi\/#website","url":"https:\/\/talkpal.ai\/fi\/","name":"Talkpal","description":"AI Language Learning","publisher":{"@id":"https:\/\/talkpal.ai\/fi\/#organization"},"alternateName":"Talkpal AI","potentialAction":[{"@type":"SearchAction","target":{"@type":"EntryPoint","urlTemplate":"https:\/\/talkpal.ai\/fi\/?s={search_term_string}"},"query-input":{"@type":"PropertyValueSpecification","valueRequired":true,"valueName":"search_term_string"}}],"inLanguage":"fi"},{"@type":"Organization","@id":"https:\/\/talkpal.ai\/fi\/#organization","name":"Talkpal, Inc.","alternateName":"Talkpal AI","url":"https:\/\/talkpal.ai\/fi\/","logo":{"@type":"ImageObject","inLanguage":"fi","@id":"https:\/\/talkpal.ai\/fi\/#\/schema\/logo\/image\/","url":"https:\/\/talkpal.ai\/wp-content\/uploads\/2024\/03\/Talkpal-Logo-Icon.png","contentUrl":"https:\/\/talkpal.ai\/wp-content\/uploads\/2024\/03\/Talkpal-Logo-Icon.png","width":2880,"height":2880,"caption":"Talkpal, Inc."},"image":{"@id":"https:\/\/talkpal.ai\/fi\/#\/schema\/logo\/image\/"},"sameAs":["https:\/\/www.facebook.com\/profile.php?id=100090733639311","https:\/\/x.com\/talkpalai","https:\/\/www.linkedin.com\/company\/talkpal\/","https:\/\/www.youtube.com\/@TalkPal\/","https:\/\/www.tiktok.com\/@talkpal","https:\/\/www.instagram.com\/talkpal_ai\/","https:\/\/www.crunchbase.com\/organization\/talkpal-9cde","https:\/\/www.g2.com\/products\/talkpal-for-business\/","https:\/\/www.trustpilot.com\/review\/talkpal.ai","https:\/\/www.capterra.com\/p\/10006800\/TalkPal\/"],"description":"Talkpal is a language learning web and mobile education app, powered by the latest AI technologies, that provides engaging experiences to its customers in many different languages to help them improve their language skills. Users can chat about unlimited amount of topics with the app and use other modes to practice their language learning.","email":"support@talkpal.ai","legalName":"Talkpal, Inc.","foundingDate":"2023-04-03","duns":"118989042","numberOfEmployees":{"@type":"QuantitativeValue","minValue":"11","maxValue":"50"},"publishingPrinciples":"https:\/\/talkpal.ai\/publishing-principles\/","actionableFeedbackPolicy":"https:\/\/talkpal.ai\/actionable-feedback-policy\/","correctionsPolicy":"https:\/\/talkpal.ai\/corrections-policy\/","ethicsPolicy":"https:\/\/talkpal.ai\/ethics-policy\/","diversityPolicy":"https:\/\/talkpal.ai\/diversity-policy\/","diversityStaffingReport":"https:\/\/talkpal.ai\/diversity-policy\/"}]}},"_links":{"self":[{"href":"https:\/\/talkpal.ai\/fi\/wp-json\/wp\/v2\/pages\/140091","targetHints":{"allow":["GET"]}}],"collection":[{"href":"https:\/\/talkpal.ai\/fi\/wp-json\/wp\/v2\/pages"}],"about":[{"href":"https:\/\/talkpal.ai\/fi\/wp-json\/wp\/v2\/types\/page"}],"author":[{"embeddable":true,"href":"https:\/\/talkpal.ai\/fi\/wp-json\/wp\/v2\/users\/1"}],"replies":[{"embeddable":true,"href":"https:\/\/talkpal.ai\/fi\/wp-json\/wp\/v2\/comments?post=140091"}],"version-history":[{"count":0,"href":"https:\/\/talkpal.ai\/fi\/wp-json\/wp\/v2\/pages\/140091\/revisions"}],"wp:featuredmedia":[{"embeddable":true,"href":"https:\/\/talkpal.ai\/fi\/wp-json\/wp\/v2\/media\/28155"}],"wp:attachment":[{"href":"https:\/\/talkpal.ai\/fi\/wp-json\/wp\/v2\/media?parent=140091"}],"curies":[{"name":"wp","href":"https:\/\/api.w.org\/{rel}","templated":true}]}}