{"id":139826,"date":"2023-05-14T13:52:49","date_gmt":"2023-05-14T13:52:49","guid":{"rendered":"http:\/\/talkpal.ai\/venajan-kielioppi\/"},"modified":"2025-12-13T15:18:06","modified_gmt":"2025-12-13T15:18:06","slug":"venajan-kielioppi","status":"publish","type":"page","link":"https:\/\/talkpal.ai\/fi\/venajan-kielioppi\/","title":{"rendered":"Ven\u00e4j\u00e4n kielioppi"},"content":{"rendered":"\r\n\r\n\r\n<section class=\"languageChallengeSection\">\r\n    <div class=\"languageInfoWrapper\">\r\n        \r\n        <h1>Ven\u00e4j\u00e4n kielioppi<\/h1>\r\n        <p>Aloita seikkailusi ven\u00e4j\u00e4n kielen parissa ja avaa ovet rikkaaseen kulttuuriin ja historiaan. Ven\u00e4j\u00e4n kieliopin ja sanaston hallitseminen parantaa matka-, ura- ja viestint\u00e4mahdollisuuksiasi. Aloita ven\u00e4j\u00e4n kielen opiskelu jo t\u00e4n\u00e4\u00e4n ja ota ensimm\u00e4inen askel kohti sujuvuutta!\n\n<\/p>\r\n\r\n                            <a class=\"getStartedHidden\" href=\"https:\/\/app.talkpal.ai\/fi\/signup?lng=\">Aloita<\/a>\r\n        \r\n    <\/div>\r\n\r\n    <figure>\r\n    <img decoding=\"async\" width=\"768\" height=\"768\" src=\"https:\/\/talkpal.ai\/wp-content\/uploads\/2023\/06\/russian-768x768.png\" class=\"languageImage no-lazy\" alt=\"Default alt text\" fetchpriority=\"high\" sizes=\"(max-width: 768px) 150px, 768px\" srcset=\"https:\/\/talkpal.ai\/wp-content\/uploads\/2023\/06\/russian-768x768.png 768w, https:\/\/talkpal.ai\/wp-content\/uploads\/2023\/06\/russian-300x300.png 300w\" \/>\r\n    \r\n\r\n    <\/figure>\r\n\r\n            <a class=\"getStartedVisible\" href=\"https:\/\/app.talkpal.ai\/fi\/signup?lng=\">Aloita<\/a>\r\n    \r\n<\/section>\r\n        <section class=\"grammarSection\">\r\n            <div class=\"grammarLinks\">\r\n                <a href=\"https:\/\/talkpal.ai\/fi\/language\/adjektiivit-venajan-kielioppi\/\">Adjektiivit <\/a><a href=\"https:\/\/talkpal.ai\/fi\/language\/adverbit-venajan-kielioppi\/\">Adverbit <\/a><a href=\"https:\/\/talkpal.ai\/fi\/language\/aikamuodot-konjunktiivi-venajan-kielioppi\/\">Aikamuodot Konjunktiivi <\/a><a href=\"https:\/\/talkpal.ai\/fi\/language\/aikamuotojen-vertailu-venajan-kielioppi\/\">Aikamuotojen vertailu <\/a><a href=\"https:\/\/talkpal.ai\/fi\/language\/artikkelit-venajan-kielioppi\/\">Artikkelit <\/a><a href=\"https:\/\/talkpal.ai\/fi\/language\/indikatiiviset-aikamuodot-venajan-kielioppi\/\">Indikatiiviset aikamuodot <\/a><a href=\"https:\/\/talkpal.ai\/fi\/language\/lauserakenne-venajan-kielioppi\/\">Lauserakenne <\/a><a href=\"https:\/\/talkpal.ai\/fi\/language\/prepositiot-venajan-kielioppi\/\">Prepositiot <\/a><a href=\"https:\/\/talkpal.ai\/fi\/language\/pronominit-venajan-kielioppi\/\">Pronominit <\/a><a href=\"https:\/\/talkpal.ai\/fi\/language\/substantiivit-venajan-kielioppi\/\">Substantiivit <\/a><a href=\"https:\/\/talkpal.ai\/fi\/language\/verbit-venajan-kielioppi\/\">Verbit <\/a>            <\/div>\r\n        <\/section>\r\n    <section class=\"promotionalBanner\">\r\n    <p class=\"promotionalText\">Tehokkain tapa oppia kielt\u00e4<\/p>\r\n    <a class=\"promotionalLink\" href=\"https:\/\/app.talkpal.ai\/fi\/signup?lng=\">Kokeile Talkpal ilmaiseksi<\/a>\r\n<\/section>\n<div class=\"wp-block-group pageContainerStyle\"><div class=\"wp-block-group__inner-container is-layout-constrained wp-block-group-is-layout-constrained\">\n<h1 class=\"wp-block-heading\" id=\"h-russian-grammar-unlock-the-secrets-to-mastering-russian\">Ven\u00e4j\u00e4n kielioppi: avaa ven\u00e4j\u00e4n kielen hallinnan salaisuudet<\/h1>\n\n\n\n<p>Onnittelut rohkeasta askeleesta kohti ven\u00e4j\u00e4n oppimista! Yli 258 miljoonalla puhujalla ymp\u00e4ri maailmaa <a href=\"https:\/\/talkpal.ai\/learn-russian\/\">ven\u00e4j\u00e4<\/a> on kiehtova ja palkitseva kieli, joka tarjoaa tietoa rikkaasta kulttuurista ja historiasta. Mit\u00e4 tulee ven\u00e4j\u00e4n kielioppiin, se voi tuntua pelottavalta, mutta \u00e4l\u00e4 pelk\u00e4\u00e4! T\u00e4m\u00e4 yst\u00e4v\u00e4llinen, aloittelijoille suunnattu opas esittelee ven\u00e4j\u00e4n kieliopin keskeiset asiat yksinkertaisella ja mukaansatempaavalla tavalla.<\/p>\n\n\n\n<h3 class=\"wp-block-heading\" id=\"h-1-the-russian-alphabet-your-starting-point\">1. Ven\u00e4j\u00e4n aakkoset: l\u00e4ht\u00f6kohtasi<\/h3>\n\n\n\n<p>Avain ven\u00e4j\u00e4n kieliopin navigointiin on kyrillisen aakkosen hallinta. 33 kirjainta, 10 vokaalia ja 21 konsonanttia muodostavat perustan kielen lukemiselle, kirjoittamiselle ja ymm\u00e4rt\u00e4miselle. Aakkosiin tutustuminen luo vankan pohjan ven\u00e4j\u00e4n kielioppitaitojen kehitt\u00e4miselle.<\/p>\n\n\n\n<h3 class=\"wp-block-heading\" id=\"h-2-nouns-and-cases-the-core-of-russian-grammar\">2. Substantiivit ja tapaukset: Ven\u00e4j\u00e4n kieliopin ydin<\/h3>\n\n\n\n<p><a href=\"https:\/\/talkpal.ai\/fi\/grammar\/kysymyksia-venajan-kielioppissa\/\">Ven\u00e4j\u00e4n kielioppi<\/a> korostaa tapausten k\u00e4ytt\u00f6\u00e4 merkityksen ja kontekstin v\u00e4litt\u00e4miseksi. Kuudessa tapauksessa &#8211; nominatiivi, genetiivi, datiivi, akkusatiivi, instrumentaali ja prepositionaalinen &#8211; ven\u00e4l\u00e4iset substantiivit muuttavat p\u00e4\u00e4tteit\u00e4\u00e4n osoittamaan teht\u00e4v\u00e4ns\u00e4 lauseessa. Siksi sanaj\u00e4rjestys muuttuu v\u00e4hemm\u00e4n kriittiseksi kuin englanniksi. Esimerkiksi:<\/p>\n\n\n\n<p><a href=\"https:\/\/talkpal.ai\/learn-english-with-ai\/\">Englanti<\/a>: Annan kirjan yst\u00e4v\u00e4lleni.<\/p>\n\n\n\n<p><a href=\"https:\/\/talkpal.ai\/learn-russian\/\">Ven\u00e4j\u00e4<\/a>: \u042f \u0434\u0430\u044e \u0434\u0440\u0443\u0433\u0443 \u043a\u043d\u0438\u0433\u0443 (Ya dayu drugu knigu)<\/p>\n\n\n\n<p>T\u00e4ss\u00e4 sanat &#8221;\u0434\u0440\u0443\u0433\u0443&#8221; (yst\u00e4v\u00e4lle) ja &#8221;\u043a\u043d\u0438\u0433\u0443&#8221; (kirja) ovat vastaavasti datiivissa ja akkusatiivissa.<\/p>\n\n\n\n<h3 class=\"wp-block-heading\" id=\"h-3-mastering-gender-and-plurals\">3. Sukupuolen ja monikon hallitseminen<\/h3>\n\n\n\n<p>Ven\u00e4j\u00e4n kieliopissa substantiiveille annetaan yksi kolmesta sukupuolesta: maskuliininen, naisellinen <a href=\"https:\/\/talkpal.ai\/learn-thai\/\">tai<\/a> neutri. Substantiivin loppu ilmaisee tyypillisesti sen sukupuolen:<\/p>\n\n\n\n<p>&#8211; Maskuliininen: p\u00e4\u00e4ttyy konsonanttiin tai &#8221;-\u0439&#8221;.<\/p>\n\n\n\n<p>&#8211; Feminiini: p\u00e4\u00e4ttyy &#8221;-\u0430&#8221; tai &#8221;-\u044f&#8221;.<\/p>\n\n\n\n<p>&#8211; Neutraali: p\u00e4\u00e4ttyy &#8221;-\u043e&#8221; tai &#8221;-\u0435&#8221;.<\/p>\n\n\n\n<p>Monikon muodostamiseksi substantiivien p\u00e4\u00e4tteet muuttuvat sukupuolen ja tapauksen mukaan.<\/p>\n\n\n\n<h3 class=\"wp-block-heading\" id=\"h-4-conquer-verb-conjugation\">4. Valloita verbien taivutus<\/h3>\n\n\n\n<p>Kuten monet kielet, ven\u00e4j\u00e4n verbit muuttavat muotoa (taivutusta) j\u00e4nnityksen, henkil\u00f6n ja numeron perusteella. Ven\u00e4j\u00e4n verbit tulevat my\u00f6s kahteen n\u00e4k\u00f6kohtaan: t\u00e4ydellinen ja imperfektiivinen. Perfektiivinen aspekti merkitsee suoritettua toimintaa, kun taas imperfektiivinen aspekti viittaa jatkuviin tai tavanomaisiin toimiin.<\/p>\n\n\n\n<p>Aluksi keskity ymm\u00e4rt\u00e4m\u00e4\u00e4n imperfektiivisten verbien preesens-taivutus ja molempien n\u00e4k\u00f6kohtien mennyt aikamuoto. Esimerkiksi:<\/p>\n\n\n\n<p>Nykyhetki (imperfekti): \u042f \u0447\u0438\u0442\u0430\u044e (Ya chitayu) &#8211; &#8221;Min\u00e4 luen&#8221; tai &#8221;Min\u00e4 luen&#8221;.<\/p>\n\n\n\n<p><a href=\"https:\/\/talkpal.ai\/fi\/grammar\/mennyt-aika-kreikan-kielioppissa\/\">Mennyt aika<\/a> (imperfekti): \u042f \u0447\u0438\u0442\u0430\u043b (Ya chital) &#8211; &#8221;Min\u00e4 luin&#8221;.<\/p>\n\n\n\n<p>Mennyt aika (perfekti): \u042f \u043f\u0440\u043e\u0447\u0438\u0442\u0430\u043b (Ya prochital) &#8211; &#8221;Olen lukenut&#8221; tai &#8221;Olen lukenut (ja lopettanut)&#8221;.<\/p>\n\n\n\n<h3 class=\"wp-block-heading\" id=\"h-5-embrace-russian-pronouns\">5. Omaksu ven\u00e4l\u00e4iset pronominit<\/h3>\n\n\n\n<p>Ven\u00e4j\u00e4n kieliopin pronominit korvaavat substantiivit ja ovat ratkaisevan t\u00e4rkeit\u00e4 sujuvan puheen kannalta. Sukella oppimaan persoona- ja possessiivipronomineja, kuten:<\/p>\n\n\n\n<p>Persoonapronominit: \u044f (I), \u0442\u044b (sin\u00e4, ep\u00e4virallinen), \u043e\u043d\/\u043e\u043d\u0430\/\u043e\u043d\u043e (he\/she\/it), \u0432\u044b (sin\u00e4, muodollinen tai monikko), \u043c\u044b (me), \u043e\u043d\u0438 (he)<\/p>\n\n\n\n<p>Possessiivipronominit: \u043c\u043e\u0439\/\u043c\u043e\u044f\/\u043c\u043e\u0451 (my), \u0442\u0432\u043e\u0439\/\u0442\u0432\u043e\u044f\/\u0442\u0432\u043e\u0451 (sinun, ep\u00e4virallinen), \u0435\u0433\u043e\/\u0435\u0451\/\u0438\u0445 (h\u00e4nen\/heid\u00e4n), \u0432\u0430\u0448\/\u0432\u0430\u0448\u0430\/\u0432\u0430\u0448\u0435 (sinun, muodollinen tai monikko), \u043d\u0430\u0448\/\u043d\u0430\u0448\u0430\/\u043d\u0430\u0448\u0435 (meid\u00e4n)<\/p>\n\n\n\n<p>\u00c4l\u00e4 unohda, ett\u00e4 ven\u00e4j\u00e4n kielen pronominien on oltava samaa sukupuolta kuin substantiivi, jonka ne korvaavat.<\/p>\n\n\n\n<p>Onnittelen! Olet ottanut ensimm\u00e4iset askeleet kohti ven\u00e4j\u00e4n kieliopin monimutkaisuutta. Muista, ett\u00e4 harjoittelu on keskeist\u00e4, joten syvenny kieleen, <a href=\"https:\/\/talkpal.ai\/contact\/\">ota yhteytt\u00e4<\/a> \u00e4idinkielen\u00e4\u00e4n puhuviin ja vahvista oppimisperustaasi. \u0423\u0434\u0430\u0447\u0438! (Onnea!)<\/p>\n<\/div><\/div>\n\r\n<section class=\"learnNavigationSection\">\r\n            \r\n        <a href=\"https:\/\/talkpal.ai\/fi\/opi-venajaa\/\">\r\n            <div class=\"learnNavigationWrapper\">\r\n                <div class=\"learnNavigationContent\">\r\n                    <img decoding=\"async\" src=\"https:\/\/talkpal.ai\/wp-content\/uploads\/2024\/08\/Russian.jpg\" alt=\"Russian Flag\">\r\n                    <div>\r\n                        <h4>Tietoa ven\u00e4j\u00e4n kielen oppimisesta<\/h4>\r\n                        <p>Tutustu ven\u00e4j\u00e4n kielioppiin.<\/p>\r\n                    <\/div>\r\n                <\/div>\r\n            <\/div>\r\n        <\/a>\r\n\r\n        \r\n        <a href=\"https:\/\/talkpal.ai\/fi\/venajan-kielioppiharjoitukset\/\">\r\n            <div class=\"learnNavigationWrapper\">\r\n                <div class=\"learnNavigationContent\">\r\n                    <img decoding=\"async\" src=\"https:\/\/talkpal.ai\/wp-content\/uploads\/2024\/08\/Russian.jpg\" alt=\"Russian Flag\">\r\n                    <div>\r\n                        <h4>Ven\u00e4j\u00e4n kielioppi Harjoitus<\/h4>\r\n                        <p>Harjoittele ven\u00e4j\u00e4n kielioppia.<\/p>\r\n                    <\/div>\r\n                <\/div>\r\n            <\/div>\r\n        <\/a>\r\n\r\n        \r\n        <a href=\"https:\/\/talkpal.ai\/vocabulary_language\/russian\/\">\r\n            <div class=\"learnNavigationWrapper\">\r\n                <div class=\"learnNavigationContent\">\r\n                    <img decoding=\"async\" src=\"https:\/\/talkpal.ai\/wp-content\/uploads\/2024\/08\/Russian.jpg\" alt=\"Russian Flag\">\r\n                    <div>\r\n                        <h4>Ven\u00e4j\u00e4n sanastoa<\/h4>\r\n                        <p>Laajenna ven\u00e4j\u00e4n kielen sanavarastoasi.<\/p>\r\n                    <\/div>\r\n                <\/div>\r\n            <\/div>\r\n        <\/a>\r\n\r\n            <\/section>","protected":false},"excerpt":{"rendered":"<p>Ven\u00e4j\u00e4n kielioppi: avaa ven\u00e4j\u00e4n kielen hallinnan salaisuudet Onnittelut rohkeasta askeleesta kohti ven\u00e4j\u00e4n oppimista! Yli 258 miljoonalla puhujalla ymp\u00e4ri maailmaa ven\u00e4j\u00e4 on kiehtova ja palkitseva kieli, joka tarjoaa tietoa rikkaasta kulttuurista ja historiasta. Mit\u00e4 tulee ven\u00e4j\u00e4n kielioppiin, se voi tuntua pelottavalta, mutta \u00e4l\u00e4 pelk\u00e4\u00e4! T\u00e4m\u00e4 yst\u00e4v\u00e4llinen, aloittelijoille suunnattu opas esittelee ven\u00e4j\u00e4n kieliopin keskeiset asiat yksinkertaisella ja [&hellip;]<\/p>\n","protected":false},"author":1,"featured_media":11599,"parent":0,"menu_order":0,"comment_status":"closed","ping_status":"closed","template":"LearningContentPage.php","meta":{"_acf_changed":false,"footnotes":""},"class_list":["post-139826","page","type-page","status-publish","has-post-thumbnail","hentry"],"acf":[],"yoast_head":"<!-- This site is optimized with the Yoast SEO Premium plugin v27.2 (Yoast SEO v27.2) - https:\/\/yoast.com\/product\/yoast-seo-premium-wordpress\/ -->\n<title>Ven\u00e4j\u00e4n kielioppi - Talkpal<\/title>\n<meta name=\"description\" content=\"Tutustu ven\u00e4j\u00e4n kieliopin maailmaan aloittelijan oppaamme avulla. Opettele kyrilliset aakkoset ja kehit\u00e4 kielitaitoasi.\" \/>\n<meta name=\"robots\" content=\"index, follow, max-snippet:-1, max-image-preview:large, max-video-preview:-1\" \/>\n<link rel=\"canonical\" href=\"https:\/\/talkpal.ai\/fi\/venajan-kielioppi\/\" \/>\n<meta property=\"og:locale\" content=\"fi_FI\" \/>\n<meta property=\"og:type\" content=\"article\" \/>\n<meta property=\"og:title\" content=\"Ven\u00e4j\u00e4n kielioppi\" \/>\n<meta property=\"og:description\" content=\"Ven\u00e4j\u00e4n kielioppi: avaa ven\u00e4j\u00e4n kielen hallinnan salaisuudet Onnittelut rohkeasta askeleesta kohti ven\u00e4j\u00e4n oppimista! Yli 258 miljoonalla puhujalla ymp\u00e4ri\" \/>\n<meta property=\"og:url\" content=\"https:\/\/talkpal.ai\/fi\/venajan-kielioppi\/\" \/>\n<meta property=\"og:site_name\" content=\"Talkpal\" \/>\n<meta property=\"article:publisher\" content=\"https:\/\/www.facebook.com\/profile.php?id=100090733639311\" \/>\n<meta property=\"article:modified_time\" content=\"2025-12-13T15:18:06+00:00\" \/>\n<meta property=\"og:image\" content=\"https:\/\/talkpal.ai\/wp-content\/uploads\/2023\/04\/rusia.png\" \/>\n\t<meta property=\"og:image:width\" content=\"512\" \/>\n\t<meta property=\"og:image:height\" content=\"512\" \/>\n\t<meta property=\"og:image:type\" content=\"image\/png\" \/>\n<meta name=\"twitter:card\" content=\"summary_large_image\" \/>\n<meta name=\"twitter:site\" content=\"@talkpalai\" \/>\n<meta name=\"twitter:label1\" content=\"Arvioitu lukuaika\" \/>\n\t<meta name=\"twitter:data1\" content=\"2 minuuttia\" \/>\n<script type=\"application\/ld+json\" class=\"yoast-schema-graph\">{\"@context\":\"https:\/\/schema.org\",\"@graph\":[{\"@type\":\"WebPage\",\"@id\":\"https:\/\/talkpal.ai\/fi\/venajan-kielioppi\/\",\"url\":\"https:\/\/talkpal.ai\/fi\/venajan-kielioppi\/\",\"name\":\"Ven\u00e4j\u00e4n kielioppi - Talkpal\",\"isPartOf\":{\"@id\":\"https:\/\/talkpal.ai\/fi\/#website\"},\"primaryImageOfPage\":{\"@id\":\"https:\/\/talkpal.ai\/fi\/venajan-kielioppi\/#primaryimage\"},\"image\":{\"@id\":\"https:\/\/talkpal.ai\/fi\/venajan-kielioppi\/#primaryimage\"},\"thumbnailUrl\":\"https:\/\/talkpal.ai\/wp-content\/uploads\/2023\/04\/rusia.png\",\"datePublished\":\"2023-05-14T13:52:49+00:00\",\"dateModified\":\"2025-12-13T15:18:06+00:00\",\"description\":\"Tutustu ven\u00e4j\u00e4n kieliopin maailmaan aloittelijan oppaamme avulla. Opettele kyrilliset aakkoset ja kehit\u00e4 kielitaitoasi.\",\"breadcrumb\":{\"@id\":\"https:\/\/talkpal.ai\/fi\/venajan-kielioppi\/#breadcrumb\"},\"inLanguage\":\"fi\",\"potentialAction\":[{\"@type\":\"ReadAction\",\"target\":[\"https:\/\/talkpal.ai\/fi\/venajan-kielioppi\/\"]}]},{\"@type\":\"ImageObject\",\"inLanguage\":\"fi\",\"@id\":\"https:\/\/talkpal.ai\/fi\/venajan-kielioppi\/#primaryimage\",\"url\":\"https:\/\/talkpal.ai\/wp-content\/uploads\/2023\/04\/rusia.png\",\"contentUrl\":\"https:\/\/talkpal.ai\/wp-content\/uploads\/2023\/04\/rusia.png\",\"width\":512,\"height\":512},{\"@type\":\"BreadcrumbList\",\"@id\":\"https:\/\/talkpal.ai\/fi\/venajan-kielioppi\/#breadcrumb\",\"itemListElement\":[{\"@type\":\"ListItem\",\"position\":1,\"name\":\"Homepage\",\"item\":\"https:\/\/talkpal.ai\/fi\/\"},{\"@type\":\"ListItem\",\"position\":2,\"name\":\"Ven\u00e4j\u00e4n kielioppi\"}]},{\"@type\":\"WebSite\",\"@id\":\"https:\/\/talkpal.ai\/fi\/#website\",\"url\":\"https:\/\/talkpal.ai\/fi\/\",\"name\":\"Talkpal\",\"description\":\"AI Language Learning\",\"publisher\":{\"@id\":\"https:\/\/talkpal.ai\/fi\/#organization\"},\"alternateName\":\"Talkpal AI\",\"potentialAction\":[{\"@type\":\"SearchAction\",\"target\":{\"@type\":\"EntryPoint\",\"urlTemplate\":\"https:\/\/talkpal.ai\/fi\/?s={search_term_string}\"},\"query-input\":{\"@type\":\"PropertyValueSpecification\",\"valueRequired\":true,\"valueName\":\"search_term_string\"}}],\"inLanguage\":\"fi\"},{\"@type\":\"Organization\",\"@id\":\"https:\/\/talkpal.ai\/fi\/#organization\",\"name\":\"Talkpal, Inc.\",\"alternateName\":\"Talkpal AI\",\"url\":\"https:\/\/talkpal.ai\/fi\/\",\"logo\":{\"@type\":\"ImageObject\",\"inLanguage\":\"fi\",\"@id\":\"https:\/\/talkpal.ai\/fi\/#\/schema\/logo\/image\/\",\"url\":\"https:\/\/talkpal.ai\/wp-content\/uploads\/2024\/03\/Talkpal-Logo-Icon.png\",\"contentUrl\":\"https:\/\/talkpal.ai\/wp-content\/uploads\/2024\/03\/Talkpal-Logo-Icon.png\",\"width\":2880,\"height\":2880,\"caption\":\"Talkpal, Inc.\"},\"image\":{\"@id\":\"https:\/\/talkpal.ai\/fi\/#\/schema\/logo\/image\/\"},\"sameAs\":[\"https:\/\/www.facebook.com\/profile.php?id=100090733639311\",\"https:\/\/x.com\/talkpalai\",\"https:\/\/www.linkedin.com\/company\/talkpal\/\",\"https:\/\/www.youtube.com\/@TalkPal\/\",\"https:\/\/www.tiktok.com\/@talkpal\",\"https:\/\/www.instagram.com\/talkpal_ai\/\",\"https:\/\/www.crunchbase.com\/organization\/talkpal-9cde\",\"https:\/\/www.g2.com\/products\/talkpal-for-business\/\",\"https:\/\/www.trustpilot.com\/review\/talkpal.ai\",\"https:\/\/www.capterra.com\/p\/10006800\/TalkPal\/\"],\"description\":\"Talkpal is a language learning web and mobile education app, powered by the latest AI technologies, that provides engaging experiences to its customers in many different languages to help them improve their language skills. Users can chat about unlimited amount of topics with the app and use other modes to practice their language learning.\",\"email\":\"support@talkpal.ai\",\"legalName\":\"Talkpal, Inc.\",\"foundingDate\":\"2023-04-03\",\"duns\":\"118989042\",\"numberOfEmployees\":{\"@type\":\"QuantitativeValue\",\"minValue\":\"11\",\"maxValue\":\"50\"},\"publishingPrinciples\":\"https:\/\/talkpal.ai\/publishing-principles\/\",\"actionableFeedbackPolicy\":\"https:\/\/talkpal.ai\/actionable-feedback-policy\/\",\"correctionsPolicy\":\"https:\/\/talkpal.ai\/corrections-policy\/\",\"ethicsPolicy\":\"https:\/\/talkpal.ai\/ethics-policy\/\",\"diversityPolicy\":\"https:\/\/talkpal.ai\/diversity-policy\/\",\"diversityStaffingReport\":\"https:\/\/talkpal.ai\/diversity-policy\/\"}]}<\/script>\n<!-- \/ Yoast SEO Premium plugin. -->","yoast_head_json":{"title":"Ven\u00e4j\u00e4n kielioppi - Talkpal","description":"Tutustu ven\u00e4j\u00e4n kieliopin maailmaan aloittelijan oppaamme avulla. Opettele kyrilliset aakkoset ja kehit\u00e4 kielitaitoasi.","robots":{"index":"index","follow":"follow","max-snippet":"max-snippet:-1","max-image-preview":"max-image-preview:large","max-video-preview":"max-video-preview:-1"},"canonical":"https:\/\/talkpal.ai\/fi\/venajan-kielioppi\/","og_locale":"fi_FI","og_type":"article","og_title":"Ven\u00e4j\u00e4n kielioppi","og_description":"Ven\u00e4j\u00e4n kielioppi: avaa ven\u00e4j\u00e4n kielen hallinnan salaisuudet Onnittelut rohkeasta askeleesta kohti ven\u00e4j\u00e4n oppimista! Yli 258 miljoonalla puhujalla ymp\u00e4ri","og_url":"https:\/\/talkpal.ai\/fi\/venajan-kielioppi\/","og_site_name":"Talkpal","article_publisher":"https:\/\/www.facebook.com\/profile.php?id=100090733639311","article_modified_time":"2025-12-13T15:18:06+00:00","og_image":[{"width":512,"height":512,"url":"https:\/\/talkpal.ai\/wp-content\/uploads\/2023\/04\/rusia.png","type":"image\/png"}],"twitter_card":"summary_large_image","twitter_site":"@talkpalai","twitter_misc":{"Arvioitu lukuaika":"2 minuuttia"},"schema":{"@context":"https:\/\/schema.org","@graph":[{"@type":"WebPage","@id":"https:\/\/talkpal.ai\/fi\/venajan-kielioppi\/","url":"https:\/\/talkpal.ai\/fi\/venajan-kielioppi\/","name":"Ven\u00e4j\u00e4n kielioppi - Talkpal","isPartOf":{"@id":"https:\/\/talkpal.ai\/fi\/#website"},"primaryImageOfPage":{"@id":"https:\/\/talkpal.ai\/fi\/venajan-kielioppi\/#primaryimage"},"image":{"@id":"https:\/\/talkpal.ai\/fi\/venajan-kielioppi\/#primaryimage"},"thumbnailUrl":"https:\/\/talkpal.ai\/wp-content\/uploads\/2023\/04\/rusia.png","datePublished":"2023-05-14T13:52:49+00:00","dateModified":"2025-12-13T15:18:06+00:00","description":"Tutustu ven\u00e4j\u00e4n kieliopin maailmaan aloittelijan oppaamme avulla. Opettele kyrilliset aakkoset ja kehit\u00e4 kielitaitoasi.","breadcrumb":{"@id":"https:\/\/talkpal.ai\/fi\/venajan-kielioppi\/#breadcrumb"},"inLanguage":"fi","potentialAction":[{"@type":"ReadAction","target":["https:\/\/talkpal.ai\/fi\/venajan-kielioppi\/"]}]},{"@type":"ImageObject","inLanguage":"fi","@id":"https:\/\/talkpal.ai\/fi\/venajan-kielioppi\/#primaryimage","url":"https:\/\/talkpal.ai\/wp-content\/uploads\/2023\/04\/rusia.png","contentUrl":"https:\/\/talkpal.ai\/wp-content\/uploads\/2023\/04\/rusia.png","width":512,"height":512},{"@type":"BreadcrumbList","@id":"https:\/\/talkpal.ai\/fi\/venajan-kielioppi\/#breadcrumb","itemListElement":[{"@type":"ListItem","position":1,"name":"Homepage","item":"https:\/\/talkpal.ai\/fi\/"},{"@type":"ListItem","position":2,"name":"Ven\u00e4j\u00e4n kielioppi"}]},{"@type":"WebSite","@id":"https:\/\/talkpal.ai\/fi\/#website","url":"https:\/\/talkpal.ai\/fi\/","name":"Talkpal","description":"AI Language Learning","publisher":{"@id":"https:\/\/talkpal.ai\/fi\/#organization"},"alternateName":"Talkpal AI","potentialAction":[{"@type":"SearchAction","target":{"@type":"EntryPoint","urlTemplate":"https:\/\/talkpal.ai\/fi\/?s={search_term_string}"},"query-input":{"@type":"PropertyValueSpecification","valueRequired":true,"valueName":"search_term_string"}}],"inLanguage":"fi"},{"@type":"Organization","@id":"https:\/\/talkpal.ai\/fi\/#organization","name":"Talkpal, Inc.","alternateName":"Talkpal AI","url":"https:\/\/talkpal.ai\/fi\/","logo":{"@type":"ImageObject","inLanguage":"fi","@id":"https:\/\/talkpal.ai\/fi\/#\/schema\/logo\/image\/","url":"https:\/\/talkpal.ai\/wp-content\/uploads\/2024\/03\/Talkpal-Logo-Icon.png","contentUrl":"https:\/\/talkpal.ai\/wp-content\/uploads\/2024\/03\/Talkpal-Logo-Icon.png","width":2880,"height":2880,"caption":"Talkpal, Inc."},"image":{"@id":"https:\/\/talkpal.ai\/fi\/#\/schema\/logo\/image\/"},"sameAs":["https:\/\/www.facebook.com\/profile.php?id=100090733639311","https:\/\/x.com\/talkpalai","https:\/\/www.linkedin.com\/company\/talkpal\/","https:\/\/www.youtube.com\/@TalkPal\/","https:\/\/www.tiktok.com\/@talkpal","https:\/\/www.instagram.com\/talkpal_ai\/","https:\/\/www.crunchbase.com\/organization\/talkpal-9cde","https:\/\/www.g2.com\/products\/talkpal-for-business\/","https:\/\/www.trustpilot.com\/review\/talkpal.ai","https:\/\/www.capterra.com\/p\/10006800\/TalkPal\/"],"description":"Talkpal is a language learning web and mobile education app, powered by the latest AI technologies, that provides engaging experiences to its customers in many different languages to help them improve their language skills. Users can chat about unlimited amount of topics with the app and use other modes to practice their language learning.","email":"support@talkpal.ai","legalName":"Talkpal, Inc.","foundingDate":"2023-04-03","duns":"118989042","numberOfEmployees":{"@type":"QuantitativeValue","minValue":"11","maxValue":"50"},"publishingPrinciples":"https:\/\/talkpal.ai\/publishing-principles\/","actionableFeedbackPolicy":"https:\/\/talkpal.ai\/actionable-feedback-policy\/","correctionsPolicy":"https:\/\/talkpal.ai\/corrections-policy\/","ethicsPolicy":"https:\/\/talkpal.ai\/ethics-policy\/","diversityPolicy":"https:\/\/talkpal.ai\/diversity-policy\/","diversityStaffingReport":"https:\/\/talkpal.ai\/diversity-policy\/"}]}},"_links":{"self":[{"href":"https:\/\/talkpal.ai\/fi\/wp-json\/wp\/v2\/pages\/139826","targetHints":{"allow":["GET"]}}],"collection":[{"href":"https:\/\/talkpal.ai\/fi\/wp-json\/wp\/v2\/pages"}],"about":[{"href":"https:\/\/talkpal.ai\/fi\/wp-json\/wp\/v2\/types\/page"}],"author":[{"embeddable":true,"href":"https:\/\/talkpal.ai\/fi\/wp-json\/wp\/v2\/users\/1"}],"replies":[{"embeddable":true,"href":"https:\/\/talkpal.ai\/fi\/wp-json\/wp\/v2\/comments?post=139826"}],"version-history":[{"count":0,"href":"https:\/\/talkpal.ai\/fi\/wp-json\/wp\/v2\/pages\/139826\/revisions"}],"wp:featuredmedia":[{"embeddable":true,"href":"https:\/\/talkpal.ai\/fi\/wp-json\/wp\/v2\/media\/11599"}],"wp:attachment":[{"href":"https:\/\/talkpal.ai\/fi\/wp-json\/wp\/v2\/media?parent=139826"}],"curies":[{"name":"wp","href":"https:\/\/api.w.org\/{rel}","templated":true}]}}