{"id":135788,"date":"2023-06-16T10:51:16","date_gmt":"2023-06-16T10:51:16","guid":{"rendered":"http:\/\/talkpal.ai\/ukrainan-kielioppiharjoitukset\/"},"modified":"2025-12-17T16:22:05","modified_gmt":"2025-12-17T16:22:05","slug":"ukrainan-kielioppiharjoitukset","status":"publish","type":"page","link":"https:\/\/talkpal.ai\/fi\/ukrainan-kielioppiharjoitukset\/","title":{"rendered":"Ukrainan kielioppiharjoitukset"},"content":{"rendered":"\r\n\r\n\r\n<section class=\"languageChallengeSection\">\r\n    <div class=\"languageInfoWrapper\">\r\n        \r\n        <h1>Ukrainan kielioppiharjoitukset<\/h1>\r\n        <p>Haluatko vied\u00e4 ukrainan kielen taitosi seuraavalle tasolle? Kielioppiharjoitusten tekeminen on keskeinen tapa hallita lauserakennetta, verbimuotoja ja ukrainan kielen ainutlaatuisia kuvioita. Aloita ukrainan kieliopin harjoittelu jo t\u00e4n\u00e4\u00e4n ja katso, kuinka itseluottamuksesi ja sujuvuutesi kasvavat jokaisen harjoituksen my\u00f6t\u00e4!<\/p>\r\n\r\n                            <a class=\"getStartedHidden\" href=\"https:\/\/app.talkpal.ai\/fi\/signup?lng=\">Aloita<\/a>\r\n        \r\n    <\/div>\r\n\r\n    <figure>\r\n    <img decoding=\"async\" width=\"768\" height=\"768\" src=\"https:\/\/talkpal.ai\/wp-content\/uploads\/2023\/06\/Ukrainian-768x768.png\" class=\"languageImage no-lazy\" alt=\"Default alt text\" fetchpriority=\"high\" sizes=\"(max-width: 768px) 150px, 768px\" srcset=\"https:\/\/talkpal.ai\/wp-content\/uploads\/2023\/06\/Ukrainian-768x768.png 768w, https:\/\/talkpal.ai\/wp-content\/uploads\/2023\/06\/Ukrainian-300x300.png 300w\" \/>\r\n    \r\n\r\n    <\/figure>\r\n\r\n            <a class=\"getStartedVisible\" href=\"https:\/\/app.talkpal.ai\/fi\/signup?lng=\">Aloita<\/a>\r\n    \r\n<\/section>\r\n\r\n\r\n<!-- <section class=\"grammarSection\">\r\n    <div class=\"grammarLinks\">\r\n        <a href=\"https:\/\/talkpal.ai\/fi\/exercise_language\/adjektiivit-ukrainan-kielioppi\/\">Adjektiivit <\/a><a href=\"https:\/\/talkpal.ai\/fi\/exercise_language\/adverbit-ukrainan-kielioppi\/\">Adverbit <\/a><a href=\"https:\/\/talkpal.ai\/fi\/exercise_language\/aikamuodot-konjunktiivi-ukrainan-kielioppi\/\">Aikamuodot Konjunktiivi <\/a><a href=\"https:\/\/talkpal.ai\/fi\/exercise_language\/aikamuotojen-vertailu-ukrainan-kielioppi\/\">Aikamuotojen vertailu <\/a><a href=\"https:\/\/talkpal.ai\/fi\/exercise_language\/artikkelit-ukrainan-kielioppi\/\">Artikkelit <\/a><a href=\"https:\/\/talkpal.ai\/fi\/exercise_language\/indikatiiviset-aikamuodot-ukrainan-kielioppi\/\">Indikatiiviset aikamuodot <\/a><a href=\"https:\/\/talkpal.ai\/fi\/exercise_language\/lauserakenne-ukrainan-kielioppi\/\">Lauserakenne <\/a><a href=\"https:\/\/talkpal.ai\/fi\/exercise_language\/prepositiot-ukrainan-kielioppi\/\">Prepositiot <\/a><a href=\"https:\/\/talkpal.ai\/fi\/exercise_language\/pronominit-ukrainan-kielioppi\/\">Pronominit <\/a><a href=\"https:\/\/talkpal.ai\/fi\/exercise_language\/substantiivit-ukrainan-kielioppi\/\">Substantiivit <\/a><a href=\"https:\/\/talkpal.ai\/fi\/exercise_language\/verbit-ukrainan-kielioppi\/\">Verbit <\/a>    <\/div>\r\n<\/section> -->\r\n\r\n\r\n\r\n\r\n        <section class=\"grammarSection\">\r\n            <div class=\"grammarLinks\">\r\n                <a href=\"https:\/\/talkpal.ai\/fi\/exercise_language\/adjektiivit-ukrainan-kielioppi\/\">Adjektiivit <\/a><a href=\"https:\/\/talkpal.ai\/fi\/exercise_language\/adverbit-ukrainan-kielioppi\/\">Adverbit <\/a><a href=\"https:\/\/talkpal.ai\/fi\/exercise_language\/aikamuodot-konjunktiivi-ukrainan-kielioppi\/\">Aikamuodot Konjunktiivi <\/a><a href=\"https:\/\/talkpal.ai\/fi\/exercise_language\/aikamuotojen-vertailu-ukrainan-kielioppi\/\">Aikamuotojen vertailu <\/a><a href=\"https:\/\/talkpal.ai\/fi\/exercise_language\/artikkelit-ukrainan-kielioppi\/\">Artikkelit <\/a><a href=\"https:\/\/talkpal.ai\/fi\/exercise_language\/indikatiiviset-aikamuodot-ukrainan-kielioppi\/\">Indikatiiviset aikamuodot <\/a><a href=\"https:\/\/talkpal.ai\/fi\/exercise_language\/lauserakenne-ukrainan-kielioppi\/\">Lauserakenne <\/a><a href=\"https:\/\/talkpal.ai\/fi\/exercise_language\/prepositiot-ukrainan-kielioppi\/\">Prepositiot <\/a><a href=\"https:\/\/talkpal.ai\/fi\/exercise_language\/pronominit-ukrainan-kielioppi\/\">Pronominit <\/a><a href=\"https:\/\/talkpal.ai\/fi\/exercise_language\/substantiivit-ukrainan-kielioppi\/\">Substantiivit <\/a><a href=\"https:\/\/talkpal.ai\/fi\/exercise_language\/verbit-ukrainan-kielioppi\/\">Verbit <\/a>            <\/div>\r\n        <\/section>\r\n<section class=\"promotionalBanner\">\r\n    <p class=\"promotionalText\">Tehokkain tapa oppia kielt\u00e4<\/p>\r\n    <a class=\"promotionalLink\" href=\"https:\/\/app.talkpal.ai\/fi\/signup?lng=\">Kokeile Talkpal ilmaiseksi<\/a>\r\n<\/section>\n<div class=\"wp-block-group pageContainerStyle\"><div class=\"wp-block-group__inner-container is-layout-constrained wp-block-group-is-layout-constrained\">\n<h2 class=\"wp-block-heading\" id=\"h-ukrainian-grammar-topics\">Ukrainan kieliopin aiheet<\/h2>\n\n\n\n<p>Uuden <a href=\"https:\/\/talkpal.ai\/fi\/paras-tapa-oppia-2\/\">kielen oppiminen<\/a> voi olla j\u00e4nnitt\u00e4v\u00e4 mutta haastava yritys, eik\u00e4 ukrainan kieli ole poikkeus. <a href=\"https:\/\/talkpal.ai\/learn-ukrainian\/\">Ukraina<\/a>, it\u00e4slaavilainen kieli, on Ukrainan virallinen kieli, ja sill\u00e4 on rikas historia ja monipuolinen kieliopillinen rakenne. Kun aloitat matkasi ukrainan kielen taitoon, sinun on hallittava useita keskeisi\u00e4 kielioppiaiheita, mukaan lukien aikamuodot, verbit, substantiivit, artikkelit, pronominit, adjektiivit, <a href=\"https:\/\/talkpal.ai\/fi\/grammar\/paikan-tsekin-kielioppi-adverbit\/\">adverbit<\/a>, <a href=\"https:\/\/talkpal.ai\/fi\/grammar\/kohdan-kannadan-kieliopissa-prepositiot\/\">prepositiot<\/a> ja lauserakenne. N\u00e4iden kielioppis\u00e4\u00e4nt\u00f6jen ymm\u00e4rt\u00e4minen ja oikea soveltaminen parantaa merkitt\u00e4v\u00e4sti kielen sujuvuutta. Tutustutaan siis kuhunkin aiheeseen ja selvitet\u00e4\u00e4n, miss\u00e4 j\u00e4rjestyksess\u00e4 ne tulisi opiskella.<\/p>\n\n\n\n<h3 class=\"wp-block-heading\" id=\"h-1-nouns\">1. Substantiivit:<\/h3>\n\n\n\n<p>Aloita oppimalla ukrainalaisia substantiiveja, koska ne ovat kielen perusta. Tutustu heid\u00e4n sukupuoleensa (maskuliininen, feminiininen ja neutri) ja heid\u00e4n monikkomuotoihinsa. Substantiivien julistusten (tapausten) ymm\u00e4rt\u00e4minen on ratkaisevan t\u00e4rke\u00e4\u00e4 oikean lauseenmuodostuksen kannalta.<\/p>\n\n\n\n<h3 class=\"wp-block-heading\" id=\"h-2-pronouns\">2. Pronominit:<\/h3>\n\n\n\n<p>Seuraavaksi opi pronominit &#8211; sanat, jotka korvaavat lauseen substantiivit. Niill\u00e4 on my\u00f6s sukupuoli- ja tapaeroja, joten on t\u00e4rke\u00e4\u00e4 oppia k\u00e4ytt\u00e4m\u00e4\u00e4n sopivia muotoja sen mukaan, mit\u00e4 substantiivia ne korvaavat.<\/p>\n\n\n\n<h3 class=\"wp-block-heading\" id=\"h-3-verbs\">3. Verbit:<\/h3>\n\n\n\n<p>Verbit ovat lauseen toimintasanoja. Ukrainan kielell\u00e4 verbeill\u00e4 on erilaisia muotoja, jotka perustuvat j\u00e4nnitykseen, mielialaan ja n\u00e4k\u00f6kulmaan. Aloita oppimalla verbien nykyiset aikamuotoiset indikatiivimuodot, jotka auttavat sinua ymm\u00e4rt\u00e4m\u00e4\u00e4n peruslauserakennetta.<\/p>\n\n\n\n<h3 class=\"wp-block-heading\" id=\"h-4-tenses-indicative\">4. Aikamuodot ohjeellisia:<\/h3>\n\n\n\n<p>Kun olet oppinut tuntemaan nykyhetken verbit, siirry opettelemaan menneen ja tulevan ajan verbit indikatiivissa. N\u00e4in voit kommunikoida tapahtumista, jotka ovat jo tapahtuneet <a href=\"https:\/\/talkpal.ai\/learn-thai\/\">tai<\/a> tapahtuvat tulevaisuudessa.<\/p>\n\n\n\n<h3 class=\"wp-block-heading\" id=\"h-5-tenses-subjunctive\">5. Aikamuodot subjunktiivinen:<\/h3>\n\n\n\n<p>Kun olet oppinut indikatiivisen tunnelman, tutustu subjunktiiviseen tunnelmaan, joka ilmaisee hypoteettisia tilanteita, toiveita tai ehdotuksia. Subjunktiivinen tunnelma esiintyy p\u00e4\u00e4asiassa menneiss\u00e4 ja tulevissa aikamuodoissa ukrainassa.<\/p>\n\n\n\n<h3 class=\"wp-block-heading\" id=\"h-6-tense-comparison\">6. J\u00e4nnittynyt vertailu:<\/h3>\n\n\n\n<p>Opi vertaamaan ukrainan aikamuotoja ilmaisemaan erilaisia varmuuksia tai mahdollisuuksia. T\u00e4m\u00e4 auttaa sinua ymm\u00e4rt\u00e4m\u00e4\u00e4n ja luomaan monimutkaisempia lauseita.<\/p>\n\n\n\n<h3 class=\"wp-block-heading\" id=\"h-7-adjectives\">7. Adjektiivit:<\/h3>\n\n\n\n<p>Adjektiivit kuvaavat substantiivien ominaisuuksia. He ovat samaa mielt\u00e4 sukupuolen, lukum\u00e4\u00e4r\u00e4n ja kirjainkoon suhteen muokkaamansa substantiivin kanssa. Adjektiivien oppiminen auttaa sinua lis\u00e4\u00e4m\u00e4\u00e4n lauseiden yksityiskohtia.<\/p>\n\n\n\n<h3 class=\"wp-block-heading\" id=\"h-8-adverbs\">8. Adverbit:<\/h3>\n\n\n\n<p><a href=\"https:\/\/talkpal.ai\/fi\/grammar\/paikan-tsekin-kielioppi-adverbit\/\">Adverbit<\/a> kuvaavat toiminnan tapaa, paikkaa tai aikaa. Ne eiv\u00e4t laske kuin adjektiivit, mutta niill\u00e4 on ratkaiseva merkitys lauseiden informatiivisuuden ja kiinnostavuuden lis\u00e4\u00e4misess\u00e4.<\/p>\n\n\n\n<h3 class=\"wp-block-heading\" id=\"h-9-prepositions\">9. Prepositiot:<\/h3>\n\n\n\n<p><a href=\"https:\/\/talkpal.ai\/fi\/grammar\/kohdan-kannadan-kieliopissa-prepositiot\/\">Prepositiot<\/a> osoittavat lauseen sanojen v\u00e4lisen suhteen (esim. sijainti, suunta tai aika). Opi k\u00e4ytt\u00e4m\u00e4\u00e4n prepositioita oikein sekaannusten v\u00e4ltt\u00e4miseksi ja aiotun merkityksen v\u00e4litt\u00e4miseksi.<\/p>\n\n\n\n<h3 class=\"wp-block-heading\" id=\"h-10-sentence-structure\">10. Lauseen rakenne:<\/h3>\n\n\n\n<p>Lopuksi tutustu ukrainalaiseen lauserakenteeseen. T\u00e4h\u00e4n sis\u00e4ltyy subjekti-verbi-objekti (SVO) -sanaj\u00e4rjestyksen ymm\u00e4rt\u00e4minen ja se, miten k\u00e4ytet\u00e4\u00e4n tapauksia ja muita kieliopillisia elementtej\u00e4 selkeiden, johdonmukaisten lauseiden muodostamiseksi.<\/p>\n\n\n\n<h3 class=\"wp-block-heading\" id=\"h-11-articles\">11. Artiklat:<\/h3>\n\n\n\n<p>Ukrainan kieless\u00e4 ei ole artikkeleita kuten englannin kieless\u00e4 &#8221;the&#8221; tai &#8221;a&#8221;, mutta on t\u00e4rke\u00e4\u00e4 ymm\u00e4rt\u00e4\u00e4, miten m\u00e4\u00e4ritteellisyys ja m\u00e4\u00e4rittelem\u00e4tt\u00f6myys v\u00e4litet\u00e4\u00e4n kieless\u00e4, yleens\u00e4 demonstratiivipronominien tai kontekstin avulla.<\/p>\n\n\n\n<p>Oppimalla n\u00e4m\u00e4 kielioppiaiheet ehdotetussa j\u00e4rjestyksess\u00e4 rakennat v\u00e4hitellen vahvan perustan ukrainaksi ja etenet kohti kielen sujuvuutta.<\/p>\n<\/div><\/div>\n\r\n<section class=\"learnNavigationSection\">\r\n            \r\n        <a href=\"https:\/\/talkpal.ai\/fi\/opi-ukrainaksi\/\">\r\n            <div class=\"learnNavigationWrapper\">\r\n                <div class=\"learnNavigationContent\">\r\n                    <img decoding=\"async\" src=\"https:\/\/talkpal.ai\/wp-content\/uploads\/2024\/08\/Ukrainian.jpg\" alt=\"Ukrainian Flag\">\r\n                    <div>\r\n                        <h4>Ukrainan oppimisesta<\/h4>\r\n                        <p>Tutustu ukrainan kielioppiin.<\/p>\r\n                    <\/div>\r\n                <\/div>\r\n            <\/div>\r\n        <\/a>\r\n\r\n        \r\n        <a href=\"https:\/\/talkpal.ai\/fi\/ukrainan-kielioppi\/\">\r\n            <div class=\"learnNavigationWrapper\">\r\n                <div class=\"learnNavigationContent\">\r\n                    <img decoding=\"async\" src=\"https:\/\/talkpal.ai\/wp-content\/uploads\/2024\/08\/Ukrainian.jpg\" alt=\"Ukrainian Flag\">\r\n                    <div>\r\n                        <h4>Ukrainan kieliopin oppitunnit<\/h4>\r\n                        <p>Harjoittele ukrainan kielioppia.<\/p>\r\n                    <\/div>\r\n                <\/div>\r\n            <\/div>\r\n        <\/a>\r\n\r\n        \r\n        <a href=\"https:\/\/talkpal.ai\/vocabulary_language\/ukrainian\/\">\r\n            <div class=\"learnNavigationWrapper\">\r\n                <div class=\"learnNavigationContent\">\r\n                    <img decoding=\"async\" src=\"https:\/\/talkpal.ai\/wp-content\/uploads\/2024\/08\/Ukrainian.jpg\" alt=\"Ukrainian Flag\">\r\n                    <div>\r\n                        <h4>Ukrainan sanastoa<\/h4>\r\n                        <p>Laajenna ukrainankielist\u00e4 sanavarastoasi.<\/p>\r\n                    <\/div>\r\n                <\/div>\r\n            <\/div>\r\n        <\/a>\r\n\r\n            <\/section>","protected":false},"excerpt":{"rendered":"<p>Ukrainan kieliopin aiheet Uuden kielen oppiminen voi olla j\u00e4nnitt\u00e4v\u00e4 mutta haastava yritys, eik\u00e4 ukrainan kieli ole poikkeus. Ukraina, it\u00e4slaavilainen kieli, on Ukrainan virallinen kieli, ja sill\u00e4 on rikas historia ja monipuolinen kieliopillinen rakenne. Kun aloitat matkasi ukrainan kielen taitoon, sinun on hallittava useita keskeisi\u00e4 kielioppiaiheita, mukaan lukien aikamuodot, verbit, substantiivit, artikkelit, pronominit, adjektiivit, adverbit, prepositiot [&hellip;]<\/p>\n","protected":false},"author":6,"featured_media":11620,"parent":0,"menu_order":0,"comment_status":"closed","ping_status":"closed","template":"LearningContentPage.php","meta":{"_acf_changed":false,"footnotes":""},"class_list":["post-135788","page","type-page","status-publish","has-post-thumbnail","hentry"],"acf":[],"yoast_head":"<!-- This site is optimized with the Yoast SEO Premium plugin v27.2 (Yoast SEO v27.2) - https:\/\/yoast.com\/product\/yoast-seo-premium-wordpress\/ -->\n<title>Ukrainan kielioppiharjoitukset - Talkpal<\/title>\n<meta name=\"description\" content=\"Paranna ukrainan kielen taitojasi mukaansatempaavilla ukrainan kielen kielioppiharjoituksilla, jotka kattavat sujuvuuden kannalta keskeiset kielioppiasiat.\" \/>\n<meta name=\"robots\" content=\"index, follow, max-snippet:-1, max-image-preview:large, max-video-preview:-1\" \/>\n<link rel=\"canonical\" href=\"https:\/\/talkpal.ai\/fi\/ukrainan-kielioppiharjoitukset\/\" \/>\n<meta property=\"og:locale\" content=\"fi_FI\" \/>\n<meta property=\"og:type\" content=\"article\" \/>\n<meta property=\"og:title\" content=\"Ukrainan kielioppiharjoitukset\" \/>\n<meta property=\"og:description\" content=\"Ukrainan kieliopin aiheet Uuden kielen oppiminen voi olla j\u00e4nnitt\u00e4v\u00e4 mutta haastava yritys, eik\u00e4 ukrainan kieli ole poikkeus. Ukraina, it\u00e4slaavilainen\" \/>\n<meta property=\"og:url\" content=\"https:\/\/talkpal.ai\/fi\/ukrainan-kielioppiharjoitukset\/\" \/>\n<meta property=\"og:site_name\" content=\"Talkpal\" \/>\n<meta property=\"article:publisher\" content=\"https:\/\/www.facebook.com\/profile.php?id=100090733639311\" \/>\n<meta property=\"article:modified_time\" content=\"2025-12-17T16:22:05+00:00\" \/>\n<meta property=\"og:image\" content=\"https:\/\/talkpal.ai\/wp-content\/uploads\/2023\/04\/ukraine.png\" \/>\n\t<meta property=\"og:image:width\" content=\"512\" \/>\n\t<meta property=\"og:image:height\" content=\"512\" \/>\n\t<meta property=\"og:image:type\" content=\"image\/png\" \/>\n<meta name=\"twitter:card\" content=\"summary_large_image\" \/>\n<meta name=\"twitter:site\" content=\"@talkpalai\" \/>\n<meta name=\"twitter:label1\" content=\"Arvioitu lukuaika\" \/>\n\t<meta name=\"twitter:data1\" content=\"2 minuuttia\" \/>\n<script type=\"application\/ld+json\" class=\"yoast-schema-graph\">{\"@context\":\"https:\/\/schema.org\",\"@graph\":[{\"@type\":\"WebPage\",\"@id\":\"https:\/\/talkpal.ai\/fi\/ukrainan-kielioppiharjoitukset\/\",\"url\":\"https:\/\/talkpal.ai\/fi\/ukrainan-kielioppiharjoitukset\/\",\"name\":\"Ukrainan kielioppiharjoitukset - Talkpal\",\"isPartOf\":{\"@id\":\"https:\/\/talkpal.ai\/fi\/#website\"},\"primaryImageOfPage\":{\"@id\":\"https:\/\/talkpal.ai\/fi\/ukrainan-kielioppiharjoitukset\/#primaryimage\"},\"image\":{\"@id\":\"https:\/\/talkpal.ai\/fi\/ukrainan-kielioppiharjoitukset\/#primaryimage\"},\"thumbnailUrl\":\"https:\/\/talkpal.ai\/wp-content\/uploads\/2023\/04\/ukraine.png\",\"datePublished\":\"2023-06-16T10:51:16+00:00\",\"dateModified\":\"2025-12-17T16:22:05+00:00\",\"description\":\"Paranna ukrainan kielen taitojasi mukaansatempaavilla ukrainan kielen kielioppiharjoituksilla, jotka kattavat sujuvuuden kannalta keskeiset kielioppiasiat.\",\"breadcrumb\":{\"@id\":\"https:\/\/talkpal.ai\/fi\/ukrainan-kielioppiharjoitukset\/#breadcrumb\"},\"inLanguage\":\"fi\",\"potentialAction\":[{\"@type\":\"ReadAction\",\"target\":[\"https:\/\/talkpal.ai\/fi\/ukrainan-kielioppiharjoitukset\/\"]}]},{\"@type\":\"ImageObject\",\"inLanguage\":\"fi\",\"@id\":\"https:\/\/talkpal.ai\/fi\/ukrainan-kielioppiharjoitukset\/#primaryimage\",\"url\":\"https:\/\/talkpal.ai\/wp-content\/uploads\/2023\/04\/ukraine.png\",\"contentUrl\":\"https:\/\/talkpal.ai\/wp-content\/uploads\/2023\/04\/ukraine.png\",\"width\":512,\"height\":512,\"caption\":\"TalkPal Ukrainian Flag\"},{\"@type\":\"BreadcrumbList\",\"@id\":\"https:\/\/talkpal.ai\/fi\/ukrainan-kielioppiharjoitukset\/#breadcrumb\",\"itemListElement\":[{\"@type\":\"ListItem\",\"position\":1,\"name\":\"Homepage\",\"item\":\"https:\/\/talkpal.ai\/fi\/\"},{\"@type\":\"ListItem\",\"position\":2,\"name\":\"Ukrainan kielioppiharjoitukset\"}]},{\"@type\":\"WebSite\",\"@id\":\"https:\/\/talkpal.ai\/fi\/#website\",\"url\":\"https:\/\/talkpal.ai\/fi\/\",\"name\":\"Talkpal\",\"description\":\"AI Language Learning\",\"publisher\":{\"@id\":\"https:\/\/talkpal.ai\/fi\/#organization\"},\"alternateName\":\"Talkpal AI\",\"potentialAction\":[{\"@type\":\"SearchAction\",\"target\":{\"@type\":\"EntryPoint\",\"urlTemplate\":\"https:\/\/talkpal.ai\/fi\/?s={search_term_string}\"},\"query-input\":{\"@type\":\"PropertyValueSpecification\",\"valueRequired\":true,\"valueName\":\"search_term_string\"}}],\"inLanguage\":\"fi\"},{\"@type\":\"Organization\",\"@id\":\"https:\/\/talkpal.ai\/fi\/#organization\",\"name\":\"Talkpal, Inc.\",\"alternateName\":\"Talkpal AI\",\"url\":\"https:\/\/talkpal.ai\/fi\/\",\"logo\":{\"@type\":\"ImageObject\",\"inLanguage\":\"fi\",\"@id\":\"https:\/\/talkpal.ai\/fi\/#\/schema\/logo\/image\/\",\"url\":\"https:\/\/talkpal.ai\/wp-content\/uploads\/2024\/03\/Talkpal-Logo-Icon.png\",\"contentUrl\":\"https:\/\/talkpal.ai\/wp-content\/uploads\/2024\/03\/Talkpal-Logo-Icon.png\",\"width\":2880,\"height\":2880,\"caption\":\"Talkpal, Inc.\"},\"image\":{\"@id\":\"https:\/\/talkpal.ai\/fi\/#\/schema\/logo\/image\/\"},\"sameAs\":[\"https:\/\/www.facebook.com\/profile.php?id=100090733639311\",\"https:\/\/x.com\/talkpalai\",\"https:\/\/www.linkedin.com\/company\/talkpal\/\",\"https:\/\/www.youtube.com\/@TalkPal\/\",\"https:\/\/www.tiktok.com\/@talkpal\",\"https:\/\/www.instagram.com\/talkpal_ai\/\",\"https:\/\/www.crunchbase.com\/organization\/talkpal-9cde\",\"https:\/\/www.g2.com\/products\/talkpal-for-business\/\",\"https:\/\/www.trustpilot.com\/review\/talkpal.ai\",\"https:\/\/www.capterra.com\/p\/10006800\/TalkPal\/\"],\"description\":\"Talkpal is a language learning web and mobile education app, powered by the latest AI technologies, that provides engaging experiences to its customers in many different languages to help them improve their language skills. Users can chat about unlimited amount of topics with the app and use other modes to practice their language learning.\",\"email\":\"support@talkpal.ai\",\"legalName\":\"Talkpal, Inc.\",\"foundingDate\":\"2023-04-03\",\"duns\":\"118989042\",\"numberOfEmployees\":{\"@type\":\"QuantitativeValue\",\"minValue\":\"11\",\"maxValue\":\"50\"},\"publishingPrinciples\":\"https:\/\/talkpal.ai\/publishing-principles\/\",\"actionableFeedbackPolicy\":\"https:\/\/talkpal.ai\/actionable-feedback-policy\/\",\"correctionsPolicy\":\"https:\/\/talkpal.ai\/corrections-policy\/\",\"ethicsPolicy\":\"https:\/\/talkpal.ai\/ethics-policy\/\",\"diversityPolicy\":\"https:\/\/talkpal.ai\/diversity-policy\/\",\"diversityStaffingReport\":\"https:\/\/talkpal.ai\/diversity-policy\/\"}]}<\/script>\n<!-- \/ Yoast SEO Premium plugin. -->","yoast_head_json":{"title":"Ukrainan kielioppiharjoitukset - Talkpal","description":"Paranna ukrainan kielen taitojasi mukaansatempaavilla ukrainan kielen kielioppiharjoituksilla, jotka kattavat sujuvuuden kannalta keskeiset kielioppiasiat.","robots":{"index":"index","follow":"follow","max-snippet":"max-snippet:-1","max-image-preview":"max-image-preview:large","max-video-preview":"max-video-preview:-1"},"canonical":"https:\/\/talkpal.ai\/fi\/ukrainan-kielioppiharjoitukset\/","og_locale":"fi_FI","og_type":"article","og_title":"Ukrainan kielioppiharjoitukset","og_description":"Ukrainan kieliopin aiheet Uuden kielen oppiminen voi olla j\u00e4nnitt\u00e4v\u00e4 mutta haastava yritys, eik\u00e4 ukrainan kieli ole poikkeus. Ukraina, it\u00e4slaavilainen","og_url":"https:\/\/talkpal.ai\/fi\/ukrainan-kielioppiharjoitukset\/","og_site_name":"Talkpal","article_publisher":"https:\/\/www.facebook.com\/profile.php?id=100090733639311","article_modified_time":"2025-12-17T16:22:05+00:00","og_image":[{"width":512,"height":512,"url":"https:\/\/talkpal.ai\/wp-content\/uploads\/2023\/04\/ukraine.png","type":"image\/png"}],"twitter_card":"summary_large_image","twitter_site":"@talkpalai","twitter_misc":{"Arvioitu lukuaika":"2 minuuttia"},"schema":{"@context":"https:\/\/schema.org","@graph":[{"@type":"WebPage","@id":"https:\/\/talkpal.ai\/fi\/ukrainan-kielioppiharjoitukset\/","url":"https:\/\/talkpal.ai\/fi\/ukrainan-kielioppiharjoitukset\/","name":"Ukrainan kielioppiharjoitukset - Talkpal","isPartOf":{"@id":"https:\/\/talkpal.ai\/fi\/#website"},"primaryImageOfPage":{"@id":"https:\/\/talkpal.ai\/fi\/ukrainan-kielioppiharjoitukset\/#primaryimage"},"image":{"@id":"https:\/\/talkpal.ai\/fi\/ukrainan-kielioppiharjoitukset\/#primaryimage"},"thumbnailUrl":"https:\/\/talkpal.ai\/wp-content\/uploads\/2023\/04\/ukraine.png","datePublished":"2023-06-16T10:51:16+00:00","dateModified":"2025-12-17T16:22:05+00:00","description":"Paranna ukrainan kielen taitojasi mukaansatempaavilla ukrainan kielen kielioppiharjoituksilla, jotka kattavat sujuvuuden kannalta keskeiset kielioppiasiat.","breadcrumb":{"@id":"https:\/\/talkpal.ai\/fi\/ukrainan-kielioppiharjoitukset\/#breadcrumb"},"inLanguage":"fi","potentialAction":[{"@type":"ReadAction","target":["https:\/\/talkpal.ai\/fi\/ukrainan-kielioppiharjoitukset\/"]}]},{"@type":"ImageObject","inLanguage":"fi","@id":"https:\/\/talkpal.ai\/fi\/ukrainan-kielioppiharjoitukset\/#primaryimage","url":"https:\/\/talkpal.ai\/wp-content\/uploads\/2023\/04\/ukraine.png","contentUrl":"https:\/\/talkpal.ai\/wp-content\/uploads\/2023\/04\/ukraine.png","width":512,"height":512,"caption":"TalkPal Ukrainian Flag"},{"@type":"BreadcrumbList","@id":"https:\/\/talkpal.ai\/fi\/ukrainan-kielioppiharjoitukset\/#breadcrumb","itemListElement":[{"@type":"ListItem","position":1,"name":"Homepage","item":"https:\/\/talkpal.ai\/fi\/"},{"@type":"ListItem","position":2,"name":"Ukrainan kielioppiharjoitukset"}]},{"@type":"WebSite","@id":"https:\/\/talkpal.ai\/fi\/#website","url":"https:\/\/talkpal.ai\/fi\/","name":"Talkpal","description":"AI Language Learning","publisher":{"@id":"https:\/\/talkpal.ai\/fi\/#organization"},"alternateName":"Talkpal AI","potentialAction":[{"@type":"SearchAction","target":{"@type":"EntryPoint","urlTemplate":"https:\/\/talkpal.ai\/fi\/?s={search_term_string}"},"query-input":{"@type":"PropertyValueSpecification","valueRequired":true,"valueName":"search_term_string"}}],"inLanguage":"fi"},{"@type":"Organization","@id":"https:\/\/talkpal.ai\/fi\/#organization","name":"Talkpal, Inc.","alternateName":"Talkpal AI","url":"https:\/\/talkpal.ai\/fi\/","logo":{"@type":"ImageObject","inLanguage":"fi","@id":"https:\/\/talkpal.ai\/fi\/#\/schema\/logo\/image\/","url":"https:\/\/talkpal.ai\/wp-content\/uploads\/2024\/03\/Talkpal-Logo-Icon.png","contentUrl":"https:\/\/talkpal.ai\/wp-content\/uploads\/2024\/03\/Talkpal-Logo-Icon.png","width":2880,"height":2880,"caption":"Talkpal, Inc."},"image":{"@id":"https:\/\/talkpal.ai\/fi\/#\/schema\/logo\/image\/"},"sameAs":["https:\/\/www.facebook.com\/profile.php?id=100090733639311","https:\/\/x.com\/talkpalai","https:\/\/www.linkedin.com\/company\/talkpal\/","https:\/\/www.youtube.com\/@TalkPal\/","https:\/\/www.tiktok.com\/@talkpal","https:\/\/www.instagram.com\/talkpal_ai\/","https:\/\/www.crunchbase.com\/organization\/talkpal-9cde","https:\/\/www.g2.com\/products\/talkpal-for-business\/","https:\/\/www.trustpilot.com\/review\/talkpal.ai","https:\/\/www.capterra.com\/p\/10006800\/TalkPal\/"],"description":"Talkpal is a language learning web and mobile education app, powered by the latest AI technologies, that provides engaging experiences to its customers in many different languages to help them improve their language skills. Users can chat about unlimited amount of topics with the app and use other modes to practice their language learning.","email":"support@talkpal.ai","legalName":"Talkpal, Inc.","foundingDate":"2023-04-03","duns":"118989042","numberOfEmployees":{"@type":"QuantitativeValue","minValue":"11","maxValue":"50"},"publishingPrinciples":"https:\/\/talkpal.ai\/publishing-principles\/","actionableFeedbackPolicy":"https:\/\/talkpal.ai\/actionable-feedback-policy\/","correctionsPolicy":"https:\/\/talkpal.ai\/corrections-policy\/","ethicsPolicy":"https:\/\/talkpal.ai\/ethics-policy\/","diversityPolicy":"https:\/\/talkpal.ai\/diversity-policy\/","diversityStaffingReport":"https:\/\/talkpal.ai\/diversity-policy\/"}]}},"_links":{"self":[{"href":"https:\/\/talkpal.ai\/fi\/wp-json\/wp\/v2\/pages\/135788","targetHints":{"allow":["GET"]}}],"collection":[{"href":"https:\/\/talkpal.ai\/fi\/wp-json\/wp\/v2\/pages"}],"about":[{"href":"https:\/\/talkpal.ai\/fi\/wp-json\/wp\/v2\/types\/page"}],"author":[{"embeddable":true,"href":"https:\/\/talkpal.ai\/fi\/wp-json\/wp\/v2\/users\/6"}],"replies":[{"embeddable":true,"href":"https:\/\/talkpal.ai\/fi\/wp-json\/wp\/v2\/comments?post=135788"}],"version-history":[{"count":0,"href":"https:\/\/talkpal.ai\/fi\/wp-json\/wp\/v2\/pages\/135788\/revisions"}],"wp:featuredmedia":[{"embeddable":true,"href":"https:\/\/talkpal.ai\/fi\/wp-json\/wp\/v2\/media\/11620"}],"wp:attachment":[{"href":"https:\/\/talkpal.ai\/fi\/wp-json\/wp\/v2\/media?parent=135788"}],"curies":[{"name":"wp","href":"https:\/\/api.w.org\/{rel}","templated":true}]}}