{"id":135086,"date":"2023-06-16T10:27:33","date_gmt":"2023-06-16T10:27:33","guid":{"rendered":"http:\/\/talkpal.ai\/korean-kielioppiharjoitukset\/"},"modified":"2025-12-17T16:49:40","modified_gmt":"2025-12-17T16:49:40","slug":"korean-kielioppiharjoitukset","status":"publish","type":"page","link":"https:\/\/talkpal.ai\/fi\/korean-kielioppiharjoitukset\/","title":{"rendered":"Korean kielioppiharjoitukset"},"content":{"rendered":"\r\n\r\n\r\n<section class=\"languageChallengeSection\">\r\n    <div class=\"languageInfoWrapper\">\r\n        \r\n        <h1>Korean kielioppiharjoitukset<\/h1>\r\n        <p>Haluatko vahvistaa <a href=\"https:\/\/talkpal.ai\/learn-korean\/\">korean<\/a> kielen taitojasi? Kielioppiharjoituksiin keskittyminen on hyv\u00e4 tapa hallita lauserakennetta, verbien p\u00e4\u00e4tteit\u00e4 ja jokap\u00e4iv\u00e4isi\u00e4 lauseita. Sukella ja harjoittele korean kielioppia s\u00e4\u00e4nn\u00f6llisesti &#8211; jokainen harjoitus vie sinut l\u00e4hemm\u00e4s luonnollista ja itsevarmaa viestint\u00e4\u00e4. Aloita jo t\u00e4n\u00e4\u00e4n ja katso, kuinka korean kielen taitosi kasvavat askel askeleelta!<\/p>\r\n\r\n                            <a class=\"getStartedHidden\" href=\"https:\/\/app.talkpal.ai\/fi\/signup?lng=\">Aloita<\/a>\r\n        \r\n    <\/div>\r\n\r\n    <figure>\r\n    <img decoding=\"async\" width=\"768\" height=\"768\" src=\"https:\/\/talkpal.ai\/wp-content\/uploads\/2023\/06\/korean-768x768.png\" class=\"languageImage no-lazy\" alt=\"Default alt text\" fetchpriority=\"high\" sizes=\"(max-width: 768px) 150px, 768px\" srcset=\"https:\/\/talkpal.ai\/wp-content\/uploads\/2023\/06\/korean-768x768.png 768w, https:\/\/talkpal.ai\/wp-content\/uploads\/2023\/06\/korean-300x300.png 300w\" \/>\r\n    \r\n\r\n    <\/figure>\r\n\r\n            <a class=\"getStartedVisible\" href=\"https:\/\/app.talkpal.ai\/fi\/signup?lng=\">Aloita<\/a>\r\n    \r\n<\/section>\r\n\r\n\r\n<!-- <section class=\"grammarSection\">\r\n    <div class=\"grammarLinks\">\r\n        <a href=\"https:\/\/talkpal.ai\/fi\/exercise_language\/adjektiivit-korean-kielioppi\/\">Adjektiivit <\/a><a href=\"https:\/\/talkpal.ai\/fi\/exercise_language\/adverbit-korean-kielioppi\/\">Adverbit <\/a><a href=\"https:\/\/talkpal.ai\/fi\/exercise_language\/aikamuodot-konjunktiivi-korean-kielioppi\/\">Aikamuodot Konjunktiivi <\/a><a href=\"https:\/\/talkpal.ai\/fi\/exercise_language\/aikamuotojen-vertailu-korean-kielioppi\/\">Aikamuotojen vertailu <\/a><a href=\"https:\/\/talkpal.ai\/fi\/exercise_language\/artikkelit-korean-kielioppi\/\">Artikkelit <\/a><a href=\"https:\/\/talkpal.ai\/fi\/exercise_language\/indikatiiviset-aikamuodot-korean-kielioppi\/\">Indikatiiviset aikamuodot <\/a><a href=\"https:\/\/talkpal.ai\/fi\/exercise_language\/lauserakenne-korean-kielioppi\/\">Lauserakenne <\/a><a href=\"https:\/\/talkpal.ai\/fi\/exercise_language\/prepositiot-korean-kielioppi\/\">Prepositiot <\/a><a href=\"https:\/\/talkpal.ai\/fi\/exercise_language\/pronominit-korean-kielioppi\/\">Pronominit <\/a><a href=\"https:\/\/talkpal.ai\/fi\/exercise_language\/substantiivit-korean-kielioppi\/\">Substantiivit <\/a><a href=\"https:\/\/talkpal.ai\/fi\/exercise_language\/verbit-korean-kielioppi\/\">Verbit <\/a>    <\/div>\r\n<\/section> -->\r\n\r\n\r\n\r\n\r\n        <section class=\"grammarSection\">\r\n            <div class=\"grammarLinks\">\r\n                <a href=\"https:\/\/talkpal.ai\/fi\/exercise_language\/adjektiivit-korean-kielioppi\/\">Adjektiivit <\/a><a href=\"https:\/\/talkpal.ai\/fi\/exercise_language\/adverbit-korean-kielioppi\/\">Adverbit <\/a><a href=\"https:\/\/talkpal.ai\/fi\/exercise_language\/aikamuodot-konjunktiivi-korean-kielioppi\/\">Aikamuodot Konjunktiivi <\/a><a href=\"https:\/\/talkpal.ai\/fi\/exercise_language\/aikamuotojen-vertailu-korean-kielioppi\/\">Aikamuotojen vertailu <\/a><a href=\"https:\/\/talkpal.ai\/fi\/exercise_language\/artikkelit-korean-kielioppi\/\">Artikkelit <\/a><a href=\"https:\/\/talkpal.ai\/fi\/exercise_language\/indikatiiviset-aikamuodot-korean-kielioppi\/\">Indikatiiviset aikamuodot <\/a><a href=\"https:\/\/talkpal.ai\/fi\/exercise_language\/lauserakenne-korean-kielioppi\/\">Lauserakenne <\/a><a href=\"https:\/\/talkpal.ai\/fi\/exercise_language\/prepositiot-korean-kielioppi\/\">Prepositiot <\/a><a href=\"https:\/\/talkpal.ai\/fi\/exercise_language\/pronominit-korean-kielioppi\/\">Pronominit <\/a><a href=\"https:\/\/talkpal.ai\/fi\/exercise_language\/substantiivit-korean-kielioppi\/\">Substantiivit <\/a><a href=\"https:\/\/talkpal.ai\/fi\/exercise_language\/verbit-korean-kielioppi\/\">Verbit <\/a>            <\/div>\r\n        <\/section>\r\n<section class=\"promotionalBanner\">\r\n    <p class=\"promotionalText\">Tehokkain tapa oppia kielt\u00e4<\/p>\r\n    <a class=\"promotionalLink\" href=\"https:\/\/app.talkpal.ai\/fi\/signup?lng=\">Kokeile Talkpal ilmaiseksi<\/a>\r\n<\/section>\n<div class=\"wp-block-group pageContainerStyle\"><div class=\"wp-block-group__inner-container is-layout-constrained wp-block-group-is-layout-constrained\">\n<h2 class=\"wp-block-heading\" id=\"h-korean-grammar-topics\">Korean kieliopin aiheet<\/h2>\n\n\n\n<p>Korean oppiminen voi olla j\u00e4nnitt\u00e4v\u00e4 ja palkitseva kokemus, koska se avaa uusia kulttuurisia ja ammatillisia mahdollisuuksia. Korean kielell\u00e4 on rikas historia, ja sit\u00e4 puhuvat miljoonat ihmiset ymp\u00e4ri maailmaa. Yksi kielen oppimisen keskeisist\u00e4 n\u00e4k\u00f6kohdista on sen kieliopin ymm\u00e4rt\u00e4minen. <a href=\"https:\/\/talkpal.ai\/korean-grammar\/\">Korean kielioppi<\/a> on melko erilainen kuin monet l\u00e4nsimaiset kielet, mutta oikealla l\u00e4hestymistavalla se voidaan ymm\u00e4rt\u00e4\u00e4 j\u00e4rjestelm\u00e4llisesti. T\u00e4ss\u00e4 artikkelissa tutkimme erilaisia korean kielioppiaiheita, mukaan lukien aikamuodot, verbit, substantiivit, artikkelit, pronominit, adjektiivit, <a href=\"https:\/\/talkpal.ai\/fi\/grammar\/paikan-tsekin-kielioppi-adverbit\/\">adverbit<\/a>, <a href=\"https:\/\/talkpal.ai\/fi\/grammar\/kohdan-kannadan-kieliopissa-prepositiot\/\">prepositiot<\/a> ja lauserakenne. Ymm\u00e4rt\u00e4m\u00e4ll\u00e4 ja hallitsemalla n\u00e4m\u00e4 k\u00e4sitteet olet hyvin matkalla korean kielen taitoon.<\/p>\n\n\n\n<h3 class=\"wp-block-heading\" id=\"h-1-nouns\">1. Substantiivit:<\/h3>\n\n\n\n<p>Koreassa substantiivit ovat lauseiden olennaisia rakennuspalikoita. Ne edustavat ihmisi\u00e4, paikkoja, asioita <a href=\"https:\/\/talkpal.ai\/learn-thai\/\">tai<\/a> ideoita. Korean substantiiveilla ei ole sukupuoli- tai numeroeroja, joten ne on suhteellisen helppo oppia. Tutustuminen yleisiin korealaisiin substantiiveihin auttaa sinua rakentamaan vahvan sanaston perustan.<\/p>\n\n\n\n<h3 class=\"wp-block-heading\" id=\"h-2-verbs\">2. Verbit:<\/h3>\n\n\n\n<p>Korean verbit ovat kriittisi\u00e4 toimintojen ja olotilojen v\u00e4litt\u00e4misess\u00e4. Ne tulevat yleens\u00e4 lauseen lopussa ja niill\u00e4 on erilaisia muotoja j\u00e4nnittyneisyyden ja kohteliaisuuden tasosta riippuen. Eri verbimuotojen taivutuss\u00e4\u00e4nt\u00f6jen ymm\u00e4rt\u00e4minen on v\u00e4ltt\u00e4m\u00e4t\u00f6nt\u00e4 tehokkaan koreankielisen viestinn\u00e4n kannalta.<\/p>\n\n\n\n<h3 class=\"wp-block-heading\" id=\"h-3-adjectives\">3. Adjektiivit:<\/h3>\n\n\n\n<p>Koreassa adjektiiveja k\u00e4ytet\u00e4\u00e4n kuvaamaan substantiiveja ja niill\u00e4 on samanlaiset taivutuss\u00e4\u00e4nn\u00f6t kuin verbeill\u00e4. Niit\u00e4 voidaan k\u00e4ytt\u00e4\u00e4 ennen substantiivia tai sen j\u00e4lkeen, ja niiden muoto voi muuttua j\u00e4nnittyneen ja kohteliaisuustason mukaan. Yleisten adjektiivien ja niiden k\u00e4yt\u00f6n oppiminen parantaa korean kuvauskyky\u00e4si.<\/p>\n\n\n\n<h3 class=\"wp-block-heading\" id=\"h-4-adverbs\">4. Adverbit:<\/h3>\n\n\n\n<p>Koreankieliset <a href=\"https:\/\/talkpal.ai\/fi\/grammar\/paikan-tsekin-kielioppi-adverbit\/\">adverbit<\/a> tarjoavat lis\u00e4tietoja verbeist\u00e4, adjektiiveista tai muista adverbeista. Ne tulevat yleens\u00e4 ennen sanaa, jota ne muokkaavat, eik\u00e4 niill\u00e4 ole erityisi\u00e4 taivutuss\u00e4\u00e4nt\u00f6j\u00e4. <a href=\"https:\/\/talkpal.ai\/ar\/grammar_exercises\/adverbien-%d8%aa%d9%85%d8%a7%d8%b1%d9%8a%d9%86-%d9%84%d9%84%d9%82%d9%88%d8%a7%d8%b9%d8%af-%d8%a7%d9%84%d8%a3%d9%84%d9%85%d8%a7%d9%86%d9%8a%d8%a9\/\">Adverbien<\/a> sis\u00e4llytt\u00e4minen korealaisiin lauseisiin voi lis\u00e4t\u00e4 ilmaisuun syvyytt\u00e4 ja vivahteita.<\/p>\n\n\n\n<h3 class=\"wp-block-heading\" id=\"h-5-pronouns\">5. Pronominit:<\/h3>\n\n\n\n<p>Korean nimimerkit auttavat v\u00e4ltt\u00e4m\u00e4\u00e4n redundanssia ja tekem\u00e4\u00e4n lauseista tiiviimpi\u00e4. Ne korvaavat substantiivit, jotka on jo mainittu tai ymm\u00e4rretty kontekstissa. Korean pronomineilla on erilaisia muotoja, jotka perustuvat henkil\u00f6n sosiaaliseen asemaan ja sukupuoleen, joten niiden hallitseminen on t\u00e4rke\u00e4 osa kielt\u00e4.<\/p>\n\n\n\n<h3 class=\"wp-block-heading\" id=\"h-6-prepositions\">6. Prepositiot:<\/h3>\n\n\n\n<p>Koreassa prepositioita k\u00e4ytet\u00e4\u00e4n ilmaisemaan lauseen substantiivien v\u00e4lisi\u00e4 suhteita, kuten sijainti, suunta tai hallussapito. Toisin kuin englanti, korealaiset <a href=\"https:\/\/talkpal.ai\/fi\/grammar\/kohdan-kannadan-kieliopissa-prepositiot\/\">prepositiot<\/a> tulevat yleens\u00e4 muokkaamansa substantiivin j\u00e4lkeen muodostaen yhden yksik\u00f6n, jota kutsutaan postpositionaaliseksi lauseeksi. N\u00e4iden hiukkasten oikean k\u00e4yt\u00f6n ymm\u00e4rt\u00e4minen on ratkaisevan t\u00e4rke\u00e4\u00e4 johdonmukaisten korealaisten lauseiden rakentamiseksi.<\/p>\n\n\n\n<h3 class=\"wp-block-heading\" id=\"h-7-sentence-structure\">7. Lauseen rakenne:<\/h3>\n\n\n\n<p>Korean lauseen perusrakenne on subjekti-objekti-verbi (SOV). T\u00e4m\u00e4 tarkoittaa, ett\u00e4 verbi tulee tyypillisesti lauseen viimeiseksi, mik\u00e4 voi olla merkitt\u00e4v\u00e4 muutos englanninkielisille. Oikean sanaj\u00e4rjestyksen ja lauserakenteen oppiminen antaa sinun kommunikoida tehokkaammin koreaksi.<\/p>\n\n\n\n<h3 class=\"wp-block-heading\" id=\"h-8-tenses-indicative-and-subjunctive\">8. Aikamuodot indikatiivi ja subjunktiivi:<\/h3>\n\n\n\n<p>Korealla on erilaisia verbimuotoja ilmaisemaan menneit\u00e4, nykyisi\u00e4 ja tulevia toimia tai tiloja. Indikatiivista tunnelmaa k\u00e4ytet\u00e4\u00e4n tosiasioihin, kun taas subjunktiivinen mieliala v\u00e4litt\u00e4\u00e4 ep\u00e4varmuutta, mahdollisuutta tai hypoteettisia tilanteita. N\u00e4iden verbimuotojen tunnistaminen ja k\u00e4ytt\u00e4minen oikein on v\u00e4ltt\u00e4m\u00e4t\u00f6nt\u00e4 selke\u00e4lle viestinn\u00e4lle koreaksi.<\/p>\n\n\n\n<h3 class=\"wp-block-heading\" id=\"h-9-tense-comparison\">9. Aikamuotojen vertailu:<\/h3>\n\n\n\n<p>Eri aikav\u00e4lien tapahtumien vertailu edellytt\u00e4\u00e4 korean verbitaivuttajan vivahteiden ymm\u00e4rt\u00e4mist\u00e4. Oppimalla vertaamaan menneit\u00e4, nykyisi\u00e4 ja tulevia tapahtumia sopivien verbimuotojen avulla voit v\u00e4litt\u00e4\u00e4 monimutkaisia ideoita ja suhteita koreaksi.<\/p>\n\n\n\n<h3 class=\"wp-block-heading\" id=\"h-10-articles\">10. Artiklat:<\/h3>\n\n\n\n<p>Toisin kuin englannissa, koreassa ei ole tarkkoja tai m\u00e4\u00e4rittelem\u00e4tt\u00f6mi\u00e4 artikkeleita. Sen sijaan kieli perustuu kontekstiin ja tiettyjen hiukkasten k\u00e4ytt\u00f6\u00f6n substantiivin varmuuden tai m\u00e4\u00e4rittelem\u00e4tt\u00f6myyden v\u00e4litt\u00e4miseksi. N\u00e4iden hiukkasten hallitseminen antaa sinulle mahdollisuuden ilmaista itse\u00e4si tarkemmin koreaksi.<\/p>\n<\/div><\/div>\n\r\n<section class=\"learnNavigationSection\">\r\n            \r\n        <a href=\"https:\/\/talkpal.ai\/fi\/opi-koreaa\/\">\r\n            <div class=\"learnNavigationWrapper\">\r\n                <div class=\"learnNavigationContent\">\r\n                    <img decoding=\"async\" src=\"https:\/\/talkpal.ai\/wp-content\/uploads\/2024\/08\/Korean.jpg\" alt=\"Korean Flag\">\r\n                    <div>\r\n                        <h4>Tietoja korean kielen oppimisesta<\/h4>\r\n                        <p>Tutustu korean kielioppiin.<\/p>\r\n                    <\/div>\r\n                <\/div>\r\n            <\/div>\r\n        <\/a>\r\n\r\n        \r\n        <a href=\"https:\/\/talkpal.ai\/fi\/korean-kielioppi\/\">\r\n            <div class=\"learnNavigationWrapper\">\r\n                <div class=\"learnNavigationContent\">\r\n                    <img decoding=\"async\" src=\"https:\/\/talkpal.ai\/wp-content\/uploads\/2024\/08\/Korean.jpg\" alt=\"Korean Flag\">\r\n                    <div>\r\n                        <h4>Korean kieliopin oppitunnit<\/h4>\r\n                        <p>Harjoittele korean kielioppia.<\/p>\r\n                    <\/div>\r\n                <\/div>\r\n            <\/div>\r\n        <\/a>\r\n\r\n        \r\n        <a href=\"https:\/\/talkpal.ai\/vocabulary_language\/korean\/\">\r\n            <div class=\"learnNavigationWrapper\">\r\n                <div class=\"learnNavigationContent\">\r\n                    <img decoding=\"async\" src=\"https:\/\/talkpal.ai\/wp-content\/uploads\/2024\/08\/Korean.jpg\" alt=\"Korean Flag\">\r\n                    <div>\r\n                        <h4>Korean sanasto<\/h4>\r\n                        <p>Laajenna korealaista sanavarastoasi.<\/p>\r\n                    <\/div>\r\n                <\/div>\r\n            <\/div>\r\n        <\/a>\r\n\r\n            <\/section>","protected":false},"excerpt":{"rendered":"<p>Korean kieliopin aiheet Korean oppiminen voi olla j\u00e4nnitt\u00e4v\u00e4 ja palkitseva kokemus, koska se avaa uusia kulttuurisia ja ammatillisia mahdollisuuksia. Korean kielell\u00e4 on rikas historia, ja sit\u00e4 puhuvat miljoonat ihmiset ymp\u00e4ri maailmaa. Yksi kielen oppimisen keskeisist\u00e4 n\u00e4k\u00f6kohdista on sen kieliopin ymm\u00e4rt\u00e4minen. Korean kielioppi on melko erilainen kuin monet l\u00e4nsimaiset kielet, mutta oikealla l\u00e4hestymistavalla se voidaan ymm\u00e4rt\u00e4\u00e4 [&hellip;]<\/p>\n","protected":false},"author":6,"featured_media":11606,"parent":0,"menu_order":0,"comment_status":"closed","ping_status":"closed","template":"LearningContentPage.php","meta":{"_acf_changed":false,"footnotes":""},"class_list":["post-135086","page","type-page","status-publish","has-post-thumbnail","hentry"],"acf":[],"yoast_head":"<!-- This site is optimized with the Yoast SEO Premium plugin v27.2 (Yoast SEO v27.2) - https:\/\/yoast.com\/product\/yoast-seo-premium-wordpress\/ -->\n<title>Korean kielioppiharjoitukset - Talkpal<\/title>\n<meta name=\"description\" content=\"Paranna korean kielioppia helposti - harjoittele interaktiivisilla harjoituksilla, hallitse kielimalleja ja rakenna itseluottamusta\" \/>\n<meta name=\"robots\" content=\"index, follow, max-snippet:-1, max-image-preview:large, max-video-preview:-1\" \/>\n<link rel=\"canonical\" href=\"https:\/\/talkpal.ai\/fi\/korean-kielioppiharjoitukset\/\" \/>\n<meta property=\"og:locale\" content=\"fi_FI\" \/>\n<meta property=\"og:type\" content=\"article\" \/>\n<meta property=\"og:title\" content=\"Korean kielioppiharjoitukset\" \/>\n<meta property=\"og:description\" content=\"Korean kieliopin aiheet Korean oppiminen voi olla j\u00e4nnitt\u00e4v\u00e4 ja palkitseva kokemus, koska se avaa uusia kulttuurisia ja ammatillisia mahdollisuuksia.\" \/>\n<meta property=\"og:url\" content=\"https:\/\/talkpal.ai\/fi\/korean-kielioppiharjoitukset\/\" \/>\n<meta property=\"og:site_name\" content=\"Talkpal\" \/>\n<meta property=\"article:publisher\" content=\"https:\/\/www.facebook.com\/profile.php?id=100090733639311\" \/>\n<meta property=\"article:modified_time\" content=\"2025-12-17T16:49:40+00:00\" \/>\n<meta property=\"og:image\" content=\"https:\/\/talkpal.ai\/wp-content\/uploads\/2023\/04\/south-korea.png\" \/>\n\t<meta property=\"og:image:width\" content=\"512\" \/>\n\t<meta property=\"og:image:height\" content=\"512\" \/>\n\t<meta property=\"og:image:type\" content=\"image\/png\" \/>\n<meta name=\"twitter:card\" content=\"summary_large_image\" \/>\n<meta name=\"twitter:site\" content=\"@talkpalai\" \/>\n<meta name=\"twitter:label1\" content=\"Arvioitu lukuaika\" \/>\n\t<meta name=\"twitter:data1\" content=\"3 minuuttia\" \/>\n<script type=\"application\/ld+json\" class=\"yoast-schema-graph\">{\"@context\":\"https:\/\/schema.org\",\"@graph\":[{\"@type\":\"WebPage\",\"@id\":\"https:\/\/talkpal.ai\/fi\/korean-kielioppiharjoitukset\/\",\"url\":\"https:\/\/talkpal.ai\/fi\/korean-kielioppiharjoitukset\/\",\"name\":\"Korean kielioppiharjoitukset - Talkpal\",\"isPartOf\":{\"@id\":\"https:\/\/talkpal.ai\/fi\/#website\"},\"primaryImageOfPage\":{\"@id\":\"https:\/\/talkpal.ai\/fi\/korean-kielioppiharjoitukset\/#primaryimage\"},\"image\":{\"@id\":\"https:\/\/talkpal.ai\/fi\/korean-kielioppiharjoitukset\/#primaryimage\"},\"thumbnailUrl\":\"https:\/\/talkpal.ai\/wp-content\/uploads\/2023\/04\/south-korea.png\",\"datePublished\":\"2023-06-16T10:27:33+00:00\",\"dateModified\":\"2025-12-17T16:49:40+00:00\",\"description\":\"Paranna korean kielioppia helposti - harjoittele interaktiivisilla harjoituksilla, hallitse kielimalleja ja rakenna itseluottamusta\",\"breadcrumb\":{\"@id\":\"https:\/\/talkpal.ai\/fi\/korean-kielioppiharjoitukset\/#breadcrumb\"},\"inLanguage\":\"fi\",\"potentialAction\":[{\"@type\":\"ReadAction\",\"target\":[\"https:\/\/talkpal.ai\/fi\/korean-kielioppiharjoitukset\/\"]}]},{\"@type\":\"ImageObject\",\"inLanguage\":\"fi\",\"@id\":\"https:\/\/talkpal.ai\/fi\/korean-kielioppiharjoitukset\/#primaryimage\",\"url\":\"https:\/\/talkpal.ai\/wp-content\/uploads\/2023\/04\/south-korea.png\",\"contentUrl\":\"https:\/\/talkpal.ai\/wp-content\/uploads\/2023\/04\/south-korea.png\",\"width\":512,\"height\":512},{\"@type\":\"BreadcrumbList\",\"@id\":\"https:\/\/talkpal.ai\/fi\/korean-kielioppiharjoitukset\/#breadcrumb\",\"itemListElement\":[{\"@type\":\"ListItem\",\"position\":1,\"name\":\"Homepage\",\"item\":\"https:\/\/talkpal.ai\/fi\/\"},{\"@type\":\"ListItem\",\"position\":2,\"name\":\"Korean kielioppiharjoitukset\"}]},{\"@type\":\"WebSite\",\"@id\":\"https:\/\/talkpal.ai\/fi\/#website\",\"url\":\"https:\/\/talkpal.ai\/fi\/\",\"name\":\"Talkpal\",\"description\":\"AI Language Learning\",\"publisher\":{\"@id\":\"https:\/\/talkpal.ai\/fi\/#organization\"},\"alternateName\":\"Talkpal AI\",\"potentialAction\":[{\"@type\":\"SearchAction\",\"target\":{\"@type\":\"EntryPoint\",\"urlTemplate\":\"https:\/\/talkpal.ai\/fi\/?s={search_term_string}\"},\"query-input\":{\"@type\":\"PropertyValueSpecification\",\"valueRequired\":true,\"valueName\":\"search_term_string\"}}],\"inLanguage\":\"fi\"},{\"@type\":\"Organization\",\"@id\":\"https:\/\/talkpal.ai\/fi\/#organization\",\"name\":\"Talkpal, Inc.\",\"alternateName\":\"Talkpal AI\",\"url\":\"https:\/\/talkpal.ai\/fi\/\",\"logo\":{\"@type\":\"ImageObject\",\"inLanguage\":\"fi\",\"@id\":\"https:\/\/talkpal.ai\/fi\/#\/schema\/logo\/image\/\",\"url\":\"https:\/\/talkpal.ai\/wp-content\/uploads\/2024\/03\/Talkpal-Logo-Icon.png\",\"contentUrl\":\"https:\/\/talkpal.ai\/wp-content\/uploads\/2024\/03\/Talkpal-Logo-Icon.png\",\"width\":2880,\"height\":2880,\"caption\":\"Talkpal, Inc.\"},\"image\":{\"@id\":\"https:\/\/talkpal.ai\/fi\/#\/schema\/logo\/image\/\"},\"sameAs\":[\"https:\/\/www.facebook.com\/profile.php?id=100090733639311\",\"https:\/\/x.com\/talkpalai\",\"https:\/\/www.linkedin.com\/company\/talkpal\/\",\"https:\/\/www.youtube.com\/@TalkPal\/\",\"https:\/\/www.tiktok.com\/@talkpal\",\"https:\/\/www.instagram.com\/talkpal_ai\/\",\"https:\/\/www.crunchbase.com\/organization\/talkpal-9cde\",\"https:\/\/www.g2.com\/products\/talkpal-for-business\/\",\"https:\/\/www.trustpilot.com\/review\/talkpal.ai\",\"https:\/\/www.capterra.com\/p\/10006800\/TalkPal\/\"],\"description\":\"Talkpal is a language learning web and mobile education app, powered by the latest AI technologies, that provides engaging experiences to its customers in many different languages to help them improve their language skills. Users can chat about unlimited amount of topics with the app and use other modes to practice their language learning.\",\"email\":\"support@talkpal.ai\",\"legalName\":\"Talkpal, Inc.\",\"foundingDate\":\"2023-04-03\",\"duns\":\"118989042\",\"numberOfEmployees\":{\"@type\":\"QuantitativeValue\",\"minValue\":\"11\",\"maxValue\":\"50\"},\"publishingPrinciples\":\"https:\/\/talkpal.ai\/publishing-principles\/\",\"actionableFeedbackPolicy\":\"https:\/\/talkpal.ai\/actionable-feedback-policy\/\",\"correctionsPolicy\":\"https:\/\/talkpal.ai\/corrections-policy\/\",\"ethicsPolicy\":\"https:\/\/talkpal.ai\/ethics-policy\/\",\"diversityPolicy\":\"https:\/\/talkpal.ai\/diversity-policy\/\",\"diversityStaffingReport\":\"https:\/\/talkpal.ai\/diversity-policy\/\"}]}<\/script>\n<!-- \/ Yoast SEO Premium plugin. -->","yoast_head_json":{"title":"Korean kielioppiharjoitukset - Talkpal","description":"Paranna korean kielioppia helposti - harjoittele interaktiivisilla harjoituksilla, hallitse kielimalleja ja rakenna itseluottamusta","robots":{"index":"index","follow":"follow","max-snippet":"max-snippet:-1","max-image-preview":"max-image-preview:large","max-video-preview":"max-video-preview:-1"},"canonical":"https:\/\/talkpal.ai\/fi\/korean-kielioppiharjoitukset\/","og_locale":"fi_FI","og_type":"article","og_title":"Korean kielioppiharjoitukset","og_description":"Korean kieliopin aiheet Korean oppiminen voi olla j\u00e4nnitt\u00e4v\u00e4 ja palkitseva kokemus, koska se avaa uusia kulttuurisia ja ammatillisia mahdollisuuksia.","og_url":"https:\/\/talkpal.ai\/fi\/korean-kielioppiharjoitukset\/","og_site_name":"Talkpal","article_publisher":"https:\/\/www.facebook.com\/profile.php?id=100090733639311","article_modified_time":"2025-12-17T16:49:40+00:00","og_image":[{"width":512,"height":512,"url":"https:\/\/talkpal.ai\/wp-content\/uploads\/2023\/04\/south-korea.png","type":"image\/png"}],"twitter_card":"summary_large_image","twitter_site":"@talkpalai","twitter_misc":{"Arvioitu lukuaika":"3 minuuttia"},"schema":{"@context":"https:\/\/schema.org","@graph":[{"@type":"WebPage","@id":"https:\/\/talkpal.ai\/fi\/korean-kielioppiharjoitukset\/","url":"https:\/\/talkpal.ai\/fi\/korean-kielioppiharjoitukset\/","name":"Korean kielioppiharjoitukset - Talkpal","isPartOf":{"@id":"https:\/\/talkpal.ai\/fi\/#website"},"primaryImageOfPage":{"@id":"https:\/\/talkpal.ai\/fi\/korean-kielioppiharjoitukset\/#primaryimage"},"image":{"@id":"https:\/\/talkpal.ai\/fi\/korean-kielioppiharjoitukset\/#primaryimage"},"thumbnailUrl":"https:\/\/talkpal.ai\/wp-content\/uploads\/2023\/04\/south-korea.png","datePublished":"2023-06-16T10:27:33+00:00","dateModified":"2025-12-17T16:49:40+00:00","description":"Paranna korean kielioppia helposti - harjoittele interaktiivisilla harjoituksilla, hallitse kielimalleja ja rakenna itseluottamusta","breadcrumb":{"@id":"https:\/\/talkpal.ai\/fi\/korean-kielioppiharjoitukset\/#breadcrumb"},"inLanguage":"fi","potentialAction":[{"@type":"ReadAction","target":["https:\/\/talkpal.ai\/fi\/korean-kielioppiharjoitukset\/"]}]},{"@type":"ImageObject","inLanguage":"fi","@id":"https:\/\/talkpal.ai\/fi\/korean-kielioppiharjoitukset\/#primaryimage","url":"https:\/\/talkpal.ai\/wp-content\/uploads\/2023\/04\/south-korea.png","contentUrl":"https:\/\/talkpal.ai\/wp-content\/uploads\/2023\/04\/south-korea.png","width":512,"height":512},{"@type":"BreadcrumbList","@id":"https:\/\/talkpal.ai\/fi\/korean-kielioppiharjoitukset\/#breadcrumb","itemListElement":[{"@type":"ListItem","position":1,"name":"Homepage","item":"https:\/\/talkpal.ai\/fi\/"},{"@type":"ListItem","position":2,"name":"Korean kielioppiharjoitukset"}]},{"@type":"WebSite","@id":"https:\/\/talkpal.ai\/fi\/#website","url":"https:\/\/talkpal.ai\/fi\/","name":"Talkpal","description":"AI Language Learning","publisher":{"@id":"https:\/\/talkpal.ai\/fi\/#organization"},"alternateName":"Talkpal AI","potentialAction":[{"@type":"SearchAction","target":{"@type":"EntryPoint","urlTemplate":"https:\/\/talkpal.ai\/fi\/?s={search_term_string}"},"query-input":{"@type":"PropertyValueSpecification","valueRequired":true,"valueName":"search_term_string"}}],"inLanguage":"fi"},{"@type":"Organization","@id":"https:\/\/talkpal.ai\/fi\/#organization","name":"Talkpal, Inc.","alternateName":"Talkpal AI","url":"https:\/\/talkpal.ai\/fi\/","logo":{"@type":"ImageObject","inLanguage":"fi","@id":"https:\/\/talkpal.ai\/fi\/#\/schema\/logo\/image\/","url":"https:\/\/talkpal.ai\/wp-content\/uploads\/2024\/03\/Talkpal-Logo-Icon.png","contentUrl":"https:\/\/talkpal.ai\/wp-content\/uploads\/2024\/03\/Talkpal-Logo-Icon.png","width":2880,"height":2880,"caption":"Talkpal, Inc."},"image":{"@id":"https:\/\/talkpal.ai\/fi\/#\/schema\/logo\/image\/"},"sameAs":["https:\/\/www.facebook.com\/profile.php?id=100090733639311","https:\/\/x.com\/talkpalai","https:\/\/www.linkedin.com\/company\/talkpal\/","https:\/\/www.youtube.com\/@TalkPal\/","https:\/\/www.tiktok.com\/@talkpal","https:\/\/www.instagram.com\/talkpal_ai\/","https:\/\/www.crunchbase.com\/organization\/talkpal-9cde","https:\/\/www.g2.com\/products\/talkpal-for-business\/","https:\/\/www.trustpilot.com\/review\/talkpal.ai","https:\/\/www.capterra.com\/p\/10006800\/TalkPal\/"],"description":"Talkpal is a language learning web and mobile education app, powered by the latest AI technologies, that provides engaging experiences to its customers in many different languages to help them improve their language skills. Users can chat about unlimited amount of topics with the app and use other modes to practice their language learning.","email":"support@talkpal.ai","legalName":"Talkpal, Inc.","foundingDate":"2023-04-03","duns":"118989042","numberOfEmployees":{"@type":"QuantitativeValue","minValue":"11","maxValue":"50"},"publishingPrinciples":"https:\/\/talkpal.ai\/publishing-principles\/","actionableFeedbackPolicy":"https:\/\/talkpal.ai\/actionable-feedback-policy\/","correctionsPolicy":"https:\/\/talkpal.ai\/corrections-policy\/","ethicsPolicy":"https:\/\/talkpal.ai\/ethics-policy\/","diversityPolicy":"https:\/\/talkpal.ai\/diversity-policy\/","diversityStaffingReport":"https:\/\/talkpal.ai\/diversity-policy\/"}]}},"_links":{"self":[{"href":"https:\/\/talkpal.ai\/fi\/wp-json\/wp\/v2\/pages\/135086","targetHints":{"allow":["GET"]}}],"collection":[{"href":"https:\/\/talkpal.ai\/fi\/wp-json\/wp\/v2\/pages"}],"about":[{"href":"https:\/\/talkpal.ai\/fi\/wp-json\/wp\/v2\/types\/page"}],"author":[{"embeddable":true,"href":"https:\/\/talkpal.ai\/fi\/wp-json\/wp\/v2\/users\/6"}],"replies":[{"embeddable":true,"href":"https:\/\/talkpal.ai\/fi\/wp-json\/wp\/v2\/comments?post=135086"}],"version-history":[{"count":0,"href":"https:\/\/talkpal.ai\/fi\/wp-json\/wp\/v2\/pages\/135086\/revisions"}],"wp:featuredmedia":[{"embeddable":true,"href":"https:\/\/talkpal.ai\/fi\/wp-json\/wp\/v2\/media\/11606"}],"wp:attachment":[{"href":"https:\/\/talkpal.ai\/fi\/wp-json\/wp\/v2\/media?parent=135086"}],"curies":[{"name":"wp","href":"https:\/\/api.w.org\/{rel}","templated":true}]}}