{"id":134725,"date":"2023-06-16T10:21:59","date_gmt":"2023-06-16T10:21:59","guid":{"rendered":"http:\/\/talkpal.ai\/japanin-kielioppiharjoitukset\/"},"modified":"2025-12-17T16:57:00","modified_gmt":"2025-12-17T16:57:00","slug":"japanin-kielioppiharjoitukset","status":"publish","type":"page","link":"https:\/\/talkpal.ai\/fi\/japanin-kielioppiharjoitukset\/","title":{"rendered":"Japanin kielioppiharjoitukset"},"content":{"rendered":"\r\n\r\n\r\n<section class=\"languageChallengeSection\">\r\n    <div class=\"languageInfoWrapper\">\r\n        \r\n        <h1>Japanin kielioppiharjoitukset<\/h1>\r\n        <p>Oletko valmis viem\u00e4\u00e4n japanin kielen taitosi seuraavalle tasolle? Kielioppiharjoitukset ovat loistava tapa ymm\u00e4rt\u00e4\u00e4 lausekuvioita, k\u00e4ytt\u00e4\u00e4 partikkeleita oikein ja tuntea kieli paremmin omakseen. Hypp\u00e4\u00e4 mukaan, kokeile uusia kielioppikohtia ja n\u00e4e, miten jokainen harjoitus vie sinua l\u00e4hemm\u00e4s sujuvuutta &#8211; aloita japanin kieliopin harjoittelu jo t\u00e4n\u00e4\u00e4n!<\/p>\r\n\r\n                            <a class=\"getStartedHidden\" href=\"https:\/\/app.talkpal.ai\/fi\/signup?lng=\">Aloita<\/a>\r\n        \r\n    <\/div>\r\n\r\n    <figure>\r\n    <img decoding=\"async\" width=\"768\" height=\"768\" src=\"https:\/\/talkpal.ai\/wp-content\/uploads\/2023\/06\/japanese-768x768.png\" class=\"languageImage no-lazy\" alt=\"Default alt text\" fetchpriority=\"high\" sizes=\"(max-width: 768px) 150px, 768px\" srcset=\"https:\/\/talkpal.ai\/wp-content\/uploads\/2023\/06\/japanese-768x768.png 768w, https:\/\/talkpal.ai\/wp-content\/uploads\/2023\/06\/japanese-300x300.png 300w\" \/>\r\n    \r\n\r\n    <\/figure>\r\n\r\n            <a class=\"getStartedVisible\" href=\"https:\/\/app.talkpal.ai\/fi\/signup?lng=\">Aloita<\/a>\r\n    \r\n<\/section>\r\n\r\n\r\n<!-- <section class=\"grammarSection\">\r\n    <div class=\"grammarLinks\">\r\n        <a href=\"https:\/\/talkpal.ai\/fi\/exercise_language\/adjektiivit-japanin-kielioppi\/\">Adjektiivit <\/a><a href=\"https:\/\/talkpal.ai\/fi\/exercise_language\/adverbit-japanin-kielioppi\/\">Adverbit <\/a><a href=\"https:\/\/talkpal.ai\/fi\/exercise_language\/aikamuodot-japanin-kielioppi\/\">Aikamuodot <\/a><a href=\"https:\/\/talkpal.ai\/fi\/exercise_language\/hiukkaset-japanin-kielioppi\/\">Hiukkaset <\/a><a href=\"https:\/\/talkpal.ai\/fi\/exercise_language\/ilmaisut-japanin-kielioppi\/\">Ilmaisut \u2013 Japanin kielioppi<\/a><a href=\"https:\/\/talkpal.ai\/fi\/exercise_language\/konjunktiot-japanin-kielioppi\/\">Konjunktiot <\/a><a href=\"https:\/\/talkpal.ai\/fi\/exercise_language\/kunniamerkit-japanin-kielioppi\/\">Kunniamerkit <\/a><a href=\"https:\/\/talkpal.ai\/fi\/exercise_language\/lauserakenne-japanin-kielioppi\/\">Lauserakenne <\/a><a href=\"https:\/\/talkpal.ai\/fi\/exercise_language\/numerot-japanin-kielioppi\/\">Numerot <\/a><a href=\"https:\/\/talkpal.ai\/fi\/exercise_language\/prepositiot-japanin-kielioppi\/\">Prepositiot <\/a><a href=\"https:\/\/talkpal.ai\/fi\/exercise_language\/pronominit-japanin-kielioppi\/\">Pronominit <\/a><a href=\"https:\/\/talkpal.ai\/fi\/exercise_language\/substantiivit-japanin-kielioppi\/\">Substantiivit <\/a><a href=\"https:\/\/talkpal.ai\/fi\/exercise_language\/verbien-taivutus-japanin-kielioppi\/\">Verbien taivutus <\/a><a href=\"https:\/\/talkpal.ai\/fi\/exercise_language\/verbit-japanin-kielioppi\/\">Verbit <\/a>    <\/div>\r\n<\/section> -->\r\n\r\n\r\n\r\n\r\n        <section class=\"grammarSection\">\r\n            <div class=\"grammarLinks\">\r\n                <a href=\"https:\/\/talkpal.ai\/fi\/exercise_language\/adjektiivit-japanin-kielioppi\/\">Adjektiivit <\/a><a href=\"https:\/\/talkpal.ai\/fi\/exercise_language\/adverbit-japanin-kielioppi\/\">Adverbit <\/a><a href=\"https:\/\/talkpal.ai\/fi\/exercise_language\/aikamuodot-japanin-kielioppi\/\">Aikamuodot <\/a><a href=\"https:\/\/talkpal.ai\/fi\/exercise_language\/hiukkaset-japanin-kielioppi\/\">Hiukkaset <\/a><a href=\"https:\/\/talkpal.ai\/fi\/exercise_language\/ilmaisut-japanin-kielioppi\/\">Ilmaisut \u2013 Japanin kielioppi<\/a><a href=\"https:\/\/talkpal.ai\/fi\/exercise_language\/konjunktiot-japanin-kielioppi\/\">Konjunktiot <\/a><a href=\"https:\/\/talkpal.ai\/fi\/exercise_language\/kunniamerkit-japanin-kielioppi\/\">Kunniamerkit <\/a><a href=\"https:\/\/talkpal.ai\/fi\/exercise_language\/lauserakenne-japanin-kielioppi\/\">Lauserakenne <\/a><a href=\"https:\/\/talkpal.ai\/fi\/exercise_language\/numerot-japanin-kielioppi\/\">Numerot <\/a><a href=\"https:\/\/talkpal.ai\/fi\/exercise_language\/prepositiot-japanin-kielioppi\/\">Prepositiot <\/a><a href=\"https:\/\/talkpal.ai\/fi\/exercise_language\/pronominit-japanin-kielioppi\/\">Pronominit <\/a><a href=\"https:\/\/talkpal.ai\/fi\/exercise_language\/substantiivit-japanin-kielioppi\/\">Substantiivit <\/a><a href=\"https:\/\/talkpal.ai\/fi\/exercise_language\/verbien-taivutus-japanin-kielioppi\/\">Verbien taivutus <\/a><a href=\"https:\/\/talkpal.ai\/fi\/exercise_language\/verbit-japanin-kielioppi\/\">Verbit <\/a>            <\/div>\r\n        <\/section>\r\n<section class=\"promotionalBanner\">\r\n    <p class=\"promotionalText\">Tehokkain tapa oppia kielt\u00e4<\/p>\r\n    <a class=\"promotionalLink\" href=\"https:\/\/app.talkpal.ai\/fi\/signup?lng=\">Kokeile Talkpal ilmaiseksi<\/a>\r\n<\/section>\n<div class=\"wp-block-group pageContainerStyle\"><div class=\"wp-block-group__inner-container is-layout-constrained wp-block-group-is-layout-constrained\">\n<h2 class=\"wp-block-heading\" id=\"h-japanese-grammar-topics\">Japanin kieliopin aiheet<\/h2>\n\n\n\n<p>Japanin oppiminen voi olla j\u00e4nnitt\u00e4v\u00e4 ja palkitseva kokemus, koska se avaa kokonaan uuden kulttuurin, viestinn\u00e4n ja henkil\u00f6kohtaisen kasvun maailman. Japanin kielell\u00e4 on ainutlaatuinen rakenne ja kielioppij\u00e4rjestelm\u00e4, joka saattaa aluksi tuntua pelottavalta, mutta joka voidaan hallita johdonmukaisen k\u00e4yt\u00e4nn\u00f6n ja hyvin organisoidun oppimissuunnitelman avulla. Helpottaaksemme matkaasi japanin maailmaan olemme ryhmitelleet olennaiset kielioppiaiheet j\u00e4rjestykseen, joka auttaa sinua rakentamaan vahvan perustan ja etenem\u00e4\u00e4n sujuvasti. Keskittym\u00e4ll\u00e4 n\u00e4ihin kielioppielementteihin olet hyv\u00e4ll\u00e4 tiell\u00e4 japanin kielen taitoon.<\/p>\n\n\n\n<h3 class=\"wp-block-heading\" id=\"h-1-particles\">1. Hiukkaset:<\/h3>\n\n\n\n<p>Hiukkaset ovat v\u00e4ltt\u00e4m\u00e4tt\u00f6mi\u00e4 japaniksi, koska ne osoittavat lauseen sanojen v\u00e4lisen suhteen. Ne toimivat kuten <a href=\"https:\/\/talkpal.ai\/fi\/grammar\/kohdan-kannadan-kieliopissa-prepositiot\/\">prepositiot<\/a> ja postpositiot muissa kieliss\u00e4. Oppimispartikkelit, kuten \u306f (wa), \u304c (ga), \u3092 (wo), \u306b (ni), \u3067 (de) ja \u3068 (to), auttavat muodostamaan peruslauseita ja ymm\u00e4rt\u00e4m\u00e4\u00e4n kunkin sanan teht\u00e4v\u00e4n.<\/p>\n\n\n\n<h3 class=\"wp-block-heading\" id=\"h-2-nouns\">2. Substantiivit:<\/h3>\n\n\n\n<p>Tutustumalla yleisiin substantiiveihin voit <a href=\"https:\/\/talkpal.ai\/ko\/ai-%ec%96%b8%ec%96%b4-%ea%b5%90%ec%82%ac\/\">aloittaa<\/a> sanaston rakentamisen. Japanilaisilla substantiiveilla ei ole sukupuolta, numeroa <a href=\"https:\/\/talkpal.ai\/learn-thai\/\">tai<\/a> artikkeleita, mik\u00e4 yksinkertaistaa oppimisprosessia.<\/p>\n\n\n\n<h3 class=\"wp-block-heading\" id=\"h-3-pronouns\">3. Pronominit:<\/h3>\n\n\n\n<p>Japanilaisia pronomineja k\u00e4ytet\u00e4\u00e4n viittaamaan ihmisiin ja asioihin. Joitakin yleisi\u00e4 pronomineja ovat \u79c1 (watashi &#8211; min\u00e4), \u3042\u306a\u305f (anata &#8211; sin\u00e4), \u5f7c (kare &#8211; h\u00e4n), \u5f7c\u5973 (kanojo &#8211; h\u00e4n) ja \u305d\u308c (sore &#8211; tuo).<\/p>\n\n\n\n<h3 class=\"wp-block-heading\" id=\"h-4-verb-conjugation\">4. Verbien taivutus:<\/h3>\n\n\n\n<p>Japanin verbeill\u00e4 on erilaiset taivutukset aikamuodon, kohteliaisuuden ja muiden tekij\u00f6iden perusteella. Verbimuotojen, kuten sanakirjamuodon, -masu-muodon ja -te-muodon, oppiminen auttaa sinua ilmaisemaan erilaisia toimintoja ja tiloja.<\/p>\n\n\n\n<h3 class=\"wp-block-heading\" id=\"h-5-tenses\">5. Aikamuodot:<\/h3>\n\n\n\n<p>Japanilla on menneit\u00e4 ja ei-menneit\u00e4 aikamuotoja, joista j\u00e4lkimm\u00e4ist\u00e4 k\u00e4ytet\u00e4\u00e4n nykyisiin ja tuleviin toimiin. Verbien konjugoinnin ymm\u00e4rt\u00e4minen n\u00e4iss\u00e4 aikamuodoissa auttaa sinua ilmaisemaan aikaa tarkasti.<\/p>\n\n\n\n<h3 class=\"wp-block-heading\" id=\"h-6-adjectives\">6. Adjektiivit:<\/h3>\n\n\n\n<p>Japanilaiset adjektiivit on jaettu kahteen ryhm\u00e4\u00e4n: i-adjektiivit ja <a href=\"https:\/\/talkpal.ai\/fi\/grammar_exercises\/na-adjektiivit-japanin-kieliopin-harjoitukset\/\">na-adjektiivit<\/a>. Niiden taivutuss\u00e4\u00e4nt\u00f6jen oppiminen ja niiden k\u00e4ytt\u00e4minen lauseissa auttaa sinua kuvaamaan esineit\u00e4, ihmisi\u00e4 ja tilanteita.<\/p>\n\n\n\n<h3 class=\"wp-block-heading\" id=\"h-7-adverbs\">7. Adverbit:<\/h3>\n\n\n\n<p><a href=\"https:\/\/talkpal.ai\/fi\/grammar\/paikan-tsekin-kielioppi-adverbit\/\">Adverbit<\/a> muokkaavat verbej\u00e4, adjektiiveja ja muita adverbeja lis\u00e4\u00e4m\u00e4ll\u00e4 vivahteita lauseisiisi. Yleisi\u00e4 japanilaisia adverbej\u00e4 ovat esimerkiksi \u901f\u304f (hayaku &#8211; nopeasti), \u3086\u3063\u304f\u308a (yukkuri &#8211; hitaasti) ja \u3068\u3066\u3082 (totemo &#8211; hyvin).<\/p>\n\n\n\n<h3 class=\"wp-block-heading\" id=\"h-8-prepositions\">8. Prepositiot:<\/h3>\n\n\n\n<p>Vaikka japanissa ei ole prepositioita samalla tavalla kuin englannissa, jotkut partikkelit toimivat samalla tavalla. N\u00e4iden hiukkasten ja niiden k\u00e4ytt\u00f6tarkoitusten oppiminen auttaa sinua ilmaisemaan spatiaalisia ja ajallisia suhteita.<\/p>\n\n\n\n<h3 class=\"wp-block-heading\" id=\"h-9-conjunctions\">9. Konjunktiot:<\/h3>\n\n\n\n<p>Konjunktioita k\u00e4ytet\u00e4\u00e4n yhdist\u00e4m\u00e4\u00e4n sanoja, lauseita ja lauseita. Yleisi\u00e4 japanilaisia konjunktioita ovat \u305d\u3057\u3066 (soshite &#8211; ja), \u3057\u304b\u3057 (shikashi &#8211; kuitenkin) ja \u3060\u304b\u3089 (dakara &#8211; siksi).<\/p>\n\n\n\n<h3 class=\"wp-block-heading\" id=\"h-10-sentence-structure\">10. Lauseen rakenne:<\/h3>\n\n\n\n<p><a href=\"https:\/\/talkpal.ai\/learn-japanese\/\">Japani<\/a> noudattaa subjekti-objekti-verbi (SOV) -lauserakennetta. T\u00e4m\u00e4n rakenteen ja muiden lausemallien ymm\u00e4rt\u00e4minen auttaa sinua luomaan tarkkoja ja monimutkaisia lauseita.<\/p>\n\n\n\n<h3 class=\"wp-block-heading\" id=\"h-11-honorifics\">11. Kunnianosoitukset:<\/h3>\n\n\n\n<p>Japanilaisilla on monimutkainen kunniamerkkij\u00e4rjestelm\u00e4, joka ilmaisee kohteliaisuutta ja kunnioitusta. Kunnioittavan puheen perusteet, kuten \u3067\u3059 (desu) ja \u307e\u3059 (masu), oppiminen auttaa sinua navigoimaan sosiaalisissa tilanteissa.<\/p>\n\n\n\n<h3 class=\"wp-block-heading\" id=\"h-12-expressions\">12. Ilmaisut:<\/h3>\n\n\n\n<p>Yleisiin japanilaisiin ilmaisuihin ja idiomeihin tutustuminen auttaa sinua kuulostamaan luonnollisemmalta ja sujuvammalta keskustelussa.<\/p>\n\n\n\n<h3 class=\"wp-block-heading\" id=\"h-13-numbers\">13. Numerot:<\/h3>\n\n\n\n<p>Japanilla on ainutlaatuinen numeroj\u00e4rjestelm\u00e4, jossa on erilaiset laskurit eri kohteille. Numeroiden laskemisen ja k\u00e4ytt\u00e4misen oppiminen kontekstissa on v\u00e4ltt\u00e4m\u00e4t\u00f6nt\u00e4 jokap\u00e4iv\u00e4isess\u00e4 viestinn\u00e4ss\u00e4.<\/p>\n\n\n\n<h3 class=\"wp-block-heading\" id=\"h-14-verbs\">14. Verbit:<\/h3>\n\n\n\n<p>Lopuksi verbisanaston laajentaminen antaa sinulle mahdollisuuden ilmaista monenlaisia toimintoja ja tiloja, jolloin voit kommunikoida tehokkaammin japaniksi.<\/p>\n<\/div><\/div>\n\r\n<section class=\"learnNavigationSection\">\r\n            \r\n        <a href=\"https:\/\/talkpal.ai\/fi\/opi-japania\/\">\r\n            <div class=\"learnNavigationWrapper\">\r\n                <div class=\"learnNavigationContent\">\r\n                    <img decoding=\"async\" src=\"https:\/\/talkpal.ai\/wp-content\/uploads\/2024\/08\/Japanese.jpg\" alt=\"Japanese Flag\">\r\n                    <div>\r\n                        <h4>Tietoa japanin oppimisesta<\/h4>\r\n                        <p>Tutustu japanin kielioppiin.<\/p>\r\n                    <\/div>\r\n                <\/div>\r\n            <\/div>\r\n        <\/a>\r\n\r\n        \r\n        <a href=\"https:\/\/talkpal.ai\/fi\/japanin-kielioppi\/\">\r\n            <div class=\"learnNavigationWrapper\">\r\n                <div class=\"learnNavigationContent\">\r\n                    <img decoding=\"async\" src=\"https:\/\/talkpal.ai\/wp-content\/uploads\/2024\/08\/Japanese.jpg\" alt=\"Japanese Flag\">\r\n                    <div>\r\n                        <h4>Japanin kieliopin oppitunnit<\/h4>\r\n                        <p>Harjoittele japanin kielioppia.<\/p>\r\n                    <\/div>\r\n                <\/div>\r\n            <\/div>\r\n        <\/a>\r\n\r\n        \r\n        <a href=\"https:\/\/talkpal.ai\/vocabulary_language\/japanese\/\">\r\n            <div class=\"learnNavigationWrapper\">\r\n                <div class=\"learnNavigationContent\">\r\n                    <img decoding=\"async\" src=\"https:\/\/talkpal.ai\/wp-content\/uploads\/2024\/08\/Japanese.jpg\" alt=\"Japanese Flag\">\r\n                    <div>\r\n                        <h4>Japanin sanasto<\/h4>\r\n                        <p>Laajenna japanin kielen sanavarastoasi.<\/p>\r\n                    <\/div>\r\n                <\/div>\r\n            <\/div>\r\n        <\/a>\r\n\r\n            <\/section>","protected":false},"excerpt":{"rendered":"<p>Japanin kieliopin aiheet Japanin oppiminen voi olla j\u00e4nnitt\u00e4v\u00e4 ja palkitseva kokemus, koska se avaa kokonaan uuden kulttuurin, viestinn\u00e4n ja henkil\u00f6kohtaisen kasvun maailman. Japanin kielell\u00e4 on ainutlaatuinen rakenne ja kielioppij\u00e4rjestelm\u00e4, joka saattaa aluksi tuntua pelottavalta, mutta joka voidaan hallita johdonmukaisen k\u00e4yt\u00e4nn\u00f6n ja hyvin organisoidun oppimissuunnitelman avulla. Helpottaaksemme matkaasi japanin maailmaan olemme ryhmitelleet olennaiset kielioppiaiheet j\u00e4rjestykseen, joka [&hellip;]<\/p>\n","protected":false},"author":6,"featured_media":11578,"parent":0,"menu_order":0,"comment_status":"closed","ping_status":"closed","template":"LearningContentPage.php","meta":{"_acf_changed":false,"footnotes":""},"class_list":["post-134725","page","type-page","status-publish","has-post-thumbnail","hentry"],"acf":[],"yoast_head":"<!-- This site is optimized with the Yoast SEO Premium plugin v27.2 (Yoast SEO v27.2) - https:\/\/yoast.com\/product\/yoast-seo-premium-wordpress\/ -->\n<title>Japanin kielioppiharjoitukset - Talkpal<\/title>\n<meta name=\"description\" content=\"Paranna japanin kielioppitaitojasi - hallitse lauserakenteita, harjoittele vuorovaikutteisia teht\u00e4vi\u00e4 ja lis\u00e4\u00e4 sujuvuutta.\" \/>\n<meta name=\"robots\" content=\"index, follow, max-snippet:-1, max-image-preview:large, max-video-preview:-1\" \/>\n<link rel=\"canonical\" href=\"https:\/\/talkpal.ai\/fi\/japanin-kielioppiharjoitukset\/\" \/>\n<meta property=\"og:locale\" content=\"fi_FI\" \/>\n<meta property=\"og:type\" content=\"article\" \/>\n<meta property=\"og:title\" content=\"Japanin kielioppiharjoitukset\" \/>\n<meta property=\"og:description\" content=\"Japanin kieliopin aiheet Japanin oppiminen voi olla j\u00e4nnitt\u00e4v\u00e4 ja palkitseva kokemus, koska se avaa kokonaan uuden kulttuurin, viestinn\u00e4n ja\" \/>\n<meta property=\"og:url\" content=\"https:\/\/talkpal.ai\/fi\/japanin-kielioppiharjoitukset\/\" \/>\n<meta property=\"og:site_name\" content=\"Talkpal\" \/>\n<meta property=\"article:publisher\" content=\"https:\/\/www.facebook.com\/profile.php?id=100090733639311\" \/>\n<meta property=\"article:modified_time\" content=\"2025-12-17T16:57:00+00:00\" \/>\n<meta property=\"og:image\" content=\"https:\/\/talkpal.ai\/wp-content\/uploads\/2023\/04\/japan.png\" \/>\n\t<meta property=\"og:image:width\" content=\"512\" \/>\n\t<meta property=\"og:image:height\" content=\"512\" \/>\n\t<meta property=\"og:image:type\" content=\"image\/png\" \/>\n<meta name=\"twitter:card\" content=\"summary_large_image\" \/>\n<meta name=\"twitter:site\" content=\"@talkpalai\" \/>\n<meta name=\"twitter:label1\" content=\"Arvioitu lukuaika\" \/>\n\t<meta name=\"twitter:data1\" content=\"2 minuuttia\" \/>\n<script type=\"application\/ld+json\" class=\"yoast-schema-graph\">{\"@context\":\"https:\/\/schema.org\",\"@graph\":[{\"@type\":\"WebPage\",\"@id\":\"https:\/\/talkpal.ai\/fi\/japanin-kielioppiharjoitukset\/\",\"url\":\"https:\/\/talkpal.ai\/fi\/japanin-kielioppiharjoitukset\/\",\"name\":\"Japanin kielioppiharjoitukset - Talkpal\",\"isPartOf\":{\"@id\":\"https:\/\/talkpal.ai\/fi\/#website\"},\"primaryImageOfPage\":{\"@id\":\"https:\/\/talkpal.ai\/fi\/japanin-kielioppiharjoitukset\/#primaryimage\"},\"image\":{\"@id\":\"https:\/\/talkpal.ai\/fi\/japanin-kielioppiharjoitukset\/#primaryimage\"},\"thumbnailUrl\":\"https:\/\/talkpal.ai\/wp-content\/uploads\/2023\/04\/japan.png\",\"datePublished\":\"2023-06-16T10:21:59+00:00\",\"dateModified\":\"2025-12-17T16:57:00+00:00\",\"description\":\"Paranna japanin kielioppitaitojasi - hallitse lauserakenteita, harjoittele vuorovaikutteisia teht\u00e4vi\u00e4 ja lis\u00e4\u00e4 sujuvuutta.\",\"breadcrumb\":{\"@id\":\"https:\/\/talkpal.ai\/fi\/japanin-kielioppiharjoitukset\/#breadcrumb\"},\"inLanguage\":\"fi\",\"potentialAction\":[{\"@type\":\"ReadAction\",\"target\":[\"https:\/\/talkpal.ai\/fi\/japanin-kielioppiharjoitukset\/\"]}]},{\"@type\":\"ImageObject\",\"inLanguage\":\"fi\",\"@id\":\"https:\/\/talkpal.ai\/fi\/japanin-kielioppiharjoitukset\/#primaryimage\",\"url\":\"https:\/\/talkpal.ai\/wp-content\/uploads\/2023\/04\/japan.png\",\"contentUrl\":\"https:\/\/talkpal.ai\/wp-content\/uploads\/2023\/04\/japan.png\",\"width\":512,\"height\":512},{\"@type\":\"BreadcrumbList\",\"@id\":\"https:\/\/talkpal.ai\/fi\/japanin-kielioppiharjoitukset\/#breadcrumb\",\"itemListElement\":[{\"@type\":\"ListItem\",\"position\":1,\"name\":\"Homepage\",\"item\":\"https:\/\/talkpal.ai\/fi\/\"},{\"@type\":\"ListItem\",\"position\":2,\"name\":\"Japanin kielioppiharjoitukset\"}]},{\"@type\":\"WebSite\",\"@id\":\"https:\/\/talkpal.ai\/fi\/#website\",\"url\":\"https:\/\/talkpal.ai\/fi\/\",\"name\":\"Talkpal\",\"description\":\"AI Language Learning\",\"publisher\":{\"@id\":\"https:\/\/talkpal.ai\/fi\/#organization\"},\"alternateName\":\"Talkpal AI\",\"potentialAction\":[{\"@type\":\"SearchAction\",\"target\":{\"@type\":\"EntryPoint\",\"urlTemplate\":\"https:\/\/talkpal.ai\/fi\/?s={search_term_string}\"},\"query-input\":{\"@type\":\"PropertyValueSpecification\",\"valueRequired\":true,\"valueName\":\"search_term_string\"}}],\"inLanguage\":\"fi\"},{\"@type\":\"Organization\",\"@id\":\"https:\/\/talkpal.ai\/fi\/#organization\",\"name\":\"Talkpal, Inc.\",\"alternateName\":\"Talkpal AI\",\"url\":\"https:\/\/talkpal.ai\/fi\/\",\"logo\":{\"@type\":\"ImageObject\",\"inLanguage\":\"fi\",\"@id\":\"https:\/\/talkpal.ai\/fi\/#\/schema\/logo\/image\/\",\"url\":\"https:\/\/talkpal.ai\/wp-content\/uploads\/2024\/03\/Talkpal-Logo-Icon.png\",\"contentUrl\":\"https:\/\/talkpal.ai\/wp-content\/uploads\/2024\/03\/Talkpal-Logo-Icon.png\",\"width\":2880,\"height\":2880,\"caption\":\"Talkpal, Inc.\"},\"image\":{\"@id\":\"https:\/\/talkpal.ai\/fi\/#\/schema\/logo\/image\/\"},\"sameAs\":[\"https:\/\/www.facebook.com\/profile.php?id=100090733639311\",\"https:\/\/x.com\/talkpalai\",\"https:\/\/www.linkedin.com\/company\/talkpal\/\",\"https:\/\/www.youtube.com\/@TalkPal\/\",\"https:\/\/www.tiktok.com\/@talkpal\",\"https:\/\/www.instagram.com\/talkpal_ai\/\",\"https:\/\/www.crunchbase.com\/organization\/talkpal-9cde\",\"https:\/\/www.g2.com\/products\/talkpal-for-business\/\",\"https:\/\/www.trustpilot.com\/review\/talkpal.ai\",\"https:\/\/www.capterra.com\/p\/10006800\/TalkPal\/\"],\"description\":\"Talkpal is a language learning web and mobile education app, powered by the latest AI technologies, that provides engaging experiences to its customers in many different languages to help them improve their language skills. Users can chat about unlimited amount of topics with the app and use other modes to practice their language learning.\",\"email\":\"support@talkpal.ai\",\"legalName\":\"Talkpal, Inc.\",\"foundingDate\":\"2023-04-03\",\"duns\":\"118989042\",\"numberOfEmployees\":{\"@type\":\"QuantitativeValue\",\"minValue\":\"11\",\"maxValue\":\"50\"},\"publishingPrinciples\":\"https:\/\/talkpal.ai\/publishing-principles\/\",\"actionableFeedbackPolicy\":\"https:\/\/talkpal.ai\/actionable-feedback-policy\/\",\"correctionsPolicy\":\"https:\/\/talkpal.ai\/corrections-policy\/\",\"ethicsPolicy\":\"https:\/\/talkpal.ai\/ethics-policy\/\",\"diversityPolicy\":\"https:\/\/talkpal.ai\/diversity-policy\/\",\"diversityStaffingReport\":\"https:\/\/talkpal.ai\/diversity-policy\/\"}]}<\/script>\n<!-- \/ Yoast SEO Premium plugin. -->","yoast_head_json":{"title":"Japanin kielioppiharjoitukset - Talkpal","description":"Paranna japanin kielioppitaitojasi - hallitse lauserakenteita, harjoittele vuorovaikutteisia teht\u00e4vi\u00e4 ja lis\u00e4\u00e4 sujuvuutta.","robots":{"index":"index","follow":"follow","max-snippet":"max-snippet:-1","max-image-preview":"max-image-preview:large","max-video-preview":"max-video-preview:-1"},"canonical":"https:\/\/talkpal.ai\/fi\/japanin-kielioppiharjoitukset\/","og_locale":"fi_FI","og_type":"article","og_title":"Japanin kielioppiharjoitukset","og_description":"Japanin kieliopin aiheet Japanin oppiminen voi olla j\u00e4nnitt\u00e4v\u00e4 ja palkitseva kokemus, koska se avaa kokonaan uuden kulttuurin, viestinn\u00e4n ja","og_url":"https:\/\/talkpal.ai\/fi\/japanin-kielioppiharjoitukset\/","og_site_name":"Talkpal","article_publisher":"https:\/\/www.facebook.com\/profile.php?id=100090733639311","article_modified_time":"2025-12-17T16:57:00+00:00","og_image":[{"width":512,"height":512,"url":"https:\/\/talkpal.ai\/wp-content\/uploads\/2023\/04\/japan.png","type":"image\/png"}],"twitter_card":"summary_large_image","twitter_site":"@talkpalai","twitter_misc":{"Arvioitu lukuaika":"2 minuuttia"},"schema":{"@context":"https:\/\/schema.org","@graph":[{"@type":"WebPage","@id":"https:\/\/talkpal.ai\/fi\/japanin-kielioppiharjoitukset\/","url":"https:\/\/talkpal.ai\/fi\/japanin-kielioppiharjoitukset\/","name":"Japanin kielioppiharjoitukset - Talkpal","isPartOf":{"@id":"https:\/\/talkpal.ai\/fi\/#website"},"primaryImageOfPage":{"@id":"https:\/\/talkpal.ai\/fi\/japanin-kielioppiharjoitukset\/#primaryimage"},"image":{"@id":"https:\/\/talkpal.ai\/fi\/japanin-kielioppiharjoitukset\/#primaryimage"},"thumbnailUrl":"https:\/\/talkpal.ai\/wp-content\/uploads\/2023\/04\/japan.png","datePublished":"2023-06-16T10:21:59+00:00","dateModified":"2025-12-17T16:57:00+00:00","description":"Paranna japanin kielioppitaitojasi - hallitse lauserakenteita, harjoittele vuorovaikutteisia teht\u00e4vi\u00e4 ja lis\u00e4\u00e4 sujuvuutta.","breadcrumb":{"@id":"https:\/\/talkpal.ai\/fi\/japanin-kielioppiharjoitukset\/#breadcrumb"},"inLanguage":"fi","potentialAction":[{"@type":"ReadAction","target":["https:\/\/talkpal.ai\/fi\/japanin-kielioppiharjoitukset\/"]}]},{"@type":"ImageObject","inLanguage":"fi","@id":"https:\/\/talkpal.ai\/fi\/japanin-kielioppiharjoitukset\/#primaryimage","url":"https:\/\/talkpal.ai\/wp-content\/uploads\/2023\/04\/japan.png","contentUrl":"https:\/\/talkpal.ai\/wp-content\/uploads\/2023\/04\/japan.png","width":512,"height":512},{"@type":"BreadcrumbList","@id":"https:\/\/talkpal.ai\/fi\/japanin-kielioppiharjoitukset\/#breadcrumb","itemListElement":[{"@type":"ListItem","position":1,"name":"Homepage","item":"https:\/\/talkpal.ai\/fi\/"},{"@type":"ListItem","position":2,"name":"Japanin kielioppiharjoitukset"}]},{"@type":"WebSite","@id":"https:\/\/talkpal.ai\/fi\/#website","url":"https:\/\/talkpal.ai\/fi\/","name":"Talkpal","description":"AI Language Learning","publisher":{"@id":"https:\/\/talkpal.ai\/fi\/#organization"},"alternateName":"Talkpal AI","potentialAction":[{"@type":"SearchAction","target":{"@type":"EntryPoint","urlTemplate":"https:\/\/talkpal.ai\/fi\/?s={search_term_string}"},"query-input":{"@type":"PropertyValueSpecification","valueRequired":true,"valueName":"search_term_string"}}],"inLanguage":"fi"},{"@type":"Organization","@id":"https:\/\/talkpal.ai\/fi\/#organization","name":"Talkpal, Inc.","alternateName":"Talkpal AI","url":"https:\/\/talkpal.ai\/fi\/","logo":{"@type":"ImageObject","inLanguage":"fi","@id":"https:\/\/talkpal.ai\/fi\/#\/schema\/logo\/image\/","url":"https:\/\/talkpal.ai\/wp-content\/uploads\/2024\/03\/Talkpal-Logo-Icon.png","contentUrl":"https:\/\/talkpal.ai\/wp-content\/uploads\/2024\/03\/Talkpal-Logo-Icon.png","width":2880,"height":2880,"caption":"Talkpal, Inc."},"image":{"@id":"https:\/\/talkpal.ai\/fi\/#\/schema\/logo\/image\/"},"sameAs":["https:\/\/www.facebook.com\/profile.php?id=100090733639311","https:\/\/x.com\/talkpalai","https:\/\/www.linkedin.com\/company\/talkpal\/","https:\/\/www.youtube.com\/@TalkPal\/","https:\/\/www.tiktok.com\/@talkpal","https:\/\/www.instagram.com\/talkpal_ai\/","https:\/\/www.crunchbase.com\/organization\/talkpal-9cde","https:\/\/www.g2.com\/products\/talkpal-for-business\/","https:\/\/www.trustpilot.com\/review\/talkpal.ai","https:\/\/www.capterra.com\/p\/10006800\/TalkPal\/"],"description":"Talkpal is a language learning web and mobile education app, powered by the latest AI technologies, that provides engaging experiences to its customers in many different languages to help them improve their language skills. Users can chat about unlimited amount of topics with the app and use other modes to practice their language learning.","email":"support@talkpal.ai","legalName":"Talkpal, Inc.","foundingDate":"2023-04-03","duns":"118989042","numberOfEmployees":{"@type":"QuantitativeValue","minValue":"11","maxValue":"50"},"publishingPrinciples":"https:\/\/talkpal.ai\/publishing-principles\/","actionableFeedbackPolicy":"https:\/\/talkpal.ai\/actionable-feedback-policy\/","correctionsPolicy":"https:\/\/talkpal.ai\/corrections-policy\/","ethicsPolicy":"https:\/\/talkpal.ai\/ethics-policy\/","diversityPolicy":"https:\/\/talkpal.ai\/diversity-policy\/","diversityStaffingReport":"https:\/\/talkpal.ai\/diversity-policy\/"}]}},"_links":{"self":[{"href":"https:\/\/talkpal.ai\/fi\/wp-json\/wp\/v2\/pages\/134725","targetHints":{"allow":["GET"]}}],"collection":[{"href":"https:\/\/talkpal.ai\/fi\/wp-json\/wp\/v2\/pages"}],"about":[{"href":"https:\/\/talkpal.ai\/fi\/wp-json\/wp\/v2\/types\/page"}],"author":[{"embeddable":true,"href":"https:\/\/talkpal.ai\/fi\/wp-json\/wp\/v2\/users\/6"}],"replies":[{"embeddable":true,"href":"https:\/\/talkpal.ai\/fi\/wp-json\/wp\/v2\/comments?post=134725"}],"version-history":[{"count":0,"href":"https:\/\/talkpal.ai\/fi\/wp-json\/wp\/v2\/pages\/134725\/revisions"}],"wp:featuredmedia":[{"embeddable":true,"href":"https:\/\/talkpal.ai\/fi\/wp-json\/wp\/v2\/media\/11578"}],"wp:attachment":[{"href":"https:\/\/talkpal.ai\/fi\/wp-json\/wp\/v2\/media?parent=134725"}],"curies":[{"name":"wp","href":"https:\/\/api.w.org\/{rel}","templated":true}]}}