{"id":133638,"date":"2023-06-16T10:01:38","date_gmt":"2023-06-16T10:01:38","guid":{"rendered":"http:\/\/talkpal.ai\/ruotsin-kielioppiharjoitukset\/"},"modified":"2025-12-17T15:30:58","modified_gmt":"2025-12-17T15:30:58","slug":"ruotsin-kielioppiharjoitukset","status":"publish","type":"page","link":"https:\/\/talkpal.ai\/fi\/ruotsin-kielioppiharjoitukset\/","title":{"rendered":"Ruotsin kielioppiharjoitukset"},"content":{"rendered":"\r\n\r\n\r\n<section class=\"languageChallengeSection\">\r\n    <div class=\"languageInfoWrapper\">\r\n        \r\n        <h1>Ruotsin kielioppiharjoitukset<\/h1>\r\n        <p>Oletko valmis parantamaan <a href=\"https:\/\/talkpal.ai\/learn-swedish\/\">ruotsin<\/a> kielen taitojasi? Kielioppiharjoitukset ovat hyv\u00e4 tapa hallita lauserakennetta, verbimuotoja ja ruotsin kielen ainutlaatuisia kuvioita. Aloita ruotsin kieliopin harjoittelu jo t\u00e4n\u00e4\u00e4n ja katso, kuinka taitosi ja itseluottamuksesi kasvavat jokaisen harjoituksen my\u00f6t\u00e4!\n\n<\/p>\r\n\r\n                            <a class=\"getStartedHidden\" href=\"https:\/\/app.talkpal.ai\/fi\/signup?lng=\">Aloita<\/a>\r\n        \r\n    <\/div>\r\n\r\n    <figure>\r\n    <img decoding=\"async\" width=\"768\" height=\"768\" src=\"https:\/\/talkpal.ai\/wp-content\/uploads\/2023\/06\/swedish-768x768.png\" class=\"languageImage no-lazy\" alt=\"Default alt text\" fetchpriority=\"high\" sizes=\"(max-width: 768px) 150px, 768px\" srcset=\"https:\/\/talkpal.ai\/wp-content\/uploads\/2023\/06\/swedish-768x768.png 768w, https:\/\/talkpal.ai\/wp-content\/uploads\/2023\/06\/swedish-300x300.png 300w\" \/>\r\n    \r\n\r\n    <\/figure>\r\n\r\n            <a class=\"getStartedVisible\" href=\"https:\/\/app.talkpal.ai\/fi\/signup?lng=\">Aloita<\/a>\r\n    \r\n<\/section>\r\n\r\n\r\n<!-- <section class=\"grammarSection\">\r\n    <div class=\"grammarLinks\">\r\n        <a href=\"https:\/\/talkpal.ai\/fi\/exercise_language\/adjektiivit-ruotsin-kielioppi\/\">Adjektiivit <\/a><a href=\"https:\/\/talkpal.ai\/fi\/exercise_language\/adverbit-ruotsin-kielioppi\/\">Adverbit <\/a><a href=\"https:\/\/talkpal.ai\/fi\/exercise_language\/aikamuodot-konjunktiivi-ruotsin-kielioppi\/\">Aikamuodot Konjunktiivi <\/a><a href=\"https:\/\/talkpal.ai\/fi\/exercise_language\/aikamuotojen-vertailu-ruotsin-kielioppi\/\">Aikamuotojen vertailu <\/a><a href=\"https:\/\/talkpal.ai\/fi\/exercise_language\/artikkelit-ruotsin-kielioppi\/\">Artikkelit <\/a><a href=\"https:\/\/talkpal.ai\/fi\/exercise_language\/indikatiiviset-aikamuodot-ruotsin-kielioppi\/\">Indikatiiviset aikamuodot <\/a><a href=\"https:\/\/talkpal.ai\/fi\/exercise_language\/lauserakenne-ruotsin-kielioppi\/\">Lauserakenne <\/a><a href=\"https:\/\/talkpal.ai\/fi\/exercise_language\/prepositiot-ruotsin-kielioppi\/\">Prepositiot <\/a><a href=\"https:\/\/talkpal.ai\/fi\/exercise_language\/pronominit-ruotsin-kielioppi\/\">Pronominit <\/a><a href=\"https:\/\/talkpal.ai\/fi\/exercise_language\/substantiivit-ruotsin-kielioppi\/\">Substantiivit <\/a><a href=\"https:\/\/talkpal.ai\/fi\/exercise_language\/verbit-ruotsin-kielioppi\/\">Verbit <\/a>    <\/div>\r\n<\/section> -->\r\n\r\n\r\n\r\n\r\n        <section class=\"grammarSection\">\r\n            <div class=\"grammarLinks\">\r\n                <a href=\"https:\/\/talkpal.ai\/fi\/exercise_language\/adjektiivit-ruotsin-kielioppi\/\">Adjektiivit <\/a><a href=\"https:\/\/talkpal.ai\/fi\/exercise_language\/adverbit-ruotsin-kielioppi\/\">Adverbit <\/a><a href=\"https:\/\/talkpal.ai\/fi\/exercise_language\/aikamuodot-konjunktiivi-ruotsin-kielioppi\/\">Aikamuodot Konjunktiivi <\/a><a href=\"https:\/\/talkpal.ai\/fi\/exercise_language\/aikamuotojen-vertailu-ruotsin-kielioppi\/\">Aikamuotojen vertailu <\/a><a href=\"https:\/\/talkpal.ai\/fi\/exercise_language\/artikkelit-ruotsin-kielioppi\/\">Artikkelit <\/a><a href=\"https:\/\/talkpal.ai\/fi\/exercise_language\/indikatiiviset-aikamuodot-ruotsin-kielioppi\/\">Indikatiiviset aikamuodot <\/a><a href=\"https:\/\/talkpal.ai\/fi\/exercise_language\/lauserakenne-ruotsin-kielioppi\/\">Lauserakenne <\/a><a href=\"https:\/\/talkpal.ai\/fi\/exercise_language\/prepositiot-ruotsin-kielioppi\/\">Prepositiot <\/a><a href=\"https:\/\/talkpal.ai\/fi\/exercise_language\/pronominit-ruotsin-kielioppi\/\">Pronominit <\/a><a href=\"https:\/\/talkpal.ai\/fi\/exercise_language\/substantiivit-ruotsin-kielioppi\/\">Substantiivit <\/a><a href=\"https:\/\/talkpal.ai\/fi\/exercise_language\/verbit-ruotsin-kielioppi\/\">Verbit <\/a>            <\/div>\r\n        <\/section>\r\n<section class=\"promotionalBanner\">\r\n    <p class=\"promotionalText\">Tehokkain tapa oppia kielt\u00e4<\/p>\r\n    <a class=\"promotionalLink\" href=\"https:\/\/app.talkpal.ai\/fi\/signup?lng=\">Kokeile Talkpal ilmaiseksi<\/a>\r\n<\/section>\n<div class=\"wp-block-group pageContainerStyle\"><div class=\"wp-block-group__inner-container is-layout-constrained wp-block-group-is-layout-constrained\">\n<h2 class=\"wp-block-heading\" id=\"h-swedish-grammar-topics\">Ruotsin kieliopin aiheet<\/h2>\n\n\n\n<p>Ruotsin, Ruotsin virallisen kielen ja yhden <a href=\"https:\/\/talkpal.ai\/learn-finnish\/\">Suomen<\/a> virallisen kielen, oppiminen voi olla palkitseva kokemus. Sen lis\u00e4ksi, ett\u00e4 se altistaa sinut rikkaalle kulttuurille ja historialle, se my\u00f6s helpottaa kommunikointia yli 10 miljoonan \u00e4idinkielen\u00e4\u00e4n puhuvan kanssa. Jotta voit oppia ruotsia tehokkaasti, on t\u00e4rke\u00e4\u00e4 ymm\u00e4rt\u00e4\u00e4 eri kielioppiaiheet ja niiden suhde toisiinsa. T\u00e4m\u00e4 opas antaa sinulle yleiskatsauksen t\u00e4rkeimmist\u00e4 ruotsin kieliopin aiheista j\u00e4rjestettyn\u00e4 j\u00e4rjestykseen, joka auttaa sinua kehitt\u00e4m\u00e4\u00e4n kielitaitoasi v\u00e4hitellen ja tehokkaasti.<\/p>\n\n\n\n<h3 class=\"wp-block-heading\" id=\"h-1-nouns\">1. Substantiivit:<\/h3>\n\n\n\n<p>Aloita ruotsin kielen matkasi tutustumalla substantiiveihin, koska ne ovat mink\u00e4 tahansa kielen rakennuspalikoita. Ruotsin kieless\u00e4 substantiiveilla on kaksi sukupuolta (yleinen ja neutri), jotka vaikuttavat niiden kanssa k\u00e4ytett\u00e4viin artikkeleihin ja adjektiiveihin. Niill\u00e4 on my\u00f6s yksikk\u00f6- ja monikkomuotoja sek\u00e4 m\u00e4\u00e4r\u00e4ttyj\u00e4 ja m\u00e4\u00e4rittelem\u00e4tt\u00f6mi\u00e4 muotoja.<\/p>\n\n\n\n<h3 class=\"wp-block-heading\" id=\"h-2-articles\">2. Artiklat:<\/h3>\n\n\n\n<p>Kun ymm\u00e4rr\u00e4t substantiivit, siirry artikkeleihin, jotka ovat olennaisia substantiivin sukupuolen ja lukum\u00e4\u00e4r\u00e4n m\u00e4\u00e4ritt\u00e4misess\u00e4. Ruotsin kieless\u00e4 on m\u00e4\u00e4r\u00e4isi\u00e4 ja ep\u00e4m\u00e4\u00e4r\u00e4isi\u00e4 artikkeleita, jotka sopivat muokkaamansa substantiivin sukupuoleen ja numeroon.<\/p>\n\n\n\n<h3 class=\"wp-block-heading\" id=\"h-3-adjectives\">3. Adjektiivit:<\/h3>\n\n\n\n<p>Adjektiiveja k\u00e4ytet\u00e4\u00e4n kuvaamaan substantiiveja, ja ne sopivat sukupuoleltaan, lukum\u00e4\u00e4r\u00e4lt\u00e4\u00e4n ja m\u00e4\u00e4r\u00e4isyydelt\u00e4\u00e4n niiden muokkaaman substantiivin kanssa. Adjektiivien oppiminen auttaa sinua ilmaisemaan monimutkaisempia ajatuksia ja kuvauksia ruotsiksi.<\/p>\n\n\n\n<h3 class=\"wp-block-heading\" id=\"h-4-pronouns\">4. Pronominit:<\/h3>\n\n\n\n<p>Pronominit korvaavat lauseiden substantiivit ja ovat v\u00e4ltt\u00e4m\u00e4tt\u00f6mi\u00e4, jotta puheestasi tulee sujuvampaa ja luonnollisempaa. Ruotsin kieless\u00e4 on persoonallisia, possessiivisia, refleksiivisi\u00e4 ja relatiivipronomineja, joista jokaisella on omat sopimus- ja k\u00e4ytt\u00f6s\u00e4\u00e4nt\u00f6ns\u00e4.<\/p>\n\n\n\n<h3 class=\"wp-block-heading\" id=\"h-5-verbs\">5. Verbit:<\/h3>\n\n\n\n<p>Verbit ilmaisevat tekoja, tapahtumia <a href=\"https:\/\/talkpal.ai\/learn-thai\/\">tai<\/a> olotiloja ja ovat t\u00e4rke\u00e4 osa mit\u00e4 tahansa kielt\u00e4. Ruotsin kieless\u00e4 verbit taivutetaan aikamuodon ja mielialan mukaan. Aloita oppimalla preesens indikatiivi, joka on yleisin ja hy\u00f6dyllisin muoto.<\/p>\n\n\n\n<h3 class=\"wp-block-heading\" id=\"h-6-tenses-indicative\">6. Aikamuodot ohjeellisia:<\/h3>\n\n\n\n<p>Siirry nykyisest\u00e4 j\u00e4nnityksest\u00e4, opi menneisyys ja tulevaisuuden ajat indikatiivisessa tunnelmassa. Niiden avulla voit puhua tapahtumista ja toimista, jotka ovat tapahtuneet tai tulevat tapahtumaan, mik\u00e4 laajentaa kyky\u00e4si kommunikoida ruotsiksi.<\/p>\n\n\n\n<h3 class=\"wp-block-heading\" id=\"h-7-tenses-subjunctive\">7. Aikamuodot subjunktiivinen:<\/h3>\n\n\n\n<p>Vaikka subjunktiivinen tunnelma on harvinaisempi kuin ohjeellinen, sit\u00e4 k\u00e4ytet\u00e4\u00e4n ilmaisemaan hypoteettisia tai ep\u00e4varmoja tapahtumia. Verbien subjunktiivisten muotojen oppiminen parantaa kyky\u00e4si ilmaista vivahteikkaampia ideoita.<\/p>\n\n\n\n<h3 class=\"wp-block-heading\" id=\"h-8-tense-comparison\">8. J\u00e4nnittynyt vertailu:<\/h3>\n\n\n\n<p>Kun ymm\u00e4rr\u00e4t, miten vertailla eri aikamuotoja, voit ilmaista monimutkaisempia ajatuksia ajasta ja tapahtumista. T\u00e4h\u00e4n sis\u00e4ltyy tieto siit\u00e4, miten menneit\u00e4 ja tulevia aikamuotoja k\u00e4ytet\u00e4\u00e4n yhdess\u00e4, sek\u00e4 sen ymm\u00e4rt\u00e4minen, miten eri aikamuodot ovat vuorovaikutuksessa monimutkaisissa lauseissa.<\/p>\n\n\n\n<h3 class=\"wp-block-heading\" id=\"h-9-adverbs\">9. Adverbit:<\/h3>\n\n\n\n<p><a href=\"https:\/\/talkpal.ai\/fi\/grammar\/paikan-tsekin-kielioppi-adverbit\/\">Adverbit<\/a> muokkaavat verbej\u00e4, adjektiiveja tai muita adverbeja ja antavat lis\u00e4tietoja toiminnoista tai ominaisuuksista. Ruotsin <a href=\"https:\/\/talkpal.ai\/ar\/grammar_exercises\/adverbien-%d8%aa%d9%85%d8%a7%d8%b1%d9%8a%d9%86-%d9%84%d9%84%d9%82%d9%88%d8%a7%d8%b9%d8%af-%d8%a7%d9%84%d8%a3%d9%84%d9%85%d8%a7%d9%86%d9%8a%d8%a9\/\">adverbien<\/a> oppiminen auttaa sinua ilmaisemaan ideoita tarkemmin ja tehokkaammin.<\/p>\n\n\n\n<h3 class=\"wp-block-heading\" id=\"h-10-prepositions\">10. Prepositiot:<\/h3>\n\n\n\n<p><a href=\"https:\/\/talkpal.ai\/fi\/grammar\/kohdan-kannadan-kieliopissa-prepositiot\/\">Prepositiot<\/a> yhdist\u00e4v\u00e4t substantiivit, pronominit ja lauseet lauseen muihin sanoihin ja ilmaisevat suhteita, kuten sijaintia, suuntaa ja aikaa. Prepositioiden hallitseminen on olennaista selkeiden ja merkityksellisten lauseiden muodostamiseksi ruotsiksi.<\/p>\n\n\n\n<h3 class=\"wp-block-heading\" id=\"h-11-sentence-structure\">11. Lauseen rakenne:<\/h3>\n\n\n\n<p>Lopuksi ruotsin lauserakenteen peruss\u00e4\u00e4nt\u00f6jen ymm\u00e4rt\u00e4minen tuo kaikki aiemmat kielioppiaiheet yhteen, jolloin voit luoda hyvin muotoiltuja lauseita ja ilmaista itse\u00e4si tarkasti ja tehokkaasti kielell\u00e4.<\/p>\n<\/div><\/div>\n\r\n<section class=\"learnNavigationSection\">\r\n            \r\n        <a href=\"https:\/\/talkpal.ai\/fi\/opi-ruotsia\/\">\r\n            <div class=\"learnNavigationWrapper\">\r\n                <div class=\"learnNavigationContent\">\r\n                    <img decoding=\"async\" src=\"https:\/\/talkpal.ai\/wp-content\/uploads\/2024\/08\/Swedish.jpg\" alt=\"Swedish Flag\">\r\n                    <div>\r\n                        <h4>Tietoja Swedish Learningista<\/h4>\r\n                        <p>Tutustu ruotsin kielioppiin.<\/p>\r\n                    <\/div>\r\n                <\/div>\r\n            <\/div>\r\n        <\/a>\r\n\r\n        \r\n        <a href=\"https:\/\/talkpal.ai\/fi\/ruotsin-kielioppi\/\">\r\n            <div class=\"learnNavigationWrapper\">\r\n                <div class=\"learnNavigationContent\">\r\n                    <img decoding=\"async\" src=\"https:\/\/talkpal.ai\/wp-content\/uploads\/2024\/08\/Swedish.jpg\" alt=\"Swedish Flag\">\r\n                    <div>\r\n                        <h4>Ruotsin kielioppiharjoitus<\/h4>\r\n                        <p>Harjoittele ruotsin kielioppia.<\/p>\r\n                    <\/div>\r\n                <\/div>\r\n            <\/div>\r\n        <\/a>\r\n\r\n        \r\n        <a href=\"https:\/\/talkpal.ai\/vocabulary_language\/swedish\/\">\r\n            <div class=\"learnNavigationWrapper\">\r\n                <div class=\"learnNavigationContent\">\r\n                    <img decoding=\"async\" src=\"https:\/\/talkpal.ai\/wp-content\/uploads\/2024\/08\/Swedish.jpg\" alt=\"Swedish Flag\">\r\n                    <div>\r\n                        <h4>Ruotsinkielinen sanasto<\/h4>\r\n                        <p>Laajenna ruotsin kielen sanavarastoasi.<\/p>\r\n                    <\/div>\r\n                <\/div>\r\n            <\/div>\r\n        <\/a>\r\n\r\n            <\/section>","protected":false},"excerpt":{"rendered":"<p>Ruotsin kieliopin aiheet Ruotsin, Ruotsin virallisen kielen ja yhden Suomen virallisen kielen, oppiminen voi olla palkitseva kokemus. Sen lis\u00e4ksi, ett\u00e4 se altistaa sinut rikkaalle kulttuurille ja historialle, se my\u00f6s helpottaa kommunikointia yli 10 miljoonan \u00e4idinkielen\u00e4\u00e4n puhuvan kanssa. Jotta voit oppia ruotsia tehokkaasti, on t\u00e4rke\u00e4\u00e4 ymm\u00e4rt\u00e4\u00e4 eri kielioppiaiheet ja niiden suhde toisiinsa. T\u00e4m\u00e4 opas antaa sinulle [&hellip;]<\/p>\n","protected":false},"author":6,"featured_media":11613,"parent":0,"menu_order":0,"comment_status":"closed","ping_status":"closed","template":"LearningContentPage.php","meta":{"_acf_changed":false,"footnotes":""},"class_list":["post-133638","page","type-page","status-publish","has-post-thumbnail","hentry"],"acf":[],"yoast_head":"<!-- This site is optimized with the Yoast SEO Premium plugin v27.2 (Yoast SEO v27.2) - https:\/\/yoast.com\/product\/yoast-seo-premium-wordpress\/ -->\n<title>Ruotsin kielioppiharjoitukset - Talkpal<\/title>\n<meta name=\"description\" content=\"Paranna kielitaitoasi mukaansatempaavien ruotsin kielioppiharjoitusten avulla, jotka on suunniteltu kaikille oppijatasoille.\" \/>\n<meta name=\"robots\" content=\"index, follow, max-snippet:-1, max-image-preview:large, max-video-preview:-1\" \/>\n<link rel=\"canonical\" href=\"https:\/\/talkpal.ai\/fi\/ruotsin-kielioppiharjoitukset\/\" \/>\n<meta property=\"og:locale\" content=\"fi_FI\" \/>\n<meta property=\"og:type\" content=\"article\" \/>\n<meta property=\"og:title\" content=\"Ruotsin kielioppiharjoitukset\" \/>\n<meta property=\"og:description\" content=\"Ruotsin kieliopin aiheet Ruotsin, Ruotsin virallisen kielen ja yhden Suomen virallisen kielen, oppiminen voi olla palkitseva kokemus. Sen lis\u00e4ksi, ett\u00e4 se\" \/>\n<meta property=\"og:url\" content=\"https:\/\/talkpal.ai\/fi\/ruotsin-kielioppiharjoitukset\/\" \/>\n<meta property=\"og:site_name\" content=\"Talkpal\" \/>\n<meta property=\"article:publisher\" content=\"https:\/\/www.facebook.com\/profile.php?id=100090733639311\" \/>\n<meta property=\"article:modified_time\" content=\"2025-12-17T15:30:58+00:00\" \/>\n<meta property=\"og:image\" content=\"https:\/\/talkpal.ai\/wp-content\/uploads\/2023\/04\/sweden.png\" \/>\n\t<meta property=\"og:image:width\" content=\"512\" \/>\n\t<meta property=\"og:image:height\" content=\"512\" \/>\n\t<meta property=\"og:image:type\" content=\"image\/png\" \/>\n<meta name=\"twitter:card\" content=\"summary_large_image\" \/>\n<meta name=\"twitter:site\" content=\"@talkpalai\" \/>\n<meta name=\"twitter:label1\" content=\"Arvioitu lukuaika\" \/>\n\t<meta name=\"twitter:data1\" content=\"2 minuuttia\" \/>\n<script type=\"application\/ld+json\" class=\"yoast-schema-graph\">{\"@context\":\"https:\/\/schema.org\",\"@graph\":[{\"@type\":\"WebPage\",\"@id\":\"https:\/\/talkpal.ai\/fi\/ruotsin-kielioppiharjoitukset\/\",\"url\":\"https:\/\/talkpal.ai\/fi\/ruotsin-kielioppiharjoitukset\/\",\"name\":\"Ruotsin kielioppiharjoitukset - Talkpal\",\"isPartOf\":{\"@id\":\"https:\/\/talkpal.ai\/fi\/#website\"},\"primaryImageOfPage\":{\"@id\":\"https:\/\/talkpal.ai\/fi\/ruotsin-kielioppiharjoitukset\/#primaryimage\"},\"image\":{\"@id\":\"https:\/\/talkpal.ai\/fi\/ruotsin-kielioppiharjoitukset\/#primaryimage\"},\"thumbnailUrl\":\"https:\/\/talkpal.ai\/wp-content\/uploads\/2023\/04\/sweden.png\",\"datePublished\":\"2023-06-16T10:01:38+00:00\",\"dateModified\":\"2025-12-17T15:30:58+00:00\",\"description\":\"Paranna kielitaitoasi mukaansatempaavien ruotsin kielioppiharjoitusten avulla, jotka on suunniteltu kaikille oppijatasoille.\",\"breadcrumb\":{\"@id\":\"https:\/\/talkpal.ai\/fi\/ruotsin-kielioppiharjoitukset\/#breadcrumb\"},\"inLanguage\":\"fi\",\"potentialAction\":[{\"@type\":\"ReadAction\",\"target\":[\"https:\/\/talkpal.ai\/fi\/ruotsin-kielioppiharjoitukset\/\"]}]},{\"@type\":\"ImageObject\",\"inLanguage\":\"fi\",\"@id\":\"https:\/\/talkpal.ai\/fi\/ruotsin-kielioppiharjoitukset\/#primaryimage\",\"url\":\"https:\/\/talkpal.ai\/wp-content\/uploads\/2023\/04\/sweden.png\",\"contentUrl\":\"https:\/\/talkpal.ai\/wp-content\/uploads\/2023\/04\/sweden.png\",\"width\":512,\"height\":512},{\"@type\":\"BreadcrumbList\",\"@id\":\"https:\/\/talkpal.ai\/fi\/ruotsin-kielioppiharjoitukset\/#breadcrumb\",\"itemListElement\":[{\"@type\":\"ListItem\",\"position\":1,\"name\":\"Homepage\",\"item\":\"https:\/\/talkpal.ai\/fi\/\"},{\"@type\":\"ListItem\",\"position\":2,\"name\":\"Ruotsin kielioppiharjoitukset\"}]},{\"@type\":\"WebSite\",\"@id\":\"https:\/\/talkpal.ai\/fi\/#website\",\"url\":\"https:\/\/talkpal.ai\/fi\/\",\"name\":\"Talkpal\",\"description\":\"AI Language Learning\",\"publisher\":{\"@id\":\"https:\/\/talkpal.ai\/fi\/#organization\"},\"alternateName\":\"Talkpal AI\",\"potentialAction\":[{\"@type\":\"SearchAction\",\"target\":{\"@type\":\"EntryPoint\",\"urlTemplate\":\"https:\/\/talkpal.ai\/fi\/?s={search_term_string}\"},\"query-input\":{\"@type\":\"PropertyValueSpecification\",\"valueRequired\":true,\"valueName\":\"search_term_string\"}}],\"inLanguage\":\"fi\"},{\"@type\":\"Organization\",\"@id\":\"https:\/\/talkpal.ai\/fi\/#organization\",\"name\":\"Talkpal, Inc.\",\"alternateName\":\"Talkpal AI\",\"url\":\"https:\/\/talkpal.ai\/fi\/\",\"logo\":{\"@type\":\"ImageObject\",\"inLanguage\":\"fi\",\"@id\":\"https:\/\/talkpal.ai\/fi\/#\/schema\/logo\/image\/\",\"url\":\"https:\/\/talkpal.ai\/wp-content\/uploads\/2024\/03\/Talkpal-Logo-Icon.png\",\"contentUrl\":\"https:\/\/talkpal.ai\/wp-content\/uploads\/2024\/03\/Talkpal-Logo-Icon.png\",\"width\":2880,\"height\":2880,\"caption\":\"Talkpal, Inc.\"},\"image\":{\"@id\":\"https:\/\/talkpal.ai\/fi\/#\/schema\/logo\/image\/\"},\"sameAs\":[\"https:\/\/www.facebook.com\/profile.php?id=100090733639311\",\"https:\/\/x.com\/talkpalai\",\"https:\/\/www.linkedin.com\/company\/talkpal\/\",\"https:\/\/www.youtube.com\/@TalkPal\/\",\"https:\/\/www.tiktok.com\/@talkpal\",\"https:\/\/www.instagram.com\/talkpal_ai\/\",\"https:\/\/www.crunchbase.com\/organization\/talkpal-9cde\",\"https:\/\/www.g2.com\/products\/talkpal-for-business\/\",\"https:\/\/www.trustpilot.com\/review\/talkpal.ai\",\"https:\/\/www.capterra.com\/p\/10006800\/TalkPal\/\"],\"description\":\"Talkpal is a language learning web and mobile education app, powered by the latest AI technologies, that provides engaging experiences to its customers in many different languages to help them improve their language skills. Users can chat about unlimited amount of topics with the app and use other modes to practice their language learning.\",\"email\":\"support@talkpal.ai\",\"legalName\":\"Talkpal, Inc.\",\"foundingDate\":\"2023-04-03\",\"duns\":\"118989042\",\"numberOfEmployees\":{\"@type\":\"QuantitativeValue\",\"minValue\":\"11\",\"maxValue\":\"50\"},\"publishingPrinciples\":\"https:\/\/talkpal.ai\/publishing-principles\/\",\"actionableFeedbackPolicy\":\"https:\/\/talkpal.ai\/actionable-feedback-policy\/\",\"correctionsPolicy\":\"https:\/\/talkpal.ai\/corrections-policy\/\",\"ethicsPolicy\":\"https:\/\/talkpal.ai\/ethics-policy\/\",\"diversityPolicy\":\"https:\/\/talkpal.ai\/diversity-policy\/\",\"diversityStaffingReport\":\"https:\/\/talkpal.ai\/diversity-policy\/\"}]}<\/script>\n<!-- \/ Yoast SEO Premium plugin. -->","yoast_head_json":{"title":"Ruotsin kielioppiharjoitukset - Talkpal","description":"Paranna kielitaitoasi mukaansatempaavien ruotsin kielioppiharjoitusten avulla, jotka on suunniteltu kaikille oppijatasoille.","robots":{"index":"index","follow":"follow","max-snippet":"max-snippet:-1","max-image-preview":"max-image-preview:large","max-video-preview":"max-video-preview:-1"},"canonical":"https:\/\/talkpal.ai\/fi\/ruotsin-kielioppiharjoitukset\/","og_locale":"fi_FI","og_type":"article","og_title":"Ruotsin kielioppiharjoitukset","og_description":"Ruotsin kieliopin aiheet Ruotsin, Ruotsin virallisen kielen ja yhden Suomen virallisen kielen, oppiminen voi olla palkitseva kokemus. Sen lis\u00e4ksi, ett\u00e4 se","og_url":"https:\/\/talkpal.ai\/fi\/ruotsin-kielioppiharjoitukset\/","og_site_name":"Talkpal","article_publisher":"https:\/\/www.facebook.com\/profile.php?id=100090733639311","article_modified_time":"2025-12-17T15:30:58+00:00","og_image":[{"width":512,"height":512,"url":"https:\/\/talkpal.ai\/wp-content\/uploads\/2023\/04\/sweden.png","type":"image\/png"}],"twitter_card":"summary_large_image","twitter_site":"@talkpalai","twitter_misc":{"Arvioitu lukuaika":"2 minuuttia"},"schema":{"@context":"https:\/\/schema.org","@graph":[{"@type":"WebPage","@id":"https:\/\/talkpal.ai\/fi\/ruotsin-kielioppiharjoitukset\/","url":"https:\/\/talkpal.ai\/fi\/ruotsin-kielioppiharjoitukset\/","name":"Ruotsin kielioppiharjoitukset - Talkpal","isPartOf":{"@id":"https:\/\/talkpal.ai\/fi\/#website"},"primaryImageOfPage":{"@id":"https:\/\/talkpal.ai\/fi\/ruotsin-kielioppiharjoitukset\/#primaryimage"},"image":{"@id":"https:\/\/talkpal.ai\/fi\/ruotsin-kielioppiharjoitukset\/#primaryimage"},"thumbnailUrl":"https:\/\/talkpal.ai\/wp-content\/uploads\/2023\/04\/sweden.png","datePublished":"2023-06-16T10:01:38+00:00","dateModified":"2025-12-17T15:30:58+00:00","description":"Paranna kielitaitoasi mukaansatempaavien ruotsin kielioppiharjoitusten avulla, jotka on suunniteltu kaikille oppijatasoille.","breadcrumb":{"@id":"https:\/\/talkpal.ai\/fi\/ruotsin-kielioppiharjoitukset\/#breadcrumb"},"inLanguage":"fi","potentialAction":[{"@type":"ReadAction","target":["https:\/\/talkpal.ai\/fi\/ruotsin-kielioppiharjoitukset\/"]}]},{"@type":"ImageObject","inLanguage":"fi","@id":"https:\/\/talkpal.ai\/fi\/ruotsin-kielioppiharjoitukset\/#primaryimage","url":"https:\/\/talkpal.ai\/wp-content\/uploads\/2023\/04\/sweden.png","contentUrl":"https:\/\/talkpal.ai\/wp-content\/uploads\/2023\/04\/sweden.png","width":512,"height":512},{"@type":"BreadcrumbList","@id":"https:\/\/talkpal.ai\/fi\/ruotsin-kielioppiharjoitukset\/#breadcrumb","itemListElement":[{"@type":"ListItem","position":1,"name":"Homepage","item":"https:\/\/talkpal.ai\/fi\/"},{"@type":"ListItem","position":2,"name":"Ruotsin kielioppiharjoitukset"}]},{"@type":"WebSite","@id":"https:\/\/talkpal.ai\/fi\/#website","url":"https:\/\/talkpal.ai\/fi\/","name":"Talkpal","description":"AI Language Learning","publisher":{"@id":"https:\/\/talkpal.ai\/fi\/#organization"},"alternateName":"Talkpal AI","potentialAction":[{"@type":"SearchAction","target":{"@type":"EntryPoint","urlTemplate":"https:\/\/talkpal.ai\/fi\/?s={search_term_string}"},"query-input":{"@type":"PropertyValueSpecification","valueRequired":true,"valueName":"search_term_string"}}],"inLanguage":"fi"},{"@type":"Organization","@id":"https:\/\/talkpal.ai\/fi\/#organization","name":"Talkpal, Inc.","alternateName":"Talkpal AI","url":"https:\/\/talkpal.ai\/fi\/","logo":{"@type":"ImageObject","inLanguage":"fi","@id":"https:\/\/talkpal.ai\/fi\/#\/schema\/logo\/image\/","url":"https:\/\/talkpal.ai\/wp-content\/uploads\/2024\/03\/Talkpal-Logo-Icon.png","contentUrl":"https:\/\/talkpal.ai\/wp-content\/uploads\/2024\/03\/Talkpal-Logo-Icon.png","width":2880,"height":2880,"caption":"Talkpal, Inc."},"image":{"@id":"https:\/\/talkpal.ai\/fi\/#\/schema\/logo\/image\/"},"sameAs":["https:\/\/www.facebook.com\/profile.php?id=100090733639311","https:\/\/x.com\/talkpalai","https:\/\/www.linkedin.com\/company\/talkpal\/","https:\/\/www.youtube.com\/@TalkPal\/","https:\/\/www.tiktok.com\/@talkpal","https:\/\/www.instagram.com\/talkpal_ai\/","https:\/\/www.crunchbase.com\/organization\/talkpal-9cde","https:\/\/www.g2.com\/products\/talkpal-for-business\/","https:\/\/www.trustpilot.com\/review\/talkpal.ai","https:\/\/www.capterra.com\/p\/10006800\/TalkPal\/"],"description":"Talkpal is a language learning web and mobile education app, powered by the latest AI technologies, that provides engaging experiences to its customers in many different languages to help them improve their language skills. Users can chat about unlimited amount of topics with the app and use other modes to practice their language learning.","email":"support@talkpal.ai","legalName":"Talkpal, Inc.","foundingDate":"2023-04-03","duns":"118989042","numberOfEmployees":{"@type":"QuantitativeValue","minValue":"11","maxValue":"50"},"publishingPrinciples":"https:\/\/talkpal.ai\/publishing-principles\/","actionableFeedbackPolicy":"https:\/\/talkpal.ai\/actionable-feedback-policy\/","correctionsPolicy":"https:\/\/talkpal.ai\/corrections-policy\/","ethicsPolicy":"https:\/\/talkpal.ai\/ethics-policy\/","diversityPolicy":"https:\/\/talkpal.ai\/diversity-policy\/","diversityStaffingReport":"https:\/\/talkpal.ai\/diversity-policy\/"}]}},"_links":{"self":[{"href":"https:\/\/talkpal.ai\/fi\/wp-json\/wp\/v2\/pages\/133638","targetHints":{"allow":["GET"]}}],"collection":[{"href":"https:\/\/talkpal.ai\/fi\/wp-json\/wp\/v2\/pages"}],"about":[{"href":"https:\/\/talkpal.ai\/fi\/wp-json\/wp\/v2\/types\/page"}],"author":[{"embeddable":true,"href":"https:\/\/talkpal.ai\/fi\/wp-json\/wp\/v2\/users\/6"}],"replies":[{"embeddable":true,"href":"https:\/\/talkpal.ai\/fi\/wp-json\/wp\/v2\/comments?post=133638"}],"version-history":[{"count":0,"href":"https:\/\/talkpal.ai\/fi\/wp-json\/wp\/v2\/pages\/133638\/revisions"}],"wp:featuredmedia":[{"embeddable":true,"href":"https:\/\/talkpal.ai\/fi\/wp-json\/wp\/v2\/media\/11613"}],"wp:attachment":[{"href":"https:\/\/talkpal.ai\/fi\/wp-json\/wp\/v2\/media?parent=133638"}],"curies":[{"name":"wp","href":"https:\/\/api.w.org\/{rel}","templated":true}]}}