{"id":132861,"date":"2023-06-16T09:39:29","date_gmt":"2023-06-16T09:39:29","guid":{"rendered":"http:\/\/talkpal.ai\/kiinan-kielioppiharjoitukset\/"},"modified":"2025-05-22T21:25:35","modified_gmt":"2025-05-22T21:25:35","slug":"kiinan-kielioppiharjoitukset","status":"publish","type":"page","link":"https:\/\/talkpal.ai\/fi\/kiinan-kielioppiharjoitukset\/","title":{"rendered":"Kiinan kielioppiharjoitukset"},"content":{"rendered":"\r\n\r\n\r\n<section class=\"languageChallengeSection\">\r\n    <div class=\"languageInfoWrapper\">\r\n        \r\n        <h1>Kiinan kielioppiharjoitukset<\/h1>\r\n        <p>Haluatko parantaa kiinan kielen taitojasi? Keskittyminen kielioppiharjoituksiin auttaa sinua ymm\u00e4rt\u00e4m\u00e4\u00e4n lauserakenteita, hallitsemaan keskeiset mallit ja lis\u00e4\u00e4m\u00e4\u00e4n itsevarmuuttasi jokap\u00e4iv\u00e4isiss\u00e4 keskusteluissa. Aloita kiinan kieliopin harjoittelu jo t\u00e4n\u00e4\u00e4n ja ota tasaisia askelia kohti sujuvuutta jokaisen harjoituksen my\u00f6t\u00e4!<\/p>\r\n\r\n                            <a class=\"getStartedHidden\" href=\"https:\/\/app.talkpal.ai\/fi\/signup?lng=\">Aloita<\/a>\r\n        \r\n    <\/div>\r\n\r\n    <figure>\r\n    <img decoding=\"async\" width=\"768\" height=\"768\" src=\"https:\/\/talkpal.ai\/wp-content\/uploads\/2023\/06\/chinese-768x768.png\" class=\"languageImage no-lazy\" alt=\"Default alt text\" fetchpriority=\"high\" sizes=\"(max-width: 768px) 150px, 768px\" srcset=\"https:\/\/talkpal.ai\/wp-content\/uploads\/2023\/06\/chinese-768x768.png 768w, https:\/\/talkpal.ai\/wp-content\/uploads\/2023\/06\/chinese-300x300.png 300w\" \/>\r\n    \r\n\r\n    <\/figure>\r\n\r\n            <a class=\"getStartedVisible\" href=\"https:\/\/app.talkpal.ai\/fi\/signup?lng=\">Aloita<\/a>\r\n    \r\n<\/section>\r\n\r\n\r\n<!-- <section class=\"grammarSection\">\r\n    <div class=\"grammarLinks\">\r\n        <a href=\"https:\/\/talkpal.ai\/fi\/exercise_language\/adjektiivit-kiinan-kielioppi\/\">Adjektiivit <\/a><a href=\"https:\/\/talkpal.ai\/fi\/exercise_language\/adverbit-kiinan-kielioppi\/\">Adverbit <\/a><a href=\"https:\/\/talkpal.ai\/fi\/exercise_language\/aikamuodot-kiinan-kielioppi\/\">Aikamuodot <\/a><a href=\"https:\/\/talkpal.ai\/fi\/exercise_language\/artikkelit-kiinan-kielioppi\/\">Artikkelit <\/a><a href=\"https:\/\/talkpal.ai\/fi\/exercise_language\/lauserakenne-kiinan-kielioppi\/\">Lauserakenne <\/a><a href=\"https:\/\/talkpal.ai\/fi\/exercise_language\/prepositiot-kiinan-kielioppi\/\">Prepositiot <\/a><a href=\"https:\/\/talkpal.ai\/fi\/exercise_language\/pronominit-kiinan-kielioppi\/\">Pronominit <\/a><a href=\"https:\/\/talkpal.ai\/fi\/exercise_language\/substantiivit-kiinan-kielioppi\/\">Substantiivit <\/a><a href=\"https:\/\/talkpal.ai\/fi\/exercise_language\/verbit-kiinan-kielioppi\/\">Verbit <\/a>    <\/div>\r\n<\/section> -->\r\n\r\n\r\n\r\n\r\n        <section class=\"grammarSection\">\r\n            <div class=\"grammarLinks\">\r\n                <a href=\"https:\/\/talkpal.ai\/fi\/exercise_language\/adjektiivit-kiinan-kielioppi\/\">Adjektiivit <\/a><a href=\"https:\/\/talkpal.ai\/fi\/exercise_language\/adverbit-kiinan-kielioppi\/\">Adverbit <\/a><a href=\"https:\/\/talkpal.ai\/fi\/exercise_language\/aikamuodot-kiinan-kielioppi\/\">Aikamuodot <\/a><a href=\"https:\/\/talkpal.ai\/fi\/exercise_language\/artikkelit-kiinan-kielioppi\/\">Artikkelit <\/a><a href=\"https:\/\/talkpal.ai\/fi\/exercise_language\/lauserakenne-kiinan-kielioppi\/\">Lauserakenne <\/a><a href=\"https:\/\/talkpal.ai\/fi\/exercise_language\/prepositiot-kiinan-kielioppi\/\">Prepositiot <\/a><a href=\"https:\/\/talkpal.ai\/fi\/exercise_language\/pronominit-kiinan-kielioppi\/\">Pronominit <\/a><a href=\"https:\/\/talkpal.ai\/fi\/exercise_language\/substantiivit-kiinan-kielioppi\/\">Substantiivit <\/a><a href=\"https:\/\/talkpal.ai\/fi\/exercise_language\/verbit-kiinan-kielioppi\/\">Verbit <\/a>            <\/div>\r\n        <\/section>\r\n<section class=\"promotionalBanner\">\r\n    <p class=\"promotionalText\">Tehokkain tapa oppia kielt\u00e4<\/p>\r\n    <a class=\"promotionalLink\" href=\"https:\/\/app.talkpal.ai\/fi\/signup?lng=\">Kokeile Talkpal ilmaiseksi<\/a>\r\n<\/section>\n<div class=\"wp-block-group pageContainerStyle\"><div class=\"wp-block-group__inner-container is-layout-constrained wp-block-group-is-layout-constrained\">\n<h2 class=\"wp-block-heading\" id=\"h-chinese-grammar-topics\">Kiinan kieliopin aiheet<\/h2>\n\n\n\n<p><a href=\"https:\/\/talkpal.ai\/fi\/grammar\/aspect-kiinan-kielioppi\/\">Kiinan kielioppi<\/a> voi tuntua aluksi pelottavalta, mutta se on v\u00e4ltt\u00e4m\u00e4t\u00f6nt\u00e4 kielen hallitsemiseksi. Ainutlaatuisen merkkij\u00e4rjestelm\u00e4ns\u00e4 ja tonaalisen luonteensa ansiosta <a href=\"https:\/\/talkpal.ai\/fi\/grammar\/aspect-kiinan-kielioppi\/\">kiinan kielioppi<\/a> noudattaa erilaisia s\u00e4\u00e4nt\u00f6j\u00e4 kuin englannin kaltaiset kielet. N\u00e4iden s\u00e4\u00e4nt\u00f6jen oppiminen oikeassa j\u00e4rjestyksess\u00e4 auttaa sinua edistym\u00e4\u00e4n tehokkaammin kieliopinnoissasi. Seuraavia aiheita k\u00e4sitell\u00e4\u00e4n suositellussa oppimisj\u00e4rjestyksess\u00e4: aikamuodot, verbit, substantiivit, artikkelit, pronominit, adjektiivit, <a href=\"https:\/\/talkpal.ai\/fi\/grammar\/paikan-tsekin-kielioppi-adverbit\/\">adverbit<\/a>, <a href=\"https:\/\/talkpal.ai\/fi\/grammar\/kohdan-kannadan-kieliopissa-prepositiot\/\">prepositiot<\/a> ja lauserakenne. T\u00e4ss\u00e4 oppaassa selitet\u00e4\u00e4n lyhyesti kutakin aihetta, jotta voit ymm\u00e4rt\u00e4\u00e4 paremmin niiden toimintaa kiinan kielell\u00e4.<\/p>\n\n\n\n<h3 class=\"wp-block-heading\" id=\"h-1-tenses\">1. Aikamuodot:<\/h3>\n\n\n\n<p>Toisin kuin englannissa, kiinassa ei ole monimutkaisia verbien taivutuksia aikamuodon osoittamiseksi. Sen sijaan se k\u00e4ytt\u00e4\u00e4 aikasanoja <a href=\"https:\/\/talkpal.ai\/learn-thai\/\">tai<\/a> hiukkasia osoittamaan, milloin toiminto tapahtuu. Jos haluat ilmaista menneit\u00e4, nykyisi\u00e4 tai tulevia toimia, sinun on ensin tutustuttava yleisiin aikasanoihin, kuten &#8221;eilen&#8221;, &#8221;t\u00e4n\u00e4\u00e4n&#8221; ja &#8221;huomenna&#8221;.<\/p>\n\n\n\n<h3 class=\"wp-block-heading\" id=\"h-2-verbs\">2. Verbit:<\/h3>\n\n\n\n<p>Kun ymm\u00e4rr\u00e4t aikamuodot, on t\u00e4rke\u00e4\u00e4 oppia kiinan kielen perusverbit. Verbit ovat ratkaisevia, koska ne ilmaisevat tekoja ja tiloja, ja ne pysyv\u00e4t usein muuttumattomina eri aikamuodoissa. Keskity yleisimpien verbien oppimiseen ja niiden asianmukaiseen k\u00e4ytt\u00f6\u00f6n.<\/p>\n\n\n\n<h3 class=\"wp-block-heading\" id=\"h-3-nouns\">3. Substantiivit:<\/h3>\n\n\n\n<p>Substantiivit ovat kielen rakennuspalikoita, jotka edustavat ihmisi\u00e4, paikkoja, asioita tai ideoita. Kiinan kieless\u00e4 substantiivit ovat yleens\u00e4 suoraviivaisia, ja voit <a href=\"https:\/\/talkpal.ai\/ko\/ai-%ec%96%b8%ec%96%b4-%ea%b5%90%ec%82%ac\/\">aloittaa<\/a> oppimalla yleisimm\u00e4t ja hy\u00f6dyllisimm\u00e4t sanaston laajentamiseksi.<\/p>\n\n\n\n<h3 class=\"wp-block-heading\" id=\"h-4-articles\">4. Artiklat:<\/h3>\n\n\n\n<p>Kiinan kieless\u00e4 ei ole artikkeleita kuten englannin kieless\u00e4 &#8221;a&#8221; tai &#8221;the&#8221;. Substantiivien mukana on kuitenkin mittaussanoja m\u00e4\u00e4r\u00e4n osoittamiseksi. N\u00e4m\u00e4 mittasanat ovat v\u00e4ltt\u00e4m\u00e4tt\u00f6mi\u00e4, kun keskustellaan tiettyjen erien m\u00e4\u00e4rist\u00e4 tai numeroista.<\/p>\n\n\n\n<h3 class=\"wp-block-heading\" id=\"h-5-pronouns\">5. Pronominit:<\/h3>\n\n\n\n<p>Pronomineja k\u00e4ytet\u00e4\u00e4n korvaamaan lauseen substantiivit, ja ne ovat ratkaisevan t\u00e4rkeit\u00e4 toiston v\u00e4ltt\u00e4miseksi. Kiinan kieless\u00e4 pronominit muuttuvat sen mukaan, mik\u00e4 on niiden teht\u00e4v\u00e4 lauseessa, kuten subjekti, objekti tai possessiivi. Opi eri pronominit ja niiden oikea k\u00e4ytt\u00f6 parantaaksesi lauserakennettasi.<\/p>\n\n\n\n<h3 class=\"wp-block-heading\" id=\"h-6-adjectives\">6. Adjektiivit:<\/h3>\n\n\n\n<p>Adjektiiveja k\u00e4ytet\u00e4\u00e4n kuvaamaan tai muokkaamaan substantiiveja, ja niill\u00e4 on merkitt\u00e4v\u00e4 rooli lauseiden ilmeikkyyden ja kiinnostavuuden lis\u00e4\u00e4misess\u00e4. Opi yleisimm\u00e4t adjektiivit ja niiden sijoitus suhteessa substantiiviin lauseessa.<\/p>\n\n\n\n<h3 class=\"wp-block-heading\" id=\"h-7-adverbs\">7. Adverbit:<\/h3>\n\n\n\n<p><a href=\"https:\/\/talkpal.ai\/fi\/grammar\/paikan-tsekin-kielioppi-adverbit\/\">Adverbit<\/a> ovat v\u00e4ltt\u00e4m\u00e4tt\u00f6mi\u00e4, kun halutaan antaa lis\u00e4tietoja verbeist\u00e4, adjektiiveista tai muista adverbeista. He voivat kuvata, miten, milloin tai miss\u00e4 toiminto tapahtuu. Tutustu yleisiin adverbeihin ja niiden k\u00e4ytt\u00f6\u00f6n parantaaksesi kuvaavia kykyj\u00e4si.<\/p>\n\n\n\n<h3 class=\"wp-block-heading\" id=\"h-8-prepositions\">8. Prepositiot:<\/h3>\n\n\n\n<p>Prepositioita k\u00e4ytet\u00e4\u00e4n osoittamaan substantiivien tai nimimerkkien v\u00e4list\u00e4 suhdetta lauseessa. Ne ilmaisevat usein alueellisia tai ajallisia suhteita, kuten &#8221;in&#8221;, &#8221;on&#8221; tai &#8221;at&#8221;. Yleisimpien prepositioiden oppiminen ja niiden oikea k\u00e4ytt\u00f6 parantaa huomattavasti lauserakennettasi.<\/p>\n\n\n\n<h3 class=\"wp-block-heading\" id=\"h-9-sentence-structure\">9. Lauseen rakenne:<\/h3>\n\n\n\n<p>Lopuksi kiinalaisen lauserakenteen ymm\u00e4rt\u00e4minen on avain johdonmukaisten ja kieliopillisesti oikeiden lauseiden muodostamiseen. Kiina noudattaa subjekti-verbi-objekti (SVO) -rakennetta, joka on samanlainen kuin <a href=\"https:\/\/talkpal.ai\/learn-english-with-ai\/\">englanti<\/a>. Sanaj\u00e4rjestyksess\u00e4 ja eri kieliopillisten elementtien sijoittelussa on kuitenkin eroja. Opi peruslausemallit ja harjoittele lauseiden rakentamista oppimillasi elementeill\u00e4, kuten aikamuodoilla, verbeill\u00e4, substantiiveilla, pronomineilla, adjektiiveilla, adverbeilla ja prepositioilla.<\/p>\n\n\n\n<p>Seuraamalla t\u00e4t\u00e4 j\u00e4rjestyst\u00e4 ja keskittym\u00e4ll\u00e4 jokaiseen aiheeseen kehit\u00e4t vahvan perustan kiinan kieliopissa ja olet hyvin matkalla sujuvaan kieleen.<\/p>\n<\/div><\/div>\n\r\n<section class=\"learnNavigationSection\">\r\n            \r\n        <a href=\"https:\/\/talkpal.ai\/fi\/opi-kiinaa\/\">\r\n            <div class=\"learnNavigationWrapper\">\r\n                <div class=\"learnNavigationContent\">\r\n                    <img decoding=\"async\" src=\"https:\/\/talkpal.ai\/wp-content\/uploads\/2024\/08\/Chinese.jpg\" alt=\"Chinese Flag\u00a0\">\r\n                    <div>\r\n                        <h4>Tietoja kiinan oppimisesta<\/h4>\r\n                        <p>Tutustu kiinan kielioppiin.<\/p>\r\n                    <\/div>\r\n                <\/div>\r\n            <\/div>\r\n        <\/a>\r\n\r\n        \r\n        <a href=\"https:\/\/talkpal.ai\/fi\/kiinan-kielioppi\/\">\r\n            <div class=\"learnNavigationWrapper\">\r\n                <div class=\"learnNavigationContent\">\r\n                    <img decoding=\"async\" src=\"https:\/\/talkpal.ai\/wp-content\/uploads\/2024\/08\/Chinese.jpg\" alt=\"Chinese Flag\u00a0\">\r\n                    <div>\r\n                        <h4>Kiinan kieliopin oppitunnit<\/h4>\r\n                        <p>Harjoittele kiinan kielioppia.<\/p>\r\n                    <\/div>\r\n                <\/div>\r\n            <\/div>\r\n        <\/a>\r\n\r\n        \r\n        <a href=\"https:\/\/talkpal.ai\/vocabulary_language\/chinese\/\">\r\n            <div class=\"learnNavigationWrapper\">\r\n                <div class=\"learnNavigationContent\">\r\n                    <img decoding=\"async\" src=\"https:\/\/talkpal.ai\/wp-content\/uploads\/2024\/08\/Chinese.jpg\" alt=\"Chinese Flag\u00a0\">\r\n                    <div>\r\n                        <h4>Kiinan sanastoa<\/h4>\r\n                        <p>Laajenna kiinalaista sanavarastoasi.<\/p>\r\n                    <\/div>\r\n                <\/div>\r\n            <\/div>\r\n        <\/a>\r\n\r\n            <\/section>","protected":false},"excerpt":{"rendered":"<p>Kiinan kieliopin aiheet Kiinan kielioppi voi tuntua aluksi pelottavalta, mutta se on v\u00e4ltt\u00e4m\u00e4t\u00f6nt\u00e4 kielen hallitsemiseksi. Ainutlaatuisen merkkij\u00e4rjestelm\u00e4ns\u00e4 ja tonaalisen luonteensa ansiosta kiinan kielioppi noudattaa erilaisia s\u00e4\u00e4nt\u00f6j\u00e4 kuin englannin kaltaiset kielet. N\u00e4iden s\u00e4\u00e4nt\u00f6jen oppiminen oikeassa j\u00e4rjestyksess\u00e4 auttaa sinua edistym\u00e4\u00e4n tehokkaammin kieliopinnoissasi. Seuraavia aiheita k\u00e4sitell\u00e4\u00e4n suositellussa oppimisj\u00e4rjestyksess\u00e4: aikamuodot, verbit, substantiivit, artikkelit, pronominit, adjektiivit, adverbit, prepositiot ja lauserakenne. [&hellip;]<\/p>\n","protected":false},"author":6,"featured_media":11557,"parent":0,"menu_order":0,"comment_status":"closed","ping_status":"closed","template":"LearningContentPage.php","meta":{"_acf_changed":false,"footnotes":""},"class_list":["post-132861","page","type-page","status-publish","has-post-thumbnail","hentry"],"acf":[],"yoast_head":"<!-- This site is optimized with the Yoast SEO Premium plugin v27.2 (Yoast SEO v27.2) - https:\/\/yoast.com\/product\/yoast-seo-premium-wordpress\/ -->\n<title>Kiinan kielioppiharjoitukset - Talkpal<\/title>\n<meta name=\"description\" content=\"Hallitse kiinan kielioppi kattavan oppaamme avulla, joka kattaa aikamuodot, verbit ja paljon muuta kielitaitosi parantamiseksi.\" \/>\n<meta name=\"robots\" content=\"index, follow, max-snippet:-1, max-image-preview:large, max-video-preview:-1\" \/>\n<link rel=\"canonical\" href=\"https:\/\/talkpal.ai\/fi\/kiinan-kielioppiharjoitukset\/\" \/>\n<meta property=\"og:locale\" content=\"fi_FI\" \/>\n<meta property=\"og:type\" content=\"article\" \/>\n<meta property=\"og:title\" content=\"Kiinan kielioppiharjoitukset\" \/>\n<meta property=\"og:description\" content=\"Kiinan kieliopin aiheet Kiinan kielioppi voi tuntua aluksi pelottavalta, mutta se on v\u00e4ltt\u00e4m\u00e4t\u00f6nt\u00e4 kielen hallitsemiseksi. Ainutlaatuisen\" \/>\n<meta property=\"og:url\" content=\"https:\/\/talkpal.ai\/fi\/kiinan-kielioppiharjoitukset\/\" \/>\n<meta property=\"og:site_name\" content=\"Talkpal\" \/>\n<meta property=\"article:publisher\" content=\"https:\/\/www.facebook.com\/profile.php?id=100090733639311\" \/>\n<meta property=\"article:modified_time\" content=\"2025-05-22T21:25:35+00:00\" \/>\n<meta property=\"og:image\" content=\"https:\/\/talkpal.ai\/wp-content\/uploads\/2023\/04\/china.png\" \/>\n\t<meta property=\"og:image:width\" content=\"512\" \/>\n\t<meta property=\"og:image:height\" content=\"512\" \/>\n\t<meta property=\"og:image:type\" content=\"image\/png\" \/>\n<meta name=\"twitter:card\" content=\"summary_large_image\" \/>\n<meta name=\"twitter:site\" content=\"@talkpalai\" \/>\n<meta name=\"twitter:label1\" content=\"Arvioitu lukuaika\" \/>\n\t<meta name=\"twitter:data1\" content=\"2 minuuttia\" \/>\n<script type=\"application\/ld+json\" class=\"yoast-schema-graph\">{\"@context\":\"https:\/\/schema.org\",\"@graph\":[{\"@type\":\"WebPage\",\"@id\":\"https:\/\/talkpal.ai\/fi\/kiinan-kielioppiharjoitukset\/\",\"url\":\"https:\/\/talkpal.ai\/fi\/kiinan-kielioppiharjoitukset\/\",\"name\":\"Kiinan kielioppiharjoitukset - Talkpal\",\"isPartOf\":{\"@id\":\"https:\/\/talkpal.ai\/fi\/#website\"},\"primaryImageOfPage\":{\"@id\":\"https:\/\/talkpal.ai\/fi\/kiinan-kielioppiharjoitukset\/#primaryimage\"},\"image\":{\"@id\":\"https:\/\/talkpal.ai\/fi\/kiinan-kielioppiharjoitukset\/#primaryimage\"},\"thumbnailUrl\":\"https:\/\/talkpal.ai\/wp-content\/uploads\/2023\/04\/china.png\",\"datePublished\":\"2023-06-16T09:39:29+00:00\",\"dateModified\":\"2025-05-22T21:25:35+00:00\",\"description\":\"Hallitse kiinan kielioppi kattavan oppaamme avulla, joka kattaa aikamuodot, verbit ja paljon muuta kielitaitosi parantamiseksi.\",\"breadcrumb\":{\"@id\":\"https:\/\/talkpal.ai\/fi\/kiinan-kielioppiharjoitukset\/#breadcrumb\"},\"inLanguage\":\"fi\",\"potentialAction\":[{\"@type\":\"ReadAction\",\"target\":[\"https:\/\/talkpal.ai\/fi\/kiinan-kielioppiharjoitukset\/\"]}]},{\"@type\":\"ImageObject\",\"inLanguage\":\"fi\",\"@id\":\"https:\/\/talkpal.ai\/fi\/kiinan-kielioppiharjoitukset\/#primaryimage\",\"url\":\"https:\/\/talkpal.ai\/wp-content\/uploads\/2023\/04\/china.png\",\"contentUrl\":\"https:\/\/talkpal.ai\/wp-content\/uploads\/2023\/04\/china.png\",\"width\":512,\"height\":512},{\"@type\":\"BreadcrumbList\",\"@id\":\"https:\/\/talkpal.ai\/fi\/kiinan-kielioppiharjoitukset\/#breadcrumb\",\"itemListElement\":[{\"@type\":\"ListItem\",\"position\":1,\"name\":\"Homepage\",\"item\":\"https:\/\/talkpal.ai\/fi\/\"},{\"@type\":\"ListItem\",\"position\":2,\"name\":\"Kiinan kielioppiharjoitukset\"}]},{\"@type\":\"WebSite\",\"@id\":\"https:\/\/talkpal.ai\/fi\/#website\",\"url\":\"https:\/\/talkpal.ai\/fi\/\",\"name\":\"Talkpal\",\"description\":\"AI Language Learning\",\"publisher\":{\"@id\":\"https:\/\/talkpal.ai\/fi\/#organization\"},\"alternateName\":\"Talkpal AI\",\"potentialAction\":[{\"@type\":\"SearchAction\",\"target\":{\"@type\":\"EntryPoint\",\"urlTemplate\":\"https:\/\/talkpal.ai\/fi\/?s={search_term_string}\"},\"query-input\":{\"@type\":\"PropertyValueSpecification\",\"valueRequired\":true,\"valueName\":\"search_term_string\"}}],\"inLanguage\":\"fi\"},{\"@type\":\"Organization\",\"@id\":\"https:\/\/talkpal.ai\/fi\/#organization\",\"name\":\"Talkpal, Inc.\",\"alternateName\":\"Talkpal AI\",\"url\":\"https:\/\/talkpal.ai\/fi\/\",\"logo\":{\"@type\":\"ImageObject\",\"inLanguage\":\"fi\",\"@id\":\"https:\/\/talkpal.ai\/fi\/#\/schema\/logo\/image\/\",\"url\":\"https:\/\/talkpal.ai\/wp-content\/uploads\/2024\/03\/Talkpal-Logo-Icon.png\",\"contentUrl\":\"https:\/\/talkpal.ai\/wp-content\/uploads\/2024\/03\/Talkpal-Logo-Icon.png\",\"width\":2880,\"height\":2880,\"caption\":\"Talkpal, Inc.\"},\"image\":{\"@id\":\"https:\/\/talkpal.ai\/fi\/#\/schema\/logo\/image\/\"},\"sameAs\":[\"https:\/\/www.facebook.com\/profile.php?id=100090733639311\",\"https:\/\/x.com\/talkpalai\",\"https:\/\/www.linkedin.com\/company\/talkpal\/\",\"https:\/\/www.youtube.com\/@TalkPal\/\",\"https:\/\/www.tiktok.com\/@talkpal\",\"https:\/\/www.instagram.com\/talkpal_ai\/\",\"https:\/\/www.crunchbase.com\/organization\/talkpal-9cde\",\"https:\/\/www.g2.com\/products\/talkpal-for-business\/\",\"https:\/\/www.trustpilot.com\/review\/talkpal.ai\",\"https:\/\/www.capterra.com\/p\/10006800\/TalkPal\/\"],\"description\":\"Talkpal is a language learning web and mobile education app, powered by the latest AI technologies, that provides engaging experiences to its customers in many different languages to help them improve their language skills. Users can chat about unlimited amount of topics with the app and use other modes to practice their language learning.\",\"email\":\"support@talkpal.ai\",\"legalName\":\"Talkpal, Inc.\",\"foundingDate\":\"2023-04-03\",\"duns\":\"118989042\",\"numberOfEmployees\":{\"@type\":\"QuantitativeValue\",\"minValue\":\"11\",\"maxValue\":\"50\"},\"publishingPrinciples\":\"https:\/\/talkpal.ai\/publishing-principles\/\",\"actionableFeedbackPolicy\":\"https:\/\/talkpal.ai\/actionable-feedback-policy\/\",\"correctionsPolicy\":\"https:\/\/talkpal.ai\/corrections-policy\/\",\"ethicsPolicy\":\"https:\/\/talkpal.ai\/ethics-policy\/\",\"diversityPolicy\":\"https:\/\/talkpal.ai\/diversity-policy\/\",\"diversityStaffingReport\":\"https:\/\/talkpal.ai\/diversity-policy\/\"}]}<\/script>\n<!-- \/ Yoast SEO Premium plugin. -->","yoast_head_json":{"title":"Kiinan kielioppiharjoitukset - Talkpal","description":"Hallitse kiinan kielioppi kattavan oppaamme avulla, joka kattaa aikamuodot, verbit ja paljon muuta kielitaitosi parantamiseksi.","robots":{"index":"index","follow":"follow","max-snippet":"max-snippet:-1","max-image-preview":"max-image-preview:large","max-video-preview":"max-video-preview:-1"},"canonical":"https:\/\/talkpal.ai\/fi\/kiinan-kielioppiharjoitukset\/","og_locale":"fi_FI","og_type":"article","og_title":"Kiinan kielioppiharjoitukset","og_description":"Kiinan kieliopin aiheet Kiinan kielioppi voi tuntua aluksi pelottavalta, mutta se on v\u00e4ltt\u00e4m\u00e4t\u00f6nt\u00e4 kielen hallitsemiseksi. Ainutlaatuisen","og_url":"https:\/\/talkpal.ai\/fi\/kiinan-kielioppiharjoitukset\/","og_site_name":"Talkpal","article_publisher":"https:\/\/www.facebook.com\/profile.php?id=100090733639311","article_modified_time":"2025-05-22T21:25:35+00:00","og_image":[{"width":512,"height":512,"url":"https:\/\/talkpal.ai\/wp-content\/uploads\/2023\/04\/china.png","type":"image\/png"}],"twitter_card":"summary_large_image","twitter_site":"@talkpalai","twitter_misc":{"Arvioitu lukuaika":"2 minuuttia"},"schema":{"@context":"https:\/\/schema.org","@graph":[{"@type":"WebPage","@id":"https:\/\/talkpal.ai\/fi\/kiinan-kielioppiharjoitukset\/","url":"https:\/\/talkpal.ai\/fi\/kiinan-kielioppiharjoitukset\/","name":"Kiinan kielioppiharjoitukset - Talkpal","isPartOf":{"@id":"https:\/\/talkpal.ai\/fi\/#website"},"primaryImageOfPage":{"@id":"https:\/\/talkpal.ai\/fi\/kiinan-kielioppiharjoitukset\/#primaryimage"},"image":{"@id":"https:\/\/talkpal.ai\/fi\/kiinan-kielioppiharjoitukset\/#primaryimage"},"thumbnailUrl":"https:\/\/talkpal.ai\/wp-content\/uploads\/2023\/04\/china.png","datePublished":"2023-06-16T09:39:29+00:00","dateModified":"2025-05-22T21:25:35+00:00","description":"Hallitse kiinan kielioppi kattavan oppaamme avulla, joka kattaa aikamuodot, verbit ja paljon muuta kielitaitosi parantamiseksi.","breadcrumb":{"@id":"https:\/\/talkpal.ai\/fi\/kiinan-kielioppiharjoitukset\/#breadcrumb"},"inLanguage":"fi","potentialAction":[{"@type":"ReadAction","target":["https:\/\/talkpal.ai\/fi\/kiinan-kielioppiharjoitukset\/"]}]},{"@type":"ImageObject","inLanguage":"fi","@id":"https:\/\/talkpal.ai\/fi\/kiinan-kielioppiharjoitukset\/#primaryimage","url":"https:\/\/talkpal.ai\/wp-content\/uploads\/2023\/04\/china.png","contentUrl":"https:\/\/talkpal.ai\/wp-content\/uploads\/2023\/04\/china.png","width":512,"height":512},{"@type":"BreadcrumbList","@id":"https:\/\/talkpal.ai\/fi\/kiinan-kielioppiharjoitukset\/#breadcrumb","itemListElement":[{"@type":"ListItem","position":1,"name":"Homepage","item":"https:\/\/talkpal.ai\/fi\/"},{"@type":"ListItem","position":2,"name":"Kiinan kielioppiharjoitukset"}]},{"@type":"WebSite","@id":"https:\/\/talkpal.ai\/fi\/#website","url":"https:\/\/talkpal.ai\/fi\/","name":"Talkpal","description":"AI Language Learning","publisher":{"@id":"https:\/\/talkpal.ai\/fi\/#organization"},"alternateName":"Talkpal AI","potentialAction":[{"@type":"SearchAction","target":{"@type":"EntryPoint","urlTemplate":"https:\/\/talkpal.ai\/fi\/?s={search_term_string}"},"query-input":{"@type":"PropertyValueSpecification","valueRequired":true,"valueName":"search_term_string"}}],"inLanguage":"fi"},{"@type":"Organization","@id":"https:\/\/talkpal.ai\/fi\/#organization","name":"Talkpal, Inc.","alternateName":"Talkpal AI","url":"https:\/\/talkpal.ai\/fi\/","logo":{"@type":"ImageObject","inLanguage":"fi","@id":"https:\/\/talkpal.ai\/fi\/#\/schema\/logo\/image\/","url":"https:\/\/talkpal.ai\/wp-content\/uploads\/2024\/03\/Talkpal-Logo-Icon.png","contentUrl":"https:\/\/talkpal.ai\/wp-content\/uploads\/2024\/03\/Talkpal-Logo-Icon.png","width":2880,"height":2880,"caption":"Talkpal, Inc."},"image":{"@id":"https:\/\/talkpal.ai\/fi\/#\/schema\/logo\/image\/"},"sameAs":["https:\/\/www.facebook.com\/profile.php?id=100090733639311","https:\/\/x.com\/talkpalai","https:\/\/www.linkedin.com\/company\/talkpal\/","https:\/\/www.youtube.com\/@TalkPal\/","https:\/\/www.tiktok.com\/@talkpal","https:\/\/www.instagram.com\/talkpal_ai\/","https:\/\/www.crunchbase.com\/organization\/talkpal-9cde","https:\/\/www.g2.com\/products\/talkpal-for-business\/","https:\/\/www.trustpilot.com\/review\/talkpal.ai","https:\/\/www.capterra.com\/p\/10006800\/TalkPal\/"],"description":"Talkpal is a language learning web and mobile education app, powered by the latest AI technologies, that provides engaging experiences to its customers in many different languages to help them improve their language skills. Users can chat about unlimited amount of topics with the app and use other modes to practice their language learning.","email":"support@talkpal.ai","legalName":"Talkpal, Inc.","foundingDate":"2023-04-03","duns":"118989042","numberOfEmployees":{"@type":"QuantitativeValue","minValue":"11","maxValue":"50"},"publishingPrinciples":"https:\/\/talkpal.ai\/publishing-principles\/","actionableFeedbackPolicy":"https:\/\/talkpal.ai\/actionable-feedback-policy\/","correctionsPolicy":"https:\/\/talkpal.ai\/corrections-policy\/","ethicsPolicy":"https:\/\/talkpal.ai\/ethics-policy\/","diversityPolicy":"https:\/\/talkpal.ai\/diversity-policy\/","diversityStaffingReport":"https:\/\/talkpal.ai\/diversity-policy\/"}]}},"_links":{"self":[{"href":"https:\/\/talkpal.ai\/fi\/wp-json\/wp\/v2\/pages\/132861","targetHints":{"allow":["GET"]}}],"collection":[{"href":"https:\/\/talkpal.ai\/fi\/wp-json\/wp\/v2\/pages"}],"about":[{"href":"https:\/\/talkpal.ai\/fi\/wp-json\/wp\/v2\/types\/page"}],"author":[{"embeddable":true,"href":"https:\/\/talkpal.ai\/fi\/wp-json\/wp\/v2\/users\/6"}],"replies":[{"embeddable":true,"href":"https:\/\/talkpal.ai\/fi\/wp-json\/wp\/v2\/comments?post=132861"}],"version-history":[{"count":0,"href":"https:\/\/talkpal.ai\/fi\/wp-json\/wp\/v2\/pages\/132861\/revisions"}],"wp:featuredmedia":[{"embeddable":true,"href":"https:\/\/talkpal.ai\/fi\/wp-json\/wp\/v2\/media\/11557"}],"wp:attachment":[{"href":"https:\/\/talkpal.ai\/fi\/wp-json\/wp\/v2\/media?parent=132861"}],"curies":[{"name":"wp","href":"https:\/\/api.w.org\/{rel}","templated":true}]}}