{"id":132515,"date":"2023-06-16T09:31:38","date_gmt":"2023-06-16T09:31:38","guid":{"rendered":"http:\/\/talkpal.ai\/arabian-kielioppiharjoitukset\/"},"modified":"2025-05-22T20:16:25","modified_gmt":"2025-05-22T20:16:25","slug":"arabian-kielioppiharjoitukset","status":"publish","type":"page","link":"https:\/\/talkpal.ai\/fi\/arabian-kielioppiharjoitukset\/","title":{"rendered":"Arabian kielioppiharjoitukset"},"content":{"rendered":"\r\n\r\n\r\n<section class=\"languageChallengeSection\">\r\n    <div class=\"languageInfoWrapper\">\r\n        \r\n        <h1>Arabian kielioppiharjoitukset<\/h1>\r\n        <p>Oletko valmis parantamaan arabian kielen taitojasi? Kielioppiharjoitukset ovat v\u00e4ltt\u00e4m\u00e4tt\u00f6mi\u00e4 lauserakenteiden, verbimuotojen ja arabian kielen ainutlaatuisten mallien hallitsemiseksi. Keskity n\u00e4ihin harjoituksiin, jotta voit lis\u00e4t\u00e4 itseluottamustasi, laajentaa sanavarastoasi ja ilmaista itse\u00e4si arabiaksi paljon helpommin. Aloita harjoittelu jo t\u00e4n\u00e4\u00e4n ja katso, miten kielitaitosi kasvaa!<\/p>\r\n\r\n                            <a class=\"getStartedHidden\" href=\"https:\/\/app.talkpal.ai\/fi\/signup?lng=\">Aloita<\/a>\r\n        \r\n    <\/div>\r\n\r\n    <figure>\r\n    <img decoding=\"async\" width=\"768\" height=\"768\" src=\"https:\/\/talkpal.ai\/wp-content\/uploads\/2023\/06\/arabic-768x768.png\" class=\"languageImage no-lazy\" alt=\"Default alt text\" fetchpriority=\"high\" sizes=\"(max-width: 768px) 150px, 768px\" srcset=\"https:\/\/talkpal.ai\/wp-content\/uploads\/2023\/06\/arabic-768x768.png 768w, https:\/\/talkpal.ai\/wp-content\/uploads\/2023\/06\/arabic-300x300.png 300w\" \/>\r\n    \r\n\r\n    <\/figure>\r\n\r\n            <a class=\"getStartedVisible\" href=\"https:\/\/app.talkpal.ai\/fi\/signup?lng=\">Aloita<\/a>\r\n    \r\n<\/section>\r\n\r\n\r\n<!-- <section class=\"grammarSection\">\r\n    <div class=\"grammarLinks\">\r\n        <a href=\"https:\/\/talkpal.ai\/fi\/exercise_language\/adjektiivit-arabian-kielioppi\/\">Adjektiivit <\/a><a href=\"https:\/\/talkpal.ai\/fi\/exercise_language\/adverbit-arabian-kielioppi\/\">Adverbit <\/a><a href=\"https:\/\/talkpal.ai\/fi\/exercise_language\/aikamuodot-konjunktiivi-arabian-kielioppi\/\">Aikamuodot Konjunktiivi <\/a><a href=\"https:\/\/talkpal.ai\/fi\/exercise_language\/aikamuotojen-vertailu-arabian-kielioppi\/\">Aikamuotojen vertailu <\/a><a href=\"https:\/\/talkpal.ai\/fi\/exercise_language\/artikkelit-arabian-kielioppi\/\">Artikkelit <\/a><a href=\"https:\/\/talkpal.ai\/fi\/exercise_language\/idaafa-genetiivinen-rakenne-arabian-kielioppi\/\">Idaafa (genetiivinen rakenne) <\/a><a href=\"https:\/\/talkpal.ai\/fi\/exercise_language\/indikatiiviset-aikamuodot-arabian-kielioppi\/\">Indikatiiviset aikamuodot <\/a><a href=\"https:\/\/talkpal.ai\/fi\/exercise_language\/lauserakenne-arabian-kielioppi\/\">Lauserakenne <\/a><a href=\"https:\/\/talkpal.ai\/fi\/exercise_language\/prepositiot-arabian-kielioppi\/\">Prepositiot <\/a><a href=\"https:\/\/talkpal.ai\/fi\/exercise_language\/pronominit-arabian-kielioppi\/\">Pronominit <\/a><a href=\"https:\/\/talkpal.ai\/fi\/exercise_language\/substantiivit-arabian-kielioppi\/\">Substantiivit <\/a><a href=\"https:\/\/talkpal.ai\/fi\/exercise_language\/verbit-arabian-kielioppi\/\">Verbit <\/a>    <\/div>\r\n<\/section> -->\r\n\r\n\r\n\r\n\r\n        <section class=\"grammarSection\">\r\n            <div class=\"grammarLinks\">\r\n                <a href=\"https:\/\/talkpal.ai\/fi\/exercise_language\/adjektiivit-arabian-kielioppi\/\">Adjektiivit <\/a><a href=\"https:\/\/talkpal.ai\/fi\/exercise_language\/adverbit-arabian-kielioppi\/\">Adverbit <\/a><a href=\"https:\/\/talkpal.ai\/fi\/exercise_language\/aikamuodot-konjunktiivi-arabian-kielioppi\/\">Aikamuodot Konjunktiivi <\/a><a href=\"https:\/\/talkpal.ai\/fi\/exercise_language\/aikamuotojen-vertailu-arabian-kielioppi\/\">Aikamuotojen vertailu <\/a><a href=\"https:\/\/talkpal.ai\/fi\/exercise_language\/artikkelit-arabian-kielioppi\/\">Artikkelit <\/a><a href=\"https:\/\/talkpal.ai\/fi\/exercise_language\/idaafa-genetiivinen-rakenne-arabian-kielioppi\/\">Idaafa (genetiivinen rakenne) <\/a><a href=\"https:\/\/talkpal.ai\/fi\/exercise_language\/indikatiiviset-aikamuodot-arabian-kielioppi\/\">Indikatiiviset aikamuodot <\/a><a href=\"https:\/\/talkpal.ai\/fi\/exercise_language\/lauserakenne-arabian-kielioppi\/\">Lauserakenne <\/a><a href=\"https:\/\/talkpal.ai\/fi\/exercise_language\/prepositiot-arabian-kielioppi\/\">Prepositiot <\/a><a href=\"https:\/\/talkpal.ai\/fi\/exercise_language\/pronominit-arabian-kielioppi\/\">Pronominit <\/a><a href=\"https:\/\/talkpal.ai\/fi\/exercise_language\/substantiivit-arabian-kielioppi\/\">Substantiivit <\/a><a href=\"https:\/\/talkpal.ai\/fi\/exercise_language\/verbit-arabian-kielioppi\/\">Verbit <\/a>            <\/div>\r\n        <\/section>\r\n<section class=\"promotionalBanner\">\r\n    <p class=\"promotionalText\">Tehokkain tapa oppia kielt\u00e4<\/p>\r\n    <a class=\"promotionalLink\" href=\"https:\/\/app.talkpal.ai\/fi\/signup?lng=\">Kokeile Talkpal ilmaiseksi<\/a>\r\n<\/section>\n<div class=\"wp-block-group pageContainerStyle\"><div class=\"wp-block-group__inner-container is-layout-constrained wp-block-group-is-layout-constrained\">\n<h2 class=\"wp-block-heading\" id=\"h-arabic-grammar-topics\">Arabian kieliopin aiheet<\/h2>\n\n\n\n<p>Arabian kieli, jolla on rikas historia ja kulttuurinen merkitys, on kiehtova ja palkitseva yritys kieltenoppijoille. Yhten\u00e4 Yhdistyneiden Kansakuntien kuudesta virallisesta kielest\u00e4 ja yli 420 miljoonan ihmisen puhumana ymp\u00e4ri maailmaa arabian oppiminen avaa mahdollisuuksia maailmanlaajuiseen viestint\u00e4\u00e4n ja ymm\u00e4rrykseen. Kielen hallitseminen edellytt\u00e4\u00e4 kuitenkin perusteellista ymm\u00e4rryst\u00e4 sen ainutlaatuisista kielioppis\u00e4\u00e4nn\u00f6ist\u00e4 ja rakenteista. T\u00e4ss\u00e4 artikkelissa tutkimme keskeisi\u00e4 arabian kieliopin aiheita, jotka auttavat sinua rakentamaan vahvan perustan kielelle, perusmuodoista ja verbitaivutuksista monimutkaisempiin nimellisiin ja sanallisiin lauserakenteisiin.<\/p>\n\n\n\n<h3 class=\"wp-block-heading\" id=\"h-1-tenses-indicative\">1. Aikamuodot ohjeellisia:<\/h3>\n\n\n\n<p>Indikatiivista aikamuotoa k\u00e4ytet\u00e4\u00e4n ilmaisemaan toimia <a href=\"https:\/\/talkpal.ai\/learn-thai\/\">tai<\/a> tiloja nykyisyydess\u00e4, menneisyydess\u00e4 tai tulevaisuudessa. Arabiassa verbin taivutus muuttuu aikamuodon mukaan. Aloita opettelemalla tavallisten verbien perustaivutukset ja tutustu nykyisen, menneen ja tulevan aikamuodon eri kuvioihin.<\/p>\n\n\n\n<h3 class=\"wp-block-heading\" id=\"h-2-tenses-subjunctive\">2. Aikamuodot subjunktiivinen:<\/h3>\n\n\n\n<p>Subjunktiivia k\u00e4ytet\u00e4\u00e4n ilmaisemaan ep\u00e4varmuutta, ep\u00e4ilyst\u00e4 tai halua. On eritt\u00e4in t\u00e4rke\u00e4\u00e4 oppia verbien erityiset taivutusmuodot ja niiden eroavaisuudet indikatiivin aikamuodosta. T\u00e4m\u00e4 auttaa sinua v\u00e4litt\u00e4m\u00e4\u00e4n vivahteikkaampia ajatuksia ja tunteita viestinn\u00e4ss\u00e4si.<\/p>\n\n\n\n<h3 class=\"wp-block-heading\" id=\"h-3-tense-comparison\">3. J\u00e4nnittynyt vertailu:<\/h3>\n\n\n\n<p>Indikatiivisen ja subjunktiivisen aikamuodon erojen ymm\u00e4rt\u00e4minen on elint\u00e4rke\u00e4\u00e4. Keskity siihen, miten verbitaivutuksia muokataan ja miss\u00e4 kontekstissa kutakin aikamuotoa k\u00e4ytet\u00e4\u00e4n.<\/p>\n\n\n\n<h3 class=\"wp-block-heading\" id=\"h-4-verbs\">4. Verbit:<\/h3>\n\n\n\n<p>Arabian verbit luokitellaan eri muotoihin niiden juurikirjainten ja kuvioiden perusteella. Opi verbien kymmenen perusmuotoa ja niiden taivutuss\u00e4\u00e4nn\u00f6t, jotka auttavat sinua tunnistamaan ja k\u00e4ytt\u00e4m\u00e4\u00e4n verbej\u00e4 oikein eri tilanteissa.<\/p>\n\n\n\n<h3 class=\"wp-block-heading\" id=\"h-5-nouns\">5. Substantiivit:<\/h3>\n\n\n\n<p>Arabialaiset substantiivit ovat joko maskuliinisia tai feminiinisi\u00e4, ja niiden p\u00e4\u00e4tteet muuttuvat niiden kieliopillisen roolin perusteella lauseessa. Opi eri substantiivimallit ja miten kirjainmerkinn\u00e4t ja muut kieliopilliset elementit vaikuttavat niihin.<\/p>\n\n\n\n<h3 class=\"wp-block-heading\" id=\"h-6-articles\">6. Artiklat:<\/h3>\n\n\n\n<p>Arabiassa on tarkkoja ja ep\u00e4m\u00e4\u00e4r\u00e4isi\u00e4 artikkeleita, joilla on ratkaiseva rooli substantiivien tunnistamisessa. Opi arabian kielen m\u00e4\u00e4r\u00e4isen artikkelin &#8221;al-&#8221; s\u00e4\u00e4nn\u00f6t ja k\u00e4ytt\u00f6 sek\u00e4 ep\u00e4m\u00e4\u00e4r\u00e4isen artikkelin puuttuminen.<\/p>\n\n\n\n<h3 class=\"wp-block-heading\" id=\"h-7-definite-and-indefinite-articles\">7. M\u00e4\u00e4r\u00e4iset ja ep\u00e4m\u00e4\u00e4r\u00e4iset artiklat:<\/h3>\n\n\n\n<p>Kuten aiemmin mainittiin, arabiankielisten m\u00e4\u00e4r\u00e4isten ja m\u00e4\u00e4rittelem\u00e4tt\u00f6mien artikkeleiden k\u00e4yt\u00f6n ymm\u00e4rt\u00e4minen on v\u00e4ltt\u00e4m\u00e4t\u00f6nt\u00e4. Harjoittele niiden k\u00e4ytt\u00f6\u00e4 lauseissa, joissa on eri substantiiveja, vahvistaaksesi k\u00e4sityst\u00e4si k\u00e4sitteest\u00e4.<\/p>\n\n\n\n<h3 class=\"wp-block-heading\" id=\"h-8-pronouns\">8. Pronominit:<\/h3>\n\n\n\n<p>Arabialaiset pronominit jaetaan henkil\u00f6kohtaisiin, demonstratiivisiin ja suhteellisiin pronomineihin. Opi niiden muodot ja k\u00e4ytt\u00f6 sek\u00e4 s\u00e4\u00e4nn\u00f6t niiden liitt\u00e4misest\u00e4 verbeihin, substantiiveihin ja prepositioihin.<\/p>\n\n\n\n<h3 class=\"wp-block-heading\" id=\"h-9-adjectives\">9. Adjektiivit:<\/h3>\n\n\n\n<p>Arabiankieliset adjektiivit sopivat yhteen substantiivien kanssa, joita ne muuttavat sukupuolen ja lukum\u00e4\u00e4r\u00e4n mukaan. Opi adjektiivisopimuksen s\u00e4\u00e4nn\u00f6t ja adjektiivien perusmallit.<\/p>\n\n\n\n<h3 class=\"wp-block-heading\" id=\"h-10-adverbs\">10. Sananlaskut:<\/h3>\n\n\n\n<p>Tutustu tavallisiin arabialaisiin adverbeihin ja niiden sijoittamiseen lauseisiin. <a href=\"https:\/\/talkpal.ai\/ar\/grammar_exercises\/adverbien-%d8%aa%d9%85%d8%a7%d8%b1%d9%8a%d9%86-%d9%84%d9%84%d9%82%d9%88%d8%a7%d8%b9%d8%af-%d8%a7%d9%84%d8%a3%d9%84%d9%85%d8%a7%d9%86%d9%8a%d8%a9\/\">Adverbien<\/a> toiminnan ymm\u00e4rt\u00e4minen auttaa sinua v\u00e4litt\u00e4m\u00e4\u00e4n yksityiskohtaisempia tietoja viestinn\u00e4ss\u00e4si.<\/p>\n\n\n\n<h3 class=\"wp-block-heading\" id=\"h-11-prepositions\">11. Prepositiot:<\/h3>\n\n\n\n<p>Arabialaiset <a href=\"https:\/\/talkpal.ai\/fi\/grammar\/kohdan-kannadan-kieliopissa-prepositiot\/\">prepositiot<\/a> ovat v\u00e4ltt\u00e4m\u00e4tt\u00f6mi\u00e4 sanojen ja lauseiden yhdist\u00e4miseksi ja niiden v\u00e4listen suhteiden ilmaisemiseksi. Opi erilaisia prepositioita ja niiden k\u00e4ytt\u00f6\u00e4 lauseissa.<\/p>\n\n\n\n<h3 class=\"wp-block-heading\" id=\"h-12-idaafa-genitive-construction\">12. Idaafa (genetiivinen rakenne):<\/h3>\n\n\n\n<p>Idaafa-rakennetta k\u00e4ytet\u00e4\u00e4n ilmaisemaan hallussapitoa tai substantiivien v\u00e4lisi\u00e4 suhteita. Opi s\u00e4\u00e4nn\u00f6t ja mallit Idaafa-rakenteiden muodostamiseksi, jotka ovat olennainen osa arabian kielioppia.<\/p>\n\n\n\n<h3 class=\"wp-block-heading\" id=\"h-13-sentence-structure\">13. Lauseen rakenne:<\/h3>\n\n\n\n<p>Arabialaiset lauseet voivat olla joko nimellisi\u00e4 tai sanallisia. Opi molempien lausetyyppien perusrakenne ja harjoittele lauseiden muodostamista eri komponenteilla.<\/p>\n\n\n\n<h3 class=\"wp-block-heading\" id=\"h-14-nominal-and-verbal-sentences\">14. Nimelliset ja sanalliset lauseet:<\/h3>\n\n\n\n<p>Sukella syvemm\u00e4lle nominaalisten ja sanallisten lauseiden eroihin ja opi k\u00e4ytt\u00e4m\u00e4\u00e4n niit\u00e4 tehokkaasti eri yhteyksiss\u00e4.<\/p>\n\n\n\n<h3 class=\"wp-block-heading\" id=\"h-15-subject-and-predicate-in-arabic\">15. Aihe ja predikaatti arabiaksi:<\/h3>\n\n\n\n<p>Kohteen ja predikaatin roolien ymm\u00e4rt\u00e4minen arabialaisissa lauseissa on olennaista tehokkaan viestinn\u00e4n kannalta. Opi s\u00e4\u00e4nn\u00f6t aiheiden ja predikaattien tunnistamiseen ja k\u00e4ytt\u00e4miseen eri lausetyypeiss\u00e4.<\/p>\n<\/div><\/div>\n\r\n<section class=\"learnNavigationSection\">\r\n            \r\n        <a href=\"https:\/\/talkpal.ai\/fi\/opi-arabiaa\/\">\r\n            <div class=\"learnNavigationWrapper\">\r\n                <div class=\"learnNavigationContent\">\r\n                    <img decoding=\"async\" src=\"https:\/\/talkpal.ai\/wp-content\/uploads\/2024\/08\/Arabic.jpg\" alt=\"Arabic Flag\">\r\n                    <div>\r\n                        <h4>Tietoa arabian oppimisesta<\/h4>\r\n                        <p>Tutustu arabian kielioppiin.<\/p>\r\n                    <\/div>\r\n                <\/div>\r\n            <\/div>\r\n        <\/a>\r\n\r\n        \r\n        <a href=\"https:\/\/talkpal.ai\/fi\/arabian-kielioppi\/\">\r\n            <div class=\"learnNavigationWrapper\">\r\n                <div class=\"learnNavigationContent\">\r\n                    <img decoding=\"async\" src=\"https:\/\/talkpal.ai\/wp-content\/uploads\/2024\/08\/Arabic.jpg\" alt=\"Arabic Flag\">\r\n                    <div>\r\n                        <h4>Arabian kieliopin oppitunnit<\/h4>\r\n                        <p>Harjoittele arabian kielioppia.<\/p>\r\n                    <\/div>\r\n                <\/div>\r\n            <\/div>\r\n        <\/a>\r\n\r\n        \r\n        <a href=\"https:\/\/talkpal.ai\/vocabulary_language\/arabic\/\">\r\n            <div class=\"learnNavigationWrapper\">\r\n                <div class=\"learnNavigationContent\">\r\n                    <img decoding=\"async\" src=\"https:\/\/talkpal.ai\/wp-content\/uploads\/2024\/08\/Arabic.jpg\" alt=\"Arabic Flag\">\r\n                    <div>\r\n                        <h4>Arabian sanasto<\/h4>\r\n                        <p>Laajenna arabian kielen sanavarastoasi.<\/p>\r\n                    <\/div>\r\n                <\/div>\r\n            <\/div>\r\n        <\/a>\r\n\r\n            <\/section>","protected":false},"excerpt":{"rendered":"<p>Arabian kieliopin aiheet Arabian kieli, jolla on rikas historia ja kulttuurinen merkitys, on kiehtova ja palkitseva yritys kieltenoppijoille. Yhten\u00e4 Yhdistyneiden Kansakuntien kuudesta virallisesta kielest\u00e4 ja yli 420 miljoonan ihmisen puhumana ymp\u00e4ri maailmaa arabian oppiminen avaa mahdollisuuksia maailmanlaajuiseen viestint\u00e4\u00e4n ja ymm\u00e4rrykseen. Kielen hallitseminen edellytt\u00e4\u00e4 kuitenkin perusteellista ymm\u00e4rryst\u00e4 sen ainutlaatuisista kielioppis\u00e4\u00e4nn\u00f6ist\u00e4 ja rakenteista. T\u00e4ss\u00e4 artikkelissa tutkimme keskeisi\u00e4 [&hellip;]<\/p>\n","protected":false},"author":6,"featured_media":11550,"parent":0,"menu_order":0,"comment_status":"closed","ping_status":"closed","template":"LearningContentPage.php","meta":{"_acf_changed":false,"footnotes":""},"class_list":["post-132515","page","type-page","status-publish","has-post-thumbnail","hentry"],"acf":[],"yoast_head":"<!-- This site is optimized with the Yoast SEO Premium plugin v27.2 (Yoast SEO v27.2) - https:\/\/yoast.com\/product\/yoast-seo-premium-wordpress\/ -->\n<title>Arabian kielioppiharjoitukset - Talkpal<\/title>\n<meta name=\"description\" content=\"Paranna ymm\u00e4rryst\u00e4si arabian kielioppiharjoituksilla, jotka kattavat kielen hallinnan kannalta olennaiset s\u00e4\u00e4nn\u00f6t ja rakenteet.\" \/>\n<meta name=\"robots\" content=\"index, follow, max-snippet:-1, max-image-preview:large, max-video-preview:-1\" \/>\n<link rel=\"canonical\" href=\"https:\/\/talkpal.ai\/fi\/arabian-kielioppiharjoitukset\/\" \/>\n<meta property=\"og:locale\" content=\"fi_FI\" \/>\n<meta property=\"og:type\" content=\"article\" \/>\n<meta property=\"og:title\" content=\"Arabian kielioppiharjoitukset\" \/>\n<meta property=\"og:description\" content=\"Arabian kieliopin aiheet Arabian kieli, jolla on rikas historia ja kulttuurinen merkitys, on kiehtova ja palkitseva yritys kieltenoppijoille. Yhten\u00e4\" \/>\n<meta property=\"og:url\" content=\"https:\/\/talkpal.ai\/fi\/arabian-kielioppiharjoitukset\/\" \/>\n<meta property=\"og:site_name\" content=\"Talkpal\" \/>\n<meta property=\"article:publisher\" content=\"https:\/\/www.facebook.com\/profile.php?id=100090733639311\" \/>\n<meta property=\"article:modified_time\" content=\"2025-05-22T20:16:25+00:00\" \/>\n<meta property=\"og:image\" content=\"https:\/\/talkpal.ai\/wp-content\/uploads\/2023\/04\/arabic-united-arab-emirates.png\" \/>\n\t<meta property=\"og:image:width\" content=\"512\" \/>\n\t<meta property=\"og:image:height\" content=\"512\" \/>\n\t<meta property=\"og:image:type\" content=\"image\/png\" \/>\n<meta name=\"twitter:card\" content=\"summary_large_image\" \/>\n<meta name=\"twitter:site\" content=\"@talkpalai\" \/>\n<meta name=\"twitter:label1\" content=\"Arvioitu lukuaika\" \/>\n\t<meta name=\"twitter:data1\" content=\"3 minuuttia\" \/>\n<script type=\"application\/ld+json\" class=\"yoast-schema-graph\">{\"@context\":\"https:\/\/schema.org\",\"@graph\":[{\"@type\":\"WebPage\",\"@id\":\"https:\/\/talkpal.ai\/fi\/arabian-kielioppiharjoitukset\/\",\"url\":\"https:\/\/talkpal.ai\/fi\/arabian-kielioppiharjoitukset\/\",\"name\":\"Arabian kielioppiharjoitukset - Talkpal\",\"isPartOf\":{\"@id\":\"https:\/\/talkpal.ai\/fi\/#website\"},\"primaryImageOfPage\":{\"@id\":\"https:\/\/talkpal.ai\/fi\/arabian-kielioppiharjoitukset\/#primaryimage\"},\"image\":{\"@id\":\"https:\/\/talkpal.ai\/fi\/arabian-kielioppiharjoitukset\/#primaryimage\"},\"thumbnailUrl\":\"https:\/\/talkpal.ai\/wp-content\/uploads\/2023\/04\/arabic-united-arab-emirates.png\",\"datePublished\":\"2023-06-16T09:31:38+00:00\",\"dateModified\":\"2025-05-22T20:16:25+00:00\",\"description\":\"Paranna ymm\u00e4rryst\u00e4si arabian kielioppiharjoituksilla, jotka kattavat kielen hallinnan kannalta olennaiset s\u00e4\u00e4nn\u00f6t ja rakenteet.\",\"breadcrumb\":{\"@id\":\"https:\/\/talkpal.ai\/fi\/arabian-kielioppiharjoitukset\/#breadcrumb\"},\"inLanguage\":\"fi\",\"potentialAction\":[{\"@type\":\"ReadAction\",\"target\":[\"https:\/\/talkpal.ai\/fi\/arabian-kielioppiharjoitukset\/\"]}]},{\"@type\":\"ImageObject\",\"inLanguage\":\"fi\",\"@id\":\"https:\/\/talkpal.ai\/fi\/arabian-kielioppiharjoitukset\/#primaryimage\",\"url\":\"https:\/\/talkpal.ai\/wp-content\/uploads\/2023\/04\/arabic-united-arab-emirates.png\",\"contentUrl\":\"https:\/\/talkpal.ai\/wp-content\/uploads\/2023\/04\/arabic-united-arab-emirates.png\",\"width\":512,\"height\":512},{\"@type\":\"BreadcrumbList\",\"@id\":\"https:\/\/talkpal.ai\/fi\/arabian-kielioppiharjoitukset\/#breadcrumb\",\"itemListElement\":[{\"@type\":\"ListItem\",\"position\":1,\"name\":\"Homepage\",\"item\":\"https:\/\/talkpal.ai\/fi\/\"},{\"@type\":\"ListItem\",\"position\":2,\"name\":\"Arabian kielioppiharjoitukset\"}]},{\"@type\":\"WebSite\",\"@id\":\"https:\/\/talkpal.ai\/fi\/#website\",\"url\":\"https:\/\/talkpal.ai\/fi\/\",\"name\":\"Talkpal\",\"description\":\"AI Language Learning\",\"publisher\":{\"@id\":\"https:\/\/talkpal.ai\/fi\/#organization\"},\"alternateName\":\"Talkpal AI\",\"potentialAction\":[{\"@type\":\"SearchAction\",\"target\":{\"@type\":\"EntryPoint\",\"urlTemplate\":\"https:\/\/talkpal.ai\/fi\/?s={search_term_string}\"},\"query-input\":{\"@type\":\"PropertyValueSpecification\",\"valueRequired\":true,\"valueName\":\"search_term_string\"}}],\"inLanguage\":\"fi\"},{\"@type\":\"Organization\",\"@id\":\"https:\/\/talkpal.ai\/fi\/#organization\",\"name\":\"Talkpal, Inc.\",\"alternateName\":\"Talkpal AI\",\"url\":\"https:\/\/talkpal.ai\/fi\/\",\"logo\":{\"@type\":\"ImageObject\",\"inLanguage\":\"fi\",\"@id\":\"https:\/\/talkpal.ai\/fi\/#\/schema\/logo\/image\/\",\"url\":\"https:\/\/talkpal.ai\/wp-content\/uploads\/2024\/03\/Talkpal-Logo-Icon.png\",\"contentUrl\":\"https:\/\/talkpal.ai\/wp-content\/uploads\/2024\/03\/Talkpal-Logo-Icon.png\",\"width\":2880,\"height\":2880,\"caption\":\"Talkpal, Inc.\"},\"image\":{\"@id\":\"https:\/\/talkpal.ai\/fi\/#\/schema\/logo\/image\/\"},\"sameAs\":[\"https:\/\/www.facebook.com\/profile.php?id=100090733639311\",\"https:\/\/x.com\/talkpalai\",\"https:\/\/www.linkedin.com\/company\/talkpal\/\",\"https:\/\/www.youtube.com\/@TalkPal\/\",\"https:\/\/www.tiktok.com\/@talkpal\",\"https:\/\/www.instagram.com\/talkpal_ai\/\",\"https:\/\/www.crunchbase.com\/organization\/talkpal-9cde\",\"https:\/\/www.g2.com\/products\/talkpal-for-business\/\",\"https:\/\/www.trustpilot.com\/review\/talkpal.ai\",\"https:\/\/www.capterra.com\/p\/10006800\/TalkPal\/\"],\"description\":\"Talkpal is a language learning web and mobile education app, powered by the latest AI technologies, that provides engaging experiences to its customers in many different languages to help them improve their language skills. Users can chat about unlimited amount of topics with the app and use other modes to practice their language learning.\",\"email\":\"support@talkpal.ai\",\"legalName\":\"Talkpal, Inc.\",\"foundingDate\":\"2023-04-03\",\"duns\":\"118989042\",\"numberOfEmployees\":{\"@type\":\"QuantitativeValue\",\"minValue\":\"11\",\"maxValue\":\"50\"},\"publishingPrinciples\":\"https:\/\/talkpal.ai\/publishing-principles\/\",\"actionableFeedbackPolicy\":\"https:\/\/talkpal.ai\/actionable-feedback-policy\/\",\"correctionsPolicy\":\"https:\/\/talkpal.ai\/corrections-policy\/\",\"ethicsPolicy\":\"https:\/\/talkpal.ai\/ethics-policy\/\",\"diversityPolicy\":\"https:\/\/talkpal.ai\/diversity-policy\/\",\"diversityStaffingReport\":\"https:\/\/talkpal.ai\/diversity-policy\/\"}]}<\/script>\n<!-- \/ Yoast SEO Premium plugin. -->","yoast_head_json":{"title":"Arabian kielioppiharjoitukset - Talkpal","description":"Paranna ymm\u00e4rryst\u00e4si arabian kielioppiharjoituksilla, jotka kattavat kielen hallinnan kannalta olennaiset s\u00e4\u00e4nn\u00f6t ja rakenteet.","robots":{"index":"index","follow":"follow","max-snippet":"max-snippet:-1","max-image-preview":"max-image-preview:large","max-video-preview":"max-video-preview:-1"},"canonical":"https:\/\/talkpal.ai\/fi\/arabian-kielioppiharjoitukset\/","og_locale":"fi_FI","og_type":"article","og_title":"Arabian kielioppiharjoitukset","og_description":"Arabian kieliopin aiheet Arabian kieli, jolla on rikas historia ja kulttuurinen merkitys, on kiehtova ja palkitseva yritys kieltenoppijoille. Yhten\u00e4","og_url":"https:\/\/talkpal.ai\/fi\/arabian-kielioppiharjoitukset\/","og_site_name":"Talkpal","article_publisher":"https:\/\/www.facebook.com\/profile.php?id=100090733639311","article_modified_time":"2025-05-22T20:16:25+00:00","og_image":[{"width":512,"height":512,"url":"https:\/\/talkpal.ai\/wp-content\/uploads\/2023\/04\/arabic-united-arab-emirates.png","type":"image\/png"}],"twitter_card":"summary_large_image","twitter_site":"@talkpalai","twitter_misc":{"Arvioitu lukuaika":"3 minuuttia"},"schema":{"@context":"https:\/\/schema.org","@graph":[{"@type":"WebPage","@id":"https:\/\/talkpal.ai\/fi\/arabian-kielioppiharjoitukset\/","url":"https:\/\/talkpal.ai\/fi\/arabian-kielioppiharjoitukset\/","name":"Arabian kielioppiharjoitukset - Talkpal","isPartOf":{"@id":"https:\/\/talkpal.ai\/fi\/#website"},"primaryImageOfPage":{"@id":"https:\/\/talkpal.ai\/fi\/arabian-kielioppiharjoitukset\/#primaryimage"},"image":{"@id":"https:\/\/talkpal.ai\/fi\/arabian-kielioppiharjoitukset\/#primaryimage"},"thumbnailUrl":"https:\/\/talkpal.ai\/wp-content\/uploads\/2023\/04\/arabic-united-arab-emirates.png","datePublished":"2023-06-16T09:31:38+00:00","dateModified":"2025-05-22T20:16:25+00:00","description":"Paranna ymm\u00e4rryst\u00e4si arabian kielioppiharjoituksilla, jotka kattavat kielen hallinnan kannalta olennaiset s\u00e4\u00e4nn\u00f6t ja rakenteet.","breadcrumb":{"@id":"https:\/\/talkpal.ai\/fi\/arabian-kielioppiharjoitukset\/#breadcrumb"},"inLanguage":"fi","potentialAction":[{"@type":"ReadAction","target":["https:\/\/talkpal.ai\/fi\/arabian-kielioppiharjoitukset\/"]}]},{"@type":"ImageObject","inLanguage":"fi","@id":"https:\/\/talkpal.ai\/fi\/arabian-kielioppiharjoitukset\/#primaryimage","url":"https:\/\/talkpal.ai\/wp-content\/uploads\/2023\/04\/arabic-united-arab-emirates.png","contentUrl":"https:\/\/talkpal.ai\/wp-content\/uploads\/2023\/04\/arabic-united-arab-emirates.png","width":512,"height":512},{"@type":"BreadcrumbList","@id":"https:\/\/talkpal.ai\/fi\/arabian-kielioppiharjoitukset\/#breadcrumb","itemListElement":[{"@type":"ListItem","position":1,"name":"Homepage","item":"https:\/\/talkpal.ai\/fi\/"},{"@type":"ListItem","position":2,"name":"Arabian kielioppiharjoitukset"}]},{"@type":"WebSite","@id":"https:\/\/talkpal.ai\/fi\/#website","url":"https:\/\/talkpal.ai\/fi\/","name":"Talkpal","description":"AI Language Learning","publisher":{"@id":"https:\/\/talkpal.ai\/fi\/#organization"},"alternateName":"Talkpal AI","potentialAction":[{"@type":"SearchAction","target":{"@type":"EntryPoint","urlTemplate":"https:\/\/talkpal.ai\/fi\/?s={search_term_string}"},"query-input":{"@type":"PropertyValueSpecification","valueRequired":true,"valueName":"search_term_string"}}],"inLanguage":"fi"},{"@type":"Organization","@id":"https:\/\/talkpal.ai\/fi\/#organization","name":"Talkpal, Inc.","alternateName":"Talkpal AI","url":"https:\/\/talkpal.ai\/fi\/","logo":{"@type":"ImageObject","inLanguage":"fi","@id":"https:\/\/talkpal.ai\/fi\/#\/schema\/logo\/image\/","url":"https:\/\/talkpal.ai\/wp-content\/uploads\/2024\/03\/Talkpal-Logo-Icon.png","contentUrl":"https:\/\/talkpal.ai\/wp-content\/uploads\/2024\/03\/Talkpal-Logo-Icon.png","width":2880,"height":2880,"caption":"Talkpal, Inc."},"image":{"@id":"https:\/\/talkpal.ai\/fi\/#\/schema\/logo\/image\/"},"sameAs":["https:\/\/www.facebook.com\/profile.php?id=100090733639311","https:\/\/x.com\/talkpalai","https:\/\/www.linkedin.com\/company\/talkpal\/","https:\/\/www.youtube.com\/@TalkPal\/","https:\/\/www.tiktok.com\/@talkpal","https:\/\/www.instagram.com\/talkpal_ai\/","https:\/\/www.crunchbase.com\/organization\/talkpal-9cde","https:\/\/www.g2.com\/products\/talkpal-for-business\/","https:\/\/www.trustpilot.com\/review\/talkpal.ai","https:\/\/www.capterra.com\/p\/10006800\/TalkPal\/"],"description":"Talkpal is a language learning web and mobile education app, powered by the latest AI technologies, that provides engaging experiences to its customers in many different languages to help them improve their language skills. Users can chat about unlimited amount of topics with the app and use other modes to practice their language learning.","email":"support@talkpal.ai","legalName":"Talkpal, Inc.","foundingDate":"2023-04-03","duns":"118989042","numberOfEmployees":{"@type":"QuantitativeValue","minValue":"11","maxValue":"50"},"publishingPrinciples":"https:\/\/talkpal.ai\/publishing-principles\/","actionableFeedbackPolicy":"https:\/\/talkpal.ai\/actionable-feedback-policy\/","correctionsPolicy":"https:\/\/talkpal.ai\/corrections-policy\/","ethicsPolicy":"https:\/\/talkpal.ai\/ethics-policy\/","diversityPolicy":"https:\/\/talkpal.ai\/diversity-policy\/","diversityStaffingReport":"https:\/\/talkpal.ai\/diversity-policy\/"}]}},"_links":{"self":[{"href":"https:\/\/talkpal.ai\/fi\/wp-json\/wp\/v2\/pages\/132515","targetHints":{"allow":["GET"]}}],"collection":[{"href":"https:\/\/talkpal.ai\/fi\/wp-json\/wp\/v2\/pages"}],"about":[{"href":"https:\/\/talkpal.ai\/fi\/wp-json\/wp\/v2\/types\/page"}],"author":[{"embeddable":true,"href":"https:\/\/talkpal.ai\/fi\/wp-json\/wp\/v2\/users\/6"}],"replies":[{"embeddable":true,"href":"https:\/\/talkpal.ai\/fi\/wp-json\/wp\/v2\/comments?post=132515"}],"version-history":[{"count":0,"href":"https:\/\/talkpal.ai\/fi\/wp-json\/wp\/v2\/pages\/132515\/revisions"}],"wp:featuredmedia":[{"embeddable":true,"href":"https:\/\/talkpal.ai\/fi\/wp-json\/wp\/v2\/media\/11550"}],"wp:attachment":[{"href":"https:\/\/talkpal.ai\/fi\/wp-json\/wp\/v2\/media?parent=132515"}],"curies":[{"name":"wp","href":"https:\/\/api.w.org\/{rel}","templated":true}]}}