{"id":131111,"date":"2023-05-14T13:53:24","date_gmt":"2023-05-14T13:53:24","guid":{"rendered":"http:\/\/talkpal.ai\/ukrainan-kielioppi\/"},"modified":"2025-12-11T16:37:34","modified_gmt":"2025-12-11T16:37:34","slug":"ukrainan-kielioppi","status":"publish","type":"page","link":"https:\/\/talkpal.ai\/fi\/ukrainan-kielioppi\/","title":{"rendered":"Ukrainan kielioppi"},"content":{"rendered":"\r\n\r\n\r\n<section class=\"languageChallengeSection\">\r\n    <div class=\"languageInfoWrapper\">\r\n        \r\n        <h1>Ukrainan kielioppi<\/h1>\r\n        <p>Tutustu ukrainan kielen rakenteeseen oppimalla sen keskeiset kielioppis\u00e4\u00e4nn\u00f6t. Ukrainan kieliopin hallitseminen auttaa sinua kommunikoimaan itsevarmasti ja luomaan syvemm\u00e4n yhteyden ukrainalaisen kulttuurin ja kulttuuriperinn\u00f6n kanssa. Aloita ukrainankielinen kielioppimatkasi t\u00e4n\u00e4\u00e4n ja ota ensimm\u00e4inen askel kohti sujuvuutta!<\/p>\r\n\r\n                            <a class=\"getStartedHidden\" href=\"https:\/\/app.talkpal.ai\/fi\/signup?lng=\">Aloita<\/a>\r\n        \r\n    <\/div>\r\n\r\n    <figure>\r\n    <img decoding=\"async\" width=\"768\" height=\"768\" src=\"https:\/\/talkpal.ai\/wp-content\/uploads\/2023\/06\/Ukrainian-768x768.png\" class=\"languageImage no-lazy\" alt=\"Default alt text\" fetchpriority=\"high\" sizes=\"(max-width: 768px) 150px, 768px\" srcset=\"https:\/\/talkpal.ai\/wp-content\/uploads\/2023\/06\/Ukrainian-768x768.png 768w, https:\/\/talkpal.ai\/wp-content\/uploads\/2023\/06\/Ukrainian-300x300.png 300w\" \/>\r\n    \r\n\r\n    <\/figure>\r\n\r\n            <a class=\"getStartedVisible\" href=\"https:\/\/app.talkpal.ai\/fi\/signup?lng=\">Aloita<\/a>\r\n    \r\n<\/section>\r\n        <section class=\"grammarSection\">\r\n            <div class=\"grammarLinks\">\r\n                <a href=\"https:\/\/talkpal.ai\/fi\/language\/adjektiivit-ukrainan-kielioppi\/\">Adjektiivit <\/a><a href=\"https:\/\/talkpal.ai\/fi\/language\/adverbit-ukrainan-kielioppi\/\">Adverbit <\/a><a href=\"https:\/\/talkpal.ai\/fi\/language\/aikamuodot-konjunktiivi-ukrainan-kielioppi\/\">Aikamuodot Konjunktiivi <\/a><a href=\"https:\/\/talkpal.ai\/fi\/language\/aikamuotojen-vertailu-ukrainan-kielioppi\/\">Aikamuotojen vertailu <\/a><a href=\"https:\/\/talkpal.ai\/fi\/language\/artikkelit-ukrainan-kielioppi\/\">Artikkelit <\/a><a href=\"https:\/\/talkpal.ai\/fi\/language\/indikatiiviset-aikamuodot-ukrainan-kielioppi\/\">Indikatiiviset aikamuodot <\/a><a href=\"https:\/\/talkpal.ai\/fi\/language\/lauserakenne-ukrainan-kielioppi\/\">Lauserakenne <\/a><a href=\"https:\/\/talkpal.ai\/fi\/language\/prepositiot-ukrainan-kielioppi\/\">Prepositiot <\/a><a href=\"https:\/\/talkpal.ai\/fi\/language\/pronominit-ukrainan-kielioppi\/\">Pronominit <\/a><a href=\"https:\/\/talkpal.ai\/fi\/language\/substantiivit-ukrainan-kielioppi\/\">Substantiivit <\/a><a href=\"https:\/\/talkpal.ai\/fi\/language\/verbit-ukrainan-kielioppi\/\">Verbit <\/a>            <\/div>\r\n        <\/section>\r\n    <section class=\"promotionalBanner\">\r\n    <p class=\"promotionalText\">Tehokkain tapa oppia kielt\u00e4<\/p>\r\n    <a class=\"promotionalLink\" href=\"https:\/\/app.talkpal.ai\/fi\/signup?lng=\">Kokeile Talkpal ilmaiseksi<\/a>\r\n<\/section>\n<div class=\"wp-block-group pageContainerStyle\"><div class=\"wp-block-group__inner-container is-layout-constrained wp-block-group-is-layout-constrained\">\n<h2 class=\"wp-block-heading\" id=\"h-a-comprehensive-guide-to-mastering-ukrainian-grammar\">Kattava opas ukrainan kieliopin hallintaan<\/h2>\n\n\n\n<p><a href=\"https:\/\/talkpal.ai\/learn-ukrainian\/\">Ukraina<\/a>, kaunis ja melodinen kieli, on her\u00e4tt\u00e4nyt kasvavaa kiinnostusta kielten harrastajilta ymp\u00e4ri maailmaa. Ukrainan oppiminen antaa sinulle p\u00e4\u00e4syn rikkaaseen kulttuuriperint\u00f6\u00f6n ja antaa sinulle mahdollisuuden kommunikoida miljoonien ihmisten kanssa Ukrainassa ja naapurimaissa. Vaikka ukrainan kielioppiin sukeltaminen voi aluksi tuntua pelottavalta, vahvan perustan saaminen siihen antaa sinun tutkia kielen vivahteita ja arvostaa t\u00e4ysin sen kauneutta. T\u00e4m\u00e4 artikkeli opastaa sinut askel askeleelta ukrainan kieliopin perusteiden l\u00e4pi ja antaa sinulle mahdollisuuden <a href=\"https:\/\/talkpal.ai\/ko\/ai-%ec%96%b8%ec%96%b4-%ea%b5%90%ec%82%ac\/\">aloittaa<\/a> kielimatkasi luottavaisesti.<\/p>\n\n\n\n<h3 class=\"wp-block-heading\" id=\"h-1-mastering-ukrainian-nouns-and-cases\">1. Ukrainan substantiivien ja tapausten hallitseminen<\/h3>\n\n\n\n<p>Ukrainan kieliopin keskeinen piirre on sen tapausj\u00e4rjestelm\u00e4. Kun k\u00e4yt\u00e4t substantiiveja, sinun on tiedett\u00e4v\u00e4 niiden sukupuoli (maskuliininen, feminiininen <a href=\"https:\/\/talkpal.ai\/learn-thai\/\">tai<\/a> neutri) ja oltava tietoinen kontekstista, joka saattaa vaatia muutosta niiden p\u00e4\u00e4tteiss\u00e4. Ukrainan kielell\u00e4 on seitsem\u00e4n tapausta:<\/p>\n\n\n\n<p>&#8211; Nominatiivi: lauseen subjekti<\/p>\n\n\n\n<p>&#8211; Genetiivi: ilmaisee hallussapitoa, m\u00e4\u00e4r\u00e4\u00e4 ja negaatiota.<\/p>\n\n\n\n<p>&#8211; Datiivi: ep\u00e4suora kohde tai liike kohti p\u00e4\u00e4m\u00e4\u00e4r\u00e4\u00e4.<\/p>\n\n\n\n<p>&#8211; Akkusatiivi: suora objekti tai johonkin kohdistuva liike.<\/p>\n\n\n\n<p>&#8211; Instrumentaalinen: tarkoittaa toiminnan keinoa tai v\u00e4linett\u00e4.<\/p>\n\n\n\n<p>&#8211; Locative: ilmaisee sijainnin<\/p>\n\n\n\n<p>&#8211; Vokatiivi: k\u00e4ytet\u00e4\u00e4n puhutteluun tai kutsumiseen<\/p>\n\n\n\n<p>Sinun on kiinnitett\u00e4v\u00e4 huomiota substantiivien p\u00e4\u00e4tteisiin ja deklinaatioihin, sill\u00e4 ne muuttuvat k\u00e4ytetyn sijamuodon sek\u00e4 substantiivin sukupuolen ja luvun mukaan.<\/p>\n\n\n\n<h3 class=\"wp-block-heading\" id=\"h-2-navigating-the-ukrainian-verb-system\">2. Ukrainan verbij\u00e4rjestelm\u00e4ss\u00e4 navigointi<\/h3>\n\n\n\n<p>Ukrainan verbit taivutetaan henkil\u00f6n, numeron, j\u00e4nnityksen, mielialan ja \u00e4\u00e4nen perusteella. Ukrainan kieless\u00e4 verbeill\u00e4 on nelj\u00e4 n\u00e4k\u00f6kohtaa &#8211; perfektiivinen, imperfektiivinen, iteratiivinen ja inceptive:<\/p>\n\n\n\n<p>&#8211; Perfektiivi: tarkoittaa loppuun suoritettuja toimia<\/p>\n\n\n\n<p>&#8211; Imperfekti: kuvaa jatkuvaa, tavanomaista tai toistuvaa toimintaa.<\/p>\n\n\n\n<p>&#8211; Iteratiivinen: v\u00e4litt\u00e4\u00e4 tietyn ajanjakson kuluessa toistuvia toimia.<\/p>\n\n\n\n<p>&#8211; Inceptive: ilmaisee toiminnan alkamisen.<\/p>\n\n\n\n<p>Jotta voit navigoida ukrainan verbij\u00e4rjestelm\u00e4ss\u00e4, sinun tulee tutustua kolmeen verbitaivutukseen. Konjugaatioprosessi sis\u00e4lt\u00e4\u00e4 verbijuuren p\u00e4\u00e4tteiden muuttamisen aikamuodon, mielialan ja aiheen mukaan.<\/p>\n\n\n\n<h3 class=\"wp-block-heading\" id=\"h-3-perfecting-ukrainian-adjectives-and-pronouns\">3. Ukrainan adjektiivien ja pronominien t\u00e4ydent\u00e4minen<\/h3>\n\n\n\n<p>Ukrainan kielen adjektiivien on oltava sopusoinnussa kuvaamansa substantiivin kanssa sukupuolen, numeron ja tapauksen mukaan. T\u00e4m\u00e4 tarkoittaa, ett\u00e4 kun k\u00e4yt\u00e4t adjektiivia, sinun on oltava tarkkaavainen sen p\u00e4\u00e4tteisiin, koska ne muuttuvat substantiivin mukaisiksi. Lis\u00e4ksi ukrainan kielen adjektiivit voivat olla joko pitki\u00e4 tai lyhyit\u00e4, ja jokaisella on k\u00e4ytt\u00f6ns\u00e4 kontekstista riippuen.<\/p>\n\n\n\n<p>Pronomineja k\u00e4ytet\u00e4\u00e4n substantiivien sijasta, ja niiden on my\u00f6s oltava sopusoinnussa korvattavan substantiivin kanssa sukupuolen, numeron ja tapauksen suhteen. Ukrainan kielen persoonapronominit ovat &#8221;\u044f&#8221; (min\u00e4), &#8221;\u0442\u0438&#8221; (sin\u00e4, yksik\u00f6ss\u00e4), &#8221;\u0432\u0456\u043d\/\u0432\u043e\u043d\u0430\/\u0432\u043e\u043d\u043e&#8221; (h\u00e4n\/se\/se), &#8221;\u043c\u0438&#8221; (me), &#8221;\u0432\u0438&#8221; (te, monikossa tai muodollisessa muodossa) ja &#8221;\u0432\u043e\u043d\u0438&#8221; (he). Ukrainassa on my\u00f6s omistus-, demonstratiivisia ja suhteellisia pronomineja.<\/p>\n\n\n\n<h3 class=\"wp-block-heading\" id=\"h-4-putting-it-all-together-sentence-structure\">4. Kaiken yhdist\u00e4minen: lauserakenne<\/h3>\n\n\n\n<p>Ukraina noudattaa subjekti-verbi-objekti (SVO) -lauserakennetta, joka on samanlainen kuin <a href=\"https:\/\/talkpal.ai\/learn-english-with-ai\/\">englanti<\/a>. Toisin kuin englannissa, ukrainalla on kuitenkin enemm\u00e4n joustavuutta sanaj\u00e4rjestyksess\u00e4 tapausj\u00e4rjestelm\u00e4ns\u00e4 vuoksi. T\u00e4m\u00e4n joustavuuden ansiosta puhujat voivat korostaa tiettyj\u00e4 sanoja tai ideoita sijoittamalla ne eri paikkoihin lauseessa. Vaikka t\u00e4m\u00e4n monipuolisuuden hallitseminen voi vied\u00e4 aikaa, se antaa sinulle mahdollisuuden ilmaista itse\u00e4si taiteellisemmin ja sujuvammin ukrainaksi.<\/p>\n\n\n\n<h3 class=\"wp-block-heading\" id=\"h-conclusion\">P\u00e4\u00e4telm\u00e4<\/h3>\n\n\n\n<p>Kun aloitat ukrainan kielen matkan, muista, ett\u00e4 kieliopin sujuva oppiminen vaatii harjoittelua ja sinnikkyytt\u00e4. Tutustu ukrainan kieliopin eri n\u00e4k\u00f6kohtiin v\u00e4hitellen substantiiveista ja tapauksista verbeihin ja lauserakenteeseen. Nauti oppimisprosessista ja nauti ukrainan kielen kauneudesta ja ilmeikkyydest\u00e4. \u0412\u0434\u0430\u0447\u0456! (Onnea!)<\/p>\n<\/div><\/div>\n\r\n<section class=\"learnNavigationSection\">\r\n            \r\n        <a href=\"https:\/\/talkpal.ai\/fi\/opi-ukrainaksi\/\">\r\n            <div class=\"learnNavigationWrapper\">\r\n                <div class=\"learnNavigationContent\">\r\n                    <img decoding=\"async\" src=\"https:\/\/talkpal.ai\/wp-content\/uploads\/2024\/08\/Ukrainian.jpg\" alt=\"Ukrainian Flag\">\r\n                    <div>\r\n                        <h4>Ukrainan oppimisesta<\/h4>\r\n                        <p>Tutustu ukrainan kielioppiin.<\/p>\r\n                    <\/div>\r\n                <\/div>\r\n            <\/div>\r\n        <\/a>\r\n\r\n        \r\n        <a href=\"https:\/\/talkpal.ai\/fi\/ukrainan-kielioppiharjoitukset\/\">\r\n            <div class=\"learnNavigationWrapper\">\r\n                <div class=\"learnNavigationContent\">\r\n                    <img decoding=\"async\" src=\"https:\/\/talkpal.ai\/wp-content\/uploads\/2024\/08\/Ukrainian.jpg\" alt=\"Ukrainian Flag\">\r\n                    <div>\r\n                        <h4>Ukrainan kielioppi Harjoitus<\/h4>\r\n                        <p>Harjoittele ukrainan kielioppia.<\/p>\r\n                    <\/div>\r\n                <\/div>\r\n            <\/div>\r\n        <\/a>\r\n\r\n        \r\n        <a href=\"https:\/\/talkpal.ai\/vocabulary_language\/ukrainian\/\">\r\n            <div class=\"learnNavigationWrapper\">\r\n                <div class=\"learnNavigationContent\">\r\n                    <img decoding=\"async\" src=\"https:\/\/talkpal.ai\/wp-content\/uploads\/2024\/08\/Ukrainian.jpg\" alt=\"Ukrainian Flag\">\r\n                    <div>\r\n                        <h4>Ukrainan sanastoa<\/h4>\r\n                        <p>Laajenna ukrainankielist\u00e4 sanavarastoasi.<\/p>\r\n                    <\/div>\r\n                <\/div>\r\n            <\/div>\r\n        <\/a>\r\n\r\n            <\/section>","protected":false},"excerpt":{"rendered":"<p>Kattava opas ukrainan kieliopin hallintaan Ukraina, kaunis ja melodinen kieli, on her\u00e4tt\u00e4nyt kasvavaa kiinnostusta kielten harrastajilta ymp\u00e4ri maailmaa. Ukrainan oppiminen antaa sinulle p\u00e4\u00e4syn rikkaaseen kulttuuriperint\u00f6\u00f6n ja antaa sinulle mahdollisuuden kommunikoida miljoonien ihmisten kanssa Ukrainassa ja naapurimaissa. Vaikka ukrainan kielioppiin sukeltaminen voi aluksi tuntua pelottavalta, vahvan perustan saaminen siihen antaa sinun tutkia kielen vivahteita ja arvostaa [&hellip;]<\/p>\n","protected":false},"author":1,"featured_media":11620,"parent":0,"menu_order":0,"comment_status":"closed","ping_status":"closed","template":"LearningContentPage.php","meta":{"_acf_changed":false,"footnotes":""},"class_list":["post-131111","page","type-page","status-publish","has-post-thumbnail","hentry"],"acf":[],"yoast_head":"<!-- This site is optimized with the Yoast SEO Premium plugin v27.2 (Yoast SEO v27.2) - https:\/\/yoast.com\/product\/yoast-seo-premium-wordpress\/ -->\n<title>Ukrainan kielioppi - Talkpal<\/title>\n<meta name=\"description\" content=\"Avaa ukrainan kieliopin kauneus t\u00e4rkeiden vinkkien ja oivallusten avulla, jotka parantavat kielenoppimismatkaasi.\" \/>\n<meta name=\"robots\" content=\"index, follow, max-snippet:-1, max-image-preview:large, max-video-preview:-1\" \/>\n<link rel=\"canonical\" href=\"https:\/\/talkpal.ai\/fi\/ukrainan-kielioppi\/\" \/>\n<meta property=\"og:locale\" content=\"fi_FI\" \/>\n<meta property=\"og:type\" content=\"article\" \/>\n<meta property=\"og:title\" content=\"Ukrainan kielioppi\" \/>\n<meta property=\"og:description\" content=\"Kattava opas ukrainan kieliopin hallintaan Ukraina, kaunis ja melodinen kieli, on her\u00e4tt\u00e4nyt kasvavaa kiinnostusta kielten harrastajilta ymp\u00e4ri maailmaa.\" \/>\n<meta property=\"og:url\" content=\"https:\/\/talkpal.ai\/fi\/ukrainan-kielioppi\/\" \/>\n<meta property=\"og:site_name\" content=\"Talkpal\" \/>\n<meta property=\"article:publisher\" content=\"https:\/\/www.facebook.com\/profile.php?id=100090733639311\" \/>\n<meta property=\"article:modified_time\" content=\"2025-12-11T16:37:34+00:00\" \/>\n<meta property=\"og:image\" content=\"https:\/\/talkpal.ai\/wp-content\/uploads\/2023\/04\/ukraine.png\" \/>\n\t<meta property=\"og:image:width\" content=\"512\" \/>\n\t<meta property=\"og:image:height\" content=\"512\" \/>\n\t<meta property=\"og:image:type\" content=\"image\/png\" \/>\n<meta name=\"twitter:card\" content=\"summary_large_image\" \/>\n<meta name=\"twitter:site\" content=\"@talkpalai\" \/>\n<meta name=\"twitter:label1\" content=\"Arvioitu lukuaika\" \/>\n\t<meta name=\"twitter:data1\" content=\"3 minuuttia\" \/>\n<script type=\"application\/ld+json\" class=\"yoast-schema-graph\">{\"@context\":\"https:\/\/schema.org\",\"@graph\":[{\"@type\":\"WebPage\",\"@id\":\"https:\/\/talkpal.ai\/fi\/ukrainan-kielioppi\/\",\"url\":\"https:\/\/talkpal.ai\/fi\/ukrainan-kielioppi\/\",\"name\":\"Ukrainan kielioppi - Talkpal\",\"isPartOf\":{\"@id\":\"https:\/\/talkpal.ai\/fi\/#website\"},\"primaryImageOfPage\":{\"@id\":\"https:\/\/talkpal.ai\/fi\/ukrainan-kielioppi\/#primaryimage\"},\"image\":{\"@id\":\"https:\/\/talkpal.ai\/fi\/ukrainan-kielioppi\/#primaryimage\"},\"thumbnailUrl\":\"https:\/\/talkpal.ai\/wp-content\/uploads\/2023\/04\/ukraine.png\",\"datePublished\":\"2023-05-14T13:53:24+00:00\",\"dateModified\":\"2025-12-11T16:37:34+00:00\",\"description\":\"Avaa ukrainan kieliopin kauneus t\u00e4rkeiden vinkkien ja oivallusten avulla, jotka parantavat kielenoppimismatkaasi.\",\"breadcrumb\":{\"@id\":\"https:\/\/talkpal.ai\/fi\/ukrainan-kielioppi\/#breadcrumb\"},\"inLanguage\":\"fi\",\"potentialAction\":[{\"@type\":\"ReadAction\",\"target\":[\"https:\/\/talkpal.ai\/fi\/ukrainan-kielioppi\/\"]}]},{\"@type\":\"ImageObject\",\"inLanguage\":\"fi\",\"@id\":\"https:\/\/talkpal.ai\/fi\/ukrainan-kielioppi\/#primaryimage\",\"url\":\"https:\/\/talkpal.ai\/wp-content\/uploads\/2023\/04\/ukraine.png\",\"contentUrl\":\"https:\/\/talkpal.ai\/wp-content\/uploads\/2023\/04\/ukraine.png\",\"width\":512,\"height\":512,\"caption\":\"TalkPal Ukrainian Flag\"},{\"@type\":\"BreadcrumbList\",\"@id\":\"https:\/\/talkpal.ai\/fi\/ukrainan-kielioppi\/#breadcrumb\",\"itemListElement\":[{\"@type\":\"ListItem\",\"position\":1,\"name\":\"Homepage\",\"item\":\"https:\/\/talkpal.ai\/fi\/\"},{\"@type\":\"ListItem\",\"position\":2,\"name\":\"Ukrainan kielioppi\"}]},{\"@type\":\"WebSite\",\"@id\":\"https:\/\/talkpal.ai\/fi\/#website\",\"url\":\"https:\/\/talkpal.ai\/fi\/\",\"name\":\"Talkpal\",\"description\":\"AI Language Learning\",\"publisher\":{\"@id\":\"https:\/\/talkpal.ai\/fi\/#organization\"},\"alternateName\":\"Talkpal AI\",\"potentialAction\":[{\"@type\":\"SearchAction\",\"target\":{\"@type\":\"EntryPoint\",\"urlTemplate\":\"https:\/\/talkpal.ai\/fi\/?s={search_term_string}\"},\"query-input\":{\"@type\":\"PropertyValueSpecification\",\"valueRequired\":true,\"valueName\":\"search_term_string\"}}],\"inLanguage\":\"fi\"},{\"@type\":\"Organization\",\"@id\":\"https:\/\/talkpal.ai\/fi\/#organization\",\"name\":\"Talkpal, Inc.\",\"alternateName\":\"Talkpal AI\",\"url\":\"https:\/\/talkpal.ai\/fi\/\",\"logo\":{\"@type\":\"ImageObject\",\"inLanguage\":\"fi\",\"@id\":\"https:\/\/talkpal.ai\/fi\/#\/schema\/logo\/image\/\",\"url\":\"https:\/\/talkpal.ai\/wp-content\/uploads\/2024\/03\/Talkpal-Logo-Icon.png\",\"contentUrl\":\"https:\/\/talkpal.ai\/wp-content\/uploads\/2024\/03\/Talkpal-Logo-Icon.png\",\"width\":2880,\"height\":2880,\"caption\":\"Talkpal, Inc.\"},\"image\":{\"@id\":\"https:\/\/talkpal.ai\/fi\/#\/schema\/logo\/image\/\"},\"sameAs\":[\"https:\/\/www.facebook.com\/profile.php?id=100090733639311\",\"https:\/\/x.com\/talkpalai\",\"https:\/\/www.linkedin.com\/company\/talkpal\/\",\"https:\/\/www.youtube.com\/@TalkPal\/\",\"https:\/\/www.tiktok.com\/@talkpal\",\"https:\/\/www.instagram.com\/talkpal_ai\/\",\"https:\/\/www.crunchbase.com\/organization\/talkpal-9cde\",\"https:\/\/www.g2.com\/products\/talkpal-for-business\/\",\"https:\/\/www.trustpilot.com\/review\/talkpal.ai\",\"https:\/\/www.capterra.com\/p\/10006800\/TalkPal\/\"],\"description\":\"Talkpal is a language learning web and mobile education app, powered by the latest AI technologies, that provides engaging experiences to its customers in many different languages to help them improve their language skills. Users can chat about unlimited amount of topics with the app and use other modes to practice their language learning.\",\"email\":\"support@talkpal.ai\",\"legalName\":\"Talkpal, Inc.\",\"foundingDate\":\"2023-04-03\",\"duns\":\"118989042\",\"numberOfEmployees\":{\"@type\":\"QuantitativeValue\",\"minValue\":\"11\",\"maxValue\":\"50\"},\"publishingPrinciples\":\"https:\/\/talkpal.ai\/publishing-principles\/\",\"actionableFeedbackPolicy\":\"https:\/\/talkpal.ai\/actionable-feedback-policy\/\",\"correctionsPolicy\":\"https:\/\/talkpal.ai\/corrections-policy\/\",\"ethicsPolicy\":\"https:\/\/talkpal.ai\/ethics-policy\/\",\"diversityPolicy\":\"https:\/\/talkpal.ai\/diversity-policy\/\",\"diversityStaffingReport\":\"https:\/\/talkpal.ai\/diversity-policy\/\"}]}<\/script>\n<!-- \/ Yoast SEO Premium plugin. -->","yoast_head_json":{"title":"Ukrainan kielioppi - Talkpal","description":"Avaa ukrainan kieliopin kauneus t\u00e4rkeiden vinkkien ja oivallusten avulla, jotka parantavat kielenoppimismatkaasi.","robots":{"index":"index","follow":"follow","max-snippet":"max-snippet:-1","max-image-preview":"max-image-preview:large","max-video-preview":"max-video-preview:-1"},"canonical":"https:\/\/talkpal.ai\/fi\/ukrainan-kielioppi\/","og_locale":"fi_FI","og_type":"article","og_title":"Ukrainan kielioppi","og_description":"Kattava opas ukrainan kieliopin hallintaan Ukraina, kaunis ja melodinen kieli, on her\u00e4tt\u00e4nyt kasvavaa kiinnostusta kielten harrastajilta ymp\u00e4ri maailmaa.","og_url":"https:\/\/talkpal.ai\/fi\/ukrainan-kielioppi\/","og_site_name":"Talkpal","article_publisher":"https:\/\/www.facebook.com\/profile.php?id=100090733639311","article_modified_time":"2025-12-11T16:37:34+00:00","og_image":[{"width":512,"height":512,"url":"https:\/\/talkpal.ai\/wp-content\/uploads\/2023\/04\/ukraine.png","type":"image\/png"}],"twitter_card":"summary_large_image","twitter_site":"@talkpalai","twitter_misc":{"Arvioitu lukuaika":"3 minuuttia"},"schema":{"@context":"https:\/\/schema.org","@graph":[{"@type":"WebPage","@id":"https:\/\/talkpal.ai\/fi\/ukrainan-kielioppi\/","url":"https:\/\/talkpal.ai\/fi\/ukrainan-kielioppi\/","name":"Ukrainan kielioppi - Talkpal","isPartOf":{"@id":"https:\/\/talkpal.ai\/fi\/#website"},"primaryImageOfPage":{"@id":"https:\/\/talkpal.ai\/fi\/ukrainan-kielioppi\/#primaryimage"},"image":{"@id":"https:\/\/talkpal.ai\/fi\/ukrainan-kielioppi\/#primaryimage"},"thumbnailUrl":"https:\/\/talkpal.ai\/wp-content\/uploads\/2023\/04\/ukraine.png","datePublished":"2023-05-14T13:53:24+00:00","dateModified":"2025-12-11T16:37:34+00:00","description":"Avaa ukrainan kieliopin kauneus t\u00e4rkeiden vinkkien ja oivallusten avulla, jotka parantavat kielenoppimismatkaasi.","breadcrumb":{"@id":"https:\/\/talkpal.ai\/fi\/ukrainan-kielioppi\/#breadcrumb"},"inLanguage":"fi","potentialAction":[{"@type":"ReadAction","target":["https:\/\/talkpal.ai\/fi\/ukrainan-kielioppi\/"]}]},{"@type":"ImageObject","inLanguage":"fi","@id":"https:\/\/talkpal.ai\/fi\/ukrainan-kielioppi\/#primaryimage","url":"https:\/\/talkpal.ai\/wp-content\/uploads\/2023\/04\/ukraine.png","contentUrl":"https:\/\/talkpal.ai\/wp-content\/uploads\/2023\/04\/ukraine.png","width":512,"height":512,"caption":"TalkPal Ukrainian Flag"},{"@type":"BreadcrumbList","@id":"https:\/\/talkpal.ai\/fi\/ukrainan-kielioppi\/#breadcrumb","itemListElement":[{"@type":"ListItem","position":1,"name":"Homepage","item":"https:\/\/talkpal.ai\/fi\/"},{"@type":"ListItem","position":2,"name":"Ukrainan kielioppi"}]},{"@type":"WebSite","@id":"https:\/\/talkpal.ai\/fi\/#website","url":"https:\/\/talkpal.ai\/fi\/","name":"Talkpal","description":"AI Language Learning","publisher":{"@id":"https:\/\/talkpal.ai\/fi\/#organization"},"alternateName":"Talkpal AI","potentialAction":[{"@type":"SearchAction","target":{"@type":"EntryPoint","urlTemplate":"https:\/\/talkpal.ai\/fi\/?s={search_term_string}"},"query-input":{"@type":"PropertyValueSpecification","valueRequired":true,"valueName":"search_term_string"}}],"inLanguage":"fi"},{"@type":"Organization","@id":"https:\/\/talkpal.ai\/fi\/#organization","name":"Talkpal, Inc.","alternateName":"Talkpal AI","url":"https:\/\/talkpal.ai\/fi\/","logo":{"@type":"ImageObject","inLanguage":"fi","@id":"https:\/\/talkpal.ai\/fi\/#\/schema\/logo\/image\/","url":"https:\/\/talkpal.ai\/wp-content\/uploads\/2024\/03\/Talkpal-Logo-Icon.png","contentUrl":"https:\/\/talkpal.ai\/wp-content\/uploads\/2024\/03\/Talkpal-Logo-Icon.png","width":2880,"height":2880,"caption":"Talkpal, Inc."},"image":{"@id":"https:\/\/talkpal.ai\/fi\/#\/schema\/logo\/image\/"},"sameAs":["https:\/\/www.facebook.com\/profile.php?id=100090733639311","https:\/\/x.com\/talkpalai","https:\/\/www.linkedin.com\/company\/talkpal\/","https:\/\/www.youtube.com\/@TalkPal\/","https:\/\/www.tiktok.com\/@talkpal","https:\/\/www.instagram.com\/talkpal_ai\/","https:\/\/www.crunchbase.com\/organization\/talkpal-9cde","https:\/\/www.g2.com\/products\/talkpal-for-business\/","https:\/\/www.trustpilot.com\/review\/talkpal.ai","https:\/\/www.capterra.com\/p\/10006800\/TalkPal\/"],"description":"Talkpal is a language learning web and mobile education app, powered by the latest AI technologies, that provides engaging experiences to its customers in many different languages to help them improve their language skills. Users can chat about unlimited amount of topics with the app and use other modes to practice their language learning.","email":"support@talkpal.ai","legalName":"Talkpal, Inc.","foundingDate":"2023-04-03","duns":"118989042","numberOfEmployees":{"@type":"QuantitativeValue","minValue":"11","maxValue":"50"},"publishingPrinciples":"https:\/\/talkpal.ai\/publishing-principles\/","actionableFeedbackPolicy":"https:\/\/talkpal.ai\/actionable-feedback-policy\/","correctionsPolicy":"https:\/\/talkpal.ai\/corrections-policy\/","ethicsPolicy":"https:\/\/talkpal.ai\/ethics-policy\/","diversityPolicy":"https:\/\/talkpal.ai\/diversity-policy\/","diversityStaffingReport":"https:\/\/talkpal.ai\/diversity-policy\/"}]}},"_links":{"self":[{"href":"https:\/\/talkpal.ai\/fi\/wp-json\/wp\/v2\/pages\/131111","targetHints":{"allow":["GET"]}}],"collection":[{"href":"https:\/\/talkpal.ai\/fi\/wp-json\/wp\/v2\/pages"}],"about":[{"href":"https:\/\/talkpal.ai\/fi\/wp-json\/wp\/v2\/types\/page"}],"author":[{"embeddable":true,"href":"https:\/\/talkpal.ai\/fi\/wp-json\/wp\/v2\/users\/1"}],"replies":[{"embeddable":true,"href":"https:\/\/talkpal.ai\/fi\/wp-json\/wp\/v2\/comments?post=131111"}],"version-history":[{"count":0,"href":"https:\/\/talkpal.ai\/fi\/wp-json\/wp\/v2\/pages\/131111\/revisions"}],"wp:featuredmedia":[{"embeddable":true,"href":"https:\/\/talkpal.ai\/fi\/wp-json\/wp\/v2\/media\/11620"}],"wp:attachment":[{"href":"https:\/\/talkpal.ai\/fi\/wp-json\/wp\/v2\/media?parent=131111"}],"curies":[{"name":"wp","href":"https:\/\/api.w.org\/{rel}","templated":true}]}}