{"id":130724,"date":"2023-05-14T13:53:07","date_gmt":"2023-05-14T13:53:07","guid":{"rendered":"http:\/\/talkpal.ai\/ruotsin-kielioppi\/"},"modified":"2025-12-11T16:33:32","modified_gmt":"2025-12-11T16:33:32","slug":"ruotsin-kielioppi","status":"publish","type":"page","link":"https:\/\/talkpal.ai\/fi\/ruotsin-kielioppi\/","title":{"rendered":"Ruotsin kielioppi"},"content":{"rendered":"\r\n\r\n\r\n<section class=\"languageChallengeSection\">\r\n    <div class=\"languageInfoWrapper\">\r\n        \r\n        <h1>Ruotsin kielioppi<\/h1>\r\n        <p>Avaa <a href=\"https:\/\/talkpal.ai\/learn-swedish\/\">ruotsin<\/a> kielen kauneus hallitsemalla sen keskeiset kielioppis\u00e4\u00e4nn\u00f6t. <a href=\"https:\/\/talkpal.ai\/learn-swedish\/\">Ruotsin<\/a> kieliopin vankka ymm\u00e4rt\u00e4minen auttaa sinua kommunikoimaan itsevarmasti ja tutustumaan ruotsalaiseen kulttuuriin. Aloita ruotsin kieliopin opiskelu jo t\u00e4n\u00e4\u00e4n ja ota ensimm\u00e4inen askel kohti sujuvuutta!<\/p>\r\n\r\n                            <a class=\"getStartedHidden\" href=\"https:\/\/app.talkpal.ai\/fi\/signup?lng=\">Aloita<\/a>\r\n        \r\n    <\/div>\r\n\r\n    <figure>\r\n    <img decoding=\"async\" width=\"768\" height=\"768\" src=\"https:\/\/talkpal.ai\/wp-content\/uploads\/2023\/06\/swedish-768x768.png\" class=\"languageImage no-lazy\" alt=\"Default alt text\" fetchpriority=\"high\" sizes=\"(max-width: 768px) 150px, 768px\" srcset=\"https:\/\/talkpal.ai\/wp-content\/uploads\/2023\/06\/swedish-768x768.png 768w, https:\/\/talkpal.ai\/wp-content\/uploads\/2023\/06\/swedish-300x300.png 300w\" \/>\r\n    \r\n\r\n    <\/figure>\r\n\r\n            <a class=\"getStartedVisible\" href=\"https:\/\/app.talkpal.ai\/fi\/signup?lng=\">Aloita<\/a>\r\n    \r\n<\/section>\r\n        <section class=\"grammarSection\">\r\n            <div class=\"grammarLinks\">\r\n                <a href=\"https:\/\/talkpal.ai\/fi\/language\/adjektiivit-ruotsin-kielioppi\/\">Adjektiivit <\/a><a href=\"https:\/\/talkpal.ai\/fi\/language\/adverbit-ruotsin-kielioppi\/\">Adverbit <\/a><a href=\"https:\/\/talkpal.ai\/fi\/language\/aikamuodot-konjunktiivi-ruotsin-kielioppi\/\">Aikamuodot Konjunktiivi <\/a><a href=\"https:\/\/talkpal.ai\/fi\/language\/aikamuotojen-vertailu-ruotsin-kielioppi\/\">Aikamuotojen vertailu <\/a><a href=\"https:\/\/talkpal.ai\/fi\/language\/artikkelit-ruotsin-kielioppi\/\">Artikkelit <\/a><a href=\"https:\/\/talkpal.ai\/fi\/language\/indikatiiviset-aikamuodot-ruotsin-kielioppi\/\">Indikatiiviset aikamuodot <\/a><a href=\"https:\/\/talkpal.ai\/fi\/language\/lauserakenne-ruotsin-kielioppi\/\">Lauserakenne <\/a><a href=\"https:\/\/talkpal.ai\/fi\/language\/prepositiot-ruotsin-kielioppi\/\">Prepositiot <\/a><a href=\"https:\/\/talkpal.ai\/fi\/language\/pronominit-ruotsin-kielioppi\/\">Pronominit <\/a><a href=\"https:\/\/talkpal.ai\/fi\/language\/substantiivit-ruotsin-kielioppi\/\">Substantiivit <\/a><a href=\"https:\/\/talkpal.ai\/fi\/language\/verbit-ruotsin-kielioppi\/\">Verbit <\/a>            <\/div>\r\n        <\/section>\r\n    <section class=\"promotionalBanner\">\r\n    <p class=\"promotionalText\">Tehokkain tapa oppia kielt\u00e4<\/p>\r\n    <a class=\"promotionalLink\" href=\"https:\/\/app.talkpal.ai\/fi\/signup?lng=\">Kokeile Talkpal ilmaiseksi<\/a>\r\n<\/section>\n<div class=\"wp-block-group pageContainerStyle\"><div class=\"wp-block-group__inner-container is-layout-constrained wp-block-group-is-layout-constrained\">\n<h2 class=\"wp-block-heading\" id=\"h-demystifying-swedish-grammar-a-comprehensive-guide-to-master-its-rules-and-nuances\">Ruotsin kieliopin salaper\u00e4isyyden poistaminen: kattava opas sen s\u00e4\u00e4nt\u00f6jen ja vivahteiden hallintaan<\/h2>\n\n\n\n<p>Ruotsi, jota puhuu noin 10 miljoonaa ihmist\u00e4, on rikas ja melodinen kieli, joka kuuluu pohjoisgermaaniseen perheeseen. Vaikka <a href=\"https:\/\/talkpal.ai\/fi\/grammar\/verbit-ruotsin-kielioppissa\/\">ruotsin kielioppi<\/a> on suhteellisen yksinkertaista verrattuna joihinkin muihin kieliin, sen s\u00e4\u00e4nt\u00f6jen ja rakenteen ymm\u00e4rt\u00e4minen on avain kielitaidon parantamiseen. T\u00e4ss\u00e4 artikkelissa opastamme sinut ruotsin kieliopin perusasioihin ja annamme hy\u00f6dyllisi\u00e4 vinkkej\u00e4 ruotsin kielen taitojesi parantamiseen.<\/p>\n\n\n\n<h3 class=\"wp-block-heading\" id=\"h-essential-components-of-swedish-grammar\">Ruotsin kieliopin olennaiset osat:<\/h3>\n\n\n\n<p>Ruotsin kieliopissa on yht\u00e4l\u00e4isyyksi\u00e4 englannin kieliopin kanssa, mik\u00e4 helpottaa englanninkielisten oppia. T\u00e4ss\u00e4 on joitain ruotsin kieliopin kriittisi\u00e4 n\u00e4k\u00f6kohtia, joihin kannattaa tutustua:<\/p>\n\n\n\n<p>1. Substantiivit: Ruotsin <strong>substantiivit<\/strong> jaetaan kahteen kieliopilliseen sukupuoleen: yleinen (en) ja neutri (ett). Jokainen substantiivi kuuluu johonkin n\u00e4ist\u00e4 luokista, mik\u00e4 on t\u00e4rke\u00e4\u00e4 ottaa huomioon k\u00e4ytett\u00e4ess\u00e4 m\u00e4\u00e4rittelem\u00e4tt\u00f6mi\u00e4 ja m\u00e4\u00e4r\u00e4ttyj\u00e4 artikkeleita. Ruotsin substantiiveilla on my\u00f6s monikkomuotoja, joissa on useita erillisi\u00e4 kuvioita, jotka on muistettava.<\/p>\n\n\n\n<p><strong>2. Adjektiivit:<\/strong> Ruotsinkieliset adjektiivit sopivat substantiivin sukupuolen kanssa. Substantiivin sukupuolesta riippuen adjektiiveja on kolme: positiivinen, vertaileva ja superlatiivi. Adjektiivit sopivat my\u00f6s lukum\u00e4\u00e4r\u00e4isesti (yksikk\u00f6 <a href=\"https:\/\/talkpal.ai\/learn-thai\/\">tai<\/a> monikko).<\/p>\n\n\n\n<p><strong>3. Verbit:<\/strong> Ruotsin verbit luokitellaan nelj\u00e4\u00e4n ryhm\u00e4\u00e4n, joista jokaisella on oma taivutusmallinsa. Verbit taivutetaan aikamuodon mukaan (preesens, mennyt tai tuleva), mutta niit\u00e4 ei taivuteta subjektin mukaan, kuten englannissa. Sen sijaan ruotsin verbimuodot pysyv\u00e4t johdonmukaisina subjektista riippumatta. Lis\u00e4ksi ruotsin verbeill\u00e4 ei ole jatkuvia muotoja (eli -ing) kuten englannissa.<\/p>\n\n\n\n<p><strong>4. Lauserakenne: Ruotsin lauserakenne<\/strong> on tyypillisesti subjekti-verbiobjekti (SVO), aivan kuten <a href=\"https:\/\/talkpal.ai\/learn-english-with-ai\/\">englanti<\/a>. Ruotsin kieless\u00e4 k\u00e4ytet\u00e4\u00e4n kuitenkin usein V2-sanaj\u00e4rjestyss\u00e4\u00e4nt\u00f6\u00e4, jossa verbi esiintyy toisella sijalla toteavissa lauseissa ja kysymyksiss\u00e4.<\/p>\n\n\n\n<h3 class=\"wp-block-heading\" id=\"h-tips-for-learning-swedish-grammar\">Vinkkej\u00e4 ruotsin kieliopin oppimiseen:<\/h3>\n\n\n\n<p>Jotta ruotsin kieliopin oppimismatkasi olisi sujuvampi, t\u00e4ss\u00e4 on muutamia k\u00e4yt\u00e4nn\u00f6n vinkkej\u00e4:<\/p>\n\n\n\n<p><strong>1. Harjoittele s\u00e4\u00e4nn\u00f6llisesti:<\/strong> Johdonmukaisuus on avainasemassa. Varaa joka p\u00e4iv\u00e4 tai viikko aikaa harjoitella kielioppiharjoituksia, lukemista ja kirjoittamista ruotsiksi.<\/p>\n\n\n\n<p><strong>2. K\u00e4yt\u00e4 alkuper\u00e4isi\u00e4 resursseja:<\/strong> Uppoudu syntyper\u00e4isiin ruotsalaisiin materiaaleihin, kuten kirjallisuuteen, uutisartikkeleihin ja podcasteihin. T\u00e4m\u00e4 ei ainoastaan auta sinua ymm\u00e4rt\u00e4m\u00e4\u00e4n ruotsin kielioppia kontekstissa, vaan my\u00f6s parantaa luku- ja kuuntelutaitojasi.<\/p>\n\n\n\n<p><strong>3. Opi substantiivien sukupuolet ja monikot: Ruotsin substantiivien<\/strong> sukupuolen (en tai ett) ja monikkomuotojen muistaminen on ratkaisevan t\u00e4rke\u00e4\u00e4. Ajan mittaan harjoitteleminen auttaa sinua lopulta sis\u00e4ist\u00e4m\u00e4\u00e4n n\u00e4m\u00e4 s\u00e4\u00e4nn\u00f6t.<\/p>\n\n\n\n<p><strong>4. Pid\u00e4 yhteytt\u00e4 \u00e4idinkielen\u00e4\u00e4n puhuviin: Keskustelemalla \u00e4idinkielen\u00e4\u00e4n ruotsia puhuvien<\/strong> kanssa voit harjoitella kielioppia ja saada arvokasta palautetta. Harkitse liittymist\u00e4 kielenvaihtoryhmiin tai online-foorumeihin yhteydenpitoon ruotsinkielisten henkil\u00f6iden kanssa.<\/p>\n\n\n\n<p><strong>5. Ole k\u00e4rsiv\u00e4llinen ja sinnik\u00e4s:<\/strong> Muista, ett\u00e4 kieliopin oppiminen on prosessi. Pysy sitoutuneena, jatka harjoittelua ja juhli edistymist\u00e4 matkan varrella.<\/p>\n\n\n\n<h2 class=\"wp-block-heading\" id=\"h-conclusion\">Johtop\u00e4\u00e4t\u00f6kset:<\/h2>\n\n\n\n<p><a href=\"https:\/\/talkpal.ai\/fi\/grammar\/verbit-ruotsin-kielioppissa\/\">Ruotsin kielioppi<\/a>, vaikka se n\u00e4ytt\u00e4\u00e4 monimutkaiselta, voidaan hallita omistautumisella ja ymm\u00e4rt\u00e4m\u00e4ll\u00e4 sen olennaiset osat. Noudattamalla ehdotuksiamme ja uppoutumalla kieleen, ruotsin kielen taitosi paranee tasaisesti. Ota haaste vastaan ja nauti matkasta kohti ruotsin kieliopin hallintaa!<\/p>\n<\/div><\/div>\n\r\n<section class=\"learnNavigationSection\">\r\n            \r\n        <a href=\"https:\/\/talkpal.ai\/fi\/opi-ruotsia\/\">\r\n            <div class=\"learnNavigationWrapper\">\r\n                <div class=\"learnNavigationContent\">\r\n                    <img decoding=\"async\" src=\"https:\/\/talkpal.ai\/wp-content\/uploads\/2024\/08\/Swedish.jpg\" alt=\"Swedish Flag\">\r\n                    <div>\r\n                        <h4>Tietoja Swedish Learningista<\/h4>\r\n                        <p>Tutustu ruotsin kielioppiin.<\/p>\r\n                    <\/div>\r\n                <\/div>\r\n            <\/div>\r\n        <\/a>\r\n\r\n        \r\n        <a href=\"https:\/\/talkpal.ai\/fi\/ruotsin-kielioppiharjoitukset\/\">\r\n            <div class=\"learnNavigationWrapper\">\r\n                <div class=\"learnNavigationContent\">\r\n                    <img decoding=\"async\" src=\"https:\/\/talkpal.ai\/wp-content\/uploads\/2024\/08\/Swedish.jpg\" alt=\"Swedish Flag\">\r\n                    <div>\r\n                        <h4>Ruotsin kielioppiharjoitus<\/h4>\r\n                        <p>Harjoittele ruotsin kielioppia.<\/p>\r\n                    <\/div>\r\n                <\/div>\r\n            <\/div>\r\n        <\/a>\r\n\r\n        \r\n        <a href=\"https:\/\/talkpal.ai\/vocabulary_language\/swedish\/\">\r\n            <div class=\"learnNavigationWrapper\">\r\n                <div class=\"learnNavigationContent\">\r\n                    <img decoding=\"async\" src=\"https:\/\/talkpal.ai\/wp-content\/uploads\/2024\/08\/Swedish.jpg\" alt=\"Swedish Flag\">\r\n                    <div>\r\n                        <h4>Ruotsinkielinen sanasto<\/h4>\r\n                        <p>Laajenna ruotsin kielen sanavarastoasi.<\/p>\r\n                    <\/div>\r\n                <\/div>\r\n            <\/div>\r\n        <\/a>\r\n\r\n            <\/section>","protected":false},"excerpt":{"rendered":"<p>Ruotsin kieliopin salaper\u00e4isyyden poistaminen: kattava opas sen s\u00e4\u00e4nt\u00f6jen ja vivahteiden hallintaan Ruotsi, jota puhuu noin 10 miljoonaa ihmist\u00e4, on rikas ja melodinen kieli, joka kuuluu pohjoisgermaaniseen perheeseen. Vaikka ruotsin kielioppi on suhteellisen yksinkertaista verrattuna joihinkin muihin kieliin, sen s\u00e4\u00e4nt\u00f6jen ja rakenteen ymm\u00e4rt\u00e4minen on avain kielitaidon parantamiseen. T\u00e4ss\u00e4 artikkelissa opastamme sinut ruotsin kieliopin perusasioihin ja annamme [&hellip;]<\/p>\n","protected":false},"author":1,"featured_media":11613,"parent":0,"menu_order":0,"comment_status":"closed","ping_status":"closed","template":"LearningContentPage.php","meta":{"_acf_changed":false,"footnotes":""},"class_list":["post-130724","page","type-page","status-publish","has-post-thumbnail","hentry"],"acf":[],"yoast_head":"<!-- This site is optimized with the Yoast SEO Premium plugin v27.2 (Yoast SEO v27.2) - https:\/\/yoast.com\/product\/yoast-seo-premium-wordpress\/ -->\n<title>Ruotsin kielioppi - Talkpal<\/title>\n<meta name=\"description\" content=\"Avaa ruotsin kieliopin salaisuudet ja paranna kielitaitoasi peruss\u00e4\u00e4nt\u00f6jen ja hy\u00f6dyllisten vinkkien avulla.\" \/>\n<meta name=\"robots\" content=\"index, follow, max-snippet:-1, max-image-preview:large, max-video-preview:-1\" \/>\n<link rel=\"canonical\" href=\"https:\/\/talkpal.ai\/fi\/ruotsin-kielioppi\/\" \/>\n<meta property=\"og:locale\" content=\"fi_FI\" \/>\n<meta property=\"og:type\" content=\"article\" \/>\n<meta property=\"og:title\" content=\"Ruotsin kielioppi\" \/>\n<meta property=\"og:description\" content=\"Ruotsin kieliopin salaper\u00e4isyyden poistaminen: kattava opas sen s\u00e4\u00e4nt\u00f6jen ja vivahteiden hallintaan Ruotsi, jota puhuu noin 10 miljoonaa ihmist\u00e4, on rikas\" \/>\n<meta property=\"og:url\" content=\"https:\/\/talkpal.ai\/fi\/ruotsin-kielioppi\/\" \/>\n<meta property=\"og:site_name\" content=\"Talkpal\" \/>\n<meta property=\"article:publisher\" content=\"https:\/\/www.facebook.com\/profile.php?id=100090733639311\" \/>\n<meta property=\"article:modified_time\" content=\"2025-12-11T16:33:32+00:00\" \/>\n<meta property=\"og:image\" content=\"https:\/\/talkpal.ai\/wp-content\/uploads\/2023\/04\/sweden.png\" \/>\n\t<meta property=\"og:image:width\" content=\"512\" \/>\n\t<meta property=\"og:image:height\" content=\"512\" \/>\n\t<meta property=\"og:image:type\" content=\"image\/png\" \/>\n<meta name=\"twitter:card\" content=\"summary_large_image\" \/>\n<meta name=\"twitter:site\" content=\"@talkpalai\" \/>\n<meta name=\"twitter:label1\" content=\"Arvioitu lukuaika\" \/>\n\t<meta name=\"twitter:data1\" content=\"2 minuuttia\" \/>\n<script type=\"application\/ld+json\" class=\"yoast-schema-graph\">{\"@context\":\"https:\/\/schema.org\",\"@graph\":[{\"@type\":\"WebPage\",\"@id\":\"https:\/\/talkpal.ai\/fi\/ruotsin-kielioppi\/\",\"url\":\"https:\/\/talkpal.ai\/fi\/ruotsin-kielioppi\/\",\"name\":\"Ruotsin kielioppi - Talkpal\",\"isPartOf\":{\"@id\":\"https:\/\/talkpal.ai\/fi\/#website\"},\"primaryImageOfPage\":{\"@id\":\"https:\/\/talkpal.ai\/fi\/ruotsin-kielioppi\/#primaryimage\"},\"image\":{\"@id\":\"https:\/\/talkpal.ai\/fi\/ruotsin-kielioppi\/#primaryimage\"},\"thumbnailUrl\":\"https:\/\/talkpal.ai\/wp-content\/uploads\/2023\/04\/sweden.png\",\"datePublished\":\"2023-05-14T13:53:07+00:00\",\"dateModified\":\"2025-12-11T16:33:32+00:00\",\"description\":\"Avaa ruotsin kieliopin salaisuudet ja paranna kielitaitoasi peruss\u00e4\u00e4nt\u00f6jen ja hy\u00f6dyllisten vinkkien avulla.\",\"breadcrumb\":{\"@id\":\"https:\/\/talkpal.ai\/fi\/ruotsin-kielioppi\/#breadcrumb\"},\"inLanguage\":\"fi\",\"potentialAction\":[{\"@type\":\"ReadAction\",\"target\":[\"https:\/\/talkpal.ai\/fi\/ruotsin-kielioppi\/\"]}]},{\"@type\":\"ImageObject\",\"inLanguage\":\"fi\",\"@id\":\"https:\/\/talkpal.ai\/fi\/ruotsin-kielioppi\/#primaryimage\",\"url\":\"https:\/\/talkpal.ai\/wp-content\/uploads\/2023\/04\/sweden.png\",\"contentUrl\":\"https:\/\/talkpal.ai\/wp-content\/uploads\/2023\/04\/sweden.png\",\"width\":512,\"height\":512},{\"@type\":\"BreadcrumbList\",\"@id\":\"https:\/\/talkpal.ai\/fi\/ruotsin-kielioppi\/#breadcrumb\",\"itemListElement\":[{\"@type\":\"ListItem\",\"position\":1,\"name\":\"Homepage\",\"item\":\"https:\/\/talkpal.ai\/fi\/\"},{\"@type\":\"ListItem\",\"position\":2,\"name\":\"Ruotsin kielioppi\"}]},{\"@type\":\"WebSite\",\"@id\":\"https:\/\/talkpal.ai\/fi\/#website\",\"url\":\"https:\/\/talkpal.ai\/fi\/\",\"name\":\"Talkpal\",\"description\":\"AI Language Learning\",\"publisher\":{\"@id\":\"https:\/\/talkpal.ai\/fi\/#organization\"},\"alternateName\":\"Talkpal AI\",\"potentialAction\":[{\"@type\":\"SearchAction\",\"target\":{\"@type\":\"EntryPoint\",\"urlTemplate\":\"https:\/\/talkpal.ai\/fi\/?s={search_term_string}\"},\"query-input\":{\"@type\":\"PropertyValueSpecification\",\"valueRequired\":true,\"valueName\":\"search_term_string\"}}],\"inLanguage\":\"fi\"},{\"@type\":\"Organization\",\"@id\":\"https:\/\/talkpal.ai\/fi\/#organization\",\"name\":\"Talkpal, Inc.\",\"alternateName\":\"Talkpal AI\",\"url\":\"https:\/\/talkpal.ai\/fi\/\",\"logo\":{\"@type\":\"ImageObject\",\"inLanguage\":\"fi\",\"@id\":\"https:\/\/talkpal.ai\/fi\/#\/schema\/logo\/image\/\",\"url\":\"https:\/\/talkpal.ai\/wp-content\/uploads\/2024\/03\/Talkpal-Logo-Icon.png\",\"contentUrl\":\"https:\/\/talkpal.ai\/wp-content\/uploads\/2024\/03\/Talkpal-Logo-Icon.png\",\"width\":2880,\"height\":2880,\"caption\":\"Talkpal, Inc.\"},\"image\":{\"@id\":\"https:\/\/talkpal.ai\/fi\/#\/schema\/logo\/image\/\"},\"sameAs\":[\"https:\/\/www.facebook.com\/profile.php?id=100090733639311\",\"https:\/\/x.com\/talkpalai\",\"https:\/\/www.linkedin.com\/company\/talkpal\/\",\"https:\/\/www.youtube.com\/@TalkPal\/\",\"https:\/\/www.tiktok.com\/@talkpal\",\"https:\/\/www.instagram.com\/talkpal_ai\/\",\"https:\/\/www.crunchbase.com\/organization\/talkpal-9cde\",\"https:\/\/www.g2.com\/products\/talkpal-for-business\/\",\"https:\/\/www.trustpilot.com\/review\/talkpal.ai\",\"https:\/\/www.capterra.com\/p\/10006800\/TalkPal\/\"],\"description\":\"Talkpal is a language learning web and mobile education app, powered by the latest AI technologies, that provides engaging experiences to its customers in many different languages to help them improve their language skills. Users can chat about unlimited amount of topics with the app and use other modes to practice their language learning.\",\"email\":\"support@talkpal.ai\",\"legalName\":\"Talkpal, Inc.\",\"foundingDate\":\"2023-04-03\",\"duns\":\"118989042\",\"numberOfEmployees\":{\"@type\":\"QuantitativeValue\",\"minValue\":\"11\",\"maxValue\":\"50\"},\"publishingPrinciples\":\"https:\/\/talkpal.ai\/publishing-principles\/\",\"actionableFeedbackPolicy\":\"https:\/\/talkpal.ai\/actionable-feedback-policy\/\",\"correctionsPolicy\":\"https:\/\/talkpal.ai\/corrections-policy\/\",\"ethicsPolicy\":\"https:\/\/talkpal.ai\/ethics-policy\/\",\"diversityPolicy\":\"https:\/\/talkpal.ai\/diversity-policy\/\",\"diversityStaffingReport\":\"https:\/\/talkpal.ai\/diversity-policy\/\"}]}<\/script>\n<!-- \/ Yoast SEO Premium plugin. -->","yoast_head_json":{"title":"Ruotsin kielioppi - Talkpal","description":"Avaa ruotsin kieliopin salaisuudet ja paranna kielitaitoasi peruss\u00e4\u00e4nt\u00f6jen ja hy\u00f6dyllisten vinkkien avulla.","robots":{"index":"index","follow":"follow","max-snippet":"max-snippet:-1","max-image-preview":"max-image-preview:large","max-video-preview":"max-video-preview:-1"},"canonical":"https:\/\/talkpal.ai\/fi\/ruotsin-kielioppi\/","og_locale":"fi_FI","og_type":"article","og_title":"Ruotsin kielioppi","og_description":"Ruotsin kieliopin salaper\u00e4isyyden poistaminen: kattava opas sen s\u00e4\u00e4nt\u00f6jen ja vivahteiden hallintaan Ruotsi, jota puhuu noin 10 miljoonaa ihmist\u00e4, on rikas","og_url":"https:\/\/talkpal.ai\/fi\/ruotsin-kielioppi\/","og_site_name":"Talkpal","article_publisher":"https:\/\/www.facebook.com\/profile.php?id=100090733639311","article_modified_time":"2025-12-11T16:33:32+00:00","og_image":[{"width":512,"height":512,"url":"https:\/\/talkpal.ai\/wp-content\/uploads\/2023\/04\/sweden.png","type":"image\/png"}],"twitter_card":"summary_large_image","twitter_site":"@talkpalai","twitter_misc":{"Arvioitu lukuaika":"2 minuuttia"},"schema":{"@context":"https:\/\/schema.org","@graph":[{"@type":"WebPage","@id":"https:\/\/talkpal.ai\/fi\/ruotsin-kielioppi\/","url":"https:\/\/talkpal.ai\/fi\/ruotsin-kielioppi\/","name":"Ruotsin kielioppi - Talkpal","isPartOf":{"@id":"https:\/\/talkpal.ai\/fi\/#website"},"primaryImageOfPage":{"@id":"https:\/\/talkpal.ai\/fi\/ruotsin-kielioppi\/#primaryimage"},"image":{"@id":"https:\/\/talkpal.ai\/fi\/ruotsin-kielioppi\/#primaryimage"},"thumbnailUrl":"https:\/\/talkpal.ai\/wp-content\/uploads\/2023\/04\/sweden.png","datePublished":"2023-05-14T13:53:07+00:00","dateModified":"2025-12-11T16:33:32+00:00","description":"Avaa ruotsin kieliopin salaisuudet ja paranna kielitaitoasi peruss\u00e4\u00e4nt\u00f6jen ja hy\u00f6dyllisten vinkkien avulla.","breadcrumb":{"@id":"https:\/\/talkpal.ai\/fi\/ruotsin-kielioppi\/#breadcrumb"},"inLanguage":"fi","potentialAction":[{"@type":"ReadAction","target":["https:\/\/talkpal.ai\/fi\/ruotsin-kielioppi\/"]}]},{"@type":"ImageObject","inLanguage":"fi","@id":"https:\/\/talkpal.ai\/fi\/ruotsin-kielioppi\/#primaryimage","url":"https:\/\/talkpal.ai\/wp-content\/uploads\/2023\/04\/sweden.png","contentUrl":"https:\/\/talkpal.ai\/wp-content\/uploads\/2023\/04\/sweden.png","width":512,"height":512},{"@type":"BreadcrumbList","@id":"https:\/\/talkpal.ai\/fi\/ruotsin-kielioppi\/#breadcrumb","itemListElement":[{"@type":"ListItem","position":1,"name":"Homepage","item":"https:\/\/talkpal.ai\/fi\/"},{"@type":"ListItem","position":2,"name":"Ruotsin kielioppi"}]},{"@type":"WebSite","@id":"https:\/\/talkpal.ai\/fi\/#website","url":"https:\/\/talkpal.ai\/fi\/","name":"Talkpal","description":"AI Language Learning","publisher":{"@id":"https:\/\/talkpal.ai\/fi\/#organization"},"alternateName":"Talkpal AI","potentialAction":[{"@type":"SearchAction","target":{"@type":"EntryPoint","urlTemplate":"https:\/\/talkpal.ai\/fi\/?s={search_term_string}"},"query-input":{"@type":"PropertyValueSpecification","valueRequired":true,"valueName":"search_term_string"}}],"inLanguage":"fi"},{"@type":"Organization","@id":"https:\/\/talkpal.ai\/fi\/#organization","name":"Talkpal, Inc.","alternateName":"Talkpal AI","url":"https:\/\/talkpal.ai\/fi\/","logo":{"@type":"ImageObject","inLanguage":"fi","@id":"https:\/\/talkpal.ai\/fi\/#\/schema\/logo\/image\/","url":"https:\/\/talkpal.ai\/wp-content\/uploads\/2024\/03\/Talkpal-Logo-Icon.png","contentUrl":"https:\/\/talkpal.ai\/wp-content\/uploads\/2024\/03\/Talkpal-Logo-Icon.png","width":2880,"height":2880,"caption":"Talkpal, Inc."},"image":{"@id":"https:\/\/talkpal.ai\/fi\/#\/schema\/logo\/image\/"},"sameAs":["https:\/\/www.facebook.com\/profile.php?id=100090733639311","https:\/\/x.com\/talkpalai","https:\/\/www.linkedin.com\/company\/talkpal\/","https:\/\/www.youtube.com\/@TalkPal\/","https:\/\/www.tiktok.com\/@talkpal","https:\/\/www.instagram.com\/talkpal_ai\/","https:\/\/www.crunchbase.com\/organization\/talkpal-9cde","https:\/\/www.g2.com\/products\/talkpal-for-business\/","https:\/\/www.trustpilot.com\/review\/talkpal.ai","https:\/\/www.capterra.com\/p\/10006800\/TalkPal\/"],"description":"Talkpal is a language learning web and mobile education app, powered by the latest AI technologies, that provides engaging experiences to its customers in many different languages to help them improve their language skills. Users can chat about unlimited amount of topics with the app and use other modes to practice their language learning.","email":"support@talkpal.ai","legalName":"Talkpal, Inc.","foundingDate":"2023-04-03","duns":"118989042","numberOfEmployees":{"@type":"QuantitativeValue","minValue":"11","maxValue":"50"},"publishingPrinciples":"https:\/\/talkpal.ai\/publishing-principles\/","actionableFeedbackPolicy":"https:\/\/talkpal.ai\/actionable-feedback-policy\/","correctionsPolicy":"https:\/\/talkpal.ai\/corrections-policy\/","ethicsPolicy":"https:\/\/talkpal.ai\/ethics-policy\/","diversityPolicy":"https:\/\/talkpal.ai\/diversity-policy\/","diversityStaffingReport":"https:\/\/talkpal.ai\/diversity-policy\/"}]}},"_links":{"self":[{"href":"https:\/\/talkpal.ai\/fi\/wp-json\/wp\/v2\/pages\/130724","targetHints":{"allow":["GET"]}}],"collection":[{"href":"https:\/\/talkpal.ai\/fi\/wp-json\/wp\/v2\/pages"}],"about":[{"href":"https:\/\/talkpal.ai\/fi\/wp-json\/wp\/v2\/types\/page"}],"author":[{"embeddable":true,"href":"https:\/\/talkpal.ai\/fi\/wp-json\/wp\/v2\/users\/1"}],"replies":[{"embeddable":true,"href":"https:\/\/talkpal.ai\/fi\/wp-json\/wp\/v2\/comments?post=130724"}],"version-history":[{"count":0,"href":"https:\/\/talkpal.ai\/fi\/wp-json\/wp\/v2\/pages\/130724\/revisions"}],"wp:featuredmedia":[{"embeddable":true,"href":"https:\/\/talkpal.ai\/fi\/wp-json\/wp\/v2\/media\/11613"}],"wp:attachment":[{"href":"https:\/\/talkpal.ai\/fi\/wp-json\/wp\/v2\/media?parent=130724"}],"curies":[{"name":"wp","href":"https:\/\/api.w.org\/{rel}","templated":true}]}}