{"id":130419,"date":"2023-05-14T13:52:27","date_gmt":"2023-05-14T13:52:27","guid":{"rendered":"http:\/\/talkpal.ai\/korean-kielioppi\/"},"modified":"2025-12-11T16:29:42","modified_gmt":"2025-12-11T16:29:42","slug":"korean-kielioppi","status":"publish","type":"page","link":"https:\/\/talkpal.ai\/fi\/korean-kielioppi\/","title":{"rendered":"Korean kielioppi"},"content":{"rendered":"\r\n\r\n\r\n<section class=\"languageChallengeSection\">\r\n    <div class=\"languageInfoWrapper\">\r\n        \r\n        <h1>Korean kielioppi<\/h1>\r\n        <p>Aloita <a href=\"https:\/\/talkpal.ai\/learn-korean\/\">korean<\/a> kieliopin oppiminen helposti seurattavien oppaiden ja k\u00e4yt\u00e4nn\u00f6n esimerkkien avulla. Opi muodostamaan lauseita, k\u00e4ytt\u00e4m\u00e4\u00e4n partikkeleita ja taivuttamaan verbej\u00e4 ilmaistaksesi itse\u00e4si tarkasti. Harjoittele taitojasi vuorovaikutteisten harjoitusten avulla, jotka on suunniteltu vahvistamaan itseluottamustasi. Ota seuraava askel korean kielen matkallasi ja paranna sujuvuutta jo t\u00e4n\u00e4\u00e4n!<\/p>\r\n\r\n                            <a class=\"getStartedHidden\" href=\"https:\/\/app.talkpal.ai\/fi\/signup?lng=\">Aloita<\/a>\r\n        \r\n    <\/div>\r\n\r\n    <figure>\r\n    <img decoding=\"async\" width=\"768\" height=\"768\" src=\"https:\/\/talkpal.ai\/wp-content\/uploads\/2023\/06\/korean-768x768.png\" class=\"languageImage no-lazy\" alt=\"Default alt text\" fetchpriority=\"high\" sizes=\"(max-width: 768px) 150px, 768px\" srcset=\"https:\/\/talkpal.ai\/wp-content\/uploads\/2023\/06\/korean-768x768.png 768w, https:\/\/talkpal.ai\/wp-content\/uploads\/2023\/06\/korean-300x300.png 300w\" \/>\r\n    \r\n\r\n    <\/figure>\r\n\r\n            <a class=\"getStartedVisible\" href=\"https:\/\/app.talkpal.ai\/fi\/signup?lng=\">Aloita<\/a>\r\n    \r\n<\/section>\r\n        <section class=\"grammarSection\">\r\n            <div class=\"grammarLinks\">\r\n                <a href=\"https:\/\/talkpal.ai\/fi\/language\/adjektiivit-korean-kielioppi\/\">Adjektiivit <\/a><a href=\"https:\/\/talkpal.ai\/fi\/language\/adverbit-korean-kielioppi\/\">Adverbit <\/a><a href=\"https:\/\/talkpal.ai\/fi\/language\/aikamuodot-konjunktiivi-korean-kielioppi\/\">Aikamuodot Konjunktiivi <\/a><a href=\"https:\/\/talkpal.ai\/fi\/language\/aikamuotojen-vertailu-korean-kielioppi\/\">Aikamuotojen vertailu <\/a><a href=\"https:\/\/talkpal.ai\/fi\/language\/artikkelit-korean-kielioppi\/\">Artikkelit <\/a><a href=\"https:\/\/talkpal.ai\/fi\/language\/indikatiiviset-aikamuodot-korean-kielioppi\/\">Indikatiiviset aikamuodot <\/a><a href=\"https:\/\/talkpal.ai\/fi\/language\/lauserakenne-korean-kielioppi\/\">Lauserakenne <\/a><a href=\"https:\/\/talkpal.ai\/fi\/language\/prepositiot-korean-kielioppi\/\">Prepositiot <\/a><a href=\"https:\/\/talkpal.ai\/fi\/language\/pronominit-korean-kielioppi\/\">Pronominit <\/a><a href=\"https:\/\/talkpal.ai\/fi\/language\/substantiivit-korean-kielioppi\/\">Substantiivit <\/a><a href=\"https:\/\/talkpal.ai\/fi\/language\/verbit-korean-kielioppi\/\">Verbit <\/a>            <\/div>\r\n        <\/section>\r\n    <section class=\"promotionalBanner\">\r\n    <p class=\"promotionalText\">Tehokkain tapa oppia kielt\u00e4<\/p>\r\n    <a class=\"promotionalLink\" href=\"https:\/\/app.talkpal.ai\/fi\/signup?lng=\">Kokeile Talkpal ilmaiseksi<\/a>\r\n<\/section>\n<div class=\"wp-block-group pageContainerStyle\"><div class=\"wp-block-group__inner-container is-layout-constrained wp-block-group-is-layout-constrained\">\n<h2 class=\"wp-block-heading\" id=\"h-demystifying-korean-grammar-a-beginner-s-guide\">Demystifying Korean kielioppi: Aloittelijan opas<\/h2>\n\n\n\n<p>Korean <a href=\"https:\/\/talkpal.ai\/fi\/paras-tapa-oppia-2\/\">kielen oppiminen<\/a> voi avata sinulle monia mahdollisuuksia, olipa kyse sitten korealaisen keitti\u00f6n tutkimisesta, uusimpien K-draamojen katsomisesta <a href=\"https:\/\/talkpal.ai\/learn-thai\/\">tai<\/a> ty\u00f6skentelyst\u00e4 yhdess\u00e4 Etel\u00e4-Korean monista innovatiivisista yrityksist\u00e4. T\u00e4h\u00e4n kiehtovaan kieleen sukeltavana ei-\u00e4idinkielen\u00e4\u00e4n puhuvana yksi haastavimmista n\u00e4k\u00f6kohdista voi olla sen kieliopin hallitseminen. <a href=\"https:\/\/talkpal.ai\/korean-grammar\/\">Korean kielioppi<\/a> saattaa vaikuttaa monimutkaiselta ensi silm\u00e4yksell\u00e4, mutta sill\u00e4 on logiikka ja johdonmukaisuus, joka voi olla helpommin saatavilla kuin luulisi. T\u00e4ss\u00e4 artikkelissa selvit\u00e4mme korean kieliopin keskeiset piirteet ja annamme arvokkaita tietoja, joiden avulla matkasi sujuvaan ja nautinnolliseen sujuvuuteen on sujuva.<\/p>\n\n\n\n<h3 class=\"wp-block-heading\" id=\"h-1-word-nbsp-order-nbsp-get-in-the-flow\"><b>1. Sanaj\u00e4rjestys<\/b><b> \u2013 L\u00e4hde flow&#8217;hun!<\/b><\/h3>\n\n\n\n<p>Ensimm\u00e4inen asia, joka sinun on tiedett\u00e4v\u00e4 korean kieliopista, on sen perussanaj\u00e4rjestys: aihe-objekti-verbi (SOV). T\u00e4m\u00e4 tarkoittaa sit\u00e4, ett\u00e4 verbit tulevat lauseen loppuun, toisin kuin englannin kielen subjekti-verbi-objekti (SVO) -j\u00e4rjestys. T\u00e4m\u00e4 voi vaatia jonkin verran totuttelua, mutta sujuvuuden avain on tottua t\u00e4h\u00e4n uuteen rakenteeseen.<\/p>\n\n\n\n<p>Vihje: Harjoittele yksinkertaisten korealaisten lauseiden muodostamista k\u00e4\u00e4nt\u00e4m\u00e4ll\u00e4 englanninkielisi\u00e4 lauseita ja j\u00e4rjest\u00e4m\u00e4ll\u00e4 sanojen j\u00e4rjestys uudelleen. Keskity ymm\u00e4rt\u00e4m\u00e4\u00e4n SOV-rakenteen logiikkaa, jotta voit tuntea olosi mukavammaksi sen kanssa.<\/p>\n\n\n\n<h3 class=\"wp-block-heading\" id=\"h-2-particles-attach-and-connect\">2. Hiukkaset \u2013 Kiinnit\u00e4 ja yhdist\u00e4!<\/h3>\n\n\n\n<p>Korealaiset lauseet k\u00e4ytt\u00e4v\u00e4t pieni\u00e4 kieliopillisia tietoja, joita kutsutaan hiukkasiksi, auttamaan m\u00e4\u00e4ritt\u00e4m\u00e4\u00e4n sanan teht\u00e4v\u00e4n lauseessa. Esimerkiksi \uc774\/\uac00 ja \uc740\/\ub294 merkitsev\u00e4t subjektia, kun taas \uc744\/\ub97c osoittaa objektia. Partikkelit ovat olennainen osa korean kielioppia, mutta niiden k\u00e4ytt\u00f6 saattaa tuntua aluksi ylivoimaiselta.<\/p>\n\n\n\n<p>Vinkki: K\u00e4sittele yht\u00e4 hiukkasta kerrallaan ja tutustu sen k\u00e4ytt\u00f6\u00f6n ja merkitykseen. Kehit\u00e4 luettelo esimerkkilauseista k\u00e4ytt\u00e4m\u00e4ll\u00e4 kutakin hiukkasta viitemateriaalin kokoelman luomiseksi.<\/p>\n\n\n\n<h3 class=\"wp-block-heading\" id=\"h-3-verb-conjugation-keep-it-simple\">3. Verbitaivutus \u2013 Pid\u00e4 se yksinkertaisena!<\/h3>\n\n\n\n<p>Korean verbit ovat huomattavan johdonmukaisia, mik\u00e4 voi tehd\u00e4 niist\u00e4 helpompia oppia kuin muiden kielten verbit. Kaikki korean verbit p\u00e4\u00e4ttyv\u00e4t perusmuodossaan \ub2e4 (da), ja eri aikamuotojen tai kohteliaisuustasojen luomiseksi voit yksinkertaisesti lis\u00e4t\u00e4 eri p\u00e4\u00e4tteit\u00e4. Yleisimm\u00e4t ovat -\uc694 (yo) ep\u00e4viralliseen kohteliaisuuteen ja -\uc2b5\ub2c8\ub2e4 (seumnida) virallisempiin tilanteisiin.<\/p>\n\n\n\n<p>Vinkki: \ud558\ub2e4 (tehd\u00e4), \uba39\ub2e4 (sy\u00f6d\u00e4), \uc790\ub2e4 (nukkua) ja \uac00\ub2e4 (menn\u00e4). Aloita sitten niiden sis\u00e4llytt\u00e4minen lauseisiin, jotta voit tutustua ja tuntea olosi mukavammaksi erilaisten taivutusten k\u00e4yt\u00f6ss\u00e4.<\/p>\n\n\n\n<h3 class=\"wp-block-heading\" id=\"h-4-adjectives-treat-them-like-verbs\">4. Adjektiivit &#8211; Kohtele niit\u00e4 kuin verbej\u00e4!<\/h3>\n\n\n\n<p>Korean kieliopissa adjektiivit toimivat samalla tavalla kuin verbit ja ne taivutetaan samaa j\u00e4rjestelm\u00e4\u00e4 k\u00e4ytt\u00e4en. Monet adjektiivit p\u00e4\u00e4ttyv\u00e4t ~\ud558\ub2e4 (-hada), ja ne voidaan konjugoida samalla tavalla kuin verbit.<\/p>\n\n\n\n<p>Vinkki: Harjoittele tavallisten adjektiivien, kuten \uc88b\ub2e4 (olla hyv\u00e4), \uc608\uc058\ub2e4 (olla kaunis), \ub192\ub2e4 (olla korkea), \ub0ae\ub2e4 (olla matala) ja \ud06c\ub2e4 (olla suuri), taivuttamista. Niiden sis\u00e4llytt\u00e4minen lauseisiin auttaa vahvistamaan ymm\u00e4rryst\u00e4si.<\/p>\n\n\n\n<h3 class=\"wp-block-heading\" id=\"h-5-honorifics-show-your-respect\">5. Kunniamerkit &#8211; Osoita kunnioitustasi!<\/h3>\n\n\n\n<p>Korealainen kulttuuri korostaa kunnioituksen osoittamista vanhimpia ja auktoriteettiasemassa olevia kohtaan. T\u00e4m\u00e4 heijastuu sen kieleen kunniamerkkien kautta, jotka ovat sanojen erityisi\u00e4 muotoja ja kieliopillisia rakenteita, joita k\u00e4ytet\u00e4\u00e4n kohteliaisuuden osoittamiseen. Joitakin keskeisi\u00e4 esimerkkej\u00e4 ovat partikkelin -\uaed8\uc11c (-kkeseo) k\u00e4ytt\u00e4minen -\uc774\/\uac00:n sijasta, kun puhutaan kunnioittavasti jostakin henkil\u00f6st\u00e4, tai -\uc2dc:n (-si) liitt\u00e4minen verbeihin kohteliaisuuden merkkin\u00e4.<\/p>\n\n\n\n<p>Vinkki: Opettele kunniamerkkien k\u00e4yt\u00f6n perusteet, mutta \u00e4l\u00e4 huolehdi liikaa siit\u00e4, ett\u00e4 sinusta tulee heti asiantuntija. Englannin puhujana korealaiset todenn\u00e4k\u00f6isesti ymm\u00e4rt\u00e4v\u00e4t, jos teet virheit\u00e4, mutta kunnioituksen osoittamista arvostetaan.<\/p>\n\n\n\n<h3 class=\"wp-block-heading\" id=\"h-conclusion\">Johtop\u00e4\u00e4t\u00f6kset:<\/h3>\n\n\n\n<p>Korean kielioppi voi aluksi tuntua haastavalta, mutta kun saat kokemusta ja ymm\u00e4rryst\u00e4, huomaat, ett\u00e4 k\u00e4yt\u00f6ss\u00e4si on looginen ja johdonmukainen kehys. Keskittym\u00e4ll\u00e4 keskeisiin k\u00e4sitteisiin, kuten sanaj\u00e4rjestykseen, partikkeleihin ja verbien taivutukseen, voit pian muodostaa lauseita kuin ammattilainen. Rakasta t\u00e4t\u00e4 ilmaisuvoimaista kielt\u00e4 ja n\u00e4e, miten korean kieliopin hallinta avaa sinulle uusia mahdollisuuksia. \ud654\uc774\ud305 (hwaiting) &#8211; anna<\/p>\n<\/div><\/div>\n\r\n<section class=\"learnNavigationSection\">\r\n            \r\n        <a href=\"https:\/\/talkpal.ai\/fi\/opi-koreaa\/\">\r\n            <div class=\"learnNavigationWrapper\">\r\n                <div class=\"learnNavigationContent\">\r\n                    <img decoding=\"async\" src=\"https:\/\/talkpal.ai\/wp-content\/uploads\/2024\/08\/Korean.jpg\" alt=\"Korean Flag\">\r\n                    <div>\r\n                        <h4>Tietoja korean kielen oppimisesta<\/h4>\r\n                        <p>Tutustu korean kielioppiin.<\/p>\r\n                    <\/div>\r\n                <\/div>\r\n            <\/div>\r\n        <\/a>\r\n\r\n        \r\n        <a href=\"https:\/\/talkpal.ai\/fi\/korean-kielioppiharjoitukset\/\">\r\n            <div class=\"learnNavigationWrapper\">\r\n                <div class=\"learnNavigationContent\">\r\n                    <img decoding=\"async\" src=\"https:\/\/talkpal.ai\/wp-content\/uploads\/2024\/08\/Korean.jpg\" alt=\"Korean Flag\">\r\n                    <div>\r\n                        <h4>Korean kielioppiharjoitus<\/h4>\r\n                        <p>Harjoittele korean kielioppia.<\/p>\r\n                    <\/div>\r\n                <\/div>\r\n            <\/div>\r\n        <\/a>\r\n\r\n        \r\n        <a href=\"https:\/\/talkpal.ai\/vocabulary_language\/korean\/\">\r\n            <div class=\"learnNavigationWrapper\">\r\n                <div class=\"learnNavigationContent\">\r\n                    <img decoding=\"async\" src=\"https:\/\/talkpal.ai\/wp-content\/uploads\/2024\/08\/Korean.jpg\" alt=\"Korean Flag\">\r\n                    <div>\r\n                        <h4>Korean sanasto<\/h4>\r\n                        <p>Laajenna korealaista sanavarastoasi.<\/p>\r\n                    <\/div>\r\n                <\/div>\r\n            <\/div>\r\n        <\/a>\r\n\r\n            <\/section>","protected":false},"excerpt":{"rendered":"<p>Demystifying Korean kielioppi: Aloittelijan opas Korean kielen oppiminen voi avata sinulle monia mahdollisuuksia, olipa kyse sitten korealaisen keitti\u00f6n tutkimisesta, uusimpien K-draamojen katsomisesta tai ty\u00f6skentelyst\u00e4 yhdess\u00e4 Etel\u00e4-Korean monista innovatiivisista yrityksist\u00e4. T\u00e4h\u00e4n kiehtovaan kieleen sukeltavana ei-\u00e4idinkielen\u00e4\u00e4n puhuvana yksi haastavimmista n\u00e4k\u00f6kohdista voi olla sen kieliopin hallitseminen. Korean kielioppi saattaa vaikuttaa monimutkaiselta ensi silm\u00e4yksell\u00e4, mutta sill\u00e4 on logiikka ja [&hellip;]<\/p>\n","protected":false},"author":1,"featured_media":11606,"parent":0,"menu_order":0,"comment_status":"closed","ping_status":"closed","template":"LearningContentPage.php","meta":{"_acf_changed":false,"footnotes":""},"class_list":["post-130419","page","type-page","status-publish","has-post-thumbnail","hentry"],"acf":[],"yoast_head":"<!-- This site is optimized with the Yoast SEO Premium plugin v27.2 (Yoast SEO v27.2) - https:\/\/yoast.com\/product\/yoast-seo-premium-wordpress\/ -->\n<title>Korean kielioppi - Talkpal<\/title>\n<meta name=\"description\" content=\"Opettele korean kielioppi itsevarmasti - vahvista lauserakennetta, selkiyt\u00e4 s\u00e4\u00e4nt\u00f6j\u00e4 ja paranna sujuvuutta helposti.\" \/>\n<meta name=\"robots\" content=\"index, follow, max-snippet:-1, max-image-preview:large, max-video-preview:-1\" \/>\n<link rel=\"canonical\" href=\"https:\/\/talkpal.ai\/fi\/korean-kielioppi\/\" \/>\n<meta property=\"og:locale\" content=\"fi_FI\" \/>\n<meta property=\"og:type\" content=\"article\" \/>\n<meta property=\"og:title\" content=\"Korean kielioppi\" \/>\n<meta property=\"og:description\" content=\"Demystifying Korean kielioppi: Aloittelijan opas Korean kielen oppiminen voi avata sinulle monia mahdollisuuksia, olipa kyse sitten korealaisen keitti\u00f6n\" \/>\n<meta property=\"og:url\" content=\"https:\/\/talkpal.ai\/fi\/korean-kielioppi\/\" \/>\n<meta property=\"og:site_name\" content=\"Talkpal\" \/>\n<meta property=\"article:publisher\" content=\"https:\/\/www.facebook.com\/profile.php?id=100090733639311\" \/>\n<meta property=\"article:modified_time\" content=\"2025-12-11T16:29:42+00:00\" \/>\n<meta property=\"og:image\" content=\"https:\/\/talkpal.ai\/wp-content\/uploads\/2023\/04\/south-korea.png\" \/>\n\t<meta property=\"og:image:width\" content=\"512\" \/>\n\t<meta property=\"og:image:height\" content=\"512\" \/>\n\t<meta property=\"og:image:type\" content=\"image\/png\" \/>\n<meta name=\"twitter:card\" content=\"summary_large_image\" \/>\n<meta name=\"twitter:site\" content=\"@talkpalai\" \/>\n<meta name=\"twitter:label1\" content=\"Arvioitu lukuaika\" \/>\n\t<meta name=\"twitter:data1\" content=\"3 minuuttia\" \/>\n<script type=\"application\/ld+json\" class=\"yoast-schema-graph\">{\"@context\":\"https:\/\/schema.org\",\"@graph\":[{\"@type\":\"WebPage\",\"@id\":\"https:\/\/talkpal.ai\/fi\/korean-kielioppi\/\",\"url\":\"https:\/\/talkpal.ai\/fi\/korean-kielioppi\/\",\"name\":\"Korean kielioppi - Talkpal\",\"isPartOf\":{\"@id\":\"https:\/\/talkpal.ai\/fi\/#website\"},\"primaryImageOfPage\":{\"@id\":\"https:\/\/talkpal.ai\/fi\/korean-kielioppi\/#primaryimage\"},\"image\":{\"@id\":\"https:\/\/talkpal.ai\/fi\/korean-kielioppi\/#primaryimage\"},\"thumbnailUrl\":\"https:\/\/talkpal.ai\/wp-content\/uploads\/2023\/04\/south-korea.png\",\"datePublished\":\"2023-05-14T13:52:27+00:00\",\"dateModified\":\"2025-12-11T16:29:42+00:00\",\"description\":\"Opettele korean kielioppi itsevarmasti - vahvista lauserakennetta, selkiyt\u00e4 s\u00e4\u00e4nt\u00f6j\u00e4 ja paranna sujuvuutta helposti.\",\"breadcrumb\":{\"@id\":\"https:\/\/talkpal.ai\/fi\/korean-kielioppi\/#breadcrumb\"},\"inLanguage\":\"fi\",\"potentialAction\":[{\"@type\":\"ReadAction\",\"target\":[\"https:\/\/talkpal.ai\/fi\/korean-kielioppi\/\"]}]},{\"@type\":\"ImageObject\",\"inLanguage\":\"fi\",\"@id\":\"https:\/\/talkpal.ai\/fi\/korean-kielioppi\/#primaryimage\",\"url\":\"https:\/\/talkpal.ai\/wp-content\/uploads\/2023\/04\/south-korea.png\",\"contentUrl\":\"https:\/\/talkpal.ai\/wp-content\/uploads\/2023\/04\/south-korea.png\",\"width\":512,\"height\":512},{\"@type\":\"BreadcrumbList\",\"@id\":\"https:\/\/talkpal.ai\/fi\/korean-kielioppi\/#breadcrumb\",\"itemListElement\":[{\"@type\":\"ListItem\",\"position\":1,\"name\":\"Homepage\",\"item\":\"https:\/\/talkpal.ai\/fi\/\"},{\"@type\":\"ListItem\",\"position\":2,\"name\":\"Korean kielioppi\"}]},{\"@type\":\"WebSite\",\"@id\":\"https:\/\/talkpal.ai\/fi\/#website\",\"url\":\"https:\/\/talkpal.ai\/fi\/\",\"name\":\"Talkpal\",\"description\":\"AI Language Learning\",\"publisher\":{\"@id\":\"https:\/\/talkpal.ai\/fi\/#organization\"},\"alternateName\":\"Talkpal AI\",\"potentialAction\":[{\"@type\":\"SearchAction\",\"target\":{\"@type\":\"EntryPoint\",\"urlTemplate\":\"https:\/\/talkpal.ai\/fi\/?s={search_term_string}\"},\"query-input\":{\"@type\":\"PropertyValueSpecification\",\"valueRequired\":true,\"valueName\":\"search_term_string\"}}],\"inLanguage\":\"fi\"},{\"@type\":\"Organization\",\"@id\":\"https:\/\/talkpal.ai\/fi\/#organization\",\"name\":\"Talkpal, Inc.\",\"alternateName\":\"Talkpal AI\",\"url\":\"https:\/\/talkpal.ai\/fi\/\",\"logo\":{\"@type\":\"ImageObject\",\"inLanguage\":\"fi\",\"@id\":\"https:\/\/talkpal.ai\/fi\/#\/schema\/logo\/image\/\",\"url\":\"https:\/\/talkpal.ai\/wp-content\/uploads\/2024\/03\/Talkpal-Logo-Icon.png\",\"contentUrl\":\"https:\/\/talkpal.ai\/wp-content\/uploads\/2024\/03\/Talkpal-Logo-Icon.png\",\"width\":2880,\"height\":2880,\"caption\":\"Talkpal, Inc.\"},\"image\":{\"@id\":\"https:\/\/talkpal.ai\/fi\/#\/schema\/logo\/image\/\"},\"sameAs\":[\"https:\/\/www.facebook.com\/profile.php?id=100090733639311\",\"https:\/\/x.com\/talkpalai\",\"https:\/\/www.linkedin.com\/company\/talkpal\/\",\"https:\/\/www.youtube.com\/@TalkPal\/\",\"https:\/\/www.tiktok.com\/@talkpal\",\"https:\/\/www.instagram.com\/talkpal_ai\/\",\"https:\/\/www.crunchbase.com\/organization\/talkpal-9cde\",\"https:\/\/www.g2.com\/products\/talkpal-for-business\/\",\"https:\/\/www.trustpilot.com\/review\/talkpal.ai\",\"https:\/\/www.capterra.com\/p\/10006800\/TalkPal\/\"],\"description\":\"Talkpal is a language learning web and mobile education app, powered by the latest AI technologies, that provides engaging experiences to its customers in many different languages to help them improve their language skills. Users can chat about unlimited amount of topics with the app and use other modes to practice their language learning.\",\"email\":\"support@talkpal.ai\",\"legalName\":\"Talkpal, Inc.\",\"foundingDate\":\"2023-04-03\",\"duns\":\"118989042\",\"numberOfEmployees\":{\"@type\":\"QuantitativeValue\",\"minValue\":\"11\",\"maxValue\":\"50\"},\"publishingPrinciples\":\"https:\/\/talkpal.ai\/publishing-principles\/\",\"actionableFeedbackPolicy\":\"https:\/\/talkpal.ai\/actionable-feedback-policy\/\",\"correctionsPolicy\":\"https:\/\/talkpal.ai\/corrections-policy\/\",\"ethicsPolicy\":\"https:\/\/talkpal.ai\/ethics-policy\/\",\"diversityPolicy\":\"https:\/\/talkpal.ai\/diversity-policy\/\",\"diversityStaffingReport\":\"https:\/\/talkpal.ai\/diversity-policy\/\"}]}<\/script>\n<!-- \/ Yoast SEO Premium plugin. -->","yoast_head_json":{"title":"Korean kielioppi - Talkpal","description":"Opettele korean kielioppi itsevarmasti - vahvista lauserakennetta, selkiyt\u00e4 s\u00e4\u00e4nt\u00f6j\u00e4 ja paranna sujuvuutta helposti.","robots":{"index":"index","follow":"follow","max-snippet":"max-snippet:-1","max-image-preview":"max-image-preview:large","max-video-preview":"max-video-preview:-1"},"canonical":"https:\/\/talkpal.ai\/fi\/korean-kielioppi\/","og_locale":"fi_FI","og_type":"article","og_title":"Korean kielioppi","og_description":"Demystifying Korean kielioppi: Aloittelijan opas Korean kielen oppiminen voi avata sinulle monia mahdollisuuksia, olipa kyse sitten korealaisen keitti\u00f6n","og_url":"https:\/\/talkpal.ai\/fi\/korean-kielioppi\/","og_site_name":"Talkpal","article_publisher":"https:\/\/www.facebook.com\/profile.php?id=100090733639311","article_modified_time":"2025-12-11T16:29:42+00:00","og_image":[{"width":512,"height":512,"url":"https:\/\/talkpal.ai\/wp-content\/uploads\/2023\/04\/south-korea.png","type":"image\/png"}],"twitter_card":"summary_large_image","twitter_site":"@talkpalai","twitter_misc":{"Arvioitu lukuaika":"3 minuuttia"},"schema":{"@context":"https:\/\/schema.org","@graph":[{"@type":"WebPage","@id":"https:\/\/talkpal.ai\/fi\/korean-kielioppi\/","url":"https:\/\/talkpal.ai\/fi\/korean-kielioppi\/","name":"Korean kielioppi - Talkpal","isPartOf":{"@id":"https:\/\/talkpal.ai\/fi\/#website"},"primaryImageOfPage":{"@id":"https:\/\/talkpal.ai\/fi\/korean-kielioppi\/#primaryimage"},"image":{"@id":"https:\/\/talkpal.ai\/fi\/korean-kielioppi\/#primaryimage"},"thumbnailUrl":"https:\/\/talkpal.ai\/wp-content\/uploads\/2023\/04\/south-korea.png","datePublished":"2023-05-14T13:52:27+00:00","dateModified":"2025-12-11T16:29:42+00:00","description":"Opettele korean kielioppi itsevarmasti - vahvista lauserakennetta, selkiyt\u00e4 s\u00e4\u00e4nt\u00f6j\u00e4 ja paranna sujuvuutta helposti.","breadcrumb":{"@id":"https:\/\/talkpal.ai\/fi\/korean-kielioppi\/#breadcrumb"},"inLanguage":"fi","potentialAction":[{"@type":"ReadAction","target":["https:\/\/talkpal.ai\/fi\/korean-kielioppi\/"]}]},{"@type":"ImageObject","inLanguage":"fi","@id":"https:\/\/talkpal.ai\/fi\/korean-kielioppi\/#primaryimage","url":"https:\/\/talkpal.ai\/wp-content\/uploads\/2023\/04\/south-korea.png","contentUrl":"https:\/\/talkpal.ai\/wp-content\/uploads\/2023\/04\/south-korea.png","width":512,"height":512},{"@type":"BreadcrumbList","@id":"https:\/\/talkpal.ai\/fi\/korean-kielioppi\/#breadcrumb","itemListElement":[{"@type":"ListItem","position":1,"name":"Homepage","item":"https:\/\/talkpal.ai\/fi\/"},{"@type":"ListItem","position":2,"name":"Korean kielioppi"}]},{"@type":"WebSite","@id":"https:\/\/talkpal.ai\/fi\/#website","url":"https:\/\/talkpal.ai\/fi\/","name":"Talkpal","description":"AI Language Learning","publisher":{"@id":"https:\/\/talkpal.ai\/fi\/#organization"},"alternateName":"Talkpal AI","potentialAction":[{"@type":"SearchAction","target":{"@type":"EntryPoint","urlTemplate":"https:\/\/talkpal.ai\/fi\/?s={search_term_string}"},"query-input":{"@type":"PropertyValueSpecification","valueRequired":true,"valueName":"search_term_string"}}],"inLanguage":"fi"},{"@type":"Organization","@id":"https:\/\/talkpal.ai\/fi\/#organization","name":"Talkpal, Inc.","alternateName":"Talkpal AI","url":"https:\/\/talkpal.ai\/fi\/","logo":{"@type":"ImageObject","inLanguage":"fi","@id":"https:\/\/talkpal.ai\/fi\/#\/schema\/logo\/image\/","url":"https:\/\/talkpal.ai\/wp-content\/uploads\/2024\/03\/Talkpal-Logo-Icon.png","contentUrl":"https:\/\/talkpal.ai\/wp-content\/uploads\/2024\/03\/Talkpal-Logo-Icon.png","width":2880,"height":2880,"caption":"Talkpal, Inc."},"image":{"@id":"https:\/\/talkpal.ai\/fi\/#\/schema\/logo\/image\/"},"sameAs":["https:\/\/www.facebook.com\/profile.php?id=100090733639311","https:\/\/x.com\/talkpalai","https:\/\/www.linkedin.com\/company\/talkpal\/","https:\/\/www.youtube.com\/@TalkPal\/","https:\/\/www.tiktok.com\/@talkpal","https:\/\/www.instagram.com\/talkpal_ai\/","https:\/\/www.crunchbase.com\/organization\/talkpal-9cde","https:\/\/www.g2.com\/products\/talkpal-for-business\/","https:\/\/www.trustpilot.com\/review\/talkpal.ai","https:\/\/www.capterra.com\/p\/10006800\/TalkPal\/"],"description":"Talkpal is a language learning web and mobile education app, powered by the latest AI technologies, that provides engaging experiences to its customers in many different languages to help them improve their language skills. Users can chat about unlimited amount of topics with the app and use other modes to practice their language learning.","email":"support@talkpal.ai","legalName":"Talkpal, Inc.","foundingDate":"2023-04-03","duns":"118989042","numberOfEmployees":{"@type":"QuantitativeValue","minValue":"11","maxValue":"50"},"publishingPrinciples":"https:\/\/talkpal.ai\/publishing-principles\/","actionableFeedbackPolicy":"https:\/\/talkpal.ai\/actionable-feedback-policy\/","correctionsPolicy":"https:\/\/talkpal.ai\/corrections-policy\/","ethicsPolicy":"https:\/\/talkpal.ai\/ethics-policy\/","diversityPolicy":"https:\/\/talkpal.ai\/diversity-policy\/","diversityStaffingReport":"https:\/\/talkpal.ai\/diversity-policy\/"}]}},"_links":{"self":[{"href":"https:\/\/talkpal.ai\/fi\/wp-json\/wp\/v2\/pages\/130419","targetHints":{"allow":["GET"]}}],"collection":[{"href":"https:\/\/talkpal.ai\/fi\/wp-json\/wp\/v2\/pages"}],"about":[{"href":"https:\/\/talkpal.ai\/fi\/wp-json\/wp\/v2\/types\/page"}],"author":[{"embeddable":true,"href":"https:\/\/talkpal.ai\/fi\/wp-json\/wp\/v2\/users\/1"}],"replies":[{"embeddable":true,"href":"https:\/\/talkpal.ai\/fi\/wp-json\/wp\/v2\/comments?post=130419"}],"version-history":[{"count":0,"href":"https:\/\/talkpal.ai\/fi\/wp-json\/wp\/v2\/pages\/130419\/revisions"}],"wp:featuredmedia":[{"embeddable":true,"href":"https:\/\/talkpal.ai\/fi\/wp-json\/wp\/v2\/media\/11606"}],"wp:attachment":[{"href":"https:\/\/talkpal.ai\/fi\/wp-json\/wp\/v2\/media?parent=130419"}],"curies":[{"name":"wp","href":"https:\/\/api.w.org\/{rel}","templated":true}]}}