{"id":130039,"date":"2023-05-14T13:51:46","date_gmt":"2023-05-14T13:51:46","guid":{"rendered":"http:\/\/talkpal.ai\/portugalin-kielioppi\/"},"modified":"2025-12-11T16:48:07","modified_gmt":"2025-12-11T16:48:07","slug":"portugalin-kielioppi","status":"publish","type":"page","link":"https:\/\/talkpal.ai\/fi\/portugalin-kielioppi\/","title":{"rendered":"Portugalin kielioppi"},"content":{"rendered":"\r\n\r\n\r\n<section class=\"languageChallengeSection\">\r\n    <div class=\"languageInfoWrapper\">\r\n        \r\n        <h1>Portugalin kielioppi<\/h1>\r\n        <p>Tutustu portugalin kieliopin perusasioihin ja avaa maailma t\u00e4ynn\u00e4 mahdollisuuksia luoda yhteyksi\u00e4 miljooniin puhujiin ymp\u00e4ri maailmaa. Kun hallitset sen keskeiset s\u00e4\u00e4nn\u00f6t ja rakenteet, voit kommunikoida itsevarmasti ja nauttia portugalilaisesta kulttuurista t\u00e4ysin rinnoin. Aloita portugalin kieliopin opiskelu jo t\u00e4n\u00e4\u00e4n ja ota ensimm\u00e4inen askel kohti sujuvuutta!<\/p>\r\n\r\n                            <a class=\"getStartedHidden\" href=\"https:\/\/app.talkpal.ai\/fi\/signup?lng=\">Aloita<\/a>\r\n        \r\n    <\/div>\r\n\r\n    <figure>\r\n    <img decoding=\"async\" width=\"768\" height=\"768\" src=\"https:\/\/talkpal.ai\/wp-content\/uploads\/2023\/06\/portuguese-768x768.png\" class=\"languageImage no-lazy\" alt=\"Default alt text\" fetchpriority=\"high\" sizes=\"(max-width: 768px) 150px, 768px\" srcset=\"https:\/\/talkpal.ai\/wp-content\/uploads\/2023\/06\/portuguese-768x768.png 768w, https:\/\/talkpal.ai\/wp-content\/uploads\/2023\/06\/portuguese-300x300.png 300w\" \/>\r\n    \r\n\r\n    <\/figure>\r\n\r\n            <a class=\"getStartedVisible\" href=\"https:\/\/app.talkpal.ai\/fi\/signup?lng=\">Aloita<\/a>\r\n    \r\n<\/section>\r\n        <section class=\"grammarSection\">\r\n            <div class=\"grammarLinks\">\r\n                <a href=\"https:\/\/talkpal.ai\/fi\/language\/adjektiivit-portugalin-kielioppi\/\">Adjektiivit <\/a><a href=\"https:\/\/talkpal.ai\/fi\/language\/adverbit-portugalin-kielioppi\/\">Adverbit <\/a><a href=\"https:\/\/talkpal.ai\/fi\/language\/aikamuodot-konjunktiivi-portugalin-kielioppi\/\">Aikamuodot Konjunktiivi <\/a><a href=\"https:\/\/talkpal.ai\/fi\/language\/aikamuotojen-vertailu-portugalin-kielioppi\/\">Aikamuotojen vertailu <\/a><a href=\"https:\/\/talkpal.ai\/fi\/language\/artikkelit-portugalin-kielioppi\/\">Artikkelit <\/a><a href=\"https:\/\/talkpal.ai\/fi\/language\/indikatiiviset-aikamuodot-portugalin-kielioppi\/\">Indikatiiviset aikamuodot <\/a><a href=\"https:\/\/talkpal.ai\/fi\/language\/lauserakenne-portugalin-kielioppi\/\">Lauserakenne <\/a><a href=\"https:\/\/talkpal.ai\/fi\/language\/prepositiot-portugalin-kielioppi\/\">Prepositiot <\/a><a href=\"https:\/\/talkpal.ai\/fi\/language\/pronominit-portugalin-kielioppi\/\">Pronominit <\/a><a href=\"https:\/\/talkpal.ai\/fi\/language\/substantiivit-portugalin-kielioppi\/\">Substantiivit <\/a><a href=\"https:\/\/talkpal.ai\/fi\/language\/verbit-portugalin-kielioppi\/\">Verbit <\/a>            <\/div>\r\n        <\/section>\r\n    <section class=\"promotionalBanner\">\r\n    <p class=\"promotionalText\">Tehokkain tapa oppia kielt\u00e4<\/p>\r\n    <a class=\"promotionalLink\" href=\"https:\/\/app.talkpal.ai\/fi\/signup?lng=\">Kokeile Talkpal ilmaiseksi<\/a>\r\n<\/section>\n<div class=\"wp-block-group pageContainerStyle\"><div class=\"wp-block-group__inner-container is-layout-constrained wp-block-group-is-layout-constrained\">\n<h2 class=\"wp-block-heading\" id=\"h-a-beginner-s-guide-to-understanding-portuguese-grammar\">Aloittelijan opas portugalin kieliopin ymm\u00e4rt\u00e4miseen<\/h2>\n\n\n\n<p>Olitpa sitten suunnittelemassa matkaa Portugaliin <a href=\"https:\/\/talkpal.ai\/learn-thai\/\">tai<\/a> vain kiinnostunut uuden kielen oppimisesta, <a href=\"https:\/\/talkpal.ai\/fi\/portugalin-kielen-kurssit\/\">portugalin kielen<\/a> oppiminen voi olla j\u00e4nnitt\u00e4v\u00e4 ja palkitseva kokemus. Yksi olennainen osa portugalin kielen oppimista, kuten kaikki muutkin, on sen kieliopin ymm\u00e4rt\u00e4minen. T\u00e4m\u00e4 artikkeli opastaa sinut portugalin kieliopin perusteiden l\u00e4pi ja tarjoaa sinulle t\u00e4rkeit\u00e4 vinkkej\u00e4 ja oivalluksia, joiden avulla voit navigoida ja kommunikoida vaivattomasti. Jos siis olet odottanut p\u00e4\u00e4sev\u00e4si sukeltamaan portugalin maailmaan, niin anna meid\u00e4n <a href=\"https:\/\/talkpal.ai\/ko\/ai-%ec%96%b8%ec%96%b4-%ea%b5%90%ec%82%ac\/\">aloittaa<\/a>!<\/p>\n\n\n\n<h3 class=\"wp-block-heading\" id=\"h-1-the-basics-nouns-pronouns-and-articles\">1. Perusasiat: substantiivit, pronominit ja artikkelit<\/h3>\n\n\n\n<p>Kuten englannissa, <a href=\"https:\/\/talkpal.ai\/portuguese-grammar\/\">portugalin kielioppi<\/a> rakentuu substantiivien, pronominien ja artikkeleiden ymp\u00e4rille. Portugalin substantiivit voivat olla maskuliinisia tai feminiinisi\u00e4, ja sukupuolen m\u00e4\u00e4ritt\u00e4minen on t\u00e4rke\u00e4\u00e4, jotta lauseet voidaan muodostaa oikein. Esimerkiksi &#8221;o menino&#8221; tarkoittaa &#8221;poikaa&#8221;, kun taas &#8221;a menina&#8221; tarkoittaa &#8221;tytt\u00f6\u00e4&#8221;.<\/p>\n\n\n\n<p>Portugalin pronominit, kuten <a href=\"https:\/\/talkpal.ai\/learn-english-with-ai\/\">englanti<\/a>, toimivat substantiivien korvikkeina. Heill\u00e4kin on sukupuolia. Persoonapronomineja ovat eu (I), voc\u00ea\/tu (sin\u00e4), ele\/ela (he\/she), n\u00f3s (me) ja eles\/elas (he).<\/p>\n\n\n\n<p>M\u00e4\u00e4r\u00e4iset artikkelit (the) ja <a href=\"https:\/\/talkpal.ai\/fi\/grammar\/epamaaraiset-artikkelit-ruotsin-kielioppissa\/\">ep\u00e4m\u00e4\u00e4r\u00e4iset artikkelit<\/a> (a\/an) ovat my\u00f6s sukupuolisidonnaisia ja v\u00e4ltt\u00e4m\u00e4tt\u00f6mi\u00e4 oikean lauserakenteen kannalta. Portugalin kieless\u00e4 m\u00e4\u00e4r\u00e4iset artikkelit ovat &#8221;o&#8221; (maskuliininen) ja &#8221;a&#8221; (feminiininen), ja ep\u00e4m\u00e4\u00e4r\u00e4iset artikkelit ovat &#8221;um&#8221; (maskuliininen) ja &#8221;uma&#8221; (feminiininen).<\/p>\n\n\n\n<h3 class=\"wp-block-heading\" id=\"h-2-adjectives-and-adverbs-add-spice-to-your-sentences\">2. Adjektiivit ja adverbit: Lis\u00e4\u00e4 maustetta lauseisiisi<\/h3>\n\n\n\n<p>Adjektiivit ovat sanoja, jotka kuvaavat tai muokkaavat substantiiveja, ja substantiivien tavoin niill\u00e4 on sukupuoli. Yleens\u00e4 o-p\u00e4\u00e4tteiset adjektiivit ovat maskuliinisia ja a-p\u00e4\u00e4tteiset feminiinisi\u00e4. On t\u00e4rke\u00e4\u00e4, ett\u00e4 adjektiivin sukupuoli vastaa sen kuvaamaa substantiivia. Esimerkiksi &#8221;homem alto&#8221; tarkoittaa &#8221;pitk\u00e4\u00e4 miest\u00e4&#8221;, kun taas &#8221;mulher alta&#8221; tarkoittaa &#8221;pitk\u00e4\u00e4 naista&#8221;.<\/p>\n\n\n\n<p><a href=\"https:\/\/talkpal.ai\/fi\/grammar\/paikan-tsekin-kielioppi-adverbit\/\">Adverbit<\/a> puolestaan muokkaavat verbej\u00e4, adjektiiveja tai muita adverbeja. Portugalin kieless\u00e4 adverbeill\u00e4 ei yleens\u00e4 ole sukupuolisidonnaisia muotoja. Yleisi\u00e4 adverbej\u00e4 ovat esimerkiksi &#8221;rapidamente&#8221; (nopeasti), &#8221;lentamente&#8221; (hitaasti) ja &#8221;sempre&#8221; (aina).<\/p>\n\n\n\n<h3 class=\"wp-block-heading\" id=\"h-3-verbs-the-action-words\">3. Verbit: toimintasanat<\/h3>\n\n\n\n<p>Portugalin verbit luokitellaan kolmeen taivutusryhm\u00e4\u00e4n (-ar, -er, -ir), ja niiden muodot muuttuvat ajan ja aiheen mukaan. N\u00e4m\u00e4 ovat joitakin keskeisi\u00e4 aikamuotoja, jotka sinun on tiedett\u00e4v\u00e4:<\/p>\n\n\n\n<p>&#8211; Nykyinen aika (Presente): Kuvailee nyt tapahtuvia toimia tai tavanomaisia toimia.<br\/>&#8211; Mennyt aika (Pret\u00e9rito): Kuvataan menneisyydess\u00e4 tapahtuneita tekoja. On olemassa kahta tyyppi\u00e4: Pret\u00e9rito Perfeito (yksinkertainen menneisyys) ja Pret\u00e9rito Imperfeito (menneisyys jatkuva).<br\/>&#8211; Tulevaisuuden aikamuoto (Futuro): Aikamuoto: Kuvaa toimia, jotka tapahtuvat tulevaisuudessa.<\/p>\n\n\n\n<p>Verbitaivutuksen hallitseminen voi olla haaste portugaliksi, mutta harjoittelu ja johdonmukaisuus auttavat sinua ymm\u00e4rt\u00e4m\u00e4\u00e4n sen tehokkaammin.<\/p>\n\n\n\n<h3 class=\"wp-block-heading\" id=\"h-4-word-order-building-understandable-sentences\">4. Sanaj\u00e4rjestys: ymm\u00e4rrett\u00e4vien lauseiden rakentaminen<\/h3>\n\n\n\n<p>Tyypillinen portugalinkielinen lauserakenne noudattaa subjekti-verbiobjekti (SVO) -j\u00e4rjestyst\u00e4. Esimerkiksi lause &#8221;Eu amo pizza&#8221; (&#8221;Rakastan pizzaa&#8221;) noudattaa t\u00e4t\u00e4 kaavaa. Portugalin kielioppi voi kuitenkin olla melko joustavaa, ja saatat kohdata vaihteluita sanaj\u00e4rjestyksess\u00e4, erityisesti kirjallisuudessa tai ep\u00e4virallisissa keskusteluissa. Konteksti ja terve j\u00e4rki ovat ratkaisevan t\u00e4rkeit\u00e4 n\u00e4iden vaihteluiden ymm\u00e4rt\u00e4misess\u00e4.<\/p>\n\n\n\n<h3 class=\"wp-block-heading\" id=\"h-5-negation-and-interrogation-say-no-and-ask-questions\">5. Negaatio ja kuulustelu: sano ei ja kysy kysymyksi\u00e4<\/h3>\n\n\n\n<p>Jos haluat kielt\u00e4\u00e4 lauseen portugaliksi, laitat yksinkertaisesti sanan &#8221;n\u00e3o&#8221; verbin eteen. Esimerkiksi &#8221;Eu n\u00e3o falo portugu\u00eas&#8221; tarkoittaa &#8221;En puhu portugalia&#8221;.<\/p>\n\n\n\n<p>Jos haluat muuttaa v\u00e4itteen kysymykseksi portugaliksi, voit joko muuttaa sanaj\u00e4rjestyst\u00e4 tai k\u00e4ytt\u00e4\u00e4 kysyv\u00e4\u00e4 sanaa (kuten &#8221;quem&#8221; sanalle &#8221;kuka&#8221;, &#8221;o que&#8221; sanalle &#8221;mit\u00e4&#8221; tai &#8221;onde&#8221; sanalle &#8221;miss\u00e4&#8221;). Esimerkiksi &#8221;Voc\u00ea fala ingl\u00eas?&#8221; tarkoittaa &#8221;Puhutko englantia?&#8221;.<\/p>\n\n\n\n<h3 class=\"wp-block-heading\" id=\"h-conclusion\">P\u00e4\u00e4telm\u00e4<\/h3>\n\n\n\n<p>Portugalin kieliopin oppiminen voi tuntua pelottavalta, mutta \u00e4l\u00e4 lannistu! Jokaisessa kieless\u00e4 on omat mutkikkuutensa, mutta johdonmukaisuudella, harjoittelulla ja k\u00e4rsiv\u00e4llisyydell\u00e4 kommunikointi sujuu varmasti ja tehokkaasti. Muista, ett\u00e4 kieliopin oppiminen on vain yksi osa kielen oppimista, ja sinun tulisi my\u00f6s harjoitella kuuntelua, puhumista ja lukemista portugaliksi. Boa lajitella! (Onnea!)<\/p>\n<\/div><\/div>\n\r\n<section class=\"learnNavigationSection\">\r\n            \r\n        <a href=\"https:\/\/talkpal.ai\/fi\/opi-portugalia\/\">\r\n            <div class=\"learnNavigationWrapper\">\r\n                <div class=\"learnNavigationContent\">\r\n                    <img decoding=\"async\" src=\"https:\/\/talkpal.ai\/wp-content\/uploads\/2024\/08\/Portuguese.jpg\" alt=\"Portuguese Flag\">\r\n                    <div>\r\n                        <h4>Tietoja Portugalin oppimisesta<\/h4>\r\n                        <p>Tutustu Portugalin kielioppiin.<\/p>\r\n                    <\/div>\r\n                <\/div>\r\n            <\/div>\r\n        <\/a>\r\n\r\n        \r\n        <a href=\"https:\/\/talkpal.ai\/fi\/portugalin-kielioppiharjoitukset\/\">\r\n            <div class=\"learnNavigationWrapper\">\r\n                <div class=\"learnNavigationContent\">\r\n                    <img decoding=\"async\" src=\"https:\/\/talkpal.ai\/wp-content\/uploads\/2024\/08\/Portuguese.jpg\" alt=\"Portuguese Flag\">\r\n                    <div>\r\n                        <h4>Portugalin kielioppiharjoitus<\/h4>\r\n                        <p>Harjoittele portugalin kielioppia.<\/p>\r\n                    <\/div>\r\n                <\/div>\r\n            <\/div>\r\n        <\/a>\r\n\r\n        \r\n        <a href=\"https:\/\/talkpal.ai\/vocabulary_language\/portuguese\/\">\r\n            <div class=\"learnNavigationWrapper\">\r\n                <div class=\"learnNavigationContent\">\r\n                    <img decoding=\"async\" src=\"https:\/\/talkpal.ai\/wp-content\/uploads\/2024\/08\/Portuguese.jpg\" alt=\"Portuguese Flag\">\r\n                    <div>\r\n                        <h4>Portugalin sanasto<\/h4>\r\n                        <p>Laajenna portugalin kielen sanavarastoasi.<\/p>\r\n                    <\/div>\r\n                <\/div>\r\n            <\/div>\r\n        <\/a>\r\n\r\n            <\/section>","protected":false},"excerpt":{"rendered":"<p>Aloittelijan opas portugalin kieliopin ymm\u00e4rt\u00e4miseen Olitpa sitten suunnittelemassa matkaa Portugaliin tai vain kiinnostunut uuden kielen oppimisesta, portugalin kielen oppiminen voi olla j\u00e4nnitt\u00e4v\u00e4 ja palkitseva kokemus. Yksi olennainen osa portugalin kielen oppimista, kuten kaikki muutkin, on sen kieliopin ymm\u00e4rt\u00e4minen. T\u00e4m\u00e4 artikkeli opastaa sinut portugalin kieliopin perusteiden l\u00e4pi ja tarjoaa sinulle t\u00e4rkeit\u00e4 vinkkej\u00e4 ja oivalluksia, joiden avulla [&hellip;]<\/p>\n","protected":false},"author":1,"featured_media":11592,"parent":0,"menu_order":0,"comment_status":"closed","ping_status":"closed","template":"LearningContentPage.php","meta":{"_acf_changed":false,"footnotes":""},"class_list":["post-130039","page","type-page","status-publish","has-post-thumbnail","hentry"],"acf":[],"yoast_head":"<!-- This site is optimized with the Yoast SEO Premium plugin v27.2 (Yoast SEO v27.2) - https:\/\/yoast.com\/product\/yoast-seo-premium-wordpress\/ -->\n<title>Portugalin kielioppi - Talkpal<\/title>\n<meta name=\"description\" content=\"Opettele portugalin kielioppia interaktiivisten harjoitusten avulla, jotka on suunniteltu kaikille taitotasoille. Paranna kielitaitoasi!\" \/>\n<meta name=\"robots\" content=\"index, follow, max-snippet:-1, max-image-preview:large, max-video-preview:-1\" \/>\n<link rel=\"canonical\" href=\"https:\/\/talkpal.ai\/fi\/portugalin-kielioppi\/\" \/>\n<meta property=\"og:locale\" content=\"fi_FI\" \/>\n<meta property=\"og:type\" content=\"article\" \/>\n<meta property=\"og:title\" content=\"Portugalin kielioppi\" \/>\n<meta property=\"og:description\" content=\"Aloittelijan opas portugalin kieliopin ymm\u00e4rt\u00e4miseen Olitpa sitten suunnittelemassa matkaa Portugaliin tai vain kiinnostunut uuden kielen oppimisesta,\" \/>\n<meta property=\"og:url\" content=\"https:\/\/talkpal.ai\/fi\/portugalin-kielioppi\/\" \/>\n<meta property=\"og:site_name\" content=\"Talkpal\" \/>\n<meta property=\"article:publisher\" content=\"https:\/\/www.facebook.com\/profile.php?id=100090733639311\" \/>\n<meta property=\"article:modified_time\" content=\"2025-12-11T16:48:07+00:00\" \/>\n<meta property=\"og:image\" content=\"https:\/\/talkpal.ai\/wp-content\/uploads\/2023\/04\/portugal.png\" \/>\n\t<meta property=\"og:image:width\" content=\"512\" \/>\n\t<meta property=\"og:image:height\" content=\"512\" \/>\n\t<meta property=\"og:image:type\" content=\"image\/png\" \/>\n<meta name=\"twitter:card\" content=\"summary_large_image\" \/>\n<meta name=\"twitter:site\" content=\"@talkpalai\" \/>\n<meta name=\"twitter:label1\" content=\"Arvioitu lukuaika\" \/>\n\t<meta name=\"twitter:data1\" content=\"3 minuuttia\" \/>\n<script type=\"application\/ld+json\" class=\"yoast-schema-graph\">{\"@context\":\"https:\/\/schema.org\",\"@graph\":[{\"@type\":\"WebPage\",\"@id\":\"https:\/\/talkpal.ai\/fi\/portugalin-kielioppi\/\",\"url\":\"https:\/\/talkpal.ai\/fi\/portugalin-kielioppi\/\",\"name\":\"Portugalin kielioppi - Talkpal\",\"isPartOf\":{\"@id\":\"https:\/\/talkpal.ai\/fi\/#website\"},\"primaryImageOfPage\":{\"@id\":\"https:\/\/talkpal.ai\/fi\/portugalin-kielioppi\/#primaryimage\"},\"image\":{\"@id\":\"https:\/\/talkpal.ai\/fi\/portugalin-kielioppi\/#primaryimage\"},\"thumbnailUrl\":\"https:\/\/talkpal.ai\/wp-content\/uploads\/2023\/04\/portugal.png\",\"datePublished\":\"2023-05-14T13:51:46+00:00\",\"dateModified\":\"2025-12-11T16:48:07+00:00\",\"description\":\"Opettele portugalin kielioppia interaktiivisten harjoitusten avulla, jotka on suunniteltu kaikille taitotasoille. Paranna kielitaitoasi!\",\"breadcrumb\":{\"@id\":\"https:\/\/talkpal.ai\/fi\/portugalin-kielioppi\/#breadcrumb\"},\"inLanguage\":\"fi\",\"potentialAction\":[{\"@type\":\"ReadAction\",\"target\":[\"https:\/\/talkpal.ai\/fi\/portugalin-kielioppi\/\"]}]},{\"@type\":\"ImageObject\",\"inLanguage\":\"fi\",\"@id\":\"https:\/\/talkpal.ai\/fi\/portugalin-kielioppi\/#primaryimage\",\"url\":\"https:\/\/talkpal.ai\/wp-content\/uploads\/2023\/04\/portugal.png\",\"contentUrl\":\"https:\/\/talkpal.ai\/wp-content\/uploads\/2023\/04\/portugal.png\",\"width\":512,\"height\":512},{\"@type\":\"BreadcrumbList\",\"@id\":\"https:\/\/talkpal.ai\/fi\/portugalin-kielioppi\/#breadcrumb\",\"itemListElement\":[{\"@type\":\"ListItem\",\"position\":1,\"name\":\"Homepage\",\"item\":\"https:\/\/talkpal.ai\/fi\/\"},{\"@type\":\"ListItem\",\"position\":2,\"name\":\"Portugalin kielioppi\"}]},{\"@type\":\"WebSite\",\"@id\":\"https:\/\/talkpal.ai\/fi\/#website\",\"url\":\"https:\/\/talkpal.ai\/fi\/\",\"name\":\"Talkpal\",\"description\":\"AI Language Learning\",\"publisher\":{\"@id\":\"https:\/\/talkpal.ai\/fi\/#organization\"},\"alternateName\":\"Talkpal AI\",\"potentialAction\":[{\"@type\":\"SearchAction\",\"target\":{\"@type\":\"EntryPoint\",\"urlTemplate\":\"https:\/\/talkpal.ai\/fi\/?s={search_term_string}\"},\"query-input\":{\"@type\":\"PropertyValueSpecification\",\"valueRequired\":true,\"valueName\":\"search_term_string\"}}],\"inLanguage\":\"fi\"},{\"@type\":\"Organization\",\"@id\":\"https:\/\/talkpal.ai\/fi\/#organization\",\"name\":\"Talkpal, Inc.\",\"alternateName\":\"Talkpal AI\",\"url\":\"https:\/\/talkpal.ai\/fi\/\",\"logo\":{\"@type\":\"ImageObject\",\"inLanguage\":\"fi\",\"@id\":\"https:\/\/talkpal.ai\/fi\/#\/schema\/logo\/image\/\",\"url\":\"https:\/\/talkpal.ai\/wp-content\/uploads\/2024\/03\/Talkpal-Logo-Icon.png\",\"contentUrl\":\"https:\/\/talkpal.ai\/wp-content\/uploads\/2024\/03\/Talkpal-Logo-Icon.png\",\"width\":2880,\"height\":2880,\"caption\":\"Talkpal, Inc.\"},\"image\":{\"@id\":\"https:\/\/talkpal.ai\/fi\/#\/schema\/logo\/image\/\"},\"sameAs\":[\"https:\/\/www.facebook.com\/profile.php?id=100090733639311\",\"https:\/\/x.com\/talkpalai\",\"https:\/\/www.linkedin.com\/company\/talkpal\/\",\"https:\/\/www.youtube.com\/@TalkPal\/\",\"https:\/\/www.tiktok.com\/@talkpal\",\"https:\/\/www.instagram.com\/talkpal_ai\/\",\"https:\/\/www.crunchbase.com\/organization\/talkpal-9cde\",\"https:\/\/www.g2.com\/products\/talkpal-for-business\/\",\"https:\/\/www.trustpilot.com\/review\/talkpal.ai\",\"https:\/\/www.capterra.com\/p\/10006800\/TalkPal\/\"],\"description\":\"Talkpal is a language learning web and mobile education app, powered by the latest AI technologies, that provides engaging experiences to its customers in many different languages to help them improve their language skills. Users can chat about unlimited amount of topics with the app and use other modes to practice their language learning.\",\"email\":\"support@talkpal.ai\",\"legalName\":\"Talkpal, Inc.\",\"foundingDate\":\"2023-04-03\",\"duns\":\"118989042\",\"numberOfEmployees\":{\"@type\":\"QuantitativeValue\",\"minValue\":\"11\",\"maxValue\":\"50\"},\"publishingPrinciples\":\"https:\/\/talkpal.ai\/publishing-principles\/\",\"actionableFeedbackPolicy\":\"https:\/\/talkpal.ai\/actionable-feedback-policy\/\",\"correctionsPolicy\":\"https:\/\/talkpal.ai\/corrections-policy\/\",\"ethicsPolicy\":\"https:\/\/talkpal.ai\/ethics-policy\/\",\"diversityPolicy\":\"https:\/\/talkpal.ai\/diversity-policy\/\",\"diversityStaffingReport\":\"https:\/\/talkpal.ai\/diversity-policy\/\"}]}<\/script>\n<!-- \/ Yoast SEO Premium plugin. -->","yoast_head_json":{"title":"Portugalin kielioppi - Talkpal","description":"Opettele portugalin kielioppia interaktiivisten harjoitusten avulla, jotka on suunniteltu kaikille taitotasoille. Paranna kielitaitoasi!","robots":{"index":"index","follow":"follow","max-snippet":"max-snippet:-1","max-image-preview":"max-image-preview:large","max-video-preview":"max-video-preview:-1"},"canonical":"https:\/\/talkpal.ai\/fi\/portugalin-kielioppi\/","og_locale":"fi_FI","og_type":"article","og_title":"Portugalin kielioppi","og_description":"Aloittelijan opas portugalin kieliopin ymm\u00e4rt\u00e4miseen Olitpa sitten suunnittelemassa matkaa Portugaliin tai vain kiinnostunut uuden kielen oppimisesta,","og_url":"https:\/\/talkpal.ai\/fi\/portugalin-kielioppi\/","og_site_name":"Talkpal","article_publisher":"https:\/\/www.facebook.com\/profile.php?id=100090733639311","article_modified_time":"2025-12-11T16:48:07+00:00","og_image":[{"width":512,"height":512,"url":"https:\/\/talkpal.ai\/wp-content\/uploads\/2023\/04\/portugal.png","type":"image\/png"}],"twitter_card":"summary_large_image","twitter_site":"@talkpalai","twitter_misc":{"Arvioitu lukuaika":"3 minuuttia"},"schema":{"@context":"https:\/\/schema.org","@graph":[{"@type":"WebPage","@id":"https:\/\/talkpal.ai\/fi\/portugalin-kielioppi\/","url":"https:\/\/talkpal.ai\/fi\/portugalin-kielioppi\/","name":"Portugalin kielioppi - Talkpal","isPartOf":{"@id":"https:\/\/talkpal.ai\/fi\/#website"},"primaryImageOfPage":{"@id":"https:\/\/talkpal.ai\/fi\/portugalin-kielioppi\/#primaryimage"},"image":{"@id":"https:\/\/talkpal.ai\/fi\/portugalin-kielioppi\/#primaryimage"},"thumbnailUrl":"https:\/\/talkpal.ai\/wp-content\/uploads\/2023\/04\/portugal.png","datePublished":"2023-05-14T13:51:46+00:00","dateModified":"2025-12-11T16:48:07+00:00","description":"Opettele portugalin kielioppia interaktiivisten harjoitusten avulla, jotka on suunniteltu kaikille taitotasoille. Paranna kielitaitoasi!","breadcrumb":{"@id":"https:\/\/talkpal.ai\/fi\/portugalin-kielioppi\/#breadcrumb"},"inLanguage":"fi","potentialAction":[{"@type":"ReadAction","target":["https:\/\/talkpal.ai\/fi\/portugalin-kielioppi\/"]}]},{"@type":"ImageObject","inLanguage":"fi","@id":"https:\/\/talkpal.ai\/fi\/portugalin-kielioppi\/#primaryimage","url":"https:\/\/talkpal.ai\/wp-content\/uploads\/2023\/04\/portugal.png","contentUrl":"https:\/\/talkpal.ai\/wp-content\/uploads\/2023\/04\/portugal.png","width":512,"height":512},{"@type":"BreadcrumbList","@id":"https:\/\/talkpal.ai\/fi\/portugalin-kielioppi\/#breadcrumb","itemListElement":[{"@type":"ListItem","position":1,"name":"Homepage","item":"https:\/\/talkpal.ai\/fi\/"},{"@type":"ListItem","position":2,"name":"Portugalin kielioppi"}]},{"@type":"WebSite","@id":"https:\/\/talkpal.ai\/fi\/#website","url":"https:\/\/talkpal.ai\/fi\/","name":"Talkpal","description":"AI Language Learning","publisher":{"@id":"https:\/\/talkpal.ai\/fi\/#organization"},"alternateName":"Talkpal AI","potentialAction":[{"@type":"SearchAction","target":{"@type":"EntryPoint","urlTemplate":"https:\/\/talkpal.ai\/fi\/?s={search_term_string}"},"query-input":{"@type":"PropertyValueSpecification","valueRequired":true,"valueName":"search_term_string"}}],"inLanguage":"fi"},{"@type":"Organization","@id":"https:\/\/talkpal.ai\/fi\/#organization","name":"Talkpal, Inc.","alternateName":"Talkpal AI","url":"https:\/\/talkpal.ai\/fi\/","logo":{"@type":"ImageObject","inLanguage":"fi","@id":"https:\/\/talkpal.ai\/fi\/#\/schema\/logo\/image\/","url":"https:\/\/talkpal.ai\/wp-content\/uploads\/2024\/03\/Talkpal-Logo-Icon.png","contentUrl":"https:\/\/talkpal.ai\/wp-content\/uploads\/2024\/03\/Talkpal-Logo-Icon.png","width":2880,"height":2880,"caption":"Talkpal, Inc."},"image":{"@id":"https:\/\/talkpal.ai\/fi\/#\/schema\/logo\/image\/"},"sameAs":["https:\/\/www.facebook.com\/profile.php?id=100090733639311","https:\/\/x.com\/talkpalai","https:\/\/www.linkedin.com\/company\/talkpal\/","https:\/\/www.youtube.com\/@TalkPal\/","https:\/\/www.tiktok.com\/@talkpal","https:\/\/www.instagram.com\/talkpal_ai\/","https:\/\/www.crunchbase.com\/organization\/talkpal-9cde","https:\/\/www.g2.com\/products\/talkpal-for-business\/","https:\/\/www.trustpilot.com\/review\/talkpal.ai","https:\/\/www.capterra.com\/p\/10006800\/TalkPal\/"],"description":"Talkpal is a language learning web and mobile education app, powered by the latest AI technologies, that provides engaging experiences to its customers in many different languages to help them improve their language skills. Users can chat about unlimited amount of topics with the app and use other modes to practice their language learning.","email":"support@talkpal.ai","legalName":"Talkpal, Inc.","foundingDate":"2023-04-03","duns":"118989042","numberOfEmployees":{"@type":"QuantitativeValue","minValue":"11","maxValue":"50"},"publishingPrinciples":"https:\/\/talkpal.ai\/publishing-principles\/","actionableFeedbackPolicy":"https:\/\/talkpal.ai\/actionable-feedback-policy\/","correctionsPolicy":"https:\/\/talkpal.ai\/corrections-policy\/","ethicsPolicy":"https:\/\/talkpal.ai\/ethics-policy\/","diversityPolicy":"https:\/\/talkpal.ai\/diversity-policy\/","diversityStaffingReport":"https:\/\/talkpal.ai\/diversity-policy\/"}]}},"_links":{"self":[{"href":"https:\/\/talkpal.ai\/fi\/wp-json\/wp\/v2\/pages\/130039","targetHints":{"allow":["GET"]}}],"collection":[{"href":"https:\/\/talkpal.ai\/fi\/wp-json\/wp\/v2\/pages"}],"about":[{"href":"https:\/\/talkpal.ai\/fi\/wp-json\/wp\/v2\/types\/page"}],"author":[{"embeddable":true,"href":"https:\/\/talkpal.ai\/fi\/wp-json\/wp\/v2\/users\/1"}],"replies":[{"embeddable":true,"href":"https:\/\/talkpal.ai\/fi\/wp-json\/wp\/v2\/comments?post=130039"}],"version-history":[{"count":0,"href":"https:\/\/talkpal.ai\/fi\/wp-json\/wp\/v2\/pages\/130039\/revisions"}],"wp:featuredmedia":[{"embeddable":true,"href":"https:\/\/talkpal.ai\/fi\/wp-json\/wp\/v2\/media\/11592"}],"wp:attachment":[{"href":"https:\/\/talkpal.ai\/fi\/wp-json\/wp\/v2\/media?parent=130039"}],"curies":[{"name":"wp","href":"https:\/\/api.w.org\/{rel}","templated":true}]}}