{"id":129724,"date":"2023-05-14T13:51:09","date_gmt":"2023-05-14T13:51:09","guid":{"rendered":"http:\/\/talkpal.ai\/japanin-kielioppi\/"},"modified":"2025-12-11T16:44:26","modified_gmt":"2025-12-11T16:44:26","slug":"japanin-kielioppi","status":"publish","type":"page","link":"https:\/\/talkpal.ai\/fi\/japanin-kielioppi\/","title":{"rendered":"Japanin kielioppi"},"content":{"rendered":"\r\n\r\n\r\n<section class=\"languageChallengeSection\">\r\n    <div class=\"languageInfoWrapper\">\r\n        \r\n        <h1>Japanin kielioppi<\/h1>\r\n        <p>Paranna japanin kielen taitojasi hallitsemalla keskeiset kielioppikohdat selkeiden selitysten ja esimerkkien avulla. Aloita matkasi sujuvuuteen &#8211; sukella japanin kielioppiin jo t\u00e4n\u00e4\u00e4n!<\/p>\r\n\r\n                            <a class=\"getStartedHidden\" href=\"https:\/\/app.talkpal.ai\/fi\/signup?lng=\">Aloita<\/a>\r\n        \r\n    <\/div>\r\n\r\n    <figure>\r\n    <img decoding=\"async\" width=\"768\" height=\"768\" src=\"https:\/\/talkpal.ai\/wp-content\/uploads\/2023\/06\/japanese-768x768.png\" class=\"languageImage no-lazy\" alt=\"Default alt text\" fetchpriority=\"high\" sizes=\"(max-width: 768px) 150px, 768px\" srcset=\"https:\/\/talkpal.ai\/wp-content\/uploads\/2023\/06\/japanese-768x768.png 768w, https:\/\/talkpal.ai\/wp-content\/uploads\/2023\/06\/japanese-300x300.png 300w\" \/>\r\n    \r\n\r\n    <\/figure>\r\n\r\n            <a class=\"getStartedVisible\" href=\"https:\/\/app.talkpal.ai\/fi\/signup?lng=\">Aloita<\/a>\r\n    \r\n<\/section>\r\n        <section class=\"grammarSection\">\r\n            <div class=\"grammarLinks\">\r\n                <a href=\"https:\/\/talkpal.ai\/fi\/language\/adjektiivit-japanin-kielioppi\/\">Adjektiivit <\/a><a href=\"https:\/\/talkpal.ai\/fi\/language\/adverbit-japanin-kielioppi\/\">Adverbit <\/a><a href=\"https:\/\/talkpal.ai\/fi\/language\/aikamuodot-japanin-kielioppi\/\">Aikamuodot <\/a><a href=\"https:\/\/talkpal.ai\/fi\/language\/hiukkaset-japanin-kielioppi\/\">Hiukkaset <\/a><a href=\"https:\/\/talkpal.ai\/fi\/language\/ilmaisut-japanin-kielioppi\/\">Ilmaisut <\/a><a href=\"https:\/\/talkpal.ai\/fi\/language\/konjunktiot-japanin-kielioppi\/\">Konjunktiot <\/a><a href=\"https:\/\/talkpal.ai\/fi\/language\/kunniamerkit-japanin-kielioppi\/\">Kunniamerkit <\/a><a href=\"https:\/\/talkpal.ai\/fi\/language\/lauserakenne-japanin-kielioppi\/\">Lauserakenne <\/a><a href=\"https:\/\/talkpal.ai\/fi\/language\/numerot-japanin-kielioppi\/\">Numerot <\/a><a href=\"https:\/\/talkpal.ai\/fi\/language\/prepositiot-japanin-kielioppi\/\">Prepositiot <\/a><a href=\"https:\/\/talkpal.ai\/fi\/language\/pronominit-japanin-kielioppi\/\">Pronominit <\/a><a href=\"https:\/\/talkpal.ai\/fi\/language\/substantiivit-japanin-kielioppi\/\">Substantiivit <\/a><a href=\"https:\/\/talkpal.ai\/fi\/language\/verbien-taivutus-japanin-kielioppi\/\">Verbien taivutus <\/a><a href=\"https:\/\/talkpal.ai\/fi\/language\/verbit-japanin-kielioppi\/\">Verbit <\/a>            <\/div>\r\n        <\/section>\r\n    <section class=\"promotionalBanner\">\r\n    <p class=\"promotionalText\">Tehokkain tapa oppia kielt\u00e4<\/p>\r\n    <a class=\"promotionalLink\" href=\"https:\/\/app.talkpal.ai\/fi\/signup?lng=\">Kokeile Talkpal ilmaiseksi<\/a>\r\n<\/section>\n<div class=\"wp-block-group pageContainerStyle\"><div class=\"wp-block-group__inner-container is-layout-constrained wp-block-group-is-layout-constrained\">\n<h2 class=\"wp-block-heading\" id=\"h-mastering-the-intricacies-of-japanese-grammar\">Japanin kieliopin monimutkaisuuden hallitseminen<\/h2>\n\n\n\n<p>Kielten harrastajat pit\u00e4v\u00e4t japania usein kiehtovana ja haastavana kielen\u00e4 oppia, suurelta osin sen ainutlaatuisen kielioppij\u00e4rjestelm\u00e4n vuoksi. T\u00e4st\u00e4 huolimatta japanin kieliopin ymm\u00e4rt\u00e4minen voi parantaa merkitt\u00e4v\u00e4sti viestint\u00e4taitojasi ja kulttuurista ymm\u00e4rryst\u00e4si. T\u00e4ss\u00e4 artikkelissa keskustelemme useista japanin kieliopin olennaisista n\u00e4k\u00f6kohdista, jotka auttavat sinua kieltenoppimismatkallasi. Kiinnit\u00e4 siis turvavy\u00f6si ja sukelletaan japanin kieliopin kiehtovaan maailmaan.<\/p>\n\n\n\n<h3 class=\"wp-block-heading\" id=\"h-1-sentence-structure-sov\">1. Lauseen rakenne: SOV<\/h3>\n\n\n\n<p>Toisin kuin englannin kieless\u00e4 (Subjekti &#8211; verbi &#8211; objekti eli SVO), japanin kieless\u00e4 noudatetaan subjekti &#8211; objekti &#8211; verbi (SOV) -lauserakennetta. T\u00e4m\u00e4 tarkoittaa, ett\u00e4 verbi tulee yleens\u00e4 lauseen viimeiseksi. T\u00e4m\u00e4n ainutlaatuisen sanaj\u00e4rjestyksen ymm\u00e4rt\u00e4minen on elint\u00e4rke\u00e4\u00e4 ymm\u00e4rrett\u00e4vien lauseiden muodostamisessa japaniksi.<\/p>\n\n\n\n<p>Esimerkki:  <\/p>\n\n\n\n<p>&#8211; \u308f\u305f\u3057\u306f\u308a\u3093\u3054\u3092\u305f\u3079\u307e\u3059\u3002 (Sy\u00f6n omenan)<\/p>\n\n\n\n<p>&#8211; Watashi wa ringo o tabemasu. (kirj. Min\u00e4 omena sy\u00f6n)<\/p>\n\n\n\n<h3 class=\"wp-block-heading\" id=\"h-2-particles-the-sentence-connectors\">2. Hiukkaset: lauseen yhdistimet<\/h3>\n\n\n\n<p>Partikkeleilla on t\u00e4rke\u00e4 rooli japanin kieliopissa, sill\u00e4 ne merkitsev\u00e4t sanan funktiota lauseessa. Yleisi\u00e4 hiukkasia ovat \u306f (wa), \u3092 (o), \u304c (ga), \u3067 (de) ja \u306b (ni). Kun ymm\u00e4rr\u00e4t, miten n\u00e4m\u00e4 partikkelit toimivat, japanin lauseiden tulkitseminen ja rakentaminen helpottuu huomattavasti.<\/p>\n\n\n\n<h3 class=\"wp-block-heading\" id=\"h-3-verbs-an-introduction-to-conjugation\">3. Verbit: johdatus taivutukseen<\/h3>\n\n\n\n<p>Japanin verbeiss\u00e4 on kolme p\u00e4\u00e4ryhm\u00e4\u00e4, jotka tunnistetaan niiden perusmuodon p\u00e4\u00e4tteen perusteella. N\u00e4m\u00e4 ryhm\u00e4t otetaan huomioon, kun taivutetaan j\u00e4nnittyneisyytt\u00e4, kohteliaisuutta ja mielialaa. Hyv\u00e4 uutinen on, ett\u00e4 japanilaiset verbit eiv\u00e4t muutu aiheen mukaan, mik\u00e4 tekee niist\u00e4 v\u00e4hemm\u00e4n monimutkaisia kuin joidenkin muiden kielten verbit.<\/p>\n\n\n\n<p>&#8211; Ryhm\u00e4 1: U-verbit<\/p>\n\n\n\n<p>&#8211; Ryhm\u00e4 2: Ru-verbit<\/p>\n\n\n\n<p>&#8211; Ryhm\u00e4 3: <a href=\"https:\/\/talkpal.ai\/fi\/grammar\/epasaannolliset-verbit-azerbaidzanin-kielioppissa\/\">Ep\u00e4s\u00e4\u00e4nn\u00f6lliset verbit<\/a> (vain kaksi verbi\u00e4 &#8211; \u3059\u308b (suru) ja \u6765\u308b (kuru))<\/p>\n\n\n\n<h3 class=\"wp-block-heading\" id=\"h-4-politeness-levels\">4. Kohteliaisuuden tasot<\/h3>\n\n\n\n<p><a href=\"https:\/\/talkpal.ai\/learn-japanese\/\">Japani<\/a> on kieli, jossa on paljon kohteliaisuutta, ja kielen kielioppi heijastaa t\u00e4t\u00e4. Ensisijaisia kohteliaisuustasoja on kolme: rento, kohtelias ja kunnioittava. N\u00e4iden tunnistaminen ja asianmukainen k\u00e4ytt\u00f6 on v\u00e4ltt\u00e4m\u00e4t\u00f6nt\u00e4 luonnolliselle ja kunnioittavalle viestinn\u00e4lle.<\/p>\n\n\n\n<p>&#8211; Rento: tavalliset verbimuodot (esim. \u98df\u3079\u308b &#8211; taberu &#8211; sy\u00f6d\u00e4)<\/p>\n\n\n\n<p>&#8211; Kohtelias: \u307e\u3059 (masu) taivutus (esim. \u98df\u3079\u307e\u3059 &#8211; tabemasu &#8211; sy\u00f6d\u00e4 (kohteliaasti))<\/p>\n\n\n\n<p>&#8211; Kunniamaininta: erityiset taivutukset ja etuliitteet (esim. \u304a\u53ec\u3057\u4e0a\u304c\u308a\u306b\u306a\u308b &#8211; omeshiagari ni naru &#8211; sy\u00f6d\u00e4 (kunniamaininta))<\/p>\n\n\n\n<h3 class=\"wp-block-heading\" id=\"h-5-japanese-adjectives\">5. Japanilaiset adjektiivit<\/h3>\n\n\n\n<p>Japanilaisia adjektiiveja on kahta tyyppi\u00e4: i-adjektiivit ja <a href=\"https:\/\/talkpal.ai\/fi\/grammar_exercises\/na-adjektiivit-japanin-kieliopin-harjoitukset\/\">na-adjektiivit<\/a>. Molemmilla tyypeill\u00e4 on ainutlaatuiset taivutuss\u00e4\u00e4nn\u00f6t ja ne ovat vuorovaikutuksessa substantiivien kanssa eri tavalla. N\u00e4iden kahden adjektiivityypin k\u00e4yt\u00f6n hallitseminen on kriittist\u00e4 tehokkaalle viestinn\u00e4lle japaniksi.<\/p>\n\n\n\n<h3 class=\"wp-block-heading\" id=\"h-6-engaging-with-the-language\">6. Sitoutuminen kieleen<\/h3>\n\n\n\n<p>Yksi tehokkaimmista tavoista oppia japanin kielioppia on k\u00e4ytt\u00e4\u00e4 kielt\u00e4 johdonmukaisesti. Japanilaisten elokuvien ja animen katselusta keskusteluun osallistumiseen keskusteluun \u00e4idinkielen\u00e4\u00e4n puhuvien kanssa, kieleen uppoutuminen auttaa vahvistamaan kielioppik\u00e4sitteit\u00e4 ja laajentamaan sanastoa.<\/p>\n\n\n\n<h3 class=\"wp-block-heading\" id=\"h-conclusion\">P\u00e4\u00e4telm\u00e4<\/h3>\n\n\n\n<p><a href=\"https:\/\/talkpal.ai\/fi\/grammar\/ne-hiukkanen-japanin-kielioppissa\/\">Japanin kielioppi<\/a> voi aluksi tuntua ylivoimaiselta, mutta omistautumalla ja ajan kanssa selvi\u00e4t sen monimutkaisuudesta helposti. T\u00e4rkeint\u00e4 on pysy\u00e4 uteliaana ja harjoitella s\u00e4\u00e4nn\u00f6llisesti. Onnea matkallesi kohti japanin kieliopin hallintaa ja nauti kieliseikkailusta!<\/p>\n<\/div><\/div>\n\r\n<section class=\"learnNavigationSection\">\r\n            \r\n        <a href=\"https:\/\/talkpal.ai\/fi\/opi-japania\/\">\r\n            <div class=\"learnNavigationWrapper\">\r\n                <div class=\"learnNavigationContent\">\r\n                    <img decoding=\"async\" src=\"https:\/\/talkpal.ai\/wp-content\/uploads\/2024\/08\/Japanese.jpg\" alt=\"Japanese Flag\">\r\n                    <div>\r\n                        <h4>Tietoa japanin oppimisesta<\/h4>\r\n                        <p>Tutustu japanin kielioppiin.<\/p>\r\n                    <\/div>\r\n                <\/div>\r\n            <\/div>\r\n        <\/a>\r\n\r\n        \r\n        <a href=\"https:\/\/talkpal.ai\/fi\/japanin-kielioppiharjoitukset\/\">\r\n            <div class=\"learnNavigationWrapper\">\r\n                <div class=\"learnNavigationContent\">\r\n                    <img decoding=\"async\" src=\"https:\/\/talkpal.ai\/wp-content\/uploads\/2024\/08\/Japanese.jpg\" alt=\"Japanese Flag\">\r\n                    <div>\r\n                        <h4>Japanin kielioppiharjoitus<\/h4>\r\n                        <p>Harjoittele japanin kielioppia.<\/p>\r\n                    <\/div>\r\n                <\/div>\r\n            <\/div>\r\n        <\/a>\r\n\r\n        \r\n        <a href=\"https:\/\/talkpal.ai\/vocabulary_language\/japanese\/\">\r\n            <div class=\"learnNavigationWrapper\">\r\n                <div class=\"learnNavigationContent\">\r\n                    <img decoding=\"async\" src=\"https:\/\/talkpal.ai\/wp-content\/uploads\/2024\/08\/Japanese.jpg\" alt=\"Japanese Flag\">\r\n                    <div>\r\n                        <h4>Japanin sanasto<\/h4>\r\n                        <p>Laajenna japanin kielen sanavarastoasi.<\/p>\r\n                    <\/div>\r\n                <\/div>\r\n            <\/div>\r\n        <\/a>\r\n\r\n            <\/section>","protected":false},"excerpt":{"rendered":"<p>Japanin kieliopin monimutkaisuuden hallitseminen Kielten harrastajat pit\u00e4v\u00e4t japania usein kiehtovana ja haastavana kielen\u00e4 oppia, suurelta osin sen ainutlaatuisen kielioppij\u00e4rjestelm\u00e4n vuoksi. T\u00e4st\u00e4 huolimatta japanin kieliopin ymm\u00e4rt\u00e4minen voi parantaa merkitt\u00e4v\u00e4sti viestint\u00e4taitojasi ja kulttuurista ymm\u00e4rryst\u00e4si. T\u00e4ss\u00e4 artikkelissa keskustelemme useista japanin kieliopin olennaisista n\u00e4k\u00f6kohdista, jotka auttavat sinua kieltenoppimismatkallasi. Kiinnit\u00e4 siis turvavy\u00f6si ja sukelletaan japanin kieliopin kiehtovaan maailmaan. 1. Lauseen [&hellip;]<\/p>\n","protected":false},"author":1,"featured_media":11578,"parent":0,"menu_order":0,"comment_status":"closed","ping_status":"closed","template":"LearningContentPage.php","meta":{"_acf_changed":false,"footnotes":""},"class_list":["post-129724","page","type-page","status-publish","has-post-thumbnail","hentry"],"acf":[],"yoast_head":"<!-- This site is optimized with the Yoast SEO Premium plugin v27.2 (Yoast SEO v27.2) - https:\/\/yoast.com\/product\/yoast-seo-premium-wordpress\/ -->\n<title>Japanin kielioppi - Talkpal<\/title>\n<meta name=\"description\" content=\"Opettele japanin kielioppi teko\u00e4lyn avulla. Paranna kielitaitoasi helposti Talkpalteko\u00e4lytuen avulla.\" \/>\n<meta name=\"robots\" content=\"index, follow, max-snippet:-1, max-image-preview:large, max-video-preview:-1\" \/>\n<link rel=\"canonical\" href=\"https:\/\/talkpal.ai\/fi\/japanin-kielioppi\/\" \/>\n<meta property=\"og:locale\" content=\"fi_FI\" \/>\n<meta property=\"og:type\" content=\"article\" \/>\n<meta property=\"og:title\" content=\"Japanin kielioppi\" \/>\n<meta property=\"og:description\" content=\"Japanin kieliopin monimutkaisuuden hallitseminen Kielten harrastajat pit\u00e4v\u00e4t japania usein kiehtovana ja haastavana kielen\u00e4 oppia, suurelta osin sen\" \/>\n<meta property=\"og:url\" content=\"https:\/\/talkpal.ai\/fi\/japanin-kielioppi\/\" \/>\n<meta property=\"og:site_name\" content=\"Talkpal\" \/>\n<meta property=\"article:publisher\" content=\"https:\/\/www.facebook.com\/profile.php?id=100090733639311\" \/>\n<meta property=\"article:modified_time\" content=\"2025-12-11T16:44:26+00:00\" \/>\n<meta property=\"og:image\" content=\"https:\/\/talkpal.ai\/wp-content\/uploads\/2023\/04\/japan.png\" \/>\n\t<meta property=\"og:image:width\" content=\"512\" \/>\n\t<meta property=\"og:image:height\" content=\"512\" \/>\n\t<meta property=\"og:image:type\" content=\"image\/png\" \/>\n<meta name=\"twitter:card\" content=\"summary_large_image\" \/>\n<meta name=\"twitter:site\" content=\"@talkpalai\" \/>\n<meta name=\"twitter:label1\" content=\"Arvioitu lukuaika\" \/>\n\t<meta name=\"twitter:data1\" content=\"2 minuuttia\" \/>\n<script type=\"application\/ld+json\" class=\"yoast-schema-graph\">{\"@context\":\"https:\/\/schema.org\",\"@graph\":[{\"@type\":\"WebPage\",\"@id\":\"https:\/\/talkpal.ai\/fi\/japanin-kielioppi\/\",\"url\":\"https:\/\/talkpal.ai\/fi\/japanin-kielioppi\/\",\"name\":\"Japanin kielioppi - Talkpal\",\"isPartOf\":{\"@id\":\"https:\/\/talkpal.ai\/fi\/#website\"},\"primaryImageOfPage\":{\"@id\":\"https:\/\/talkpal.ai\/fi\/japanin-kielioppi\/#primaryimage\"},\"image\":{\"@id\":\"https:\/\/talkpal.ai\/fi\/japanin-kielioppi\/#primaryimage\"},\"thumbnailUrl\":\"https:\/\/talkpal.ai\/wp-content\/uploads\/2023\/04\/japan.png\",\"datePublished\":\"2023-05-14T13:51:09+00:00\",\"dateModified\":\"2025-12-11T16:44:26+00:00\",\"description\":\"Opettele japanin kielioppi teko\u00e4lyn avulla. Paranna kielitaitoasi helposti Talkpalteko\u00e4lytuen avulla.\",\"breadcrumb\":{\"@id\":\"https:\/\/talkpal.ai\/fi\/japanin-kielioppi\/#breadcrumb\"},\"inLanguage\":\"fi\",\"potentialAction\":[{\"@type\":\"ReadAction\",\"target\":[\"https:\/\/talkpal.ai\/fi\/japanin-kielioppi\/\"]}]},{\"@type\":\"ImageObject\",\"inLanguage\":\"fi\",\"@id\":\"https:\/\/talkpal.ai\/fi\/japanin-kielioppi\/#primaryimage\",\"url\":\"https:\/\/talkpal.ai\/wp-content\/uploads\/2023\/04\/japan.png\",\"contentUrl\":\"https:\/\/talkpal.ai\/wp-content\/uploads\/2023\/04\/japan.png\",\"width\":512,\"height\":512},{\"@type\":\"BreadcrumbList\",\"@id\":\"https:\/\/talkpal.ai\/fi\/japanin-kielioppi\/#breadcrumb\",\"itemListElement\":[{\"@type\":\"ListItem\",\"position\":1,\"name\":\"Homepage\",\"item\":\"https:\/\/talkpal.ai\/fi\/\"},{\"@type\":\"ListItem\",\"position\":2,\"name\":\"Japanin kielioppi\"}]},{\"@type\":\"WebSite\",\"@id\":\"https:\/\/talkpal.ai\/fi\/#website\",\"url\":\"https:\/\/talkpal.ai\/fi\/\",\"name\":\"Talkpal\",\"description\":\"AI Language Learning\",\"publisher\":{\"@id\":\"https:\/\/talkpal.ai\/fi\/#organization\"},\"alternateName\":\"Talkpal AI\",\"potentialAction\":[{\"@type\":\"SearchAction\",\"target\":{\"@type\":\"EntryPoint\",\"urlTemplate\":\"https:\/\/talkpal.ai\/fi\/?s={search_term_string}\"},\"query-input\":{\"@type\":\"PropertyValueSpecification\",\"valueRequired\":true,\"valueName\":\"search_term_string\"}}],\"inLanguage\":\"fi\"},{\"@type\":\"Organization\",\"@id\":\"https:\/\/talkpal.ai\/fi\/#organization\",\"name\":\"Talkpal, Inc.\",\"alternateName\":\"Talkpal AI\",\"url\":\"https:\/\/talkpal.ai\/fi\/\",\"logo\":{\"@type\":\"ImageObject\",\"inLanguage\":\"fi\",\"@id\":\"https:\/\/talkpal.ai\/fi\/#\/schema\/logo\/image\/\",\"url\":\"https:\/\/talkpal.ai\/wp-content\/uploads\/2024\/03\/Talkpal-Logo-Icon.png\",\"contentUrl\":\"https:\/\/talkpal.ai\/wp-content\/uploads\/2024\/03\/Talkpal-Logo-Icon.png\",\"width\":2880,\"height\":2880,\"caption\":\"Talkpal, Inc.\"},\"image\":{\"@id\":\"https:\/\/talkpal.ai\/fi\/#\/schema\/logo\/image\/\"},\"sameAs\":[\"https:\/\/www.facebook.com\/profile.php?id=100090733639311\",\"https:\/\/x.com\/talkpalai\",\"https:\/\/www.linkedin.com\/company\/talkpal\/\",\"https:\/\/www.youtube.com\/@TalkPal\/\",\"https:\/\/www.tiktok.com\/@talkpal\",\"https:\/\/www.instagram.com\/talkpal_ai\/\",\"https:\/\/www.crunchbase.com\/organization\/talkpal-9cde\",\"https:\/\/www.g2.com\/products\/talkpal-for-business\/\",\"https:\/\/www.trustpilot.com\/review\/talkpal.ai\",\"https:\/\/www.capterra.com\/p\/10006800\/TalkPal\/\"],\"description\":\"Talkpal is a language learning web and mobile education app, powered by the latest AI technologies, that provides engaging experiences to its customers in many different languages to help them improve their language skills. Users can chat about unlimited amount of topics with the app and use other modes to practice their language learning.\",\"email\":\"support@talkpal.ai\",\"legalName\":\"Talkpal, Inc.\",\"foundingDate\":\"2023-04-03\",\"duns\":\"118989042\",\"numberOfEmployees\":{\"@type\":\"QuantitativeValue\",\"minValue\":\"11\",\"maxValue\":\"50\"},\"publishingPrinciples\":\"https:\/\/talkpal.ai\/publishing-principles\/\",\"actionableFeedbackPolicy\":\"https:\/\/talkpal.ai\/actionable-feedback-policy\/\",\"correctionsPolicy\":\"https:\/\/talkpal.ai\/corrections-policy\/\",\"ethicsPolicy\":\"https:\/\/talkpal.ai\/ethics-policy\/\",\"diversityPolicy\":\"https:\/\/talkpal.ai\/diversity-policy\/\",\"diversityStaffingReport\":\"https:\/\/talkpal.ai\/diversity-policy\/\"}]}<\/script>\n<!-- \/ Yoast SEO Premium plugin. -->","yoast_head_json":{"title":"Japanin kielioppi - Talkpal","description":"Opettele japanin kielioppi teko\u00e4lyn avulla. Paranna kielitaitoasi helposti Talkpalteko\u00e4lytuen avulla.","robots":{"index":"index","follow":"follow","max-snippet":"max-snippet:-1","max-image-preview":"max-image-preview:large","max-video-preview":"max-video-preview:-1"},"canonical":"https:\/\/talkpal.ai\/fi\/japanin-kielioppi\/","og_locale":"fi_FI","og_type":"article","og_title":"Japanin kielioppi","og_description":"Japanin kieliopin monimutkaisuuden hallitseminen Kielten harrastajat pit\u00e4v\u00e4t japania usein kiehtovana ja haastavana kielen\u00e4 oppia, suurelta osin sen","og_url":"https:\/\/talkpal.ai\/fi\/japanin-kielioppi\/","og_site_name":"Talkpal","article_publisher":"https:\/\/www.facebook.com\/profile.php?id=100090733639311","article_modified_time":"2025-12-11T16:44:26+00:00","og_image":[{"width":512,"height":512,"url":"https:\/\/talkpal.ai\/wp-content\/uploads\/2023\/04\/japan.png","type":"image\/png"}],"twitter_card":"summary_large_image","twitter_site":"@talkpalai","twitter_misc":{"Arvioitu lukuaika":"2 minuuttia"},"schema":{"@context":"https:\/\/schema.org","@graph":[{"@type":"WebPage","@id":"https:\/\/talkpal.ai\/fi\/japanin-kielioppi\/","url":"https:\/\/talkpal.ai\/fi\/japanin-kielioppi\/","name":"Japanin kielioppi - Talkpal","isPartOf":{"@id":"https:\/\/talkpal.ai\/fi\/#website"},"primaryImageOfPage":{"@id":"https:\/\/talkpal.ai\/fi\/japanin-kielioppi\/#primaryimage"},"image":{"@id":"https:\/\/talkpal.ai\/fi\/japanin-kielioppi\/#primaryimage"},"thumbnailUrl":"https:\/\/talkpal.ai\/wp-content\/uploads\/2023\/04\/japan.png","datePublished":"2023-05-14T13:51:09+00:00","dateModified":"2025-12-11T16:44:26+00:00","description":"Opettele japanin kielioppi teko\u00e4lyn avulla. Paranna kielitaitoasi helposti Talkpalteko\u00e4lytuen avulla.","breadcrumb":{"@id":"https:\/\/talkpal.ai\/fi\/japanin-kielioppi\/#breadcrumb"},"inLanguage":"fi","potentialAction":[{"@type":"ReadAction","target":["https:\/\/talkpal.ai\/fi\/japanin-kielioppi\/"]}]},{"@type":"ImageObject","inLanguage":"fi","@id":"https:\/\/talkpal.ai\/fi\/japanin-kielioppi\/#primaryimage","url":"https:\/\/talkpal.ai\/wp-content\/uploads\/2023\/04\/japan.png","contentUrl":"https:\/\/talkpal.ai\/wp-content\/uploads\/2023\/04\/japan.png","width":512,"height":512},{"@type":"BreadcrumbList","@id":"https:\/\/talkpal.ai\/fi\/japanin-kielioppi\/#breadcrumb","itemListElement":[{"@type":"ListItem","position":1,"name":"Homepage","item":"https:\/\/talkpal.ai\/fi\/"},{"@type":"ListItem","position":2,"name":"Japanin kielioppi"}]},{"@type":"WebSite","@id":"https:\/\/talkpal.ai\/fi\/#website","url":"https:\/\/talkpal.ai\/fi\/","name":"Talkpal","description":"AI Language Learning","publisher":{"@id":"https:\/\/talkpal.ai\/fi\/#organization"},"alternateName":"Talkpal AI","potentialAction":[{"@type":"SearchAction","target":{"@type":"EntryPoint","urlTemplate":"https:\/\/talkpal.ai\/fi\/?s={search_term_string}"},"query-input":{"@type":"PropertyValueSpecification","valueRequired":true,"valueName":"search_term_string"}}],"inLanguage":"fi"},{"@type":"Organization","@id":"https:\/\/talkpal.ai\/fi\/#organization","name":"Talkpal, Inc.","alternateName":"Talkpal AI","url":"https:\/\/talkpal.ai\/fi\/","logo":{"@type":"ImageObject","inLanguage":"fi","@id":"https:\/\/talkpal.ai\/fi\/#\/schema\/logo\/image\/","url":"https:\/\/talkpal.ai\/wp-content\/uploads\/2024\/03\/Talkpal-Logo-Icon.png","contentUrl":"https:\/\/talkpal.ai\/wp-content\/uploads\/2024\/03\/Talkpal-Logo-Icon.png","width":2880,"height":2880,"caption":"Talkpal, Inc."},"image":{"@id":"https:\/\/talkpal.ai\/fi\/#\/schema\/logo\/image\/"},"sameAs":["https:\/\/www.facebook.com\/profile.php?id=100090733639311","https:\/\/x.com\/talkpalai","https:\/\/www.linkedin.com\/company\/talkpal\/","https:\/\/www.youtube.com\/@TalkPal\/","https:\/\/www.tiktok.com\/@talkpal","https:\/\/www.instagram.com\/talkpal_ai\/","https:\/\/www.crunchbase.com\/organization\/talkpal-9cde","https:\/\/www.g2.com\/products\/talkpal-for-business\/","https:\/\/www.trustpilot.com\/review\/talkpal.ai","https:\/\/www.capterra.com\/p\/10006800\/TalkPal\/"],"description":"Talkpal is a language learning web and mobile education app, powered by the latest AI technologies, that provides engaging experiences to its customers in many different languages to help them improve their language skills. Users can chat about unlimited amount of topics with the app and use other modes to practice their language learning.","email":"support@talkpal.ai","legalName":"Talkpal, Inc.","foundingDate":"2023-04-03","duns":"118989042","numberOfEmployees":{"@type":"QuantitativeValue","minValue":"11","maxValue":"50"},"publishingPrinciples":"https:\/\/talkpal.ai\/publishing-principles\/","actionableFeedbackPolicy":"https:\/\/talkpal.ai\/actionable-feedback-policy\/","correctionsPolicy":"https:\/\/talkpal.ai\/corrections-policy\/","ethicsPolicy":"https:\/\/talkpal.ai\/ethics-policy\/","diversityPolicy":"https:\/\/talkpal.ai\/diversity-policy\/","diversityStaffingReport":"https:\/\/talkpal.ai\/diversity-policy\/"}]}},"_links":{"self":[{"href":"https:\/\/talkpal.ai\/fi\/wp-json\/wp\/v2\/pages\/129724","targetHints":{"allow":["GET"]}}],"collection":[{"href":"https:\/\/talkpal.ai\/fi\/wp-json\/wp\/v2\/pages"}],"about":[{"href":"https:\/\/talkpal.ai\/fi\/wp-json\/wp\/v2\/types\/page"}],"author":[{"embeddable":true,"href":"https:\/\/talkpal.ai\/fi\/wp-json\/wp\/v2\/users\/1"}],"replies":[{"embeddable":true,"href":"https:\/\/talkpal.ai\/fi\/wp-json\/wp\/v2\/comments?post=129724"}],"version-history":[{"count":0,"href":"https:\/\/talkpal.ai\/fi\/wp-json\/wp\/v2\/pages\/129724\/revisions"}],"wp:featuredmedia":[{"embeddable":true,"href":"https:\/\/talkpal.ai\/fi\/wp-json\/wp\/v2\/media\/11578"}],"wp:attachment":[{"href":"https:\/\/talkpal.ai\/fi\/wp-json\/wp\/v2\/media?parent=129724"}],"curies":[{"name":"wp","href":"https:\/\/api.w.org\/{rel}","templated":true}]}}