{"id":129428,"date":"2023-05-14T13:50:44","date_gmt":"2023-05-14T13:50:44","guid":{"rendered":"http:\/\/talkpal.ai\/hindin-kielioppi\/"},"modified":"2025-12-13T15:12:59","modified_gmt":"2025-12-13T15:12:59","slug":"hindin-kielioppi","status":"publish","type":"page","link":"https:\/\/talkpal.ai\/fi\/hindin-kielioppi\/","title":{"rendered":"Hindin kielioppi"},"content":{"rendered":"\r\n\r\n\r\n<section class=\"languageChallengeSection\">\r\n    <div class=\"languageInfoWrapper\">\r\n        \r\n        <h1>Hindin kielioppi<\/h1>\r\n        <p>Oletko valmis oppimaan hindi\u00e4? Sukella hindin kielioppiin, jossa sukupuolittuneet substantiivit, subjekti-objekti-verbi-lauseen rakenne ja ilmeikk\u00e4\u00e4t verbien taivutukset her\u00e4tt\u00e4v\u00e4t kielen eloon. Aloita hindin kielioppimatkasi jo t\u00e4n\u00e4\u00e4n &#8211; sen kieliopin hallitseminen antaa sinulle mahdollisuuden kommunikoida itsevarmasti ja luoda yhteyksi\u00e4 Intian elinvoimaiseen kulttuuriin ja perinteisiin!<\/p>\r\n\r\n                            <a class=\"getStartedHidden\" href=\"https:\/\/app.talkpal.ai\/fi\/signup?lng=\">Aloita<\/a>\r\n        \r\n    <\/div>\r\n\r\n    <figure>\r\n    <img decoding=\"async\" width=\"768\" height=\"768\" src=\"https:\/\/talkpal.ai\/wp-content\/uploads\/2023\/06\/hindi-768x768.png\" class=\"languageImage no-lazy\" alt=\"Default alt text\" fetchpriority=\"high\" sizes=\"(max-width: 768px) 150px, 768px\" srcset=\"https:\/\/talkpal.ai\/wp-content\/uploads\/2023\/06\/hindi-768x768.png 768w, https:\/\/talkpal.ai\/wp-content\/uploads\/2023\/06\/hindi-300x300.png 300w\" \/>\r\n    \r\n\r\n    <\/figure>\r\n\r\n            <a class=\"getStartedVisible\" href=\"https:\/\/app.talkpal.ai\/fi\/signup?lng=\">Aloita<\/a>\r\n    \r\n<\/section>\r\n        <section class=\"grammarSection\">\r\n            <div class=\"grammarLinks\">\r\n                <a href=\"https:\/\/talkpal.ai\/fi\/language\/adjektiivit-hindin-kielioppi\/\">Adjektiivit <\/a><a href=\"https:\/\/talkpal.ai\/fi\/language\/adverbit-hindin-kielioppi\/\">Adverbit <\/a><a href=\"https:\/\/talkpal.ai\/fi\/language\/aikamuodot-konjunktiivi-hindin-kielioppi\/\">Aikamuodot Konjunktiivi <\/a><a href=\"https:\/\/talkpal.ai\/fi\/language\/aikamuotojen-vertailu-hindin-kielioppi\/\">Aikamuotojen vertailu <\/a><a href=\"https:\/\/talkpal.ai\/fi\/language\/artikkelit-hindin-kielioppi\/\">Artikkelit <\/a><a href=\"https:\/\/talkpal.ai\/fi\/language\/indikatiiviset-aikamuodot-hindin-kielioppi\/\">Indikatiiviset aikamuodot <\/a><a href=\"https:\/\/talkpal.ai\/fi\/language\/lauserakenne-hindin-kielioppi\/\">Lauserakenne <\/a><a href=\"https:\/\/talkpal.ai\/fi\/language\/prepositiot-hindin-kielioppi\/\">Prepositiot <\/a><a href=\"https:\/\/talkpal.ai\/fi\/language\/pronominit-hindin-kielioppi\/\">Pronominit <\/a><a href=\"https:\/\/talkpal.ai\/fi\/language\/substantiivit-hindin-kielioppi\/\">Substantiivit <\/a><a href=\"https:\/\/talkpal.ai\/fi\/language\/verbit-hindin-kielioppi\/\">Verbit <\/a>            <\/div>\r\n        <\/section>\r\n    <section class=\"promotionalBanner\">\r\n    <p class=\"promotionalText\">Tehokkain tapa oppia kielt\u00e4<\/p>\r\n    <a class=\"promotionalLink\" href=\"https:\/\/app.talkpal.ai\/fi\/signup?lng=\">Kokeile Talkpal ilmaiseksi<\/a>\r\n<\/section>\n<div class=\"wp-block-group pageContainerStyle\"><div class=\"wp-block-group__inner-container is-layout-constrained wp-block-group-is-layout-constrained\">\n<h2 class=\"wp-block-heading\" id=\"h-mastering-hindi-grammar-your-ultimate-guide\">Hindi-kieliopin hallitseminen: lopullinen opas<\/h2>\n\n\n\n<p>Namaste, kielten harrastajat! Oletko valmis tutkimaan hindin kieliopin maailmaa? Olet tullut oikeaan paikkaan. T\u00e4m\u00e4 artikkeli on t\u00e4ynn\u00e4 helposti ymm\u00e4rrett\u00e4v\u00e4\u00e4 tietoa ja keskustelus\u00e4vy\u00e4, ja se opastaa sinut hindin kieliopin kiehtovan valtakunnan l\u00e4pi. Pian pystyt rakentamaan lauseita ja k\u00e4ym\u00e4\u00e4n mielekk\u00e4it\u00e4 keskusteluja \u00e4idinkielisten puhujien kanssa. Sukelletaan siis suoraan asiaan!<\/p>\n\n\n\n<p><strong>Mutta ensin, miksi hindin kielioppi?<\/strong><\/p>\n\n\n\n<p>Jos opettelet hindi\u00e4, vahva kieliopin perusta on ratkaisevan t\u00e4rke\u00e4, jotta voit puhua, lukea ja kirjoittaa sujuvasti. Vaikka <a href=\"https:\/\/talkpal.ai\/fi\/grammar\/sijainti-hindin-kielioppi\/\">hindin kielioppi<\/a> voi aluksi vaikuttaa monimutkaiselta, siit\u00e4 tulee helpommin l\u00e4hestytt\u00e4v\u00e4, kun se jaetaan pienempiin, hallittaviin segmentteihin. T\u00e4m\u00e4 artikkeli on t\u00e4ydellinen paikka <a href=\"https:\/\/talkpal.ai\/ko\/ai-%ec%96%b8%ec%96%b4-%ea%b5%90%ec%82%ac\/\">aloittaa<\/a> matkasi kohti hindin kieliopin hallintaa!<\/p>\n\n\n\n<h3 class=\"wp-block-heading\" id=\"h-1-nouns-gender-and-cases\">1. Substantiivit, sukupuoli ja tapaukset<\/h3>\n\n\n\n<p>Hindi-substantiiveja on kahta sukupuolta: maskuliinisia ja naisellisia. On t\u00e4rke\u00e4\u00e4 tunnistaa <a href=\"https:\/\/talkpal.ai\/fi\/grammar\/substantiivien-sukupuoli-serbian-kielioppia\/\">substantiivien sukupuoli<\/a>, sill\u00e4 se vaikuttaa muihin puheen osiin, kuten adjektiiveihin ja verbeihin.  <\/p>\n\n\n\n<p>Yksinkertainen nyrkkis\u00e4\u00e4nt\u00f6: jos substantiivi p\u00e4\u00e4ttyy \u201d-aa\u201d (\u201d\u0906\u201d), se on yleens\u00e4 maskuliininen, kun taas substantiivi, joka p\u00e4\u00e4ttyy \u201d-ii\u201d (\u201d\u0908\u201d), on yleens\u00e4 feminiininen. Mutta muistakaa &#8211; kuten aina, poikkeuksia on olemassa!  <\/p>\n\n\n\n<p>Hindi-substantiivit ovat eri muodoissa riippuen niiden roolista lauseessa (aihe, esine, omistusoikeus jne.). N\u00e4it\u00e4 lomakkeita kutsutaan tapauksiksi. Hindin ensisijaiset tapaukset ovat suora (\u201d\u0906\u092e \u0915\u094d\u0930\u092e\u201d), vino (\u201d\u0909\u092a \u0935\u093f\u0932\u094b\u092e\u201d) ja vokatiivi (\u201d\u0938\u0902\u092c\u094b\u0927\u0928\u201d).<\/p>\n\n\n\n<h3 class=\"wp-block-heading\" id=\"h-2-pronouns-and-agreement\">2. Pronominit ja sopimus<\/h3>\n\n\n\n<p>Hindi-pronominit (min\u00e4, sin\u00e4, h\u00e4n, h\u00e4n jne.) muuttuvat sukupuolen ja hierarkian mukaan. Esimerkiksi: \u092e\u0948\u0902 (main &#8211; min\u00e4), \u0924\u0941\u092e (tum &#8211; sin\u00e4, ep\u00e4virallinen), \u0906\u092a (aap &#8211; sin\u00e4, virallinen), \u0935\u0939 (vah &#8211; h\u00e4n), \u0939\u092e (hum &#8211; me) ja \u0935\u0947 (ve &#8211; he).  <\/p>\n\n\n\n<p>Pronomineja k\u00e4ytett\u00e4ess\u00e4 on t\u00e4rke\u00e4\u00e4 olla tietoinen hierarkiasta. Esimerkiksi \u201d\u0924\u0941\u092e\u201d voi olla sopiva sanonta yst\u00e4vien kesken, mutta \u201d\u0906\u092a\u201d osoittaa kunnioitusta, kun puhuttelet vanhempia <a href=\"https:\/\/talkpal.ai\/learn-thai\/\">tai<\/a> tuntemattomia.<\/p>\n\n\n\n<h3 class=\"wp-block-heading\" id=\"h-3-verbs-tense-and-conjugation\">3. Verbit, aikamuoto ja taivutus<\/h3>\n\n\n\n<p>Verbit muodostavat hindin kieliopin selk\u00e4rangan, ja niiden ymm\u00e4rt\u00e4minen on elint\u00e4rke\u00e4\u00e4 lauseiden rakentamisessa. Hindi-verbit luokitellaan laajasti transitiivisiin (\u201d\u0938\u0915\u0930\u094d\u092e\u0915\u201d) ja intransitiivisiin (\u201d\u0905\u0915\u0930\u094d\u092e\u0915\u201d), ja kummallakin on erilaiset taivutuss\u00e4\u00e4nn\u00f6t.  <\/p>\n\n\n\n<p>Jotta saisit nopean yleiskatsauksen, keskustellaanpa tavallisten verbien preesensin taivutuksesta:<\/p>\n\n\n\n<p>&#8211; \u092e\u0948\u0902 \u092a\u0922\u093c\u0924\u093e \u0939\u0942\u0901 (main padhta hoon &#8211; luen, maskuliini)<\/p>\n\n\n\n<p>&#8211; \u092e\u0948\u0902 \u092a\u0922\u093c\u0924\u0940 \u0939\u0942\u0901 (main padhti hoon &#8211; luen, feminiini)<\/p>\n\n\n\n<p>&#8211; \u0924\u0941\u092e \u092a\u0922\u093c\u0924\u0947 \u0939\u094b (tum padhte ho &#8211; sin\u00e4 luet, ep\u00e4virallinen, maskuliini)<\/p>\n\n\n\n<p>&#8211; \u0924\u0941\u092e \u092a\u0922\u093c\u0924\u0940 \u0939\u094b (tum padhti ho &#8211; sin\u00e4 luet, ep\u00e4virallinen, feminiini)<\/p>\n\n\n\n<p>Muista, ett\u00e4 t\u00e4m\u00e4 on vasta alkua! Hallittavia verbej\u00e4 on monia aikamuotoja ja ep\u00e4s\u00e4\u00e4nn\u00f6llisi\u00e4, mutta jokainen uusi askel tuo sinut l\u00e4hemm\u00e4ksi sujuvuutta.<\/p>\n\n\n\n<h3 class=\"wp-block-heading\" id=\"h-4-adjectives-adverbs-and-more\">4. Adjektiivit, adverbit ja paljon muuta!<\/h3>\n\n\n\n<p>Hindi-kielioppi sis\u00e4lt\u00e4\u00e4 muita komponentteja, kuten adjektiiveja (joiden on vastattava sukupuolen ja numeron substantiiveja), adverbeja, prepositioita ja idiomaattisia ilmaisuja. Jokainen elementti on avain hindin sujuvaan puhumiseen, joten k\u00e4sittele niit\u00e4 askel kerrallaan.<\/p>\n\n\n\n<p>Lopuksi, hindin kieliopin hallintaan ei ole oikotiet\u00e4. Se vaatii sinnikkyytt\u00e4, harjoittelua ja k\u00e4rsiv\u00e4llisyytt\u00e4. Kun kuitenkin ymm\u00e4rr\u00e4t sen, pystyt arvostamaan hindinkielisen keskustelun vivahteita, tutustumaan sen rikkaaseen kulttuuriin ja historiaan ja syvent\u00e4m\u00e4\u00e4n rakkauttasi kielt\u00e4 kohtaan. \u0936\u0941\u092d\u0915\u093e\u092e\u0928\u093e\u090f\u0901 (shubhkaamnaayein &#8211; terveisi\u00e4)!<\/p>\n<\/div><\/div>\n\r\n<section class=\"learnNavigationSection\">\r\n            \r\n        <a href=\"https:\/\/talkpal.ai\/fi\/opi-hindia\/\">\r\n            <div class=\"learnNavigationWrapper\">\r\n                <div class=\"learnNavigationContent\">\r\n                    <img decoding=\"async\" src=\"https:\/\/talkpal.ai\/wp-content\/uploads\/2024\/08\/Hindi.jpg\" alt=\"Indian Flag\">\r\n                    <div>\r\n                        <h4>Hindin oppimisesta<\/h4>\r\n                        <p>Tutustu hindin kielioppiin.<\/p>\r\n                    <\/div>\r\n                <\/div>\r\n            <\/div>\r\n        <\/a>\r\n\r\n        \r\n        <a href=\"https:\/\/talkpal.ai\/fi\/hindi-kielioppiharjoitukset\/\">\r\n            <div class=\"learnNavigationWrapper\">\r\n                <div class=\"learnNavigationContent\">\r\n                    <img decoding=\"async\" src=\"https:\/\/talkpal.ai\/wp-content\/uploads\/2024\/08\/Hindi.jpg\" alt=\"Indian Flag\">\r\n                    <div>\r\n                        <h4>Hindi kielioppi Harjoitus<\/h4>\r\n                        <p>Harjoittele hindin kielioppia.<\/p>\r\n                    <\/div>\r\n                <\/div>\r\n            <\/div>\r\n        <\/a>\r\n\r\n        \r\n        <a href=\"https:\/\/talkpal.ai\/vocabulary_language\/hindi\/\">\r\n            <div class=\"learnNavigationWrapper\">\r\n                <div class=\"learnNavigationContent\">\r\n                    <img decoding=\"async\" src=\"https:\/\/talkpal.ai\/wp-content\/uploads\/2024\/08\/Hindi.jpg\" alt=\"Indian Flag\">\r\n                    <div>\r\n                        <h4>Hindi sanasto<\/h4>\r\n                        <p>Laajenna hindi-sanastoa.<\/p>\r\n                    <\/div>\r\n                <\/div>\r\n            <\/div>\r\n        <\/a>\r\n\r\n            <\/section>","protected":false},"excerpt":{"rendered":"<p>Hindi-kieliopin hallitseminen: lopullinen opas Namaste, kielten harrastajat! Oletko valmis tutkimaan hindin kieliopin maailmaa? Olet tullut oikeaan paikkaan. T\u00e4m\u00e4 artikkeli on t\u00e4ynn\u00e4 helposti ymm\u00e4rrett\u00e4v\u00e4\u00e4 tietoa ja keskustelus\u00e4vy\u00e4, ja se opastaa sinut hindin kieliopin kiehtovan valtakunnan l\u00e4pi. Pian pystyt rakentamaan lauseita ja k\u00e4ym\u00e4\u00e4n mielekk\u00e4it\u00e4 keskusteluja \u00e4idinkielisten puhujien kanssa. Sukelletaan siis suoraan asiaan! Mutta ensin, miksi hindin kielioppi? [&hellip;]<\/p>\n","protected":false},"author":1,"featured_media":188204,"parent":0,"menu_order":0,"comment_status":"closed","ping_status":"closed","template":"LearningContentPage.php","meta":{"_acf_changed":false,"footnotes":""},"class_list":["post-129428","page","type-page","status-publish","has-post-thumbnail","hentry"],"acf":[],"yoast_head":"<!-- This site is optimized with the Yoast SEO Premium plugin v27.2 (Yoast SEO v27.2) - https:\/\/yoast.com\/product\/yoast-seo-premium-wordpress\/ -->\n<title>Hindin kielioppi - Talkpal<\/title>\n<meta name=\"description\" content=\"Opettele hindin kielioppi itsevarmasti - opettele selke\u00e4t s\u00e4\u00e4nn\u00f6t, muodosta oikeita lauseita ja puhu paremmin helppojen ohjeiden avulla. Talkpal AI.\" \/>\n<meta name=\"robots\" content=\"index, follow, max-snippet:-1, max-image-preview:large, max-video-preview:-1\" \/>\n<link rel=\"canonical\" href=\"https:\/\/talkpal.ai\/fi\/hindin-kielioppi\/\" \/>\n<meta property=\"og:locale\" content=\"fi_FI\" \/>\n<meta property=\"og:type\" content=\"article\" \/>\n<meta property=\"og:title\" content=\"Hindin kielioppi\" \/>\n<meta property=\"og:description\" content=\"Hindi-kieliopin hallitseminen: lopullinen opas Namaste, kielten harrastajat! Oletko valmis tutkimaan hindin kieliopin maailmaa? Olet tullut oikeaan\" \/>\n<meta property=\"og:url\" content=\"https:\/\/talkpal.ai\/fi\/hindin-kielioppi\/\" \/>\n<meta property=\"og:site_name\" content=\"Talkpal\" \/>\n<meta property=\"article:publisher\" content=\"https:\/\/www.facebook.com\/profile.php?id=100090733639311\" \/>\n<meta property=\"article:modified_time\" content=\"2025-12-13T15:12:59+00:00\" \/>\n<meta property=\"og:image\" content=\"https:\/\/talkpal.ai\/wp-content\/uploads\/2024\/02\/india.png\" \/>\n\t<meta property=\"og:image:width\" content=\"517\" \/>\n\t<meta property=\"og:image:height\" content=\"517\" \/>\n\t<meta property=\"og:image:type\" content=\"image\/png\" \/>\n<meta name=\"twitter:card\" content=\"summary_large_image\" \/>\n<meta name=\"twitter:site\" content=\"@talkpalai\" \/>\n<meta name=\"twitter:label1\" content=\"Arvioitu lukuaika\" \/>\n\t<meta name=\"twitter:data1\" content=\"2 minuuttia\" \/>\n<script type=\"application\/ld+json\" class=\"yoast-schema-graph\">{\"@context\":\"https:\/\/schema.org\",\"@graph\":[{\"@type\":\"WebPage\",\"@id\":\"https:\/\/talkpal.ai\/fi\/hindin-kielioppi\/\",\"url\":\"https:\/\/talkpal.ai\/fi\/hindin-kielioppi\/\",\"name\":\"Hindin kielioppi - Talkpal\",\"isPartOf\":{\"@id\":\"https:\/\/talkpal.ai\/fi\/#website\"},\"primaryImageOfPage\":{\"@id\":\"https:\/\/talkpal.ai\/fi\/hindin-kielioppi\/#primaryimage\"},\"image\":{\"@id\":\"https:\/\/talkpal.ai\/fi\/hindin-kielioppi\/#primaryimage\"},\"thumbnailUrl\":\"https:\/\/talkpal.ai\/wp-content\/uploads\/2024\/02\/india.png\",\"datePublished\":\"2023-05-14T13:50:44+00:00\",\"dateModified\":\"2025-12-13T15:12:59+00:00\",\"description\":\"Opettele hindin kielioppi itsevarmasti - opettele selke\u00e4t s\u00e4\u00e4nn\u00f6t, muodosta oikeita lauseita ja puhu paremmin helppojen ohjeiden avulla. Talkpal AI.\",\"breadcrumb\":{\"@id\":\"https:\/\/talkpal.ai\/fi\/hindin-kielioppi\/#breadcrumb\"},\"inLanguage\":\"fi\",\"potentialAction\":[{\"@type\":\"ReadAction\",\"target\":[\"https:\/\/talkpal.ai\/fi\/hindin-kielioppi\/\"]}]},{\"@type\":\"ImageObject\",\"inLanguage\":\"fi\",\"@id\":\"https:\/\/talkpal.ai\/fi\/hindin-kielioppi\/#primaryimage\",\"url\":\"https:\/\/talkpal.ai\/wp-content\/uploads\/2024\/02\/india.png\",\"contentUrl\":\"https:\/\/talkpal.ai\/wp-content\/uploads\/2024\/02\/india.png\",\"width\":517,\"height\":517,\"caption\":\"TalkPal Indian Flag\"},{\"@type\":\"BreadcrumbList\",\"@id\":\"https:\/\/talkpal.ai\/fi\/hindin-kielioppi\/#breadcrumb\",\"itemListElement\":[{\"@type\":\"ListItem\",\"position\":1,\"name\":\"Homepage\",\"item\":\"https:\/\/talkpal.ai\/fi\/\"},{\"@type\":\"ListItem\",\"position\":2,\"name\":\"Hindin kielioppi\"}]},{\"@type\":\"WebSite\",\"@id\":\"https:\/\/talkpal.ai\/fi\/#website\",\"url\":\"https:\/\/talkpal.ai\/fi\/\",\"name\":\"Talkpal\",\"description\":\"AI Language Learning\",\"publisher\":{\"@id\":\"https:\/\/talkpal.ai\/fi\/#organization\"},\"alternateName\":\"Talkpal AI\",\"potentialAction\":[{\"@type\":\"SearchAction\",\"target\":{\"@type\":\"EntryPoint\",\"urlTemplate\":\"https:\/\/talkpal.ai\/fi\/?s={search_term_string}\"},\"query-input\":{\"@type\":\"PropertyValueSpecification\",\"valueRequired\":true,\"valueName\":\"search_term_string\"}}],\"inLanguage\":\"fi\"},{\"@type\":\"Organization\",\"@id\":\"https:\/\/talkpal.ai\/fi\/#organization\",\"name\":\"Talkpal, Inc.\",\"alternateName\":\"Talkpal AI\",\"url\":\"https:\/\/talkpal.ai\/fi\/\",\"logo\":{\"@type\":\"ImageObject\",\"inLanguage\":\"fi\",\"@id\":\"https:\/\/talkpal.ai\/fi\/#\/schema\/logo\/image\/\",\"url\":\"https:\/\/talkpal.ai\/wp-content\/uploads\/2024\/03\/Talkpal-Logo-Icon.png\",\"contentUrl\":\"https:\/\/talkpal.ai\/wp-content\/uploads\/2024\/03\/Talkpal-Logo-Icon.png\",\"width\":2880,\"height\":2880,\"caption\":\"Talkpal, Inc.\"},\"image\":{\"@id\":\"https:\/\/talkpal.ai\/fi\/#\/schema\/logo\/image\/\"},\"sameAs\":[\"https:\/\/www.facebook.com\/profile.php?id=100090733639311\",\"https:\/\/x.com\/talkpalai\",\"https:\/\/www.linkedin.com\/company\/talkpal\/\",\"https:\/\/www.youtube.com\/@TalkPal\/\",\"https:\/\/www.tiktok.com\/@talkpal\",\"https:\/\/www.instagram.com\/talkpal_ai\/\",\"https:\/\/www.crunchbase.com\/organization\/talkpal-9cde\",\"https:\/\/www.g2.com\/products\/talkpal-for-business\/\",\"https:\/\/www.trustpilot.com\/review\/talkpal.ai\",\"https:\/\/www.capterra.com\/p\/10006800\/TalkPal\/\"],\"description\":\"Talkpal is a language learning web and mobile education app, powered by the latest AI technologies, that provides engaging experiences to its customers in many different languages to help them improve their language skills. Users can chat about unlimited amount of topics with the app and use other modes to practice their language learning.\",\"email\":\"support@talkpal.ai\",\"legalName\":\"Talkpal, Inc.\",\"foundingDate\":\"2023-04-03\",\"duns\":\"118989042\",\"numberOfEmployees\":{\"@type\":\"QuantitativeValue\",\"minValue\":\"11\",\"maxValue\":\"50\"},\"publishingPrinciples\":\"https:\/\/talkpal.ai\/publishing-principles\/\",\"actionableFeedbackPolicy\":\"https:\/\/talkpal.ai\/actionable-feedback-policy\/\",\"correctionsPolicy\":\"https:\/\/talkpal.ai\/corrections-policy\/\",\"ethicsPolicy\":\"https:\/\/talkpal.ai\/ethics-policy\/\",\"diversityPolicy\":\"https:\/\/talkpal.ai\/diversity-policy\/\",\"diversityStaffingReport\":\"https:\/\/talkpal.ai\/diversity-policy\/\"}]}<\/script>\n<!-- \/ Yoast SEO Premium plugin. -->","yoast_head_json":{"title":"Hindin kielioppi - Talkpal","description":"Opettele hindin kielioppi itsevarmasti - opettele selke\u00e4t s\u00e4\u00e4nn\u00f6t, muodosta oikeita lauseita ja puhu paremmin helppojen ohjeiden avulla. Talkpal AI.","robots":{"index":"index","follow":"follow","max-snippet":"max-snippet:-1","max-image-preview":"max-image-preview:large","max-video-preview":"max-video-preview:-1"},"canonical":"https:\/\/talkpal.ai\/fi\/hindin-kielioppi\/","og_locale":"fi_FI","og_type":"article","og_title":"Hindin kielioppi","og_description":"Hindi-kieliopin hallitseminen: lopullinen opas Namaste, kielten harrastajat! Oletko valmis tutkimaan hindin kieliopin maailmaa? Olet tullut oikeaan","og_url":"https:\/\/talkpal.ai\/fi\/hindin-kielioppi\/","og_site_name":"Talkpal","article_publisher":"https:\/\/www.facebook.com\/profile.php?id=100090733639311","article_modified_time":"2025-12-13T15:12:59+00:00","og_image":[{"width":517,"height":517,"url":"https:\/\/talkpal.ai\/wp-content\/uploads\/2024\/02\/india.png","type":"image\/png"}],"twitter_card":"summary_large_image","twitter_site":"@talkpalai","twitter_misc":{"Arvioitu lukuaika":"2 minuuttia"},"schema":{"@context":"https:\/\/schema.org","@graph":[{"@type":"WebPage","@id":"https:\/\/talkpal.ai\/fi\/hindin-kielioppi\/","url":"https:\/\/talkpal.ai\/fi\/hindin-kielioppi\/","name":"Hindin kielioppi - Talkpal","isPartOf":{"@id":"https:\/\/talkpal.ai\/fi\/#website"},"primaryImageOfPage":{"@id":"https:\/\/talkpal.ai\/fi\/hindin-kielioppi\/#primaryimage"},"image":{"@id":"https:\/\/talkpal.ai\/fi\/hindin-kielioppi\/#primaryimage"},"thumbnailUrl":"https:\/\/talkpal.ai\/wp-content\/uploads\/2024\/02\/india.png","datePublished":"2023-05-14T13:50:44+00:00","dateModified":"2025-12-13T15:12:59+00:00","description":"Opettele hindin kielioppi itsevarmasti - opettele selke\u00e4t s\u00e4\u00e4nn\u00f6t, muodosta oikeita lauseita ja puhu paremmin helppojen ohjeiden avulla. Talkpal AI.","breadcrumb":{"@id":"https:\/\/talkpal.ai\/fi\/hindin-kielioppi\/#breadcrumb"},"inLanguage":"fi","potentialAction":[{"@type":"ReadAction","target":["https:\/\/talkpal.ai\/fi\/hindin-kielioppi\/"]}]},{"@type":"ImageObject","inLanguage":"fi","@id":"https:\/\/talkpal.ai\/fi\/hindin-kielioppi\/#primaryimage","url":"https:\/\/talkpal.ai\/wp-content\/uploads\/2024\/02\/india.png","contentUrl":"https:\/\/talkpal.ai\/wp-content\/uploads\/2024\/02\/india.png","width":517,"height":517,"caption":"TalkPal Indian Flag"},{"@type":"BreadcrumbList","@id":"https:\/\/talkpal.ai\/fi\/hindin-kielioppi\/#breadcrumb","itemListElement":[{"@type":"ListItem","position":1,"name":"Homepage","item":"https:\/\/talkpal.ai\/fi\/"},{"@type":"ListItem","position":2,"name":"Hindin kielioppi"}]},{"@type":"WebSite","@id":"https:\/\/talkpal.ai\/fi\/#website","url":"https:\/\/talkpal.ai\/fi\/","name":"Talkpal","description":"AI Language Learning","publisher":{"@id":"https:\/\/talkpal.ai\/fi\/#organization"},"alternateName":"Talkpal AI","potentialAction":[{"@type":"SearchAction","target":{"@type":"EntryPoint","urlTemplate":"https:\/\/talkpal.ai\/fi\/?s={search_term_string}"},"query-input":{"@type":"PropertyValueSpecification","valueRequired":true,"valueName":"search_term_string"}}],"inLanguage":"fi"},{"@type":"Organization","@id":"https:\/\/talkpal.ai\/fi\/#organization","name":"Talkpal, Inc.","alternateName":"Talkpal AI","url":"https:\/\/talkpal.ai\/fi\/","logo":{"@type":"ImageObject","inLanguage":"fi","@id":"https:\/\/talkpal.ai\/fi\/#\/schema\/logo\/image\/","url":"https:\/\/talkpal.ai\/wp-content\/uploads\/2024\/03\/Talkpal-Logo-Icon.png","contentUrl":"https:\/\/talkpal.ai\/wp-content\/uploads\/2024\/03\/Talkpal-Logo-Icon.png","width":2880,"height":2880,"caption":"Talkpal, Inc."},"image":{"@id":"https:\/\/talkpal.ai\/fi\/#\/schema\/logo\/image\/"},"sameAs":["https:\/\/www.facebook.com\/profile.php?id=100090733639311","https:\/\/x.com\/talkpalai","https:\/\/www.linkedin.com\/company\/talkpal\/","https:\/\/www.youtube.com\/@TalkPal\/","https:\/\/www.tiktok.com\/@talkpal","https:\/\/www.instagram.com\/talkpal_ai\/","https:\/\/www.crunchbase.com\/organization\/talkpal-9cde","https:\/\/www.g2.com\/products\/talkpal-for-business\/","https:\/\/www.trustpilot.com\/review\/talkpal.ai","https:\/\/www.capterra.com\/p\/10006800\/TalkPal\/"],"description":"Talkpal is a language learning web and mobile education app, powered by the latest AI technologies, that provides engaging experiences to its customers in many different languages to help them improve their language skills. Users can chat about unlimited amount of topics with the app and use other modes to practice their language learning.","email":"support@talkpal.ai","legalName":"Talkpal, Inc.","foundingDate":"2023-04-03","duns":"118989042","numberOfEmployees":{"@type":"QuantitativeValue","minValue":"11","maxValue":"50"},"publishingPrinciples":"https:\/\/talkpal.ai\/publishing-principles\/","actionableFeedbackPolicy":"https:\/\/talkpal.ai\/actionable-feedback-policy\/","correctionsPolicy":"https:\/\/talkpal.ai\/corrections-policy\/","ethicsPolicy":"https:\/\/talkpal.ai\/ethics-policy\/","diversityPolicy":"https:\/\/talkpal.ai\/diversity-policy\/","diversityStaffingReport":"https:\/\/talkpal.ai\/diversity-policy\/"}]}},"_links":{"self":[{"href":"https:\/\/talkpal.ai\/fi\/wp-json\/wp\/v2\/pages\/129428","targetHints":{"allow":["GET"]}}],"collection":[{"href":"https:\/\/talkpal.ai\/fi\/wp-json\/wp\/v2\/pages"}],"about":[{"href":"https:\/\/talkpal.ai\/fi\/wp-json\/wp\/v2\/types\/page"}],"author":[{"embeddable":true,"href":"https:\/\/talkpal.ai\/fi\/wp-json\/wp\/v2\/users\/1"}],"replies":[{"embeddable":true,"href":"https:\/\/talkpal.ai\/fi\/wp-json\/wp\/v2\/comments?post=129428"}],"version-history":[{"count":0,"href":"https:\/\/talkpal.ai\/fi\/wp-json\/wp\/v2\/pages\/129428\/revisions"}],"wp:featuredmedia":[{"embeddable":true,"href":"https:\/\/talkpal.ai\/fi\/wp-json\/wp\/v2\/media\/188204"}],"wp:attachment":[{"href":"https:\/\/talkpal.ai\/fi\/wp-json\/wp\/v2\/media?parent=129428"}],"curies":[{"name":"wp","href":"https:\/\/api.w.org\/{rel}","templated":true}]}}