{"id":128706,"date":"2023-05-14T13:49:38","date_gmt":"2023-05-14T13:49:38","guid":{"rendered":"http:\/\/talkpal.ai\/hollannin-kielioppi\/"},"modified":"2025-12-11T17:00:15","modified_gmt":"2025-12-11T17:00:15","slug":"hollannin-kielioppi","status":"publish","type":"page","link":"https:\/\/talkpal.ai\/fi\/hollannin-kielioppi\/","title":{"rendered":"Hollannin kielioppi"},"content":{"rendered":"\r\n\r\n\r\n<section class=\"languageChallengeSection\">\r\n    <div class=\"languageInfoWrapper\">\r\n        \r\n        <h1>Hollannin kielioppi<\/h1>\r\n        <p>Tutustu hollannin kielen perusteisiin oppimalla sen keskeiset kielioppis\u00e4\u00e4nn\u00f6t. Hollannin kieliopin hallitseminen auttaa sinua kommunikoimaan tehokkaasti ja tutustumaan syv\u00e4llisemmin hollantilaiseen kulttuuriin. Aloita hollannin kieliopin opiskelu jo t\u00e4n\u00e4\u00e4n ja ota ensimm\u00e4inen askel kohti sujuvuutta!\n<\/p>\r\n\r\n                            <a class=\"getStartedHidden\" href=\"https:\/\/app.talkpal.ai\/fi\/signup?lng=\">Aloita<\/a>\r\n        \r\n    <\/div>\r\n\r\n    <figure>\r\n    <img decoding=\"async\" width=\"768\" height=\"768\" src=\"https:\/\/talkpal.ai\/wp-content\/uploads\/2023\/06\/Dutch-768x768.png\" class=\"languageImage no-lazy\" alt=\"Default alt text\" fetchpriority=\"high\" sizes=\"(max-width: 768px) 150px, 768px\" srcset=\"https:\/\/talkpal.ai\/wp-content\/uploads\/2023\/06\/Dutch-768x768.png 768w, https:\/\/talkpal.ai\/wp-content\/uploads\/2023\/06\/Dutch-300x300.png 300w\" \/>\r\n    \r\n\r\n    <\/figure>\r\n\r\n            <a class=\"getStartedVisible\" href=\"https:\/\/app.talkpal.ai\/fi\/signup?lng=\">Aloita<\/a>\r\n    \r\n<\/section>\r\n        <section class=\"grammarSection\">\r\n            <div class=\"grammarLinks\">\r\n                <a href=\"https:\/\/talkpal.ai\/fi\/language\/adjektiivit-hollannin-kielioppi\/\">Adjektiivit <\/a><a href=\"https:\/\/talkpal.ai\/fi\/language\/adverbit-hollannin-kielioppi\/\">Adverbit <\/a><a href=\"https:\/\/talkpal.ai\/fi\/language\/aikamuodot-konjunktiivi-hollannin-kielioppi\/\">Aikamuodot Konjunktiivi <\/a><a href=\"https:\/\/talkpal.ai\/fi\/language\/aikamuotojen-vertailu-hollannin-kielioppi\/\">Aikamuotojen vertailu <\/a><a href=\"https:\/\/talkpal.ai\/fi\/language\/artikkelit-hollannin-kielioppi\/\">Artikkelit <\/a><a href=\"https:\/\/talkpal.ai\/fi\/language\/indikatiiviset-aikamuodot-hollannin-kielioppi\/\">Indikatiiviset aikamuodot <\/a><a href=\"https:\/\/talkpal.ai\/fi\/language\/lauserakenne-hollannin-kielioppi\/\">Lauserakenne <\/a><a href=\"https:\/\/talkpal.ai\/fi\/language\/prepositiot-hollannin-kielioppi\/\">Prepositiot <\/a><a href=\"https:\/\/talkpal.ai\/fi\/language\/pronominit-hollannin-kielioppi\/\">Pronominit <\/a><a href=\"https:\/\/talkpal.ai\/fi\/language\/substantiivit-hollannin-kielioppi\/\">Substantiivit <\/a><a href=\"https:\/\/talkpal.ai\/fi\/language\/verbit-hollannin-kielioppi\/\">Verbit <\/a>            <\/div>\r\n        <\/section>\r\n    <section class=\"promotionalBanner\">\r\n    <p class=\"promotionalText\">Tehokkain tapa oppia kielt\u00e4<\/p>\r\n    <a class=\"promotionalLink\" href=\"https:\/\/app.talkpal.ai\/fi\/signup?lng=\">Kokeile Talkpal ilmaiseksi<\/a>\r\n<\/section>\n<div class=\"wp-block-group pageContainerStyle\"><div class=\"wp-block-group__inner-container is-layout-constrained wp-block-group-is-layout-constrained\">\n<h2 class=\"wp-block-heading\" id=\"h-dutch-grammar-master-the-mechanics-of-the-dutch-language\">Hollannin kielioppi: hallitse hollannin kielen mekaniikka<\/h2>\n\n\n\n<p>Jos olet ottanut askeleen hollannin kielen oppimiseen, sinua odottaa j\u00e4nnitt\u00e4v\u00e4 matka! Yli 23 miljoonalla puhujalla ymp\u00e4ri maailmaa hollanti on fantastinen kieli, joka vahvistaa kielellist\u00e4 kyky\u00e4si ja laajentaa n\u00e4k\u00f6alojasi. Olet ehk\u00e4 kuullut kuiskauksia hollannin kieliopin monimutkaisuudesta, mutta \u00e4l\u00e4 pelk\u00e4\u00e4! T\u00e4m\u00e4 artikkeli toimii yst\u00e4v\u00e4llisen\u00e4 aloittelijan oppaana, joka selitt\u00e4\u00e4 hollannin kielioppia viihdytt\u00e4v\u00e4sti mutta kattavasti.<\/p>\n\n\n\n<h3 class=\"wp-block-heading\" id=\"h-1-the-pillar-of-dutch-grammar-word-order\">1. Alankomaiden kieliopin pilari: sanaj\u00e4rjestys<\/h3>\n\n\n\n<p><a href=\"https:\/\/talkpal.ai\/fi\/grammar\/sijainti-hollannin-kielioppissa\/\">Hollannin kielioppi<\/a> nojaa vahvasti sanaj\u00e4rjestykseen. Yleens\u00e4 se noudattaa englannin kielen kaltaista &#8221;subjekti-verbi-objekti&#8221;-rakennetta. Hollannilla on kuitenkin ainutlaatuinen piirre: verbi toinen (V2) sanaj\u00e4rjestys. Lauseessa, jossa on useampi kuin yksi verbi, toinen verbi ty\u00f6nnet\u00e4\u00e4n loppuun. Esimerkiksi:<\/p>\n\n\n\n<p><a href=\"https:\/\/talkpal.ai\/learn-english-with-ai\/\">Englanti<\/a>: Minun t\u00e4ytyy ty\u00f6skennell\u00e4 t\u00e4n\u00e4\u00e4n.<\/p>\n\n\n\n<p>Hollanti: Ik moet vandaag werken. (kirjaimellisesti: &#8221;Minun on t\u00e4n\u00e4\u00e4n ty\u00f6skennelt\u00e4v\u00e4.&#8221;)<\/p>\n\n\n\n<p>V2-sanaj\u00e4rjestyksen hallitseminen on v\u00e4ltt\u00e4m\u00e4t\u00f6nt\u00e4 hollannin kieliopin oppimisessa.<\/p>\n\n\n\n<h3 class=\"wp-block-heading\" id=\"h-2-get-to-know-your-articles\">2. Tutustu artikkeleihisi<\/h3>\n\n\n\n<p>Hollannissa on kaksi m\u00e4\u00e4r\u00e4ist\u00e4 artikkelia (&#8221;de&#8221; ja &#8221;het&#8221;) ja m\u00e4\u00e4rittelem\u00e4t\u00f6n artikkeli (&#8221;een&#8221;). Valinta kahden m\u00e4\u00e4r\u00e4tyn artikkelin v\u00e4lill\u00e4 voi olla hankalaa, eik\u00e4 tarkkaa s\u00e4\u00e4nt\u00f6\u00e4 ole noudatettava. Aloittelijana <a href=\"https:\/\/talkpal.ai\/best-way-to-learn-2\/\">paras tapa oppia<\/a> ne on k\u00e4yt\u00e4nn\u00f6n ja kontekstin kautta. Esimerkiksi:<\/p>\n\n\n\n<p>De man &#8211; Mies<\/p>\n\n\n\n<p>Het meisje &#8211; Tytt\u00f6<\/p>\n\n\n\n<p>Een hond &#8211; Koira<\/p>\n\n\n\n<h3 class=\"wp-block-heading\" id=\"h-3-the-dance-of-dutch-conjugations\">3. Hollantilaisten taivutusten tanssi<\/h3>\n\n\n\n<p>Kuten <a href=\"https:\/\/talkpal.ai\/learn-english-with-ai\/\">englanti<\/a>, hollannin verbit muuttavat muotoaan v\u00e4litt\u00e4\u00e4kseen j\u00e4nnityst\u00e4 ja tunnelmaa. Hollannissa on kolme p\u00e4\u00e4ryhm\u00e4\u00e4 verbien taivutuksia: heikot verbit, <a href=\"https:\/\/talkpal.ai\/fi\/grammar\/vahvat-verbit-islannin-kielioppi\/\">vahvat verbit<\/a> ja <a href=\"https:\/\/talkpal.ai\/fi\/grammar\/epasaannolliset-verbit-azerbaidzanin-kielioppissa\/\">ep\u00e4s\u00e4\u00e4nn\u00f6lliset verbit<\/a>.<\/p>\n\n\n\n<p>Heikot verbit noudattavat m\u00e4\u00e4r\u00e4ttyj\u00e4 taivutuss\u00e4\u00e4nt\u00f6j\u00e4, joten ne on melko helppo oppia.  <\/p>\n\n\n\n<p>Esimerkki (preesens): Ik werk, jij werkt, hij\/zij\/u werkt, wij\/jullie\/zij werken<\/p>\n\n\n\n<p>Vahvoihin verbeihin liittyy vokaalimuutoksia, mik\u00e4 johtaa usein siihen, ett\u00e4 oppijat muistavat ne erikseen.<\/p>\n\n\n\n<p>Esimerkki (preesens): Ik zing, jij zingt, hij\/zij\/u zingt, wij\/jullie\/zij zingen<\/p>\n\n\n\n<p><a href=\"https:\/\/talkpal.ai\/fi\/grammar\/epasaannolliset-verbit-azerbaidzanin-kielioppissa\/\">Ep\u00e4s\u00e4\u00e4nn\u00f6lliset verbit<\/a> eiv\u00e4t nimens\u00e4 mukaisesti noudata mit\u00e4\u00e4n tietty\u00e4 taivutusmallia, ja ne on opittava itsen\u00e4isesti.<\/p>\n\n\n\n<p>Esimerkki (preesensi): Ik ben, jij bent, hij\/zij\/u is, wij\/jullie\/zij zijn<\/p>\n\n\n\n<h3 class=\"wp-block-heading\" id=\"h-4-a-flair-for-pronouns\">4. Pronominien hohto<\/h3>\n\n\n\n<p>Hollannin kieliopin pronominit korvaavat substantiivit ja ovat v\u00e4ltt\u00e4m\u00e4tt\u00f6mi\u00e4, jotta puheestasi tulee dynaamisempaa ja sujuvampaa. On persoonapronomineja, possessiivipronomineja, demonstratiivisia pronomineja ja refleksiivipronomineja. Aloittelijana henkil\u00f6kohtaisten ja omistuspronominien ymm\u00e4rt\u00e4minen on ratkaisevan t\u00e4rke\u00e4\u00e4.<\/p>\n\n\n\n<p>Persoonapronominit: ik (I), jij\/je (sin\u00e4), hij\/zij\/ze (he\/she), wij\/we (me), jullie (te kaikki), zij\/ze (he)<\/p>\n\n\n\n<p>Possessiivipronominit: mijn (minun), jouw\/je (sinun), zijn\/haar (h\u00e4nen), ons\/onze (meid\u00e4n), jullie (sinun), hun\/hen (heid\u00e4n)<\/p>\n\n\n\n<h3 class=\"wp-block-heading\" id=\"h-5-cases-no-more-mostly\">5. Tapauksia ei en\u00e4\u00e4 (enimm\u00e4kseen)<\/h3>\n\n\n\n<p>Toisin kuin saksa, hollanti ei en\u00e4\u00e4 k\u00e4yt\u00e4 tapausj\u00e4rjestelm\u00e4\u00e4 jokap\u00e4iv\u00e4isess\u00e4 el\u00e4m\u00e4ss\u00e4, mik\u00e4 helpottaa kielellisi\u00e4 esteit\u00e4. Ainoa poikkeus on hollanninkieliset variantit \u201dkuka\u201d ja \u201dkenelle\u201d (wie ja wie) sek\u00e4 muutamat kiinte\u00e4t ilmaukset (kuten te <a href=\"https:\/\/talkpal.ai\/locations\/learn-english-in-allen\/\">allen<\/a> tijde, joka tarkoittaa \u201dkaikkina aikoina\u201d).  <\/p>\n\n\n\n<p>Onnittelen! Olet ottanut ensimm\u00e4iset askeleet hollannin kieliopin hallitsemiseksi. Muista, ett\u00e4 harjoittelu on avainasemassa, joten \u00e4l\u00e4 ep\u00e4r\u00f6i syventy\u00e4 syvemm\u00e4lle, kommunikoida \u00e4idinkielisten puhujien kanssa ja rakentaa vahvaa pohjaa. Veel onnistuu! (Onnea!)<\/p>\n<\/div><\/div>\n\r\n<section class=\"learnNavigationSection\">\r\n            \r\n        <a href=\"https:\/\/talkpal.ai\/fi\/opi-hollantia\/\">\r\n            <div class=\"learnNavigationWrapper\">\r\n                <div class=\"learnNavigationContent\">\r\n                    <img decoding=\"async\" src=\"https:\/\/talkpal.ai\/wp-content\/uploads\/2024\/08\/Dutch.jpg\" alt=\"Netherlands Flag\">\r\n                    <div>\r\n                        <h4>Tietoja Dutch Learningista<\/h4>\r\n                        <p>Tutustu hollannin kielioppiin.<\/p>\r\n                    <\/div>\r\n                <\/div>\r\n            <\/div>\r\n        <\/a>\r\n\r\n        \r\n        <a href=\"https:\/\/talkpal.ai\/fi\/alankomaiden-kielioppiharjoitukset\/\">\r\n            <div class=\"learnNavigationWrapper\">\r\n                <div class=\"learnNavigationContent\">\r\n                    <img decoding=\"async\" src=\"https:\/\/talkpal.ai\/wp-content\/uploads\/2024\/08\/Dutch.jpg\" alt=\"Netherlands Flag\">\r\n                    <div>\r\n                        <h4>Hollannin kielioppiharjoitus<\/h4>\r\n                        <p>Harjoittele hollannin kielioppia.<\/p>\r\n                    <\/div>\r\n                <\/div>\r\n            <\/div>\r\n        <\/a>\r\n\r\n        \r\n        <a href=\"https:\/\/talkpal.ai\/vocabulary_language\/dutch\/\">\r\n            <div class=\"learnNavigationWrapper\">\r\n                <div class=\"learnNavigationContent\">\r\n                    <img decoding=\"async\" src=\"https:\/\/talkpal.ai\/wp-content\/uploads\/2024\/08\/Dutch.jpg\" alt=\"Netherlands Flag\">\r\n                    <div>\r\n                        <h4>Hollannin sanasto<\/h4>\r\n                        <p>Laajenna hollannin kielen sanavarastoasi.<\/p>\r\n                    <\/div>\r\n                <\/div>\r\n            <\/div>\r\n        <\/a>\r\n\r\n            <\/section>","protected":false},"excerpt":{"rendered":"<p>Hollannin kielioppi: hallitse hollannin kielen mekaniikka Jos olet ottanut askeleen hollannin kielen oppimiseen, sinua odottaa j\u00e4nnitt\u00e4v\u00e4 matka! Yli 23 miljoonalla puhujalla ymp\u00e4ri maailmaa hollanti on fantastinen kieli, joka vahvistaa kielellist\u00e4 kyky\u00e4si ja laajentaa n\u00e4k\u00f6alojasi. Olet ehk\u00e4 kuullut kuiskauksia hollannin kieliopin monimutkaisuudesta, mutta \u00e4l\u00e4 pelk\u00e4\u00e4! T\u00e4m\u00e4 artikkeli toimii yst\u00e4v\u00e4llisen\u00e4 aloittelijan oppaana, joka selitt\u00e4\u00e4 hollannin kielioppia viihdytt\u00e4v\u00e4sti [&hellip;]<\/p>\n","protected":false},"author":1,"featured_media":11585,"parent":0,"menu_order":0,"comment_status":"closed","ping_status":"closed","template":"LearningContentPage.php","meta":{"_acf_changed":false,"footnotes":""},"class_list":["post-128706","page","type-page","status-publish","has-post-thumbnail","hentry"],"acf":[],"yoast_head":"<!-- This site is optimized with the Yoast SEO Premium plugin v27.2 (Yoast SEO v27.2) - https:\/\/yoast.com\/product\/yoast-seo-premium-wordpress\/ -->\n<title>Hollannin kielioppi - Talkpal<\/title>\n<meta name=\"description\" content=\"Master hollannin kielioppi kanssa Talkpal, teko\u00e4lyavusteinen kieltenopettajasi. Selkeit\u00e4 selityksi\u00e4, k\u00e4yt\u00e4nn\u00f6n esimerkkej\u00e4 ja interaktiivisia harjoituksia!\" \/>\n<meta name=\"robots\" content=\"index, follow, max-snippet:-1, max-image-preview:large, max-video-preview:-1\" \/>\n<link rel=\"canonical\" href=\"https:\/\/talkpal.ai\/fi\/hollannin-kielioppi\/\" \/>\n<meta property=\"og:locale\" content=\"fi_FI\" \/>\n<meta property=\"og:type\" content=\"article\" \/>\n<meta property=\"og:title\" content=\"Hollannin kielioppi\" \/>\n<meta property=\"og:description\" content=\"Hollannin kielioppi: hallitse hollannin kielen mekaniikka Jos olet ottanut askeleen hollannin kielen oppimiseen, sinua odottaa j\u00e4nnitt\u00e4v\u00e4 matka! Yli 23\" \/>\n<meta property=\"og:url\" content=\"https:\/\/talkpal.ai\/fi\/hollannin-kielioppi\/\" \/>\n<meta property=\"og:site_name\" content=\"Talkpal\" \/>\n<meta property=\"article:publisher\" content=\"https:\/\/www.facebook.com\/profile.php?id=100090733639311\" \/>\n<meta property=\"article:modified_time\" content=\"2025-12-11T17:00:15+00:00\" \/>\n<meta property=\"og:image\" content=\"https:\/\/talkpal.ai\/wp-content\/uploads\/2023\/04\/netherlands-dutch.png\" \/>\n\t<meta property=\"og:image:width\" content=\"512\" \/>\n\t<meta property=\"og:image:height\" content=\"512\" \/>\n\t<meta property=\"og:image:type\" content=\"image\/png\" \/>\n<meta name=\"twitter:card\" content=\"summary_large_image\" \/>\n<meta name=\"twitter:site\" content=\"@talkpalai\" \/>\n<meta name=\"twitter:label1\" content=\"Arvioitu lukuaika\" \/>\n\t<meta name=\"twitter:data1\" content=\"2 minuuttia\" \/>\n<script type=\"application\/ld+json\" class=\"yoast-schema-graph\">{\"@context\":\"https:\/\/schema.org\",\"@graph\":[{\"@type\":\"WebPage\",\"@id\":\"https:\/\/talkpal.ai\/fi\/hollannin-kielioppi\/\",\"url\":\"https:\/\/talkpal.ai\/fi\/hollannin-kielioppi\/\",\"name\":\"Hollannin kielioppi - Talkpal\",\"isPartOf\":{\"@id\":\"https:\/\/talkpal.ai\/fi\/#website\"},\"primaryImageOfPage\":{\"@id\":\"https:\/\/talkpal.ai\/fi\/hollannin-kielioppi\/#primaryimage\"},\"image\":{\"@id\":\"https:\/\/talkpal.ai\/fi\/hollannin-kielioppi\/#primaryimage\"},\"thumbnailUrl\":\"https:\/\/talkpal.ai\/wp-content\/uploads\/2023\/04\/netherlands-dutch.png\",\"datePublished\":\"2023-05-14T13:49:38+00:00\",\"dateModified\":\"2025-12-11T17:00:15+00:00\",\"description\":\"Master hollannin kielioppi kanssa Talkpal, teko\u00e4lyavusteinen kieltenopettajasi. Selkeit\u00e4 selityksi\u00e4, k\u00e4yt\u00e4nn\u00f6n esimerkkej\u00e4 ja interaktiivisia harjoituksia!\",\"breadcrumb\":{\"@id\":\"https:\/\/talkpal.ai\/fi\/hollannin-kielioppi\/#breadcrumb\"},\"inLanguage\":\"fi\",\"potentialAction\":[{\"@type\":\"ReadAction\",\"target\":[\"https:\/\/talkpal.ai\/fi\/hollannin-kielioppi\/\"]}]},{\"@type\":\"ImageObject\",\"inLanguage\":\"fi\",\"@id\":\"https:\/\/talkpal.ai\/fi\/hollannin-kielioppi\/#primaryimage\",\"url\":\"https:\/\/talkpal.ai\/wp-content\/uploads\/2023\/04\/netherlands-dutch.png\",\"contentUrl\":\"https:\/\/talkpal.ai\/wp-content\/uploads\/2023\/04\/netherlands-dutch.png\",\"width\":512,\"height\":512},{\"@type\":\"BreadcrumbList\",\"@id\":\"https:\/\/talkpal.ai\/fi\/hollannin-kielioppi\/#breadcrumb\",\"itemListElement\":[{\"@type\":\"ListItem\",\"position\":1,\"name\":\"Homepage\",\"item\":\"https:\/\/talkpal.ai\/fi\/\"},{\"@type\":\"ListItem\",\"position\":2,\"name\":\"Hollannin kielioppi\"}]},{\"@type\":\"WebSite\",\"@id\":\"https:\/\/talkpal.ai\/fi\/#website\",\"url\":\"https:\/\/talkpal.ai\/fi\/\",\"name\":\"Talkpal\",\"description\":\"AI Language Learning\",\"publisher\":{\"@id\":\"https:\/\/talkpal.ai\/fi\/#organization\"},\"alternateName\":\"Talkpal AI\",\"potentialAction\":[{\"@type\":\"SearchAction\",\"target\":{\"@type\":\"EntryPoint\",\"urlTemplate\":\"https:\/\/talkpal.ai\/fi\/?s={search_term_string}\"},\"query-input\":{\"@type\":\"PropertyValueSpecification\",\"valueRequired\":true,\"valueName\":\"search_term_string\"}}],\"inLanguage\":\"fi\"},{\"@type\":\"Organization\",\"@id\":\"https:\/\/talkpal.ai\/fi\/#organization\",\"name\":\"Talkpal, Inc.\",\"alternateName\":\"Talkpal AI\",\"url\":\"https:\/\/talkpal.ai\/fi\/\",\"logo\":{\"@type\":\"ImageObject\",\"inLanguage\":\"fi\",\"@id\":\"https:\/\/talkpal.ai\/fi\/#\/schema\/logo\/image\/\",\"url\":\"https:\/\/talkpal.ai\/wp-content\/uploads\/2024\/03\/Talkpal-Logo-Icon.png\",\"contentUrl\":\"https:\/\/talkpal.ai\/wp-content\/uploads\/2024\/03\/Talkpal-Logo-Icon.png\",\"width\":2880,\"height\":2880,\"caption\":\"Talkpal, Inc.\"},\"image\":{\"@id\":\"https:\/\/talkpal.ai\/fi\/#\/schema\/logo\/image\/\"},\"sameAs\":[\"https:\/\/www.facebook.com\/profile.php?id=100090733639311\",\"https:\/\/x.com\/talkpalai\",\"https:\/\/www.linkedin.com\/company\/talkpal\/\",\"https:\/\/www.youtube.com\/@TalkPal\/\",\"https:\/\/www.tiktok.com\/@talkpal\",\"https:\/\/www.instagram.com\/talkpal_ai\/\",\"https:\/\/www.crunchbase.com\/organization\/talkpal-9cde\",\"https:\/\/www.g2.com\/products\/talkpal-for-business\/\",\"https:\/\/www.trustpilot.com\/review\/talkpal.ai\",\"https:\/\/www.capterra.com\/p\/10006800\/TalkPal\/\"],\"description\":\"Talkpal is a language learning web and mobile education app, powered by the latest AI technologies, that provides engaging experiences to its customers in many different languages to help them improve their language skills. Users can chat about unlimited amount of topics with the app and use other modes to practice their language learning.\",\"email\":\"support@talkpal.ai\",\"legalName\":\"Talkpal, Inc.\",\"foundingDate\":\"2023-04-03\",\"duns\":\"118989042\",\"numberOfEmployees\":{\"@type\":\"QuantitativeValue\",\"minValue\":\"11\",\"maxValue\":\"50\"},\"publishingPrinciples\":\"https:\/\/talkpal.ai\/publishing-principles\/\",\"actionableFeedbackPolicy\":\"https:\/\/talkpal.ai\/actionable-feedback-policy\/\",\"correctionsPolicy\":\"https:\/\/talkpal.ai\/corrections-policy\/\",\"ethicsPolicy\":\"https:\/\/talkpal.ai\/ethics-policy\/\",\"diversityPolicy\":\"https:\/\/talkpal.ai\/diversity-policy\/\",\"diversityStaffingReport\":\"https:\/\/talkpal.ai\/diversity-policy\/\"}]}<\/script>\n<!-- \/ Yoast SEO Premium plugin. -->","yoast_head_json":{"title":"Hollannin kielioppi - Talkpal","description":"Master hollannin kielioppi kanssa Talkpal, teko\u00e4lyavusteinen kieltenopettajasi. Selkeit\u00e4 selityksi\u00e4, k\u00e4yt\u00e4nn\u00f6n esimerkkej\u00e4 ja interaktiivisia harjoituksia!","robots":{"index":"index","follow":"follow","max-snippet":"max-snippet:-1","max-image-preview":"max-image-preview:large","max-video-preview":"max-video-preview:-1"},"canonical":"https:\/\/talkpal.ai\/fi\/hollannin-kielioppi\/","og_locale":"fi_FI","og_type":"article","og_title":"Hollannin kielioppi","og_description":"Hollannin kielioppi: hallitse hollannin kielen mekaniikka Jos olet ottanut askeleen hollannin kielen oppimiseen, sinua odottaa j\u00e4nnitt\u00e4v\u00e4 matka! Yli 23","og_url":"https:\/\/talkpal.ai\/fi\/hollannin-kielioppi\/","og_site_name":"Talkpal","article_publisher":"https:\/\/www.facebook.com\/profile.php?id=100090733639311","article_modified_time":"2025-12-11T17:00:15+00:00","og_image":[{"width":512,"height":512,"url":"https:\/\/talkpal.ai\/wp-content\/uploads\/2023\/04\/netherlands-dutch.png","type":"image\/png"}],"twitter_card":"summary_large_image","twitter_site":"@talkpalai","twitter_misc":{"Arvioitu lukuaika":"2 minuuttia"},"schema":{"@context":"https:\/\/schema.org","@graph":[{"@type":"WebPage","@id":"https:\/\/talkpal.ai\/fi\/hollannin-kielioppi\/","url":"https:\/\/talkpal.ai\/fi\/hollannin-kielioppi\/","name":"Hollannin kielioppi - Talkpal","isPartOf":{"@id":"https:\/\/talkpal.ai\/fi\/#website"},"primaryImageOfPage":{"@id":"https:\/\/talkpal.ai\/fi\/hollannin-kielioppi\/#primaryimage"},"image":{"@id":"https:\/\/talkpal.ai\/fi\/hollannin-kielioppi\/#primaryimage"},"thumbnailUrl":"https:\/\/talkpal.ai\/wp-content\/uploads\/2023\/04\/netherlands-dutch.png","datePublished":"2023-05-14T13:49:38+00:00","dateModified":"2025-12-11T17:00:15+00:00","description":"Master hollannin kielioppi kanssa Talkpal, teko\u00e4lyavusteinen kieltenopettajasi. Selkeit\u00e4 selityksi\u00e4, k\u00e4yt\u00e4nn\u00f6n esimerkkej\u00e4 ja interaktiivisia harjoituksia!","breadcrumb":{"@id":"https:\/\/talkpal.ai\/fi\/hollannin-kielioppi\/#breadcrumb"},"inLanguage":"fi","potentialAction":[{"@type":"ReadAction","target":["https:\/\/talkpal.ai\/fi\/hollannin-kielioppi\/"]}]},{"@type":"ImageObject","inLanguage":"fi","@id":"https:\/\/talkpal.ai\/fi\/hollannin-kielioppi\/#primaryimage","url":"https:\/\/talkpal.ai\/wp-content\/uploads\/2023\/04\/netherlands-dutch.png","contentUrl":"https:\/\/talkpal.ai\/wp-content\/uploads\/2023\/04\/netherlands-dutch.png","width":512,"height":512},{"@type":"BreadcrumbList","@id":"https:\/\/talkpal.ai\/fi\/hollannin-kielioppi\/#breadcrumb","itemListElement":[{"@type":"ListItem","position":1,"name":"Homepage","item":"https:\/\/talkpal.ai\/fi\/"},{"@type":"ListItem","position":2,"name":"Hollannin kielioppi"}]},{"@type":"WebSite","@id":"https:\/\/talkpal.ai\/fi\/#website","url":"https:\/\/talkpal.ai\/fi\/","name":"Talkpal","description":"AI Language Learning","publisher":{"@id":"https:\/\/talkpal.ai\/fi\/#organization"},"alternateName":"Talkpal AI","potentialAction":[{"@type":"SearchAction","target":{"@type":"EntryPoint","urlTemplate":"https:\/\/talkpal.ai\/fi\/?s={search_term_string}"},"query-input":{"@type":"PropertyValueSpecification","valueRequired":true,"valueName":"search_term_string"}}],"inLanguage":"fi"},{"@type":"Organization","@id":"https:\/\/talkpal.ai\/fi\/#organization","name":"Talkpal, Inc.","alternateName":"Talkpal AI","url":"https:\/\/talkpal.ai\/fi\/","logo":{"@type":"ImageObject","inLanguage":"fi","@id":"https:\/\/talkpal.ai\/fi\/#\/schema\/logo\/image\/","url":"https:\/\/talkpal.ai\/wp-content\/uploads\/2024\/03\/Talkpal-Logo-Icon.png","contentUrl":"https:\/\/talkpal.ai\/wp-content\/uploads\/2024\/03\/Talkpal-Logo-Icon.png","width":2880,"height":2880,"caption":"Talkpal, Inc."},"image":{"@id":"https:\/\/talkpal.ai\/fi\/#\/schema\/logo\/image\/"},"sameAs":["https:\/\/www.facebook.com\/profile.php?id=100090733639311","https:\/\/x.com\/talkpalai","https:\/\/www.linkedin.com\/company\/talkpal\/","https:\/\/www.youtube.com\/@TalkPal\/","https:\/\/www.tiktok.com\/@talkpal","https:\/\/www.instagram.com\/talkpal_ai\/","https:\/\/www.crunchbase.com\/organization\/talkpal-9cde","https:\/\/www.g2.com\/products\/talkpal-for-business\/","https:\/\/www.trustpilot.com\/review\/talkpal.ai","https:\/\/www.capterra.com\/p\/10006800\/TalkPal\/"],"description":"Talkpal is a language learning web and mobile education app, powered by the latest AI technologies, that provides engaging experiences to its customers in many different languages to help them improve their language skills. Users can chat about unlimited amount of topics with the app and use other modes to practice their language learning.","email":"support@talkpal.ai","legalName":"Talkpal, Inc.","foundingDate":"2023-04-03","duns":"118989042","numberOfEmployees":{"@type":"QuantitativeValue","minValue":"11","maxValue":"50"},"publishingPrinciples":"https:\/\/talkpal.ai\/publishing-principles\/","actionableFeedbackPolicy":"https:\/\/talkpal.ai\/actionable-feedback-policy\/","correctionsPolicy":"https:\/\/talkpal.ai\/corrections-policy\/","ethicsPolicy":"https:\/\/talkpal.ai\/ethics-policy\/","diversityPolicy":"https:\/\/talkpal.ai\/diversity-policy\/","diversityStaffingReport":"https:\/\/talkpal.ai\/diversity-policy\/"}]}},"_links":{"self":[{"href":"https:\/\/talkpal.ai\/fi\/wp-json\/wp\/v2\/pages\/128706","targetHints":{"allow":["GET"]}}],"collection":[{"href":"https:\/\/talkpal.ai\/fi\/wp-json\/wp\/v2\/pages"}],"about":[{"href":"https:\/\/talkpal.ai\/fi\/wp-json\/wp\/v2\/types\/page"}],"author":[{"embeddable":true,"href":"https:\/\/talkpal.ai\/fi\/wp-json\/wp\/v2\/users\/1"}],"replies":[{"embeddable":true,"href":"https:\/\/talkpal.ai\/fi\/wp-json\/wp\/v2\/comments?post=128706"}],"version-history":[{"count":0,"href":"https:\/\/talkpal.ai\/fi\/wp-json\/wp\/v2\/pages\/128706\/revisions"}],"wp:featuredmedia":[{"embeddable":true,"href":"https:\/\/talkpal.ai\/fi\/wp-json\/wp\/v2\/media\/11585"}],"wp:attachment":[{"href":"https:\/\/talkpal.ai\/fi\/wp-json\/wp\/v2\/media?parent=128706"}],"curies":[{"name":"wp","href":"https:\/\/api.w.org\/{rel}","templated":true}]}}